{"id":10924,"date":"2022-08-16T13:06:59","date_gmt":"2022-08-16T11:06:59","guid":{"rendered":"https:\/\/www.upm.es\/recursosidi\/offers-resources\/sin categor\u00eda\/legionair-detect-metodo-de-deteccion-de-legionella-pneumophila-en-aerosoles\/"},"modified":"2022-08-16T13:07:18","modified_gmt":"2022-08-16T11:07:18","slug":"legionair-detect-metodo-de-deteccion-de-legionella-pneumophila-en-aerosoles","status":"publish","type":"product","link":"https:\/\/www.upm.es\/recursosidi\/offers-resources\/soluciones-tecnologicas\/legionair-detect-metodo-de-deteccion-de-legionella-pneumophila-en-aerosoles\/","title":{"rendered":"LegionAir-Detect: M\u00e9todo de detecci\u00f3n de Legionella pneumophila en aerosoles"},"content":{"rendered":"<p>La enfermedad del legionario o legionelosis (neumon&iacute;a acompa&ntilde;ada de fiebre, tos, dolores musculares) est&aacute; causada por la inhalaci&oacute;n de la bacteria <em>Legionella<\/em> <em>pneumophila<\/em> presente en aerosoles generados por sistemas de agua artificiales (torres de refrigeraci&oacute;n, cabezales de ducha, ba&ntilde;eras de hidromasaje, etc.) y asociada con una mortalidad de ~10% de los casos.<\/p>\n<p>Nuestra tecnolog&iacute;a permite la detecci&oacute;n r&aacute;pida de la bacteria en una amplia variedad de muestras (aire, agua, cl&iacute;nica, etc.) mediante t&eacute;cnicas moleculares basadas en el ADN, reduciendo significativamente los tiempos necesarios para la obtenci&oacute;n de resultados comparados con los m&eacute;todos tradicionales (cultivo microbiol&oacute;gico) y as&iacute; aplicar las correspondientes medidas correctoras y de control con mayor brevedad.<\/p>\n<p>&nbsp;<\/p>\n<hr \/>\n<h4>Descripci&oacute;n de la base tecnol&oacute;gica<\/h4>\n<p>Frente al sistema actual de detecci&oacute;n de <em>Legionella pneumophila<\/em> (medios de cultivo microbiol&oacute;gico) que requiere de hasta 15 d&iacute;as para su confirmaci&oacute;n, nuestro m&eacute;todo proporciona resultados fiables en menos de 8 horas. Basado en la tecnolog&iacute;a de la reacci&oacute;n en cadena de la polimerasa (PCR), su fundamento reside en el dise&ntilde;o de unos cebadores altamente espec&iacute;ficos para el ADN de <em>Legionella pneumophila<\/em>. El m&eacute;todo consiste en dos PCR consecutivas: una primera reacci&oacute;n encaminada a aumentar la cantidad de ADN bacteriano presente en la muestra; y una segunda reacci&oacute;n que detecta espec&iacute;ficamente la presencia del ADN de la bacteria en la muestra.<\/p>\n<hr \/>\n<h4>Necesidades de negocio \/ aplicaci&oacute;n<\/h4>\n<blockquote>\n<p style=\"text-align: center\"><strong>&#8220;Espa&ntilde;a es uno de los pa&iacute;ses de la Uni&oacute;n Europea que registra mayor n&uacute;mero de casos de legionelosis&#8221;<\/strong><\/p>\n<\/blockquote>\n<p><u>Salud<\/u><\/p>\n<p>M&aacute;s de 10.000 casos de legionelosis fueron notificados en toda la Uni&oacute;n Europea en 2019, siendo Espa&ntilde;a uno de los pa&iacute;ses con mayor n&uacute;mero de casos y junto con Francia, Italia y Alemania acumulan m&aacute;s del 70% del total de casos. Se estima que el gasto sanitario derivado de la enfermedad alcanza los 165 millones de euros anualmente en la UE. La detecci&oacute;n r&aacute;pida de los focos de infecci&oacute;n es cr&iacute;tica para evitar los casos. La bacteria se transmite a partir de aerosoles infecciosos presentes en el aire y que nuestro m&eacute;todo ha resultado eficaz en la detecci&oacute;n a partir de este tipo de muestras.<\/p>\n<p>Frente a los per&iacute;odos necesarios actualmente para la detecci&oacute;n y confirmaci&oacute;n (7-15 d&iacute;as), nuestra tecnolog&iacute;a permite resultados en menos de 24h.<\/p>\n<blockquote>\n<p style=\"text-align: center\"><strong>&#8220;La prevenci&oacute;n y control de la legionelosis en Espa&ntilde;a tiene especial inter&eacute;s y est&aacute; regulado a trav&eacute;s del Real Decreto 865\/2003&#8221;<\/strong><\/p>\n<\/blockquote>\n<p><u>Biotecnolog&iacute;a<\/u><\/p>\n<p>Las t&eacute;cnicas moleculares han demostrado ser m&aacute;s &uacute;tiles y eficaces que otros m&eacute;todos tradicionales. En el caso de la legionelosis, la normativa establece su detecci&oacute;n mediante cultivo microbiol&oacute;gico, lo que alarga los tiempos y costes, tanto de personal como de material.<\/p>\n<p>Nuestra invenci&oacute;n aplica la tecnolog&iacute;a ya existente de la PCR para la detecci&oacute;n prematura de pat&oacute;genos diseminados por el aire a partir de muestras de aire filtrado u otro tipo, aportando gran versatilidad. La implantaci&oacute;n de este m&eacute;todo innovador puede sustituir en el tiempo a los m&eacute;todos de cultivo y reducir costes de manera significativa.<\/p>\n<p><u>Seguridad, defensa y resiliencia<\/u><\/p>\n<p>Nuestro m&eacute;todo ofrece la flexibilidad de analizar distintos tipos de muestras, no s&oacute;lo de agua como se hace de manera normativa. Al haber demostrado su eficacia empleando muestras de aire filtrado, se abre la posibilidad de muestreos continuos en el &aacute;rea urbana en lugar de muestreos puntuales y que requieren el acceso a los edificios, lo que permitir&iacute;a detectar posibles focos de emisi&oacute;n de la bacteria con gran rapidez.<\/p>\n<hr \/>\n<h4>Ventajas competitivas<\/h4>\n<ul>\n<li>Resultados en menos de 24 horas, frente a los 7-15 d&iacute;as necesarios por el sistema de cultivo actual.<\/li>\n<li>Estudio de varias muestras (incluso &gt; 100) en el mismo lote de an&aacute;lisis.<\/li>\n<li>Adaptable a distintos tipos de muestras: comprobada su eficacia para muestras de aire, que supone una novedad al analizar directamente el medio por el que se transmite la bacteria.<\/li>\n<\/ul>\n<blockquote>\n<p style=\"text-align: center\"><strong>&#8220;LegionAir-Detect permite reducir notablemente el tiempo necesario para obtener resultados&#8221;<\/strong><\/p>\n<\/blockquote>\n<hr \/>\n<h4>Referencias previas de prestaci&oacute;n<\/h4>\n<p>El grupo BIOMAT, de la Universidad Polit&eacute;cnica de Madrid, posee m&aacute;s de 30 a&ntilde;os de investigaci&oacute;n. Es un grupo multidisciplinar en el que bi&oacute;logos, farmac&eacute;uticos y f&iacute;sicos trabajan conjuntamente buscando soluciones a las necesidades actuales de la sociedad y la ciencia. Con m&aacute;s de 100 art&iacute;culos cient&iacute;ficos publicados y varias patentes concedidas, el grupo BIOMAT presenta aqu&iacute; un m&eacute;todo cuya patente tambi&eacute;n ha sido recientemente concedida. Dicho m&eacute;todo permite detectar en diferentes tipos de muestras (ambientales, cl&iacute;nicas&hellip;) a la bacteria <em>Legionella pneumophila<\/em> en un tiempo muy corto (&lt; 24h). Aunque la patente est&aacute; libre para ser consultada por cualquier persona, el grupo BIOMAT tambi&eacute;n ha publicado un art&iacute;culo cient&iacute;fico (<a href=\"https:\/\/www.sciencedirect.com\/science\/article\/pii\/S0013935119300325?via%3Dihub\" target=\"_blank\" rel=\"noopener\">pulsar aqu&iacute;<\/a>) donde los detalles, la eficacia y resultados reales obtenidos con el m&eacute;todo de detecci&oacute;n de la bacteria <em>Legionella<\/em> son presentados. Estos resultados reales se obtuvieron a partir de varias muestras de aire recolectadas en la ciudad de Madrid (Espa&ntilde;a). Las muestras de aire se caracterizan por estar compuestas de diferentes tipos de part&iacute;culas entre las que se encuentran m&uacute;ltiples microorganismos y de distinta naturaleza (bacterias, virus, esporas de hongos&hellip;). A pesar de su gran diversidad, la cantidad de DNA total de las muestras era muy baja: &lt; 0.280&thinsp;ng\/&mu;L, donde la bacteria <em>Legionella pneumophila<\/em> de estar presente en la muestra, representaba &lt;0.3% de las secuencias gen&eacute;ticas detectadas. No obstante, el m&eacute;todo aqu&iacute; presentado pudo detectar esta bacteria en las muestras que la conten&iacute;an. Esto significa que, a pesar de la escasez de material gen&eacute;tico, el m&eacute;todo tiene una alta sensibilidad para detectar la la bacteria <em>Legionella pneumophila<\/em>.<\/p>\n<hr \/>\n<h4>Protecci&oacute;n<\/h4>\n<ul class=\"propiedad\">\n<li><strong>Patente concedida en Espa&ntilde;a (ES2702117B2)<\/strong><\/li>\n<\/ul>\n<hr \/>\n<h4>Grado de desarrollo<\/h4>\n<ul class=\"grado\">\n<li>Concepto<\/li>\n<li>Investigaci&oacute;n<\/li>\n<li><strong>Prototipo &#8211; lab<\/strong><\/li>\n<li>Prototipo industrial<\/li>\n<li>Producci&oacute;n<\/li>\n<\/ul>\n<hr \/>\n<div class=\"pdfprnt-buttons pdfprnt-buttons-product pdfprnt-bottom-left\"><a href=\"https:\/\/www.upm.es\/recursosidi\/wp-json\/wp\/v2\/product\/10924?print=pdf\" class=\"pdfprnt-button pdfprnt-button-pdf\" target=\"_blank\"><span class=\"pdfprnt-button-title pdfprnt-button-pdf-title\">Descargar ficha<\/span><\/a><\/div>","protected":false},"excerpt":{"rendered":"<p>M\u00e9todo molecular basado en la reacci\u00f3n en cadena de la polimerasa (PCR) para la detecci\u00f3n de la bacteria Legionella pneumophila en muestras ambientales (aire, agua, etc.) o cl\u00ednicas en menos de 24 horas.<\/p>\n","protected":false},"featured_media":10923,"template":"","meta":{"_acf_changed":false},"product_cat":[2384],"product_tag":[4476,4480,4478,4479,4477,4475,2308],"comunidades-upm":[],"quien":[],"mapa":[{"term_id":137,"name":"Bioeconom\u00eda, Biotecnolog\u00eda y Sistemas Alimentarios","slug":"bioeconomia-biotecnologia-sistemas_alimentarios","term_group":0,"term_taxonomy_id":137,"taxonomy":"mapa","description":"","parent":0,"count":45,"filter":"raw","term_order":"6"},{"term_id":122,"name":"Salud y bienestar","slug":"salud-y-bienestar","term_group":0,"term_taxonomy_id":122,"taxonomy":"mapa","description":"","parent":0,"count":105,"filter":"raw","term_order":"17"},{"term_id":130,"name":"Seguridad, defensa y resiliencia","slug":"seguridad-defensa-resiliencia","term_group":0,"term_taxonomy_id":130,"taxonomy":"mapa","description":"","parent":0,"count":26,"filter":"raw","term_order":"20"}],"disponibilidad":[{"term_id":204,"name":"Disponible","slug":"disponible","term_group":0,"term_taxonomy_id":204,"taxonomy":"disponibilidad","description":"","parent":0,"count":110,"filter":"raw","term_order":"0"}],"donde":[{"term_id":1616,"name":"Bioengineering and Materials (BIO-MAT)","slug":"en_bioengineering-and-materials-bio-mat","term_group":0,"term_taxonomy_id":1616,"taxonomy":"donde","description":"En el <a href=\"http:\/\/www.upm.es\/observatorio\/vi\/index.jsp?pageac=grupo.jsp&amp;idGrupo=222\">Grupo de Bioingenier&iacute;a y Materiales (BIO-MAT)<\/a> desarrollamos nuestro trabajo en base a las siguientes l&iacute;neas de investigaci&oacute;n:\n&nbsp;\n\nBiopel&iacute;culas, Biodeterioro y Corrosi&oacute;n Microbiana\nBiodegradaci&oacute;n y Biorremediaci&oacute;n\nNanotecnolog&iacute;a de Pol&iacute;meros y Biopol&iacute;meros\nComportamiento de Materiales en Servicio\nSinterizados y Nuevos Materiales\nMicrobiolog&iacute;a Molecular y Biotecnolog&iacute;a\n","parent":0,"count":4,"filter":"raw","term_order":"0"},{"term_id":392,"name":"Bioingenier\u00eda y Materiales (BIO-MAT)","slug":"bioingenieria-y-materiales-bio-mat","term_group":0,"term_taxonomy_id":392,"taxonomy":"donde","description":"En el <a href=\"http:\/\/www.upm.es\/observatorio\/vi\/index.jsp?pageac=grupo.jsp&amp;idGrupo=222\">Grupo de Bioingenier&iacute;a y Materiales (BIO-MAT)<\/a> desarrollamos nuestro trabajo en base a las siguientes l&iacute;neas de investigaci&oacute;n:\n&nbsp;\n\nBiopel&iacute;culas, Biodeterioro y Corrosi&oacute;n Microbiana\nBiodegradaci&oacute;n y Biorremediaci&oacute;n\nNanotecnolog&iacute;a de Pol&iacute;meros y Biopol&iacute;meros\nComportamiento de Materiales en Servicio\nSinterizados y Nuevos Materiales\nMicrobiolog&iacute;a Molecular y Biotecnolog&iacute;a\n","parent":0,"count":17,"filter":"raw","term_order":"0"}],"infraestructura":[],"ods":[{"term_id":2259,"name":"Agua Limpia y Saneamiento","slug":"agua-limpia-y-saneamiento","term_group":0,"term_taxonomy_id":2259,"taxonomy":"ods","description":"","parent":0,"count":11,"filter":"raw","term_order":"0"},{"term_id":2239,"name":"Ciudades y Comunidades Sostenibles","slug":"ciudades-y-comunidades-sostenibles","term_group":0,"term_taxonomy_id":2239,"taxonomy":"ods","description":"","parent":0,"count":43,"filter":"raw","term_order":"0"},{"term_id":2247,"name":"Industria, Innovaci\u00f3n e Infraestructura","slug":"industria-innovacion-e-infraestructura","term_group":0,"term_taxonomy_id":2247,"taxonomy":"ods","description":"","parent":0,"count":171,"filter":"raw","term_order":"0"},{"term_id":2271,"name":"Salud y Bienestar","slug":"salud-y-bienestar","term_group":0,"term_taxonomy_id":2271,"taxonomy":"ods","description":"","parent":0,"count":59,"filter":"raw","term_order":"0"}],"origen":[{"term_id":192,"name":"Soluciones tecnol\u00f3gicas","slug":"soluciones-tecnologicas","term_group":0,"term_taxonomy_id":192,"taxonomy":"origen","description":"","parent":0,"count":278,"filter":"raw","term_order":"0"}],"familia_tax":false,"quien_tax":false,"donde_tax":false,"year":"2021-01-01","contacto":"F\u00edsica Aplicada e Ingenier\u00eda de Materiales\r\nEscuela T\u00e9cnica Superior de Ingenieros Industriales - Universidad Polit\u00e9cnica de Madrid\r\nc\/Jos\u00e9 Guti\u00e9rrez Abascal 2, 28006 Madrid","telefono":"910677035","pagina_web":"https:\/\/www.upm.es\/observatorio\/vi\/index.jsp?pageac=grupo.jsp&idGrupo=222","email":"diego.moreno@upm.es","id_ficha_portal":"317","video":"https:\/\/youtu.be\/PnvK9Q7zN44","adjuntos":false,"adjuntos_portal":"https:\/\/www.upm.es\/recursosidi\/wp-content\/uploads_kairos\/ficha_317\/ficha_317_doc_15.pdf","inf":false,"departamento":"","acf":[],"lang":"es","translation":{"es":10924,"en":10926},"_links":{"self":[{"href":"https:\/\/www.upm.es\/recursosidi\/wp-json\/wp\/v2\/product\/10924"}],"collection":[{"href":"https:\/\/www.upm.es\/recursosidi\/wp-json\/wp\/v2\/product"}],"about":[{"href":"https:\/\/www.upm.es\/recursosidi\/wp-json\/wp\/v2\/types\/product"}],"wp:featuredmedia":[{"embeddable":true,"href":"https:\/\/www.upm.es\/recursosidi\/wp-json\/wp\/v2\/media\/10923"}],"wp:attachment":[{"href":"https:\/\/www.upm.es\/recursosidi\/wp-json\/wp\/v2\/media?parent=10924"}],"wp:term":[{"taxonomy":"product_cat","embeddable":true,"href":"https:\/\/www.upm.es\/recursosidi\/wp-json\/wp\/v2\/product_cat?post=10924"},{"taxonomy":"product_tag","embeddable":true,"href":"https:\/\/www.upm.es\/recursosidi\/wp-json\/wp\/v2\/product_tag?post=10924"},{"taxonomy":"comunidad_upm","embeddable":true,"href":"https:\/\/www.upm.es\/recursosidi\/wp-json\/wp\/v2\/comunidades-upm?post=10924"},{"taxonomy":"quien","embeddable":true,"href":"https:\/\/www.upm.es\/recursosidi\/wp-json\/wp\/v2\/quien?post=10924"},{"taxonomy":"mapa","embeddable":true,"href":"https:\/\/www.upm.es\/recursosidi\/wp-json\/wp\/v2\/mapa?post=10924"},{"taxonomy":"disponibilidad","embeddable":true,"href":"https:\/\/www.upm.es\/recursosidi\/wp-json\/wp\/v2\/disponibilidad?post=10924"},{"taxonomy":"donde","embeddable":true,"href":"https:\/\/www.upm.es\/recursosidi\/wp-json\/wp\/v2\/donde?post=10924"},{"taxonomy":"infraestructura","embeddable":true,"href":"https:\/\/www.upm.es\/recursosidi\/wp-json\/wp\/v2\/infraestructura?post=10924"},{"taxonomy":"ods","embeddable":true,"href":"https:\/\/www.upm.es\/recursosidi\/wp-json\/wp\/v2\/ods?post=10924"},{"taxonomy":"origen","embeddable":true,"href":"https:\/\/www.upm.es\/recursosidi\/wp-json\/wp\/v2\/origen?post=10924"}],"curies":[{"name":"wp","href":"https:\/\/api.w.org\/{rel}","templated":true}]}}