{"id":10928,"date":"2022-08-16T13:07:23","date_gmt":"2022-08-16T11:07:23","guid":{"rendered":"https:\/\/www.upm.es\/recursosidi\/offers-resources\/sin categor\u00eda\/leuko-labs\/"},"modified":"2022-08-16T13:07:30","modified_gmt":"2022-08-16T11:07:30","slug":"leuko-labs","status":"publish","type":"product","link":"https:\/\/www.upm.es\/recursosidi\/offers-resources\/soluciones-tecnologicas\/leuko-labs\/","title":{"rendered":"LEUKO-LABS"},"content":{"rendered":"<h4><strong>Descripci&oacute;n breve conjunta de la soluci&oacute;n y valor a&ntilde;adido que aporta<\/strong><\/h4>\n<p style=\"text-align: justify\">Desde Leuko Labs, hemos detectado una necesidad cl&iacute;nica: la alta tasa de infecciones graves entre pacientes oncol&oacute;gicos tratados con quimioterapia. Durante un tratamiento de quimioterapia, los niveles de gl&oacute;bulos blancos de estos pacientes pueden decaer dr&aacute;sticamente exponi&eacute;ndoles a &nbsp;un alto riesgo de sufrir una infecci&oacute;n. Detectando un nivel bajo de gl&oacute;bulos blancos, muchos de estos episodios se podr&iacute;an evitar mediante la administraci&oacute;n profil&aacute;ctica de antibi&oacute;ticos. Actualmente,&nbsp; se requiere una muestra de sangre tomada por un especialista. Por ello, hemos dise&ntilde;ado un dispositivo capaz de medir la concentraci&oacute;n de gl&oacute;bulos blancos de manera no invasiva, permitiendo conocer cada d&iacute;a y desde casa estos niveles, permitiendo tomar mejores decisiones sobre sus tratamientos.<\/p>\n<h4><strong>Descripci&oacute;n de la base tecnol&oacute;gica<\/strong><\/h4>\n<p style=\"text-align: justify\">Dispositivo port&aacute;til de microscop&iacute;a que, mirando a trav&eacute;s de la piel en el dedo, permite adquirir v&iacute;deos del flujo sangu&iacute;neo en capilares. En estos capilares se pueden observar peque&ntilde;as part&iacute;culas transparentes movi&eacute;ndose en el flujo sangu&iacute;neo. Bas&aacute;ndonos en estas im&aacute;genes, nuestro equipo ha desarrollado algoritmos propietarios que identifican y cuentan estas part&iacute;culas para obtener una estimaci&oacute;n del n&uacute;mero de gl&oacute;bulos blancos. Nuestro prototipo ha sido probado en 45 pacientes de quimioterapia y demostrado resultados exitosos a la hora de identificar pacientes con niveles peligrosamente bajos.&nbsp;&nbsp;<\/p>\n<p style=\"text-align: center\">&#8221; <em>Este dispositivo permitir&aacute; medir tus niveles de gl&oacute;bulos blancos desde casa de manera r&aacute;pida y sin necesidad de una muestra de sangre<\/em>&#8220;<\/p>\n<p>&nbsp;<\/p>\n<h4><strong>Necesidades de negocio \/ aplicaci&oacute;n<\/strong><\/h4>\n<p>&nbsp;<strong>Salud<\/strong><\/p>\n<ul>\n<li>\n<p style=\"text-align: justify\">Una medici&oacute;n desde casa, evitando desplazamientos para extraer sangre, reducir&iacute;a posibles hospitalizaciones y mejorar&iacute;a los tiempos de m&eacute;dicos y enfermeras, aumentando la calidad de vida de estos pacientes.<\/p>\n<\/li>\n<\/ul>\n<p><strong>&nbsp;Sistema sanitario\/Seguros<\/strong><\/p>\n<ul>\n<li>\n<p style=\"text-align: justify\">Los seguros en salud, buscan minimizar eventos adversos en los tratamientos de sus asegurados. Reduciendo el n&uacute;mero de indemnizaciones por fallecimiento y la cantidad de hospitalizaciones, reducir&iacute;an los costes que les suponen estos eventos.<\/p>\n<\/li>\n<\/ul>\n<p><strong>&nbsp;Empresas farmac&eacute;uticas<\/strong><\/p>\n<ul>\n<li>\n<p style=\"text-align: justify\">Varios f&aacute;rmacos usados para tratar distintas enfermedades (e.g. psoriasis, esclerosis m&uacute;ltiple, etc.) producen inmunosupresi&oacute;n como efecto secundario.<\/p>\n<\/li>\n<li>\n<p style=\"text-align: justify\">Un dispositivo diagn&oacute;stico de acompa&ntilde;amiento a estos medicamentos permitir&iacute;a asegurar que los f&aacute;rmacos se administran de forma m&aacute;s segura para el paciente.<\/p>\n<\/li>\n<\/ul>\n<h4><strong>Ventajas competitivas<\/strong><\/h4>\n<ul>\n<li>\n<p style=\"text-align: justify\">Sistema no-invasivo, no es necesaria la extracci&oacute;n de sangre, el uso de reactivos, o condiciones sanitarias particulares para obtener la medida.<\/p>\n<\/li>\n<li style=\"text-align: justify\">\n<p>Un minuto para tomar los datos al paciente<\/p>\n<\/li>\n<li style=\"text-align: justify\">\n<p>Sistema port&aacute;til. Mejora la calidad de vida del paciente. Reducci&oacute;n del n&uacute;mero de desplazamientos al hospital<\/p>\n<\/li>\n<li>\n<p style=\"text-align: justify\">Env&iacute;o de datos frecuente y de forma telem&aacute;tica al m&eacute;dico, permitiendo personalizar el tratamiento.<\/p>\n<\/li>\n<\/ul>\n<p style=\"text-align: center\"><em>&ldquo;Mejorar la calidad de vida de estos pacientes&nbsp; supondr&iacute;a un valor a&ntilde;adido tanto para m&eacute;dicos como para pacientes<\/em><em>&rdquo;<\/em><\/p>\n<p>&nbsp;<\/p>\n<h4><strong>Referencias&nbsp;<\/strong><\/h4>\n<ul>\n<li>\n<p style=\"text-align: justify\">Tecnolog&iacute;a desarrollada conjuntamente por la UPM y el MIT.<\/p>\n<\/li>\n<li style=\"text-align: justify\">\n<p>Estudios cl&iacute;nicos en el Hospital La Paz en Madrid y el Massachusetts General Hospital en Boston &#8211; EEUU.<\/p>\n<\/li>\n<li style=\"text-align: justify\">\n<p>Equipo multidisciplinar asesorado por expertos de MIT y otras entidades l&iacute;deres del sector.<\/p>\n<\/li>\n<li>\n<p style=\"text-align: justify\">Financiado por el Madrid-MIT M+Vision Consortium, Instituto Nacional de la Salud, Fundaci&oacute;n Coulter, Deshpande Center y MIT Sandbox Innovation Fund.<\/p>\n<\/li>\n<\/ul>\n<h4><strong>Protecci&oacute;n industrial<\/strong><\/h4>\n<p style=\"text-align: justify\">Patente solicitada en EEUU US 16\/162006.<\/p>\n<h4><strong>Grado de desarrollo<\/strong><\/h4>\n<ul>\n<li>\n<p>Concepto<\/p>\n<\/li>\n<li>\n<p>Investigaci&oacute;n<\/p>\n<\/li>\n<li>\n<p><strong><u>Prototipo Lab<\/u><\/strong><\/p>\n<\/li>\n<li>\n<p>Prototipo industrial<\/p>\n<\/li>\n<li>\n<p>Producci&oacute;n<\/p>\n<\/li>\n<\/ul>\n<h4><strong>Contacto<\/strong><\/h4>\n<p><strong>Contacto Leuko-Labs<\/strong><\/p>\n<p>M&ordf; Jes&uacute;s Ledesma, Aur&eacute;lien Bourquard<\/p>\n<p>ETSI Telecomunicaci&oacute;n &ndash; UPM<\/p>\n<p>e: <span rel=\"84312130c7312031a5312d31a9311b31ae31173192312b31b53117317c312531b331193171312a31b431\" class=\"cryptex \" style=\"\"><span class=\"CryptexImg ctx6C4lJ4YY98DvlC5cyqTsjNvVIiC-jRUS3NQDoDkoOrQ\"><\/span><\/span><\/p>\n<p><strong>Contacto UPM<\/strong><\/p>\n<p>Programas de Innovaci&oacute;n y Emprendimiento<\/p>\n<p>Centro de Apoyo a la Innovaci&oacute;n Tecnol&oacute;gica &ndash; UPM<\/p>\n<p>e: <span rel=\"84312130c3312231ae313831ba310931a4311f31c13135317a312631b3311331b1311b31af313431a8311a31ac31173172312331b831353165312131af31\" class=\"cryptex \" style=\"\"><span class=\"CryptexImg ctxR7neImVV1tJoTSyttUGBAuiESKXKLLyzTwJSN1lk9Z0\"><\/span><\/span><\/p>\n<div class=\"pdfprnt-buttons pdfprnt-buttons-product pdfprnt-bottom-left\"><a href=\"https:\/\/www.upm.es\/recursosidi\/wp-json\/wp\/v2\/product\/10928?print=pdf\" class=\"pdfprnt-button pdfprnt-button-pdf\" target=\"_blank\"><span class=\"pdfprnt-button-title pdfprnt-button-pdf-title\">Descargar ficha<\/span><\/a><\/div>","protected":false},"excerpt":{"rendered":"<p>Stop hospitalizaciones. Tus defensas al alcance de la mano<\/p>\n<p>Primer dispositivo m\u00e9dico capaz de monitorizar tu sistema inmunol\u00f3gico de manera no invasiva<\/p>\n","protected":false},"featured_media":10927,"template":"","meta":{"_acf_changed":false},"product_cat":[2384],"product_tag":[2535,2308,2546],"comunidades-upm":[],"quien":[],"mapa":[{"term_id":122,"name":"Salud y bienestar","slug":"salud-y-bienestar","term_group":0,"term_taxonomy_id":122,"taxonomy":"mapa","description":"","parent":0,"count":105,"filter":"raw","term_order":"17"},{"term_id":126,"name":"Tecnolog\u00edas digitales, Inteligencia Artificial, ciberseguridad, 5G, rob\u00f3tica","slug":"tecnologias_digitales-ai-ciberseguridad-5g-robotica","term_group":0,"term_taxonomy_id":126,"taxonomy":"mapa","description":"","parent":0,"count":194,"filter":"raw","term_order":"23"}],"disponibilidad":[],"donde":[{"term_id":1660,"name":"Biomedical imaging technology","slug":"en_biomedical-imaging-technology","term_group":0,"term_taxonomy_id":1660,"taxonomy":"donde","description":"El objetivo de nuestro trabajo es contribuir a mejorar la atenci&oacute;n de la salud a trav&eacute;s de los avances en las tecnolog&iacute;as de im&aacute;genes biom&eacute;dicas, y para ello seguimos las siguientes l&iacute;neas de investigaci&oacute;n:\n&nbsp;\n-&nbsp; Imagen Cardiovascular\n-&nbsp; Reconstrucci&oacute;n de im&aacute;genes tomogr&aacute;ficas\n-&nbsp; Modelado\/Simulaci&oacute;n sistemas adquisici&oacute;n\n-&nbsp; An&aacute;lisis de im&aacute;genes biom&eacute;dicas\n-&nbsp;&nbsp; Imagen Molecular","parent":0,"count":7,"filter":"raw","term_order":"0"},{"term_id":1864,"name":"Information Processing and Telecommunications Center","slug":"en_information-processing-and-telecommunications-center","term_group":0,"term_taxonomy_id":1864,"taxonomy":"donde","description":"","parent":0,"count":32,"filter":"raw","term_order":"0"},{"term_id":642,"name":"Information Processing and Telecommunications Center (IPTC)","slug":"information-processing-and-telecommunications-center-iptc","term_group":0,"term_taxonomy_id":642,"taxonomy":"donde","description":"","parent":0,"count":74,"filter":"raw","term_order":"0"},{"term_id":436,"name":"Tecnolog\u00eda de im\u00e1genes biom\u00e9dicas","slug":"tecnologia-de-imagenes-biomedicas","term_group":0,"term_taxonomy_id":436,"taxonomy":"donde","description":"El objetivo de nuestro trabajo es contribuir a mejorar la atenci\u00f3n de la salud a trav\u00e9s de los avances en las tecnolog\u00edas de im\u00e1genes biom\u00e9dicas, y para ello seguimos las siguientes l\u00edneas de investigaci\u00f3n:\r\n\u00a0\r\n-\u00a0 Imagen Cardiovascular\r\n-\u00a0 Reconstrucci\u00f3n de im\u00e1genes tomogr\u00e1ficas\r\n-\u00a0 Modelado\/Simulaci\u00f3n sistemas adquisici\u00f3n\r\n-\u00a0 An\u00e1lisis de im\u00e1genes biom\u00e9dicas\r\n-\u00a0\u00a0 Imagen Molecular","parent":0,"count":13,"filter":"raw","term_order":"0"}],"infraestructura":[],"ods":[{"term_id":2271,"name":"Salud y Bienestar","slug":"salud-y-bienestar","term_group":0,"term_taxonomy_id":2271,"taxonomy":"ods","description":"","parent":0,"count":59,"filter":"raw","term_order":"0"}],"origen":[{"term_id":192,"name":"Soluciones tecnol\u00f3gicas","slug":"soluciones-tecnologicas","term_group":0,"term_taxonomy_id":192,"taxonomy":"origen","description":"","parent":0,"count":278,"filter":"raw","term_order":"0"}],"familia_tax":false,"quien_tax":false,"donde_tax":false,"year":"","contacto":"ETSI de Telecomunicaci\u00f3n - UPM, Avenida  Complutense, 30, Ciudad Universitaria, 28040, Madrid","telefono":"","pagina_web":"https:\/\/www.etsit.upm.es\/","email":"mledesma@die.upm.es","id_ficha_portal":"107","video":"https:\/\/www.youtube.com\/watch?v=k5D8mfjzx5k","adjuntos":false,"adjuntos_portal":"","inf":false,"departamento":"","acf":[],"lang":"es","translation":{"es":10928,"en":10930},"_links":{"self":[{"href":"https:\/\/www.upm.es\/recursosidi\/wp-json\/wp\/v2\/product\/10928"}],"collection":[{"href":"https:\/\/www.upm.es\/recursosidi\/wp-json\/wp\/v2\/product"}],"about":[{"href":"https:\/\/www.upm.es\/recursosidi\/wp-json\/wp\/v2\/types\/product"}],"wp:featuredmedia":[{"embeddable":true,"href":"https:\/\/www.upm.es\/recursosidi\/wp-json\/wp\/v2\/media\/10927"}],"wp:attachment":[{"href":"https:\/\/www.upm.es\/recursosidi\/wp-json\/wp\/v2\/media?parent=10928"}],"wp:term":[{"taxonomy":"product_cat","embeddable":true,"href":"https:\/\/www.upm.es\/recursosidi\/wp-json\/wp\/v2\/product_cat?post=10928"},{"taxonomy":"product_tag","embeddable":true,"href":"https:\/\/www.upm.es\/recursosidi\/wp-json\/wp\/v2\/product_tag?post=10928"},{"taxonomy":"comunidad_upm","embeddable":true,"href":"https:\/\/www.upm.es\/recursosidi\/wp-json\/wp\/v2\/comunidades-upm?post=10928"},{"taxonomy":"quien","embeddable":true,"href":"https:\/\/www.upm.es\/recursosidi\/wp-json\/wp\/v2\/quien?post=10928"},{"taxonomy":"mapa","embeddable":true,"href":"https:\/\/www.upm.es\/recursosidi\/wp-json\/wp\/v2\/mapa?post=10928"},{"taxonomy":"disponibilidad","embeddable":true,"href":"https:\/\/www.upm.es\/recursosidi\/wp-json\/wp\/v2\/disponibilidad?post=10928"},{"taxonomy":"donde","embeddable":true,"href":"https:\/\/www.upm.es\/recursosidi\/wp-json\/wp\/v2\/donde?post=10928"},{"taxonomy":"infraestructura","embeddable":true,"href":"https:\/\/www.upm.es\/recursosidi\/wp-json\/wp\/v2\/infraestructura?post=10928"},{"taxonomy":"ods","embeddable":true,"href":"https:\/\/www.upm.es\/recursosidi\/wp-json\/wp\/v2\/ods?post=10928"},{"taxonomy":"origen","embeddable":true,"href":"https:\/\/www.upm.es\/recursosidi\/wp-json\/wp\/v2\/origen?post=10928"}],"curies":[{"name":"wp","href":"https:\/\/api.w.org\/{rel}","templated":true}]}}