{"id":10940,"date":"2022-08-16T13:07:55","date_gmt":"2022-08-16T11:07:55","guid":{"rendered":"https:\/\/www.upm.es\/recursosidi\/offers-resources\/sin categor\u00eda\/madrid-quantum-network-2\/"},"modified":"2022-08-16T13:07:57","modified_gmt":"2022-08-16T11:07:57","slug":"madrid-quantum-network-2","status":"publish","type":"product","link":"https:\/\/www.upm.es\/recursosidi\/en\/offers-resources\/technological-solutions\/madrid-quantum-network-2\/","title":{"rendered":"Madrid Quantum Network"},"content":{"rendered":"<h4>Brief description of the solution and the added value it delivers<\/h4>\n<p>Solution to provide quantum key distribution (QKD) as a service.<\/p>\n<hr \/>\n<h4>Description of the technological basis<\/h4>\n<p style='text-align: justify'>\n                <em>Quantum communication infrastructure<\/em> (QCI) will help Europe to protect its critical infrastructure and its encryption systems from cyber threats, protecting smart energy networks, air traffic control, banks, healthcare facilities and more from piracy. It will also enable data centres to store and exchange information securely and will preserve the long-term privacy of government information. The long-term plan is for QCI infrastructure to become the backbone of Europe&#8217;s quantum internet, connecting quantum computers, simulators and sensors over quantum networks, in order to distribute information and resources securely throughout Europe.<\/p>\n<blockquote style='text-align: justify;padding: 20px 10px' title='Quote'><p>&#8216;QKD, a hardware technology whose level of security will not be affected by the calculation capacities of any future quantum computer&#8217;<\/p><\/blockquote>\n<hr \/>\n<h4>Business needs \/ application<\/h4>\n<ul>\n<li style='text-align: justify'>The best methods known at present require an amount of computing power that makes them completely unviable.<\/li>\n<li style='text-align: justify'>Classic cryptography cannot cope with the power of a quantum computer.<\/li>\n<li style='text-align: justify'>Opportunity cost associated with not using QKD services.<\/li>\n<\/ul>\n<blockquote style='padding: 20px 10px' title='Quote'><p>&#8216;The QKD market will grow by 19.9% per year over the next five years&#8217;<\/p><\/blockquote>\n<hr \/>\n<h4>Competitive advantages<\/h4>\n<ul>\n<li style='text-align: justify'>Quantum key distribution infrastructure is fully compatible with existing cryptographic and encryption methods. AES, DES and Triple DES (market standards) through transport layers ETSI 004 and ETSI 014.<\/li>\n<li style='text-align: justify'>Coexistence of post-quantum cryptographic algorithms in the services network.<\/li>\n<\/ul>\n<hr \/>\n<h4>References<\/h4>\n<ul>\n<li style='text-align: justify'>OpenQKD Consortium European Flagship (2018-2022) Testbed<\/li>\n<li style='text-align: justify'>Consortium with AIT, Max Planck Institute, RediMad, Telef\u00f3nica, Cambridge University, IdQuantique, Toshiba and UniGe<\/li>\n<li style='text-align: justify'>CiViQ European Flagship (2017-2021)<\/li>\n<li style='text-align: justify'>Quantum Secure Net (ITALTEL) e-health project (2021-2022)<\/li>\n<li style='text-align: justify'>OpenCall Up&amp;Running +UPM (2021)<\/li>\n<\/ul>\n<hr \/>\n<h4>Stage of development<\/h4>\n<ul class='grado'>\n<li>Concept<\/li>\n<li>Research<\/li>\n<li>Lab prototype<\/li>\n<li>\n                    <strong>Industrial prototype<\/strong>\n                <\/li>\n<li>Production<\/li>\n<\/ul>\n<hr \/>\n<h4>Contact<\/h4>\n<p>\n                <strong>Madrid Quantum Network contact<\/strong>\n            <\/p>\n<p>Jos\u00e9 Luis Rosales, Juan Pedro Brito, Vicente Mart\u00edn<\/p>\n<p>Centro de Supercomputaci\u00f3n y Visualizaci\u00f3n de Madrid, CeSViMa | UPM<\/p>\n<p>e: <span rel=\"78313430b8312831a9311431a63120319a313b316b311a31aa311931b4311b31a7312c3186312f31c2313b3182312c31ad31\" class=\"cryptex \" style=\"\"><span class=\"CryptexImg ctx1IJ89c73qfoKM5j7RDeetojXZ4Ikylfbm6_4drz_Ieg\"><\/span><\/span><\/p>\n<p>\n                <strong>UPM contact<\/strong>\n            <\/p>\n<p>I&amp;E<\/p>\n<p>Technological Innovation Support Centre (CAIT) &#8211; UPM<\/p>\n<p>e: <span rel=\"78313430b7312731a4311e31b0310c3194313131ac31163169311a31b8311231b0312831b2312931b9313731b73128317a311f31a431323186312b31b531\" class=\"cryptex \" style=\"\"><span class=\"CryptexImg ctxR7neImVV1tJoTSyttUGBAuiESKXKLLyzTwJSN1lk9Z0\"><\/span><\/span><\/p>\n<div class=\"pdfprnt-buttons pdfprnt-buttons-product pdfprnt-bottom-left\"><a href=\"https:\/\/www.upm.es\/recursosidi\/wp-json\/wp\/v2\/product\/10940?print=pdf\" class=\"pdfprnt-button pdfprnt-button-pdf\" target=\"_blank\"><span class=\"pdfprnt-button-title pdfprnt-button-pdf-title\">Descargar ficha<\/span><\/a><\/div>","protected":false},"excerpt":{"rendered":"<p>Boosting Europe&#8217;s capabilities in quantum technologies, cybersecurity and industrial competitiveness.<\/p>\n","protected":false},"featured_media":10939,"template":"","meta":{"_acf_changed":false},"product_cat":[2386],"product_tag":[8212,8214],"comunidades-upm":[],"quien":[],"mapa":[{"term_id":37,"name":"Digital Technologies, Artificial Intelligence, Cybersecurity, 5G, Robotics","slug":"digital_technologies-ai-cybersecurity-5g-robotics","term_group":0,"term_taxonomy_id":37,"taxonomy":"mapa","description":"","parent":0,"count":83,"filter":"raw","term_order":"24"}],"disponibilidad":[],"donde":[{"term_id":618,"name":"Centro de Investigaci\u00f3n en Simulaci\u00f3n Computacional (CCS)","slug":"centro-de-investigacion-en-simulacion-computacional-ccs","term_group":0,"term_taxonomy_id":618,"taxonomy":"donde","description":"","parent":0,"count":27,"filter":"raw","term_order":"0"},{"term_id":1840,"name":"Computer Simulation Research Centre","slug":"en_computer-simulation-research-centre","term_group":0,"term_taxonomy_id":1840,"taxonomy":"donde","description":"","parent":0,"count":17,"filter":"raw","term_order":"0"},{"term_id":516,"name":"Grupo de investigaci\u00f3n en Informaci\u00f3n y Computaci\u00f3n Cu\u00e1ntica (GIICC)","slug":"grupo-de-investigacion-en-informacion-y-computacion-cuantica-giicc","term_group":0,"term_taxonomy_id":516,"taxonomy":"donde","description":"El grupo es experto en la distribuci&oacute;n cu&aacute;ntica de claves (QKD). En particular, en la integraci&oacute;n de sistemas QKD en redes &oacute;pticas comerciales, as&iacute; como en el post-procesado o destilaci&oacute;n de clave secreta en QKD. Y participa en el proceso de estandarizaci&oacute;n de la QKD llevado a cabo por el Instituto Europeo de Est&aacute;ndares de Telecomunicaci&oacute;n (ETSI).\n&nbsp;\nEl grupo tambi&eacute;n es experto en t&eacute;cnicas de computaci&oacute;n de alto rendimiento, en especial aquellas aplicadas a procesos f&iacute;sicos y su an&aacute;lisis a trav&eacute;s de t&eacute;cnicas de visualizaci&oacute;n.\n&nbsp;\nLlevamos a cabo nuestro trabajo en base a las siguientes l&iacute;neas de investigaci&oacute;n:\n\nSimulaci&oacute;n de Sistemas Cu&aacute;nticos Mesosc&oacute;picos\nInformaci&oacute;n y Computaci&oacute;n Cu&aacute;nticas\nComputaci&oacute;n de alto rendimiento\n","parent":0,"count":9,"filter":"raw","term_order":"0"},{"term_id":1740,"name":"Quantum Information and Computing Research Group (GIICC)","slug":"en_quantum-information-and-computing-research-group-giicc","term_group":0,"term_taxonomy_id":1740,"taxonomy":"donde","description":"El grupo es experto en la distribuci&oacute;n cu&aacute;ntica de claves (QKD). En particular, en la integraci&oacute;n de sistemas QKD en redes &oacute;pticas comerciales, as&iacute; como en el post-procesado o destilaci&oacute;n de clave secreta en QKD. Y participa en el proceso de estandarizaci&oacute;n de la QKD llevado a cabo por el Instituto Europeo de Est&aacute;ndares de Telecomunicaci&oacute;n (ETSI).\n&nbsp;\nEl grupo tambi&eacute;n es experto en t&eacute;cnicas de computaci&oacute;n de alto rendimiento, en especial aquellas aplicadas a procesos f&iacute;sicos y su an&aacute;lisis a trav&eacute;s de t&eacute;cnicas de visualizaci&oacute;n.\n&nbsp;\nLlevamos a cabo nuestro trabajo en base a las siguientes l&iacute;neas de investigaci&oacute;n:\n\nSimulaci&oacute;n de Sistemas Cu&aacute;nticos Mesosc&oacute;picos\nInformaci&oacute;n y Computaci&oacute;n Cu&aacute;nticas\nComputaci&oacute;n de alto rendimiento\n","parent":0,"count":5,"filter":"raw","term_order":"0"}],"infraestructura":[],"ods":[{"term_id":2249,"name":"Industry, Innovation and Infrastructure","slug":"industry-innovation-and-infrastructure","term_group":0,"term_taxonomy_id":2249,"taxonomy":"ods","description":"","parent":0,"count":129,"filter":"raw","term_order":"0"}],"origen":[{"term_id":192,"name":"Soluciones tecnol\u00f3gicas","slug":"soluciones-tecnologicas","term_group":0,"term_taxonomy_id":192,"taxonomy":"origen","description":"","parent":0,"count":278,"filter":"raw","term_order":"0"}],"familia_tax":false,"quien_tax":false,"donde_tax":false,"year":"","contacto":"CeSViMa \u00bf Parque Cient\u00edfico\u00bfTecnol\u00f3gico de la UPM\r\nCampus de Montegancedo\r\n28223, Pozuelo de Alarc\u00f3n, Madrid","telefono":"","pagina_web":"https:\/\/www.cesvima.upm.es\/","email":"joseluis.rosales@upm.es","id_ficha_portal":"292","video":"","adjuntos":false,"adjuntos_portal":"","inf":false,"departamento":"","acf":[],"lang":"en","translation":{"en":10940,"es":10938},"_links":{"self":[{"href":"https:\/\/www.upm.es\/recursosidi\/wp-json\/wp\/v2\/product\/10940"}],"collection":[{"href":"https:\/\/www.upm.es\/recursosidi\/wp-json\/wp\/v2\/product"}],"about":[{"href":"https:\/\/www.upm.es\/recursosidi\/wp-json\/wp\/v2\/types\/product"}],"wp:featuredmedia":[{"embeddable":true,"href":"https:\/\/www.upm.es\/recursosidi\/wp-json\/wp\/v2\/media\/10939"}],"wp:attachment":[{"href":"https:\/\/www.upm.es\/recursosidi\/wp-json\/wp\/v2\/media?parent=10940"}],"wp:term":[{"taxonomy":"product_cat","embeddable":true,"href":"https:\/\/www.upm.es\/recursosidi\/wp-json\/wp\/v2\/product_cat?post=10940"},{"taxonomy":"product_tag","embeddable":true,"href":"https:\/\/www.upm.es\/recursosidi\/wp-json\/wp\/v2\/product_tag?post=10940"},{"taxonomy":"comunidad_upm","embeddable":true,"href":"https:\/\/www.upm.es\/recursosidi\/wp-json\/wp\/v2\/comunidades-upm?post=10940"},{"taxonomy":"quien","embeddable":true,"href":"https:\/\/www.upm.es\/recursosidi\/wp-json\/wp\/v2\/quien?post=10940"},{"taxonomy":"mapa","embeddable":true,"href":"https:\/\/www.upm.es\/recursosidi\/wp-json\/wp\/v2\/mapa?post=10940"},{"taxonomy":"disponibilidad","embeddable":true,"href":"https:\/\/www.upm.es\/recursosidi\/wp-json\/wp\/v2\/disponibilidad?post=10940"},{"taxonomy":"donde","embeddable":true,"href":"https:\/\/www.upm.es\/recursosidi\/wp-json\/wp\/v2\/donde?post=10940"},{"taxonomy":"infraestructura","embeddable":true,"href":"https:\/\/www.upm.es\/recursosidi\/wp-json\/wp\/v2\/infraestructura?post=10940"},{"taxonomy":"ods","embeddable":true,"href":"https:\/\/www.upm.es\/recursosidi\/wp-json\/wp\/v2\/ods?post=10940"},{"taxonomy":"origen","embeddable":true,"href":"https:\/\/www.upm.es\/recursosidi\/wp-json\/wp\/v2\/origen?post=10940"}],"curies":[{"name":"wp","href":"https:\/\/api.w.org\/{rel}","templated":true}]}}