{"id":10943,"date":"2022-08-16T13:08:04","date_gmt":"2022-08-16T11:08:04","guid":{"rendered":"https:\/\/www.upm.es\/recursosidi\/offers-resources\/sin categor\u00eda\/modelos-termoeconomicos-para-transporte-maritimo-de-energia-de-origen-renovable\/"},"modified":"2022-08-16T13:08:17","modified_gmt":"2022-08-16T11:08:17","slug":"modelos-termoeconomicos-para-transporte-maritimo-de-energia-de-origen-renovable","status":"publish","type":"product","link":"https:\/\/www.upm.es\/recursosidi\/offers-resources\/soluciones-tecnologicas\/modelos-termoeconomicos-para-transporte-maritimo-de-energia-de-origen-renovable\/","title":{"rendered":"Modelos termoecon\u00f3micos para transporte mar\u00edtimo de energ\u00eda de origen renovable"},"content":{"rendered":"<h4>Descripci&oacute;n breve conjunta de la soluci&oacute;n y valor a&ntilde;adido que aporta<\/h4>\n<p style=\"text-align: justify\">Los modelos termoecon&oacute;micos desarrollados por PiCoHiMA ofrecen al usuario informaci&oacute;n sobre el modo de transporte mar&iacute;timo de energ&iacute;a de origen renovable a gran escala m&aacute;s adecuado en funci&oacute;n de diferentes variables. Estas variables abarcan desde el tipo de fuente de energ&iacute;a en el origen hasta la distancia del transporte o el coste de transformaci&oacute;n de la energ&iacute;a. Los modelos comparan el transporte de energ&iacute;a el&eacute;ctrica por cable submarino con el transporte de esta misma energ&iacute;a utilizando hidr&oacute;geno o metanol como vectores energ&eacute;ticos por medio de tuber&iacute;as o barco.<\/p>\n<p style=\"text-align: justify\">La informaci&oacute;n generada por estos modelos es de gran valor para las entidades o instituciones encargadas de tomar decisiones sobre el modo de transporte de energ&iacute;a m&aacute;s adecuado en cada caso.<\/p>\n<hr \/>\n<h4>Descripci&oacute;n de la base tecnol&oacute;gica<\/h4>\n<p style=\"text-align: justify\">Los modelos termoecon&oacute;micos desarrollados por PiCoHiMA se basan en informaci&oacute;n publicada en informes de car&aacute;cter internacional y en revistas de alto impacto por autores y entidades reconocidos en su campo.<\/p>\n<hr \/>\n<h4>Necesidades de negocio \/ aplicaci&oacute;n<\/h4>\n<ul>\n<li style=\"text-align: justify\">El t&eacute;rmino termoeconom&iacute;a implica la combinaci&oacute;n de los conceptos de la termodin&aacute;mica y econom&iacute;a. Un sistema energ&eacute;tico es una red compleja de procesos en los cuales intervienen flujos de masa y de energ&iacute;a. La comparaci&oacute;n de alternativas de dise&ntilde;o desde el punto de vista energ&eacute;tico no necesariamente conduce a seleccionar la mejor alternativa en t&eacute;rminos econ&oacute;micos. En estos procesos se requiere un balance\/soluci&oacute;n de compromiso entre la eficiencia energ&eacute;tica y el coste econ&oacute;mico.<\/li>\n<li style=\"text-align: justify\">Actualmente, los compromisos de reducci&oacute;n de emisiones de gases de efecto invernadero est&aacute;n llevando a una demanda creciente de energ&iacute;a a partir fuentes renovables. Sin embargo, se da el caso de que los pa&iacute;ses demandantes no cuentan con ese tipo de fuentes de energ&iacute;a en cantidad suficiente y deben recurrir a terceros pa&iacute;ses. En estos casos, el modo de transporte de la energ&iacute;a no es simple. En el caso del transporte de energ&iacute;a a gran escala por v&iacute;a mar&iacute;tima existen diferentes soluciones posibles, desde la instalaci&oacute;n de cables submarinos o de tuber&iacute;as hasta el transporte de energ&iacute;a por medio de combustibles generados a partir de fuentes renovables como pueden ser hidr&oacute;geno y metanol.<\/li>\n<\/ul>\n<hr \/>\n<h4>Ventajas competitivas<\/h4>\n<ul>\n<li>PiCoHiMA ha desarrollado modelos termoecon&oacute;micos para ayudar en la decisi&oacute;n sobre el modo de transporte m&aacute;s adecuado teniendo en cuenta diversos factores como la distancia entre el origen y el destino de la energ&iacute;a, su el precio, el tipo de fuente de energ&iacute;a renovable en el origen, etc. Esta informaci&oacute;n puede ser clave tanto para gobiernos como para empresas del sector energ&eacute;tico.<\/li>\n<li style=\"text-align: justify\">La formaci&oacute;n especializada del Grupo PiCoHiMA hace que pueda realizar ofertas de trabajos de estudios termoecon&oacute;micos con una base cient&iacute;fico-tecnol&oacute;gica completamente s&oacute;lida y actualizada.<\/li>\n<\/ul>\n<hr \/>\n<h4>Referencias previas de prestaci&oacute;n<\/h4>\n<p>Las referencias previas nos obligan a mantener una estricta confidencialidad.<\/p>\n<hr \/>\n<h4>Grado de desarrollo<\/h4>\n<ul class=\"grado\">\n<li>Concepto<\/li>\n<li><strong>Investigaci&oacute;n<\/strong><\/li>\n<li>Prototipo &#8211; lab<\/li>\n<li>Prototipo industrial<\/li>\n<li>Producci&oacute;n<\/li>\n<\/ul>\n<hr \/>\n<div class=\"pdfprnt-buttons pdfprnt-buttons-product pdfprnt-bottom-left\"><a href=\"https:\/\/www.upm.es\/recursosidi\/wp-json\/wp\/v2\/product\/10943?print=pdf\" class=\"pdfprnt-button pdfprnt-button-pdf\" target=\"_blank\"><span class=\"pdfprnt-button-title pdfprnt-button-pdf-title\">Descargar ficha<\/span><\/a><\/div>","protected":false},"excerpt":{"rendered":"<p>Modelos termoecon\u00f3micos para transporte mar\u00edtimo de energ\u00eda de origen renovable a gran escala basados en hidr\u00f3geno y metanol como vectores energ\u00e9ticos.<\/p>\n","protected":false},"featured_media":10941,"template":"","meta":{"_acf_changed":false},"product_cat":[2384],"product_tag":[4592,2306,4610,4512,4513,4611,2444],"comunidades-upm":[],"quien":[],"mapa":[{"term_id":133,"name":"Clima, Energ\u00eda y Movilidad","slug":"clima-energia-movilidad","term_group":0,"term_taxonomy_id":133,"taxonomy":"mapa","description":"","parent":0,"count":129,"filter":"raw","term_order":"9"}],"disponibilidad":[{"term_id":205,"name":"Consultar disponibilidad","slug":"consultar","term_group":0,"term_taxonomy_id":205,"taxonomy":"disponibilidad","description":"","parent":0,"count":290,"filter":"raw","term_order":"0"}],"donde":[{"term_id":1880,"name":"Fuel Cells, Hydrogen Technology and Alternative Engines","slug":"en_fuel-cells-hydrogen-technology-and-alternative-engines","term_group":0,"term_taxonomy_id":1880,"taxonomy":"donde","description":"","parent":0,"count":11,"filter":"raw","term_order":"0"},{"term_id":660,"name":"Pilas de Combustible, Tecnolog\u00eda del Hidr\u00f3geno y Motores Alternativos","slug":"pilas-de-combustible-tecnologia-del-hidrogeno-y-motores-alternativos","term_group":0,"term_taxonomy_id":660,"taxonomy":"donde","description":"","parent":0,"count":11,"filter":"raw","term_order":"0"}],"infraestructura":[],"ods":[{"term_id":2255,"name":"Energ\u00eda Asequible y no Contaminante","slug":"energia-asequible-y-no-contaminante","term_group":0,"term_taxonomy_id":2255,"taxonomy":"ods","description":"","parent":0,"count":34,"filter":"raw","term_order":"0"}],"origen":[{"term_id":192,"name":"Soluciones tecnol\u00f3gicas","slug":"soluciones-tecnologicas","term_group":0,"term_taxonomy_id":192,"taxonomy":"origen","description":"","parent":0,"count":278,"filter":"raw","term_order":"0"}],"familia_tax":false,"quien_tax":false,"donde_tax":false,"year":"2018-01-01","contacto":"Escuela T\u00e9cnica Superior de Ingenieros Navales; Avenida de la Memoria, 4; 28040, Madrid; Espa\u00f1a","telefono":"910676267","pagina_web":"https:\/\/blogs.upm.es\/picohima\/en\/ ","email":"teresa.leo.mena@upm.es","id_ficha_portal":"389","video":"","adjuntos":false,"adjuntos_portal":"","inf":false,"departamento":"","acf":[],"lang":"es","translation":{"es":10943,"en":10946},"_links":{"self":[{"href":"https:\/\/www.upm.es\/recursosidi\/wp-json\/wp\/v2\/product\/10943"}],"collection":[{"href":"https:\/\/www.upm.es\/recursosidi\/wp-json\/wp\/v2\/product"}],"about":[{"href":"https:\/\/www.upm.es\/recursosidi\/wp-json\/wp\/v2\/types\/product"}],"wp:featuredmedia":[{"embeddable":true,"href":"https:\/\/www.upm.es\/recursosidi\/wp-json\/wp\/v2\/media\/10941"}],"wp:attachment":[{"href":"https:\/\/www.upm.es\/recursosidi\/wp-json\/wp\/v2\/media?parent=10943"}],"wp:term":[{"taxonomy":"product_cat","embeddable":true,"href":"https:\/\/www.upm.es\/recursosidi\/wp-json\/wp\/v2\/product_cat?post=10943"},{"taxonomy":"product_tag","embeddable":true,"href":"https:\/\/www.upm.es\/recursosidi\/wp-json\/wp\/v2\/product_tag?post=10943"},{"taxonomy":"comunidad_upm","embeddable":true,"href":"https:\/\/www.upm.es\/recursosidi\/wp-json\/wp\/v2\/comunidades-upm?post=10943"},{"taxonomy":"quien","embeddable":true,"href":"https:\/\/www.upm.es\/recursosidi\/wp-json\/wp\/v2\/quien?post=10943"},{"taxonomy":"mapa","embeddable":true,"href":"https:\/\/www.upm.es\/recursosidi\/wp-json\/wp\/v2\/mapa?post=10943"},{"taxonomy":"disponibilidad","embeddable":true,"href":"https:\/\/www.upm.es\/recursosidi\/wp-json\/wp\/v2\/disponibilidad?post=10943"},{"taxonomy":"donde","embeddable":true,"href":"https:\/\/www.upm.es\/recursosidi\/wp-json\/wp\/v2\/donde?post=10943"},{"taxonomy":"infraestructura","embeddable":true,"href":"https:\/\/www.upm.es\/recursosidi\/wp-json\/wp\/v2\/infraestructura?post=10943"},{"taxonomy":"ods","embeddable":true,"href":"https:\/\/www.upm.es\/recursosidi\/wp-json\/wp\/v2\/ods?post=10943"},{"taxonomy":"origen","embeddable":true,"href":"https:\/\/www.upm.es\/recursosidi\/wp-json\/wp\/v2\/origen?post=10943"}],"curies":[{"name":"wp","href":"https:\/\/api.w.org\/{rel}","templated":true}]}}