{"id":10956,"date":"2022-08-16T13:08:38","date_gmt":"2022-08-16T11:08:38","guid":{"rendered":"https:\/\/www.upm.es\/recursosidi\/offers-resources\/sin categor\u00eda\/neoblock-2\/"},"modified":"2022-08-16T13:08:40","modified_gmt":"2022-08-16T11:08:40","slug":"neoblock-2","status":"publish","type":"product","link":"https:\/\/www.upm.es\/recursosidi\/en\/offers-resources\/technological-solutions\/neoblock-2\/","title":{"rendered":"NEOBLOCK"},"content":{"rendered":"<h4 style='text-align: left'>\n                <strong>Brief description of the solution and the added value it delivers<\/strong><br \/>\n            <\/h4>\n<p>We have designed a rubber-cement composite with a high level of mechanical strength, with which we produce environmentally friendly concrete bricks that reduce the carbon footprint and improve the thermal comfort of buildings. Neoblock improves on the compressive mechanical properties of traditional building materials by a factor of between 2 and 10. It reduces the annual energy consumption of single-family homes by between 15 and 58% and, compared to other competing materials, improves the homes&#8217; interior comfort by between 2 and 10\u00baC, depending on their location and the summer\/winter conditions affecting them.<\/p>\n<h4 style='text-align: left'>\n                <strong>Description of the technological basis<\/strong><br \/>\n            <\/h4>\n<p style='text-align: justify'>A composite engineering material has been designed that contains recycled rubber from discarded tyres. That material is used to produce Neoblock, a hybrid building material in the form of insulated concrete bricks.<\/p>\n<p style='text-align: justify'>The rubber reduces the material&#8217;s environmental footprint and increases its mechanical strength and resilience. Compressive strengths of more than 35 MPa and flexural strengths of more than 8 MPa were obtained. Plus, thanks to its internal realignment, it was found to be highly TOUGH and RESILIENT.<\/p>\n<p style='text-align: justify'>Other features of Neoblock are: elimination of thermal bridges, reduction in the energy consumption related to heating and cooling, and the consequent reduction in greenhouse gas emissions.<\/p>\n<p style='text-align: justify'>The correct use of this waste-based material in itself represents a significant technological advance, as the mechanical properties of concretes using this type of material as an aggregate had not previously been improved.<\/p>\n<p style='text-align: center'>\n                <em><br \/>\n                    <span>&#8216;By including rubber, we reduce the material&#8217;s environmental footprint and increase its mechanical strength and resilience.&#8217;<\/span><br \/>\n                <\/em>\n            <\/p>\n<h4 style='text-align: left' \/>\n<h4 style='text-align: left'>\n                <strong>Business needs \/ application<\/strong><br \/>\n            <\/h4>\n<ul>\n<li style='text-align: justify'>\n<p>Constant population growth globally makes it necessary to improve the materials and systems used to build homes and other buildings.<\/p>\n<\/li>\n<li style='text-align: justify'>\n<p>Improving energy efficiency and reducing environmental impact: the cornerstone on which the development of new construction technologies is based.<\/p>\n<\/li>\n<li style='text-align: justify'>\n<p>Tendency on the part of the end user to demand building systems that result in lower costs (heating\/cooling).<\/p>\n<\/li>\n<li style='text-align: justify'>\n<p>In Mexico, more than one million homes are built every year (70% social housing). More than 40% of their owners think that improvements relating to thermal insulation, sound insulation and wall strength are needed.<\/p>\n<\/li>\n<li style='text-align: justify'>\n<p>In Latin America, not all homes have heating\/cooling systems to ensure the thermal comfort of their occupants.<\/p>\n<\/li>\n<\/ul>\n<div style='text-align: center'>\n                <em>&#8216;Neoblock is an environmentally friendly material that ensures the elimination of thermal bridges and improves the energy efficiency of buildings thanks to its low thermal transmittance&#8217;<\/em>\n            <\/div>\n<h4 \/>\n<h4 style='text-align: left'>\n                <strong>Competitive advantages<\/strong><br \/>\n            <\/h4>\n<ul>\n<li>\n<p>Environmentally friendly: made with rubber from discarded tyres, which enables it to be assessed positively in international environmental certification processes (LEED, BREEAM, etc.).<\/p>\n<\/li>\n<li>\n<p>Great mechanical strength (compressive strength of 35 MPa and flexural strength of 8 MPa), improving on the compressive strength of competing materials by a factor of up to 10.<\/p>\n<\/li>\n<li>\n<p>Hybrid: its composition includes an insulating material. It ensures the elimination of thermal bridges and, thanks to its low thermal transmittance (0.48 W\/m2K), improves the energy efficiency of buildings, reducing greenhouse gas emissions by between 15 and 58% compared to competing materials.<\/p>\n<\/li>\n<li>\n<p>Highly resilient.<\/p>\n<\/li>\n<\/ul>\n<h4 style='text-align: left'>\n                <strong>References<\/strong><br \/>\n            <\/h4>\n<ul>\n<li>\n<p style='text-align: justify'>Extensive experience in the reuse of recycled rubber from discarded tyres as an aggregate for the production of new construction solutions.<\/p>\n<\/li>\n<li style='text-align: justify'>\n<p>Experts in energy efficiency, sustainability and the development of new construction materials.<\/p>\n<\/li>\n<li>\n<p style='text-align: justify'>The research team has developed other patented solutions.<\/p>\n<\/li>\n<\/ul>\n<h4 style='text-align: left'>\n                <strong>Stage of development<\/strong><br \/>\n            <\/h4>\n<ul>\n<li>\n<p>Concept<\/p>\n<\/li>\n<li>\n<p>Research<\/p>\n<\/li>\n<li>\n<p>\n                        <span style='text-decoration: underline'><br \/>\n                            <strong>Lab prototype<\/strong><br \/>\n                        <\/span>\n                    <\/p>\n<\/li>\n<li>\n<p>Industrial prototype<\/p>\n<\/li>\n<li>\n<p>Production<\/p>\n<\/li>\n<\/ul>\n<h4 style='text-align: left'>\n                <strong>Contact<\/strong><br \/>\n            <\/h4>\n<p>\n                <strong>Neoblock contact<\/strong>\n            <\/p>\n<p>J. Ad\u00e1n S\u00e1nchez Res\u00e9ndiz, Francesca Olivieri<\/p>\n<p>e: <span rel=\"68311b30bb311c31b6312631a6314231ca310e31a83125319d311031bf31053095313931b531\" class=\"cryptex \" style=\"\"><span class=\"CryptexImg ctxNbV44G4xeg_fq03kJYz0T-gHl-eSZAdNE6FZkI_EZPM\"><\/span><\/span><\/p>\n<p>e: <span rel=\"68311b30ae312d31a5312a31a8313531cc313131a2311a30ab311331bc3143319b312f31ba311c3175311b31c4313b3163311931c131\" class=\"cryptex \" style=\"\"><span class=\"CryptexImg ctxEoVG33CzdFIFlU06SOD-QmMHGFVxEpOCl6iYc0ks5Vs\"><\/span><\/span><\/p>\n<p>\n                <strong>UPM contact<\/strong>\n            <\/p>\n<p>Innovation and Entrepreneurship Programmes<\/p>\n<p>Technological Innovation Support Centre (CAIT) &#8211; UPM<\/p>\n<p>e: <span rel=\"68311b30b1312931b2312b31bb313131bc313731b03126316a311b31b8313031a0313931b43122319c310f31b7312f3175312931be312e3185311d31b731\" class=\"cryptex \" style=\"\"><span class=\"CryptexImg ctxR7neImVV1tJoTSyttUGBAuiESKXKLLyzTwJSN1lk9Z0\"><\/span><\/span><\/p>\n<div class=\"pdfprnt-buttons pdfprnt-buttons-product pdfprnt-bottom-left\"><a href=\"https:\/\/www.upm.es\/recursosidi\/wp-json\/wp\/v2\/product\/10956?print=pdf\" class=\"pdfprnt-button pdfprnt-button-pdf\" target=\"_blank\"><span class=\"pdfprnt-button-title pdfprnt-button-pdf-title\">Descargar ficha<\/span><\/a><\/div>","protected":false},"excerpt":{"rendered":"<p>Improving the energy efficiency of buildings. Structural, insulating and resilient brick that is environmentally friendly.<\/p>\n","protected":false},"featured_media":10954,"template":"","meta":{"_acf_changed":false},"product_cat":[2386],"product_tag":[8227,6404],"comunidades-upm":[],"quien":[],"mapa":[{"term_id":41,"name":"Climate, Energy and Mobility","slug":"climate-energy-mobility","term_group":0,"term_taxonomy_id":41,"taxonomy":"mapa","description":"","parent":0,"count":60,"filter":"raw","term_order":"10"},{"term_id":75,"name":"Industry, Materials and Circular Economy","slug":"industry-materials-circular_economy","term_group":0,"term_taxonomy_id":75,"taxonomy":"mapa","description":"","parent":0,"count":87,"filter":"raw","term_order":"14"}],"disponibilidad":[],"donde":[{"term_id":260,"name":"Arquitectura Bioclim\u00e1tica en un entorno sostenible-ABIO","slug":"arquitectura-bioclimatica-en-un-entorno-sostenible-abio","term_group":0,"term_taxonomy_id":260,"taxonomy":"donde","description":"","parent":0,"count":19,"filter":"raw","term_order":"0"},{"term_id":1484,"name":"Bioclimatic Architecture in a sustainable environment - ABIO","slug":"en_bioclimatic-architecture-in-a-sustainable-environment-abio","term_group":0,"term_taxonomy_id":1484,"taxonomy":"donde","description":"","parent":0,"count":7,"filter":"raw","term_order":"0"}],"infraestructura":[],"ods":[{"term_id":2233,"name":"Climate Action","slug":"climate-action","term_group":0,"term_taxonomy_id":2233,"taxonomy":"ods","description":"","parent":0,"count":64,"filter":"raw","term_order":"0"},{"term_id":2241,"name":"Sustainable Cities and Communities","slug":"sustainable-cities-and-communities","term_group":0,"term_taxonomy_id":2241,"taxonomy":"ods","description":"","parent":0,"count":38,"filter":"raw","term_order":"0"}],"origen":[{"term_id":192,"name":"Soluciones tecnol\u00f3gicas","slug":"soluciones-tecnologicas","term_group":0,"term_taxonomy_id":192,"taxonomy":"origen","description":"","parent":0,"count":278,"filter":"raw","term_order":"0"}],"familia_tax":false,"quien_tax":false,"donde_tax":false,"year":"","contacto":"ETS de Arquitectura de Madrid - UPM, Av. Juan de Herrera, 4, 28040, Madrid","telefono":"","pagina_web":"http:\/\/etsamadrid.aq.upm.es\/","email":"francesca.olivieri@upm.es","id_ficha_portal":"31","video":"","adjuntos":false,"adjuntos_portal":"","inf":false,"departamento":"","acf":[],"lang":"en","translation":{"en":10956,"es":10953},"_links":{"self":[{"href":"https:\/\/www.upm.es\/recursosidi\/wp-json\/wp\/v2\/product\/10956"}],"collection":[{"href":"https:\/\/www.upm.es\/recursosidi\/wp-json\/wp\/v2\/product"}],"about":[{"href":"https:\/\/www.upm.es\/recursosidi\/wp-json\/wp\/v2\/types\/product"}],"wp:featuredmedia":[{"embeddable":true,"href":"https:\/\/www.upm.es\/recursosidi\/wp-json\/wp\/v2\/media\/10954"}],"wp:attachment":[{"href":"https:\/\/www.upm.es\/recursosidi\/wp-json\/wp\/v2\/media?parent=10956"}],"wp:term":[{"taxonomy":"product_cat","embeddable":true,"href":"https:\/\/www.upm.es\/recursosidi\/wp-json\/wp\/v2\/product_cat?post=10956"},{"taxonomy":"product_tag","embeddable":true,"href":"https:\/\/www.upm.es\/recursosidi\/wp-json\/wp\/v2\/product_tag?post=10956"},{"taxonomy":"comunidad_upm","embeddable":true,"href":"https:\/\/www.upm.es\/recursosidi\/wp-json\/wp\/v2\/comunidades-upm?post=10956"},{"taxonomy":"quien","embeddable":true,"href":"https:\/\/www.upm.es\/recursosidi\/wp-json\/wp\/v2\/quien?post=10956"},{"taxonomy":"mapa","embeddable":true,"href":"https:\/\/www.upm.es\/recursosidi\/wp-json\/wp\/v2\/mapa?post=10956"},{"taxonomy":"disponibilidad","embeddable":true,"href":"https:\/\/www.upm.es\/recursosidi\/wp-json\/wp\/v2\/disponibilidad?post=10956"},{"taxonomy":"donde","embeddable":true,"href":"https:\/\/www.upm.es\/recursosidi\/wp-json\/wp\/v2\/donde?post=10956"},{"taxonomy":"infraestructura","embeddable":true,"href":"https:\/\/www.upm.es\/recursosidi\/wp-json\/wp\/v2\/infraestructura?post=10956"},{"taxonomy":"ods","embeddable":true,"href":"https:\/\/www.upm.es\/recursosidi\/wp-json\/wp\/v2\/ods?post=10956"},{"taxonomy":"origen","embeddable":true,"href":"https:\/\/www.upm.es\/recursosidi\/wp-json\/wp\/v2\/origen?post=10956"}],"curies":[{"name":"wp","href":"https:\/\/api.w.org\/{rel}","templated":true}]}}