{"id":10962,"date":"2022-08-16T13:08:58","date_gmt":"2022-08-16T11:08:58","guid":{"rendered":"https:\/\/www.upm.es\/recursosidi\/offers-resources\/sin categor\u00eda\/optirain\/"},"modified":"2022-08-16T13:09:07","modified_gmt":"2022-08-16T11:09:07","slug":"optirain","status":"publish","type":"product","link":"https:\/\/www.upm.es\/recursosidi\/offers-resources\/soluciones-tecnologicas\/optirain\/","title":{"rendered":"OPTIRAIN"},"content":{"rendered":"<h4>Descripci&oacute;n breve conjunta de la soluci&oacute;n y valor a&ntilde;adido que aporta<\/h4>\n<p>Sistema para la correcci&oacute;n de errores de medici&oacute;n en pluvi&oacute;metros de cazoletas basculantes<\/p>\n<hr \/>\n<h4>Descripci&oacute;n de la base tecnol&oacute;gica<\/h4>\n<p style=\"text-align: justify\">La soluci&oacute;n propuesta reduce errores de medida generados por la variaci&oacute;n en la intensidad de precipitaci&oacute;n en un 80% y caracteriza el comportamiento del mecanismo, en instrumentos para la medici&oacute;n de fluidos con cazoletas basculantes. Caracterizando la adici&oacute;n de excedentes durante el movimiento del balanc&iacute;n y la disminuci&oacute;n del volumen nominal de basculaci&oacute;n.<\/p>\n<p style=\"text-align: justify\">EL m&eacute;todo esta incluido en un software que permite su ejecuci&oacute;n de manera autom&aacute;tica y en tiempo casi real, adem&aacute;s es un sistema de f&aacute;cil implementaci&oacute;n que permite su empleo en distintos pluvi&oacute;metros simplemente cambiando los par&aacute;metros iniciales del modelo.<\/p>\n<blockquote style=\"text-align: center;padding: 20px 10px\" title=\"Quote\"><p>&ldquo;Correcci&oacute;n de errores en la medici&oacute;n de la precipitaci&oacute;n de manera r&aacute;pida y eficiente&rdquo;<\/p><\/blockquote>\n<blockquote style=\"text-align: center;padding: 20px 10px\" title=\"Quote\">\n<p>&ldquo;Mejorando el funcionamiento de los pluvi&oacute;metros mas competitivos del mercado&rdquo;<\/p>\n<\/blockquote>\n<hr \/>\n<h4>Necesidades de negocio \/ aplicaci&oacute;n<\/h4>\n<ul>\n<li style=\"text-align: justify\">La monitorizaci&oacute;n meteorol&oacute;gica a nivel mundial y principalmente las hidrol&oacute;gica se ha incrementado de manera significativa los &uacute;ltimos, debido al surgimiento de nuevas tecnolog&iacute;as y el inter&eacute;s generalizado por la gesti&oacute;n de los recursos h&iacute;dricos.<\/li>\n<li style=\"text-align: justify\">El incremento de la monitorizaci&oacute;n va de la mano con el incremento de la demanda de una mayor frecuencia temporal y especial de datos. As&iacute;, como de datos mas precisos y de mayor calidad, principalmente pensados para su gesti&oacute;n en tiempo real.<\/li>\n<li style=\"text-align: justify\">El pluvi&oacute;metros de cazoletas basculantes es el instrumento mas utilizado en el mundo para medir la precipitaci&oacute;n, debido a su simplicidad (f&aacute;cil de producir), su bajo coste que propicia su uso masivo frente a otros sensores y su bajo consumo energ&eacute;tico que permite su empleo en zonas remotas. Sin embargo su principal desventaja su baja precisi&oacute;n en las mediciones y la variabilidad del error de medici&oacute;n.<\/li>\n<\/ul>\n<hr \/>\n<h4>Ventajas competitivas<\/h4>\n<ul>\n<li style=\"text-align: justify\">M&eacute;todo funcional, comprobado, que reduce el error entre un 50 y 80 % comparado con el m&eacute;todo tradicional de calibraci&oacute;n.<\/li>\n<li style=\"text-align: justify\">F&aacute;cil implementaci&oacute;n, automatizable y aplicable a cualquier equipo de cazoletas basculantes de manera sencilla.<\/li>\n<li style=\"text-align: justify\">Software desarrollado y probado de f&aacute;cil compatibilidad con distintas plataformas para la aplicaci&oacute;n de las correcciones en tiempo casi real.<\/li>\n<li style=\"text-align: justify\">M&eacute;todo pensado para incrementar la competitividad de un tipo de pluvi&oacute;metro que de por s&iacute;, presenta grandes ventajas competitivas frente a otras alterativas, corrigiendo su principal desventaja.<\/li>\n<\/ul>\n<hr \/>\n<h4>Referencias<\/h4>\n<ul>\n<li style=\"text-align: justify\">Soluci&oacute;n probada y validada con &eacute;xito en condiciones de laboratorio as&iacute; como en campo en colaboraci&oacute;n con el equipo de gesti&oacute;n del riesgo del IGME en 10 pluvi&oacute;metros de cazoletas de dos modelos diferentes en una base de datos de hasta 13 a&ntilde;os de registro.<\/li>\n<\/ul>\n<hr \/>\n<h4>Protecci&oacute;n<\/h4>\n<ul class=\"propiedad\">\n<li>Patente en solicitud P202030968<\/li>\n<\/ul>\n<hr \/>\n<h4>Grado de desarrollo<\/h4>\n<ul class=\"grado\">\n<li>Concepto<\/li>\n<li>Investigaci&oacute;n<\/li>\n<li><strong>Prototipo &#8211; lab<\/strong><\/li>\n<li>Prototipo industrial<\/li>\n<li>Producci&oacute;n<\/li>\n<\/ul>\n<hr \/>\n<h4>Contacto<\/h4>\n<p><strong>Contacto OPTIRAIN<\/strong><\/p>\n<p>Daniel Segovia Cardozo<\/p>\n<p>Grupo de Investigaci&oacute;n Hidr&aacute;ulica del Riego| ETSIAAB | UPM<\/p>\n<p>e: <span rel=\"86312e3099310c3179312e31ab312031c03133319d310c3179313831a33132317a311231cc31\" class=\"cryptex \" style=\"\"><span class=\"CryptexImg ctxAF_zztOtH7oCPrpkhQrQfMT31RcGeL2CJ_iw42SrDrc\"><\/span><\/span><\/p>\n<p><strong>Contacto UPM<\/strong><\/p>\n<p>I&amp;E<\/p>\n<p>Centro de Apoyo a la Innovaci&oacute;n Tecnol&oacute;gica &ndash; UPM&nbsp;<\/p>\n<p>e: <span rel=\"86312e309e311931b9312a31bc311a31b4312631a33119316731373198312831ba311c31c5312a31b33119319631113190312531c43137316c310c31a331\" class=\"cryptex \" style=\"\"><span class=\"CryptexImg ctxR7neImVV1tJoTSyttUGBAuiESKXKLLyzTwJSN1lk9Z0\"><\/span><\/span><\/p>\n<div class=\"pdfprnt-buttons pdfprnt-buttons-product pdfprnt-bottom-left\"><a href=\"https:\/\/www.upm.es\/recursosidi\/wp-json\/wp\/v2\/product\/10962?print=pdf\" class=\"pdfprnt-button pdfprnt-button-pdf\" target=\"_blank\"><span class=\"pdfprnt-button-title pdfprnt-button-pdf-title\">Descargar ficha<\/span><\/a><\/div>","protected":false},"excerpt":{"rendered":"<p>Improving rainfall data quality<\/p>\n","protected":false},"featured_media":10961,"template":"","meta":{"_acf_changed":false},"product_cat":[2384],"product_tag":[3556,3555],"comunidades-upm":[],"quien":[],"mapa":[{"term_id":139,"name":"Agricultura, silvicultura, recursos naturales, usos de la tierra y crecimiento azul","slug":"agricultura-silvicultura-recursos_naturales-usos_tierra-crecimiento_azul","term_group":0,"term_taxonomy_id":139,"taxonomy":"mapa","description":"","parent":0,"count":43,"filter":"raw","term_order":"2"},{"term_id":133,"name":"Clima, Energ\u00eda y Movilidad","slug":"clima-energia-movilidad","term_group":0,"term_taxonomy_id":133,"taxonomy":"mapa","description":"","parent":0,"count":129,"filter":"raw","term_order":"9"}],"disponibilidad":[],"donde":[{"term_id":320,"name":"Hidr\u00e1ulica del riego","slug":"hidraulica-del-riego","term_group":0,"term_taxonomy_id":320,"taxonomy":"donde","description":"","parent":0,"count":3,"filter":"raw","term_order":"0"},{"term_id":1544,"name":"Irrigation hydraulics","slug":"en_irrigation-hydraulics","term_group":0,"term_taxonomy_id":1544,"taxonomy":"donde","description":"","parent":0,"count":2,"filter":"raw","term_order":"0"}],"infraestructura":[],"ods":[{"term_id":2231,"name":"Acci\u00f3n por el Clima","slug":"accion-por-el-clima","term_group":0,"term_taxonomy_id":2231,"taxonomy":"ods","description":"","parent":0,"count":67,"filter":"raw","term_order":"0"},{"term_id":2223,"name":"Vida de Ecosistemas Terrestres","slug":"vida-de-ecosistemas-terrestres","term_group":0,"term_taxonomy_id":2223,"taxonomy":"ods","description":"","parent":0,"count":8,"filter":"raw","term_order":"0"}],"origen":[{"term_id":192,"name":"Soluciones tecnol\u00f3gicas","slug":"soluciones-tecnologicas","term_group":0,"term_taxonomy_id":192,"taxonomy":"origen","description":"","parent":0,"count":278,"filter":"raw","term_order":"0"}],"familia_tax":false,"quien_tax":false,"donde_tax":false,"year":"","contacto":"Escuela T\u00e9cnica Superior de Ingenier\u00eda Agron\u00f3mica, Alimentaria y de Biosistemas - UPM\r\nCampus Ciudad Universitaria\r\nAv. Puerta de Hierro, n\u00ba 2 - 4 \r\n28040 Madrid","telefono":"","pagina_web":"https:\/\/www.etsiaab.upm.es\/","email":"da.segovia@upm.es","id_ficha_portal":"295","video":"","adjuntos":false,"adjuntos_portal":"","inf":false,"departamento":"","acf":[],"lang":"es","translation":{"es":10962,"en":10964},"_links":{"self":[{"href":"https:\/\/www.upm.es\/recursosidi\/wp-json\/wp\/v2\/product\/10962"}],"collection":[{"href":"https:\/\/www.upm.es\/recursosidi\/wp-json\/wp\/v2\/product"}],"about":[{"href":"https:\/\/www.upm.es\/recursosidi\/wp-json\/wp\/v2\/types\/product"}],"wp:featuredmedia":[{"embeddable":true,"href":"https:\/\/www.upm.es\/recursosidi\/wp-json\/wp\/v2\/media\/10961"}],"wp:attachment":[{"href":"https:\/\/www.upm.es\/recursosidi\/wp-json\/wp\/v2\/media?parent=10962"}],"wp:term":[{"taxonomy":"product_cat","embeddable":true,"href":"https:\/\/www.upm.es\/recursosidi\/wp-json\/wp\/v2\/product_cat?post=10962"},{"taxonomy":"product_tag","embeddable":true,"href":"https:\/\/www.upm.es\/recursosidi\/wp-json\/wp\/v2\/product_tag?post=10962"},{"taxonomy":"comunidad_upm","embeddable":true,"href":"https:\/\/www.upm.es\/recursosidi\/wp-json\/wp\/v2\/comunidades-upm?post=10962"},{"taxonomy":"quien","embeddable":true,"href":"https:\/\/www.upm.es\/recursosidi\/wp-json\/wp\/v2\/quien?post=10962"},{"taxonomy":"mapa","embeddable":true,"href":"https:\/\/www.upm.es\/recursosidi\/wp-json\/wp\/v2\/mapa?post=10962"},{"taxonomy":"disponibilidad","embeddable":true,"href":"https:\/\/www.upm.es\/recursosidi\/wp-json\/wp\/v2\/disponibilidad?post=10962"},{"taxonomy":"donde","embeddable":true,"href":"https:\/\/www.upm.es\/recursosidi\/wp-json\/wp\/v2\/donde?post=10962"},{"taxonomy":"infraestructura","embeddable":true,"href":"https:\/\/www.upm.es\/recursosidi\/wp-json\/wp\/v2\/infraestructura?post=10962"},{"taxonomy":"ods","embeddable":true,"href":"https:\/\/www.upm.es\/recursosidi\/wp-json\/wp\/v2\/ods?post=10962"},{"taxonomy":"origen","embeddable":true,"href":"https:\/\/www.upm.es\/recursosidi\/wp-json\/wp\/v2\/origen?post=10962"}],"curies":[{"name":"wp","href":"https:\/\/api.w.org\/{rel}","templated":true}]}}