{"id":10964,"date":"2022-08-16T13:09:05","date_gmt":"2022-08-16T11:09:05","guid":{"rendered":"https:\/\/www.upm.es\/recursosidi\/offers-resources\/sin categor\u00eda\/optirain-2\/"},"modified":"2022-08-16T13:09:07","modified_gmt":"2022-08-16T11:09:07","slug":"optirain-2","status":"publish","type":"product","link":"https:\/\/www.upm.es\/recursosidi\/en\/offers-resources\/technological-solutions\/optirain-2\/","title":{"rendered":"OPTIRAIN"},"content":{"rendered":"<h4>Brief description of the solution and the added value it delivers<\/h4>\n<p>System for correcting measurement errors in tipping-bucket rain gauges.<\/p>\n<hr \/>\n<h4>Description of the technological basis<\/h4>\n<p style='text-align: justify'>The proposed solution reduces measurement errors caused by variation in rainfall intensity by 80% and characterises the behaviour of the mechanism in tipping bucket-type instruments for measuring fluids. It characterises the addition of excess amounts during the movement of the tipping bucket and the reduction in the nominal tipped volume.<\/p>\n<p style='text-align: justify'>The method is contained in a piece of software, allowing it to run automatically and in near real time. It is also an easy-to-implement system that can be used with different rain gauges by simply changing the initial parameters of the model.<\/p>\n<blockquote style='text-align: center;padding: 20px 10px' title='Quote'><p>&#8216;Fast and efficient correction of errors in rainfall measurement&#8217;<\/p><\/blockquote>\n<blockquote style='text-align: center;padding: 20px 10px' title='Quote'>\n<p>&#8216;Improving the performance of the most competitive rain gauges on the market&#8217;<\/p>\n<\/blockquote>\n<hr \/>\n<h4>Business needs \/ application<\/h4>\n<ul>\n<li style='text-align: justify'>Weather monitoring worldwide &#8211; and, in particular, rainfall monitoring &#8211; has increased significantly in recent years, due to the emergence of new technologies and the widespread interest in water resource management.<\/li>\n<li style='text-align: justify'>The increase in monitoring goes hand in hand with an increase in demand for a greater temporal and spatial frequency of data, as well as for more precise and higher-quality data, principally intended for real-time handling.<\/li>\n<li style='text-align: justify'>The tipping-bucket rain gauge is the most widely used instrument worldwide for measuring rainfall, due to its simplicity (easy to make), its low cost (which favours its mass use compared to other sensors) and its low energy consumption (which allows it to be used in remote areas). However, it has two main drawbacks: low measurement accuracy and measurement error variability.<\/li>\n<\/ul>\n<hr \/>\n<h4>Competitive advantages<\/h4>\n<ul>\n<li style='text-align: justify'>Proven, functional method that reduces error by between 50 and 80% compared to the traditional calibration method.<\/li>\n<li style='text-align: justify'>Easy to implement, capable of automation and easily applicable to any tipping-bucket device.<\/li>\n<li style='text-align: justify'>Software developed and tested for easy compatibility with different platforms, so that corrections can be applied in almost real time.<\/li>\n<li style='text-align: justify'>Method designed to increase the competitiveness of a type of rain gauge that in itself offers great competitive advantages over other alternatives, by overcoming its main drawback.<\/li>\n<\/ul>\n<hr \/>\n<h4>References<\/h4>\n<ul>\n<li style='text-align: justify'>Solution successfully tested and validated in laboratory conditions and in the field, in collaboration with the Spanish Geological and Mining Institute&#8217;s risk management team, on 10 tipping-bucket rain gauges of two different models in a database with up to 13 years of records.<\/li>\n<\/ul>\n<hr \/>\n<h4>Protection<\/h4>\n<ul class='propiedad'>\n<li>Patent pending: P202030968<\/li>\n<\/ul>\n<hr \/>\n<h4>Stage of development<\/h4>\n<ul class='grado'>\n<li>Concept<\/li>\n<li>Research<\/li>\n<li>\n                    <strong>Lab prototype<\/strong>\n                <\/li>\n<li>Industrial prototype<\/li>\n<li>Production<\/li>\n<\/ul>\n<hr \/>\n<h4>Contact<\/h4>\n<p>\n                <strong>OPTIRAIN contact<\/strong>\n            <\/p>\n<p>Daniel Segovia Cardozo<\/p>\n<p>Grupo de Investigaci\u00f3n Hidr\u00e1ulica del Riego| ETSIAAB | UPM<\/p>\n<p>e: <span rel=\"6c311d30ba311c316f312331b0312631c9313a31b3311a3198313031a0313c3186312a31b131\" class=\"cryptex \" style=\"\"><span class=\"CryptexImg ctxAF_zztOtH7oCPrpkhQrQfMT31RcGeL2CJ_iw42SrDrc\"><\/span><\/span><\/p>\n<p>\n                <strong>UPM contact<\/strong>\n            <\/p>\n<p>I&amp;E<\/p>\n<p>Technological Innovation Support Centre (CAIT) &#8211; UPM<\/p>\n<p>e: <span rel=\"6c311d30bf312931af311f31c1312031bd312d31b931273186312f3195313231c6313431aa312431ba311131ab31133194311b31aa31333166311e31a731\" class=\"cryptex \" style=\"\"><span class=\"CryptexImg ctxR7neImVV1tJoTSyttUGBAuiESKXKLLyzTwJSN1lk9Z0\"><\/span><\/span><\/p>\n<div class=\"pdfprnt-buttons pdfprnt-buttons-product pdfprnt-bottom-left\"><a href=\"https:\/\/www.upm.es\/recursosidi\/wp-json\/wp\/v2\/product\/10964?print=pdf\" class=\"pdfprnt-button pdfprnt-button-pdf\" target=\"_blank\"><span class=\"pdfprnt-button-title pdfprnt-button-pdf-title\">Descargar ficha<\/span><\/a><\/div>","protected":false},"excerpt":{"rendered":"<p>Improving rainfall data quality<\/p>\n","protected":false},"featured_media":10963,"template":"","meta":{"_acf_changed":false},"product_cat":[2386],"product_tag":[8235,8233],"comunidades-upm":[],"quien":[],"mapa":[{"term_id":77,"name":"Agriculture, Forestry, Natural Resources, Land Use and Blue Growth","slug":"agriculture-forestry-natural_resources-land-use-blue_growth","term_group":0,"term_taxonomy_id":77,"taxonomy":"mapa","description":"","parent":0,"count":20,"filter":"raw","term_order":"1"},{"term_id":41,"name":"Climate, Energy and Mobility","slug":"climate-energy-mobility","term_group":0,"term_taxonomy_id":41,"taxonomy":"mapa","description":"","parent":0,"count":60,"filter":"raw","term_order":"10"}],"disponibilidad":[],"donde":[{"term_id":320,"name":"Hidr\u00e1ulica del riego","slug":"hidraulica-del-riego","term_group":0,"term_taxonomy_id":320,"taxonomy":"donde","description":"","parent":0,"count":3,"filter":"raw","term_order":"0"},{"term_id":1544,"name":"Irrigation hydraulics","slug":"en_irrigation-hydraulics","term_group":0,"term_taxonomy_id":1544,"taxonomy":"donde","description":"","parent":0,"count":2,"filter":"raw","term_order":"0"}],"infraestructura":[],"ods":[{"term_id":2233,"name":"Climate Action","slug":"climate-action","term_group":0,"term_taxonomy_id":2233,"taxonomy":"ods","description":"","parent":0,"count":64,"filter":"raw","term_order":"0"},{"term_id":2225,"name":"Life on Land","slug":"life-on-land","term_group":0,"term_taxonomy_id":2225,"taxonomy":"ods","description":"","parent":0,"count":6,"filter":"raw","term_order":"0"}],"origen":[{"term_id":192,"name":"Soluciones tecnol\u00f3gicas","slug":"soluciones-tecnologicas","term_group":0,"term_taxonomy_id":192,"taxonomy":"origen","description":"","parent":0,"count":278,"filter":"raw","term_order":"0"}],"familia_tax":false,"quien_tax":false,"donde_tax":false,"year":"","contacto":"Escuela T\u00e9cnica Superior de Ingenier\u00eda Agron\u00f3mica, Alimentaria y de Biosistemas - UPM\r\nCampus Ciudad Universitaria\r\nAv. Puerta de Hierro, n\u00ba 2 - 4 \r\n28040 Madrid","telefono":"","pagina_web":"https:\/\/www.etsiaab.upm.es\/","email":"da.segovia@upm.es","id_ficha_portal":"295","video":"","adjuntos":false,"adjuntos_portal":"","inf":false,"departamento":"","acf":[],"lang":"en","translation":{"en":10964,"es":10962},"_links":{"self":[{"href":"https:\/\/www.upm.es\/recursosidi\/wp-json\/wp\/v2\/product\/10964"}],"collection":[{"href":"https:\/\/www.upm.es\/recursosidi\/wp-json\/wp\/v2\/product"}],"about":[{"href":"https:\/\/www.upm.es\/recursosidi\/wp-json\/wp\/v2\/types\/product"}],"wp:featuredmedia":[{"embeddable":true,"href":"https:\/\/www.upm.es\/recursosidi\/wp-json\/wp\/v2\/media\/10963"}],"wp:attachment":[{"href":"https:\/\/www.upm.es\/recursosidi\/wp-json\/wp\/v2\/media?parent=10964"}],"wp:term":[{"taxonomy":"product_cat","embeddable":true,"href":"https:\/\/www.upm.es\/recursosidi\/wp-json\/wp\/v2\/product_cat?post=10964"},{"taxonomy":"product_tag","embeddable":true,"href":"https:\/\/www.upm.es\/recursosidi\/wp-json\/wp\/v2\/product_tag?post=10964"},{"taxonomy":"comunidad_upm","embeddable":true,"href":"https:\/\/www.upm.es\/recursosidi\/wp-json\/wp\/v2\/comunidades-upm?post=10964"},{"taxonomy":"quien","embeddable":true,"href":"https:\/\/www.upm.es\/recursosidi\/wp-json\/wp\/v2\/quien?post=10964"},{"taxonomy":"mapa","embeddable":true,"href":"https:\/\/www.upm.es\/recursosidi\/wp-json\/wp\/v2\/mapa?post=10964"},{"taxonomy":"disponibilidad","embeddable":true,"href":"https:\/\/www.upm.es\/recursosidi\/wp-json\/wp\/v2\/disponibilidad?post=10964"},{"taxonomy":"donde","embeddable":true,"href":"https:\/\/www.upm.es\/recursosidi\/wp-json\/wp\/v2\/donde?post=10964"},{"taxonomy":"infraestructura","embeddable":true,"href":"https:\/\/www.upm.es\/recursosidi\/wp-json\/wp\/v2\/infraestructura?post=10964"},{"taxonomy":"ods","embeddable":true,"href":"https:\/\/www.upm.es\/recursosidi\/wp-json\/wp\/v2\/ods?post=10964"},{"taxonomy":"origen","embeddable":true,"href":"https:\/\/www.upm.es\/recursosidi\/wp-json\/wp\/v2\/origen?post=10964"}],"curies":[{"name":"wp","href":"https:\/\/api.w.org\/{rel}","templated":true}]}}