{"id":10974,"date":"2022-08-16T13:09:33","date_gmt":"2022-08-16T11:09:33","guid":{"rendered":"https:\/\/www.upm.es\/recursosidi\/offers-resources\/sin categor\u00eda\/poseidon\/"},"modified":"2022-08-16T13:09:40","modified_gmt":"2022-08-16T11:09:40","slug":"poseidon","status":"publish","type":"product","link":"https:\/\/www.upm.es\/recursosidi\/offers-resources\/soluciones-tecnologicas\/poseidon\/","title":{"rendered":"POSEID\u00d3N"},"content":{"rendered":"<h4 style=\"text-align: left\"><strong>Descripci&oacute;n breve conjunta de la soluci&oacute;n y valor a&ntilde;adido que aporta <\/strong><\/h4>\n<p style=\"text-align: justify\">La base de datos incluye las tasas de cambio esperables, como consecuencia del cambio clim&aacute;tico, en las precipitaciones diarias m&aacute;ximas para periodos de retorno de 2, 5, 10, 50, 100, 500 y 1000 a&ntilde;os, en la Espa&ntilde;a peninsular, Portugal e Islas Baleares.<\/p>\n<p style=\"text-align: justify\">La obtenci&oacute;n de la ley de frecuencia de precipitaciones esperable en el futuro, como consecuencia del cambio clim&aacute;tico, a partir de la ley de frecuencia de precipitaciones actual y obtenida a partir de la informaci&oacute;n registrada en pluvi&oacute;metros, es inmediata.<\/p>\n<p style=\"text-align: justify\">La base de datos tiene aplicaci&oacute;n para conocer el comportamiento futuro, en situaci&oacute;n de cambio clim&aacute;tico, de las precipitaciones y avenidas, as&iacute; como para evaluar la seguridad de las infraestructuras hidr&aacute;ulicas en el futuro.<\/p>\n<h4 style=\"text-align: left\"><strong>Descripci&oacute;n de la base tecnol&oacute;gica<\/strong><\/h4>\n<p style=\"text-align: justify\">La soluci&oacute;n consiste en una base de datos que suministra los cambios esperables en el futuro en los cuantiles de precipitaci&oacute;n en la Espa&ntilde;a peninsular, Portugal e Islas Baleares.<\/p>\n<p style=\"text-align: justify\">La base de datos suministra valores cuantitativos de los cambios, asociados a los cuantiles de precipitaci&oacute;n diaria para periodos de retorno definidos, de tal forma que a partir de la ley de frecuencia de precipitaciones en la situaci&oacute;n actual, obtenida con la informaci&oacute;n registrada en pluvi&oacute;metros, se puede obtener la ley de frecuencia de precipitaciones esperable en el futuro, como consecuencia del efecto del cambio clim&aacute;tico.<\/p>\n<p style=\"text-align: justify\">La base de datos es innovadora por suministrar valores cuantitativos de los cuantiles de precipitaci&oacute;n diaria m&aacute;xima.&nbsp;<\/p>\n<p style=\"text-align: center\"><span style=\"text-align: center\"><em><span style=\"font-size: small\">&#8220;La base de datos permite obtener la ley de frecuencia de precipitaciones esperable en el futuro a partir de la ley de frecuencia de precipitaciones actual&#8221;<\/span><\/em><\/span><\/p>\n<h4>&nbsp;<\/h4>\n<h4 style=\"text-align: left\"><strong>Necesidades de negocio \/ aplicaci&oacute;n<\/strong><\/h4>\n<ul>\n<li>\n<p style=\"text-align: justify\">En el sector de Medio Ambiente actualmente existe una necesidad de conocer c&oacute;mo influye el cambio clim&aacute;tico en las inundaciones, para incorporar dicha informaci&oacute;n en los planes de gesti&oacute;n del riesgo de inundaci&oacute;n, siguiendo la Directiva de Inundaciones.<\/p>\n<\/li>\n<li style=\"text-align: justify\">\n<p>Igualmente dentro del drenaje urbano, existe una necesidad de conocer el comportamiento de las precipitaciones extremas en el futuro como consecuencia del cambio clim&aacute;tico.<\/p>\n<\/li>\n<li>\n<p style=\"text-align: justify\">Para las infraestructuras hidr&aacute;ulicas tambi&eacute;n es necesario conocer el&nbsp; comportamiento de las precipitaciones en el futuro, para estimar los cambios que provocar&aacute;n en los hidrogramas de avenida, y as&iacute; evaluar la influencia del cambio clim&aacute;tico sobre la seguridad de las infraestructuras hidr&aacute;ulicas.<\/p>\n<\/li>\n<\/ul>\n<p style=\"text-align: center\"><span style=\"font-size: small\"><em>&ldquo;El art&iacute;culo 4.2.d de la Directiva de Inundaciones establece que se deben evaluar las consecuencias negativas potenciales de futuras inundaciones teniendo en cuenta la influencia del cambio clim&aacute;tico sobre las mismas&rdquo;<\/em><\/span><\/p>\n<h4>&nbsp;<\/h4>\n<h4 style=\"text-align: left\"><strong>Ventajas competitivas<\/strong><\/h4>\n<ul>\n<li>\n<p style=\"text-align: justify\">La ventaja de la base de datos es que actualmente existe una necesidad, a corto plazo, de saber c&oacute;mo afectar&aacute; el cambio clim&aacute;tico sobre las inundaciones en el futuro, ya que actualmente es un problema no resuelto.<\/p>\n<\/li>\n<li style=\"text-align: justify\">\n<p>La base de datos presenta resultados del efecto del cambio clim&aacute;tico sobre el comportamiento de las precipitaciones extremas f&aacute;cilmente aplicables desde el punto de vista pr&aacute;ctico. A d&iacute;a de hoy no existe otra fuente que suministre dicha informaci&oacute;n.<\/p>\n<\/li>\n<\/ul>\n<h4 style=\"text-align: left\"><strong>Referencias<\/strong><\/h4>\n<p style=\"text-align: justify\">La base de datos ha sido generada dentro del proyecto&nbsp; CGL2014-52570-R &lsquo;Impacto del cambio clim&aacute;tico sobre la ley de frecuencia bivariada de avenidas&rsquo;, financiado por el Ministerio de Econom&iacute;a, Industria y Competitividad de Espa&ntilde;a.<\/p>\n<h4 style=\"text-align: left\"><strong>Protecci&oacute;n industrial<\/strong><\/h4>\n<p>Base de datos registrada M-001724\/2018.<\/p>\n<h4 style=\"text-align: left\"><strong>Grado de desarrollo<\/strong><\/h4>\n<ul>\n<li>\n<p>Concepto<\/p>\n<\/li>\n<li>\n<p>Investigaci&oacute;n<\/p>\n<\/li>\n<li>\n<p>Prototipo Lab<\/p>\n<\/li>\n<li>\n<p>Prototipo industrial<\/p>\n<\/li>\n<li>\n<p><span style=\"text-decoration: underline\"><strong>Producci&oacute;n<\/strong><\/span><\/p>\n<\/li>\n<\/ul>\n<h4 style=\"text-align: left\"><strong>Contacto<\/strong><\/h4>\n<p><strong>Contacto Poseid&oacute;n<\/strong><\/p>\n<p>Luis Mediero Ordu&ntilde;a, Carlos Garijo Sarr&iacute;a<\/p>\n<p>ETSI Caminos, Canales y Puertos &ndash; UPM<\/p>\n<p>e: <span rel=\"62313630a3312d31b831233167311631b93125319b312e31cb311a3175313831a5313b317d311931a331\" class=\"cryptex \" style=\"\"><span class=\"CryptexImg ctxVMNt_VFGNhhLJUZqZiAq2pHE1zraJbuV7gj4VsSuAE4\"><\/span><\/span>; e: <span rel=\"623136309a311f31b0312231a2311331c331343193313b31cb311431963103319c313b31b0311d319c310e30a8311c31a131\" class=\"cryptex \" style=\"\"><span class=\"CryptexImg ctxpnJR4DHcyvIkX7NKBo5ecyH3cIChL0AjAmLcSfReRdU\"><\/span><\/span><\/p>\n<p><strong>Contacto UPM<\/strong><\/p>\n<p>Programas de Innovaci&oacute;n y Emprendimiento<\/p>\n<p>Centro de Apoyo a la Innovaci&oacute;n Tecnol&oacute;gica &ndash; UPM<\/p>\n<p>e: <span rel=\"62313630a0312631bd311f31af310a31b7312a31a131373187311f319a312631a3313d31bb31233197312d31a8310e3174312b31b8313b3174312831bd31\" class=\"cryptex \" style=\"\"><span class=\"CryptexImg ctxR7neImVV1tJoTSyttUGBAuiESKXKLLyzTwJSN1lk9Z0\"><\/span><\/span><\/p>\n<div class=\"pdfprnt-buttons pdfprnt-buttons-product pdfprnt-bottom-left\"><a href=\"https:\/\/www.upm.es\/recursosidi\/wp-json\/wp\/v2\/product\/10974?print=pdf\" class=\"pdfprnt-button pdfprnt-button-pdf\" target=\"_blank\"><span class=\"pdfprnt-button-title pdfprnt-button-pdf-title\">Descargar ficha<\/span><\/a><\/div>","protected":false},"excerpt":{"rendered":"<p>Tasas de cambio en los cuantiles de precipitaci\u00f3n diaria m\u00e1xima anual esperables en situaci\u00f3n de cambio clim\u00e1tico a escala nacional.<\/p>\n<p>Base de datos con las tasas de cambio en las precipitaciones diarias m\u00e1ximas esperables para periodos de retorno de 2, 5, 10, 50, 100, 500 y 1000 a\u00f1os. <\/p>\n","protected":false},"featured_media":10973,"template":"","meta":{"_acf_changed":false},"product_cat":[2384],"product_tag":[2299,2474],"comunidades-upm":[],"quien":[],"mapa":[{"term_id":133,"name":"Clima, Energ\u00eda y Movilidad","slug":"clima-energia-movilidad","term_group":0,"term_taxonomy_id":133,"taxonomy":"mapa","description":"","parent":0,"count":129,"filter":"raw","term_order":"9"}],"disponibilidad":[],"donde":[{"term_id":534,"name":"Hidroinform\u00e1tica y Gesti\u00f3n del Agua","slug":"hidroinformatica-y-gestion-del-agua","term_group":0,"term_taxonomy_id":534,"taxonomy":"donde","description":"El objetivo de nuestro grupo es la investigaci&oacute;n en un campo multidisciplinar que combina intereses tecnol&oacute;gicos, humanos, sociol&oacute;gicos y medioambientales con el fin de resolver problemas relacionados con el medio ambiente acu&aacute;tico y mejorar la gesti&oacute;n de los recursos h&iacute;dricos haciendo uso de las tecnolog&iacute;as de informaci&oacute;n. La hidroinform&aacute;tica utiliza soluciones tales como m&eacute;todos num&eacute;ricos de modelizaci&oacute;n y optimizaci&oacute;n, redes de sensores, sistemas de informaci&oacute;n e inteligencia artificial (an&aacute;lisis inteligente de datos, herramientas de ayuda a la decisi&oacute;n) para resolver problemas de hidr&aacute;ulica, hidrolog&iacute;a e ingenier&iacute;a ambiental con el fin de obtener un mejor manejo de los sistemas basados en recursos h&iacute;dricos.\n&nbsp;\nNuestras l&iacute;neas de investigaci&oacute;n incluyen:\n\n\n<strong>Infraestructuras y Sistemas Hidr&aacute;ulicos:<\/strong>&nbsp;Modelizaci&oacute;n, gesti&oacute;n de recursos, seguridad, sistemas hidroel&eacute;ctricos\n\n\n\n<strong>Medioambiente: <\/strong>Cambio clim&aacute;tico, sequ&iacute;a, impacto socio-econ&oacute;mico de la gesti&oacute;n del agua\n\n\n<strong>Tecnolog&iacute;as de Informaci&oacute;n: <\/strong>Sistemas de informaci&oacute;n, inteligencia artificial\n","parent":0,"count":15,"filter":"raw","term_order":"0"},{"term_id":1758,"name":"Hydroinformatics and Water Management","slug":"en_hydroinformatics-and-water-management","term_group":0,"term_taxonomy_id":1758,"taxonomy":"donde","description":"El objetivo de nuestro grupo es la investigaci&oacute;n en un campo multidisciplinar que combina intereses tecnol&oacute;gicos, humanos, sociol&oacute;gicos y medioambientales con el fin de resolver problemas relacionados con el medio ambiente acu&aacute;tico y mejorar la gesti&oacute;n de los recursos h&iacute;dricos haciendo uso de las tecnolog&iacute;as de informaci&oacute;n. La hidroinform&aacute;tica utiliza soluciones tales como m&eacute;todos num&eacute;ricos de modelizaci&oacute;n y optimizaci&oacute;n, redes de sensores, sistemas de informaci&oacute;n e inteligencia artificial (an&aacute;lisis inteligente de datos, herramientas de ayuda a la decisi&oacute;n) para resolver problemas de hidr&aacute;ulica, hidrolog&iacute;a e ingenier&iacute;a ambiental con el fin de obtener un mejor manejo de los sistemas basados en recursos h&iacute;dricos.\n&nbsp;\nNuestras l&iacute;neas de investigaci&oacute;n incluyen:\n\n\n<strong>Infraestructuras y Sistemas Hidr&aacute;ulicos:<\/strong>&nbsp;Modelizaci&oacute;n, gesti&oacute;n de recursos, seguridad, sistemas hidroel&eacute;ctricos\n\n\n\n<strong>Medioambiente: <\/strong>Cambio clim&aacute;tico, sequ&iacute;a, impacto socio-econ&oacute;mico de la gesti&oacute;n del agua\n\n\n<strong>Tecnolog&iacute;as de Informaci&oacute;n: <\/strong>Sistemas de informaci&oacute;n, inteligencia artificial\n","parent":0,"count":11,"filter":"raw","term_order":"0"}],"infraestructura":[],"ods":[{"term_id":2231,"name":"Acci\u00f3n por el Clima","slug":"accion-por-el-clima","term_group":0,"term_taxonomy_id":2231,"taxonomy":"ods","description":"","parent":0,"count":67,"filter":"raw","term_order":"0"}],"origen":[{"term_id":192,"name":"Soluciones tecnol\u00f3gicas","slug":"soluciones-tecnologicas","term_group":0,"term_taxonomy_id":192,"taxonomy":"origen","description":"","parent":0,"count":278,"filter":"raw","term_order":"0"}],"familia_tax":false,"quien_tax":false,"donde_tax":false,"year":"","contacto":"ETSI Caminos, Canales y Puertos -UPM, c\/ Profesor Aranguren, 3, 28040, Madrid","telefono":"","pagina_web":"https:\/\/www.caminos.upm.es\/","email":"luis.mediero@upm.es","id_ficha_portal":"55","video":"","adjuntos":false,"adjuntos_portal":"","inf":false,"departamento":"","acf":[],"lang":"es","translation":{"es":10974,"en":10976},"_links":{"self":[{"href":"https:\/\/www.upm.es\/recursosidi\/wp-json\/wp\/v2\/product\/10974"}],"collection":[{"href":"https:\/\/www.upm.es\/recursosidi\/wp-json\/wp\/v2\/product"}],"about":[{"href":"https:\/\/www.upm.es\/recursosidi\/wp-json\/wp\/v2\/types\/product"}],"wp:featuredmedia":[{"embeddable":true,"href":"https:\/\/www.upm.es\/recursosidi\/wp-json\/wp\/v2\/media\/10973"}],"wp:attachment":[{"href":"https:\/\/www.upm.es\/recursosidi\/wp-json\/wp\/v2\/media?parent=10974"}],"wp:term":[{"taxonomy":"product_cat","embeddable":true,"href":"https:\/\/www.upm.es\/recursosidi\/wp-json\/wp\/v2\/product_cat?post=10974"},{"taxonomy":"product_tag","embeddable":true,"href":"https:\/\/www.upm.es\/recursosidi\/wp-json\/wp\/v2\/product_tag?post=10974"},{"taxonomy":"comunidad_upm","embeddable":true,"href":"https:\/\/www.upm.es\/recursosidi\/wp-json\/wp\/v2\/comunidades-upm?post=10974"},{"taxonomy":"quien","embeddable":true,"href":"https:\/\/www.upm.es\/recursosidi\/wp-json\/wp\/v2\/quien?post=10974"},{"taxonomy":"mapa","embeddable":true,"href":"https:\/\/www.upm.es\/recursosidi\/wp-json\/wp\/v2\/mapa?post=10974"},{"taxonomy":"disponibilidad","embeddable":true,"href":"https:\/\/www.upm.es\/recursosidi\/wp-json\/wp\/v2\/disponibilidad?post=10974"},{"taxonomy":"donde","embeddable":true,"href":"https:\/\/www.upm.es\/recursosidi\/wp-json\/wp\/v2\/donde?post=10974"},{"taxonomy":"infraestructura","embeddable":true,"href":"https:\/\/www.upm.es\/recursosidi\/wp-json\/wp\/v2\/infraestructura?post=10974"},{"taxonomy":"ods","embeddable":true,"href":"https:\/\/www.upm.es\/recursosidi\/wp-json\/wp\/v2\/ods?post=10974"},{"taxonomy":"origen","embeddable":true,"href":"https:\/\/www.upm.es\/recursosidi\/wp-json\/wp\/v2\/origen?post=10974"}],"curies":[{"name":"wp","href":"https:\/\/api.w.org\/{rel}","templated":true}]}}