{"id":10982,"date":"2022-08-16T13:09:58","date_gmt":"2022-08-16T11:09:58","guid":{"rendered":"https:\/\/www.upm.es\/recursosidi\/offers-resources\/sin categor\u00eda\/proteccion-tecnologica-para-el-patrimonio-historico\/"},"modified":"2022-08-16T13:10:10","modified_gmt":"2022-08-16T11:10:10","slug":"proteccion-tecnologica-para-el-patrimonio-historico","status":"publish","type":"product","link":"https:\/\/www.upm.es\/recursosidi\/offers-resources\/soluciones-tecnologicas\/proteccion-tecnologica-para-el-patrimonio-historico\/","title":{"rendered":"Protecci\u00f3n tecnol\u00f3gica para el patrimonio hist\u00f3rico"},"content":{"rendered":"<h4 style=\"text-align: left\"><strong>Descripci&oacute;n breve conjunta de la soluci&oacute;n y valor a&ntilde;adido que aporta <\/strong><\/h4>\n<p style=\"text-align: justify\">Investigadores del Grupo de Investigaci&oacute;n en Instrumentaci&oacute;n y Ac&uacute;stica Aplicada de la Universidad Polit&eacute;cnica de Madrid (UPM) han colaborado con&nbsp; el CSIC para el desarrollo de un sistema electr&oacute;nico pionero en el mundo capaz de medir y monitorizar la acidez ambiental (pH) en el aire. Este par&aacute;metro, de impacto proporcional a la creciente contaminaci&oacute;n ambiental, es responsable en circunstancias espec&iacute;ficas de ataques qu&iacute;micos contra materiales y seres vivos.<\/p>\n<p style=\"text-align: justify\">La soluci&oacute;n (probada en entornos reales) destaca por un bajo coste de producci&oacute;n, no consumir energ&iacute;a y unos m&iacute;nimos requisitos de instalaci&oacute;n. Aunque orientado espec&iacute;ficamente como soluci&oacute;n para la conservaci&oacute;n del patrimonio hist&oacute;rico-cultural, el sistema presenta potenciales aplicaciones en la industria qu&iacute;mica, agroalimentaria y medio ambiental, entre otras.<\/p>\n<h4 style=\"text-align: left\"><strong>Descripci&oacute;n de la base tecnol&oacute;gica<\/strong><\/h4>\n<p style=\"text-align: justify\">La soluci&oacute;n tecnol&oacute;gica consiste en un sistema electr&oacute;nico port&aacute;til para la determinaci&oacute;n autom&aacute;tica de la acidez ambiental (pH) en cualquier tipo de ambiente, ya sea l&iacute;quido o s&oacute;lido h&uacute;medo, pero tambi&eacute;n gaseoso (por ejemplo, aire).<\/p>\n<p style=\"text-align: justify\">El componente de captura de datos se basa en la tecnolog&iacute;a de sensores &oacute;pticos sol-gel capaces de evaluar las condiciones ambientales de acidez. Esta respuesta &oacute;ptica es medida por unidades lectoras, cuantificada y transformada a una se&ntilde;al el&eacute;ctrica que se puede procesar para monitorizar de forma &oacute;ptima y remota la acidez ambiental.<\/p>\n<p style=\"text-align: justify\">Frente a sistemas convencionales, el sistema sensor propuesto es pionero a nivel mundial a la hora de medir el pH en el aire tanto en entornos abiertos como cerrados.<\/p>\n<p style=\"text-align: center\"><span style=\"font-size: small\"><em>&#8220;La aplicaci&oacute;n de tecnolog&iacute;as innovadoras para la conservaci&oacute;n del patrimonio hist&oacute;rico es clave para garantizar un turismo cultural que atrae a Espa&ntilde;a a 7,5 millones visitantes extranjeros y genera m&aacute;s de 6.000 millones de euros en ingresos&#8221;<\/em><\/span><\/p>\n<h4>&nbsp;<\/h4>\n<h4 style=\"text-align: left\"><strong>Necesidades de negocio \/ aplicaci&oacute;n<\/strong><\/h4>\n<ul>\n<li>\n<p style=\"text-align: justify\">Creciente emisi&oacute;n de gases contaminantes (CO2, SO2&hellip;) procedente de combustiones de motores o procesos industriales.<\/p>\n<\/li>\n<li style=\"text-align: justify\">\n<p>En combinaci&oacute;n con la humedad ambiental, la acidez generada ataca qu&iacute;micamente a seres vivos y materiales, por ejemplo, en la forma de lluvia &aacute;cida. En entornos urbanos e industriales, la acidez ambiental (pH) es especialmente peligrosa, con &iacute;ndices que se alejan del valor neutro 7,0.<\/p>\n<\/li>\n<li style=\"text-align: justify\">\n<p>Ambientes generalmente no controlados en estos t&eacute;rminos por complejidad de la instalaci&oacute;n y escasez de medios espec&iacute;ficos.<\/p>\n<\/li>\n<li style=\"text-align: justify\">\n<p>Gran parte de los materiales con inter&eacute;s hist&oacute;rico y patrimonial (metales y aleaciones, vidrios, textiles, &oacute;rganicos&hellip;) son especialmente sensibles a ambientes contaminados, as&iacute; como a las emisiones de determinados materiales de las vitrinas o expositores.<\/p>\n<\/li>\n<li style=\"text-align: justify\">\n<p>En los &uacute;ltimos a&ntilde;os, el deterioro de los bienes del patrimonio hist&oacute;rico y cultural se ha visto acelerado por el incremento de la contaminaci&oacute;n y la ausencia de sistemas de conservaci&oacute;n preventiva.<\/p>\n<\/li>\n<li>\n<p style=\"text-align: justify\">Otras industrias (agroalimentaria, qu&iacute;mica, piscicultura, tratamiento de aguas, seguridad) ven en peligro su productividad y niveles de seguridad por la falta de sistemas efectivos de control ambiental.<\/p>\n<\/li>\n<\/ul>\n<p style=\"text-align: center\"><em><span style=\"font-size: small\">&ldquo;El patrimonio hist&oacute;rico espa&ntilde;ol constituye una de las mayores reservas de capital cultural del mundo, compuesto por un stock de bienes f&iacute;sicos s&oacute;lo comparable al de Italia o Francia&rdquo;<\/span><\/em><\/p>\n<h4>&nbsp;<\/h4>\n<h4 style=\"text-align: left\"><strong>Ventajas competitivas<\/strong><\/h4>\n<ul>\n<li>\n<p style=\"text-align: justify\">Dispositivo pionero a nivel mundial capaz de medir el pH medioambiental en el aire, tanto en entornos abiertos como cerrados.<\/p>\n<\/li>\n<li style=\"text-align: justify\">\n<p>Sensores de bajo coste (0,1&euro; precio coste), mec&aacute;nicamente sencillos y requisitos de instalaci&oacute;n m&iacute;nimos.<\/p>\n<\/li>\n<li style=\"text-align: justify\">\n<p>Sin fuente de energ&iacute;a necesaria: posibilidad de monitorizaci&oacute;n durante largos per&iacute;odos de tiempo o en entornos remotos.<\/p>\n<\/li>\n<li style=\"text-align: justify\">\n<p>Tama&ntilde;o peque&ntilde;o: el soporte donde se deposita el material base del sensor es de 30&#215;25 mm y es miniaturizable.<\/p>\n<\/li>\n<li>\n<p style=\"text-align: justify\">Estabilidad qu&iacute;mica y t&eacute;rmica (-5\/60&ordm;C).&nbsp;<\/p>\n<\/li>\n<\/ul>\n<h4 style=\"text-align: left\"><strong>Referencias<\/strong><\/h4>\n<ul>\n<li>\n<p style=\"text-align: justify\">Colaboraci&oacute;n de &eacute;xito multidisciplinar entre el CSIC y la UPM.<\/p>\n<\/li>\n<li>\n<p style=\"text-align: justify\">Soluci&oacute;n validada en diferentes aplicaciones y sectores: conservaci&oacute;n de patrimonio (Palacio Real de Wilan&oacute;w en Varsovia; 3.200 m2 de fondos documentales de la Biblioteca Tom&aacute;s Navarro Tom&aacute;s &ndash; CSIC; Sede Central del CSIC e Iglesia del Esp&iacute;ritu Santo, en Madrid; etc.), alimentaci&oacute;n (proyecto europeo GIST: ICT Tools greening food processing businesses).<\/p>\n<\/li>\n<\/ul>\n<h4 style=\"text-align: left\"><strong>Protecci&oacute;n industrial<\/strong><\/h4>\n<p style=\"text-align: justify\">Patente concedida en Espa&ntilde;a ES2373138.<\/p>\n<h4 style=\"text-align: left\"><strong>Grado de desarrollo<\/strong><\/h4>\n<ul>\n<li>\n<p>Concepto<\/p>\n<\/li>\n<li>\n<p>Investigaci&oacute;n<\/p>\n<\/li>\n<li>\n<p><span style=\"text-decoration: underline\"><strong>Prototipo-Lab<\/strong><\/span><\/p>\n<\/li>\n<li>\n<p>Prototipo Industrial<\/p>\n<\/li>\n<li>\n<p>Producci&oacute;n<\/p>\n<\/li>\n<\/ul>\n<h4 style=\"text-align: left\"><strong>Contacto<\/strong><\/h4>\n<p style=\"text-align: justify\"><strong>Contacto Protecci&oacute;n tecnol&oacute;gica para el patrimonio hist&oacute;rico<\/strong><\/p>\n<p style=\"text-align: justify\">Guillermo de Arcas, Eduardo Barrera, Juan Manuel L&oacute;pez<\/p>\n<p style=\"text-align: justify\">e: {g.dearcas,&nbsp; eduardo.barrera, juanmanuel.lopez}@upm.es<\/p>\n<p style=\"text-align: justify\"><strong>Contacto UPM<\/strong><\/p>\n<p style=\"text-align: justify\">Programas de Innovaci&oacute;n y Emprendimiento<\/p>\n<p style=\"text-align: justify\">Centro de Apoyo a la Innovaci&oacute;n Tecnol&oacute;gica&nbsp; &ndash; UPM&nbsp;<\/p>\n<p style=\"text-align: justify\">e: <span rel=\"65313330a9311531be311931b9310a31b8312331ba31143161312e3198311c31a7312d31a83115319b311531ac312f3190312131b4312d3166313431a931\" class=\"cryptex \" style=\"\"><span class=\"CryptexImg ctxR7neImVV1tJoTSyttUGBAuiESKXKLLyzTwJSN1lk9Z0\"><\/span><\/span><\/p>\n<div class=\"pdfprnt-buttons pdfprnt-buttons-product pdfprnt-bottom-left\"><a href=\"https:\/\/www.upm.es\/recursosidi\/wp-json\/wp\/v2\/product\/10982?print=pdf\" class=\"pdfprnt-button pdfprnt-button-pdf\" target=\"_blank\"><span class=\"pdfprnt-button-title pdfprnt-button-pdf-title\">Descargar ficha<\/span><\/a><\/div>","protected":false},"excerpt":{"rendered":"<p>Sistema electr\u00f3nico port\u00e1til capaz de medir la acidez ambiental y facilitar las acciones preventivas de conservaci\u00f3n del entorno y su seguridad.<\/p>\n","protected":false},"featured_media":10981,"template":"","meta":{"_acf_changed":false},"product_cat":[2384],"product_tag":[2495,2496],"comunidades-upm":[],"quien":[],"mapa":[{"term_id":124,"name":"Arquitectura, Baukultur y creatividad","slug":"arquitectura-baukultur-creatividad","term_group":0,"term_taxonomy_id":124,"taxonomy":"mapa","description":"","parent":0,"count":25,"filter":"raw","term_order":"4"},{"term_id":137,"name":"Bioeconom\u00eda, Biotecnolog\u00eda y Sistemas Alimentarios","slug":"bioeconomia-biotecnologia-sistemas_alimentarios","term_group":0,"term_taxonomy_id":137,"taxonomy":"mapa","description":"","parent":0,"count":45,"filter":"raw","term_order":"6"},{"term_id":122,"name":"Salud y bienestar","slug":"salud-y-bienestar","term_group":0,"term_taxonomy_id":122,"taxonomy":"mapa","description":"","parent":0,"count":105,"filter":"raw","term_order":"17"}],"disponibilidad":[],"donde":[{"term_id":380,"name":"Investigaci\u00f3n en Instrumentaci\u00f3n y Ac\u00fastica Aplicada (I2A2)","slug":"investigacion-en-instrumentacion-y-acustica-aplicada-i2a2","term_group":0,"term_taxonomy_id":380,"taxonomy":"donde","description":"Desarrollamos nuestra actividad en <strong>diversos &aacute;mbitos de la Ac&uacute;stica y las TIC<\/strong>, en los que buscamos aportar nuestra experiencia en para contribuir a resolver algunos de los retos que afronta nuestra sociedad. Esta visi&oacute;n nos lleva trabajar <strong>en contacto permanente con empresas y administraciones<\/strong> buscando continuamente la transferencia de los resultados de nuestros trabajos, bien a trav&eacute;s de la transferencia de tecnolog&iacute;a o de conocimiento, u ofreciendo directamente servicios de valor a&ntilde;adido a la industria.&nbsp;&nbsp;\n&nbsp;\nNuestras <strong>l&iacute;neas de investigaci&oacute;n<\/strong> se pueden resumir en:\n\nRuido ambiental.\nAc&uacute;stica en la edificaci&oacute;n.\nControl de ruido y Vibraciones.\nRuido en el puesto del trabajo.\nTerapias Ac&uacute;sticas.\nSistemas de Adquisici&oacute;n de Datos Avanzados.\nEquipos Electr&oacute;nicos y sistemas Embebidos.\nMonitorizaci&oacute;n de Salud Estructural.\n","parent":0,"count":16,"filter":"raw","term_order":"0"},{"term_id":1604,"name":"Research into Instrumentation and Applied Acoustics (I2A2)","slug":"en_research-into-instrumentation-and-applied-acoustics-i2a2","term_group":0,"term_taxonomy_id":1604,"taxonomy":"donde","description":"Desarrollamos nuestra actividad en <strong>diversos &aacute;mbitos de la Ac&uacute;stica y las TIC<\/strong>, en los que buscamos aportar nuestra experiencia en para contribuir a resolver algunos de los retos que afronta nuestra sociedad. Esta visi&oacute;n nos lleva trabajar <strong>en contacto permanente con empresas y administraciones<\/strong> buscando continuamente la transferencia de los resultados de nuestros trabajos, bien a trav&eacute;s de la transferencia de tecnolog&iacute;a o de conocimiento, u ofreciendo directamente servicios de valor a&ntilde;adido a la industria.&nbsp;&nbsp;\n&nbsp;\nNuestras <strong>l&iacute;neas de investigaci&oacute;n<\/strong> se pueden resumir en:\n\nRuido ambiental.\nAc&uacute;stica en la edificaci&oacute;n.\nControl de ruido y Vibraciones.\nRuido en el puesto del trabajo.\nTerapias Ac&uacute;sticas.\nSistemas de Adquisici&oacute;n de Datos Avanzados.\nEquipos Electr&oacute;nicos y sistemas Embebidos.\nMonitorizaci&oacute;n de Salud Estructural.\n","parent":0,"count":11,"filter":"raw","term_order":"0"}],"infraestructura":[],"ods":[{"term_id":2231,"name":"Acci\u00f3n por el Clima","slug":"accion-por-el-clima","term_group":0,"term_taxonomy_id":2231,"taxonomy":"ods","description":"","parent":0,"count":67,"filter":"raw","term_order":"0"},{"term_id":2239,"name":"Ciudades y Comunidades Sostenibles","slug":"ciudades-y-comunidades-sostenibles","term_group":0,"term_taxonomy_id":2239,"taxonomy":"ods","description":"","parent":0,"count":43,"filter":"raw","term_order":"0"},{"term_id":2247,"name":"Industria, Innovaci\u00f3n e Infraestructura","slug":"industria-innovacion-e-infraestructura","term_group":0,"term_taxonomy_id":2247,"taxonomy":"ods","description":"","parent":0,"count":171,"filter":"raw","term_order":"0"},{"term_id":2271,"name":"Salud y Bienestar","slug":"salud-y-bienestar","term_group":0,"term_taxonomy_id":2271,"taxonomy":"ods","description":"","parent":0,"count":59,"filter":"raw","term_order":"0"}],"origen":[{"term_id":192,"name":"Soluciones tecnol\u00f3gicas","slug":"soluciones-tecnologicas","term_group":0,"term_taxonomy_id":192,"taxonomy":"origen","description":"","parent":0,"count":278,"filter":"raw","term_order":"0"}],"familia_tax":false,"quien_tax":false,"donde_tax":false,"year":"","contacto":"ETSI Industriales - UPM, c\/ Jos\u00e9 Guti\u00e9rrez Abascal, 2, 28006, Madrid","telefono":"","pagina_web":"https:\/\/www.etsii.upm.es\/","email":"g.dearcas@upm.es","id_ficha_portal":"71","video":"","adjuntos":false,"adjuntos_portal":"","inf":false,"departamento":"","acf":[],"lang":"es","translation":{"es":10982,"en":10984},"_links":{"self":[{"href":"https:\/\/www.upm.es\/recursosidi\/wp-json\/wp\/v2\/product\/10982"}],"collection":[{"href":"https:\/\/www.upm.es\/recursosidi\/wp-json\/wp\/v2\/product"}],"about":[{"href":"https:\/\/www.upm.es\/recursosidi\/wp-json\/wp\/v2\/types\/product"}],"wp:featuredmedia":[{"embeddable":true,"href":"https:\/\/www.upm.es\/recursosidi\/wp-json\/wp\/v2\/media\/10981"}],"wp:attachment":[{"href":"https:\/\/www.upm.es\/recursosidi\/wp-json\/wp\/v2\/media?parent=10982"}],"wp:term":[{"taxonomy":"product_cat","embeddable":true,"href":"https:\/\/www.upm.es\/recursosidi\/wp-json\/wp\/v2\/product_cat?post=10982"},{"taxonomy":"product_tag","embeddable":true,"href":"https:\/\/www.upm.es\/recursosidi\/wp-json\/wp\/v2\/product_tag?post=10982"},{"taxonomy":"comunidad_upm","embeddable":true,"href":"https:\/\/www.upm.es\/recursosidi\/wp-json\/wp\/v2\/comunidades-upm?post=10982"},{"taxonomy":"quien","embeddable":true,"href":"https:\/\/www.upm.es\/recursosidi\/wp-json\/wp\/v2\/quien?post=10982"},{"taxonomy":"mapa","embeddable":true,"href":"https:\/\/www.upm.es\/recursosidi\/wp-json\/wp\/v2\/mapa?post=10982"},{"taxonomy":"disponibilidad","embeddable":true,"href":"https:\/\/www.upm.es\/recursosidi\/wp-json\/wp\/v2\/disponibilidad?post=10982"},{"taxonomy":"donde","embeddable":true,"href":"https:\/\/www.upm.es\/recursosidi\/wp-json\/wp\/v2\/donde?post=10982"},{"taxonomy":"infraestructura","embeddable":true,"href":"https:\/\/www.upm.es\/recursosidi\/wp-json\/wp\/v2\/infraestructura?post=10982"},{"taxonomy":"ods","embeddable":true,"href":"https:\/\/www.upm.es\/recursosidi\/wp-json\/wp\/v2\/ods?post=10982"},{"taxonomy":"origen","embeddable":true,"href":"https:\/\/www.upm.es\/recursosidi\/wp-json\/wp\/v2\/origen?post=10982"}],"curies":[{"name":"wp","href":"https:\/\/api.w.org\/{rel}","templated":true}]}}