{"id":10984,"date":"2022-08-16T13:10:07","date_gmt":"2022-08-16T11:10:07","guid":{"rendered":"https:\/\/www.upm.es\/recursosidi\/offers-resources\/sin categor\u00eda\/technological-protection-for-heritage\/"},"modified":"2022-08-16T13:10:09","modified_gmt":"2022-08-16T11:10:09","slug":"technological-protection-for-heritage","status":"publish","type":"product","link":"https:\/\/www.upm.es\/recursosidi\/en\/offers-resources\/technological-solutions\/technological-protection-for-heritage\/","title":{"rendered":"Technological protection for heritage"},"content":{"rendered":"<h4 style='text-align: left'>\n                <strong>Brief description of the solution and the added value it delivers<\/strong><br \/>\n            <\/h4>\n<p style='text-align: justify'>Researchers in the Instrumentation and Applied Acoustic Research Group (I2A2) at the Universidad Polit\u00e9cnica de Madrid (UPM) have collaborated with the Spanish National Research Council (CSIC) to develop the world&#8217;s first electronic system capable measuring and monitoring environmental acidity (pH) in the air. This parameter, the impact of which is proportional to increasing environmental pollution, is responsible, in specific circumstances, for chemical attacks on materials and living beings.<\/p>\n<p style='text-align: justify'>The solution (tested in real-world environments) stands out for its low production cost, not consuming energy and its minimal installation requirements. Although specifically designed as a solution for the conservation of historical and cultural heritage, the system has potential applications in the chemical, food and agriculture, and environmental industries, among others.<\/p>\n<h4 style='text-align: left'>\n                <strong>Description of the technological basis<\/strong><br \/>\n            <\/h4>\n<p style='text-align: justify'>The technological solution consists of a portable electronic system for determining environmental acidity (pH) automatically in any type of environment, whether it be liquid, moist solid or even gaseous (e.g. air).<\/p>\n<p style='text-align: justify'>The data capture component is based on sol-gel optical sensor technology capable of assessing environmental acidity conditions. The optical response is measured by readout units, quantified and transformed into an electric signal that can be processed in order to monitor environmental acidity optimally and remotely.<\/p>\n<p style='text-align: justify'>Compared to conventional systems, the sensor system proposed is the first of its kind in the world when it comes to measuring pH in air in both open and closed environments.<\/p>\n<p style='text-align: center'>\n                <span style='font-size: small'><br \/>\n                    <em>&#8216;The application of innovative technologies to heritage conservation is key to securing the cultural tourism that attracts 7.5 million foreign visitors to Spain and generates more than 6 billion euros in revenue&#8217;<\/em><br \/>\n                <\/span>\n            <\/p>\n<h4 \/>\n<h4 style='text-align: left'>\n                <strong>Business needs \/ application<\/strong><br \/>\n            <\/h4>\n<ul>\n<li>\n<p style='text-align: justify'>Increasing emissions of pollutant gases (CO<sub>2<\/sub>, SO<sub>2<\/sub>, etc.) from combustion engines or industrial processes.<\/p>\n<\/li>\n<li style='text-align: justify'>\n<p>In combination with environmental moisture, the resulting acidity chemically attacks living beings and materials, for example, in the form of acid rain. In urban and industrial environments, environmental acidity (pH) is particularly dangerous, with values a long way from the neutral value of 7.0.<\/p>\n<\/li>\n<li style='text-align: justify'>\n<p>Environments that are not generally controlled in this respect, due to the complexity of installing and the scarcity of specific means.<\/p>\n<\/li>\n<li style='text-align: justify'>\n<p>Many of the materials of historical or heritage interest (metals and alloys, glasses, textiles, organic materials, etc.) are particularly sensitive to polluted environments, as well as to the emissions from certain materials in display cabinets and stands.<\/p>\n<\/li>\n<li style='text-align: justify'>\n<p>In recent years, the deterioration of historical and cultural heritage items has accelerated due to the increase in pollution and the absence of preventative conservation systems.<\/p>\n<\/li>\n<li>\n<p style='text-align: justify'>Other industries (food and agriculture, chemicals, fish farming, water treatment, security) see their productivity and safety levels threatened by the lack of effective environmental control systems.<\/p>\n<\/li>\n<\/ul>\n<p style='text-align: center'>\n                <em><br \/>\n                    <span style='font-size: small'>&#8216;Spain&#8217;s historical heritage constitutes one of the greatest reserves of cultural capital in the world, comprising a stock of physical assets only comparable to that of Italy or France&#8217;<\/span><br \/>\n                <\/em>\n            <\/p>\n<h4 \/>\n<h4 style='text-align: left'>\n                <strong>Competitive advantages<\/strong><br \/>\n            <\/h4>\n<ul>\n<li>\n<p style='text-align: justify'>The first device in the world capable of measuring environmental pH in the air in both open and closed environments.<\/p>\n<\/li>\n<li style='text-align: justify'>\n<p>Low-cost (cost price of \u20ac0.1) and mechanically simple sensors and minimal installation requirements.<\/p>\n<\/li>\n<li style='text-align: justify'>\n<p>No energy source required: possibility of monitoring for long periods of time and in remote environments.<\/p>\n<\/li>\n<li style='text-align: justify'>\n<p>Small size: the support on which the base material of the sensor is placed is 30 x 25 mm and it can be miniaturised.<\/p>\n<\/li>\n<li>\n<p style='text-align: justify'>Chemical and thermal stability (-5\/60\u00baC).<\/p>\n<\/li>\n<\/ul>\n<h4 style='text-align: left'>\n                <strong>References<\/strong><br \/>\n            <\/h4>\n<ul>\n<li>\n<p style='text-align: justify'>Successful multidisciplinary collaboration between the CSIC and UPM.<\/p>\n<\/li>\n<li>\n<p style='text-align: justify'>Solution validated for different applications and in different sectors, e.g. heritage conservation (Wilan\u00f3w Royal Palace in Warsaw; 3,200 m<sup>2<\/sup> document collection of the Tom\u00e1s Navarro Tom\u00e1s Library &#8211; CSIC; headquarters of the CSIC and the Church of the Holy Spirit in Madrid, etc.) and food (European project GIST: ICT tools greening food processing businesses).<\/p>\n<\/li>\n<\/ul>\n<h4 style='text-align: left'>\n                <strong>Industrial protection<\/strong><br \/>\n            <\/h4>\n<p style='text-align: justify'>Patent granted in Spain: ES2373138.<\/p>\n<h4 style='text-align: left'>\n                <strong>Stage of development<\/strong><br \/>\n            <\/h4>\n<ul>\n<li>\n<p>Concept<\/p>\n<\/li>\n<li>\n<p>Research<\/p>\n<\/li>\n<li>\n<p>\n                        <span style='text-decoration: underline'><br \/>\n                            <strong>Lab prototype<\/strong><br \/>\n                        <\/span>\n                    <\/p>\n<\/li>\n<li>\n<p>Industrial prototype<\/p>\n<\/li>\n<li>\n<p>Production<\/p>\n<\/li>\n<\/ul>\n<h4 style='text-align: left'>\n                <strong>Contact<\/strong><br \/>\n            <\/h4>\n<p style='text-align: justify'>\n                <strong>&#8216;Technological protection for heritage&#8217; contact<\/strong>\n            <\/p>\n<p style='text-align: justify'>Guillermo de Arcas, Eduardo Barrera, Juan Manuel L\u00f3pez<\/p>\n<p style='text-align: justify'>e: {g.dearcas, eduardo.barrera, juanmanuel.lopez}@upm.es<\/p>\n<p style='text-align: justify'>\n                <strong>UPM contact<\/strong>\n            <\/p>\n<p style='text-align: justify'>Innovation and Entrepreneurship Programmes<\/p>\n<p style='text-align: justify'>Technological Innovation Support Centre (CAIT) &#8211; UPM<\/p>\n<p style='text-align: justify'>e: <span rel=\"84313930a7313531ae313831bc312731aa312631bc3114317c31243196312631b03133319f313431bf3112319a31233183313831bd3133315f310d31b031\" class=\"cryptex \" style=\"\"><span class=\"CryptexImg ctxR7neImVV1tJoTSyttUGBAuiESKXKLLyzTwJSN1lk9Z0\"><\/span><\/span><\/p>\n<div class=\"pdfprnt-buttons pdfprnt-buttons-product pdfprnt-bottom-left\"><a href=\"https:\/\/www.upm.es\/recursosidi\/wp-json\/wp\/v2\/product\/10984?print=pdf\" class=\"pdfprnt-button pdfprnt-button-pdf\" target=\"_blank\"><span class=\"pdfprnt-button-title pdfprnt-button-pdf-title\">Descargar ficha<\/span><\/a><\/div>","protected":false},"excerpt":{"rendered":"<p>Portable electronic system capable of measuring environmental acidity and aiding in preventative actions to conserve and protect the environment.<\/p>\n","protected":false},"featured_media":10983,"template":"","meta":{"_acf_changed":false},"product_cat":[2386],"product_tag":[8247,8245],"comunidades-upm":[],"quien":[],"mapa":[{"term_id":39,"name":"Architecture, Baukultur and Creativity","slug":"architecture-baukultur-creativity","term_group":0,"term_taxonomy_id":39,"taxonomy":"mapa","description":"","parent":0,"count":6,"filter":"raw","term_order":"3"},{"term_id":76,"name":"Bioeconomy, Biotechnology and Food Systems","slug":"bioeconomy-biotechnology-food_systems","term_group":0,"term_taxonomy_id":76,"taxonomy":"mapa","description":"","parent":0,"count":24,"filter":"raw","term_order":"5"},{"term_id":38,"name":"Health and Wellbeing","slug":"health-and-wellbeing","term_group":0,"term_taxonomy_id":38,"taxonomy":"mapa","description":"","parent":0,"count":51,"filter":"raw","term_order":"18"}],"disponibilidad":[],"donde":[{"term_id":380,"name":"Investigaci\u00f3n en Instrumentaci\u00f3n y Ac\u00fastica Aplicada (I2A2)","slug":"investigacion-en-instrumentacion-y-acustica-aplicada-i2a2","term_group":0,"term_taxonomy_id":380,"taxonomy":"donde","description":"Desarrollamos nuestra actividad en <strong>diversos &aacute;mbitos de la Ac&uacute;stica y las TIC<\/strong>, en los que buscamos aportar nuestra experiencia en para contribuir a resolver algunos de los retos que afronta nuestra sociedad. Esta visi&oacute;n nos lleva trabajar <strong>en contacto permanente con empresas y administraciones<\/strong> buscando continuamente la transferencia de los resultados de nuestros trabajos, bien a trav&eacute;s de la transferencia de tecnolog&iacute;a o de conocimiento, u ofreciendo directamente servicios de valor a&ntilde;adido a la industria.&nbsp;&nbsp;\n&nbsp;\nNuestras <strong>l&iacute;neas de investigaci&oacute;n<\/strong> se pueden resumir en:\n\nRuido ambiental.\nAc&uacute;stica en la edificaci&oacute;n.\nControl de ruido y Vibraciones.\nRuido en el puesto del trabajo.\nTerapias Ac&uacute;sticas.\nSistemas de Adquisici&oacute;n de Datos Avanzados.\nEquipos Electr&oacute;nicos y sistemas Embebidos.\nMonitorizaci&oacute;n de Salud Estructural.\n","parent":0,"count":16,"filter":"raw","term_order":"0"},{"term_id":1604,"name":"Research into Instrumentation and Applied Acoustics (I2A2)","slug":"en_research-into-instrumentation-and-applied-acoustics-i2a2","term_group":0,"term_taxonomy_id":1604,"taxonomy":"donde","description":"Desarrollamos nuestra actividad en <strong>diversos &aacute;mbitos de la Ac&uacute;stica y las TIC<\/strong>, en los que buscamos aportar nuestra experiencia en para contribuir a resolver algunos de los retos que afronta nuestra sociedad. Esta visi&oacute;n nos lleva trabajar <strong>en contacto permanente con empresas y administraciones<\/strong> buscando continuamente la transferencia de los resultados de nuestros trabajos, bien a trav&eacute;s de la transferencia de tecnolog&iacute;a o de conocimiento, u ofreciendo directamente servicios de valor a&ntilde;adido a la industria.&nbsp;&nbsp;\n&nbsp;\nNuestras <strong>l&iacute;neas de investigaci&oacute;n<\/strong> se pueden resumir en:\n\nRuido ambiental.\nAc&uacute;stica en la edificaci&oacute;n.\nControl de ruido y Vibraciones.\nRuido en el puesto del trabajo.\nTerapias Ac&uacute;sticas.\nSistemas de Adquisici&oacute;n de Datos Avanzados.\nEquipos Electr&oacute;nicos y sistemas Embebidos.\nMonitorizaci&oacute;n de Salud Estructural.\n","parent":0,"count":11,"filter":"raw","term_order":"0"}],"infraestructura":[],"ods":[{"term_id":2233,"name":"Climate Action","slug":"climate-action","term_group":0,"term_taxonomy_id":2233,"taxonomy":"ods","description":"","parent":0,"count":64,"filter":"raw","term_order":"0"},{"term_id":2273,"name":"Good Health and Well-Being","slug":"good-health-and-well-being","term_group":0,"term_taxonomy_id":2273,"taxonomy":"ods","description":"","parent":0,"count":54,"filter":"raw","term_order":"0"},{"term_id":2249,"name":"Industry, Innovation and Infrastructure","slug":"industry-innovation-and-infrastructure","term_group":0,"term_taxonomy_id":2249,"taxonomy":"ods","description":"","parent":0,"count":129,"filter":"raw","term_order":"0"},{"term_id":2241,"name":"Sustainable Cities and Communities","slug":"sustainable-cities-and-communities","term_group":0,"term_taxonomy_id":2241,"taxonomy":"ods","description":"","parent":0,"count":38,"filter":"raw","term_order":"0"}],"origen":[{"term_id":192,"name":"Soluciones tecnol\u00f3gicas","slug":"soluciones-tecnologicas","term_group":0,"term_taxonomy_id":192,"taxonomy":"origen","description":"","parent":0,"count":278,"filter":"raw","term_order":"0"}],"familia_tax":false,"quien_tax":false,"donde_tax":false,"year":"","contacto":"ETSI Industriales - UPM, c\/ Jos\u00e9 Guti\u00e9rrez Abascal, 2, 28006, Madrid","telefono":"","pagina_web":"https:\/\/www.etsii.upm.es\/","email":"g.dearcas@upm.es","id_ficha_portal":"71","video":"","adjuntos":false,"adjuntos_portal":"","inf":false,"departamento":"","acf":[],"lang":"en","translation":{"en":10984,"es":10982},"_links":{"self":[{"href":"https:\/\/www.upm.es\/recursosidi\/wp-json\/wp\/v2\/product\/10984"}],"collection":[{"href":"https:\/\/www.upm.es\/recursosidi\/wp-json\/wp\/v2\/product"}],"about":[{"href":"https:\/\/www.upm.es\/recursosidi\/wp-json\/wp\/v2\/types\/product"}],"wp:featuredmedia":[{"embeddable":true,"href":"https:\/\/www.upm.es\/recursosidi\/wp-json\/wp\/v2\/media\/10983"}],"wp:attachment":[{"href":"https:\/\/www.upm.es\/recursosidi\/wp-json\/wp\/v2\/media?parent=10984"}],"wp:term":[{"taxonomy":"product_cat","embeddable":true,"href":"https:\/\/www.upm.es\/recursosidi\/wp-json\/wp\/v2\/product_cat?post=10984"},{"taxonomy":"product_tag","embeddable":true,"href":"https:\/\/www.upm.es\/recursosidi\/wp-json\/wp\/v2\/product_tag?post=10984"},{"taxonomy":"comunidad_upm","embeddable":true,"href":"https:\/\/www.upm.es\/recursosidi\/wp-json\/wp\/v2\/comunidades-upm?post=10984"},{"taxonomy":"quien","embeddable":true,"href":"https:\/\/www.upm.es\/recursosidi\/wp-json\/wp\/v2\/quien?post=10984"},{"taxonomy":"mapa","embeddable":true,"href":"https:\/\/www.upm.es\/recursosidi\/wp-json\/wp\/v2\/mapa?post=10984"},{"taxonomy":"disponibilidad","embeddable":true,"href":"https:\/\/www.upm.es\/recursosidi\/wp-json\/wp\/v2\/disponibilidad?post=10984"},{"taxonomy":"donde","embeddable":true,"href":"https:\/\/www.upm.es\/recursosidi\/wp-json\/wp\/v2\/donde?post=10984"},{"taxonomy":"infraestructura","embeddable":true,"href":"https:\/\/www.upm.es\/recursosidi\/wp-json\/wp\/v2\/infraestructura?post=10984"},{"taxonomy":"ods","embeddable":true,"href":"https:\/\/www.upm.es\/recursosidi\/wp-json\/wp\/v2\/ods?post=10984"},{"taxonomy":"origen","embeddable":true,"href":"https:\/\/www.upm.es\/recursosidi\/wp-json\/wp\/v2\/origen?post=10984"}],"curies":[{"name":"wp","href":"https:\/\/api.w.org\/{rel}","templated":true}]}}