{"id":10998,"date":"2022-08-16T13:10:49","date_gmt":"2022-08-16T11:10:49","guid":{"rendered":"https:\/\/www.upm.es\/recursosidi\/offers-resources\/sin categor\u00eda\/secuenfil-2\/"},"modified":"2022-08-16T13:10:51","modified_gmt":"2022-08-16T11:10:51","slug":"secuenfil-2","status":"publish","type":"product","link":"https:\/\/www.upm.es\/recursosidi\/en\/offers-resources\/technological-solutions\/secuenfil-2\/","title":{"rendered":"SECUENFIL"},"content":{"rendered":"<h4 style='text-align: left'>\n                <strong>Brief description of the solution and the added value it delivers<\/strong><br \/>\n            <\/h4>\n<p style='text-align: justify'>Secuenfil combines three types of filtration in the same system: ring, mesh and cyclonic. This combination increases the efficacy of the filtration and reduces the need for washing-backwashing, which translates into lower costs and a better use of resources.<\/p>\n<p style='text-align: justify'>Secuenfil&#8217;s filter and rings offer a better use of resources and the corresponding cost saving in any treatment of liquids. By containing three filtering systems in one filter, a better quality of treated liquid is produced and there is better separation of particles, which increases the performance of the installation like no other on the market. It is particularly applicable to irrigation systems, water treatment plants and the food industry. Field tests have been carried out using the prototypes and tools produced and supervised by the inventor.<\/p>\n<h4 style='text-align: left'>\n                <strong>Description of the technological basis<\/strong><br \/>\n            <\/h4>\n<p style='text-align: justify'>The sequential filter is one-of-a-kind and has patents worldwide. The structure houses three filters in one, increasing its efficacy compared to its competitors, and its manual or automatic gravitational cleaning with brushes increases savings in terms of water and cost.<\/p>\n<p style='text-align: justify'>Our products are made with the best materials on the market, making them as durable as any you can find. The casing of the filter is made of stainless steel and the internal rings are made of high-density polyethylene, the main qualities of which are excellent thermal and chemical resistance and resistance to impacts and severe stress.<\/p>\n<p style='text-align: justify'>Our products are now ready for a phase of experimentation in extreme situations in order to obtain quality certificates.<\/p>\n<p style='text-align: center'>\n                <em>&#8216;Our sequential filters and ring packs ensure a better use of resources, with their efficacy translating into lower costs&#8217;<\/em>\n            <\/p>\n<p style='text-align: center'>\n                <em><br \/>\n                    <strong><br \/>\n                        <span style='font-size: small'><br \/>\n                            <img alt='' height='261' src='http:\/\/www.upm.es\/observatorio\/vi\/gestor_general\/recuperar_archivo.jsp?id=1514' width='325' \/><br \/>\n                        <\/span><br \/>\n                    <\/strong><br \/>\n                <\/em>\n            <\/p>\n<h4 style='text-align: left'>\n                <strong>Business needs \/ application<\/strong><br \/>\n            <\/h4>\n<p>\n                <strong>Agri-food<\/strong>\n            <\/p>\n<ul>\n<li>\n<p style='text-align: justify'>Application to the cooking oil industry (predominantly olive oil, with 359,366.10 hectares of olive groves in Ja\u00e9n, C\u00f3rdoba and Granada; 448,494,929 kl of oil in a total of 801 olive-oil mills in Andalusia), wine production (2,836.96 hectares), juice production, etc.<\/p>\n<\/li>\n<li>\n<p style='text-align: justify'>Irrigation consultancy firms.<\/p>\n<\/li>\n<\/ul>\n<p>\n                <strong>Environment and energy efficiency<\/strong>\n            <\/p>\n<ul>\n<li>\n<p style='text-align: justify'>Application to desalination plants and drinking water treatment plants (in 2010, the total volume of water discharged along the Andalusian coast was 18046974009), and also to water recycling.<\/p>\n<\/li>\n<li style='text-align: justify'>\n<p>Irrigated agriculture (792,632.74 hectares distributed between 102,924 farms in Andalusia).<\/p>\n<\/li>\n<li style='text-align: justify'>\n<p>Greenhouses (in 2009 there were 44,500 hectares in Andalusia alone; 66,000 in Spain).<\/p>\n<\/li>\n<li>\n<p style='text-align: justify'>Public authorities responsible for water management.<\/p>\n<\/li>\n<\/ul>\n<h4 style='text-align: left'>\n                <strong>Competitive advantages<\/strong><br \/>\n            <\/h4>\n<ul>\n<li>\n<p style='text-align: justify'>Saves energy and water; lowers costs.<\/p>\n<\/li>\n<li style='text-align: justify'>\n<p>Easy implementation and greater efficacy.<\/p>\n<\/li>\n<li style='text-align: justify'>\n<p>Complete adaptation of the installation to the filtering requirements.<\/p>\n<\/li>\n<li style='text-align: justify'>\n<p>Three filters in one (cyclone, mesh and ring system): simplifies the installation required.<\/p>\n<\/li>\n<li style='text-align: justify'>\n<p>Fast and simple, automatic or manual cleaning (the special closure allows it to be opened and taken apart in a few seconds).<\/p>\n<\/li>\n<li>\n<p style='text-align: justify'>Constant gravitational cleaning assisted by floating brushes, providing cleaner and longer-lasting operation.<\/p>\n<\/li>\n<\/ul>\n<p style='text-align: center'>\n                <em>&#8216;It is not necessary to reverse the flow of water for backwashing, making it possible to save resources&#8217;<\/em>\n            <\/p>\n<p style='text-align: center'>\n                <strong><br \/>\n                    <span style='font-size: small'><br \/>\n                        <em><br \/>\n                            <img alt='' height='395' src='http:\/\/www.upm.es\/observatorio\/vi\/gestor_general\/recuperar_archivo.jsp?id=1513' width='300' \/><br \/>\n                        <\/em><br \/>\n                    <\/span><br \/>\n                <\/strong>\n            <\/p>\n<h4 style='text-align: left'>\n                <strong>References<\/strong><br \/>\n            <\/h4>\n<ul>\n<li>\n<p style='text-align: justify'>Technology developed by Dr Alfonso Cobos de la Fuente (lecturer-researcher in fluid mechanics and on master&#8217;s programmes at UPM).<\/p>\n<\/li>\n<li>\n<p style='text-align: justify'>Runner-up prize for the best business idea in the 9th Act\u00faa_UPM Business Creation Competition (<i>IX Competici\u00f3n de Creaci\u00f3n de Empresas Act\u00faa_UPM<\/i>).<\/p>\n<\/li>\n<\/ul>\n<h4>\n                <strong>Industrial protection<\/strong><br \/>\n            <\/h4>\n<ul>\n<li>\n<p style='text-align: justify'>Patent granted in Spain: ES2277792.<\/p>\n<\/li>\n<li>\n<p style='text-align: justify'>Patent granted in Spain: ES2346842.<\/p>\n<\/li>\n<\/ul>\n<h4 style='text-align: left'>\n                <strong>Stage of development<\/strong><br \/>\n            <\/h4>\n<ul>\n<li>\n                    <span style='font-size: small'>Concept<\/span>\n                <\/li>\n<li>\n                    <span style='font-size: small'>Research<\/span>\n                <\/li>\n<li>\n                    <span style='text-decoration: underline;font-size: small'><br \/>\n                        <strong>Lab prototype<\/strong><br \/>\n                    <\/span>\n                <\/li>\n<li>\n                    <span style='font-size: small'>Industrial prototype<\/span>\n                <\/li>\n<li>\n                    <span style='font-size: small'>Production<\/span>\n                <\/li>\n<\/ul>\n<h4>\n                <strong>Contact<\/strong><br \/>\n            <\/h4>\n<p style='text-align: justify'>\n                <strong>Secuenfil contact<\/strong>\n            <\/p>\n<p style='text-align: justify'>Mar\u00eda Rosario Cobos Ulloa<\/p>\n<p style='text-align: justify'>e: <span rel=\"74313330ae311c319e312531bf31343198311531c0311330b2311a31b5312531ba311230b3313a31a831\" class=\"cryptex \" style=\"\"><span class=\"CryptexImg ctx8csww67mY4H_J9ZDbYH0Gd7OZYyfxqVpS5iNf2iO89g\"><\/span><\/span><\/p>\n<p style='text-align: justify'>\n                <strong>UPM contact<\/strong>\n            <\/p>\n<p style='text-align: justify'>Innovation and Entrepreneurship Programmes<\/p>\n<p style='text-align: justify'>Technological Innovation Support Centre (CAIT) &#8211; UPM<\/p>\n<p style='text-align: justify'>e: <span rel=\"74313330a4312531a9311f31d031273195311531c3311b3179312131b9311f31bc312f31bc313a31a2313531b231223187313c31ad31163176313031ba31\" class=\"cryptex \" style=\"\"><span class=\"CryptexImg ctxR7neImVV1tJoTSyttUGBAuiESKXKLLyzTwJSN1lk9Z0\"><\/span><\/span><\/p>\n<div class=\"pdfprnt-buttons pdfprnt-buttons-product pdfprnt-bottom-left\"><a href=\"https:\/\/www.upm.es\/recursosidi\/wp-json\/wp\/v2\/product\/10998?print=pdf\" class=\"pdfprnt-button pdfprnt-button-pdf\" target=\"_blank\"><span class=\"pdfprnt-button-title pdfprnt-button-pdf-title\">Descargar ficha<\/span><\/a><\/div>","protected":false},"excerpt":{"rendered":"<p>The most effective and capable filtration on the market. High-performance sequential filter and filter rings.<\/p>\n","protected":false},"featured_media":10996,"template":"","meta":{"_acf_changed":false},"product_cat":[2386],"product_tag":[8259,8257,8255],"comunidades-upm":[],"quien":[],"mapa":[{"term_id":77,"name":"Agriculture, Forestry, Natural Resources, Land Use and Blue Growth","slug":"agriculture-forestry-natural_resources-land-use-blue_growth","term_group":0,"term_taxonomy_id":77,"taxonomy":"mapa","description":"","parent":0,"count":20,"filter":"raw","term_order":"1"}],"disponibilidad":[],"donde":[{"term_id":42,"name":"UPM","slug":"upm","term_group":0,"term_taxonomy_id":42,"taxonomy":"donde","description":"Universidad Polit\u00e9cnica de Madrid\r\nHTML \"Lorem ipsum dolor sit amet, consectetur adipiscing elit, sed do eiusmod tempor incididunt ut labore et dolore magna aliqua. Ut enim ad minim veniam, quis nostrud exercitation ullamco laboris nisi ut aliquip ex ea commodo consequat. Duis aute irure dolor in reprehenderit in voluptate velit esse cillum dolore eu fugiat nulla pariatur. Excepteur sint occaecat cupidatat non proident, sunt in culpa qui officia deserunt mollit anim id est laborum.\"","parent":0,"count":146,"filter":"raw","term_order":"0"}],"infraestructura":[],"ods":[{"term_id":2261,"name":"Clean Water and Sanitation","slug":"clean-water-and-sanitation","term_group":0,"term_taxonomy_id":2261,"taxonomy":"ods","description":"","parent":0,"count":10,"filter":"raw","term_order":"0"},{"term_id":2233,"name":"Climate Action","slug":"climate-action","term_group":0,"term_taxonomy_id":2233,"taxonomy":"ods","description":"","parent":0,"count":64,"filter":"raw","term_order":"0"},{"term_id":2249,"name":"Industry, Innovation and Infrastructure","slug":"industry-innovation-and-infrastructure","term_group":0,"term_taxonomy_id":2249,"taxonomy":"ods","description":"","parent":0,"count":129,"filter":"raw","term_order":"0"}],"origen":[{"term_id":192,"name":"Soluciones tecnol\u00f3gicas","slug":"soluciones-tecnologicas","term_group":0,"term_taxonomy_id":192,"taxonomy":"origen","description":"","parent":0,"count":278,"filter":"raw","term_order":"0"}],"familia_tax":false,"quien_tax":false,"donde_tax":false,"year":"","contacto":"ETSIDI - UPM, Ronda de Valencia, 3, 28012, Madrid","telefono":"","pagina_web":"https:\/\/www.etsidi.upm.es\/","email":"secuenfil@gmail.com","id_ficha_portal":"115","video":"","adjuntos":false,"adjuntos_portal":"","inf":false,"departamento":"","acf":[],"lang":"en","translation":{"en":10998,"es":10995},"_links":{"self":[{"href":"https:\/\/www.upm.es\/recursosidi\/wp-json\/wp\/v2\/product\/10998"}],"collection":[{"href":"https:\/\/www.upm.es\/recursosidi\/wp-json\/wp\/v2\/product"}],"about":[{"href":"https:\/\/www.upm.es\/recursosidi\/wp-json\/wp\/v2\/types\/product"}],"wp:featuredmedia":[{"embeddable":true,"href":"https:\/\/www.upm.es\/recursosidi\/wp-json\/wp\/v2\/media\/10996"}],"wp:attachment":[{"href":"https:\/\/www.upm.es\/recursosidi\/wp-json\/wp\/v2\/media?parent=10998"}],"wp:term":[{"taxonomy":"product_cat","embeddable":true,"href":"https:\/\/www.upm.es\/recursosidi\/wp-json\/wp\/v2\/product_cat?post=10998"},{"taxonomy":"product_tag","embeddable":true,"href":"https:\/\/www.upm.es\/recursosidi\/wp-json\/wp\/v2\/product_tag?post=10998"},{"taxonomy":"comunidad_upm","embeddable":true,"href":"https:\/\/www.upm.es\/recursosidi\/wp-json\/wp\/v2\/comunidades-upm?post=10998"},{"taxonomy":"quien","embeddable":true,"href":"https:\/\/www.upm.es\/recursosidi\/wp-json\/wp\/v2\/quien?post=10998"},{"taxonomy":"mapa","embeddable":true,"href":"https:\/\/www.upm.es\/recursosidi\/wp-json\/wp\/v2\/mapa?post=10998"},{"taxonomy":"disponibilidad","embeddable":true,"href":"https:\/\/www.upm.es\/recursosidi\/wp-json\/wp\/v2\/disponibilidad?post=10998"},{"taxonomy":"donde","embeddable":true,"href":"https:\/\/www.upm.es\/recursosidi\/wp-json\/wp\/v2\/donde?post=10998"},{"taxonomy":"infraestructura","embeddable":true,"href":"https:\/\/www.upm.es\/recursosidi\/wp-json\/wp\/v2\/infraestructura?post=10998"},{"taxonomy":"ods","embeddable":true,"href":"https:\/\/www.upm.es\/recursosidi\/wp-json\/wp\/v2\/ods?post=10998"},{"taxonomy":"origen","embeddable":true,"href":"https:\/\/www.upm.es\/recursosidi\/wp-json\/wp\/v2\/origen?post=10998"}],"curies":[{"name":"wp","href":"https:\/\/api.w.org\/{rel}","templated":true}]}}