{"id":11014,"date":"2022-08-16T13:12:06","date_gmt":"2022-08-16T11:12:06","guid":{"rendered":"https:\/\/www.upm.es\/recursosidi\/offers-resources\/sin categor\u00eda\/soporte-universal\/"},"modified":"2022-08-16T13:12:14","modified_gmt":"2022-08-16T11:12:14","slug":"soporte-universal","status":"publish","type":"product","link":"https:\/\/www.upm.es\/recursosidi\/offers-resources\/soluciones-tecnologicas\/soporte-universal\/","title":{"rendered":"SOPORTE UNIVERSAL"},"content":{"rendered":"<h4 style=\"text-align: left\"><strong>Descripci&oacute;n breve conjunta de la soluci&oacute;n y valor a&ntilde;adido que aporta<\/strong><\/h4>\n<p style=\"text-align: justify\">La estructura descrita consiste en un soporte de tipo universal, que es v&aacute;lido para colocar, encima de un tejado cualquiera o de una azotea, muy diferentes instrumentos, tanto cient&iacute;ficos: (anem&oacute;metros, veletas, bol&oacute;metros, medidores de presi&oacute;n, de temperatura, de humedad, etc.) como tecnol&oacute;gicos: (antenas normales o parab&oacute;licas, aerogeneradores de peque&ntilde;a potencia, placas fotovoltaicas o elementos de captaci&oacute;n solar, etc.) como instrumentos de seguridad tales como c&aacute;maras de vigilancia y otros, en general.<\/p>\n<p style=\"text-align: justify\">La instalaci&oacute;n de esta estructura sobre el tejado o sobre la azotea, no necesita hacer ninguna obra o taladro alguno, pues se instala o se deposita suavemente sobre los mismos quedando fijada simplemente por gravedad mediante unos contrapesos que lleva distribuidos a lo largo de ella.&nbsp;<\/p>\n<p style=\"text-align: justify\">Esta innovaci&oacute;n ha sido desarrollada conjuntamente por investigadores de la UPM y del CIEMAT.<\/p>\n<h4 style=\"text-align: left\"><strong>Descripci&oacute;n de la base tecnol&oacute;gica<\/strong><\/h4>\n<p style=\"text-align: justify\">El soporte est&aacute; fabricado con tubos de acero inoxidable que lo hacen totalmente resistente a la intemperie y a sus inclemencias atmosf&eacute;ricas.<\/p>\n<p style=\"text-align: justify\">La soluci&oacute;n para adaptarse a cualquier tejado o azotea, es debido a que&nbsp; las barras est&aacute;n articuladas entre si, pudiendo finalmente trincarse o rigidizarse apretando simplemente los tornillos pertinentes y qued&aacute;ndose adaptada a la forma de dicho tejado o azotea.<\/p>\n<p style=\"text-align: justify\">Lo hace distintivo respecto a otros soportes que se fija &uacute;nica y exclusivamente por gravedad al tejado y se adapta a cualquier forma del mismo, sin necesidad de obra alguna.<\/p>\n<p style=\"text-align: center\"><em>&#8220;Soporte Universal para sujetar cualquier aparato, sobre cualquier tejado o sobre el mismo suelo (calle, campo, etc.), en cualquier parte del mundo, montable y desmontable, sin hacer ning&uacute;n tipo de obra y sin alterar el tejado o el suelo&#8221;<\/em><\/p>\n<h4>&nbsp;<\/h4>\n<h4 style=\"text-align: left\"><strong>Necesidades de negocio \/ aplicaci&oacute;n<\/strong><\/h4>\n<p><strong>Salud<\/strong><\/p>\n<p style=\"text-align: justify\">Sistemas de comunicaci&oacute;n fiables como antenas y otros dispositivos. Colectores solares para agua caliente sanitaria y placas fotovoltaicas. C&aacute;maras de vigilancia en la azotea.<\/p>\n<p><strong>Agroalimentario<\/strong><\/p>\n<p style=\"text-align: justify\">En tejados de granjas, silos y almacenes para apoyo energ&eacute;tico con renovables. Sistema de vigilancia y seguridad. Bombeo de agua con bomba e&oacute;lica , fotovoltaica, el&eacute;ctrica, etc. Sistema de se&ntilde;alizaci&oacute;n y delimitaci&oacute;n de lindes, carteles, etc.<\/p>\n<p><strong>Telefon&iacute;a e Internet<\/strong><\/p>\n<p style=\"text-align: justify\">Colocaci&oacute;n de antenas de todo tipo: transmisi&oacute;n de datos digitalmente y enlace de redes, panel fotovoltaico para recarga de bater&iacute;as locales y mantener siempre activas las comunicaciones. En todo el mundo, desplegable para elementos propios de transmisiones del ej&eacute;rcito, equipos cient&iacute;ficos, actividades de periodismo, etc.<\/p>\n<p><strong>Medioambiente<\/strong><\/p>\n<p style=\"text-align: justify\">Instalaci&oacute;n , en cualquier parte del mundo de utensilios cient&iacute;ficos, para medir calidad del aire, veletas, anem&oacute;metros, bol&oacute;metros, term&oacute;metros.<\/p>\n<p><strong>Energ&iacute;a<\/strong><\/p>\n<p style=\"text-align: justify\">En tejado o suelo, colocaci&oacute;n de aerogeneradores en el rango de la mini e&oacute;lica (kW), paneles fotovoltaicos, colectores solares, espejos para iluminaci&oacute;n de interiores.<\/p>\n<h4 style=\"text-align: left\"><strong>Ventajas competitivas<\/strong><\/h4>\n<ul>\n<li>\n<p style=\"text-align: justify\">No se necesita hacer ning&uacute;n tipo de obra civil, taladrar o agujerear, ni insertar ninguna pieza, ya que el soporte queda apoyado y asegurado por gravedad directamente sobre el tejado o azotea. No se estropea el lugar donde se coloca. Es desmontable y apilable. Es m&aacute;s r&aacute;pida de montar por no necesitar realizar ninguna obra.<\/p>\n<\/li>\n<li style=\"text-align: justify\">\n<p>No est&aacute; pensada para alg&uacute;n tipo especial de aparato. Puede soportar y sujetar cualquier aparato o instrumento t&eacute;cnico.<\/p>\n<\/li>\n<li style=\"text-align: justify\">\n<p>Soporte escalable y fabricable a cualquier tama&ntilde;o.<\/p>\n<\/li>\n<li style=\"text-align: justify\">\n<p>Estructura de bajo coste: materiales comunes y proceso de fabricaci&oacute;n sencillo.<\/p>\n<\/li>\n<li style=\"text-align: justify\">\n<p>Desmontable totalmente.<\/p>\n<\/li>\n<li style=\"text-align: justify\">\n<p>Por dise&ntilde;o, el soporte es capaz de aguantar vientos muy altos, hasta 170 km\/h sin deteriorarse. Seg&uacute;n sea el tama&ntilde;o y forma del instrumento a colocar con el soporte sobre el tejado o azotea, as&iacute; ser&aacute; tambi&eacute;n el tama&ntilde;o y los contrapesos de dicho soporte.<\/p>\n<\/li>\n<li>\n<p style=\"text-align: justify\">Probada en varios prototipos con &eacute;xito<\/p>\n<\/li>\n<\/ul>\n<h4 style=\"text-align: left\"><strong>Protecci&oacute;n industrial<\/strong><\/h4>\n<p>Patente concedida en Espa&ntilde;a ES2388388.<\/p>\n<h4 style=\"text-align: left\"><strong>Grado de desarrollo<\/strong><\/h4>\n<ul>\n<li>\n<p>Concepto<\/p>\n<\/li>\n<li>\n<p>Investigaci&oacute;n<\/p>\n<\/li>\n<li>\n<p><strong>Prototipo Lab<\/strong><\/p>\n<\/li>\n<li>\n<p>Prototipo industrial<\/p>\n<\/li>\n<li>\n<p>Producci&oacute;n<\/p>\n<\/li>\n<\/ul>\n<h4 style=\"text-align: left\"><strong>Contacto<\/strong><\/h4>\n<p><strong>Contacto Soporte Universal<\/strong><\/p>\n<p>Amparo Verd&uacute;<\/p>\n<p>ETS Edificaci&oacute;n &ndash; UPM<\/p>\n<p>e: <span rel=\"84312130a9312f31ac310d31c131273175312631a93136319631273179312331a431263186311731a931\" class=\"cryptex \" style=\"\"><span class=\"CryptexImg ctxlNL_LNRzS5BhEFaC5picBHoaGmwopiwCqtySkgJShL0\"><\/span><\/span>&nbsp;<\/p>\n<p><strong>Contacto UPM<\/strong><\/p>\n<p>Programas de Innovaci&oacute;n y Emprendimiento<\/p>\n<p>Centro de Apoyo a la Innovaci&oacute;n Tecnol&oacute;gica &ndash; UPM<\/p>\n<p>e: <span rel=\"84312130b1313031aa311b31c5311931aa311931b3313231603126319e311131a2312831c43121319d31233199311f3185312b31b03122315e310e31c031\" class=\"cryptex \" style=\"\"><span class=\"CryptexImg ctxR7neImVV1tJoTSyttUGBAuiESKXKLLyzTwJSN1lk9Z0\"><\/span><\/span><\/p>\n<div class=\"pdfprnt-buttons pdfprnt-buttons-product pdfprnt-bottom-left\"><a href=\"https:\/\/www.upm.es\/recursosidi\/wp-json\/wp\/v2\/product\/11014?print=pdf\" class=\"pdfprnt-button pdfprnt-button-pdf\" target=\"_blank\"><span class=\"pdfprnt-button-title pdfprnt-button-pdf-title\">Descargar ficha<\/span><\/a><\/div>","protected":false},"excerpt":{"rendered":"<p>Estructura para instrumentaci\u00f3n en edificios.<\/p>\n<p>Soporte universal por gravedad, v\u00e1lido para cualquier tejado o azotea, que puede sujetar muy diversos utensilios como c\u00e1maras  de vigilancia, anem\u00f3metros, antenas parab\u00f3licas, aerogeneradores, placas solares, etc.<\/p>\n","protected":false},"featured_media":11013,"template":"","meta":{"_acf_changed":false},"product_cat":[2384],"product_tag":[2499],"comunidades-upm":[],"quien":[],"mapa":[{"term_id":135,"name":"Industria, materiales y econom\u00eda circular","slug":"industria-materiales-economia_circular","term_group":0,"term_taxonomy_id":135,"taxonomy":"mapa","description":"","parent":0,"count":165,"filter":"raw","term_order":"13"}],"disponibilidad":[],"donde":[{"term_id":548,"name":"Grupo de Investigaci\u00f3n en Ingenier\u00eda Mar\u00edtima y Portuaria","slug":"grupo-de-investigacion-en-ingenieria-maritima-y-portuaria","term_group":0,"term_taxonomy_id":548,"taxonomy":"donde","description":"","parent":0,"count":16,"filter":"raw","term_order":"0"},{"term_id":1772,"name":"Maritime and Ports Engineering Research Group","slug":"en_maritime-and-ports-engineering-research-group","term_group":0,"term_taxonomy_id":1772,"taxonomy":"donde","description":"","parent":0,"count":10,"filter":"raw","term_order":"0"}],"infraestructura":[],"ods":[{"term_id":2247,"name":"Industria, Innovaci\u00f3n e Infraestructura","slug":"industria-innovacion-e-infraestructura","term_group":0,"term_taxonomy_id":2247,"taxonomy":"ods","description":"","parent":0,"count":171,"filter":"raw","term_order":"0"}],"origen":[{"term_id":192,"name":"Soluciones tecnol\u00f3gicas","slug":"soluciones-tecnologicas","term_group":0,"term_taxonomy_id":192,"taxonomy":"origen","description":"","parent":0,"count":278,"filter":"raw","term_order":"0"}],"familia_tax":false,"quien_tax":false,"donde_tax":false,"year":"","contacto":"ETS de Edificaci\u00f3n, Av. Juan de Herrera, 6, 28040, Madrid","telefono":"","pagina_web":"https:\/\/www.edificacion.upm.es\/","email":"amparo.verdu@upm.es","id_ficha_portal":"74","video":"","adjuntos":false,"adjuntos_portal":"","inf":false,"departamento":"","acf":[],"lang":"es","translation":{"es":11014,"en":11016},"_links":{"self":[{"href":"https:\/\/www.upm.es\/recursosidi\/wp-json\/wp\/v2\/product\/11014"}],"collection":[{"href":"https:\/\/www.upm.es\/recursosidi\/wp-json\/wp\/v2\/product"}],"about":[{"href":"https:\/\/www.upm.es\/recursosidi\/wp-json\/wp\/v2\/types\/product"}],"wp:featuredmedia":[{"embeddable":true,"href":"https:\/\/www.upm.es\/recursosidi\/wp-json\/wp\/v2\/media\/11013"}],"wp:attachment":[{"href":"https:\/\/www.upm.es\/recursosidi\/wp-json\/wp\/v2\/media?parent=11014"}],"wp:term":[{"taxonomy":"product_cat","embeddable":true,"href":"https:\/\/www.upm.es\/recursosidi\/wp-json\/wp\/v2\/product_cat?post=11014"},{"taxonomy":"product_tag","embeddable":true,"href":"https:\/\/www.upm.es\/recursosidi\/wp-json\/wp\/v2\/product_tag?post=11014"},{"taxonomy":"comunidad_upm","embeddable":true,"href":"https:\/\/www.upm.es\/recursosidi\/wp-json\/wp\/v2\/comunidades-upm?post=11014"},{"taxonomy":"quien","embeddable":true,"href":"https:\/\/www.upm.es\/recursosidi\/wp-json\/wp\/v2\/quien?post=11014"},{"taxonomy":"mapa","embeddable":true,"href":"https:\/\/www.upm.es\/recursosidi\/wp-json\/wp\/v2\/mapa?post=11014"},{"taxonomy":"disponibilidad","embeddable":true,"href":"https:\/\/www.upm.es\/recursosidi\/wp-json\/wp\/v2\/disponibilidad?post=11014"},{"taxonomy":"donde","embeddable":true,"href":"https:\/\/www.upm.es\/recursosidi\/wp-json\/wp\/v2\/donde?post=11014"},{"taxonomy":"infraestructura","embeddable":true,"href":"https:\/\/www.upm.es\/recursosidi\/wp-json\/wp\/v2\/infraestructura?post=11014"},{"taxonomy":"ods","embeddable":true,"href":"https:\/\/www.upm.es\/recursosidi\/wp-json\/wp\/v2\/ods?post=11014"},{"taxonomy":"origen","embeddable":true,"href":"https:\/\/www.upm.es\/recursosidi\/wp-json\/wp\/v2\/origen?post=11014"}],"curies":[{"name":"wp","href":"https:\/\/api.w.org\/{rel}","templated":true}]}}