{"id":11036,"date":"2022-08-16T13:13:09","date_gmt":"2022-08-16T11:13:09","guid":{"rendered":"https:\/\/www.upm.es\/recursosidi\/offers-resources\/sin categor\u00eda\/lse-translator\/"},"modified":"2022-08-16T13:13:11","modified_gmt":"2022-08-16T11:13:11","slug":"lse-translator","status":"publish","type":"product","link":"https:\/\/www.upm.es\/recursosidi\/en\/offers-resources\/technological-solutions\/lse-translator\/","title":{"rendered":"LSE TRANSLATOR"},"content":{"rendered":"<h4 style='text-align: left'>\n                <strong>Brief description of the solution and the added value it delivers<\/strong><br \/>\n            <\/h4>\n<p style='text-align: justify'>\n                <span lang='ES-TRAD'>The system for translating voice or text in Spanish into Spanish Sign Language (LSE) consists of an automatic speech recogniser, a module for translating words in Spanish into a sequence of signs and a third module for representing the signs by means of an animated agent. Field tests in restricted fields show that the system is capable of translating with nearly 100% accuracy, allowing it to operate in real time. The system is simple to adapt to new fields of application. This technology has been developed by UPM&#8217;s Speech and Machine Learning Technology Group in collaboration with FCNSE, a Spanish foundation that works to eliminate communication barriers. This technology has already been used to develop four prototypes in various fields of application.<\/span>\n            <\/p>\n<h4 style='text-align: left'>\n                <strong>Description of the technological basis<\/strong><br \/>\n            <\/h4>\n<p style='text-align: justify'>The system for translating voice or text in Spanish into Spanish Sign Language (SSL) consists of an automatic speech recogniser, a module for translating words in Spanish into a sequence of signs and a third module for representing the signs by means of an animated agent.<\/p>\n<p style='text-align: justify'>The speech recognition system recognises continuous speech and is speaker-independent. The translation module combines three technologies: translation based on examples, translation based on expert rules and statistical translation. Combining the different strategies makes it possible to benefit from the advantages of each of them.<\/p>\n<p style='text-align: justify'>The sign representation module shows the sequence of signs resulting from the translation by means of an agent animated in 3D.<\/p>\n<p style='text-align: justify'>It is an innovative solution in the field of ICTs applied to the area of independent living, e-inclusion and governance, as a system for informing and interacting with deaf individuals, which could potentially be used at information points or cash machines, on websites, etc.<\/p>\n<h4 style='text-align: left'>\n                <strong>Business needs \/ application<\/strong><br \/>\n            <\/h4>\n<p style='text-align: justify'>Deaf people have a lot communication barriers that end up creating a significant number of problems educationally, socially and culturally.<\/p>\n<p style='text-align: justify'>\n                <strong>Needs of deaf individuals in education.<\/strong>\n            <\/p>\n<p style='text-align: justify'>Forty-seven per cent of the deaf population have no schooling or are illiterate. Furthermore, only between 1 and 3% of the deaf population has completed university studies, compared to 21% of the Spanish population as a whole (Spanish National Statistics Institute [INE], 1999; Spanish Ministry of Education, Culture and Sport [MECD], 2000\/2001).<\/p>\n<p style='text-align: justify'>\n                <strong>Needs in terms of social integration.<\/strong>\n            <\/p>\n<p style='text-align: justify'>Deaf pupils end up in programmes for individuals who have not complicated compulsory secondary education ten times more often than pupils as a whole (INE, 1999). Another illuminating fact is that between 45 and 50% of deaf children and youths have psychological disorders, compared to a maximum of 25% for the rest of the population (European Society for Mental Health and Deafness, 2000). Finally, it should be noted that unemployment is much more prevalent among deaf people and, in particular, among deaf women (INE, 2003).<\/p>\n<p style='text-align: justify'>It is possible to identify specific needs from these general issues.<\/p>\n<ul>\n<li style='text-align: justify'>\n<p style='text-align: justify'>Subtitling of audiovisual content in LSE. This aspect is ever more important, in view of the 2010 law on audiovisual communication, which imposes very high levels of subtitling, making automatic tools necessary.<\/p>\n<\/li>\n<li style='text-align: justify'>\n<p>Translation of websites into LSE, making them easier for deaf people to access.<\/p>\n<\/li>\n<li style='text-align: justify'>\n<p>Generating the information offered at information points or cash machines in LSE.<\/p>\n<\/li>\n<li style='text-align: justify'>\n<p style='text-align: justify'>Translation of educational content into LSE, for the education and training of deaf people.<\/p>\n<\/li>\n<\/ul>\n<p style='text-align: center'>\n                <em><br \/>\n                    <span style='font-size: small'>&#8216;Deaf people have problems with reading, writing and understanding Spanish. Translating information into SSL allows content and services to be made accessible to deaf individuals&#8217;<\/span><br \/>\n                <\/em>\n            <\/p>\n<h4 style='text-align: left' \/>\n<h4 style='text-align: left'>\n                <strong>Competitive advantages<\/strong><br \/>\n            <\/h4>\n<ul>\n<li>\n<p style='text-align: justify'>Correct translation rate of nearly 100% for restricted fields (&lt; 1,000 words).<\/p>\n<\/li>\n<li style='text-align: justify'>\n<p>Operation in real time for direct interaction services.<\/p>\n<\/li>\n<li style='text-align: justify'>\n<p>Independent of the speaker in the case of translation from speech.<\/p>\n<\/li>\n<li style='text-align: justify'>\n<p>Easy to adapt to a specific field of application.<\/p>\n<\/li>\n<li style='text-align: justify'>\n<p>Flexibility to be adapted to other languages and sign languages.<\/p>\n<\/li>\n<li style='text-align: justify'>\n<p>Sign vocabulary already developed, with more than 1,000 signs available. That vocabulary includes the description of the signs in both SEA (alphabetic writing system) and HamNoSys.<\/p>\n<\/li>\n<li style='text-align: justify'>\n<p>The signs have already been generated, they can be used in different contexts and it is not necessary to design them again.<\/p>\n<\/li>\n<li style='text-align: justify'>\n<p>There is an easy-to-use visual tool for designing new signs, in both SEA and HamNoSys.<\/p>\n<\/li>\n<li>\n<p style='text-align: justify'>Prototypes in various restricted fields of application: renewal of the Spanish identity document (DNI) or driving licence, at reception in a hotel or at a municipal transport company information point.<\/p>\n<\/li>\n<\/ul>\n<table border='0' style='margin-left: auto;margin-right: auto;width: 612px'>\n<tbody>\n<tr>\n<td style='width: 352px'>\n                            <img alt='' height='247' src='http:\/\/www.upm.es\/observatorio\/vi\/gestor_general\/recuperar_archivo.jsp?id=100' style='float: right' width='336' \/>\n                        <\/td>\n<td style='width: 259.556px'>\n                            <img alt='' height='247' src='http:\/\/www.upm.es\/observatorio\/vi\/gestor_general\/recuperar_archivo.jsp?id=101' style='float: left' width='243' \/>\n                        <\/td>\n<\/tr>\n<\/tbody>\n<\/table>\n<h4 style='text-align: left'>\n                <strong>References<\/strong><br \/>\n            <\/h4>\n<ul>\n<li>\n<p style='text-align: justify'>Research group with extensive experience in research and working with industry.<\/p>\n<\/li>\n<li style='text-align: justify'>\n<p>Technology developed in collaboration with the Spanish foundation dedicated to eliminating communication barriers, FCNSE.<\/p>\n<\/li>\n<li>\n<p style='text-align: justify'>Prototypes have been developed and assessed in various restricted fields of application: renewal of the Spanish identity document (DNI) or driving licence, at reception in a hotel or at a municipal transport company information point.<\/p>\n<\/li>\n<\/ul>\n<h4 style='text-align: left'>\n                <strong>Stage of development<\/strong><br \/>\n            <\/h4>\n<ul>\n<li>\n<p>Concept<\/p>\n<\/li>\n<li>\n<p>Research<\/p>\n<\/li>\n<li>\n<p>Lab prototype<\/p>\n<\/li>\n<li>\n<p>\n                        <span style='text-decoration: underline'><br \/>\n                            <strong>Industrial prototype<\/strong><br \/>\n                        <\/span>\n                    <\/p>\n<\/li>\n<li>\n<p>Production<\/p>\n<\/li>\n<\/ul>\n<h4 style='text-align: left'>\n                <strong>Contact<\/strong><br \/>\n            <\/h4>\n<p style='text-align: justify'>\n                <strong>LSE TRANSLATOR contact<\/strong>\n            <\/p>\n<p style='text-align: justify'>Rub\u00e9n San Segundo Hern\u00e1ndez, Jos\u00e9 Manuel Pardo Mu\u00f1oz<\/p>\n<p style='text-align: justify'>e: <span rel=\"62311830a8313731ae311f31b5311a30b2311131c5312b31af312631a9311831b7312e318b313931b2313d3167311f31c131\" class=\"cryptex \" style=\"\"><span class=\"CryptexImg ctxh1N4kWyWRE2UWNiYJDq8vkrDTsiqm-lofJTEjYbh1i0\"><\/span><\/span><\/p>\n<p style='text-align: justify'>e: <span rel=\"62311830a6312331be311e31b6310830a3311931bc311a30bf312f31a1312830b8313231\" class=\"cryptex \" style=\"\"><span class=\"CryptexImg ctxpCsUszG1yv8NEMBwR3Luh_oz2rd2sgxSjewV04jrMxo\"><\/span><\/span><\/p>\n<p style='text-align: justify'>w: http:\/\/www.gth.die.upm.es<\/p>\n<p style='text-align: justify'>\n                <strong>UPM contact<\/strong>\n            <\/p>\n<p style='text-align: justify'>Innovation and Entrepreneurship Programmes<\/p>\n<p style='text-align: justify'>Technological Innovation Support Centre (CAIT) &#8211; UPM<\/p>\n<p style='text-align: justify'>e: <span rel=\"623118309f313031ba312931bd311931a2311931c63126317831333199310d31c1312e31b7313331a93139319c311b318e312b31b0312d3176312631ad31\" class=\"cryptex \" style=\"\"><span class=\"CryptexImg ctxR7neImVV1tJoTSyttUGBAuiESKXKLLyzTwJSN1lk9Z0\"><\/span><\/span><\/p>\n<div class=\"pdfprnt-buttons pdfprnt-buttons-product pdfprnt-bottom-left\"><a href=\"https:\/\/www.upm.es\/recursosidi\/wp-json\/wp\/v2\/product\/11036?print=pdf\" class=\"pdfprnt-button pdfprnt-button-pdf\" target=\"_blank\"><span class=\"pdfprnt-button-title pdfprnt-button-pdf-title\">Descargar ficha<\/span><\/a><\/div>","protected":false},"excerpt":{"rendered":"<p>System for the automatic translation of voice or text into Spanish sign language.<\/p>\n","protected":false},"featured_media":11035,"template":"","meta":{"_acf_changed":false},"product_cat":[2386],"product_tag":[8291,6500],"comunidades-upm":[],"quien":[],"mapa":[{"term_id":37,"name":"Digital Technologies, Artificial Intelligence, Cybersecurity, 5G, Robotics","slug":"digital_technologies-ai-cybersecurity-5g-robotics","term_group":0,"term_taxonomy_id":37,"taxonomy":"mapa","description":"","parent":0,"count":83,"filter":"raw","term_order":"24"},{"term_id":38,"name":"Health and Wellbeing","slug":"health-and-wellbeing","term_group":0,"term_taxonomy_id":38,"taxonomy":"mapa","description":"","parent":0,"count":51,"filter":"raw","term_order":"18"}],"disponibilidad":[],"donde":[{"term_id":438,"name":"Grupo de Tecnolog\u00eda del Habla y Aprendizaje Autom\u00e1tico","slug":"grupo-de-tecnologia-del-habla-y-aprendizaje-automatico","term_group":0,"term_taxonomy_id":438,"taxonomy":"donde","description":"Nuestro grupo desarrolla actividades cient&iacute;ficas y tecnol&oacute;gicas en reconocimiento autom&aacute;tico de habla, identificaci&oacute;n y verificaci&oacute;n de locutores, segmentaci&oacute;n autom&aacute;tica de habla en locutores, reconocimiento de idioma, comprensi&oacute;n de lenguaje natural, conversi&oacute;n texto a habla con emociones, sistemas avanzados de di&aacute;logo persona-m&aacute;quina en entornos inteligentes, sistemas de traducci&oacute;n entre lenguas, con amplia experiencia en la traducci&oacute;n de voz a LSE y aplicaciones de ayudas a personas con limitaciones.\n&nbsp;\nLas <strong>principales l&iacute;neas de investigaci&oacute;n<\/strong> son:\n\nReconocimiento del habla\nComprensi&oacute;n de habla\nReconocimiento de locutores\nSistemas de di&aacute;logo persona-m&aacute;quina\nAn&aacute;lisis de habla con emociones\nAplicaciones de Tecnolog&iacute;a del Habla en entornos inteligentes\nConversi&oacute;n texto-habla\n","parent":0,"count":4,"filter":"raw","term_order":"0"},{"term_id":1864,"name":"Information Processing and Telecommunications Center","slug":"en_information-processing-and-telecommunications-center","term_group":0,"term_taxonomy_id":1864,"taxonomy":"donde","description":"","parent":0,"count":32,"filter":"raw","term_order":"0"},{"term_id":642,"name":"Information Processing and Telecommunications Center (IPTC)","slug":"information-processing-and-telecommunications-center-iptc","term_group":0,"term_taxonomy_id":642,"taxonomy":"donde","description":"","parent":0,"count":74,"filter":"raw","term_order":"0"},{"term_id":1662,"name":"Speech and Machine Learning Technology Group","slug":"en_speech-and-machine-learning-technology-group","term_group":0,"term_taxonomy_id":1662,"taxonomy":"donde","description":"Nuestro grupo desarrolla actividades cient&iacute;ficas y tecnol&oacute;gicas en reconocimiento autom&aacute;tico de habla, identificaci&oacute;n y verificaci&oacute;n de locutores, segmentaci&oacute;n autom&aacute;tica de habla en locutores, reconocimiento de idioma, comprensi&oacute;n de lenguaje natural, conversi&oacute;n texto a habla con emociones, sistemas avanzados de di&aacute;logo persona-m&aacute;quina en entornos inteligentes, sistemas de traducci&oacute;n entre lenguas, con amplia experiencia en la traducci&oacute;n de voz a LSE y aplicaciones de ayudas a personas con limitaciones.\n&nbsp;\nLas <strong>principales l&iacute;neas de investigaci&oacute;n<\/strong> son:\n\nReconocimiento del habla\nComprensi&oacute;n de habla\nReconocimiento de locutores\nSistemas de di&aacute;logo persona-m&aacute;quina\nAn&aacute;lisis de habla con emociones\nAplicaciones de Tecnolog&iacute;a del Habla en entornos inteligentes\nConversi&oacute;n texto-habla\n","parent":0,"count":3,"filter":"raw","term_order":"0"}],"infraestructura":[],"ods":[{"term_id":2273,"name":"Good Health and Well-Being","slug":"good-health-and-well-being","term_group":0,"term_taxonomy_id":2273,"taxonomy":"ods","description":"","parent":0,"count":54,"filter":"raw","term_order":"0"},{"term_id":2245,"name":"Reduced Inequalities","slug":"reduced-inequalities","term_group":0,"term_taxonomy_id":2245,"taxonomy":"ods","description":"","parent":0,"count":17,"filter":"raw","term_order":"0"}],"origen":[{"term_id":192,"name":"Soluciones tecnol\u00f3gicas","slug":"soluciones-tecnologicas","term_group":0,"term_taxonomy_id":192,"taxonomy":"origen","description":"","parent":0,"count":278,"filter":"raw","term_order":"0"}],"familia_tax":false,"quien_tax":false,"donde_tax":false,"year":"","contacto":"ETSI de Telecomunicaci\u00f3n - UPM, Avenida  Complutense, 30, Ciudad Universitaria, 28040, Madrid","telefono":"","pagina_web":"https:\/\/www.etsit.upm.es\/","email":"ruben.sansegundo@upm.es","id_ficha_portal":"50","video":"","adjuntos":false,"adjuntos_portal":"","inf":false,"departamento":"","acf":[],"lang":"en","translation":{"en":11036,"es":11034},"_links":{"self":[{"href":"https:\/\/www.upm.es\/recursosidi\/wp-json\/wp\/v2\/product\/11036"}],"collection":[{"href":"https:\/\/www.upm.es\/recursosidi\/wp-json\/wp\/v2\/product"}],"about":[{"href":"https:\/\/www.upm.es\/recursosidi\/wp-json\/wp\/v2\/types\/product"}],"wp:featuredmedia":[{"embeddable":true,"href":"https:\/\/www.upm.es\/recursosidi\/wp-json\/wp\/v2\/media\/11035"}],"wp:attachment":[{"href":"https:\/\/www.upm.es\/recursosidi\/wp-json\/wp\/v2\/media?parent=11036"}],"wp:term":[{"taxonomy":"product_cat","embeddable":true,"href":"https:\/\/www.upm.es\/recursosidi\/wp-json\/wp\/v2\/product_cat?post=11036"},{"taxonomy":"product_tag","embeddable":true,"href":"https:\/\/www.upm.es\/recursosidi\/wp-json\/wp\/v2\/product_tag?post=11036"},{"taxonomy":"comunidad_upm","embeddable":true,"href":"https:\/\/www.upm.es\/recursosidi\/wp-json\/wp\/v2\/comunidades-upm?post=11036"},{"taxonomy":"quien","embeddable":true,"href":"https:\/\/www.upm.es\/recursosidi\/wp-json\/wp\/v2\/quien?post=11036"},{"taxonomy":"mapa","embeddable":true,"href":"https:\/\/www.upm.es\/recursosidi\/wp-json\/wp\/v2\/mapa?post=11036"},{"taxonomy":"disponibilidad","embeddable":true,"href":"https:\/\/www.upm.es\/recursosidi\/wp-json\/wp\/v2\/disponibilidad?post=11036"},{"taxonomy":"donde","embeddable":true,"href":"https:\/\/www.upm.es\/recursosidi\/wp-json\/wp\/v2\/donde?post=11036"},{"taxonomy":"infraestructura","embeddable":true,"href":"https:\/\/www.upm.es\/recursosidi\/wp-json\/wp\/v2\/infraestructura?post=11036"},{"taxonomy":"ods","embeddable":true,"href":"https:\/\/www.upm.es\/recursosidi\/wp-json\/wp\/v2\/ods?post=11036"},{"taxonomy":"origen","embeddable":true,"href":"https:\/\/www.upm.es\/recursosidi\/wp-json\/wp\/v2\/origen?post=11036"}],"curies":[{"name":"wp","href":"https:\/\/api.w.org\/{rel}","templated":true}]}}