{"id":11125,"date":"2022-09-21T11:58:26","date_gmt":"2022-09-21T09:58:26","guid":{"rendered":"https:\/\/www.upm.es\/recursosidi\/offers-resources\/sin categor\u00eda\/allertrap\/"},"modified":"2022-09-21T11:58:31","modified_gmt":"2022-09-21T09:58:31","slug":"allertrap","status":"publish","type":"product","link":"https:\/\/www.upm.es\/recursosidi\/offers-resources\/soluciones-tecnologicas\/allertrap\/","title":{"rendered":"ALLERTRAP"},"content":{"rendered":"<h4 style=\"text-align: left\"><strong>Descripci&oacute;n breve conjunta de la soluci&oacute;n y valor a&ntilde;adido que aporta <\/strong><\/h4>\n<p style=\"text-align: justify\">M&aacute;s de 500 millones de personas en todo el mundo padecen alg&uacute;n tipo de afecci&oacute;n o alergia relacionados con la exposici&oacute;n al polen o esporas de hongos presentes en la atm&oacute;sfera. Adem&aacute;s, otros organismos como las bacterias, responsables de muchas enfermedades en las personas, animales y plantas, tambi&eacute;n son transportadas por el aire, de modo que diariamente respiramos una gran cantidad de part&iacute;culas biol&oacute;gicas que son potencialmente da&ntilde;inas para nuestra salud.<\/p>\n<p style=\"text-align: justify\">El dispositivo AllerTrap permite recolectar estas part&iacute;culas en ambientes exteriores, donde la exposici&oacute;n a las mismas es mayor. Presenta un tama&ntilde;o y dise&ntilde;o desarrollados para su f&aacute;cil instalaci&oacute;n en cualquier veh&iacute;culo. La captura se produce de forma pasiva, por lo que no requiere de fuentes de alimentaci&oacute;n. El an&aacute;lisis de las part&iacute;culas recolectadas puede llevarse a cabo por m&eacute;todos tradicionales de microscop&iacute;a o t&eacute;cnicas de biolog&iacute;a molecular. Las pruebas realizadas con el prototipo han mostrado resultados muy prometedores, especialmente en la identificaci&oacute;n de part&iacute;culas mediante t&eacute;cnicas moleculares.<\/p>\n<h4 style=\"text-align: left\"><strong>Descripci&oacute;n de la base tecnol&oacute;gica<\/strong><\/h4>\n<p style=\"text-align: justify\">En Europa, alrededor del 20% de la poblaci&oacute;n sufre alg&uacute;n tipo de alergia al polen o esporas f&uacute;ngicas presentes en la atm&oacute;sfera a lo largo del a&ntilde;o. Adem&aacute;s, otros organismos como las bacterias son transportados por el aire y pueden causar enfermedades como la legionelosis o la tuberculosis. Estos organismos no s&oacute;lo afectan a la salud de las personas, sino tambi&eacute;n a animales (ganader&iacute;a) y plantas (cosechas), teniendo importantes repercusiones econ&oacute;micas a nivel mundial. AllerTrap permite la recolecci&oacute;n de este tipo de part&iacute;culas biol&oacute;gicas de manera sencilla para su an&aacute;lisis e identificaci&oacute;n, ya sea por m&eacute;todos tradicionales de microscop&iacute;a y cultivo, o t&eacute;cnicas avanzadas de biolog&iacute;a molecular. Se trata de un dispositivo aut&oacute;nomo (no requiere de fuentes de alimentaci&oacute;n para su funcionamiento), con un tama&ntilde;o y dise&ntilde;o desarrollado para instalarse en cualquier tipo de veh&iacute;culo: coche, autob&uacute;s, tren, metro, drones,&#8230;<\/p>\n<p style=\"text-align: center\"><span style=\"font-size: small\">&nbsp;<\/span><em><span style=\"font-size: small\">&ldquo;La instalaci&oacute;n de AllerTrap en cualquier veh&iacute;culo permite la recolecci&oacute;n de las part&iacute;culas del aire a las que est&aacute;s expuesto en ese trayecto&rdquo;<\/span><\/em><\/p>\n<p style=\"text-align: center\"><em><span style=\"font-size: small\">&nbsp;<\/span><\/em>&nbsp;<\/p>\n<h4 style=\"text-align: left\"><strong>Necesidades de negocio \/ aplicaci&oacute;n<\/strong><\/h4>\n<p><strong>Salud<\/strong><\/p>\n<ul>\n<li>\n<p style=\"text-align: justify\">Se estima que m&aacute;s de 500 M de personas, de las que 100 M son europeos, se ven afectadas por alg&uacute;n tipo de alergia ambiental, lo que se traduce en un coste de 45.000 millones de euros para la UE anualmente.<\/p>\n<\/li>\n<li>\n<p style=\"text-align: justify\">El reciente Documento T&eacute;cnico CEN\/TS 16868:2015 publicado por la UE referente al muestreo y an&aacute;lisis de polen y esporas alerg&eacute;nicas en aire exterior pone de manifiesto el creciente inter&eacute;s social y sanitario a nivel europeo en esta materia.<\/p>\n<\/li>\n<\/ul>\n<p><strong>Biotecnolog&iacute;a<\/strong><\/p>\n<ul>\n<li>\n<p style=\"text-align: justify\">Implementaci&oacute;n de los avances biotecnol&oacute;gicos en dispositivos de medici&oacute;n y resultados personalizados adaptados a las necesidades del usuario.<\/p>\n<\/li>\n<li>\n<p style=\"text-align: justify\">Los equipos existentes en el mercado est&aacute;n dise&ntilde;ados para el muestreo de ambientes interiores, restringidos en su tiempo y forma de utilizaci&oacute;n, y por ser dependientes de una fuente de alimentaci&oacute;n (bater&iacute;a).&nbsp;<\/p>\n<\/li>\n<\/ul>\n<p><strong>Agroalimentario y medio ambiente<\/strong><\/p>\n<ul>\n<li>\n<p style=\"text-align: justify\">Detecci&oacute;n prematura de plagas y pat&oacute;genos transportados por el aire que afecten a cultivos de alto valor econ&oacute;mico.<\/p>\n<\/li>\n<li style=\"text-align: justify\">\n<p>Se estima que entre un 20%-40% de las p&eacute;rdidas en las cosechas se deben a pat&oacute;genos de plantas (virus, bacterias y hongos), muchos transportados por el aire.<\/p>\n<\/li>\n<li>\n<p style=\"text-align: justify\">Se desconoce la diversidad biol&oacute;gica total presente en la atm&oacute;sfera, su din&aacute;mica y su evoluci&oacute;n geogr&aacute;fica y temporal.&nbsp;<\/p>\n<\/li>\n<\/ul>\n<p style=\"text-align: center\"><span style=\"font-size: small\">&nbsp;<\/span><span style=\"font-size: small\">&#8220;<em>Existe un creciente inter&eacute;s sanitario por monitorizar las part&iacute;culas biol&oacute;gicas en el aire exterior<\/em>&#8220;<\/span><\/p>\n<h4 style=\"text-align: left\">&nbsp;<\/h4>\n<h4 style=\"text-align: left\"><strong>Ventajas competitivas<\/strong><\/h4>\n<ul>\n<li>\n<p style=\"text-align: justify\">Existe un prototipo patentado y testado a peque&ntilde;a escala.<\/p>\n<\/li>\n<li style=\"text-align: justify\">\n<p>Reducci&oacute;n de hasta un 50% del peso comparado con dispositivos similares.<\/p>\n<\/li>\n<li style=\"text-align: justify\">\n<p>AllerTrap es personalizable en funci&oacute;n de las necesidades del usuario final, lo que permite ajustar los costes de producci&oacute;n y m&aacute;rgenes de venta mediante la elecci&oacute;n de los materiales de fabricaci&oacute;n.<\/p>\n<\/li>\n<li>\n<p style=\"text-align: justify\">Posicionamiento corporativo al adquirir una tecnolog&iacute;a nueva que propone una soluci&oacute;n adaptada a los nuevos intereses sociales y sanitarios.<\/p>\n<\/li>\n<\/ul>\n<h4 style=\"text-align: left\"><strong>Referencias<\/strong><\/h4>\n<ul>\n<li>\n<p style=\"text-align: justify\">El Grupo BIO-MAT (UPM) posee m&aacute;s de 30 a&ntilde;os de experiencia en investigaci&oacute;n y asesorando a m&aacute;s de 25 empresas (CAMPSA, Iberdrola, CLH, Cadagua, TALGO, entre otras), recibiendo un total de fondos por investigaci&oacute;n y contratos de m&aacute;s de 2 M&euro;.<\/p>\n<\/li>\n<li>\n<p style=\"text-align: justify\">El Grupo ha desarrollado otras 2 patentes biotecnol&oacute;gicas registradas a nivel nacional e internacional. El desarrollo de AllerTrap est&aacute; enmarcado dentro del Programa AIRBIOTA-CM (S2013\/MAE-2874), financiado por la Comunidad de Madrid con un presupuesto total de 705.000 &euro;.<\/p>\n<\/li>\n<\/ul>\n<h4 style=\"text-align: left\"><strong>Protecci&oacute;n industrial<\/strong><\/h4>\n<p>Patente concedida en Espa&ntilde;a ES20150031836.<\/p>\n<h4 style=\"text-align: left\"><strong>Grado de desarrollo<\/strong><\/h4>\n<ul>\n<li>\n<p>Concepto<\/p>\n<\/li>\n<li>\n<p>Investigaci&oacute;n<\/p>\n<\/li>\n<li>\n<p><span style=\"text-decoration: underline\"><strong>Prototipo Lab<\/strong><\/span><\/p>\n<\/li>\n<li>\n<p>Prototipo industrial<\/p>\n<\/li>\n<li>\n<p>Producci&oacute;n<\/p>\n<\/li>\n<\/ul>\n<h4 style=\"text-align: left\"><strong>Contacto<\/strong><\/h4>\n<p><strong>Contacto AllerTrap<\/strong><\/p>\n<p>Andr&eacute;s Nu&ntilde;&eacute;z Hern&aacute;ndez, Ana M. Garc&iacute;a Ru&iacute;z, Diego A. Moreno G&oacute;mez<\/p>\n<p>ETSI Industriales &#8211; UPM<\/p>\n<p>e: <span rel=\"64312830bd311031a6312631a8311930af312531aa311b31a1312c3196312f31af311f3166311631ba31\" class=\"cryptex \" style=\"\"><span class=\"CryptexImg ctxygiuSUUtnXcp0vbY3nHuEXPwLDZW96T18_5jIGaD8u4\"><\/span><\/span>&nbsp;<\/p>\n<p><strong>Contacto UPM<\/strong><\/p>\n<p>Programas de Innovaci&oacute;n y Emprendimiento<\/p>\n<p>Centro de Apoyo a la Innovaci&oacute;n Tecnol&oacute;gica &ndash; UPM<\/p>\n<p>e: <span rel=\"64312830c2311531af312e31af311a31a5311f31a731243161313131bb311d31ad312131a4312031ae311231b1310d3186311b31b6311d3167313531ba31\" class=\"cryptex \" style=\"\"><span class=\"CryptexImg ctxR7neImVV1tJoTSyttUGBAuiESKXKLLyzTwJSN1lk9Z0\"><\/span><\/span><\/p>\n<p>&nbsp;<\/p>\n<div class=\"pdfprnt-buttons pdfprnt-buttons-product pdfprnt-bottom-left\"><a href=\"https:\/\/www.upm.es\/recursosidi\/wp-json\/wp\/v2\/product\/11125?print=pdf\" class=\"pdfprnt-button pdfprnt-button-pdf\" target=\"_blank\"><span class=\"pdfprnt-button-title pdfprnt-button-pdf-title\">Descargar ficha<\/span><\/a><\/div>","protected":false},"excerpt":{"rendered":"<p>Retiene lo invisible para dar respuestas visibles.<\/p>\n<p>Dispositivo captador port\u00e1til y aut\u00f3nomo para la recolecci\u00f3n en movimiento de part\u00edculas del aire.<\/p>\n","protected":false},"featured_media":11124,"template":"","meta":{"_acf_changed":false},"product_cat":[2384],"product_tag":[2440,2439],"comunidades-upm":[],"quien":[],"mapa":[{"term_id":137,"name":"Bioeconom\u00eda, Biotecnolog\u00eda y Sistemas Alimentarios","slug":"bioeconomia-biotecnologia-sistemas_alimentarios","term_group":0,"term_taxonomy_id":137,"taxonomy":"mapa","description":"","parent":0,"count":45,"filter":"raw","term_order":"6"},{"term_id":122,"name":"Salud y bienestar","slug":"salud-y-bienestar","term_group":0,"term_taxonomy_id":122,"taxonomy":"mapa","description":"","parent":0,"count":105,"filter":"raw","term_order":"17"}],"disponibilidad":[{"term_id":205,"name":"Consultar disponibilidad","slug":"consultar","term_group":0,"term_taxonomy_id":205,"taxonomy":"disponibilidad","description":"","parent":0,"count":290,"filter":"raw","term_order":"0"}],"donde":[{"term_id":1616,"name":"Bioengineering and Materials (BIO-MAT)","slug":"en_bioengineering-and-materials-bio-mat","term_group":0,"term_taxonomy_id":1616,"taxonomy":"donde","description":"En el <a href=\"http:\/\/www.upm.es\/observatorio\/vi\/index.jsp?pageac=grupo.jsp&amp;idGrupo=222\">Grupo de Bioingenier&iacute;a y Materiales (BIO-MAT)<\/a> desarrollamos nuestro trabajo en base a las siguientes l&iacute;neas de investigaci&oacute;n:\n&nbsp;\n\nBiopel&iacute;culas, Biodeterioro y Corrosi&oacute;n Microbiana\nBiodegradaci&oacute;n y Biorremediaci&oacute;n\nNanotecnolog&iacute;a de Pol&iacute;meros y Biopol&iacute;meros\nComportamiento de Materiales en Servicio\nSinterizados y Nuevos Materiales\nMicrobiolog&iacute;a Molecular y Biotecnolog&iacute;a\n","parent":0,"count":4,"filter":"raw","term_order":"0"},{"term_id":392,"name":"Bioingenier\u00eda y Materiales (BIO-MAT)","slug":"bioingenieria-y-materiales-bio-mat","term_group":0,"term_taxonomy_id":392,"taxonomy":"donde","description":"En el <a href=\"http:\/\/www.upm.es\/observatorio\/vi\/index.jsp?pageac=grupo.jsp&amp;idGrupo=222\">Grupo de Bioingenier&iacute;a y Materiales (BIO-MAT)<\/a> desarrollamos nuestro trabajo en base a las siguientes l&iacute;neas de investigaci&oacute;n:\n&nbsp;\n\nBiopel&iacute;culas, Biodeterioro y Corrosi&oacute;n Microbiana\nBiodegradaci&oacute;n y Biorremediaci&oacute;n\nNanotecnolog&iacute;a de Pol&iacute;meros y Biopol&iacute;meros\nComportamiento de Materiales en Servicio\nSinterizados y Nuevos Materiales\nMicrobiolog&iacute;a Molecular y Biotecnolog&iacute;a\n","parent":0,"count":17,"filter":"raw","term_order":"0"}],"infraestructura":[],"ods":[{"term_id":2231,"name":"Acci\u00f3n por el Clima","slug":"accion-por-el-clima","term_group":0,"term_taxonomy_id":2231,"taxonomy":"ods","description":"","parent":0,"count":67,"filter":"raw","term_order":"0"},{"term_id":2239,"name":"Ciudades y Comunidades Sostenibles","slug":"ciudades-y-comunidades-sostenibles","term_group":0,"term_taxonomy_id":2239,"taxonomy":"ods","description":"","parent":0,"count":43,"filter":"raw","term_order":"0"},{"term_id":2271,"name":"Salud y Bienestar","slug":"salud-y-bienestar","term_group":0,"term_taxonomy_id":2271,"taxonomy":"ods","description":"","parent":0,"count":59,"filter":"raw","term_order":"0"}],"origen":[{"term_id":192,"name":"Soluciones tecnol\u00f3gicas","slug":"soluciones-tecnologicas","term_group":0,"term_taxonomy_id":192,"taxonomy":"origen","description":"","parent":0,"count":278,"filter":"raw","term_order":"0"}],"familia_tax":false,"quien_tax":false,"donde_tax":false,"year":"2020-01-01","contacto":"ETSI Industriales - UPM, c\/ Jos\u00e9 Guti\u00e9rrez Abascal, 2, 28006, Madrid","telefono":"910676734","pagina_web":"https:\/\/www.etsii.upm.es\/","email":"diego.moreno@upm.es","id_ficha_portal":"25","video":"","adjuntos":false,"adjuntos_portal":"","inf":false,"departamento":"","acf":[],"lang":"es","translation":{"es":11125,"en":11127},"_links":{"self":[{"href":"https:\/\/www.upm.es\/recursosidi\/wp-json\/wp\/v2\/product\/11125"}],"collection":[{"href":"https:\/\/www.upm.es\/recursosidi\/wp-json\/wp\/v2\/product"}],"about":[{"href":"https:\/\/www.upm.es\/recursosidi\/wp-json\/wp\/v2\/types\/product"}],"wp:featuredmedia":[{"embeddable":true,"href":"https:\/\/www.upm.es\/recursosidi\/wp-json\/wp\/v2\/media\/11124"}],"wp:attachment":[{"href":"https:\/\/www.upm.es\/recursosidi\/wp-json\/wp\/v2\/media?parent=11125"}],"wp:term":[{"taxonomy":"product_cat","embeddable":true,"href":"https:\/\/www.upm.es\/recursosidi\/wp-json\/wp\/v2\/product_cat?post=11125"},{"taxonomy":"product_tag","embeddable":true,"href":"https:\/\/www.upm.es\/recursosidi\/wp-json\/wp\/v2\/product_tag?post=11125"},{"taxonomy":"comunidad_upm","embeddable":true,"href":"https:\/\/www.upm.es\/recursosidi\/wp-json\/wp\/v2\/comunidades-upm?post=11125"},{"taxonomy":"quien","embeddable":true,"href":"https:\/\/www.upm.es\/recursosidi\/wp-json\/wp\/v2\/quien?post=11125"},{"taxonomy":"mapa","embeddable":true,"href":"https:\/\/www.upm.es\/recursosidi\/wp-json\/wp\/v2\/mapa?post=11125"},{"taxonomy":"disponibilidad","embeddable":true,"href":"https:\/\/www.upm.es\/recursosidi\/wp-json\/wp\/v2\/disponibilidad?post=11125"},{"taxonomy":"donde","embeddable":true,"href":"https:\/\/www.upm.es\/recursosidi\/wp-json\/wp\/v2\/donde?post=11125"},{"taxonomy":"infraestructura","embeddable":true,"href":"https:\/\/www.upm.es\/recursosidi\/wp-json\/wp\/v2\/infraestructura?post=11125"},{"taxonomy":"ods","embeddable":true,"href":"https:\/\/www.upm.es\/recursosidi\/wp-json\/wp\/v2\/ods?post=11125"},{"taxonomy":"origen","embeddable":true,"href":"https:\/\/www.upm.es\/recursosidi\/wp-json\/wp\/v2\/origen?post=11125"}],"curies":[{"name":"wp","href":"https:\/\/api.w.org\/{rel}","templated":true}]}}