{"id":11130,"date":"2022-09-21T12:06:56","date_gmt":"2022-09-21T10:06:56","guid":{"rendered":"https:\/\/www.upm.es\/recursosidi\/offers-resources\/sin categor\u00eda\/aridolar\/"},"modified":"2022-09-21T12:07:05","modified_gmt":"2022-09-21T10:07:05","slug":"aridolar","status":"publish","type":"product","link":"https:\/\/www.upm.es\/recursosidi\/offers-resources\/soluciones-tecnologicas\/aridolar\/","title":{"rendered":"ARIDOLAR"},"content":{"rendered":"<h4 style=\"text-align: left\"><strong>Descripci&oacute;n breve conjunta de la soluci&oacute;n y valor a&ntilde;adido que aporta <\/strong><\/h4>\n<p style=\"text-align: justify\">Los cambios normativos propuestos por el C&oacute;digo T&eacute;cnico de la Edificaci&oacute;n (CTE) en 2007, han puesto de manifiesto que muchos de los elementos de relleno utilizados en la construcci&oacute;n de edificios no cumplen con los nuevos requisitos t&eacute;rmico-ac&uacute;sticos. Investigadores de la Universidad Polit&eacute;cnica de Madrid y de la Universidad de la Laguna, proponen como soluci&oacute;n la mejora de los morteros que utilizan en su dosificaci&oacute;n &aacute;ridos ligeros, a partir del empleo de perlas de poliestireno expandido tratado (EPSt). De esta manera, se obtiene un material m&aacute;s ligero, m&aacute;s aislante ac&uacute;sticamente y con mayor resistencia t&eacute;rmica y al vapor de agua, que el utilizado en la actualidad. Adem&aacute;s, permite aumentar la superficie &uacute;til de la edificaci&oacute;n.<\/p>\n<h4 style=\"text-align: left\"><strong>Descripci&oacute;n de la base tecnol&oacute;gica<\/strong><\/h4>\n<p style=\"text-align: justify\">A partir de la investigaci&oacute;n desarrollada para la mejora de las caracter&iacute;sticas t&eacute;rmicas, ac&uacute;sticas y de trasmisi&oacute;n al vapor de agua, de los morteros que utilizan en su dosificaci&oacute;n &aacute;ridos ligeros (cenizas volc&aacute;nicas) como puede ser el pic&oacute;n, un piroclasto, cuyo nombre cient&iacute;fico es &ldquo;lapilli&rdquo;, se ha obtenido un nuevo mortero que permite confeccionar bloques de hormig&oacute;n vibrado, que cumplen las exigencias del CTE.<\/p>\n<p style=\"text-align: justify\">En este nuevo mortero se ha sustituido parte del &aacute;rido (pic&oacute;n) por perlas de poliestireno expandido tratado (EPSt). El material obtenido es m&aacute;s ligero, m&aacute;s aislante ac&uacute;sticamente y con mayor resistencia t&eacute;rmica y al vapor de agua, que el utilizado en la actualidad.<\/p>\n<p style=\"text-align: center\"><em><span style=\"font-size: small\">&ldquo;Los morteros Aridolar cumplen con los requisitos impuestos por el C&oacute;digo T&eacute;cnico de la Edificaci&oacute;n de 2007 de una manera econ&oacute;micamente viable&rdquo;.<\/span><\/em><\/p>\n<p style=\"text-align: center\">&nbsp;<\/p>\n<h4 style=\"text-align: left\"><strong>Necesidades de negocio \/ aplicaci&oacute;n<\/strong><\/h4>\n<p><strong>Construcci&oacute;n<\/strong><\/p>\n<p style=\"text-align: justify\">La entrada en vigor del Documento B&aacute;sico &ldquo;DB-HR Protecci&oacute;n frente al ruido&rdquo; y &ldquo;la limitaci&oacute;n de la demanda energ&eacute;tica&rdquo; del C&oacute;digo T&eacute;cnico de la Edificaci&oacute;n en 2007 en Espa&ntilde;a, ha dado lugar a una revisi&oacute;n de las caracter&iacute;sticas t&eacute;rmico-ac&uacute;sticas de los elementos de relleno utilizados en la construcci&oacute;n de edificios&nbsp; (bloques, bovedillas, placas, paneles, etc&hellip;) confirmando que muchos de ellos, no cumplen con las exigencias de la normativa vigente.<\/p>\n<p style=\"text-align: center\"><span style=\"font-size: small\">&nbsp;<\/span><em><span style=\"font-size: small\">&ldquo;Una placa de 5 cm de espesor y revestida de yeso en ambas caras, result&oacute; tener el mismo aislamiento&nbsp; ac&uacute;stico, que una pared construida con bloques de hormig&oacute;n vibrado de 15 cm de espesor y revestida de yeso en ambas caras&rdquo;.<\/span><\/em><\/p>\n<h4>&nbsp;<\/h4>\n<h4 style=\"text-align: left\"><strong>Ventajas competitivas<\/strong><\/h4>\n<ul>\n<li>\n<p style=\"text-align: justify\">Los bloques, bovedillas y placas elaborados con este nuevo material presentan unas caracter&iacute;sticas notablemente mejoradas que incluyen la&nbsp;&nbsp;disminuci&oacute;n de la densidad, resultando ser un 32.82 % m&aacute;s ligeros y &nbsp;un aumento del 103.64 % en la resistencia t&eacute;rmica.<\/p>\n<\/li>\n<li style=\"text-align: justify\">\n<p>Los tabiques y fachadas construidas con bloques de hormig&oacute;n vibrado, cumplir&iacute;an con el CTE sin tener que colocar trasdosados de bloques o paneles de yeso.<\/p>\n<\/li>\n<li>\n<p style=\"text-align: justify\">Otras caracter&iacute;sticas: Resistencia ac&uacute;stica pared de 15 cm igual a placa de 5 cm; Resistencia a flexi&oacute;n: 51,51% menor; Resistencia a compresi&oacute;n: 68,85% menor ; Resistencia al vapor de agua: 20,64% mayor; Factor de resistencia al vapor de agua: 21,75% mayor.<\/p>\n<\/li>\n<\/ul>\n<p style=\"text-align: center\"><em><span style=\"font-size: small\">&rdquo;Los edificios construidos con bloques, realizados con este nuevo mortero permitir&aacute;n aumentar considerablemente la superficie &uacute;til de la edificaci&oacute;n&rdquo;.&nbsp;<\/span><\/em><\/p>\n<h4 style=\"text-align: left\">&nbsp;<\/h4>\n<h4 style=\"text-align: left\"><strong>Referencias<\/strong><\/h4>\n<p style=\"text-align: justify\">Grupo de investigaci&oacute;n interuniversitario con amplia trayectoria investigadora y de colaboraci&oacute;n con la industria.<\/p>\n<h4 style=\"text-align: left\"><strong>Protecci&oacute;n industrial<\/strong><\/h4>\n<p style=\"text-align: justify\">Patente concedida en Espa&ntilde;a ES2372952.<\/p>\n<h4 style=\"text-align: left\"><strong>Grado de desarrollo<\/strong><\/h4>\n<ul>\n<li>\n<p>Concepto<\/p>\n<\/li>\n<li>\n<p>Investigaci&oacute;n<\/p>\n<\/li>\n<li>\n<p><span style=\"text-decoration: underline\"><strong>Prototipo-Lab<\/strong><\/span><\/p>\n<\/li>\n<li>\n<p>Prototipo Industrial<\/p>\n<\/li>\n<li>\n<p>Producci&oacute;n<\/p>\n<\/li>\n<\/ul>\n<h4 style=\"text-align: left\"><strong>Contacto<\/strong><\/h4>\n<p style=\"text-align: justify\"><strong>Contacto ARIDOLAR<\/strong><\/p>\n<p style=\"text-align: justify\">Mercedes del R&iacute;o Merino<\/p>\n<p style=\"text-align: justify\">e: <span rel=\"71312630a0312731bb312e31ba312631b03138317d311031a2312e31b7312631c9310331cf313831a4312c30a2311f31\" class=\"cryptex \" style=\"\"><span class=\"CryptexImg ctxFsoQSDP17gx7sZgVPRk5e50zvbJj2xviPP6vba-9cCo\"><\/span><\/span><\/p>\n<p style=\"text-align: justify\"><strong>Contacto UPM<\/strong><\/p>\n<p style=\"text-align: justify\">Programas de Innovaci&oacute;n y Emprendimiento<\/p>\n<p style=\"text-align: justify\">Centro de Apoyo a la Innovaci&oacute;n Tecnol&oacute;gica &ndash; UPM&nbsp;<\/p>\n<p style=\"text-align: justify\">e: <span rel=\"713126309c313031b7313a31cb312331ae312e31be311a316b313631aa312031c8313231c63137319e310f31a0310d3174312d31b331373163313331ac31\" class=\"cryptex \" style=\"\"><span class=\"CryptexImg ctxR7neImVV1tJoTSyttUGBAuiESKXKLLyzTwJSN1lk9Z0\"><\/span><\/span><\/p>\n<div class=\"pdfprnt-buttons pdfprnt-buttons-product pdfprnt-bottom-left\"><a href=\"https:\/\/www.upm.es\/recursosidi\/wp-json\/wp\/v2\/product\/11130?print=pdf\" class=\"pdfprnt-button pdfprnt-button-pdf\" target=\"_blank\"><span class=\"pdfprnt-button-title pdfprnt-button-pdf-title\">Descargar ficha<\/span><\/a><\/div>","protected":false},"excerpt":{"rendered":"<p>Morteros mejorados que consiguen aumentar la superficie \u00fatil en las edificaciones.<\/p>\n<p>Nuevo procedimiento para fabricar morteros m\u00e1s ligeros, con mayor aislamiento ac\u00fastico y mayor resistencia t\u00e9rmica.\u00a0<\/p>\n","protected":false},"featured_media":11128,"template":"","meta":{"_acf_changed":false},"product_cat":[2384],"product_tag":[2492],"comunidades-upm":[],"quien":[],"mapa":[{"term_id":135,"name":"Industria, materiales y econom\u00eda circular","slug":"industria-materiales-economia_circular","term_group":0,"term_taxonomy_id":135,"taxonomy":"mapa","description":"","parent":0,"count":165,"filter":"raw","term_order":"13"}],"disponibilidad":[{"term_id":205,"name":"Consultar disponibilidad","slug":"consultar","term_group":0,"term_taxonomy_id":205,"taxonomy":"disponibilidad","description":"","parent":0,"count":290,"filter":"raw","term_order":"0"}],"donde":[{"term_id":1907,"name":"Building and Environmental Technology","slug":"en_building-and-environmental-technology","term_group":0,"term_taxonomy_id":1907,"taxonomy":"donde","description":"Hacemos I+D+i en temas relacionados con el proceso de ejecuci&oacute;n de las obras y los materiales y sistemas constructivos para la edificaci&oacute;n. &nbsp;Adem&aacute;s, estudiamos el tratamiento y gesti&oacute;n de residuos, as&iacute; como su reciclaje y viabilidad como materia prima alternativa en la elaboraci&oacute;n de nuevos materiales de construcci&oacute;n.\n&nbsp;\nEn concreto, nuestras l&iacute;neas de investigaci&oacute;n son:\n\nGesti&oacute;n del proceso de edificaci&oacute;n\nImpacto ambiental en edificaci&oacute;n. Valorizaci&oacute;n de residuos\nDise&ntilde;o e innovaci&oacute;n en nuevos materiales y sistemas constructivos\nInnovaci&oacute;n en los sistemas constructivos para la rehabilitaci&oacute;n de edificios.\nEficiencia energ&eacute;tica y calidad del ambiente interior en edificaci&oacute;n\n","parent":0,"count":6,"filter":"raw","term_order":"0"},{"term_id":644,"name":"Tecnolog\u00eda Edificatoria y Medio Ambiente","slug":"tecnologia-edificatoria-y-medio-ambiente","term_group":0,"term_taxonomy_id":644,"taxonomy":"donde","description":"Hacemos I+D+i en temas relacionados con el proceso de ejecuci&oacute;n de las obras y los materiales y sistemas constructivos para la edificaci&oacute;n. &nbsp;Adem&aacute;s, estudiamos el tratamiento y gesti&oacute;n de residuos, as&iacute; como su reciclaje y viabilidad como materia prima alternativa en la elaboraci&oacute;n de nuevos materiales de construcci&oacute;n.\n&nbsp;\nEn concreto, nuestras l&iacute;neas de investigaci&oacute;n son:\n\nGesti&oacute;n del proceso de edificaci&oacute;n\nImpacto ambiental en edificaci&oacute;n. Valorizaci&oacute;n de residuos\nDise&ntilde;o e innovaci&oacute;n en nuevos materiales y sistemas constructivos\nInnovaci&oacute;n en los sistemas constructivos para la rehabilitaci&oacute;n de edificios.\nEficiencia energ&eacute;tica y calidad del ambiente interior en edificaci&oacute;n\n","parent":0,"count":14,"filter":"raw","term_order":"0"}],"infraestructura":[],"ods":[{"term_id":2239,"name":"Ciudades y Comunidades Sostenibles","slug":"ciudades-y-comunidades-sostenibles","term_group":0,"term_taxonomy_id":2239,"taxonomy":"ods","description":"","parent":0,"count":43,"filter":"raw","term_order":"0"},{"term_id":2247,"name":"Industria, Innovaci\u00f3n e Infraestructura","slug":"industria-innovacion-e-infraestructura","term_group":0,"term_taxonomy_id":2247,"taxonomy":"ods","description":"","parent":0,"count":171,"filter":"raw","term_order":"0"}],"origen":[{"term_id":192,"name":"Soluciones tecnol\u00f3gicas","slug":"soluciones-tecnologicas","term_group":0,"term_taxonomy_id":192,"taxonomy":"origen","description":"","parent":0,"count":278,"filter":"raw","term_order":"0"}],"familia_tax":false,"quien_tax":false,"donde_tax":false,"year":"2020-01-01","contacto":"ETS de Edificaci\u00f3n, Av. Juan de Herrera, 6, 28040, Madrid","telefono":"910675234","pagina_web":"https:\/\/www.edificacion.upm.es\/","email":"mercedes.delrio@upm.es","id_ficha_portal":"69","video":"","adjuntos":false,"adjuntos_portal":"","inf":false,"departamento":"","acf":[],"lang":"es","translation":{"es":11130,"en":11133},"_links":{"self":[{"href":"https:\/\/www.upm.es\/recursosidi\/wp-json\/wp\/v2\/product\/11130"}],"collection":[{"href":"https:\/\/www.upm.es\/recursosidi\/wp-json\/wp\/v2\/product"}],"about":[{"href":"https:\/\/www.upm.es\/recursosidi\/wp-json\/wp\/v2\/types\/product"}],"wp:featuredmedia":[{"embeddable":true,"href":"https:\/\/www.upm.es\/recursosidi\/wp-json\/wp\/v2\/media\/11128"}],"wp:attachment":[{"href":"https:\/\/www.upm.es\/recursosidi\/wp-json\/wp\/v2\/media?parent=11130"}],"wp:term":[{"taxonomy":"product_cat","embeddable":true,"href":"https:\/\/www.upm.es\/recursosidi\/wp-json\/wp\/v2\/product_cat?post=11130"},{"taxonomy":"product_tag","embeddable":true,"href":"https:\/\/www.upm.es\/recursosidi\/wp-json\/wp\/v2\/product_tag?post=11130"},{"taxonomy":"comunidad_upm","embeddable":true,"href":"https:\/\/www.upm.es\/recursosidi\/wp-json\/wp\/v2\/comunidades-upm?post=11130"},{"taxonomy":"quien","embeddable":true,"href":"https:\/\/www.upm.es\/recursosidi\/wp-json\/wp\/v2\/quien?post=11130"},{"taxonomy":"mapa","embeddable":true,"href":"https:\/\/www.upm.es\/recursosidi\/wp-json\/wp\/v2\/mapa?post=11130"},{"taxonomy":"disponibilidad","embeddable":true,"href":"https:\/\/www.upm.es\/recursosidi\/wp-json\/wp\/v2\/disponibilidad?post=11130"},{"taxonomy":"donde","embeddable":true,"href":"https:\/\/www.upm.es\/recursosidi\/wp-json\/wp\/v2\/donde?post=11130"},{"taxonomy":"infraestructura","embeddable":true,"href":"https:\/\/www.upm.es\/recursosidi\/wp-json\/wp\/v2\/infraestructura?post=11130"},{"taxonomy":"ods","embeddable":true,"href":"https:\/\/www.upm.es\/recursosidi\/wp-json\/wp\/v2\/ods?post=11130"},{"taxonomy":"origen","embeddable":true,"href":"https:\/\/www.upm.es\/recursosidi\/wp-json\/wp\/v2\/origen?post=11130"}],"curies":[{"name":"wp","href":"https:\/\/api.w.org\/{rel}","templated":true}]}}