{"id":11135,"date":"2022-09-21T12:55:28","date_gmt":"2022-09-21T10:55:28","guid":{"rendered":"https:\/\/www.upm.es\/recursosidi\/offers-resources\/sin categor\u00eda\/as-built-modeller\/"},"modified":"2022-09-21T12:55:35","modified_gmt":"2022-09-21T10:55:35","slug":"as-built-modeller","status":"publish","type":"product","link":"https:\/\/www.upm.es\/recursosidi\/offers-resources\/soluciones-tecnologicas\/as-built-modeller\/","title":{"rendered":"AS &#8211; BUILT MODELLER"},"content":{"rendered":"<h2>Soluci&oacute;n para la creaci&oacute;n autom&aacute;tica de gemelos digitales de interiores y exteriores de edificios<\/h2>\n<p>&nbsp;<\/p>\n<h4>Descripci&oacute;n de la base tecnol&oacute;gica<\/h4>\n<p style=\"text-align: justify\">As &#8211; Built Modeller es un software que &nbsp;autom&aacute;ticamente identifica elementos &nbsp;arquitect&oacute;nicos, modelando tridimensionalmente el &nbsp;interior y el exterior de edificios. La fuente de datos &nbsp;es una nube de puntos no organizada procedente &nbsp;tanto de l&aacute;ser esc&aacute;ner terrestre din&aacute;mico como &nbsp;est&aacute;tico (LiDAR). Actualmente, en el &aacute;mbito de la &nbsp;Arquitectura, Ingenier&iacute;a, Construcci&oacute;n y Gesti&oacute;n de &nbsp;Inmuebles y Servicios existe una gran demanda en &nbsp;la creaci&oacute;n de modelos 3D de edificios a partir de &nbsp;nubes de puntos. Sin embargo, hoy en d&iacute;a no hay &nbsp;disponible una &uacute;nica herramienta que resuelva el &nbsp;problema de identificaci&oacute;n y modelizaci&oacute;n de &nbsp;objetos de forma autom&aacute;tica. As &#8211; Built Modeller es &nbsp;un desarrollo que resuelve el problema del &nbsp;automatismo a la hora de trabajar con nubes de &nbsp;puntos y que ofrece como producto final un &nbsp;modelo digital del edificio transferible a BIM &nbsp;(Building Information Model).<\/p>\n<blockquote style=\"padding: 20px 10px\" title=\"Quote\"><p>&ldquo;As &#8211; Built Modeller reduce&nbsp; los tiempos de procesado&nbsp; y modelado de seis a una&nbsp; jornada laboral&rdquo;<\/p>\n<p>&ldquo;Se obtiene un BIM en un&nbsp; tiempo m&iacute;nimo a partir de&nbsp; millones de puntos con precisi&oacute;n centim&eacute;trica&rdquo;<\/p><\/blockquote>\n<hr \/>\n<h4>Necesidades de negocio \/ aplicaci&oacute;n<\/h4>\n<ul>\n<li style=\"text-align: justify\">En la &uacute;ltima d&eacute;cada ha aumentado considerablemente la demanda de la creaci&oacute;n de gemelos digitales en el entorno de la arquitectura &nbsp;y la ingenier&iacute;a civil.<\/li>\n<li style=\"text-align: justify\">Gracias al avance tecnol&oacute;gico, la manera m&aacute;s fiable y r&aacute;pida de toma de datos es la utilizaci&oacute;n de dispositivos l&aacute;ser de recogida masiva de &nbsp;puntos.<\/li>\n<li style=\"text-align: justify\">Las empresas buscan la reducci&oacute;n de tiempos de producci&oacute;n de modelos tridimensionales a partir de nubes de puntos y para ello, es necesario &nbsp;disponer de herramientas que automaticen los &nbsp;procesos.<\/li>\n<li style=\"text-align: justify\">As &#8211; Built Modeller es una soluci&oacute;n inform&aacute;tica para la automatizaci&oacute;n del tratamiento de nubes de puntos empleadas para la creaci&oacute;n de los &nbsp;modelos 3D.<\/li>\n<li style=\"text-align: justify\">A partir de estos modelos creados con As &ndash; Built Modeller, se generan modelos BIM de manera r&aacute;pida y precisa.<\/li>\n<li style=\"text-align: justify\">Hoy en d&iacute;a, se persigue la ejecuci&oacute;n de proyectos bajo los Objetivos de Desarrollo Sostenible. Para cubrir algunos de ellos, las empresas necesitan &nbsp;emplear aplicaciones innovadoras que reduzcan &nbsp;tiempos de ejecuci&oacute;n y favorezcan el crecimiento &nbsp;econ&oacute;mico.<\/li>\n<\/ul>\n<blockquote style=\"padding: 20px 10px\" title=\"Quote\"><p>&ldquo;Las nubes de puntos son fuentes de datos&nbsp; muy potentes y valiosas. Procesarlas&nbsp; autom&aacute;ticamente, suponen un gran reto debido al gran volumen de datos&rdquo;<\/p><\/blockquote>\n<hr \/>\n<h4>Ventajas competitivas<\/h4>\n<ul>\n<li style=\"text-align: justify\">As &#8211; Built Modeller es un m&oacute;dulo de un potente programa inform&aacute;tico, MDTopX, que es utilizado por m&uacute;ltiples usuarios&nbsp; &nbsp;relacionados con el tratamiento de nubes de &nbsp;puntos y modelos digitales.<\/li>\n<li style=\"text-align: justify\">As &#8211; Built Modeller permite identificar diferentes elementos arquitect&oacute;nicos del interior y exterior de un edificio de forma autom&aacute;tica, reduciendo los tiempos de &nbsp;procesado de seis d&iacute;as de jornada laboral a &nbsp;un &uacute;nico d&iacute;a.<\/li>\n<\/ul>\n<hr \/>\n<h4>Referencias<\/h4>\n<ul>\n<li style=\"text-align: justify\">As &ndash; Built Modeller se han procesado diversos proyectos en escenarios diferentes, documentando &nbsp;interiores y exteriores: edificios con varias &nbsp;plantas, interiores de oficinas, &nbsp;aparcamientos, edificios hist&oacute;ricos&#8230;<\/li>\n<li style=\"text-align: justify\">En los controles de calidad, se han obtenido precisiones globales superiores al 90%.<\/li>\n<li style=\"text-align: justify\">Se apoya en librer&iacute;as funcionales e incluidas en el programa MDTopX, un software que surgi&oacute; hace &nbsp;m&aacute;s de 20 a&ntilde;os, con m&uacute;ltiples herramientas &nbsp;de edici&oacute;n para nubes de puntos y modelos &nbsp;digitales. Actualmente, se utiliza en decenas de empresas de ingenier&iacute;a e instituciones &nbsp;p&uacute;blicas nacionales e internacionales.<\/li>\n<\/ul>\n<hr \/>\n<h4>Grado de desarrollo<\/h4>\n<ul class=\"grado\">\n<li>Concepto<\/li>\n<li>Investigaci&oacute;n<\/li>\n<li>Prototipo &#8211; lab<\/li>\n<li>Prototipo industrial<\/li>\n<li><strong>Producci&oacute;n<\/strong><\/li>\n<\/ul>\n<h4>Contacto<\/h4>\n<p><strong>Contacto A3<\/strong><\/p>\n<p>Jos&eacute; Juan Arranz Justel&nbsp;<\/p>\n<p>e: <a href=\"mailto:<span rel=\"71311f30b7311b31cc312131ad312431ac31143188311f31c0312b31b2311f31be310d30b5312031bd31123098312431\" class=\"cryptex \" style=\"\"><span class=\"CryptexImg ctxGVgejiKFPvIitFRey5hrd4qI2bRV5UcDnKIOSdxzQKM\"><\/span><\/span>\"><span rel=\"71311f30b7311b31cc312131ad312431ac31143188311f31c0312b31b2311f31be310d30b5312031bd31123098312431\" class=\"cryptex \" style=\"\"><span class=\"CryptexImg ctxGVgejiKFPvIitFRey5hrd4qI2bRV5UcDnKIOSdxzQKM\"><\/span><\/span><\/a><\/p>\n<p>Roc&iacute;o Romero-Jar&eacute;n&nbsp;<\/p>\n<p>e: <u><span rel=\"71311f30bf311b31bc312531b2312330bd311531c7312331c03128317f311b31a5312531a5311e3190313531a3311e3182312431c531\" class=\"cryptex \" style=\"\"><span class=\"CryptexImg ctx-vOHOxR9s2q4yoINdKcgva_7mSVGFcwSA2Twy92xvbY\"><\/span><\/span><\/u><\/p>\n<p><strong>Contacto UPM<\/strong><\/p>\n<p>I&amp;E UPM<\/p>\n<p>Centro de Apoyo a la Innovaci&oacute;n Tecnol&oacute;gica&nbsp; &ndash; UPM<\/p>\n<p>e:&nbsp; <span rel=\"71311f30b6311a31c7312b31b9311031ae310f31c9312c317c312d31b6311431b2312231ac311f31b73129319631123194313431c2312a3169313431aa31\" class=\"cryptex \" style=\"\"><span class=\"CryptexImg ctxR7neImVV1tJoTSyttUGBAuiESKXKLLyzTwJSN1lk9Z0\"><\/span><\/span><\/p>\n<div class=\"pdfprnt-buttons pdfprnt-buttons-product pdfprnt-bottom-left\"><a href=\"https:\/\/www.upm.es\/recursosidi\/wp-json\/wp\/v2\/product\/11135?print=pdf\" class=\"pdfprnt-button pdfprnt-button-pdf\" target=\"_blank\"><span class=\"pdfprnt-button-title pdfprnt-button-pdf-title\">Descargar ficha<\/span><\/a><\/div>","protected":false},"excerpt":{"rendered":"<p>Software de modelizaci\u00f3n autom\u00e1tica para entornos arquitect\u00f3nicos<\/p>\n","protected":false},"featured_media":11134,"template":"","meta":{"_acf_changed":false},"product_cat":[2384],"product_tag":[3515,3512,3514,3513],"comunidades-upm":[],"quien":[],"mapa":[{"term_id":124,"name":"Arquitectura, Baukultur y creatividad","slug":"arquitectura-baukultur-creatividad","term_group":0,"term_taxonomy_id":124,"taxonomy":"mapa","description":"","parent":0,"count":25,"filter":"raw","term_order":"4"},{"term_id":2405,"name":"Ciencia para la ingenier\u00eda y la arquitectura","slug":"ciencia-para-ingenieria-y-arquitectura","term_group":0,"term_taxonomy_id":2405,"taxonomy":"mapa","description":"","parent":0,"count":127,"filter":"raw","term_order":"7"},{"term_id":126,"name":"Tecnolog\u00edas digitales, Inteligencia Artificial, ciberseguridad, 5G, rob\u00f3tica","slug":"tecnologias_digitales-ai-ciberseguridad-5g-robotica","term_group":0,"term_taxonomy_id":126,"taxonomy":"mapa","description":"","parent":0,"count":194,"filter":"raw","term_order":"23"}],"disponibilidad":[{"term_id":204,"name":"Disponible","slug":"disponible","term_group":0,"term_taxonomy_id":204,"taxonomy":"disponibilidad","description":"","parent":0,"count":110,"filter":"raw","term_order":"0"}],"donde":[{"term_id":1768,"name":"MERCATOR: Geoinformation and Smart Systems Technology","slug":"en_mercator-geoinformation-and-smart-systems-technology","term_group":0,"term_taxonomy_id":1768,"taxonomy":"donde","description":"Los miembros del grupo desarrollan su actividad en &aacute;mbitos vinculados con la informaci&oacute;n geogr&aacute;fica y sistemas inteligentes con <em>soft-computing<\/em> a trav&eacute;s de las siguientes l&iacute;neas de investigaci&oacute;n:\n&nbsp;\n\nInfraestructuras de Datos Espaciales (IDE) y SIG.\nIngenier&iacute;a de Servicios Basados en Localizaci&oacute;n (LBS) y Control Inteligente.\nModelizaci&oacute;n y gesti&oacute;n de grandes bases de datos Espacio-temporales: clim&aacute;ticas, meteorol&oacute;gicas, tur&iacute;sticas y catastrales.\nIncentivaci&oacute;n y explotaci&oacute;n de Informaci&oacute;n Geogr&aacute;fica Voluntaria.\nAgentes de informaci&oacute;n, redes de neuronas, computaci&oacute;n evolutiva, l&oacute;gica borrosa, sistemas de recomendaci&oacute;n, sistemas Bioinspirados y Vida Artificial.\n","parent":0,"count":5,"filter":"raw","term_order":"0"},{"term_id":544,"name":"MERCATOR: Tecnolog\u00edas de la GeoInformaci\u00f3n y Sistemas Inteligentes","slug":"mercator-tecnologias-de-la-geoinformacion-y-sistemas-inteligentes","term_group":0,"term_taxonomy_id":544,"taxonomy":"donde","description":"Los miembros del grupo desarrollan su actividad en &aacute;mbitos vinculados con la informaci&oacute;n geogr&aacute;fica y sistemas inteligentes con <em>soft-computing<\/em> a trav&eacute;s de las siguientes l&iacute;neas de investigaci&oacute;n:\n&nbsp;\n\nInfraestructuras de Datos Espaciales (IDE) y SIG.\nIngenier&iacute;a de Servicios Basados en Localizaci&oacute;n (LBS) y Control Inteligente.\nModelizaci&oacute;n y gesti&oacute;n de grandes bases de datos Espacio-temporales: clim&aacute;ticas, meteorol&oacute;gicas, tur&iacute;sticas y catastrales.\nIncentivaci&oacute;n y explotaci&oacute;n de Informaci&oacute;n Geogr&aacute;fica Voluntaria.\nAgentes de informaci&oacute;n, redes de neuronas, computaci&oacute;n evolutiva, l&oacute;gica borrosa, sistemas de recomendaci&oacute;n, sistemas Bioinspirados y Vida Artificial.\n","parent":0,"count":6,"filter":"raw","term_order":"0"}],"infraestructura":[],"ods":[{"term_id":2239,"name":"Ciudades y Comunidades Sostenibles","slug":"ciudades-y-comunidades-sostenibles","term_group":0,"term_taxonomy_id":2239,"taxonomy":"ods","description":"","parent":0,"count":43,"filter":"raw","term_order":"0"}],"origen":[{"term_id":192,"name":"Soluciones tecnol\u00f3gicas","slug":"soluciones-tecnologicas","term_group":0,"term_taxonomy_id":192,"taxonomy":"origen","description":"","parent":0,"count":278,"filter":"raw","term_order":"0"}],"familia_tax":false,"quien_tax":false,"donde_tax":false,"year":"2021-01-01","contacto":"E.T.S.I. en Topograf\u00eda, Geodesia y Cartograf\u00eda (UPM)\r\nCampus Sur - Universidad Polit\u00e9cnica de Madrid   \r\nCalle Mercator, 2\r\nMadrid 28031","telefono":"910673800","pagina_web":"https:\/\/www.topografia.upm.es\/","email":"josejuan.arranz@upm.es","id_ficha_portal":"286","video":"","adjuntos":false,"adjuntos_portal":"","inf":false,"departamento":"","acf":[],"lang":"es","translation":{"es":11135,"en":11137},"_links":{"self":[{"href":"https:\/\/www.upm.es\/recursosidi\/wp-json\/wp\/v2\/product\/11135"}],"collection":[{"href":"https:\/\/www.upm.es\/recursosidi\/wp-json\/wp\/v2\/product"}],"about":[{"href":"https:\/\/www.upm.es\/recursosidi\/wp-json\/wp\/v2\/types\/product"}],"wp:featuredmedia":[{"embeddable":true,"href":"https:\/\/www.upm.es\/recursosidi\/wp-json\/wp\/v2\/media\/11134"}],"wp:attachment":[{"href":"https:\/\/www.upm.es\/recursosidi\/wp-json\/wp\/v2\/media?parent=11135"}],"wp:term":[{"taxonomy":"product_cat","embeddable":true,"href":"https:\/\/www.upm.es\/recursosidi\/wp-json\/wp\/v2\/product_cat?post=11135"},{"taxonomy":"product_tag","embeddable":true,"href":"https:\/\/www.upm.es\/recursosidi\/wp-json\/wp\/v2\/product_tag?post=11135"},{"taxonomy":"comunidad_upm","embeddable":true,"href":"https:\/\/www.upm.es\/recursosidi\/wp-json\/wp\/v2\/comunidades-upm?post=11135"},{"taxonomy":"quien","embeddable":true,"href":"https:\/\/www.upm.es\/recursosidi\/wp-json\/wp\/v2\/quien?post=11135"},{"taxonomy":"mapa","embeddable":true,"href":"https:\/\/www.upm.es\/recursosidi\/wp-json\/wp\/v2\/mapa?post=11135"},{"taxonomy":"disponibilidad","embeddable":true,"href":"https:\/\/www.upm.es\/recursosidi\/wp-json\/wp\/v2\/disponibilidad?post=11135"},{"taxonomy":"donde","embeddable":true,"href":"https:\/\/www.upm.es\/recursosidi\/wp-json\/wp\/v2\/donde?post=11135"},{"taxonomy":"infraestructura","embeddable":true,"href":"https:\/\/www.upm.es\/recursosidi\/wp-json\/wp\/v2\/infraestructura?post=11135"},{"taxonomy":"ods","embeddable":true,"href":"https:\/\/www.upm.es\/recursosidi\/wp-json\/wp\/v2\/ods?post=11135"},{"taxonomy":"origen","embeddable":true,"href":"https:\/\/www.upm.es\/recursosidi\/wp-json\/wp\/v2\/origen?post=11135"}],"curies":[{"name":"wp","href":"https:\/\/api.w.org\/{rel}","templated":true}]}}