{"id":11143,"date":"2022-09-21T13:11:57","date_gmt":"2022-09-21T11:11:57","guid":{"rendered":"https:\/\/www.upm.es\/recursosidi\/offers-resources\/sin categor\u00eda\/autosteering-equipment-for-automatically-controlling-the-steering\/"},"modified":"2022-09-21T13:12:00","modified_gmt":"2022-09-21T11:12:00","slug":"autosteering-equipment-for-automatically-controlling-the-steering","status":"publish","type":"product","link":"https:\/\/www.upm.es\/recursosidi\/en\/offers-resources\/technological-solutions\/autosteering-equipment-for-automatically-controlling-the-steering\/","title":{"rendered":"AUTOSTEERING. Equipment for automatically controlling the steering"},"content":{"rendered":"<h4><strong>Brief description of the technology solution and the added value it provides <\/strong><\/h4>\n<p><span style=\"font-size: small\">The present invention is an equipment that allows controlling the steering of a vehicle from a controller by automating the steering wheel and without driver intervention. This solution overcomes the problems found in the state of the art. Thus, it is independent of the type of vehicle and type of steering assistance (electric or hydraulic), including the presence or absence of such assistance. This invention does not enter permanent changes on the vehicle or interfere with the driving task. In addition, the coupling or decoupling of single mode is controlled automatically and no manual and other developments, being able to carry out moving and instantaneously, from the same processor that controls the direction, and the driver does not lose complete control the direction of the vehicle. The device has been mounted on a vehicle and used for the realization of an automatic collision avoidance system.<\/span><\/p>\n<h4><strong>Description of the technological base<\/strong><\/h4>\n<p><span style=\"font-size: small\"><img decoding=\"async\" style=\"margin-top: 5px;margin-bottom: 5px;float: left\" title=\"autosteering\" src=\"http:\/\/www.upm.es\/observatorio\/vi\/gestor_general\/recuperar_archivo.jsp?id=545\" alt=\"autosteering, autonomous driving\" width=\"212\" height=\"200\" \/>The solution refers to an equipment that allows controlling the steering of a road vehicle from a controller without driver intervention by automating the wheel.<\/span><\/p>\n<p><span style=\"font-size: small\">Consequently, it is a device incorporated in a motor vehicle which includes an assembly comprising an electric motor which drives a toothed wheel which engages on a chain secured to the drag another steering column device gear.<\/span><\/p>\n<p><span style=\"font-size: small\">To link or unlink as desired at any time the rotation of the electric motor and the steering column, changing from manual to automatic or vice versa, a clutch consists of an electromagnet is introduced.<\/span><\/p>\n<p><span style=\"font-size: small\">&nbsp;<\/span><\/p>\n<p style=\"text-align: center\"><em><strong><span style=\"font-size: small\">&ldquo;Universal device for any vehicle type to control the steering of a road vehicle without driver intervention&rdquo;<\/span><\/strong><\/em><\/p>\n<h4><strong>Market demands<\/strong><\/h4>\n<ul>\n<li><strong><span style=\"font-size: small\">Sector 1: ICT applied to mobility, intelligent transport systems<\/span><\/strong><\/li>\n<ul>\n<li><span style=\"font-size: small\">The autonomous vehicles&nbsp; have been identified as a trend for 2014 by different media.<\/span><\/li>\n<li><span style=\"font-size: small\">Autonomous driving systems: Under certain conditions, the autonomous driving&nbsp; is safer and more efficient alternative, finding studies that claim that autonomous driving&nbsp; dramatically reduce accidents and road deaths.<\/span><\/li>\n<li><span style=\"font-size: small\">Among the objectives of European Horizon 2020, ICTs applied to transport plays an important role, one of the specific topics using automation.<\/span><\/li>\n<li><span style=\"font-size: small\">It is expected that autonomous vehicles not only reduce accidents (some estimates talk of rate close to zero accidents), but also emissions and pollution due to drive in a more efficient way vehicles.<\/span><\/li>\n<\/ul>\n<li><strong><span style=\"font-size: small\">Sector 2: Transport application<\/span><\/strong><\/li>\n<ul>\n<li><span style=\"font-size: small\">Numerous research about transportation need to automate vehicles to test their developments, for example, collision avoidance systems for autonomous driving or even as support for inductive load dynamic systems.<\/span><\/li>\n<li><span style=\"font-size: small\">After successful testing by Google, most vehicle manufacturers have been introduced in the autonomous vehicle race.<\/span><\/li>\n<\/ul>\n<\/ul>\n<h4><strong>Competitive advantages<\/strong><\/h4>\n<ul>\n<li><span style=\"font-size: small\">The solution is independent of the type of vehicle<\/span><\/li>\n<li><span style=\"font-size: small\">The mounting of the technology involves no permanent modification to the vehicle.<\/span><\/li>\n<li><span style=\"font-size: small\">The steering control is not bound to give orders through the internal bus vehicle communication.<\/span><\/li>\n<li><span style=\"font-size: small\">The engagement or disengagement of the autonomous mode is automatically controlled, and can be carried out in motion.<\/span><\/li>\n<li><span style=\"font-size: small\">The driver does not lose complete control of the direction of the vehicle.<\/span><\/li>\n<li><span style=\"font-size: small\">The interlock and support unit is removable.<\/span><\/li>\n<\/ul>\n<p style=\"text-align: center\"><span style=\"font-size: small\"><img decoding=\"async\" title=\"autosteering\" src=\"http:\/\/www.upm.es\/observatorio\/vi\/gestor_general\/recuperar_archivo.jsp?id=547\" alt=\"autosteering, autonomous driving\" width=\"200\" height=\"150\" \/><img decoding=\"async\" title=\"autosteering\" src=\"http:\/\/www.upm.es\/observatorio\/vi\/gestor_general\/recuperar_archivo.jsp?id=544\" alt=\"autosteering, autonomous driving\" width=\"232\" height=\"150\" \/><img loading=\"lazy\" decoding=\"async\" title=\"autosteering\" src=\"http:\/\/www.upm.es\/observatorio\/vi\/gestor_general\/recuperar_archivo.jsp?id=546\" alt=\"autosteering, autonomous driving\" width=\"226\" height=\"150\" \/><\/span><\/p>\n<p style=\"text-align: center\"><span style=\"font-size: small\">&nbsp;<\/span><\/p>\n<p style=\"text-align: center\"><em><strong><span style=\"font-size: small\">&ldquo;By 2050 most vehicles will be autonomous vehicles&rdquo;<\/span><\/strong><\/em><\/p>\n<h4><strong>Development stage<\/strong><\/h4>\n<ul>\n<li>Concept<\/li>\n<li>Research<\/li>\n<li><strong><u>Lab prototype<\/u><\/strong><\/li>\n<li>Industrial prototype<\/li>\n<li>Production<\/li>\n<\/ul>\n<h4>Contact<\/h4>\n<p class=\"MsoNormal\"><strong><span style=\"font-size: small\">Contacto Autosteering<\/span><\/strong><\/p>\n<p class=\"MsoNormal\"><span style=\"font-size: small\">Felipe Jim&eacute;nez<\/span><\/p>\n<p class=\"MsoNormal\"><span style=\"font-size: small\">e: <span rel=\"68313830bd312731a7313131b93132315f3136319d311c31a6312431b0313a3192313a31bf31133180312931c231\" class=\"cryptex \" style=\"\"><span class=\"CryptexImg ctxGKTCoSbnnDduvXWqzph9qpd-rdxzaVrXqMLEMMjF7hw\"><\/span><\/span><\/span><\/p>\n<p class=\"MsoNormal\"><span style=\"font-size: small\">Jos&eacute; Eugenio Naranjo<\/span><\/p>\n<p class=\"MsoNormal\"><span style=\"font-size: small\">e: <span rel=\"68313830c1313131ae312d31ae31423198313131a2311831b0311c30b9312131c4312631bd311031c1310431c4311f31b53119309e312c31\" class=\"cryptex \" style=\"\"><span class=\"CryptexImg ctxgEUi2MQ9oIX0KkBYmrO4x4MZvS0NSY5EUJHkrLlvhTQ\"><\/span><\/span><\/span>&nbsp;<\/p>\n<p class=\"MsoNormal\"><strong><span style=\"font-size: small\">Contacto UPM<\/span><\/strong><\/p>\n<p class=\"MsoNormal\"><span style=\"font-size: small\">&Aacute;rea de Innovaci&oacute;n, Comercializaci&oacute;n y Creaci&oacute;n de Empresas<\/span><\/p>\n<p class=\"MsoNormal\"><span style=\"font-size: small\">Centro de Apoyo a la Innovaci&oacute;n Tecnol&oacute;gica &ndash; UPM <\/span><\/p>\n<p><span style=\"font-size: small\">e: <span rel=\"68313830c0313031a9313731bf312e3194313531a3311d316f312a31b0312331c0313431bb311531b9312d31b231103188312e31a931263175312e31b631\" class=\"cryptex \" style=\"\"><span class=\"CryptexImg ctxR7neImVV1tJoTSyttUGBAuiESKXKLLyzTwJSN1lk9Z0\"><\/span><\/span><\/span><\/p>\n<div class=\"pdfprnt-buttons pdfprnt-buttons-product pdfprnt-bottom-left\"><a href=\"https:\/\/www.upm.es\/recursosidi\/wp-json\/wp\/v2\/product\/11143?print=pdf\" class=\"pdfprnt-button pdfprnt-button-pdf\" target=\"_blank\"><span class=\"pdfprnt-button-title pdfprnt-button-pdf-title\">Descargar ficha<\/span><\/a><\/div>","protected":false},"excerpt":{"rendered":"<p>Device for the automatic steering control of any road vehicle without driver intervention and minimal modifications in the internal mechanical of the vehicle.<\/p>\n","protected":false},"featured_media":11141,"template":"","meta":{"_acf_changed":false},"product_cat":[2386],"product_tag":[6471],"comunidades-upm":[],"quien":[],"mapa":[{"term_id":41,"name":"Climate, Energy and Mobility","slug":"climate-energy-mobility","term_group":0,"term_taxonomy_id":41,"taxonomy":"mapa","description":"","parent":0,"count":60,"filter":"raw","term_order":"10"},{"term_id":37,"name":"Digital Technologies, Artificial Intelligence, Cybersecurity, 5G, Robotics","slug":"digital_technologies-ai-cybersecurity-5g-robotics","term_group":0,"term_taxonomy_id":37,"taxonomy":"mapa","description":"","parent":0,"count":83,"filter":"raw","term_order":"24"},{"term_id":75,"name":"Industry, Materials and Circular Economy","slug":"industry-materials-circular_economy","term_group":0,"term_taxonomy_id":75,"taxonomy":"mapa","description":"","parent":0,"count":87,"filter":"raw","term_order":"14"}],"disponibilidad":[{"term_id":205,"name":"Consultar disponibilidad","slug":"consultar","term_group":0,"term_taxonomy_id":205,"taxonomy":"disponibilidad","description":"","parent":0,"count":290,"filter":"raw","term_order":"0"}],"donde":[{"term_id":376,"name":"Grupo de Inv. en Seguridad e Impacto Medioambiental de Veh\u00edculos y Transportes (GIVET)","slug":"grupo-de-inv-en-seguridad-e-impacto-medioambiental-de-vehiculos-y-transportes-givet","term_group":0,"term_taxonomy_id":376,"taxonomy":"donde","description":"Podemos resumir nuestras <strong>l\u00edneas de investigaci\u00f3n<\/strong> en:\r\n\r\nSeguridad en el transporte colectivo de personas y en el transporte de mercanc\u00edas.\r\nInvestigaci\u00f3n de accidentes de tr\u00e1fico.\r\nBiomec\u00e1nica del impacto aplicada a la mejora de la seguridad pasiva de los veh\u00edculos\r\nSistemas de asistencia al conductor (ADAS).\r\nEvaluaci\u00f3n y predicci\u00f3n de los impactos del transporte por carretera en la seguridad y medio ambiente. Desarrollo y aplicaci\u00f3n de modelos\r\nSistemas alternativos de propulsi\u00f3n e impacto medioambiental de los veh\u00edculos autom\u00f3viles\r\nMec\u00e1nica computacional aplicada al estudio del comportamiento din\u00e1mico de los veh\u00edculos","parent":0,"count":14,"filter":"raw","term_order":"0"},{"term_id":240,"name":"Instituto Universitario de Investigaci\u00f3n del Autom\u00f3vil (INSIA)","slug":"instituto-universitario-de-investigacion-del-automovil-insia","term_group":0,"term_taxonomy_id":240,"taxonomy":"donde","description":"","parent":0,"count":18,"filter":"raw","term_order":"0"},{"term_id":1464,"name":"University Automotive Research Institute (INSIA)","slug":"en_university-automotive-research-institute-insia","term_group":0,"term_taxonomy_id":1464,"taxonomy":"donde","description":"","parent":0,"count":10,"filter":"raw","term_order":"0"},{"term_id":1600,"name":"Vehicle and Transport Safety and Environmental Impact Research Group (GIVET)","slug":"en_vehicle-and-transport-safety-and-environmental-impact-research-group-givet","term_group":0,"term_taxonomy_id":1600,"taxonomy":"donde","description":"Podemos resumir nuestras <strong>l\u00edneas de investigaci\u00f3n<\/strong> en:\r\n\r\nSeguridad en el transporte colectivo de personas y en el transporte de mercanc\u00edas.\r\nInvestigaci\u00f3n de accidentes de tr\u00e1fico.\r\nBiomec\u00e1nica del impacto aplicada a la mejora de la seguridad pasiva de los veh\u00edculos\r\nSistemas de asistencia al conductor (ADAS).\r\nEvaluaci\u00f3n y predicci\u00f3n de los impactos del transporte por carretera en la seguridad y medio ambiente. Desarrollo y aplicaci\u00f3n de modelos\r\nSistemas alternativos de propulsi\u00f3n e impacto medioambiental de los veh\u00edculos autom\u00f3viles\r\nMec\u00e1nica computacional aplicada al estudio del comportamiento din\u00e1mico de los veh\u00edculos","parent":0,"count":8,"filter":"raw","term_order":"0"}],"infraestructura":[],"ods":[{"term_id":2249,"name":"Industry, Innovation and Infrastructure","slug":"industry-innovation-and-infrastructure","term_group":0,"term_taxonomy_id":2249,"taxonomy":"ods","description":"","parent":0,"count":129,"filter":"raw","term_order":"0"},{"term_id":2241,"name":"Sustainable Cities and Communities","slug":"sustainable-cities-and-communities","term_group":0,"term_taxonomy_id":2241,"taxonomy":"ods","description":"","parent":0,"count":38,"filter":"raw","term_order":"0"}],"origen":[{"term_id":192,"name":"Soluciones tecnol\u00f3gicas","slug":"soluciones-tecnologicas","term_group":0,"term_taxonomy_id":192,"taxonomy":"origen","description":"","parent":0,"count":278,"filter":"raw","term_order":"0"}],"familia_tax":false,"quien_tax":false,"donde_tax":false,"year":"2020-01-01","contacto":"INSIA-UPM, Campus Sur UPM. Carretera de Valencia (A3), km.7, 28031, Madrid","telefono":"910678850","pagina_web":"http:\/\/insia-upm.es\/","email":"felipe.jimenez@upm.es","id_ficha_portal":"28","video":"","adjuntos":false,"adjuntos_portal":"","inf":false,"departamento":"","acf":[],"lang":"en","translation":{"en":11143,"es":11140},"_links":{"self":[{"href":"https:\/\/www.upm.es\/recursosidi\/wp-json\/wp\/v2\/product\/11143"}],"collection":[{"href":"https:\/\/www.upm.es\/recursosidi\/wp-json\/wp\/v2\/product"}],"about":[{"href":"https:\/\/www.upm.es\/recursosidi\/wp-json\/wp\/v2\/types\/product"}],"wp:featuredmedia":[{"embeddable":true,"href":"https:\/\/www.upm.es\/recursosidi\/wp-json\/wp\/v2\/media\/11141"}],"wp:attachment":[{"href":"https:\/\/www.upm.es\/recursosidi\/wp-json\/wp\/v2\/media?parent=11143"}],"wp:term":[{"taxonomy":"product_cat","embeddable":true,"href":"https:\/\/www.upm.es\/recursosidi\/wp-json\/wp\/v2\/product_cat?post=11143"},{"taxonomy":"product_tag","embeddable":true,"href":"https:\/\/www.upm.es\/recursosidi\/wp-json\/wp\/v2\/product_tag?post=11143"},{"taxonomy":"comunidad_upm","embeddable":true,"href":"https:\/\/www.upm.es\/recursosidi\/wp-json\/wp\/v2\/comunidades-upm?post=11143"},{"taxonomy":"quien","embeddable":true,"href":"https:\/\/www.upm.es\/recursosidi\/wp-json\/wp\/v2\/quien?post=11143"},{"taxonomy":"mapa","embeddable":true,"href":"https:\/\/www.upm.es\/recursosidi\/wp-json\/wp\/v2\/mapa?post=11143"},{"taxonomy":"disponibilidad","embeddable":true,"href":"https:\/\/www.upm.es\/recursosidi\/wp-json\/wp\/v2\/disponibilidad?post=11143"},{"taxonomy":"donde","embeddable":true,"href":"https:\/\/www.upm.es\/recursosidi\/wp-json\/wp\/v2\/donde?post=11143"},{"taxonomy":"infraestructura","embeddable":true,"href":"https:\/\/www.upm.es\/recursosidi\/wp-json\/wp\/v2\/infraestructura?post=11143"},{"taxonomy":"ods","embeddable":true,"href":"https:\/\/www.upm.es\/recursosidi\/wp-json\/wp\/v2\/ods?post=11143"},{"taxonomy":"origen","embeddable":true,"href":"https:\/\/www.upm.es\/recursosidi\/wp-json\/wp\/v2\/origen?post=11143"}],"curies":[{"name":"wp","href":"https:\/\/api.w.org\/{rel}","templated":true}]}}