{"id":11150,"date":"2022-09-21T13:26:12","date_gmt":"2022-09-21T11:26:12","guid":{"rendered":"https:\/\/www.upm.es\/recursosidi\/offers-resources\/sin categor\u00eda\/biolasersport\/"},"modified":"2022-09-21T13:26:18","modified_gmt":"2022-09-21T11:26:18","slug":"biolasersport","status":"publish","type":"product","link":"https:\/\/www.upm.es\/recursosidi\/offers-resources\/soluciones-tecnologicas\/biolasersport\/","title":{"rendered":"BIOLASERSPORT"},"content":{"rendered":"<h4 style=\"text-align: left\"><strong>Descripci&oacute;n breve conjunta de la soluci&oacute;n y valor a&ntilde;adido que aporta <\/strong><\/h4>\n<p style=\"text-align: justify\">Una investigadora de la Facultad de Ciencias de la Actividad F&iacute;sica y del Deporte (INEF) de la UPM, en colaboraci&oacute;n con la Universidad Pablo Olavide de Sevilla, desarrolla BioLaserSport, un sistema completo de registro, an&aacute;lisis e interpretaci&oacute;n de datos biomec&aacute;nicos del deportista en movimiento.&nbsp;Est&aacute; ideado para proporcionar en tiempo real una informaci&oacute;n clave para el entrenador a la hora de optimizar el rendimiento de deportes donde la variable fundamental de la eficacia t&eacute;cnica sea la velocidad, como el f&uacute;tbol o el atletismo. &nbsp;Al adaptarse al movimiento del deportista a trav&eacute;s de un sistema l&aacute;ser m&oacute;vil, destaca por su fiabilidad prevista en la toma de datos. En entornos cada vez m&aacute;s competitivos, BioLaserSport debe suponer un avance innovador en la aplicaci&oacute;n de las &uacute;ltimas tecnolog&iacute;as al deporte.&nbsp;<\/p>\n<h4 style=\"text-align: left\"><strong>Descripci&oacute;n de la base tecnol&oacute;gica<\/strong><\/h4>\n<p style=\"text-align: justify\"><img decoding=\"async\" style=\"float: left;margin-left: 10px;margin-right: 10px\" src=\"http:\/\/www.upm.es\/observatorio\/vi\/gestor_general\/recuperar_archivo.jsp?id=58\" alt=\"\" width=\"200\" height=\"215\" \/><span style=\"font-size: small\">BioLaserSport es un sistema de an&aacute;lisis cinem&aacute;tico de competiciones y entrenamientos deportivos en tiempo real. Basado en tecnolog&iacute;a l&aacute;ser, una plataforma m&oacute;vil sobre ra&iacute;les mec&aacute;nicos permite medir la velocidad instant&aacute;nea de un deportista a lo largo de su desplazamiento. Los datos biomec&aacute;nicos capturados son procesados por unos m&oacute;dulos software, que los registran, analizan y realizan una valoraci&oacute;n de las habilidades motrices y t&eacute;cnica deportiva (aplicado a espacios recorridos, velocidades y aceleraciones). Esta informaci&oacute;n precisa, ofrecida en tiempo real, es muy valiosa para el entrenador al aplicar la biomec&aacute;nica como herramienta de apoyo al rendimiento deportivo.<\/span>&nbsp;<\/p>\n<p style=\"text-align: justify\">&nbsp;<\/p>\n<h4 style=\"text-align: left\"><strong>Necesidades de negocio \/ aplicaci&oacute;n<\/strong><\/h4>\n<div>\n<ul>\n<li style=\"text-align: justify\">La biomec&aacute;nica deportiva, reconocida como clave para la mejora del rendimiento del deportista. En concreto, el an&aacute;lisis de la velocidad de locomoci&oacute;n es esencial para un gran n&uacute;mero de competiciones.<\/li>\n<li style=\"text-align: justify\">Necesidad de t&eacute;cnicas de an&aacute;lisis de rendimiento deportivo en tiempo real: retroalimentaci&oacute;n inmediata al entrenador y deportista para la toma de decisiones efectivas.<\/li>\n<li style=\"text-align: justify\">Adaptaci&oacute;n generalizada de sistemas l&aacute;ser para la medici&oacute;n de la velocidad de carrera, frente a t&eacute;cnicas cl&aacute;sicas como las c&eacute;lulas fotoel&eacute;ctricas o la utilizaci&oacute;n del v&iacute;deo.<\/li>\n<li style=\"text-align: justify\">Soluciones actuales aplicando tecnolog&iacute;a l&aacute;ser para el seguimiento del deportista precisan de unas condiciones espec&iacute;ficas para obtener datos fiables que no se cumplen en la pr&aacute;ctica: movimientos rectil&iacute;neos o sin interposici&oacute;n de otros elementos en la medici&oacute;n (cruces que ocurren hasta en un 40% de las mediciones reales).<\/li>\n<li style=\"text-align: justify\">Necesidad de sistemas de medici&oacute;n m&oacute;viles, adaptados al movimiento natural del deportista en su actividad y sin interferir en ella.<\/li>\n<\/ul>\n<\/div>\n<h4 style=\"text-align: left\"><strong>Ventajas competitivas<\/strong><\/h4>\n<ul>\n<li style=\"text-align: justify\">Prototipo industrial realizado, probado por deportistas nacionales de alto nivel.<\/li>\n<li style=\"text-align: justify\">Apoyo tecnol&oacute;gico al t&eacute;cnico deportivo para la mejora efectiva del rendimiento de los deportistas.<\/li>\n<li style=\"text-align: justify\">Inmediatez de resultados biomec&aacute;nicos: sin necesidad de digitalizaci&oacute;n de datos propios de t&eacute;cnicas cl&aacute;sicas de fotogrametr&iacute;a, costosas en tiempo. &nbsp; &nbsp;&nbsp;<\/li>\n<li style=\"text-align: justify\">Aplicaci&oacute;n a cualquier especialidad deportiva en el que la carrera es fundamental para el rendimiento (f&uacute;tbol, baloncesto, atletismo, ciclismo, balonmano, gimnasia&hellip;), tanto en situaciones de competici&oacute;n como de entrenamiento.<\/li>\n<li style=\"text-align: justify\">Sin interferencia en la acci&oacute;n del deportista por el uso de la tecnolog&iacute;a l&aacute;ser.<\/li>\n<li style=\"text-align: justify\">Herramientas software asociadas para la interpretaci&oacute;n de los datos biomec&aacute;nicos recogidos y su evaluaci&oacute;n: variables de referencia, hist&oacute;rico&hellip;<\/li>\n<\/ul>\n<h4 style=\"text-align: left\"><strong>Protecci&oacute;n industrial<\/strong><\/h4>\n<p>Patente concedida en Espa&ntilde;a ES2331170B2.<\/p>\n<h4 style=\"text-align: left\"><strong>Grado de desarrollo<\/strong><\/h4>\n<ul>\n<li>Concepto<\/li>\n<li>Investigaci&oacute;n<\/li>\n<li>Prototipo Lab<\/li>\n<li><span style=\"text-decoration: underline\"><strong>Prototipo industrial<\/strong><\/span><\/li>\n<li>Producci&oacute;n<\/li>\n<\/ul>\n<h4 style=\"text-align: left\"><strong>Contacto<\/strong><\/h4>\n<p style=\"text-align: justify\"><strong>Contacto BioLaserSport<\/strong><\/p>\n<p style=\"text-align: justify\">Amelia Ferro S&aacute;nchez&nbsp;<\/p>\n<p style=\"text-align: justify\">e: <span rel=\"6331253096312131aa3113319e312e317d311f3196314131bb311b3187312831a5312d3178312631a931\" class=\"cryptex \" style=\"\"><span class=\"CryptexImg ctxIA15quAbePMltx7bWyHwVocqHT_hqqzhD531gd9qzwE\"><\/span><\/span><\/p>\n<p style=\"text-align: justify\"><strong>Contacto UPM<\/strong><\/p>\n<p style=\"text-align: justify\">Programas de Innovaci&oacute;n y Emprendimiento<\/p>\n<p style=\"text-align: justify\">Centro de Apoyo a la Innovaci&oacute;n Tecnol&oacute;gica &#8211; UPM<\/p>\n<p style=\"text-align: justify\">e: <span rel=\"633125309e312231b3311631ab312e31b2312231a0313d3177312031ac311631a3312f31b63130319d311e31b53123317a313931b9311f3170312031b731\" class=\"cryptex \" style=\"\"><span class=\"CryptexImg ctxR7neImVV1tJoTSyttUGBAuiESKXKLLyzTwJSN1lk9Z0\"><\/span><\/span><\/p>\n<div class=\"pdfprnt-buttons pdfprnt-buttons-product pdfprnt-bottom-left\"><a href=\"https:\/\/www.upm.es\/recursosidi\/wp-json\/wp\/v2\/product\/11150?print=pdf\" class=\"pdfprnt-button pdfprnt-button-pdf\" target=\"_blank\"><span class=\"pdfprnt-button-title pdfprnt-button-pdf-title\">Descargar ficha<\/span><\/a><\/div>","protected":false},"excerpt":{"rendered":"<p>Mejora del rendimiento deportivo del m\u00e1s alto nivel.<\/p>\n<p>Sistema de an\u00e1lisis biomec\u00e1nico del deportista: informaci\u00f3n en tiempo real para la optimizaci\u00f3n del rendimiento competitivo.<\/p>\n","protected":false},"featured_media":11148,"template":"","meta":{"_acf_changed":false},"product_cat":[2384],"product_tag":[2412],"comunidades-upm":[],"quien":[],"mapa":[{"term_id":122,"name":"Salud y bienestar","slug":"salud-y-bienestar","term_group":0,"term_taxonomy_id":122,"taxonomy":"mapa","description":"","parent":0,"count":105,"filter":"raw","term_order":"17"},{"term_id":126,"name":"Tecnolog\u00edas digitales, Inteligencia Artificial, ciberseguridad, 5G, rob\u00f3tica","slug":"tecnologias_digitales-ai-ciberseguridad-5g-robotica","term_group":0,"term_taxonomy_id":126,"taxonomy":"mapa","description":"","parent":0,"count":194,"filter":"raw","term_order":"23"}],"disponibilidad":[{"term_id":205,"name":"Consultar disponibilidad","slug":"consultar","term_group":0,"term_taxonomy_id":205,"taxonomy":"disponibilidad","description":"","parent":0,"count":290,"filter":"raw","term_order":"0"}],"donde":[{"term_id":650,"name":"Deporte y Entrenamiento","slug":"deporte-y-entrenamiento","term_group":0,"term_taxonomy_id":650,"taxonomy":"donde","description":"","parent":0,"count":4,"filter":"raw","term_order":"0"},{"term_id":1870,"name":"Sports and Training","slug":"en_sports-and-training","term_group":0,"term_taxonomy_id":1870,"taxonomy":"donde","description":"","parent":0,"count":2,"filter":"raw","term_order":"0"}],"infraestructura":[],"ods":[{"term_id":2271,"name":"Salud y Bienestar","slug":"salud-y-bienestar","term_group":0,"term_taxonomy_id":2271,"taxonomy":"ods","description":"","parent":0,"count":59,"filter":"raw","term_order":"0"}],"origen":[{"term_id":192,"name":"Soluciones tecnol\u00f3gicas","slug":"soluciones-tecnologicas","term_group":0,"term_taxonomy_id":192,"taxonomy":"origen","description":"","parent":0,"count":278,"filter":"raw","term_order":"0"}],"familia_tax":false,"quien_tax":false,"donde_tax":false,"year":"2020-01-01","contacto":"INEF -UPM, c\/ Mart\u00edn Fierro,7, 28040, Madrid","telefono":"910677930","pagina_web":"https:\/\/www.inef.upm.es\/","email":"amelia.ferro@upm.es","id_ficha_portal":"6","video":"","adjuntos":false,"adjuntos_portal":"","inf":false,"departamento":"","acf":[],"lang":"es","translation":{"es":11150,"en":11153},"_links":{"self":[{"href":"https:\/\/www.upm.es\/recursosidi\/wp-json\/wp\/v2\/product\/11150"}],"collection":[{"href":"https:\/\/www.upm.es\/recursosidi\/wp-json\/wp\/v2\/product"}],"about":[{"href":"https:\/\/www.upm.es\/recursosidi\/wp-json\/wp\/v2\/types\/product"}],"wp:featuredmedia":[{"embeddable":true,"href":"https:\/\/www.upm.es\/recursosidi\/wp-json\/wp\/v2\/media\/11148"}],"wp:attachment":[{"href":"https:\/\/www.upm.es\/recursosidi\/wp-json\/wp\/v2\/media?parent=11150"}],"wp:term":[{"taxonomy":"product_cat","embeddable":true,"href":"https:\/\/www.upm.es\/recursosidi\/wp-json\/wp\/v2\/product_cat?post=11150"},{"taxonomy":"product_tag","embeddable":true,"href":"https:\/\/www.upm.es\/recursosidi\/wp-json\/wp\/v2\/product_tag?post=11150"},{"taxonomy":"comunidad_upm","embeddable":true,"href":"https:\/\/www.upm.es\/recursosidi\/wp-json\/wp\/v2\/comunidades-upm?post=11150"},{"taxonomy":"quien","embeddable":true,"href":"https:\/\/www.upm.es\/recursosidi\/wp-json\/wp\/v2\/quien?post=11150"},{"taxonomy":"mapa","embeddable":true,"href":"https:\/\/www.upm.es\/recursosidi\/wp-json\/wp\/v2\/mapa?post=11150"},{"taxonomy":"disponibilidad","embeddable":true,"href":"https:\/\/www.upm.es\/recursosidi\/wp-json\/wp\/v2\/disponibilidad?post=11150"},{"taxonomy":"donde","embeddable":true,"href":"https:\/\/www.upm.es\/recursosidi\/wp-json\/wp\/v2\/donde?post=11150"},{"taxonomy":"infraestructura","embeddable":true,"href":"https:\/\/www.upm.es\/recursosidi\/wp-json\/wp\/v2\/infraestructura?post=11150"},{"taxonomy":"ods","embeddable":true,"href":"https:\/\/www.upm.es\/recursosidi\/wp-json\/wp\/v2\/ods?post=11150"},{"taxonomy":"origen","embeddable":true,"href":"https:\/\/www.upm.es\/recursosidi\/wp-json\/wp\/v2\/origen?post=11150"}],"curies":[{"name":"wp","href":"https:\/\/api.w.org\/{rel}","templated":true}]}}