{"id":11161,"date":"2022-09-21T13:42:33","date_gmt":"2022-09-21T11:42:33","guid":{"rendered":"https:\/\/www.upm.es\/recursosidi\/offers-resources\/sin categor\u00eda\/branchbiotech\/"},"modified":"2022-09-21T13:42:37","modified_gmt":"2022-09-21T11:42:37","slug":"branchbiotech","status":"publish","type":"product","link":"https:\/\/www.upm.es\/recursosidi\/offers-resources\/soluciones-tecnologicas\/branchbiotech\/","title":{"rendered":"BRANCHBIOTECH"},"content":{"rendered":"<h4 style=\"text-align: left\"><strong>Descripci&oacute;n breve conjunta de la soluci&oacute;n y valor a&ntilde;adido que aporta <\/strong><\/h4>\n<p style=\"text-align: justify\">Un equipo investigador del <a href=\"http:\/\/www.cbgp.upm.es\/\" target=\"_blank\" rel=\"noopener\">Centro de Biotecnolog&iacute;a y Gen&oacute;mica de Plantas<\/a> (CBGP) de la <a href=\"http:\/\/www.upm.es\/\" target=\"_blank\" rel=\"noopener\">Universidad Polit&eacute;cnica de Madrid<\/a> ha desarrollado una soluci&oacute;n biotecnol&oacute;gica aplicada al gen responsable en especies le&ntilde;osas de la mayor generaci&oacute;n de ramas en ciclos acelerados, sin mostrar alteraciones ni en las caracter&iacute;sticas del crecimiento ni en la composici&oacute;n o anatom&iacute;a de la madera.<\/p>\n<p style=\"text-align: justify\">Uno de los desaf&iacute;os que presenta el mercado global de electricidad es la gesti&oacute;n de las emisiones de carbono en los pa&iacute;ses emergentes con necesidades crecientes de energ&iacute;a. La obtenci&oacute;n de bioenerg&iacute;a a partir de plantas puede mitigar los efectos del calentamiento global y cuestiones relacionadas con la seguridad energ&eacute;tica, en la medida en que se aseguren rendimientos de producci&oacute;n sostenibles. La posibilidad de producir &aacute;rboles con un mayor rendimiento de biomasa a trav&eacute;s de la manipulaci&oacute;n gen&eacute;tica hace de las plantas transg&eacute;nicas una opci&oacute;n preferente para la producci&oacute;n de bioenerg&iacute;a. La biomasa es sencilla y con capacidad para ser rentable, ligada a estimaciones que predicen que en 2050 puede proporcionar un 50% de las necesidades de energ&iacute;a primaria en el mundo.<\/p>\n<h4 style=\"text-align: left\"><strong>Descripci&oacute;n de la base tecnol&oacute;gica<\/strong><\/h4>\n<p style=\"text-align: justify\">Las yemas laterales de la mayor&iacute;a de las especies le&ntilde;osas de zonas templadas no crecen durante la temporada en la que se forman. Estos brotes prol&eacute;pticos hibernan y crecen durante la primavera siguiente. Sin embargo, en el &aacute;lamo y algunas otras especies de zonas templadas, as&iacute; como en&nbsp; muchas especies tropicales, algunos brotes laterales crecen sil&eacute;pticamente, es decir, que crecen durante la misma temporada en la que se forman sin un per&iacute;odo de descanso. La ramificaci&oacute;n sil&eacute;ptica es capaz de aumentar significativamente el n&uacute;mero de ramas, el &aacute;rea foliar y en general el propio crecimiento del &aacute;rbol, en especial en sus primeros a&ntilde;os.<\/p>\n<p style=\"text-align: justify\">Esta soluci&oacute;n se basa en la aplicaci&oacute;n biotecnol&oacute;gica&nbsp; del gen RAV1 (Related to ABI3 and Viviparous 1) orientado a su capacidad para aumentar el grado de desarrollo de ramas sil&eacute;pticas en especies le&ntilde;osas. Este mecanismo puede aumentar as&iacute; la producci&oacute;n de biomasa de una plantaci&oacute;n forestal manipulada gen&eacute;ticamente de esta forma.<\/p>\n<p style=\"text-align: center\"><em>&ldquo;Biotecnolog&iacute;a aplicada a plantas perennes: induce el crecimiento de ramas como m&eacute;todo rentable para aumentar la producci&oacute;n de biomasa&rdquo;<\/em><\/p>\n<p style=\"text-align: center\">&nbsp;<\/p>\n<h4 style=\"text-align: left\"><strong>Necesidades de negocio \/ aplicaci&oacute;n<\/strong><\/h4>\n<div>\n<ul>\n<li style=\"text-align: justify\">\n<p style=\"text-align: justify\">El potencial global de sostenibilidad de la biomasa como fuente de energ&iacute;a est&aacute; ampliamente reconocido. Por ejemplo, la producci&oacute;n mundial anual de biomasa es equivalente a 4,500 EJ (1 EJ=1018 J) de energ&iacute;a solar capturada cada a&ntilde;o.<\/p>\n<\/li>\n<li style=\"text-align: justify\">\n<p>La obtenci&oacute;n de bioenerg&iacute;a a partir de plantas est&aacute; en disposici&oacute;n de paliar en parte los efectos del calentamiento global. En EEUU, la industria de la biomasa reduce las emisiones de carbono en m&aacute;s de 30 millones de toneladas por a&ntilde;o.<\/p>\n<\/li>\n<li style=\"text-align: justify\">\n<p>El uso sostenible de biomasa como fuente de energ&iacute;a precisa de un manejo integral de los recursos naturales, como la tierra y el agua. Una producci&oacute;n de biomasa no controlada podr&iacute;a r&aacute;pidamente ir en contra de la ventaja mediambiental relacionada con la bioenerg&iacute;a.<\/p>\n<\/li>\n<li style=\"text-align: justify\">\n<p>En la actualidad, la cantidad de tierra dedicada a la producci&oacute;n de cultivos energ&eacute;ticos de los combustibles de biomasa es s&oacute;lo 0,19% de la superficie terrestre total del mundo, y s&oacute;lo del 0,5-1,7% del terreno agr&iacute;cola mundial. Seg&uacute;n estimaciones, un aumento del 10% en la eficiencia de producci&oacute;n de biomasa, por ejemplo a trav&eacute;s de una mejor gesti&oacute;n de las plantaciones, crear&iacute;a energ&iacute;a equivalente a la demanda actual global de energ&iacute;a [Swedish University of Agricultural Sciences].<\/p>\n<\/li>\n<li style=\"text-align: justify\">\n<p style=\"text-align: justify\">El mercado de la biomasa carece de m&eacute;todos y est&aacute;ndares para monitorizar la calidad de la materia prima, lo que encarece los costes de recogida, transporte y almacenamiento de la materia.&nbsp;<\/p>\n<\/li>\n<\/ul>\n<\/div>\n<h4 style=\"text-align: left\"><strong>Ventajas competitivas<\/strong><\/h4>\n<ul>\n<li style=\"text-align: justify\">\n<p style=\"text-align: justify\">Posibilidad de desarrollo masivo de ramas sil&eacute;pticas desde muy temprana edad, con el objetivo de incrementar el rendimiento de biomasa en su plantaci&oacute;n: reducci&oacute;n de costes en la obtenci&oacute;n de materia prima.<\/p>\n<\/li>\n<li style=\"text-align: justify\">\n<p>Posibilidad de aplicaci&oacute;n alternativa para la generaci&oacute;n de madera, aumentando tanto la calidad de &eacute;sta como el rendimiento de la plantaci&oacute;n forestal: reducci&oacute;n del n&uacute;mero de nodos en troncos de especies le&ntilde;osas de alto valor maderero.<\/p>\n<\/li>\n<li style=\"text-align: justify\">\n<p>Soluci&oacute;n multi-aplicaci&oacute;n en sectores industriales de gran impacto econ&oacute;mico: energ&iacute;a, qu&iacute;mica, silvicultura, papel.<\/p>\n<\/li>\n<li style=\"text-align: justify\">\n<p>Potencialmente aplicable a cualquier genotipo de una especie le&ntilde;osa, por lo que permite aprovechar las caracter&iacute;sticas adaptativas de dicho genotipo a un determinado h&aacute;bitat.<\/p>\n<\/li>\n<li style=\"text-align: justify\">\n<p style=\"text-align: justify\">Las plantaciones forestales pueden establecerse en tierras marginales o agr&iacute;colas excedentes: sin competencia con el cultivo de alimentos en suelos f&eacute;rtiles.<\/p>\n<\/li>\n<\/ul>\n<h4><strong>Referencias<\/strong><\/h4>\n<ul>\n<li>Grupo de investigaci&oacute;n especializado en la base molecular de la dormancia invernal y aclimataci&oacute;n al fr&iacute;o en plantas le&ntilde;osas.<\/li>\n<\/ul>\n<h4><strong>Propiedad industrial<\/strong><\/h4>\n<ul>\n<li>\n<p style=\"text-align: justify\">Patente concedida en Espa&ntilde;a ES2371900.<\/p>\n<\/li>\n<\/ul>\n<h4><strong>Grado de desarrollo<\/strong><\/h4>\n<ul>\n<li>Concepto<\/li>\n<li>Investigaci&oacute;n<\/li>\n<li><strong><u>Prototipo Lab<\/u><\/strong><\/li>\n<li>Prototipo industrial<\/li>\n<li>Producci&oacute;n<\/li>\n<\/ul>\n<h4 style=\"text-align: left\"><strong>Contacto<\/strong><\/h4>\n<p style=\"text-align: justify\"><strong>Contacto BranchBiotech<\/strong><\/p>\n<p style=\"text-align: justify\">Isabel Allona<\/p>\n<p style=\"text-align: justify\">Centro de Biotecnolog&iacute;a y Gen&oacute;mica de Plantas &ndash; UPM-INIA<\/p>\n<p style=\"text-align: justify\">e: <span rel=\"6d311630ab311f31b2310931a2311b317b312a31bb312c31b4311e31a6310631ae312a31c6311630aa312331\" class=\"cryptex \" style=\"\"><span class=\"CryptexImg ctxpRu8IeX1-d17v6Yn6k7AjUsLcnTfYrb6LCW5QXlzIoQ\"><\/span><\/span><\/p>\n<p style=\"text-align: justify\"><strong>Contacto UPM<\/strong><\/p>\n<p style=\"text-align: justify\">Programas de Innovaci&oacute;n y Emprendimiento<\/p>\n<p style=\"text-align: justify\">Centro de Apoyo a la Innovaci&oacute;n Tecnol&oacute;gica&nbsp; &ndash; UPM<\/p>\n<p style=\"text-align: justify\">e: <span rel=\"6d311630ab311a31bf311631b3311031b0313231be312e3173312431aa312931a7312931c5312b31ac3119319b31173199311b31a831263165310d31c231\" class=\"cryptex \" style=\"\"><span class=\"CryptexImg ctxR7neImVV1tJoTSyttUGBAuiESKXKLLyzTwJSN1lk9Z0\"><\/span><\/span><\/p>\n<div class=\"pdfprnt-buttons pdfprnt-buttons-product pdfprnt-bottom-left\"><a href=\"https:\/\/www.upm.es\/recursosidi\/wp-json\/wp\/v2\/product\/11161?print=pdf\" class=\"pdfprnt-button pdfprnt-button-pdf\" target=\"_blank\"><span class=\"pdfprnt-button-title pdfprnt-button-pdf-title\">Descargar ficha<\/span><\/a><\/div>","protected":false},"excerpt":{"rendered":"<p>Incrementa la producci\u00f3n de bionerg\u00eda en plantas.<\/p>\n<p>Soluci\u00f3n biotecnol\u00f3gica para acelerar el crecimiento de ramas en plantas: mayor rendimiento en la producci\u00f3n de biomasa.<\/p>\n","protected":false},"featured_media":11160,"template":"","meta":{"_acf_changed":false},"product_cat":[2384],"product_tag":[2448,2306],"comunidades-upm":[],"quien":[],"mapa":[{"term_id":137,"name":"Bioeconom\u00eda, Biotecnolog\u00eda y Sistemas Alimentarios","slug":"bioeconomia-biotecnologia-sistemas_alimentarios","term_group":0,"term_taxonomy_id":137,"taxonomy":"mapa","description":"","parent":0,"count":45,"filter":"raw","term_order":"6"},{"term_id":133,"name":"Clima, Energ\u00eda y Movilidad","slug":"clima-energia-movilidad","term_group":0,"term_taxonomy_id":133,"taxonomy":"mapa","description":"","parent":0,"count":129,"filter":"raw","term_order":"9"}],"disponibilidad":[{"term_id":205,"name":"Consultar disponibilidad","slug":"consultar","term_group":0,"term_taxonomy_id":205,"taxonomy":"disponibilidad","description":"","parent":0,"count":290,"filter":"raw","term_order":"0"}],"donde":[{"term_id":302,"name":"Biotecnolog\u00eda Vegetal","slug":"biotecnologia-vegetal","term_group":0,"term_taxonomy_id":302,"taxonomy":"donde","description":"Estudio de las bases moleculares de procesos fisiol&oacute;gicos y de desarrollo vegetal, para la generaci&oacute;n de herramientas biotecnol&oacute;gicas.\nTrabajamos en cinco <strong>l&iacute;neas principales de investigaci&oacute;n<\/strong>:\n&nbsp;\n\n<strong>Estudio de las bases moleculares de la alergenicidad y la reactividad cruzada de alimentos vegetales.<\/strong> Identificaci&oacute;n y caracterizaci&oacute;n de al&eacute;rgenos vegetales. Dise&ntilde;o de nuevos m&eacute;todos de diagn&oacute;stico molecular. Dise&ntilde;o de nuevas estrategias en inmunoterapia.\n\n&nbsp;\n\n<strong>Estudios computacionales de sistemas macromoleculares en procesos biol&oacute;gicos. <\/strong>C&aacute;lculos de docking. Modelado estructural y propiedades. Mec&aacute;nica Molecular. Din&aacute;mica Molecular.\n\n&nbsp;\n\n<strong>Control circadiano y estacional de los ciclos dormancia-crecimiento en &aacute;rboles. <\/strong>Estudio del control gen&eacute;tico y ambiental de la dormancia invernal. Herramientas para el incremento de la biomasa vegetal le&ntilde;osa. Biotecnolog&iacute;a aplicada a protecci&oacute;n de yemas florales y vegetativas.\n\n<strong>&nbsp;<\/strong>\n\n<strong>Regulaci&oacute;n del crecimiento a&eacute;reo en plantas. <\/strong>Estudio de los mecanismos de control del tiempo de desarrollo. Regulaci&oacute;n del crecimiento meristem&aacute;tico en yemas y cambium vascular.\n\n<strong>&nbsp;<\/strong>\n\n<strong>Desarrollo y crecimiento de &oacute;rganos radiculares<\/strong>. Desarrollo de las herramientas gen&eacute;ticas para modular la arquitectura radicular, la regeneraci&oacute;n de &oacute;rganos y mejorar enraizamiento. Estudio de la pluripotencia y la regeneraci&oacute;n celular.\n","parent":0,"count":5,"filter":"raw","term_order":"0"},{"term_id":1476,"name":"Centre for Biotechnology and Plant Genomics, CBPG","slug":"en_centre-for-biotechnology-and-plant-genomics-cbpg","term_group":0,"term_taxonomy_id":1476,"taxonomy":"donde","description":"","parent":0,"count":12,"filter":"raw","term_order":"0"},{"term_id":252,"name":"Centro de Biotecnolog\u00eda y Gen\u00f3mica de Plantas (CBGP)","slug":"centro-de-biotecnologia-y-genomica-de-plantas-cbgp","term_group":0,"term_taxonomy_id":252,"taxonomy":"donde","description":"","parent":0,"count":19,"filter":"raw","term_order":"0"},{"term_id":1526,"name":"Plant Biotechnology","slug":"en_plant-biotechnology","term_group":0,"term_taxonomy_id":1526,"taxonomy":"donde","description":"Estudio de las bases moleculares de procesos fisiol&oacute;gicos y de desarrollo vegetal, para la generaci&oacute;n de herramientas biotecnol&oacute;gicas.\nTrabajamos en cinco <strong>l&iacute;neas principales de investigaci&oacute;n<\/strong>:\n&nbsp;\n\n<strong>Estudio de las bases moleculares de la alergenicidad y la reactividad cruzada de alimentos vegetales.<\/strong> Identificaci&oacute;n y caracterizaci&oacute;n de al&eacute;rgenos vegetales. Dise&ntilde;o de nuevos m&eacute;todos de diagn&oacute;stico molecular. Dise&ntilde;o de nuevas estrategias en inmunoterapia.\n\n&nbsp;\n\n<strong>Estudios computacionales de sistemas macromoleculares en procesos biol&oacute;gicos. <\/strong>C&aacute;lculos de docking. Modelado estructural y propiedades. Mec&aacute;nica Molecular. Din&aacute;mica Molecular.\n\n&nbsp;\n\n<strong>Control circadiano y estacional de los ciclos dormancia-crecimiento en &aacute;rboles. <\/strong>Estudio del control gen&eacute;tico y ambiental de la dormancia invernal. Herramientas para el incremento de la biomasa vegetal le&ntilde;osa. Biotecnolog&iacute;a aplicada a protecci&oacute;n de yemas florales y vegetativas.\n\n<strong>&nbsp;<\/strong>\n\n<strong>Regulaci&oacute;n del crecimiento a&eacute;reo en plantas. <\/strong>Estudio de los mecanismos de control del tiempo de desarrollo. Regulaci&oacute;n del crecimiento meristem&aacute;tico en yemas y cambium vascular.\n\n<strong>&nbsp;<\/strong>\n\n<strong>Desarrollo y crecimiento de &oacute;rganos radiculares<\/strong>. Desarrollo de las herramientas gen&eacute;ticas para modular la arquitectura radicular, la regeneraci&oacute;n de &oacute;rganos y mejorar enraizamiento. Estudio de la pluripotencia y la regeneraci&oacute;n celular.\n","parent":0,"count":4,"filter":"raw","term_order":"0"}],"infraestructura":[],"ods":[{"term_id":2231,"name":"Acci\u00f3n por el Clima","slug":"accion-por-el-clima","term_group":0,"term_taxonomy_id":2231,"taxonomy":"ods","description":"","parent":0,"count":67,"filter":"raw","term_order":"0"},{"term_id":2255,"name":"Energ\u00eda Asequible y no Contaminante","slug":"energia-asequible-y-no-contaminante","term_group":0,"term_taxonomy_id":2255,"taxonomy":"ods","description":"","parent":0,"count":34,"filter":"raw","term_order":"0"}],"origen":[{"term_id":192,"name":"Soluciones tecnol\u00f3gicas","slug":"soluciones-tecnologicas","term_group":0,"term_taxonomy_id":192,"taxonomy":"origen","description":"","parent":0,"count":278,"filter":"raw","term_order":"0"}],"familia_tax":false,"quien_tax":false,"donde_tax":false,"year":"2020-01-01","contacto":"CBGP - UPM-INIA, Campus de Montegancedo, 28660 Boadilla del Monte (Madrid)","telefono":"910679100","pagina_web":"http:\/\/www.cbgp.upm.es\/","email":"isabel.allona@upm.es","id_ficha_portal":"81","video":"","adjuntos":false,"adjuntos_portal":"","inf":false,"departamento":"","acf":[],"lang":"es","translation":{"es":11161,"en":11163},"_links":{"self":[{"href":"https:\/\/www.upm.es\/recursosidi\/wp-json\/wp\/v2\/product\/11161"}],"collection":[{"href":"https:\/\/www.upm.es\/recursosidi\/wp-json\/wp\/v2\/product"}],"about":[{"href":"https:\/\/www.upm.es\/recursosidi\/wp-json\/wp\/v2\/types\/product"}],"wp:featuredmedia":[{"embeddable":true,"href":"https:\/\/www.upm.es\/recursosidi\/wp-json\/wp\/v2\/media\/11160"}],"wp:attachment":[{"href":"https:\/\/www.upm.es\/recursosidi\/wp-json\/wp\/v2\/media?parent=11161"}],"wp:term":[{"taxonomy":"product_cat","embeddable":true,"href":"https:\/\/www.upm.es\/recursosidi\/wp-json\/wp\/v2\/product_cat?post=11161"},{"taxonomy":"product_tag","embeddable":true,"href":"https:\/\/www.upm.es\/recursosidi\/wp-json\/wp\/v2\/product_tag?post=11161"},{"taxonomy":"comunidad_upm","embeddable":true,"href":"https:\/\/www.upm.es\/recursosidi\/wp-json\/wp\/v2\/comunidades-upm?post=11161"},{"taxonomy":"quien","embeddable":true,"href":"https:\/\/www.upm.es\/recursosidi\/wp-json\/wp\/v2\/quien?post=11161"},{"taxonomy":"mapa","embeddable":true,"href":"https:\/\/www.upm.es\/recursosidi\/wp-json\/wp\/v2\/mapa?post=11161"},{"taxonomy":"disponibilidad","embeddable":true,"href":"https:\/\/www.upm.es\/recursosidi\/wp-json\/wp\/v2\/disponibilidad?post=11161"},{"taxonomy":"donde","embeddable":true,"href":"https:\/\/www.upm.es\/recursosidi\/wp-json\/wp\/v2\/donde?post=11161"},{"taxonomy":"infraestructura","embeddable":true,"href":"https:\/\/www.upm.es\/recursosidi\/wp-json\/wp\/v2\/infraestructura?post=11161"},{"taxonomy":"ods","embeddable":true,"href":"https:\/\/www.upm.es\/recursosidi\/wp-json\/wp\/v2\/ods?post=11161"},{"taxonomy":"origen","embeddable":true,"href":"https:\/\/www.upm.es\/recursosidi\/wp-json\/wp\/v2\/origen?post=11161"}],"curies":[{"name":"wp","href":"https:\/\/api.w.org\/{rel}","templated":true}]}}