{"id":11177,"date":"2022-09-21T14:03:19","date_gmt":"2022-09-21T12:03:19","guid":{"rendered":"https:\/\/www.upm.es\/recursosidi\/offers-resources\/sin categor\u00eda\/cad-2\/"},"modified":"2022-09-21T14:03:33","modified_gmt":"2022-09-21T12:03:33","slug":"cad-2","status":"publish","type":"product","link":"https:\/\/www.upm.es\/recursosidi\/offers-resources\/soluciones-tecnologicas\/cad-2\/","title":{"rendered":"CAD"},"content":{"rendered":"<h4 style=\"text-align: left\"><strong>Descripci&oacute;n breve conjunta de la soluci&oacute;n y valor a&ntilde;adido que aporta <\/strong><\/h4>\n<p style=\"text-align: justify\">En una embolia pulmonary (EP) una parte de un co&aacute;gulo de sangre se desprende y viaja a trav&eacute;s del torrente sangu&iacute;neo, pasa a trav&eacute;s del lado derecho del coraz&oacute;n y se queda bloqueado en una arteria pulmonar, obstruy&eacute;ndola. La angiograf&iacute;a pulmonar por tomograf&iacute;a computada es aceptada como el estudio de diagn&oacute;stico por imagen para confirmar la sospecha cl&iacute;nica de una EP. La relaci&oacute;n de di&aacute;metro entre los ventr&iacute;culos derecho e izquierdo (RV\/LV) es una m&eacute;trica probada de esfuerzo del coraz&oacute;n en pacientes con EP aguda. &nbsp;Su c&aacute;lculo se realiza con poca frecuencia debido al tiempo invertido en la b&uacute;squeda de la ubicaci&oacute;n en la que los di&aacute;metros son m&aacute;ximos, la medici&oacute;n de los mismos y el c&aacute;lculo de los coeficientes. Si embargo, el conocimiento de este valor es cr&iacute;tico para realizar un buen diagn&oacute;stico y tomar la mejor decisi&oacute;n posible para la vida del paciente. Un equipo de investigadores de la UPM , Brigham and Women&rsquo;s Hospital &nbsp;y el MIT, &nbsp;han desarrollado CAD, un sistema de diagn&oacute;stico asistido para llevar a cabo estas medidas de forma autom&aacute;tica , sin intervenci&oacute;n humana.<\/p>\n<h4 style=\"text-align: left\"><strong>Descripci&oacute;n de la base tecnol&oacute;gica<\/strong><\/h4>\n<p style=\"text-align: justify\">La cuantificaci&oacute;n del ratio RV\/LV se puede hacer empleando varios m&eacute;todos: mediciones volum&eacute;tricas, im&aacute;genes reformateadas de cuatro c&aacute;maras o incluso en cortes axiales con pron&oacute;stico equivalente. Llevar a cabo esta medida, requiere tiempo y est&aacute; condicionada a la experiencia de los radi&oacute;logos.<\/p>\n<p style=\"text-align: justify\">La UPM, junto con el Brigham and Women&rsquo;s Hospital y el MIT, han desarrollado un algoritmo que permite calcular el ratio RV \/ LV del di&aacute;metro axial.<\/p>\n<p style=\"text-align: justify\">Sin necesidad de la intervenci&oacute;n de los radi&oacute;logos, el algoritmo detecta el coraz&oacute;n, los segmentos de los ventr&iacute;culos derechos e izquierdos, el tabique inter-ventricular y encuentra la relaci&oacute;n m&aacute;xima del ventr&iacute;culo derecho con respecto al ventr&iacute;culo izquierdo para calcular la relaci&oacute;n de di&aacute;metro. El algoritmo est&aacute; integrado en la estaci&oacute;n de trabajo de radiolog&iacute;a Osirix. El radi&oacute;logo puede revisar y corregir las mediciones automatizadas antes de informar al m&eacute;dico, para que &eacute;ste puede tomar la mejor decisi&oacute;n m&eacute;dica para el paciente.<span style=\"font-size: small\">&nbsp;<\/span><\/p>\n<p style=\"text-align: center\"><em>&ldquo;Herramienta automatizada que ayudar&aacute; a los m&eacute;dicos tomar la mejor decisi&oacute;n en el caso de pacientes que sufren de una embolia pulmonar, sin incurrir en el tiempo de an&aacute;lisis adicional de im&aacute;genes requerido por radi&oacute;logos&rdquo;<\/em><\/p>\n<p style=\"text-align: center\">&nbsp;<\/p>\n<h4 style=\"text-align: left\"><strong>Necesidades de negocio \/ aplicaci&oacute;n<\/strong><\/h4>\n<ul>\n<li>\n<p style=\"text-align: justify\">La embolia pulmonar afecta cada a&ntilde;o a entre 300,000-600,000 estadounidenses dando lugar a entre 12,000 y 80,000 muertes \/ a&ntilde;o [U.S. Department of Health and Human Services, 2008].<\/p>\n<\/li>\n<li style=\"text-align: justify\">\n<p>En el caso de Europa, no se cuenta con datos exactos. Sin embargo, la incidencia de embolia pulmonar alcanza cifras de 6 o 20.8 casos \/ 10.000 personas \/ a&ntilde;o en Breta&ntilde;a (Francia) y Malm&ouml; (Suecia) respectivamente [Torbicki et al., 2008]<\/p>\n<\/li>\n<li>\n<p style=\"text-align: justify\">Se estiman unos 60.000 casos de embolia pulmonar al a&ntilde;o en Espa&ntilde;a, dando como resultado 50.000 hospitalizaciones y m&aacute;s de 19.000 muertes, la mayor&iacute;a de ellas sin haber sido diagnosticado previamente [Juretschke Moragues y Barbosa Ay&uacute;car, 2002].<\/p>\n<\/li>\n<\/ul>\n<h4 style=\"text-align: left\"><strong>Ventajas competitivas<\/strong><\/h4>\n<ul>\n<li>\n<p style=\"text-align: justify\">El rendimiento y la robustez han sido evaluados dentro del contexto cl&iacute;nico en el estudio rutinario de diagn&oacute;stico de la embolia pulmonar.<\/p>\n<\/li>\n<li style=\"text-align: justify\">\n<p>Alta precisi&oacute;n en comparaci&oacute;n con las mediciones hechas por radi&oacute;logos y pron&oacute;stico significativo al compararse con los resultados de patrones de referencia.&nbsp;<\/p>\n<\/li>\n<li style=\"text-align: justify\">\n<p>Tener una herramienta automatizada reducir&aacute; el tiempo dedicado por los radi&oacute;logos al c&aacute;lculo de dicha relaci&oacute;n (aproximadamente 5 minutos \/ caso), resultando en ahorros para el hospital.<\/p>\n<\/li>\n<li style=\"text-align: justify\">\n<p>El ruido y la falta de definici&oacute;n pueden afectar a la realizaci&oacute;n de pruebas CTPA, dando lugar a grandes diferencias en distintas pruebas. La mejora clara de CAD, con respecto a algoritmos dise&ntilde;ados para otras patolog&iacute;as, es la robustez con respecto a estos efectos.<\/p>\n<\/li>\n<li>\n<p style=\"text-align: justify\">CAD no s&oacute;lo puede ser &uacute;til en el caso de una embolia pulmonar aguda, sino que tambi&eacute;n podr&iacute;a ser empleado en otras enfermedades cardiovasculares, que son la principal causa de muerte en los pa&iacute;ses desarrollados.<\/p>\n<\/li>\n<\/ul>\n<h4 style=\"text-align: left\"><strong>Referencias<\/strong><\/h4>\n<ul>\n<li style=\"text-align: justify\">Tecnolog&iacute;a desarrollada conjuntamente por la UPM, Brigham and Women&rsquo;s Hospital y el MIT<\/li>\n<\/ul>\n<h4><strong>Protecci&oacute;n industrial<\/strong><\/h4>\n<ul>\n<li>\n<p style=\"text-align: justify\">Patente solicitada en EEUU US61\/909,574.<\/p>\n<\/li>\n<li>\n<p style=\"text-align: justify\">Patente europea solicitada v&iacute;a EPO EP14809784.3.<\/p>\n<\/li>\n<\/ul>\n<h4 style=\"text-align: left\"><strong>Grado de desarrollo<\/strong><\/h4>\n<ul>\n<li><span style=\"font-size: small\">Concepto<\/span><\/li>\n<li><span style=\"font-size: small\">Investigaci&oacute;n<\/span><\/li>\n<li><span style=\"text-decoration: underline\"><strong><span style=\"font-size: small\">Prototipo-Lab<\/span><\/strong><\/span><\/li>\n<li><span style=\"font-size: small\">Prototipo Industrial<\/span><\/li>\n<li><span style=\"font-size: small\">Producci&oacute;n<\/span><\/li>\n<\/ul>\n<h4><strong>Contacto<\/strong><\/h4>\n<p style=\"text-align: justify\"><strong>Contacto CAD<\/strong><\/p>\n<p style=\"text-align: justify\">Mar&iacute;a Jes&uacute;s Ledesma-Carbayo<\/p>\n<p style=\"text-align: justify\">e:&nbsp;<span rel=\"87311230a1311d31b3310b3195313131a0310e318f310b31a531243173312131c0311e3183311331a631\" class=\"cryptex \" style=\"\"><span class=\"CryptexImg ctx6C4lJ4YY98DvlC5cyqTsjNvVIiC-jRUS3NQDoDkoOrQ\"><\/span><\/span><\/p>\n<p style=\"text-align: justify\"><strong>Contacto UPM<\/strong><\/p>\n<p style=\"text-align: justify\">Programas de Innovaci&oacute;n y Emprendimiento<\/p>\n<p style=\"text-align: justify\">Centro de Apoyo a la Innovaci&oacute;n Tecnol&oacute;gica &ndash; UPM&nbsp;<\/p>\n<p style=\"text-align: justify\">e: <span rel=\"873112309d311f31bc311631a6311f3196311631be3115316a313331aa310f31be312031c1311d319a312b31af312d3188313031c3312a3181312931c931\" class=\"cryptex \" style=\"\"><span class=\"CryptexImg ctxR7neImVV1tJoTSyttUGBAuiESKXKLLyzTwJSN1lk9Z0\"><\/span><\/span><\/p>\n<div class=\"pdfprnt-buttons pdfprnt-buttons-product pdfprnt-bottom-left\"><a href=\"https:\/\/www.upm.es\/recursosidi\/wp-json\/wp\/v2\/product\/11177?print=pdf\" class=\"pdfprnt-button pdfprnt-button-pdf\" target=\"_blank\"><span class=\"pdfprnt-button-title pdfprnt-button-pdf-title\">Descargar ficha<\/span><\/a><\/div>","protected":false},"excerpt":{"rendered":"<p>M\u00e9todo para determinar el pron\u00f3stico de pacientes con embolia pulmonar.<\/p>\n<p>Un nuevo m\u00e9todo para detectar, segmentar y medir autom\u00e1ticamente la relaci\u00f3n RV \/ LV.<\/p>\n","protected":false},"featured_media":11174,"template":"","meta":{"_acf_changed":false},"product_cat":[2384],"product_tag":[2555,2308],"comunidades-upm":[],"quien":[],"mapa":[{"term_id":122,"name":"Salud y bienestar","slug":"salud-y-bienestar","term_group":0,"term_taxonomy_id":122,"taxonomy":"mapa","description":"","parent":0,"count":105,"filter":"raw","term_order":"17"},{"term_id":126,"name":"Tecnolog\u00edas digitales, Inteligencia Artificial, ciberseguridad, 5G, rob\u00f3tica","slug":"tecnologias_digitales-ai-ciberseguridad-5g-robotica","term_group":0,"term_taxonomy_id":126,"taxonomy":"mapa","description":"","parent":0,"count":194,"filter":"raw","term_order":"23"}],"disponibilidad":[{"term_id":205,"name":"Consultar disponibilidad","slug":"consultar","term_group":0,"term_taxonomy_id":205,"taxonomy":"disponibilidad","description":"","parent":0,"count":290,"filter":"raw","term_order":"0"}],"donde":[{"term_id":642,"name":"Information Processing and Telecommunications Center (IPTC)","slug":"information-processing-and-telecommunications-center-iptc","term_group":0,"term_taxonomy_id":642,"taxonomy":"donde","description":"","parent":0,"count":74,"filter":"raw","term_order":"0"},{"term_id":436,"name":"Tecnolog\u00eda de im\u00e1genes biom\u00e9dicas","slug":"tecnologia-de-imagenes-biomedicas","term_group":0,"term_taxonomy_id":436,"taxonomy":"donde","description":"El objetivo de nuestro trabajo es contribuir a mejorar la atenci\u00f3n de la salud a trav\u00e9s de los avances en las tecnolog\u00edas de im\u00e1genes biom\u00e9dicas, y para ello seguimos las siguientes l\u00edneas de investigaci\u00f3n:\r\n\u00a0\r\n-\u00a0 Imagen Cardiovascular\r\n-\u00a0 Reconstrucci\u00f3n de im\u00e1genes tomogr\u00e1ficas\r\n-\u00a0 Modelado\/Simulaci\u00f3n sistemas adquisici\u00f3n\r\n-\u00a0 An\u00e1lisis de im\u00e1genes biom\u00e9dicas\r\n-\u00a0\u00a0 Imagen Molecular","parent":0,"count":13,"filter":"raw","term_order":"0"}],"infraestructura":[],"ods":[{"term_id":2271,"name":"Salud y Bienestar","slug":"salud-y-bienestar","term_group":0,"term_taxonomy_id":2271,"taxonomy":"ods","description":"","parent":0,"count":59,"filter":"raw","term_order":"0"}],"origen":[{"term_id":192,"name":"Soluciones tecnol\u00f3gicas","slug":"soluciones-tecnologicas","term_group":0,"term_taxonomy_id":192,"taxonomy":"origen","description":"","parent":0,"count":278,"filter":"raw","term_order":"0"}],"familia_tax":false,"quien_tax":false,"donde_tax":false,"year":"2020-01-01","contacto":"ETSI de Telecomunicaci\u00f3n - UPM, Avenida  Complutense, 30, Ciudad Universitaria, 28040, Madrid","telefono":"910671900","pagina_web":"https:\/\/www.etsit.upm.es\/","email":"mledesma@die.upm.es","id_ficha_portal":"121","video":"","adjuntos":false,"adjuntos_portal":"","inf":false,"departamento":"","acf":[],"lang":"es","translation":{"es":11177,"en":11179},"_links":{"self":[{"href":"https:\/\/www.upm.es\/recursosidi\/wp-json\/wp\/v2\/product\/11177"}],"collection":[{"href":"https:\/\/www.upm.es\/recursosidi\/wp-json\/wp\/v2\/product"}],"about":[{"href":"https:\/\/www.upm.es\/recursosidi\/wp-json\/wp\/v2\/types\/product"}],"wp:featuredmedia":[{"embeddable":true,"href":"https:\/\/www.upm.es\/recursosidi\/wp-json\/wp\/v2\/media\/11174"}],"wp:attachment":[{"href":"https:\/\/www.upm.es\/recursosidi\/wp-json\/wp\/v2\/media?parent=11177"}],"wp:term":[{"taxonomy":"product_cat","embeddable":true,"href":"https:\/\/www.upm.es\/recursosidi\/wp-json\/wp\/v2\/product_cat?post=11177"},{"taxonomy":"product_tag","embeddable":true,"href":"https:\/\/www.upm.es\/recursosidi\/wp-json\/wp\/v2\/product_tag?post=11177"},{"taxonomy":"comunidad_upm","embeddable":true,"href":"https:\/\/www.upm.es\/recursosidi\/wp-json\/wp\/v2\/comunidades-upm?post=11177"},{"taxonomy":"quien","embeddable":true,"href":"https:\/\/www.upm.es\/recursosidi\/wp-json\/wp\/v2\/quien?post=11177"},{"taxonomy":"mapa","embeddable":true,"href":"https:\/\/www.upm.es\/recursosidi\/wp-json\/wp\/v2\/mapa?post=11177"},{"taxonomy":"disponibilidad","embeddable":true,"href":"https:\/\/www.upm.es\/recursosidi\/wp-json\/wp\/v2\/disponibilidad?post=11177"},{"taxonomy":"donde","embeddable":true,"href":"https:\/\/www.upm.es\/recursosidi\/wp-json\/wp\/v2\/donde?post=11177"},{"taxonomy":"infraestructura","embeddable":true,"href":"https:\/\/www.upm.es\/recursosidi\/wp-json\/wp\/v2\/infraestructura?post=11177"},{"taxonomy":"ods","embeddable":true,"href":"https:\/\/www.upm.es\/recursosidi\/wp-json\/wp\/v2\/ods?post=11177"},{"taxonomy":"origen","embeddable":true,"href":"https:\/\/www.upm.es\/recursosidi\/wp-json\/wp\/v2\/origen?post=11177"}],"curies":[{"name":"wp","href":"https:\/\/api.w.org\/{rel}","templated":true}]}}