{"id":11180,"date":"2022-09-22T02:00:31","date_gmt":"2022-09-22T00:00:31","guid":{"rendered":"https:\/\/www.upm.es\/recursosidi\/offers-resources\/sin%20categor\u00eda\/dispositivo-y-metodo-de-depuracion-de-aire-por-oxidacion-fotocatalitica\/"},"modified":"2024-09-10T02:28:37","modified_gmt":"2024-09-10T00:28:37","slug":"dispositivo-y-metodo-de-depuracion-de-aire-por-oxidacion-fotocatalitica","status":"publish","type":"product","link":"https:\/\/www.upm.es\/recursosidi\/offers-resources\/patentes\/dispositivo-y-metodo-de-depuracion-de-aire-por-oxidacion-fotocatalitica\/","title":{"rendered":"Dispositivo y m\u00e9todo de depuraci\u00f3n de aire por oxidaci\u00f3n fotocatal\u00edtica"},"content":{"rendered":"<h5>Descripci\u00f3n de la patente <\/h5>\n<p>El dispositivo de depuraci&oacute;n de la presente solicitud<br \/>comprende al menos una superficie que tiene<br \/>formado electrol&iacute;ticamente, electroqu&iacute;micamente o<br \/>depositado sobre el mismo &oacute;xido de titanio<br \/>&oacute;xido de titanio a una temperatura adecuada para<br \/>formar la variedad anatasa del &oacute;xido de titanio. Dicha<br \/>superficie se configura para entrar en contacto con un<br \/>flujo de aire y la superficie se expone a una radiaci&oacute;n<br \/>ultravioleta. En esta disposici&oacute;n, el &oacute;xido de titanio de<br \/>variedad anatasa, que es un fotocatalizador activo, es<br \/>capaz de oxidar los compuestos org&aacute;nicos y\/o<br \/>compuestos oxidables existentes en la atm&oacute;sfera que<br \/>se pretende depurar.<\/p>\n<h5>Situaci\u00f3n <\/h5>\n<p>Concedida<\/p>\n<h5>N\u00famero de solicitud<\/h5>\n<p>P202131234<\/p>\n<h5>N\u00famero de publicaci\u00f3n<\/h5>\n<p>ES 2921223 A1<\/p>\n<h5>Fecha de presentaci\u00f3n <\/h5>\n<p>30\/12\/2021<\/p>\n<h5>Fecha de publicaci\u00f3n <\/h5>\n<p>22\/08\/2022<\/p>\n<h5>Fecha de concesi\u00f3n <\/h5>\n<p>26\/08\/2024<\/p>\n<div class=\"pdfprnt-buttons pdfprnt-buttons-product pdfprnt-bottom-left\"><a href=\"https:\/\/www.upm.es\/recursosidi\/wp-json\/wp\/v2\/product\/11180?print=pdf\" class=\"pdfprnt-button pdfprnt-button-pdf\" target=\"_blank\"><span class=\"pdfprnt-button-title pdfprnt-button-pdf-title\">Descargar ficha<\/span><\/a><\/div>","protected":false},"excerpt":{"rendered":"<p>Descripci\u00f3n de la patente El dispositivo de depuraci&oacute;n de la presente solicitudcomprende al menos una superficie que tieneformado electrol&iacute;ticamente, electroqu&iacute;micamente odepositado sobre el mismo &oacute;xido&hellip;<\/p>\n","protected":false},"featured_media":0,"template":"","meta":{"_acf_changed":false},"product_cat":[3946],"product_tag":[],"comunidades-upm":[],"quien":[],"mapa":[{"term_id":139,"name":"Agricultura, silvicultura, recursos naturales, usos de la tierra y crecimiento azul","slug":"agricultura-silvicultura-recursos_naturales-usos_tierra-crecimiento_azul","term_group":0,"term_taxonomy_id":139,"taxonomy":"mapa","description":"","parent":0,"count":43,"filter":"raw","term_order":"2"},{"term_id":133,"name":"Clima, Energ\u00eda y Movilidad","slug":"clima-energia-movilidad","term_group":0,"term_taxonomy_id":133,"taxonomy":"mapa","description":"","parent":0,"count":129,"filter":"raw","term_order":"9"}],"disponibilidad":[],"donde":[{"term_id":608,"name":"An\u00e1lisis y Caracterizaci\u00f3n \u00d3ptica de Materiales","slug":"analisis-y-caracterizacion-optica-de-materiales","term_group":0,"term_taxonomy_id":608,"taxonomy":"donde","description":"","parent":0,"count":15,"filter":"raw","term_order":"0"}],"infraestructura":[],"ods":[],"origen":[{"term_id":180,"name":"Patente","slug":"patente","term_group":0,"term_taxonomy_id":180,"taxonomy":"origen","description":"","parent":0,"count":614,"filter":"raw","term_order":"0"}],"familia_tax":false,"quien_tax":false,"donde_tax":false,"year":"","contacto":"<strong>Principales: <\/strong><ul><li>FRANCISCO FERNANDEZ MARTINEZ <blockquote><strong>francisco.fernandezm@upm.es<\/strong><\/blockquote><\/li><li>ANTONIO JUAN DOS SANTOS GARCIA <blockquote><strong>aj.dossantos@upm.es<\/strong><\/blockquote><\/li><li>MARIA JOSE MARTIN DE VIDALES CALVO <blockquote><strong>mariajose.martindevidales@upm.es<\/strong><\/blockquote><\/li><li>EVANGELINA ATANES SANCHEZ <blockquote><strong>evangelina.atanes@upm.es<\/strong><\/blockquote><\/li><li>JOSE ANTONIO DIAZ LOPEZ <blockquote><strong>jose.dlopez@upm.es<\/strong><\/blockquote><\/li><li>LUCIA ISIDORO GARCIA <blockquote><strong>lucia.isidoro@upm.es<\/strong><\/blockquote><\/li><\/ul>","telefono":"","pagina_web":"","email":"","id_ficha_portal":"1797","video":"","adjuntos":false,"adjuntos_portal":"","inf":false,"departamento":"","acf":[],"lang":"es","translation":{"es":11180},"_links":{"self":[{"href":"https:\/\/www.upm.es\/recursosidi\/wp-json\/wp\/v2\/product\/11180"}],"collection":[{"href":"https:\/\/www.upm.es\/recursosidi\/wp-json\/wp\/v2\/product"}],"about":[{"href":"https:\/\/www.upm.es\/recursosidi\/wp-json\/wp\/v2\/types\/product"}],"wp:attachment":[{"href":"https:\/\/www.upm.es\/recursosidi\/wp-json\/wp\/v2\/media?parent=11180"}],"wp:term":[{"taxonomy":"product_cat","embeddable":true,"href":"https:\/\/www.upm.es\/recursosidi\/wp-json\/wp\/v2\/product_cat?post=11180"},{"taxonomy":"product_tag","embeddable":true,"href":"https:\/\/www.upm.es\/recursosidi\/wp-json\/wp\/v2\/product_tag?post=11180"},{"taxonomy":"comunidad_upm","embeddable":true,"href":"https:\/\/www.upm.es\/recursosidi\/wp-json\/wp\/v2\/comunidades-upm?post=11180"},{"taxonomy":"quien","embeddable":true,"href":"https:\/\/www.upm.es\/recursosidi\/wp-json\/wp\/v2\/quien?post=11180"},{"taxonomy":"mapa","embeddable":true,"href":"https:\/\/www.upm.es\/recursosidi\/wp-json\/wp\/v2\/mapa?post=11180"},{"taxonomy":"disponibilidad","embeddable":true,"href":"https:\/\/www.upm.es\/recursosidi\/wp-json\/wp\/v2\/disponibilidad?post=11180"},{"taxonomy":"donde","embeddable":true,"href":"https:\/\/www.upm.es\/recursosidi\/wp-json\/wp\/v2\/donde?post=11180"},{"taxonomy":"infraestructura","embeddable":true,"href":"https:\/\/www.upm.es\/recursosidi\/wp-json\/wp\/v2\/infraestructura?post=11180"},{"taxonomy":"ods","embeddable":true,"href":"https:\/\/www.upm.es\/recursosidi\/wp-json\/wp\/v2\/ods?post=11180"},{"taxonomy":"origen","embeddable":true,"href":"https:\/\/www.upm.es\/recursosidi\/wp-json\/wp\/v2\/origen?post=11180"}],"curies":[{"name":"wp","href":"https:\/\/api.w.org\/{rel}","templated":true}]}}