{"id":11236,"date":"2022-10-17T13:01:51","date_gmt":"2022-10-17T11:01:51","guid":{"rendered":"https:\/\/www.upm.es\/recursosidi\/offers-resources\/sin categor\u00eda\/ensayos-de-compresion-en-elementos-estructurales\/"},"modified":"2022-10-17T13:01:51","modified_gmt":"2022-10-17T11:01:51","slug":"ensayos-de-compresion-en-elementos-estructurales","status":"publish","type":"product","link":"https:\/\/www.upm.es\/recursosidi\/offers-resources\/servicios-cientifico-tecnologico\/servicios-servicios-cientifico-tecnologico\/ensayos-de-compresion-en-elementos-estructurales\/","title":{"rendered":"Ensayos de compresi\u00f3n en elementos estructurales"},"content":{"rendered":"<h4 class=\"\">Ensayos de compresi&oacute;n en elementos estructurales<\/h4>\n<p>El <a href=\"http:\/\/www1.caminos.upm.es\/estructural\/\" target=\"_blank\" rel=\"noopener\">Grupo de Ingenier&iacute;a Estructural<\/a> dispone del equipamiento necesario para la realizaci&oacute;n de ensayos en elementos estructurales. Entre el equipamiento, se dispone de una prensa Amsler con capacidad de hasta 500 toneladas para la realizaci&oacute;n de ensayos de compresi&oacute;n. Mediante la prensa se pueden llevar a cabo ensayos de compresi&oacute;n en elementos tipo columna, o tambi&eacute;n ensayos de resistencia a compresi&oacute;n de probetas c&uacute;bicas y prism&aacute;ticas. El dispositivo se puede adaptar para la realizaci&oacute;n de ensayos de flexi&oacute;n en 3 o 4 puntos, con cargas de hasta 200 toneladas.<\/p>\n<hr \/>\n<h4 class=\"\">Servicios que se oferecen<\/h4>\n<p>&#8211; Ensayos de compresi&oacute;n en columnas o pilares.<\/p>\n<p>&#8211; Ensayos de resistencia a compresi&oacute;n en probetas c&uacute;bicas o prism&aacute;ticas.<\/p>\n<p>&#8211; Ensayos de flexi&oacute;n en elementos tipo viga.<\/p>\n<p>&#8211; Ensayos de compresi&oacute;n de uniones, conectadores o nudos.<\/p>\n<hr \/>\n<h4 class=\"\">Necesidades demandadas y aplicaciones<\/h4>\n<p>La investigaci&oacute;n experimental en ingenier&iacute;a estructural, as&iacute; como el desarrolo de productos o elementos estructurales requiere la verificaci&oacute;n de su resistencia. En dichas situaciones, se necesita la aplicaci&oacute;n de altas cargas de compresi&oacute;n, para lo cual el Grupo de Ingenier&iacute;a Estructural dispone de una prensa Amsler de hasta 500 toneladas de capacidad. La prensa permite la realizaci&oacute;n de ensayos de compresi&oacute;nn en columnas o soportes. Tambi&eacute;n se pueden ensayar probetas c&uacute;bicas o prism&aacute;ticas de material. Es asimismo posible la realizaci&oacute;n de ensayos de resistencia de uniones, husillos, nudos y conexiones.<\/p>\n<p>La prensa tambi&eacute;n se puede utilizar para la realizaci&oacute;n de ensayos de flexi&oacute;n en 3 o 4 puntos con carga m&aacute;xima de 200 toneladas.<\/p>\n<hr \/>\n<h4 class=\"\">Sector o &aacute;rea de aplicaci&oacute;n<\/h4>\n<ul>\n<li>Ingenier&iacute;a civil y construcci&oacute;n.<\/li>\n<li>Edificaci&oacute;n.<\/li>\n<li>Ingenier&iacute;a industrial.<\/li>\n<\/ul>\n<hr \/>\n<h4 class=\"\">Competencias diferenciales<\/h4>\n<ul>\n<li>Capacidad de carga de hasta 500 toneladas en compresi&oacute;n.<\/li>\n<li>Capacidad de carga de hasta 200 toneladas en flexi&oacute;n.<\/li>\n<li>Posibilidad de tomar medidas adicionales (deformaciones, desplazamientos, etc).<\/li>\n<\/ul>\n<hr \/>\n<h4 class=\"\">Referencias previas de prestaci&oacute;n<\/h4>\n<ul>\n<li>Ensayos de columnas y probetas.<\/li>\n<li>Ensayos de adherencia de conexiones para estructuras mixtas.<\/li>\n<li>Ensayos de uniones y husillos met&aacute;licos.<\/li>\n<li>Ensayos de resistencia a flexi&oacute;n de micropilotes.<\/li>\n<\/ul>\n<hr \/>\n<h4 class=\"\">Descripci&oacute;n del equipamiento<\/h4>\n<ul>\n<li>Prensa Amsler con capacidad de hasta 500 toneladas en compresi&oacute;n.<\/li>\n<li>Columnas o probetas de hasta 50 x 50 cm de base y 4,00 m de altura.<\/li>\n<li>Dispositivo de ensayo a flexi&oacute;n de hasta 200 toneladas de capacidad.<\/li>\n<li>Posibilidad de medir variables adicionales (deformaciones, desplazamientos, etc) en tiempo real durante el ensayo.<\/li>\n<\/ul>\n<hr \/>\n<h4 class=\"\">Solicitud del servicio<\/h4>\n<p>Mediante correo electr&oacute;nico al Prof. Carlos Zanuy: <a href=\"mailto:<span rel=\"86312c309b312731bc311f31bf31433183313e31ab313131b13141318c313231b831313165312031bd31\" class=\"cryptex \" style=\"\"><span class=\"CryptexImg ctxc1mFXGox1oZRLBhJFEeFwDzj9NDDmYwZHQOc7bmMRHk\"><\/span><\/span>\"><span rel=\"86312c309b312731bc311f31bf31433183313e31ab313131b13141318c313231b831313165312031bd31\" class=\"cryptex \" style=\"\"><span class=\"CryptexImg ctxc1mFXGox1oZRLBhJFEeFwDzj9NDDmYwZHQOc7bmMRHk\"><\/span><\/span><\/a><\/p>\n<hr \/>\n<p>&nbsp;<\/p>\n<div class=\"pdfprnt-buttons pdfprnt-buttons-product pdfprnt-bottom-left\"><a href=\"https:\/\/www.upm.es\/recursosidi\/wp-json\/wp\/v2\/product\/11236?print=pdf\" class=\"pdfprnt-button pdfprnt-button-pdf\" target=\"_blank\"><span class=\"pdfprnt-button-title pdfprnt-button-pdf-title\">Descargar ficha<\/span><\/a><\/div>","protected":false},"excerpt":{"rendered":"<p>Realizaci\u00f3n de ensayos de compresi\u00f3n en elementos tipo columna o probetas prism\u00e1ticas o c\u00fabicas<\/p>\n","protected":false},"featured_media":11231,"template":"","meta":{"_acf_changed":false},"product_cat":[2395],"product_tag":[8391,2883,2560,8393],"comunidades-upm":[],"quien":[],"mapa":[{"term_id":2405,"name":"Ciencia para la ingenier\u00eda y la arquitectura","slug":"ciencia-para-ingenieria-y-arquitectura","term_group":0,"term_taxonomy_id":2405,"taxonomy":"mapa","description":"","parent":0,"count":127,"filter":"raw","term_order":"7"},{"term_id":135,"name":"Industria, materiales y econom\u00eda circular","slug":"industria-materiales-economia_circular","term_group":0,"term_taxonomy_id":135,"taxonomy":"mapa","description":"","parent":0,"count":165,"filter":"raw","term_order":"13"},{"term_id":130,"name":"Seguridad, defensa y resiliencia","slug":"seguridad-defensa-resiliencia","term_group":0,"term_taxonomy_id":130,"taxonomy":"mapa","description":"","parent":0,"count":26,"filter":"raw","term_order":"20"}],"disponibilidad":[{"term_id":205,"name":"Consultar disponibilidad","slug":"consultar","term_group":0,"term_taxonomy_id":205,"taxonomy":"disponibilidad","description":"","parent":0,"count":290,"filter":"raw","term_order":"0"}],"donde":[{"term_id":354,"name":"Grupo de Ingenier\u00eda Estructural","slug":"grupo-de-ingenieria-estructural","term_group":0,"term_taxonomy_id":354,"taxonomy":"donde","description":"Entre nuestros objetivos est&aacute; la investigaci&oacute;n en el &aacute;rea de la Ingenier&iacute;a Estructural, as&iacute; como la docencia y divulgaci&oacute;n de conocimientos en esta rama de la Ingenier&iacute;a Civil. Todo ello lo llevamos a cabo tomando como base, y desarrollando a la vez, nuestras<strong> l&iacute;neas de investigaci&oacute;n<\/strong>:\n&nbsp;\n\n&nbsp;An&aacute;lisis estructural.\nFatiga y comportamiento a largo plazo.\nResistencia de estructuras sometidas a impacto y alta velocidad de deformaci&oacute;n.\nAn&aacute;lisis din&aacute;mico.\nCancelaci&oacute;n de vibraciones.\nEstructuras de hormig&oacute;n sometidas a estados complejos de carga.\nPuentes mixtos e h&iacute;bridos de hormig&oacute;n y otros materiales.\nInteracci&oacute;n suelo-estructura.\n","parent":0,"count":7,"filter":"raw","term_order":"0"},{"term_id":1578,"name":"Structural Engineering Group","slug":"en_structural-engineering-group","term_group":0,"term_taxonomy_id":1578,"taxonomy":"donde","description":"Entre nuestros objetivos est&aacute; la investigaci&oacute;n en el &aacute;rea de la Ingenier&iacute;a Estructural, as&iacute; como la docencia y divulgaci&oacute;n de conocimientos en esta rama de la Ingenier&iacute;a Civil. Todo ello lo llevamos a cabo tomando como base, y desarrollando a la vez, nuestras<strong> l&iacute;neas de investigaci&oacute;n<\/strong>:\n&nbsp;\n\n&nbsp;An&aacute;lisis estructural.\nFatiga y comportamiento a largo plazo.\nResistencia de estructuras sometidas a impacto y alta velocidad de deformaci&oacute;n.\nAn&aacute;lisis din&aacute;mico.\nCancelaci&oacute;n de vibraciones.\nEstructuras de hormig&oacute;n sometidas a estados complejos de carga.\nPuentes mixtos e h&iacute;bridos de hormig&oacute;n y otros materiales.\nInteracci&oacute;n suelo-estructura.\n","parent":0,"count":7,"filter":"raw","term_order":"0"}],"infraestructura":[],"ods":[{"term_id":2247,"name":"Industria, Innovaci\u00f3n e Infraestructura","slug":"industria-innovacion-e-infraestructura","term_group":0,"term_taxonomy_id":2247,"taxonomy":"ods","description":"","parent":0,"count":171,"filter":"raw","term_order":"0"}],"origen":[{"term_id":196,"name":"Infraestructuras, Instalaci\u00f3n, Equipo","slug":"infraestructuras","term_group":0,"term_taxonomy_id":196,"taxonomy":"origen","description":"","parent":0,"count":180,"filter":"raw","term_order":"0"}],"familia_tax":false,"quien_tax":false,"donde_tax":false,"year":"2018-01-01","contacto":"ETS Ingenieros de Caminos c\/ Profesor Aranguren, 3 28040 Madrid","telefono":"910674154","pagina_web":"http:\/\/www1.caminos.upm.es\/estructural","email":"carlos.zanuy@upm.es","id_ficha_portal":"427","video":"","adjuntos":false,"adjuntos_portal":"","inf":false,"departamento":"","acf":[],"lang":"es","translation":{"es":11236},"_links":{"self":[{"href":"https:\/\/www.upm.es\/recursosidi\/wp-json\/wp\/v2\/product\/11236"}],"collection":[{"href":"https:\/\/www.upm.es\/recursosidi\/wp-json\/wp\/v2\/product"}],"about":[{"href":"https:\/\/www.upm.es\/recursosidi\/wp-json\/wp\/v2\/types\/product"}],"wp:featuredmedia":[{"embeddable":true,"href":"https:\/\/www.upm.es\/recursosidi\/wp-json\/wp\/v2\/media\/11231"}],"wp:attachment":[{"href":"https:\/\/www.upm.es\/recursosidi\/wp-json\/wp\/v2\/media?parent=11236"}],"wp:term":[{"taxonomy":"product_cat","embeddable":true,"href":"https:\/\/www.upm.es\/recursosidi\/wp-json\/wp\/v2\/product_cat?post=11236"},{"taxonomy":"product_tag","embeddable":true,"href":"https:\/\/www.upm.es\/recursosidi\/wp-json\/wp\/v2\/product_tag?post=11236"},{"taxonomy":"comunidad_upm","embeddable":true,"href":"https:\/\/www.upm.es\/recursosidi\/wp-json\/wp\/v2\/comunidades-upm?post=11236"},{"taxonomy":"quien","embeddable":true,"href":"https:\/\/www.upm.es\/recursosidi\/wp-json\/wp\/v2\/quien?post=11236"},{"taxonomy":"mapa","embeddable":true,"href":"https:\/\/www.upm.es\/recursosidi\/wp-json\/wp\/v2\/mapa?post=11236"},{"taxonomy":"disponibilidad","embeddable":true,"href":"https:\/\/www.upm.es\/recursosidi\/wp-json\/wp\/v2\/disponibilidad?post=11236"},{"taxonomy":"donde","embeddable":true,"href":"https:\/\/www.upm.es\/recursosidi\/wp-json\/wp\/v2\/donde?post=11236"},{"taxonomy":"infraestructura","embeddable":true,"href":"https:\/\/www.upm.es\/recursosidi\/wp-json\/wp\/v2\/infraestructura?post=11236"},{"taxonomy":"ods","embeddable":true,"href":"https:\/\/www.upm.es\/recursosidi\/wp-json\/wp\/v2\/ods?post=11236"},{"taxonomy":"origen","embeddable":true,"href":"https:\/\/www.upm.es\/recursosidi\/wp-json\/wp\/v2\/origen?post=11236"}],"curies":[{"name":"wp","href":"https:\/\/api.w.org\/{rel}","templated":true}]}}