{"id":11276,"date":"2022-10-25T13:07:35","date_gmt":"2022-10-25T11:07:35","guid":{"rendered":"https:\/\/www.upm.es\/recursosidi\/offers-resources\/sin categor\u00eda\/dispositivo-optico-de-comprobacion-de-la-hinca-de-un-pilote\/"},"modified":"2022-10-25T13:07:35","modified_gmt":"2022-10-25T11:07:35","slug":"dispositivo-optico-de-comprobacion-de-la-hinca-de-un-pilote","status":"publish","type":"product","link":"https:\/\/www.upm.es\/recursosidi\/offers-resources\/soluciones-tecnologicas\/dispositivo-optico-de-comprobacion-de-la-hinca-de-un-pilote\/","title":{"rendered":"Dispositivo \u00f3ptico de comprobaci\u00f3n de la hinca de un pilote"},"content":{"rendered":"<h4 class=\"\">Descripci&oacute;n breve conjunta de la soluci&oacute;n y valor a&ntilde;adido que aporta<\/h4>\n<p style=\"text-align: justify\">Se trata de un dispositivo digital que, mediante la toma consecutiva de im&aacute;genes de un pilote, realiza un seguimiento del proceso de hinca de un pilote, hasta que se verifica que se dan unas condiciones en las que puede darse por terminado el proceso de hinca.&nbsp;<\/p>\n<p class=\"\" style=\"text-align: justify\">Los sistemas actuales, permiten determinar en la obra con fiabilidad suficiente, el momento a partir del cual la hinca de un pilote prefabricado se considera aceptable (alcanza su capacidad de carga). No obstante, dichos sistemas son costosos y requieren que el pilote ensayado venga preparado desde la planta de fabricaci&oacute;n con la instrumentaci&oacute;n necesaria para su auscultaci&oacute;n en la propia obra durante su hincado. Esto limita la frecuencia de realizaci&oacute;n de ensayos y puede suponer en funci&oacute;n del terreno atravesado y de la capacidad de carga exigida, un riesgo, bien de dejar pilotes insuficientemente<br \/>hincados en el terreno, o por el contrario de sobreexponer el elemento a un exceso de golpeo con el posible deterioro del material o inclinaci&oacute;n del elemento.&nbsp;<\/p>\n<hr \/>\n<h4 class=\"\">Descripci&oacute;n de la base tecnol&oacute;gica<\/h4>\n<p class=\"\" style=\"text-align: justify\">El dispositivo &oacute;ptico de comprobaci&oacute;n de la hinca de un pilote incorpora: una estructura portante, que comprende un sistema inercial configurado para eliminar y\/o corregir movimientos del terreno debidos al proceso de hinca de un pilote, una c&aacute;mara, configurada para tomar im&aacute;genes de la superficie del pilote; un brazo articulado (y preferentemente tambi&eacute;n extensible y\/o telesc&oacute;pico), que a su vez comprende un punto de referencia; un sensor-iluminador, configurado para iluminar la superficie del pilote y el punto de referencia mediante un patr&oacute;n de iluminaci&oacute;n l&aacute;ser, as&iacute; como para medir:una distancia, D1, desde dicho sensor-iluminador a una franja de contraste fijada a la superficie del pilote, y una distancia, D0, desde el sensor-iluminador a la proyecci&oacute;n del punto de referencia iluminado por la luz l&aacute;ser sobre la superficie del pilote;<br \/>Un equipo de procesado de las im&aacute;genes tomadas por la c&aacute;mara y de las distancias medidas por el sensor-iluminador; y un monitor, configurado para mostrar las im&aacute;genes procesadas, tomadas por la c&aacute;mara, conteniendo la informaci&oacute;n de las distancias medidas por el sensor-iluminador; donde el equipo de procesado est&aacute; configurado para medir, sobre cada imagen tomada por la c&aacute;mara, una distancia Yf entre la franja de contraste y el punto de referencia y (mediante triangulaci&oacute;n o cambio de escala) calcular la distancia real Ym sobre el pilote entre la franja de contraste y la proyecci&oacute;n del<br \/>punto de referencia sobre la superficie del pilote. Incluye un sistema de aviso de finalizaci&oacute;n de hinca, configurado para emitir una se&ntilde;al identificativa de la finalizaci&oacute;n del proceso de hinca del pilote. Preferentemente, el sistema de aviso est&aacute; configurado para emitir una se&ntilde;al ac&uacute;stica y\/o visual.<\/p>\n<hr \/>\n<h4 class=\"\">Necesidades de negocio \/ aplicaci&oacute;n<\/h4>\n<ul>\n<li>Controlador digital de aplicaci&oacute;n en obra de la hinca de pilotes prefabricados para cimentaciones profundas en obras de Edificaci&oacute;n e Infraestructuras.&nbsp;<\/li>\n<\/ul>\n<hr \/>\n<h4 class=\"\">Ventajas competitivas<\/h4>\n<ul>\n<li>Permite realizar el control de calidad de la hinca de un pilote prefabricado en la obra sin la necesidad de que el pilote a ensayar venga preparado desde la planta de fabricaci&oacute;n con la instrumentaci&oacute;n necesaria para su auscultaci&oacute;n.<\/li>\n<li>Facilita la reducci&oacute;n de costes y sobre todo la menor limitaci&oacute;n de capacidad del n&uacute;mero de pilotes a ensayar durante el proceso de la hinca.&nbsp;<\/li>\n<\/ul>\n<hr \/>\n<h4 class=\"\">Protecci&oacute;n<\/h4>\n<ul class=\"propiedad\">\n<li><strong>Patente<\/strong><\/li>\n<li>Registro sw<\/li>\n<li>Secreto industrial<\/li>\n<\/ul>\n<hr \/>\n<h4 class=\"\">Grado de desarrollo<\/h4>\n<ul class=\"grado\">\n<li>Concepto<\/li>\n<li>Investigaci&oacute;n<\/li>\n<li>Prototipo &#8211; lab<\/li>\n<li><strong>Prototipo industrial<\/strong><\/li>\n<li>Producci&oacute;n<\/li>\n<\/ul>\n<hr \/>\n<p>&nbsp;<\/p>\n<div class=\"pdfprnt-buttons pdfprnt-buttons-product pdfprnt-bottom-left\"><a href=\"https:\/\/www.upm.es\/recursosidi\/wp-json\/wp\/v2\/product\/11276?print=pdf\" class=\"pdfprnt-button pdfprnt-button-pdf\" target=\"_blank\"><span class=\"pdfprnt-button-title pdfprnt-button-pdf-title\">Descargar ficha<\/span><\/a><\/div>","protected":false},"excerpt":{"rendered":"<p>Dispositivo \u00f3ptico de comprobaci\u00f3n de la hinca de un pilote mediante<br \/>\nun patr\u00f3n de iluminaci\u00f3n l\u00e1ser, una c\u00e1mara y el procesado de las im\u00e1genes tomadas por la c\u00e1mara y de las distancias medidas por el sensoriluminador laser.<\/p>\n","protected":false},"featured_media":11275,"template":"","meta":{"_acf_changed":false},"product_cat":[2384],"product_tag":[8401,8403,2572,2331,8405],"comunidades-upm":[],"quien":[],"mapa":[{"term_id":2405,"name":"Ciencia para la ingenier\u00eda y la arquitectura","slug":"ciencia-para-ingenieria-y-arquitectura","term_group":0,"term_taxonomy_id":2405,"taxonomy":"mapa","description":"","parent":0,"count":127,"filter":"raw","term_order":"7"},{"term_id":135,"name":"Industria, materiales y econom\u00eda circular","slug":"industria-materiales-economia_circular","term_group":0,"term_taxonomy_id":135,"taxonomy":"mapa","description":"","parent":0,"count":165,"filter":"raw","term_order":"13"},{"term_id":126,"name":"Tecnolog\u00edas digitales, Inteligencia Artificial, ciberseguridad, 5G, rob\u00f3tica","slug":"tecnologias_digitales-ai-ciberseguridad-5g-robotica","term_group":0,"term_taxonomy_id":126,"taxonomy":"mapa","description":"","parent":0,"count":194,"filter":"raw","term_order":"23"}],"disponibilidad":[{"term_id":205,"name":"Consultar disponibilidad","slug":"consultar","term_group":0,"term_taxonomy_id":205,"taxonomy":"disponibilidad","description":"","parent":0,"count":290,"filter":"raw","term_order":"0"}],"donde":[{"term_id":1724,"name":"Materials and Environmental Technology","slug":"en_materials-and-environmental-technology","term_group":0,"term_taxonomy_id":1724,"taxonomy":"donde","description":"Nuestro grupo tiene una amplia experiencia en diversas \u00e1reas relacionadas con el medio ambiente y la sostenibilidad en la ingenier\u00eda civil, tal y como se refleja a trav\u00e9s de nuestras principales l\u00edneas de investigaci\u00f3n:\r\n\r\nMateriales avanzados para la Ingenier\u00eda Civil: materiales reciclados y nanopart\u00edculas\r\nMetodolog\u00edas anal\u00edticas para el estudio de muestras medioambientales\r\nSostenibilidad en infraestructuras civiles\r\nTecnolog\u00edas de control en la ingenier\u00eda civil\r\nMetodolog\u00edas para el an\u00e1lisis de riesgos geol\u00f3gicos","parent":0,"count":3,"filter":"raw","term_order":"0"},{"term_id":500,"name":"Tecnolog\u00eda de Materiales y Medio Ambiente","slug":"tecnologia-de-materiales-y-medio-ambiente","term_group":0,"term_taxonomy_id":500,"taxonomy":"donde","description":"Somos un grupo multidisciplinar con experiencia investigadora y profesional, fundado en 2005 por la Catedr\u00e1tica Milagros Bonilla Sim\u00f3n, formado en la actualidad por 9 profesores de la\u00a0<a href=\"https:\/\/caminos.upm.es\/\">ETSI de Caminos, Canales y Puertos<\/a>. Nuestro grupo est\u00e1 integrado en el\u00a0<a href=\"http:\/\/www.campusmoncloa.es\/tematma\/\">Campus de Excelencia Internacional Moncloa<\/a>, dentro las l\u00edneas de acci\u00f3n\u00a0<em>Tecnolog\u00edas medioambientales y nuevas energ\u00edas<\/em>\u00a0y\u00a0<em>Materiales estructurales<\/em>, correspondientes a los cl\u00faster de\u00a0<a href=\"http:\/\/www.campusmoncloa.es\/es\/clusteres\/cambio-global-y-nuevas-energias\/\">Cambio Global y Nuevas Energ\u00edas<\/a>\u00a0y\u00a0<a href=\"http:\/\/www.campusmoncloa.es\/es\/clusteres\/materiales-para-el-futuro\/\">Materiales para el Futuro<\/a>, respectivamente.","parent":0,"count":5,"filter":"raw","term_order":"0"}],"infraestructura":[],"ods":[{"term_id":2247,"name":"Industria, Innovaci\u00f3n e Infraestructura","slug":"industria-innovacion-e-infraestructura","term_group":0,"term_taxonomy_id":2247,"taxonomy":"ods","description":"","parent":0,"count":171,"filter":"raw","term_order":"0"}],"origen":[{"term_id":192,"name":"Soluciones tecnol\u00f3gicas","slug":"soluciones-tecnologicas","term_group":0,"term_taxonomy_id":192,"taxonomy":"origen","description":"","parent":0,"count":278,"filter":"raw","term_order":"0"}],"familia_tax":false,"quien_tax":false,"donde_tax":false,"year":"2021-01-01","contacto":"ETS Ingenieros de Caminos Canales y Puertos (Centro Retiro)\r\nC\/ Alfonso XIII. 3 y 5","telefono":"910674534","pagina_web":"https:\/\/www.upm.es\/observatorio\/vi\/index.jsp?pageac=fichaGrupo.jsp&id_articulo=1140&id_tipo_articulo=6&idGrupo=302","email":"joseramon.sanchez@upm.es","id_ficha_portal":"428","video":"","adjuntos":false,"adjuntos_portal":"https:\/\/www.upm.es\/recursosidi\/wp-content\/uploads_kairos\/ficha_428\/ficha_428_doc_21.pdf","inf":false,"departamento":"","acf":[],"lang":"es","translation":{"es":11276},"_links":{"self":[{"href":"https:\/\/www.upm.es\/recursosidi\/wp-json\/wp\/v2\/product\/11276"}],"collection":[{"href":"https:\/\/www.upm.es\/recursosidi\/wp-json\/wp\/v2\/product"}],"about":[{"href":"https:\/\/www.upm.es\/recursosidi\/wp-json\/wp\/v2\/types\/product"}],"wp:featuredmedia":[{"embeddable":true,"href":"https:\/\/www.upm.es\/recursosidi\/wp-json\/wp\/v2\/media\/11275"}],"wp:attachment":[{"href":"https:\/\/www.upm.es\/recursosidi\/wp-json\/wp\/v2\/media?parent=11276"}],"wp:term":[{"taxonomy":"product_cat","embeddable":true,"href":"https:\/\/www.upm.es\/recursosidi\/wp-json\/wp\/v2\/product_cat?post=11276"},{"taxonomy":"product_tag","embeddable":true,"href":"https:\/\/www.upm.es\/recursosidi\/wp-json\/wp\/v2\/product_tag?post=11276"},{"taxonomy":"comunidad_upm","embeddable":true,"href":"https:\/\/www.upm.es\/recursosidi\/wp-json\/wp\/v2\/comunidades-upm?post=11276"},{"taxonomy":"quien","embeddable":true,"href":"https:\/\/www.upm.es\/recursosidi\/wp-json\/wp\/v2\/quien?post=11276"},{"taxonomy":"mapa","embeddable":true,"href":"https:\/\/www.upm.es\/recursosidi\/wp-json\/wp\/v2\/mapa?post=11276"},{"taxonomy":"disponibilidad","embeddable":true,"href":"https:\/\/www.upm.es\/recursosidi\/wp-json\/wp\/v2\/disponibilidad?post=11276"},{"taxonomy":"donde","embeddable":true,"href":"https:\/\/www.upm.es\/recursosidi\/wp-json\/wp\/v2\/donde?post=11276"},{"taxonomy":"infraestructura","embeddable":true,"href":"https:\/\/www.upm.es\/recursosidi\/wp-json\/wp\/v2\/infraestructura?post=11276"},{"taxonomy":"ods","embeddable":true,"href":"https:\/\/www.upm.es\/recursosidi\/wp-json\/wp\/v2\/ods?post=11276"},{"taxonomy":"origen","embeddable":true,"href":"https:\/\/www.upm.es\/recursosidi\/wp-json\/wp\/v2\/origen?post=11276"}],"curies":[{"name":"wp","href":"https:\/\/api.w.org\/{rel}","templated":true}]}}