{"id":11279,"date":"2022-10-26T09:10:54","date_gmt":"2022-10-26T07:10:54","guid":{"rendered":"https:\/\/www.upm.es\/recursosidi\/offers-resources\/sin categor\u00eda\/cameva\/"},"modified":"2022-10-26T09:11:03","modified_gmt":"2022-10-26T07:11:03","slug":"cameva","status":"publish","type":"product","link":"https:\/\/www.upm.es\/recursosidi\/offers-resources\/soluciones-tecnologicas\/cameva\/","title":{"rendered":"CAMEVA"},"content":{"rendered":"<h4><strong>Descripci&oacute;n breve conjunta de la soluci&oacute;n y valor a&ntilde;adido que aporta <\/strong><\/h4>\n<p style=\"text-align: justify\"><span lang=\"EN-GB\">El sistema CAMEVA est&aacute; basado en un microscopio &oacute;ptico de luz reflejada especialmente adaptado para permitir la adquisici&oacute;n de im&aacute;genes multiespectrales de reflectancia especular en la banda visible y en el infrarrojo cercano, asociado a un sistema de visi&oacute;n que implementa unos procedimientos de calibraci&oacute;n, adquisici&oacute;n y correcci&oacute;n que garantizan la obtenci&oacute;n de im&aacute;genes en unidades de reflectancia absoluta con un registro perfecto entre las distintas bandas. Esto permite reconocer las menas met&aacute;licas presentes en una muestra con gran fiabilidad, sin la intervenci&oacute;n de un experto. Constituye un gran avance en el campo de la geometalurgia porque proporciona informaci&oacute;n comparable o incluso complementaria a la de los sistemas MEB (microscop&iacute;a electr&oacute;nica de barrido) m&aacute;s avanzados a una fracci&oacute;n de su coste, con mayor rapidez de an&aacute;lisis y requisitos ambientales y de preparaci&oacute;n de muestras menos exigentes.<\/span><\/p>\n<h4 style=\"text-align: left\"><strong>Descripci&oacute;n de la base tecnol&oacute;gica<\/strong><\/h4>\n<p style=\"text-align: justify\">El sistema CAMEVA est&aacute; basado en un microscopio &oacute;ptico de luz reflejada especialmente adaptado para permitir la adquisici&oacute;n de im&aacute;genes multiespectrales de reflectancia especular en la banda visible y en el infrarrojo cercano, asociado a un sistema de visi&oacute;n que implementa unos procedimientos de calibraci&oacute;n, adquisici&oacute;n y correcci&oacute;n que garantizan la obtenci&oacute;n de im&aacute;genes en unidades de reflectancia absoluta con un registro perfecto entre las distintas bandas.<\/p>\n<p style=\"text-align: justify\">Esto permite reconocer las menas met&aacute;licas presentes en una muestra con gran fiabilidad, sin la intervenci&oacute;n de un experto. Constituye un gran avance en el campo de la geometalurgia porque proporciona informaci&oacute;n comparable a la de los sistemas de microscop&iacute;a electr&oacute;nica de barrido m&aacute;s avanzados a una fracci&oacute;n de su coste.<\/p>\n<p style=\"text-align: center\"><em>&ldquo;Optimizar el aprovechamiento de los recursos minerales salvaguardando el medio ambiente&rdquo;<\/em><\/p>\n<p style=\"text-align: center\">&nbsp;<\/p>\n<h4 style=\"text-align: left\"><strong>Necesidades de negocio \/ aplicaci&oacute;n<\/strong><\/h4>\n<p style=\"text-align: justify\"><strong>Energ&iacute;a<\/strong><\/p>\n<ul>\n<li style=\"text-align: justify\">\n<p style=\"text-align: justify\">Los sistemas MEB (Microscop&iacute;a Electr&oacute;nica de Barrido) actualmente empleados para la caracterizaci&oacute;n de menas tienen un precio tan elevado y unos requisitos ambientales tan exigentes que s&oacute;lo est&aacute;n al alcance de grandes empresas mineras y algunas universidades. El sistema propuesto tendr&iacute;a unos requisitos ambientales menos rigurosos y un coste muy inferior, lo que har&iacute;a posible su instalaci&oacute;n en un gran n&uacute;mero de empresas y universidades de tama&ntilde;o mediano o peque&ntilde;o, incluso en pa&iacute;ses en v&iacute;as de desarrollo, proporcionando una herramienta para el an&aacute;lisis cuantitativo sistem&aacute;tico de menas que redundar&iacute;a en un mejor aprovechamiento de los recursos minerales, una optimizaci&oacute;n del consumo energ&eacute;tico y una disminuci&oacute;n de los posibles efectos perjudiciales de su proceso sobre el medio ambiente.<\/p>\n<\/li>\n<li style=\"text-align: justify\">Actualmente hay unos 300 sistemas MEB en todo el mundo, y el mercado est&aacute; casi saturado.<\/li>\n<li style=\"text-align: justify\">El sistema propuesto tendr&iacute;a un precio estimado de tres a seis veces menor, por lo que su mercado potencial deber&iacute;a ser al menos de cinco a diez veces mayor.<\/li>\n<\/ul>\n<p style=\"text-align: justify\"><strong>TIC<\/strong><\/p>\n<ul>\n<li style=\"text-align: justify\">\n<p style=\"text-align: justify\">El sistema propuesto podr&iacute;a ser adaptado para caracterizar otros tipos de materiales reconocibles por su reflectancia o incluso por su transmitancia, ampliando enormemente su posible campo de aplicaci&oacute;n.<\/p>\n<\/li>\n<\/ul>\n<p style=\"text-align: center\"><span style=\"font-size: small\"><img fetchpriority=\"high\" decoding=\"async\" src=\"http:\/\/www.upm.es\/observatorio\/vi\/gestor_general\/recuperar_archivo.jsp?id=1377\" alt=\"\" width=\"264\" height=\"263\" \/><\/span><\/p>\n<h4 style=\"text-align: left\"><strong>Ventajas competitivas<\/strong><\/h4>\n<ul>\n<li>\n<p style=\"text-align: justify\">Mucho menor coste que los sistemas MEB cl&aacute;sicos (QEMSCAN, MLA).<\/p>\n<\/li>\n<li style=\"text-align: justify\">\n<p>Capacidad para discriminar claramente minerales de composici&oacute;n similar (p. ej. menas de hierro) que no son distinguidos por los sistemas MEB.<\/p>\n<\/li>\n<li style=\"text-align: justify\">\n<p>Mayor rapidez de an&aacute;lisis.<\/p>\n<\/li>\n<li style=\"text-align: justify\">\n<p>Requisitos ambientales mucho menos rigurosos.<\/p>\n<\/li>\n<li style=\"text-align: justify\">\n<p>Preparaci&oacute;n de muestras m&aacute;s sencilla.<\/p>\n<\/li>\n<li>\n<p style=\"text-align: justify\">Capacidad para el aprendizaje de nuevos minerales por cuenta del propio usuario, sin tener que pedir modificaciones del programa a f&aacute;brica.<\/p>\n<\/li>\n<\/ul>\n<p style=\"text-align: center\"><em>&ldquo;Dar una soluci&oacute;n a la caracterizaci&oacute;n de menas en empresas mineras o universidades modestas o situadas en pa&iacute;ses en v&iacute;as de desarrollo&rdquo;<\/em><\/p>\n<p style=\"text-align: center\">&nbsp;<\/p>\n<h4 style=\"text-align: left\"><strong>Referencias<\/strong><\/h4>\n<ul>\n<li>\n<p style=\"text-align: justify\">Proyecto en colaboraci&oacute;n de UPM y AITEMIN.<\/p>\n<\/li>\n<li style=\"text-align: justify\">\n<p>Financiado por el Plan Nacional de I+D+i del Ministerio de Educaci&oacute;n y Ciencia (CGL2006_13688_C02_01).<\/p>\n<\/li>\n<li>\n<p style=\"text-align: justify\">Prototipo del sistema en uso en el Laboratorio de Microscop&iacute;a Aplicada y An&aacute;lisis de Imagen (UPM) para el estudio de menas procedentes de diversas minas.&nbsp;<\/p>\n<\/li>\n<\/ul>\n<h4><strong>Protecci&oacute;n industrial<\/strong><\/h4>\n<p style=\"text-align: justify\"><span lang=\"EN-GB\">Patente concedida en Espa&ntilde;a ES2368321.<\/span><\/p>\n<h4 style=\"text-align: left\"><strong>Grado de desarrollo<\/strong><\/h4>\n<ul>\n<li>\n<p>Concepto<\/p>\n<\/li>\n<li>\n<p>Investigaci&oacute;n<\/p>\n<\/li>\n<li>\n<p><span style=\"text-decoration: underline\"><strong>Prototipo-Lab<\/strong><\/span><\/p>\n<\/li>\n<li>\n<p>Prototipo Industrial<\/p>\n<\/li>\n<li>\n<p>Producci&oacute;n<\/p>\n<\/li>\n<\/ul>\n<h4><strong>Contacto<\/strong><\/h4>\n<p style=\"text-align: justify\"><strong><span lang=\"EN-GB\">Contacto CAMEVA<\/span><\/strong><\/p>\n<p style=\"text-align: justify\"><span lang=\"EN-GB\">Ricardo Castroviejo, Juan Carlos Catalina<\/span><\/p>\n<p style=\"text-align: justify\"><span lang=\"EN-GB\">ETSI Minas y Energ&iacute;a &#8211; UPM<\/span><\/p>\n<p style=\"text-align: justify\">e: <span rel=\"63312730b531213193311331ae311c31ad311b3096312b31c1313031b6311c31b0312e31a2312c31b2310831a6313f31be310430aa313b31\" class=\"cryptex \" style=\"\"><span class=\"CryptexImg ctxqxyC6QLdtaH1pfjMuGVXJvvQvOFT_ZZ4bWt3aIhFB7o\"><\/span><\/span><\/p>\n<p style=\"text-align: justify\">e: <span rel=\"63312730ad311b315e3115319d312c319f3123319c313831af310430a5311931af313231ab313131b6310a30a6313f31be310430aa313b31\" class=\"cryptex \" style=\"\"><span class=\"CryptexImg ctx9wTkKMVYrK0sAoBbaSXLQSixu8mLRSb67F-KScGuC4U\"><\/span><\/span><\/p>\n<p style=\"text-align: justify\"><strong><span lang=\"EN-GB\">Contacto UPM<\/span><\/strong><\/p>\n<p style=\"text-align: justify\">Programas de Innovaci&oacute;n y Emprendimiento<\/p>\n<p style=\"text-align: justify\"><span lang=\"EN-GB\">Centro de Apoyo a la Innovaci&oacute;n Tecnol&oacute;gica &ndash; UPM<\/span>&nbsp;<\/p>\n<p style=\"text-align: justify\"><span lang=\"EN-GB\">e: <span rel=\"63312730ac3126319e312131b2311931a1312031a23138317c313031a9311031a8313431a9313131aa3131319431303191314331b531353169312731c731\" class=\"cryptex \" style=\"\"><span class=\"CryptexImg ctxR7neImVV1tJoTSyttUGBAuiESKXKLLyzTwJSN1lk9Z0\"><\/span><\/span><\/span><\/p>\n<div class=\"pdfprnt-buttons pdfprnt-buttons-product pdfprnt-bottom-left\"><a href=\"https:\/\/www.upm.es\/recursosidi\/wp-json\/wp\/v2\/product\/11279?print=pdf\" class=\"pdfprnt-button pdfprnt-button-pdf\" target=\"_blank\"><span class=\"pdfprnt-button-title pdfprnt-button-pdf-title\">Descargar ficha<\/span><\/a><\/div>","protected":false},"excerpt":{"rendered":"<p>Caracterizaci\u00f3n automatizada de menas mediante visi\u00f3n artificial<\/p>\n<p>Sistema automatizado de microscop\u00eda multiespectral para la caracterizaci\u00f3n y cuantificaci\u00f3n de menas met\u00e1licas.<\/p>\n","protected":false},"featured_media":11277,"template":"","meta":{"_acf_changed":false},"product_cat":[2384],"product_tag":[2537,2544],"comunidades-upm":[],"quien":[],"mapa":[{"term_id":139,"name":"Agricultura, silvicultura, recursos naturales, usos de la tierra y crecimiento azul","slug":"agricultura-silvicultura-recursos_naturales-usos_tierra-crecimiento_azul","term_group":0,"term_taxonomy_id":139,"taxonomy":"mapa","description":"","parent":0,"count":43,"filter":"raw","term_order":"2"},{"term_id":133,"name":"Clima, Energ\u00eda y Movilidad","slug":"clima-energia-movilidad","term_group":0,"term_taxonomy_id":133,"taxonomy":"mapa","description":"","parent":0,"count":129,"filter":"raw","term_order":"9"},{"term_id":135,"name":"Industria, materiales y econom\u00eda circular","slug":"industria-materiales-economia_circular","term_group":0,"term_taxonomy_id":135,"taxonomy":"mapa","description":"","parent":0,"count":165,"filter":"raw","term_order":"13"}],"disponibilidad":[{"term_id":205,"name":"Consultar disponibilidad","slug":"consultar","term_group":0,"term_taxonomy_id":205,"taxonomy":"disponibilidad","description":"","parent":0,"count":290,"filter":"raw","term_order":"0"}],"donde":[{"term_id":1626,"name":"Mineral Resources","slug":"en_mineral-resources","term_group":0,"term_taxonomy_id":1626,"taxonomy":"donde","description":"","parent":0,"count":2,"filter":"raw","term_order":"0"},{"term_id":402,"name":"Recursos Minerales","slug":"recursos-minerales","term_group":0,"term_taxonomy_id":402,"taxonomy":"donde","description":"","parent":0,"count":2,"filter":"raw","term_order":"0"}],"infraestructura":[],"ods":[{"term_id":2231,"name":"Acci\u00f3n por el Clima","slug":"accion-por-el-clima","term_group":0,"term_taxonomy_id":2231,"taxonomy":"ods","description":"","parent":0,"count":67,"filter":"raw","term_order":"0"},{"term_id":2255,"name":"Energ\u00eda Asequible y no Contaminante","slug":"energia-asequible-y-no-contaminante","term_group":0,"term_taxonomy_id":2255,"taxonomy":"ods","description":"","parent":0,"count":34,"filter":"raw","term_order":"0"},{"term_id":2247,"name":"Industria, Innovaci\u00f3n e Infraestructura","slug":"industria-innovacion-e-infraestructura","term_group":0,"term_taxonomy_id":2247,"taxonomy":"ods","description":"","parent":0,"count":171,"filter":"raw","term_order":"0"}],"origen":[{"term_id":192,"name":"Soluciones tecnol\u00f3gicas","slug":"soluciones-tecnologicas","term_group":0,"term_taxonomy_id":192,"taxonomy":"origen","description":"","parent":0,"count":278,"filter":"raw","term_order":"0"}],"familia_tax":false,"quien_tax":false,"donde_tax":false,"year":"2020-01-01","contacto":"ETSI de Minas y Energ\u00eda, c\/ R\u00edos Rosas, 21, 28003, Madrid","telefono":"910676602","pagina_web":"http:\/\/www.minasyenergia.upm.es\/","email":"ricardo.castroviejo@upm.es","id_ficha_portal":"105","video":"","adjuntos":false,"adjuntos_portal":"","inf":false,"departamento":"","acf":[],"lang":"es","translation":{"es":11279,"en":11282},"_links":{"self":[{"href":"https:\/\/www.upm.es\/recursosidi\/wp-json\/wp\/v2\/product\/11279"}],"collection":[{"href":"https:\/\/www.upm.es\/recursosidi\/wp-json\/wp\/v2\/product"}],"about":[{"href":"https:\/\/www.upm.es\/recursosidi\/wp-json\/wp\/v2\/types\/product"}],"wp:featuredmedia":[{"embeddable":true,"href":"https:\/\/www.upm.es\/recursosidi\/wp-json\/wp\/v2\/media\/11277"}],"wp:attachment":[{"href":"https:\/\/www.upm.es\/recursosidi\/wp-json\/wp\/v2\/media?parent=11279"}],"wp:term":[{"taxonomy":"product_cat","embeddable":true,"href":"https:\/\/www.upm.es\/recursosidi\/wp-json\/wp\/v2\/product_cat?post=11279"},{"taxonomy":"product_tag","embeddable":true,"href":"https:\/\/www.upm.es\/recursosidi\/wp-json\/wp\/v2\/product_tag?post=11279"},{"taxonomy":"comunidad_upm","embeddable":true,"href":"https:\/\/www.upm.es\/recursosidi\/wp-json\/wp\/v2\/comunidades-upm?post=11279"},{"taxonomy":"quien","embeddable":true,"href":"https:\/\/www.upm.es\/recursosidi\/wp-json\/wp\/v2\/quien?post=11279"},{"taxonomy":"mapa","embeddable":true,"href":"https:\/\/www.upm.es\/recursosidi\/wp-json\/wp\/v2\/mapa?post=11279"},{"taxonomy":"disponibilidad","embeddable":true,"href":"https:\/\/www.upm.es\/recursosidi\/wp-json\/wp\/v2\/disponibilidad?post=11279"},{"taxonomy":"donde","embeddable":true,"href":"https:\/\/www.upm.es\/recursosidi\/wp-json\/wp\/v2\/donde?post=11279"},{"taxonomy":"infraestructura","embeddable":true,"href":"https:\/\/www.upm.es\/recursosidi\/wp-json\/wp\/v2\/infraestructura?post=11279"},{"taxonomy":"ods","embeddable":true,"href":"https:\/\/www.upm.es\/recursosidi\/wp-json\/wp\/v2\/ods?post=11279"},{"taxonomy":"origen","embeddable":true,"href":"https:\/\/www.upm.es\/recursosidi\/wp-json\/wp\/v2\/origen?post=11279"}],"curies":[{"name":"wp","href":"https:\/\/api.w.org\/{rel}","templated":true}]}}