{"id":11298,"date":"2022-10-26T13:14:11","date_gmt":"2022-10-26T11:14:11","guid":{"rendered":"https:\/\/www.upm.es\/recursosidi\/offers-resources\/sin categor\u00eda\/controlador-auto-adaptativo-de-la-potencia-de-transmision\/"},"modified":"2022-10-26T13:14:32","modified_gmt":"2022-10-26T11:14:32","slug":"controlador-auto-adaptativo-de-la-potencia-de-transmision","status":"publish","type":"product","link":"https:\/\/www.upm.es\/recursosidi\/offers-resources\/soluciones-tecnologicas\/controlador-auto-adaptativo-de-la-potencia-de-transmision\/","title":{"rendered":"Controlador auto-adaptativo de la potencia de transmisi\u00f3n"},"content":{"rendered":"<h4>Descripci&oacute;n breve conjunta de la soluci&oacute;n y valor a&ntilde;adido que aporta<\/h4>\n<p style=\"text-align: justify\">Este controlador adaptativo de la potencia de transmisi&oacute;n para sensores inal&aacute;mbricos realiza su ajuste din&aacute;mico con el objetivo de reducir el consumo de energ&iacute;a total de la red, manteniendo la calidad de las comunicaciones entre todos los dispositivos conectados a la red.<\/p>\n<hr \/>\n<h4>Descripci&oacute;n de la base tecnol&oacute;gica<\/h4>\n<p style=\"text-align: justify\">Este controlador se basa en la idea de que, en una red inal&aacute;mbrica de sensores, basta con garantizar un n&uacute;mero m&iacute;nimo de vecinos para que exista una conectividad total.<\/p>\n<p style=\"text-align: justify\">La descripci&oacute;n detallada del controlador y del estudio llevado a cabo, a nivel tecnol&oacute;gico, se puede consultar en las siguientes referencias:<\/p>\n<ul>\n<li><a title=\"Self-Adaptive Strategy Based on Fuzzy Control Systems for Improving Performance in Wireless Sensors Networks\" href=\"https:\/\/doi.org\/10.3390\/s150924125\" target=\"_blank\" rel=\"noopener\">Self-Adaptive Strategy Based on Fuzzy Control Systems for Improving Performance in Wireless Sensors Networks<\/a><\/li>\n<li><a title=\"Communication Range Dynamics and Performance Analysis for a Self-Adaptive Transmission Power Controller\" href=\"https:\/\/doi.org\/10.3390\/s16050684\" target=\"_blank\" rel=\"noopener\">Communication Range Dynamics and Performance Analysis for a Self-Adaptive Transmission Power Controller<\/a><\/li>\n<\/ul>\n<hr \/>\n<h4>Necesidades de negocio \/ aplicaci&oacute;n<\/h4>\n<ul>\n<li>Se prev&eacute; que el mercado de redes de sensores inal&aacute;mbricos alcance un valor en 2023 cercano a los 94 B$, con ritmos de crecimiento anuales del 19%. Las soluciones de software de estas redes, incluyendo plataformas y componentes clave para por ejemplo la captaci&oacute;n de datos o la monitorizaci&oacute;n de datos, crecen en valor de mercado a un ritmo incluso superior.<\/li>\n<li>El despliegue de sensores inal&aacute;mbricos cobra una mayor relevancia en espacios abiertos donde no es posible el suministro permanente de energ&iacute;a. Es por ello que en estos despliegues los sensores dependen de bater&iacute;as, y en consecuencia&nbsp;<\/li>\n<\/ul>\n<hr \/>\n<h4>Ventajas competitivas<\/h4>\n<ul>\n<li style=\"text-align: justify\">F&aacute;cilidad de uso.<\/li>\n<li style=\"text-align: justify\">Mejora en el consumo de energ&iacute;a (estimada una mejora del 11% en el consumo de energ&iacute;a con respecto al uso de una potencia fija de transmisi&oacute;n).<\/li>\n<li style=\"text-align: justify\">Mejora en la capacidad de las comunicaciones (estimada una tasa de entrega de mensajes superior al 99% una vez alcanzada la estabilidad de la red).<\/li>\n<li style=\"text-align: justify\">Ajuste din&aacute;mico de la potencia de transmisi&oacute;n de una red de sensores sin necesidad de cambos de configuraci&oacute;n cuando se a&ntilde;adan o retiren sensores de la red.&nbsp;<\/li>\n<\/ul>\n<hr \/>\n<h4>Referencias&nbsp;<\/h4>\n<ul>\n<li style=\"text-align: justify\">Este controlador adaptativo fue desarrollado en el marco del <a title=\"Proyecto europeo de investigaci&oacute;n DEMANES\" href=\"https:\/\/artemis-ia.eu\/project\/37-demanes.html\" target=\"_blank\" rel=\"noopener\">proyecto europeo de investigaci&oacute;n DEMANES<\/a>, realiz&aacute;ndose diferentes pruebas de rendimiento que sirvieron para demostrar que su puede suponer una mejora significativa del consumo de energ&iacute;a con respecto al uso de una potencia de transmisi&oacute;n fija para cada sensor. Adem&aacute;s, varias de las configuraciones posibles probadas obtuvieron excelentes tasas de transmisi&oacute;n, llegando en algunas configuraciones a superar las tasas obtenidas empleando una potencia fija.<\/li>\n<li style=\"text-align: justify\">El software desarrollado ha sido publicado con una licencia abierta dual que permite su uso libre en los &aacute;mbitos acad&eacute;mico e industrial. Se encuentra disponible en <a href=\"https:\/\/github.com\/DEMANES\/Reasoning-Engine-for-SunSPOT\" target=\"_blank\" rel=\"noopener\">https:\/\/github.com\/DEMANES\/Reasoning-Engine-for-SunSPOT<\/a>.<\/li>\n<\/ul>\n<p><img fetchpriority=\"high\" decoding=\"async\" style=\"margin-left: auto;margin-right: auto\" src=\"\/recursosidi\/wp-content\/uploads_kairos\/ficha_296\/IMG1626631338219\" alt=\"Comparativa del consumo de energ&iacute;a\" width=\"512\" height=\"346\" \/>&nbsp; &nbsp;<img decoding=\"async\" style=\"margin-left: auto;margin-right: auto\" src=\"\/recursosidi\/wp-content\/uploads_kairos\/ficha_296\/IMG1626631369197\" alt=\"Comparativa de la tasa de mensajes entregados\" width=\"512\" height=\"346\" \/><\/p>\n<blockquote>\n<p style=\"text-align: center\">&#8220;En las pruebas realizadas, el uso del controlador adaptativo de la potencia de transmisi&oacute;n obtuvo una mejora del 11% en el consumo de energ&iacute;a con respecto al uso de una potencia fija de transmisi&oacute;n, con una tasa de entrega de mensajes superior al 99% una vez alcanzada la estabilidad de la red&#8221;.<\/p>\n<\/blockquote>\n<hr \/>\n<h4>Protecci&oacute;n<\/h4>\n<ul class=\"propiedad\">\n<li>Registro sw<em>&nbsp;<\/em>M-007848\/2015<\/li>\n<\/ul>\n<hr \/>\n<h4>Grado de desarrollo<\/h4>\n<ul class=\"grado\">\n<li>Concepto<\/li>\n<li>Investigaci&oacute;n<\/li>\n<li><strong>Prototipo &#8211; lab<\/strong><\/li>\n<li>Prototipo industrial<\/li>\n<li>Producci&oacute;n<\/li>\n<\/ul>\n<hr \/>\n<p>&nbsp;<\/p>\n<div class=\"pdfprnt-buttons pdfprnt-buttons-product pdfprnt-bottom-left\"><a href=\"https:\/\/www.upm.es\/recursosidi\/wp-json\/wp\/v2\/product\/11298?print=pdf\" class=\"pdfprnt-button pdfprnt-button-pdf\" target=\"_blank\"><span class=\"pdfprnt-button-title pdfprnt-button-pdf-title\">Descargar ficha<\/span><\/a><\/div>","protected":false},"excerpt":{"rendered":"<p>Controlador auto-adaptativo de la potencia de transmisi\u00f3n para sensores inal\u00e1mbricos. Realiza el ajuste din\u00e1mico de la potencia de transmisi\u00f3n con el objetivo de mejorar el consumo de energ\u00eda total de la red garantizando la comunicaci\u00f3n entre todos los sensores desplegados.<\/p>\n","protected":false},"featured_media":11297,"template":"","meta":{"_acf_changed":false},"product_cat":[2384],"product_tag":[3653,3651,3010,3650,3652],"comunidades-upm":[],"quien":[],"mapa":[{"term_id":126,"name":"Tecnolog\u00edas digitales, Inteligencia Artificial, ciberseguridad, 5G, rob\u00f3tica","slug":"tecnologias_digitales-ai-ciberseguridad-5g-robotica","term_group":0,"term_taxonomy_id":126,"taxonomy":"mapa","description":"","parent":0,"count":194,"filter":"raw","term_order":"23"}],"disponibilidad":[{"term_id":204,"name":"Disponible","slug":"disponible","term_group":0,"term_taxonomy_id":204,"taxonomy":"disponibilidad","description":"","parent":0,"count":110,"filter":"raw","term_order":"0"}],"donde":[{"term_id":598,"name":"Grupo de Redes y Servicios de Pr\u00f3xima Generaci\u00f3n (GRyS)","slug":"grupo-de-redes-y-servicios-de-proxima-generacion-grys","term_group":0,"term_taxonomy_id":598,"taxonomy":"donde","description":"La actividad investigadora del grupo compagina las siguientes l&iacute;neas de investigaci&oacute;n relacionadas con la Ingenier&iacute;a Telem&aacute;tica:\n&nbsp;\n\nWireless Sensor Networks\nUbiquitous Computing&nbsp; for Internet of Things\nUbiquitous Computing for Robotics and Avionics Perception and Cognition\nNatural Interfaces and Augmented Reality\nNetwork Management (resilience)\nNetwork and Services Security\nMathematical techniques applied to imaging, vision and CAGD problems\nAdvanced Services Architectures\nSmart Cities\n","parent":0,"count":2,"filter":"raw","term_order":"0"},{"term_id":1820,"name":"Next Generation Networks and Services Group (GRyS)","slug":"en_next-generation-networks-and-services-group-grys","term_group":0,"term_taxonomy_id":1820,"taxonomy":"donde","description":"La actividad investigadora del grupo compagina las siguientes l&iacute;neas de investigaci&oacute;n relacionadas con la Ingenier&iacute;a Telem&aacute;tica:\n&nbsp;\n\nWireless Sensor Networks\nUbiquitous Computing&nbsp; for Internet of Things\nUbiquitous Computing for Robotics and Avionics Perception and Cognition\nNatural Interfaces and Augmented Reality\nNetwork Management (resilience)\nNetwork and Services Security\nMathematical techniques applied to imaging, vision and CAGD problems\nAdvanced Services Architectures\nSmart Cities\n","parent":0,"count":3,"filter":"raw","term_order":"0"}],"infraestructura":[],"ods":[{"term_id":2239,"name":"Ciudades y Comunidades Sostenibles","slug":"ciudades-y-comunidades-sostenibles","term_group":0,"term_taxonomy_id":2239,"taxonomy":"ods","description":"","parent":0,"count":43,"filter":"raw","term_order":"0"},{"term_id":2247,"name":"Industria, Innovaci\u00f3n e Infraestructura","slug":"industria-innovacion-e-infraestructura","term_group":0,"term_taxonomy_id":2247,"taxonomy":"ods","description":"","parent":0,"count":171,"filter":"raw","term_order":"0"}],"origen":[{"term_id":192,"name":"Soluciones tecnol\u00f3gicas","slug":"soluciones-tecnologicas","term_group":0,"term_taxonomy_id":192,"taxonomy":"origen","description":"","parent":0,"count":278,"filter":"raw","term_order":"0"}],"familia_tax":false,"quien_tax":false,"donde_tax":false,"year":"2015-01-01","contacto":"ETSIS de Telecomunicaci\u00f3n\r\nCampus Sur.\r\nC\/Nikola Tesla, s\/n\r\n28031 Madrid","telefono":"910673499","pagina_web":"http:\/\/grys.upm.es\/","email":"nestor.lucas@upm.es","id_ficha_portal":"296","video":"","adjuntos":false,"adjuntos_portal":"","inf":false,"departamento":"","acf":[],"lang":"es","translation":{"es":11298,"en":11300},"_links":{"self":[{"href":"https:\/\/www.upm.es\/recursosidi\/wp-json\/wp\/v2\/product\/11298"}],"collection":[{"href":"https:\/\/www.upm.es\/recursosidi\/wp-json\/wp\/v2\/product"}],"about":[{"href":"https:\/\/www.upm.es\/recursosidi\/wp-json\/wp\/v2\/types\/product"}],"wp:featuredmedia":[{"embeddable":true,"href":"https:\/\/www.upm.es\/recursosidi\/wp-json\/wp\/v2\/media\/11297"}],"wp:attachment":[{"href":"https:\/\/www.upm.es\/recursosidi\/wp-json\/wp\/v2\/media?parent=11298"}],"wp:term":[{"taxonomy":"product_cat","embeddable":true,"href":"https:\/\/www.upm.es\/recursosidi\/wp-json\/wp\/v2\/product_cat?post=11298"},{"taxonomy":"product_tag","embeddable":true,"href":"https:\/\/www.upm.es\/recursosidi\/wp-json\/wp\/v2\/product_tag?post=11298"},{"taxonomy":"comunidad_upm","embeddable":true,"href":"https:\/\/www.upm.es\/recursosidi\/wp-json\/wp\/v2\/comunidades-upm?post=11298"},{"taxonomy":"quien","embeddable":true,"href":"https:\/\/www.upm.es\/recursosidi\/wp-json\/wp\/v2\/quien?post=11298"},{"taxonomy":"mapa","embeddable":true,"href":"https:\/\/www.upm.es\/recursosidi\/wp-json\/wp\/v2\/mapa?post=11298"},{"taxonomy":"disponibilidad","embeddable":true,"href":"https:\/\/www.upm.es\/recursosidi\/wp-json\/wp\/v2\/disponibilidad?post=11298"},{"taxonomy":"donde","embeddable":true,"href":"https:\/\/www.upm.es\/recursosidi\/wp-json\/wp\/v2\/donde?post=11298"},{"taxonomy":"infraestructura","embeddable":true,"href":"https:\/\/www.upm.es\/recursosidi\/wp-json\/wp\/v2\/infraestructura?post=11298"},{"taxonomy":"ods","embeddable":true,"href":"https:\/\/www.upm.es\/recursosidi\/wp-json\/wp\/v2\/ods?post=11298"},{"taxonomy":"origen","embeddable":true,"href":"https:\/\/www.upm.es\/recursosidi\/wp-json\/wp\/v2\/origen?post=11298"}],"curies":[{"name":"wp","href":"https:\/\/api.w.org\/{rel}","templated":true}]}}