{"id":11303,"date":"2022-10-26T13:30:48","date_gmt":"2022-10-26T11:30:48","guid":{"rendered":"https:\/\/www.upm.es\/recursosidi\/offers-resources\/sin categor\u00eda\/cter-pedf\/"},"modified":"2022-10-26T13:31:07","modified_gmt":"2022-10-26T11:31:07","slug":"cter-pedf","status":"publish","type":"product","link":"https:\/\/www.upm.es\/recursosidi\/offers-resources\/soluciones-tecnologicas\/cter-pedf\/","title":{"rendered":"Cter-PEDF"},"content":{"rendered":"<h4 style=\"text-align: left\"><strong>Descripci&oacute;n breve conjunta de la soluci&oacute;n y valor a&ntilde;adido que aporta <\/strong><\/h4>\n<p style=\"text-align: justify\"><span lang=\"EN-GB\">Se ha conseguido sintetizar una nueva mol&eacute;cula inhibidora de la autorrenovaci&oacute;n de la c&eacute;lula iniciadora de tumores. Con ella se consigue un aumento de la eficiencia y eficacia de los tratamientos disminuyendo la dosis de los f&aacute;rmacos actualmente en uso terap&eacute;utico hasta la mitad de dosis, con id&eacute;nticos resultados y menores efectos secundarios para el paciente. Adem&aacute;s se facilita la opci&oacute;n al profesional sanitario de mayor margen de acci&oacute;n con las terapias actuales aumentando dosis y ciclos as&iacute; como garantizar un menor conste econ&oacute;mico al sistema sanitario. Los resultados han sido comprobados en tres de los tipos tumorales de mayor incidencia poblacional y mayor mortalidad y morbilidad (c&aacute;ncer de colon, mama y GBM cerebral).<\/span><\/p>\n<h4 style=\"text-align: left\"><strong>Descripci&oacute;n de la base tecnol&oacute;gica<\/strong><\/h4>\n<p style=\"text-align: justify\">C-ter PEDF es un regulador de la cin&eacute;tica de divisi&oacute;n celular, capaz de sacar a las c&eacute;lulas iniciadoras de tumores de su quiescencia, haciendo que la divisi&oacute;n celular sea m&aacute;s r&aacute;pida y respondan mejor a la quimioterapia. Por ello, combinado con los tratamientos anti-neopl&aacute;sicos actuales los hace m&aacute;s eficaces, efectivos y eficientes.<\/p>\n<p style=\"text-align: justify\">La combinaci&oacute;n de esta mol&eacute;cula con las t&eacute;cnicas anti-neopl&aacute;sicas actuales permitir&aacute; una disminuci&oacute;n de la dosis de quimiofarmaco administrada a cada paciente, con lo que para una misma respuesta se utilizar&aacute; la mitad de dosis y efectos secundarios, a la vez que ahorrar&aacute; costes al sistema sanitario.&nbsp;<\/p>\n<p style=\"text-align: center\"><em><span style=\"font-size: small\">&ldquo;Nuevo paradigma en la lucha contra el c&aacute;ncer y la reca&iacute;da de los pacientes ya tratados: eliminaci&oacute;n de las c&eacute;lulas iniciadoras del tumor&rdquo;<\/span><\/em><\/p>\n<p style=\"text-align: center\">&nbsp;<\/p>\n<h4 style=\"text-align: left\"><strong>Necesidades de negocio \/ aplicaci&oacute;n<\/strong><\/h4>\n<p><strong>Salud<\/strong><\/p>\n<ul>\n<li>\n<p style=\"text-align: justify\">En Espa&ntilde;a hay cada a&ntilde;o m&aacute;s de 200.000 nuevos casos de tumores; La OMS prev&eacute; un aumento mundial por encima de los 20 millones anuales para 2020 y m&aacute;s de 8 millones de muertes\/a&ntilde;o.<\/p>\n<\/li>\n<li style=\"text-align: justify\">\n<p>Los costes estimados por paciente son de 50.000$ el primer a&ntilde;o, 6.000$ los restantes y hasta 100.000$ en el ultimo a&ntilde;o de vida debido a reca&iacute;das<\/p>\n<\/li>\n<li style=\"text-align: justify\">\n<p>A pesar de la mejora significativa de los actuales tratamientos (mayor efectividad y menores efectos secundarios) un 35% de los pacientes sufren reca&iacute;da.<\/p>\n<\/li>\n<li style=\"text-align: justify\">\n<p>Se precisa de un cambio de paradigma, desde terapias dise&ntilde;adas contra el crecimiento y proliferaci&oacute;n tumoral, a otra dirigida a las c&eacute;lulas responsables de las reca&iacute;das (llamadas quiescentes) evitando reactivarse ante la ausencia del tumor.<\/p>\n<\/li>\n<li>\n<p style=\"text-align: justify\">Disminuir la dosis efectiva de quimioterapia supondr&aacute; tanto un descenso en el gasto farmac&eacute;utico, como el aumento de calidad de vida del paciente y un colch&oacute;n terap&eacute;utico para la prescripci&oacute;n m&eacute;dica en cada caso.<\/p>\n<\/li>\n<\/ul>\n<p><strong>Biotecnolog&iacute;a (Investigaci&oacute;n Sanitaria)<\/strong><\/p>\n<ul>\n<li>\n<p style=\"text-align: justify\">No hay identificados biomol&eacute;culas espec&iacute;ficas para el trabajo con c&eacute;lulas madre tumorales.<\/p>\n<\/li>\n<li>\n<p style=\"text-align: justify\">No se conocen las mol&eacute;culas que regulan la resistencia celular a quimiot&oacute;xicos.<\/p>\n<\/li>\n<\/ul>\n<p style=\"text-align: center\"><span style=\"font-size: small\"><em>&ldquo;Las reca&iacute;das en los pacientes producen tumores de mayor agresividad y diseminaci&oacute;n a otros &oacute;rganos por met&aacute;stasis. Las met&aacute;stasis son la&nbsp; principal causa de muerte por c&aacute;ncer&rdquo;<\/em><\/span><\/p>\n<h4>&nbsp;<\/h4>\n<h4 style=\"text-align: left\"><strong>Ventajas competitivas<\/strong><\/h4>\n<ul>\n<li>\n<p style=\"text-align: justify\">Aumenta hasta un 50% la efectividad de los tratamientos anti-tumorales actuales.<\/p>\n<\/li>\n<li style=\"text-align: justify\">\n<p>Sin&eacute;rgico con los f&aacute;rmacos en uso, tanto en 1&ordf; como 2&ordf;s l&iacute;neas de tratamiento de la reca&iacute;da.<\/p>\n<\/li>\n<li style=\"text-align: justify\">\n<p>Aumenta la eficiencia disminuyendo hasta en un 50% el gasto y los efectos secundarios.<\/p>\n<\/li>\n<li style=\"text-align: justify\">\n<p>Aumenta el control de dosis por parte del facultativo, para una medicina personalizada.<\/p>\n<\/li>\n<li style=\"text-align: justify\">\n<p>Alta tolerancia en la c&eacute;lula viva.<\/p>\n<\/li>\n<li style=\"text-align: justify\">\n<p>Los resultados han sido comprobados en tres de los tipos tumorales de mayor incidencia poblacional y mayor mortalidad y morbilidad (c&aacute;ncer de colon, mama y GBM cerebral).<\/p>\n<\/li>\n<li>\n<p style=\"text-align: justify\">C&aacute;ncer colorrectal en tratamiento con oxaliplatino y irinotecan. C&aacute;ncer mamario entratamiento con docetaxel. Glioblastoma tratado con temozolamida.<\/p>\n<\/li>\n<\/ul>\n<p>&nbsp;<\/p>\n<h4 style=\"text-align: left\"><strong>Referencias<\/strong><\/h4>\n<p style=\"text-align: justify\">Seis premios de investigaci&oacute;n entre ellos el premio&nbsp; nacional&nbsp; Alberto Sols al mejor trabajo cient&iacute;fico en 2008.<\/p>\n<h4 style=\"text-align: left\"><strong>Grado de desarrollo<\/strong><\/h4>\n<ul>\n<li>\n<p>Concepto<\/p>\n<\/li>\n<li>\n<p>Investigaci&oacute;n<\/p>\n<\/li>\n<li>\n<p><span style=\"text-decoration: underline\"><strong>Prototipo Lab<\/strong><\/span><\/p>\n<\/li>\n<li>\n<p>Prototipo industrial<\/p>\n<\/li>\n<li>\n<p>Producci&oacute;n<\/p>\n<\/li>\n<\/ul>\n<h4 style=\"text-align: left\"><strong>Contacto<\/strong><\/h4>\n<p><strong><span lang=\"EN-GB\">Contacto Cter-PEDF<\/span><\/strong><\/p>\n<p><span lang=\"EN-GB\">Carmen Ram&iacute;rez-Castillejo<\/span><\/p>\n<p><span lang=\"EN-GB\">e: <span rel=\"6a311930bf311b31b1312231aa313431ac3120319a312b31a3313931b8311c3173312531a43132319d312631b331223189314531ca3114315e312e31a431\" class=\"cryptex \" style=\"\"><span class=\"CryptexImg ctxAdaQE8VeqRoe-TxjPc2z19-j1I272CKDk8pPOqsZ-dE\"><\/span><\/span><\/span><\/p>\n<p><strong><span lang=\"EN-GB\">Contacto UPM<\/span><\/strong><\/p>\n<p><span lang=\"EN-GB\">Programas de Innovaci&oacute;n y Emprendimiento<\/span><\/p>\n<p><span lang=\"EN-GB\">Centro de Apoyo a la Innovaci&oacute;n Tecnol&oacute;gica &ndash; UPM<\/span>&nbsp;<\/p>\n<p><span lang=\"EN-GB\">e: <span rel=\"6a311930bb312831ad312831bf313131aa311d31a63138315f314031b8311131b3312231af3134319b311d31b131093189314531ca3114315e312e31a431\" class=\"cryptex \" style=\"\"><span class=\"CryptexImg ctxR7neImVV1tJoTSyttUGBAuiESKXKLLyzTwJSN1lk9Z0\"><\/span><\/span><\/span><\/p>\n<div class=\"pdfprnt-buttons pdfprnt-buttons-product pdfprnt-bottom-left\"><a href=\"https:\/\/www.upm.es\/recursosidi\/wp-json\/wp\/v2\/product\/11303?print=pdf\" class=\"pdfprnt-button pdfprnt-button-pdf\" target=\"_blank\"><span class=\"pdfprnt-button-title pdfprnt-button-pdf-title\">Descargar ficha<\/span><\/a><\/div>","protected":false},"excerpt":{"rendered":"<p>Frente al c\u00e1ncer: DIVIDE Y VENCER\u00c1S.<\/p>\n<p>Mayor control de la proliferaci\u00f3n de las c\u00e9lulas iniciadoras de tumores, retrasando la reca\u00edda en los pacientes con c\u00e1ncer.<\/p>\n","protected":false},"featured_media":11301,"template":"","meta":{"_acf_changed":false},"product_cat":[2384],"product_tag":[2479],"comunidades-upm":[],"quien":[],"mapa":[{"term_id":137,"name":"Bioeconom\u00eda, Biotecnolog\u00eda y Sistemas Alimentarios","slug":"bioeconomia-biotecnologia-sistemas_alimentarios","term_group":0,"term_taxonomy_id":137,"taxonomy":"mapa","description":"","parent":0,"count":45,"filter":"raw","term_order":"6"},{"term_id":122,"name":"Salud y bienestar","slug":"salud-y-bienestar","term_group":0,"term_taxonomy_id":122,"taxonomy":"mapa","description":"","parent":0,"count":105,"filter":"raw","term_order":"17"}],"disponibilidad":[{"term_id":205,"name":"Consultar disponibilidad","slug":"consultar","term_group":0,"term_taxonomy_id":205,"taxonomy":"disponibilidad","description":"","parent":0,"count":290,"filter":"raw","term_order":"0"}],"donde":[{"term_id":1842,"name":"Health Sciences Technologies","slug":"en_health-sciences-technologies","term_group":0,"term_taxonomy_id":1842,"taxonomy":"donde","description":"","parent":0,"count":7,"filter":"raw","term_order":"0"},{"term_id":620,"name":"Tecnolog\u00edas para Ciencias de la Salud","slug":"tecnologias-para-ciencias-de-la-salud","term_group":0,"term_taxonomy_id":620,"taxonomy":"donde","description":"","parent":0,"count":21,"filter":"raw","term_order":"0"}],"infraestructura":[],"ods":[{"term_id":2271,"name":"Salud y Bienestar","slug":"salud-y-bienestar","term_group":0,"term_taxonomy_id":2271,"taxonomy":"ods","description":"","parent":0,"count":59,"filter":"raw","term_order":"0"}],"origen":[{"term_id":192,"name":"Soluciones tecnol\u00f3gicas","slug":"soluciones-tecnologicas","term_group":0,"term_taxonomy_id":192,"taxonomy":"origen","description":"","parent":0,"count":278,"filter":"raw","term_order":"0"}],"familia_tax":false,"quien_tax":false,"donde_tax":false,"year":"2020-01-01","contacto":"ETSI Agron\u00f3mica, Alimentaria y de Biosistemas, Av. Puerta de Hierro, n\u00ba 2 - 4, 28040 Madrid","telefono":"910670742","pagina_web":"http:\/\/www.etsiaab.upm.es\/","email":"mariadelcarmen.ramirez@upm.es","id_ficha_portal":"60","video":"https:\/\/youtu.be\/yLZmJ6doI_I","adjuntos":false,"adjuntos_portal":"","inf":false,"departamento":"","acf":[],"lang":"es","translation":{"es":11303,"en":11306},"_links":{"self":[{"href":"https:\/\/www.upm.es\/recursosidi\/wp-json\/wp\/v2\/product\/11303"}],"collection":[{"href":"https:\/\/www.upm.es\/recursosidi\/wp-json\/wp\/v2\/product"}],"about":[{"href":"https:\/\/www.upm.es\/recursosidi\/wp-json\/wp\/v2\/types\/product"}],"wp:featuredmedia":[{"embeddable":true,"href":"https:\/\/www.upm.es\/recursosidi\/wp-json\/wp\/v2\/media\/11301"}],"wp:attachment":[{"href":"https:\/\/www.upm.es\/recursosidi\/wp-json\/wp\/v2\/media?parent=11303"}],"wp:term":[{"taxonomy":"product_cat","embeddable":true,"href":"https:\/\/www.upm.es\/recursosidi\/wp-json\/wp\/v2\/product_cat?post=11303"},{"taxonomy":"product_tag","embeddable":true,"href":"https:\/\/www.upm.es\/recursosidi\/wp-json\/wp\/v2\/product_tag?post=11303"},{"taxonomy":"comunidad_upm","embeddable":true,"href":"https:\/\/www.upm.es\/recursosidi\/wp-json\/wp\/v2\/comunidades-upm?post=11303"},{"taxonomy":"quien","embeddable":true,"href":"https:\/\/www.upm.es\/recursosidi\/wp-json\/wp\/v2\/quien?post=11303"},{"taxonomy":"mapa","embeddable":true,"href":"https:\/\/www.upm.es\/recursosidi\/wp-json\/wp\/v2\/mapa?post=11303"},{"taxonomy":"disponibilidad","embeddable":true,"href":"https:\/\/www.upm.es\/recursosidi\/wp-json\/wp\/v2\/disponibilidad?post=11303"},{"taxonomy":"donde","embeddable":true,"href":"https:\/\/www.upm.es\/recursosidi\/wp-json\/wp\/v2\/donde?post=11303"},{"taxonomy":"infraestructura","embeddable":true,"href":"https:\/\/www.upm.es\/recursosidi\/wp-json\/wp\/v2\/infraestructura?post=11303"},{"taxonomy":"ods","embeddable":true,"href":"https:\/\/www.upm.es\/recursosidi\/wp-json\/wp\/v2\/ods?post=11303"},{"taxonomy":"origen","embeddable":true,"href":"https:\/\/www.upm.es\/recursosidi\/wp-json\/wp\/v2\/origen?post=11303"}],"curies":[{"name":"wp","href":"https:\/\/api.w.org\/{rel}","templated":true}]}}