{"id":11320,"date":"2022-10-27T08:30:28","date_gmt":"2022-10-27T06:30:28","guid":{"rendered":"https:\/\/www.upm.es\/recursosidi\/offers-resources\/sin categor\u00eda\/acuna\/"},"modified":"2022-10-27T08:30:34","modified_gmt":"2022-10-27T06:30:34","slug":"acuna","status":"publish","type":"product","link":"https:\/\/www.upm.es\/recursosidi\/offers-resources\/soluciones-tecnologicas\/acuna\/","title":{"rendered":"ACU\u00d1A"},"content":{"rendered":"<h4 style=\"text-align: left\"><strong>Descripci&oacute;n breve conjunta de la soluci&oacute;n y valor a&ntilde;adido que aporta <\/strong><\/h4>\n<p style=\"text-align: justify\">En los &uacute;ltimos a&ntilde;os ha crecido la preocupaci&oacute;n por la seguridad de los elementos de almacenamiento de agua, con un importante esfuerzo por registrar y controlar su estado de funcionamiento y seguridad, circunstancia que obligar&aacute; a los promotores de nuevas balsas a construirlas seg&uacute;n criterios de seguridad m&aacute;s restrictivos, y a muchos responsables de las balsas en servicio, a revisar su dise&ntilde;o.<\/p>\n<p style=\"text-align: justify\">Ante esta situaci&oacute;n, un grupo de investigaci&oacute;n de la UPM ha desarrollado un producto prefabricado de hormig&oacute;n en forma de cu&ntilde;a que podr&aacute; ser empleado como elemento de protecci&oacute;n en presas. El producto tiene aplicaci&oacute;n tanto en el mercado nacional como internacional, al conseguir de forma sencilla y econ&oacute;mica un aumento de la seguridad de presas y balsas existentes, as&iacute; como una soluci&oacute;n ventajosa para el aliviadero en nuevas estructuras de este tipo, al facilitar a las mismas resistencia al sobrevertido.<\/p>\n<h4 style=\"text-align: left\"><strong>Descripci&oacute;n de la base tecnol&oacute;gica<\/strong><\/h4>\n<p style=\"text-align: justify\">La tecnolog&iacute;a desarrollada consiste en un producto prefabricado de hormig&oacute;n en forma de cu&ntilde;a que puede emplearse como protecci&oacute;n frente a la erosi&oacute;n provocada por la circulaci&oacute;n de agua con caudales unitarios elevados y altas velocidades.<\/p>\n<p style=\"text-align: justify\">El dise&ntilde;o de los bloques ACU&Ntilde;A se basa en el desarrollo de presiones negativas en los aliviaderos escalonados sometidos a flujo rasante, inmediatamente aguas abajo de la contrahuella, que son transmitidas al contacto entre el bloque y la base de apoyo, originando una succi&oacute;n estabilizadora entre ambos.<\/p>\n<h4 style=\"text-align: left\"><strong>Necesidades de negocio \/ aplicaci&oacute;n<\/strong><\/h4>\n<p style=\"text-align: justify\"><strong>Aumento de la seguridad y cumplimiento de nuevas normativas<\/strong><\/p>\n<ul>\n<li style=\"text-align: justify\">\n<p style=\"text-align: justify\">En los &uacute;ltimos a&ntilde;os ha crecido la preocupaci&oacute;n por la seguridad de presas y balsas, realiz&aacute;ndose un esfuerzo por registrar y controlar el estado de funcionamiento y seguridad de las mismas, circunstancia que obligar&aacute; a los promotores de nuevas balsas a construirlas seg&uacute;n criterios de seguridad m&aacute;s restrictivos [Ministerio de Agricultura, Espa&ntilde;a], y a muchos responsables de las balsas en servicio, a revisar su dise&ntilde;o, fundamentalmente sus aliviaderos para evitar potenciales e indeseables sobrevertidos.<\/p>\n<\/li>\n<\/ul>\n<p style=\"text-align: justify\"><strong>Construcci&oacute;n de nuevas infraestructuras en pa&iacute;ses en v&iacute;as de desarrollo<\/strong><\/p>\n<ul>\n<li style=\"text-align: justify\">\n<p style=\"text-align: justify\">Del total de la poblaci&oacute;n mundial existen a d&iacute;a de hoy 1.000 millones de personas que a&uacute;n no disponen de acceso a servicios de abastecimiento de agua potable, fundamentalmente en &Aacute;frica, Asia meridional y Am&eacute;rica Latina [UNICEF]. El problema reside en que, aunque existen recursos suficientes,&nbsp; los mismos no est&aacute;n uniformemente distribuidos, ni espacial, ni temporalmente.<\/p>\n<\/li>\n<li style=\"text-align: justify\">\n<p style=\"text-align: justify\">Para solucionar este &uacute;ltimo aspecto (distribuci&oacute;n temporal) puede recurrirse a sistemas de abastecimiento en los que las infraestructuras de almacenamiento de agua como son los embalses suelen consumir una parte importante del presupuesto de ejecuci&oacute;n de los mismos.<\/p>\n<\/li>\n<\/ul>\n<p style=\"text-align: center\"><em>&ldquo;El sobrevertido es la causa principal y exclusiva del 31% de las roturas de presas de materiales sueltos en el mundo, ascendiendo este porcentaje al 49% cuando se contabiliza como causa asociada a otro fen&oacute;meno [Bolet&iacute;n n&ordm;99 ICOLD, Rotura de Presas. An&aacute;lisis Estad&iacute;stico]&rdquo;.<\/em><\/p>\n<p style=\"text-align: center\">&nbsp;<\/p>\n<h4 style=\"text-align: left\"><strong>Ventajas competitivas<\/strong><\/h4>\n<ul>\n<li>\n<p style=\"text-align: justify\">Soluci&oacute;n que permite ampliar la capacidad de alivio de presas de materiales sueltos y balsas permitiendo el sobrevertido sin necesidad de recurrir a soluciones convencionales consistentes en costosas obras anexas de hormig&oacute;n.<\/p>\n<\/li>\n<li style=\"text-align: justify\">\n<p>Elemento prefabricado f&aacute;cilmente transportable.<\/p>\n<\/li>\n<li style=\"text-align: justify\">\n<p>Facilidad y rapidez de puesta en obra.<\/p>\n<\/li>\n<li style=\"text-align: justify\">\n<p>Reducci&oacute;n de costes econ&oacute;micos: puede reducir el coste de la estructura de evacuaci&oacute;n de caudales sobrantes hasta en un 60 % sobre una soluci&oacute;n convencional.<\/p>\n<\/li>\n<\/ul>\n<p style=\"text-align: center\"><em>&ldquo;El aliviadero constituye una de las mayores inversiones en cualquier presa de tierras, constituyendo generalmente al menos, el 30% del presupuesto global&rdquo;.<\/em><\/p>\n<p style=\"text-align: center\">&nbsp;<\/p>\n<h4 style=\"text-align: left\"><strong>Referencias<\/strong><\/h4>\n<ul>\n<li>\n<p style=\"text-align: justify\">Tecnolog&iacute;a desarrollada en colaboraci&oacute;n entre las empresas PREHORQUI y ALATEC, la Universidad Polit&eacute;cnica de Madrid y el Centro Internacional de M&eacute;todos Num&eacute;ricos en Ingenier&iacute;a.<\/p>\n<\/li>\n<li>\n<p style=\"text-align: justify\">La Presa de Barriga (Burgos, Espa&ntilde;a) constituye la primera realizaci&oacute;n a nivel mundial de este tipo de aliviadero para una presa en servicio. El presupuesto del aliviadero se ha visto reducido del 38% del total de la obra con una soluci&oacute;n convencional, al 12,7 % con los bloques en forma de cu&ntilde;a<span style=\"font-size: small\">.<\/span><\/p>\n<\/li>\n<\/ul>\n<h4 style=\"text-align: left\"><strong>Protecci&oacute;n industrial<\/strong><\/h4>\n<p style=\"text-align: justify\">Patente concedida en Espa&ntilde;a ES2595852.<\/p>\n<h4 style=\"text-align: left\"><strong>Grado de desarrollo<\/strong><\/h4>\n<ul>\n<li>\n<p>Concepto<\/p>\n<\/li>\n<li>\n<p>Investigaci&oacute;n<\/p>\n<\/li>\n<li>\n<p><span style=\"text-decoration: underline\"><strong>Prototipo-Lab<\/strong><\/span><\/p>\n<\/li>\n<li>\n<p>Prototipo Industrial<\/p>\n<\/li>\n<li>\n<p>Producci&oacute;n<\/p>\n<\/li>\n<\/ul>\n<h4><strong>Contacto<\/strong><\/h4>\n<p style=\"text-align: justify\"><strong>Contacto ACU&Ntilde;A<\/strong><\/p>\n<p style=\"text-align: justify\">Miguel &Aacute;ngel Toledo Municio, Fco. Javier Caballero Jim&eacute;nez<\/p>\n<p style=\"text-align: justify\">ETSI Caminos, Canales y Puertos -UPM<\/p>\n<p style=\"text-align: justify\">e: <span rel=\"63313830b7311731aa311d31ba31153193311d31a8311431b4311a30b03135319e312131b3313c318f312531a031183188312b31bc31\" class=\"cryptex \" style=\"\"><span class=\"CryptexImg ctxA_vXj1dExVu1EzcskWvF0bGcHwOzRF44-ZVjmlWfL9k\"><\/span><\/span><\/p>\n<p style=\"text-align: justify\">e: <span rel=\"63313830b0312031a4311631b8311231a5311231b0311931a9312e31a5312b31a4311630b2312e31b13111319c311731bf313831b8311330b7312c31a9311f3097311a31\" class=\"cryptex \" style=\"\"><span class=\"CryptexImg ctxbuoNfSxOJQ4Op82jLhJF_qKkaR-FavEQ6UJCqiCkyIQ\"><\/span><\/span><\/p>\n<p style=\"text-align: justify\"><strong>Contacto UPM<\/strong><\/p>\n<p style=\"text-align: justify\">Programas de Innovaci&oacute;n y Emprendimiento<\/p>\n<p style=\"text-align: justify\">Centro de Apoyo a la Innovaci&oacute;n Tecnol&oacute;gica &ndash; UPM&nbsp;<\/p>\n<p style=\"text-align: justify\">e: <span rel=\"63313830b3311c31b1311731cb310a3195311831b0311d3176312c31a1312931a0312b31bb313c31b631193193310c319a313b31b9311a3170312131af31\" class=\"cryptex \" style=\"\"><span class=\"CryptexImg ctxR7neImVV1tJoTSyttUGBAuiESKXKLLyzTwJSN1lk9Z0\"><\/span><\/span><\/p>\n<div class=\"pdfprnt-buttons pdfprnt-buttons-product pdfprnt-bottom-left\"><a href=\"https:\/\/www.upm.es\/recursosidi\/wp-json\/wp\/v2\/product\/11320?print=pdf\" class=\"pdfprnt-button pdfprnt-button-pdf\" target=\"_blank\"><span class=\"pdfprnt-button-title pdfprnt-button-pdf-title\">Descargar ficha<\/span><\/a><\/div>","protected":false},"excerpt":{"rendered":"<p>Protecci\u00f3n de presas frente al sobrevertido.<\/p>\n<p>Producto prefabricado de hormig\u00f3n en forma de cu\u00f1a para su uso en presas o balsas de materiales sueltos, como protecci\u00f3n frente a la erosi\u00f3n provocada por la circulaci\u00f3n de agua con caudales unitarios elevados y altas velocidades.\u00a0<\/p>\n","protected":false},"featured_media":11319,"template":"","meta":{"_acf_changed":false},"product_cat":[2384],"product_tag":[2524,2494,2539],"comunidades-upm":[],"quien":[],"mapa":[{"term_id":135,"name":"Industria, materiales y econom\u00eda circular","slug":"industria-materiales-economia_circular","term_group":0,"term_taxonomy_id":135,"taxonomy":"mapa","description":"","parent":0,"count":165,"filter":"raw","term_order":"13"},{"term_id":130,"name":"Seguridad, defensa y resiliencia","slug":"seguridad-defensa-resiliencia","term_group":0,"term_taxonomy_id":130,"taxonomy":"mapa","description":"","parent":0,"count":26,"filter":"raw","term_order":"20"}],"disponibilidad":[{"term_id":205,"name":"Consultar disponibilidad","slug":"consultar","term_group":0,"term_taxonomy_id":205,"taxonomy":"disponibilidad","description":"","parent":0,"count":290,"filter":"raw","term_order":"0"}],"donde":[{"term_id":534,"name":"Hidroinform\u00e1tica y Gesti\u00f3n del Agua","slug":"hidroinformatica-y-gestion-del-agua","term_group":0,"term_taxonomy_id":534,"taxonomy":"donde","description":"El objetivo de nuestro grupo es la investigaci&oacute;n en un campo multidisciplinar que combina intereses tecnol&oacute;gicos, humanos, sociol&oacute;gicos y medioambientales con el fin de resolver problemas relacionados con el medio ambiente acu&aacute;tico y mejorar la gesti&oacute;n de los recursos h&iacute;dricos haciendo uso de las tecnolog&iacute;as de informaci&oacute;n. La hidroinform&aacute;tica utiliza soluciones tales como m&eacute;todos num&eacute;ricos de modelizaci&oacute;n y optimizaci&oacute;n, redes de sensores, sistemas de informaci&oacute;n e inteligencia artificial (an&aacute;lisis inteligente de datos, herramientas de ayuda a la decisi&oacute;n) para resolver problemas de hidr&aacute;ulica, hidrolog&iacute;a e ingenier&iacute;a ambiental con el fin de obtener un mejor manejo de los sistemas basados en recursos h&iacute;dricos.\n&nbsp;\nNuestras l&iacute;neas de investigaci&oacute;n incluyen:\n\n\n<strong>Infraestructuras y Sistemas Hidr&aacute;ulicos:<\/strong>&nbsp;Modelizaci&oacute;n, gesti&oacute;n de recursos, seguridad, sistemas hidroel&eacute;ctricos\n\n\n\n<strong>Medioambiente: <\/strong>Cambio clim&aacute;tico, sequ&iacute;a, impacto socio-econ&oacute;mico de la gesti&oacute;n del agua\n\n\n<strong>Tecnolog&iacute;as de Informaci&oacute;n: <\/strong>Sistemas de informaci&oacute;n, inteligencia artificial\n","parent":0,"count":15,"filter":"raw","term_order":"0"},{"term_id":1758,"name":"Hydroinformatics and Water Management","slug":"en_hydroinformatics-and-water-management","term_group":0,"term_taxonomy_id":1758,"taxonomy":"donde","description":"El objetivo de nuestro grupo es la investigaci&oacute;n en un campo multidisciplinar que combina intereses tecnol&oacute;gicos, humanos, sociol&oacute;gicos y medioambientales con el fin de resolver problemas relacionados con el medio ambiente acu&aacute;tico y mejorar la gesti&oacute;n de los recursos h&iacute;dricos haciendo uso de las tecnolog&iacute;as de informaci&oacute;n. La hidroinform&aacute;tica utiliza soluciones tales como m&eacute;todos num&eacute;ricos de modelizaci&oacute;n y optimizaci&oacute;n, redes de sensores, sistemas de informaci&oacute;n e inteligencia artificial (an&aacute;lisis inteligente de datos, herramientas de ayuda a la decisi&oacute;n) para resolver problemas de hidr&aacute;ulica, hidrolog&iacute;a e ingenier&iacute;a ambiental con el fin de obtener un mejor manejo de los sistemas basados en recursos h&iacute;dricos.\n&nbsp;\nNuestras l&iacute;neas de investigaci&oacute;n incluyen:\n\n\n<strong>Infraestructuras y Sistemas Hidr&aacute;ulicos:<\/strong>&nbsp;Modelizaci&oacute;n, gesti&oacute;n de recursos, seguridad, sistemas hidroel&eacute;ctricos\n\n\n\n<strong>Medioambiente: <\/strong>Cambio clim&aacute;tico, sequ&iacute;a, impacto socio-econ&oacute;mico de la gesti&oacute;n del agua\n\n\n<strong>Tecnolog&iacute;as de Informaci&oacute;n: <\/strong>Sistemas de informaci&oacute;n, inteligencia artificial\n","parent":0,"count":11,"filter":"raw","term_order":"0"}],"infraestructura":[],"ods":[{"term_id":2231,"name":"Acci\u00f3n por el Clima","slug":"accion-por-el-clima","term_group":0,"term_taxonomy_id":2231,"taxonomy":"ods","description":"","parent":0,"count":67,"filter":"raw","term_order":"0"},{"term_id":2247,"name":"Industria, Innovaci\u00f3n e Infraestructura","slug":"industria-innovacion-e-infraestructura","term_group":0,"term_taxonomy_id":2247,"taxonomy":"ods","description":"","parent":0,"count":171,"filter":"raw","term_order":"0"}],"origen":[{"term_id":192,"name":"Soluciones tecnol\u00f3gicas","slug":"soluciones-tecnologicas","term_group":0,"term_taxonomy_id":192,"taxonomy":"origen","description":"","parent":0,"count":278,"filter":"raw","term_order":"0"}],"familia_tax":false,"quien_tax":false,"donde_tax":false,"year":"2020-01-01","contacto":"ETSI Caminos, Canales y Puertos -UPM, c\/ Profesor Aranguren, 3, 28040, Madrid","telefono":"910674024","pagina_web":"https:\/\/www.caminos.upm.es\/","email":"matoledo@caminos.upm.es","id_ficha_portal":"97","video":"","adjuntos":false,"adjuntos_portal":"","inf":false,"departamento":"","acf":[],"lang":"es","translation":{"es":11320,"en":11322},"_links":{"self":[{"href":"https:\/\/www.upm.es\/recursosidi\/wp-json\/wp\/v2\/product\/11320"}],"collection":[{"href":"https:\/\/www.upm.es\/recursosidi\/wp-json\/wp\/v2\/product"}],"about":[{"href":"https:\/\/www.upm.es\/recursosidi\/wp-json\/wp\/v2\/types\/product"}],"wp:featuredmedia":[{"embeddable":true,"href":"https:\/\/www.upm.es\/recursosidi\/wp-json\/wp\/v2\/media\/11319"}],"wp:attachment":[{"href":"https:\/\/www.upm.es\/recursosidi\/wp-json\/wp\/v2\/media?parent=11320"}],"wp:term":[{"taxonomy":"product_cat","embeddable":true,"href":"https:\/\/www.upm.es\/recursosidi\/wp-json\/wp\/v2\/product_cat?post=11320"},{"taxonomy":"product_tag","embeddable":true,"href":"https:\/\/www.upm.es\/recursosidi\/wp-json\/wp\/v2\/product_tag?post=11320"},{"taxonomy":"comunidad_upm","embeddable":true,"href":"https:\/\/www.upm.es\/recursosidi\/wp-json\/wp\/v2\/comunidades-upm?post=11320"},{"taxonomy":"quien","embeddable":true,"href":"https:\/\/www.upm.es\/recursosidi\/wp-json\/wp\/v2\/quien?post=11320"},{"taxonomy":"mapa","embeddable":true,"href":"https:\/\/www.upm.es\/recursosidi\/wp-json\/wp\/v2\/mapa?post=11320"},{"taxonomy":"disponibilidad","embeddable":true,"href":"https:\/\/www.upm.es\/recursosidi\/wp-json\/wp\/v2\/disponibilidad?post=11320"},{"taxonomy":"donde","embeddable":true,"href":"https:\/\/www.upm.es\/recursosidi\/wp-json\/wp\/v2\/donde?post=11320"},{"taxonomy":"infraestructura","embeddable":true,"href":"https:\/\/www.upm.es\/recursosidi\/wp-json\/wp\/v2\/infraestructura?post=11320"},{"taxonomy":"ods","embeddable":true,"href":"https:\/\/www.upm.es\/recursosidi\/wp-json\/wp\/v2\/ods?post=11320"},{"taxonomy":"origen","embeddable":true,"href":"https:\/\/www.upm.es\/recursosidi\/wp-json\/wp\/v2\/origen?post=11320"}],"curies":[{"name":"wp","href":"https:\/\/api.w.org\/{rel}","templated":true}]}}