{"id":11328,"date":"2022-10-27T11:50:37","date_gmt":"2022-10-27T09:50:37","guid":{"rendered":"https:\/\/www.upm.es\/recursosidi\/offers-resources\/sin categor\u00eda\/detima\/"},"modified":"2022-10-27T11:50:48","modified_gmt":"2022-10-27T09:50:48","slug":"detima","status":"publish","type":"product","link":"https:\/\/www.upm.es\/recursosidi\/offers-resources\/soluciones-tecnologicas\/detima\/","title":{"rendered":"DETIMA"},"content":{"rendered":"<h4 style=\"text-align: left\"><strong>Descripci&oacute;n breve conjunta de la soluci&oacute;n y valor a&ntilde;adido que aporta <\/strong><\/h4>\n<p style=\"text-align: justify\">El hurto en Espa&ntilde;a ha significado, como ejemplo, en el per&iacute;odo 2014-2015 unas p&eacute;rdidas de 2.487 millones de euros, un 1,33% de las ventas del sector minorista. Datos que se disparan hasta los 4.144 millones de euros cuando sumamos el coste de la delincuencia con los gastos en prevenci&oacute;n que deben hacer las empresas. Un total que supone el 2,21% de la facturaci&oacute;n del retail espa&ntilde;ol.<\/p>\n<p style=\"text-align: justify\"><span lang=\"ES-TRAD\">DETIMA es un nuevo dispositivo que permite la obtenci&oacute;n de etiquetas &ldquo;invisibles&rdquo; activables y desactivables m&aacute;s baratas que las actuales.<\/span>&nbsp;<span lang=\"ES-TRAD\">La implantaci&oacute;n de las mismas reducir&iacute;a el coste de las empresas un m&iacute;nimo de un 10 %.<\/span><\/p>\n<h4 style=\"text-align: left\"><strong>Descripci&oacute;n de la base tecnol&oacute;gica<\/strong><\/h4>\n<p style=\"text-align: justify\">Algunas de las etiquetas magn&eacute;ticas existentes en el mercado pueden ser desactivadas (al sacar un producto de la tienda) o activadas (al devolver un libro a la biblioteca). Esta clase de etiquetas est&aacute;n compuestas por una base hecha de material magn&eacute;tico blando, con diversas piezas de material magn&eacute;tico duro colocadas sobre ella. Este m&eacute;todo implica el uso de dos materiales diferentes y necesita un proceso de fabricaci&oacute;n caro y complicado.<\/p>\n<p style=\"text-align: justify\">DETIMA usa un &uacute;nico material blando, reduciendo los costes. Adem&aacute;s, se producen etiquetas f&aacute;cilmente escondibles en los productos e implantables incluso en origen.<\/p>\n<p style=\"text-align: center\"><span style=\"font-family: 'trebuchet ms', geneva;font-size: small\">&nbsp;<\/span><span style=\"font-family: 'trebuchet ms', geneva;font-size: small\">&nbsp;<\/span><em style=\"text-align: center\"><span style=\"font-family: 'trebuchet ms', geneva;font-size: small\">&ldquo;La velocidad de fabricaci&oacute;n puede ser lo suficientemente alta como para integrarse en procesos industriales de forma eficiente&#8221;<\/span><\/em><span style=\"font-family: 'trebuchet ms', geneva;font-size: small\">&nbsp;<\/span><\/p>\n<h4>&nbsp;<\/h4>\n<h4 style=\"text-align: left\"><strong>Necesidades de negocio \/ aplicaci&oacute;n<\/strong><\/h4>\n<p><strong>Materiales<\/strong><\/p>\n<ul>\n<li>\n<p style=\"text-align: justify\">Las empresas dedicadas a la fabricaci&oacute;n de etiquetas activables y desactivables necesitan utilizar dos materiales distintos (uno blando y otro duro). Esto hace que el producto final se encarezca y que las empresas no puedan destinar parte de sus recursos a otros &aacute;mbitos como modernizaci&oacute;n de instalaciones, marketing, etc.<\/p>\n<\/li>\n<\/ul>\n<p><strong>Seguridad<\/strong><\/p>\n<ul>\n<li>\n<p>Las p&eacute;rdidas econ&oacute;micas de los comercios debidas al hurto de sus productos repercute muy negativamente en la cuenta de resultados.<\/p>\n<\/li>\n<li>\n<p>Es cr&iacute;tico invertir en la seguridad electr&oacute;nica de los productos para mitigar dichas p&eacute;rdidas.&nbsp;<\/p>\n<\/li>\n<\/ul>\n<div class=\"O1\">\n<p style=\"text-align: center\"><em><span style=\"font-family: 'trebuchet ms', geneva;font-size: small\">&ldquo;Dispositivo que puede usarse para realizar etiquetas magn&eacute;ticas de seguridad, siendo m&aacute;s peque&ntilde;o, vers&aacute;til y econ&oacute;mico que los existentes en el mercado&rdquo;<\/span><\/em><\/p>\n<\/div>\n<h4 style=\"text-align: left\">&nbsp;<\/h4>\n<h4 style=\"text-align: left\"><strong>Ventajas competitivas<\/strong><\/h4>\n<div>\n<ul>\n<li>\n<p style=\"text-align: justify\">La puesta en marcha del dispositivo es sencilla y r&aacute;pida ya que est&aacute; formada por elementos muy b&aacute;sicos.&nbsp; Esto facilita su implantaci&oacute;n en las empresas de seguridad.<\/p>\n<\/li>\n<li style=\"text-align: justify\">\n<p>DETIMA no supone riesgos de fracaso, ya que se trata de un elemento econ&oacute;mico y de sencilla puesta en funcionamiento.<\/p>\n<\/li>\n<li style=\"text-align: justify\">\n<p>Las etiquetas obtenidas ampl&iacute;an la durabilidad de las mismas al no necesitar de ning&uacute;n adhesivo degradable con el tiempo .<\/p>\n<\/li>\n<li style=\"text-align: justify\">\n<p>Al no necesitar dos materiales distintos reduce los costes de fabricaci&oacute;n en torno a un 10%.<\/p>\n<\/li>\n<li>\n<p style=\"text-align: justify\">Las etiquetas producidas no necesitan un sistema de detecci&oacute;n distinto del que ya existe, lo que facilita su implantaci&oacute;n y uso en los comercios.<\/p>\n<\/li>\n<\/ul>\n<\/div>\n<h4 style=\"text-align: left\"><strong>Referencias<\/strong><\/h4>\n<ul>\n<li>\n<p style=\"text-align: justify\">Grupo de investigaci&oacute;n con una experiencia de m&aacute;s de 20 a&ntilde;os en el campo de los sensores, actuadores y dispositivos de seguridad.<\/p>\n<\/li>\n<li>\n<p style=\"text-align: justify\">Integrantes del equipo tienen experiencia en campos como la automatizaci&oacute;n de edificios, dom&oacute;tica, caracterizaci&oacute;n de materiales y optimizaci&oacute;n de los mismos para sus aplicaciones tecnol&oacute;gicas.<\/p>\n<\/li>\n<\/ul>\n<h4 style=\"text-align: left\"><strong>Protecci&oacute;n industrial<\/strong><\/h4>\n<p style=\"text-align: justify\">Modelo de utilidad concedido en Espa&ntilde;a ES1144964U.<\/p>\n<h4 style=\"text-align: left\"><strong>Grado de desarrollo<\/strong><\/h4>\n<ul>\n<li>\n<p>Concepto<\/p>\n<\/li>\n<li>\n<p>Investigaci&oacute;n<\/p>\n<\/li>\n<li>\n<p><span style=\"text-decoration: underline\"><strong>Prototipo Lab<\/strong><\/span><\/p>\n<\/li>\n<li>\n<p>Prototipo industrial<\/p>\n<\/li>\n<li>\n<p>Producci&oacute;n<\/p>\n<\/li>\n<\/ul>\n<h4 style=\"text-align: left\"><strong>Contacto<\/strong><\/h4>\n<p class=\"MsoNormal\"><strong>Contacto DETIMA<\/strong><\/p>\n<p class=\"MsoNormal\">Carlos Mor&oacute;n, Amparo Verd&uacute;, Tom&aacute;s Gil<\/p>\n<p class=\"MsoNormal\">e:<span rel=\"893120309f312b31a4312231b0313d3177311331b1312831a831163178312831bd312a3187313031b531\" class=\"cryptex \" style=\"\"><span class=\"CryptexImg ctx57UbuyZX3fAcPpLbck4HZ8CNMXFsBsSsPzy0ZvYcuDA\"><\/span><\/span><\/p>\n<p class=\"MsoNormal\">e:<span rel=\"893120309d313731a2311731b331393177311c31a73128319d311d3178312831bd312a3187313031b531\" class=\"cryptex \" style=\"\"><span class=\"CryptexImg ctxlNL_LNRzS5BhEFaC5picBHoaGmwopiwCqtySkgJShL0\"><\/span><\/span><\/p>\n<p class=\"MsoNormal\">e:<span rel=\"89312030b03139319f311731b4310830b0310f31ae31223179311d31a83120317b312231cc31\" class=\"cryptex \" style=\"\"><span class=\"CryptexImg ctxV3WP8ZwSog8lVqwlyXlzoSRniMOvTy90c_nODQm1EAg\"><\/span><\/span><\/p>\n<p class=\"MsoNormal\"><strong>Contacto UPM<\/strong><\/p>\n<p class=\"MsoNormal\">Programas de Innovaci&oacute;n y Emprendimiento<\/p>\n<p class=\"MsoNormal\">Centro de Apoyo a la Innovaci&oacute;n Tecnol&oacute;gica &ndash; UPM<\/p>\n<p class=\"MsoNormal\">e: <span rel=\"89312030a5313831a0312531b7312b31ac310f31b131243167311c319d311631bb312c31c5313a31a9312531ba310e3179313931c83139316a312131bb31\" class=\"cryptex \" style=\"\"><span class=\"CryptexImg ctxR7neImVV1tJoTSyttUGBAuiESKXKLLyzTwJSN1lk9Z0\"><\/span><\/span><\/p>\n<div class=\"pdfprnt-buttons pdfprnt-buttons-product pdfprnt-bottom-left\"><a href=\"https:\/\/www.upm.es\/recursosidi\/wp-json\/wp\/v2\/product\/11328?print=pdf\" class=\"pdfprnt-button pdfprnt-button-pdf\" target=\"_blank\"><span class=\"pdfprnt-button-title pdfprnt-button-pdf-title\">Descargar ficha<\/span><\/a><\/div>","protected":false},"excerpt":{"rendered":"<p>Fabricando etiquetas magn\u00e9ticas.<\/p>\n<p>Nuevo sistema econ\u00f3mico de etiquetado magn\u00e9tico para la protecci\u00f3n de productos.<\/p>\n","protected":false},"featured_media":11327,"template":"","meta":{"_acf_changed":false},"product_cat":[2384],"product_tag":[2430,2431,2286],"comunidades-upm":[],"quien":[],"mapa":[{"term_id":135,"name":"Industria, materiales y econom\u00eda circular","slug":"industria-materiales-economia_circular","term_group":0,"term_taxonomy_id":135,"taxonomy":"mapa","description":"","parent":0,"count":165,"filter":"raw","term_order":"13"},{"term_id":126,"name":"Tecnolog\u00edas digitales, Inteligencia Artificial, ciberseguridad, 5G, rob\u00f3tica","slug":"tecnologias_digitales-ai-ciberseguridad-5g-robotica","term_group":0,"term_taxonomy_id":126,"taxonomy":"mapa","description":"","parent":0,"count":194,"filter":"raw","term_order":"23"}],"disponibilidad":[{"term_id":205,"name":"Consultar disponibilidad","slug":"consultar","term_group":0,"term_taxonomy_id":205,"taxonomy":"disponibilidad","description":"","parent":0,"count":290,"filter":"raw","term_order":"0"}],"donde":[{"term_id":548,"name":"Grupo de Investigaci\u00f3n en Ingenier\u00eda Mar\u00edtima y Portuaria","slug":"grupo-de-investigacion-en-ingenieria-maritima-y-portuaria","term_group":0,"term_taxonomy_id":548,"taxonomy":"donde","description":"","parent":0,"count":16,"filter":"raw","term_order":"0"},{"term_id":1772,"name":"Maritime and Ports Engineering Research Group","slug":"en_maritime-and-ports-engineering-research-group","term_group":0,"term_taxonomy_id":1772,"taxonomy":"donde","description":"","parent":0,"count":10,"filter":"raw","term_order":"0"}],"infraestructura":[],"ods":[{"term_id":2247,"name":"Industria, Innovaci\u00f3n e Infraestructura","slug":"industria-innovacion-e-infraestructura","term_group":0,"term_taxonomy_id":2247,"taxonomy":"ods","description":"","parent":0,"count":171,"filter":"raw","term_order":"0"}],"origen":[{"term_id":192,"name":"Soluciones tecnol\u00f3gicas","slug":"soluciones-tecnologicas","term_group":0,"term_taxonomy_id":192,"taxonomy":"origen","description":"","parent":0,"count":278,"filter":"raw","term_order":"0"}],"familia_tax":false,"quien_tax":false,"donde_tax":false,"year":"2020-01-01","contacto":"ETS de Edificaci\u00f3n, Av. Juan de Herrera, 6, 28040, Madrid","telefono":"910675234","pagina_web":"https:\/\/www.edificacion.upm.es\/","email":"carlos.moron@upm.es","id_ficha_portal":"19","video":"","adjuntos":false,"adjuntos_portal":"","inf":false,"departamento":"","acf":[],"lang":"es","translation":{"es":11328,"en":11330},"_links":{"self":[{"href":"https:\/\/www.upm.es\/recursosidi\/wp-json\/wp\/v2\/product\/11328"}],"collection":[{"href":"https:\/\/www.upm.es\/recursosidi\/wp-json\/wp\/v2\/product"}],"about":[{"href":"https:\/\/www.upm.es\/recursosidi\/wp-json\/wp\/v2\/types\/product"}],"wp:featuredmedia":[{"embeddable":true,"href":"https:\/\/www.upm.es\/recursosidi\/wp-json\/wp\/v2\/media\/11327"}],"wp:attachment":[{"href":"https:\/\/www.upm.es\/recursosidi\/wp-json\/wp\/v2\/media?parent=11328"}],"wp:term":[{"taxonomy":"product_cat","embeddable":true,"href":"https:\/\/www.upm.es\/recursosidi\/wp-json\/wp\/v2\/product_cat?post=11328"},{"taxonomy":"product_tag","embeddable":true,"href":"https:\/\/www.upm.es\/recursosidi\/wp-json\/wp\/v2\/product_tag?post=11328"},{"taxonomy":"comunidad_upm","embeddable":true,"href":"https:\/\/www.upm.es\/recursosidi\/wp-json\/wp\/v2\/comunidades-upm?post=11328"},{"taxonomy":"quien","embeddable":true,"href":"https:\/\/www.upm.es\/recursosidi\/wp-json\/wp\/v2\/quien?post=11328"},{"taxonomy":"mapa","embeddable":true,"href":"https:\/\/www.upm.es\/recursosidi\/wp-json\/wp\/v2\/mapa?post=11328"},{"taxonomy":"disponibilidad","embeddable":true,"href":"https:\/\/www.upm.es\/recursosidi\/wp-json\/wp\/v2\/disponibilidad?post=11328"},{"taxonomy":"donde","embeddable":true,"href":"https:\/\/www.upm.es\/recursosidi\/wp-json\/wp\/v2\/donde?post=11328"},{"taxonomy":"infraestructura","embeddable":true,"href":"https:\/\/www.upm.es\/recursosidi\/wp-json\/wp\/v2\/infraestructura?post=11328"},{"taxonomy":"ods","embeddable":true,"href":"https:\/\/www.upm.es\/recursosidi\/wp-json\/wp\/v2\/ods?post=11328"},{"taxonomy":"origen","embeddable":true,"href":"https:\/\/www.upm.es\/recursosidi\/wp-json\/wp\/v2\/origen?post=11328"}],"curies":[{"name":"wp","href":"https:\/\/api.w.org\/{rel}","templated":true}]}}