{"id":11330,"date":"2022-10-27T11:50:45","date_gmt":"2022-10-27T09:50:45","guid":{"rendered":"https:\/\/www.upm.es\/recursosidi\/offers-resources\/sin categor\u00eda\/detima-making-magnetic-labels\/"},"modified":"2022-10-27T11:50:47","modified_gmt":"2022-10-27T09:50:47","slug":"detima-making-magnetic-labels","status":"publish","type":"product","link":"https:\/\/www.upm.es\/recursosidi\/en\/offers-resources\/technological-solutions\/detima-making-magnetic-labels\/","title":{"rendered":"DETIMA. Making Magnetic Labels"},"content":{"rendered":"<h4><strong>Brief description of the technology solution and the added value it provides <\/strong><\/h4>\n<p>Theft in Spain has meant losses of &euro; 2,487m in the period 2014-2015, 1.33% of retail sales. Data that skyrockets up to 4,144 million euros when we add the cost of crime with the expenses in prevention that must do the companies. A total of 2.21% of Spanish retail sales.<\/p>\n<p>DETIMA is a new device that allows to obtain &#8220;invisible&#8221; activatable and deactivable labels cheaper than the present ones.<\/p>\n<p>Their implementation would reduce the cost of the companies at least 10%.<\/p>\n<h4><strong>Description of the technological base<\/strong><\/h4>\n<p>Some of the magnetic labels on the market can be turned off (when taking a product from the store) or activated (when returning a book to the library). This kind of labels are composed of a base made of soft magnetic material, with various pieces of hard magnetic material placed on it. This method involves the use of two different materials and needs an expensive and complicated manufacturing process.<\/p>\n<p>DETIMA uses a single soft material, reducing costs. In addition, labels are easily hidden in products and implantable even at source.<\/p>\n<p style=\"text-align: center\"><span style=\"font-family: 'trebuchet ms', geneva;font-size: small\"><img decoding=\"async\" src=\"http:\/\/www.upm.es\/observatorio\/vi\/gestor_general\/recuperar_archivo.jsp?id=1390\" alt=\"\" width=\"300\" \/><\/span><\/p>\n<p style=\"text-align: center\"><em><strong><span style=\"font-family: 'trebuchet ms', geneva;font-size: small\">&#8220;Manufacturing speed can be high enough to integrate into industrial processes efficiently&#8221;<\/span><\/strong><\/em><\/p>\n<p><span style=\"font-family: 'trebuchet ms', geneva;font-size: small\">&nbsp;<\/span><\/p>\n<p><span style=\"font-family: 'trebuchet ms', geneva;font-size: small\">&nbsp;<\/span><\/p>\n<h4><strong>Market demands<\/strong><\/h4>\n<p><strong>Materials<\/strong><\/p>\n<p style=\"text-align: left\">Companies engaged in the manufacture of activatable and deactivable labels need to use two different materials (soft and hard). This causes the final product to become more expensive and companies can not allocate part of their resources to&nbsp; other areas such as modernization of facilities, marketing, etc.<\/p>\n<p><strong>Security<\/strong><\/p>\n<p>The economic losses of businesses due to the theft of their products have a very negative impact on the income statement.<br \/>It is critical to invest in electronic product safety to mitigate such losses.<\/p>\n<p style=\"text-align: center\"><em><strong><span style=\"font-family: 'trebuchet ms', geneva;font-size: small\">&nbsp;<\/span><\/strong><\/em><\/p>\n<p style=\"text-align: center\"><em><strong><span style=\"font-family: 'trebuchet ms', geneva;font-size: small\">&#8220;The aging of structures or the circumstances (earthquakes) will make reinforcement of structures more important in the future&#8221;<\/span><\/strong><\/em><\/p>\n<h4><strong>Competitive advantages<\/strong><\/h4>\n<ul>\n<li>The start up of the device is simple and fast since it is formed by very basic elements. This facilitates its implementation in security companies.<\/li>\n<li>DETIMA is not a risk because is an economic element and simple to operate.<\/li>\n<li>The labels obtained extend their durability s they do not need any degradable adhesive.<\/li>\n<li>Not needing two different materials reduces manufacturing costs by around 10%.<\/li>\n<li>The labels produced do not need a detection system different from the one that already exists, which facilitates its implantation and use in the stores.<\/li>\n<\/ul>\n<h4><strong>Development stage<\/strong><\/h4>\n<ul>\n<li>Concept<\/li>\n<li>Research<\/li>\n<li><strong><u>Lab prototype<\/u><\/strong><\/li>\n<li>Industrial prototype<\/li>\n<li>Production<\/li>\n<\/ul>\n<h4>Contact<\/h4>\n<p class=\"MsoNormal\"><strong>Contacto Detima<\/strong><\/p>\n<p class=\"MsoNormal\">Carlos Mor&oacute;n; e:<span rel=\"6f31333095311c31b5312f31c8313b3186311831af312d31b3313e3196313b31c3312c3167312931a731\" class=\"cryptex \" style=\"\"><span class=\"CryptexImg ctx57UbuyZX3fAcPpLbck4HZ8CNMXFsBsSsPzy0ZvYcuDA\"><\/span><\/span><\/p>\n<p class=\"MsoNormal\">Amparo Verd&uacute;; e:<span rel=\"6f31333093312831b3312431cb31373186312131a5312d31a831453196313b31c3312c3167312931a731\" class=\"cryptex \" style=\"\"><span class=\"CryptexImg ctxlNL_LNRzS5BhEFaC5picBHoaGmwopiwCqtySkgJShL0\"><\/span><\/span><\/p>\n<p class=\"MsoNormal\">Tom&aacute;s Gil; &nbsp;e:<span rel=\"6f313330a6312a31b0312431cc310a30bf311431ac31273184314531c631333181312431ac31\" class=\"cryptex \" style=\"\"><span class=\"CryptexImg ctxV3WP8ZwSog8lVqwlyXlzoSRniMOvTy90c_nODQm1EAg\"><\/span><\/span><\/p>\n<p class=\"MsoNormal\"><strong>Contacto UPM<\/strong><\/p>\n<p class=\"MsoNormal\">&Aacute;rea de Innovaci&oacute;n, Comercializaci&oacute;n y Creaci&oacute;n de Empresas<\/p>\n<p class=\"MsoNormal\">Centro de Apoyo a la Innovaci&oacute;n Tecnol&oacute;gica &ndash; UPM<\/p>\n<p class=\"MsoNormal\">e: <span rel=\"6f3133309b312931b1313231cf312931bb311431af31293172314431bb312931c1312e31a53133319b3126319b310d3184312531b53126316b310e31b131\" class=\"cryptex \" style=\"\"><span class=\"CryptexImg ctxR7neImVV1tJoTSyttUGBAuiESKXKLLyzTwJSN1lk9Z0\"><\/span><\/span><\/p>\n<div class=\"pdfprnt-buttons pdfprnt-buttons-product pdfprnt-bottom-left\"><a href=\"https:\/\/www.upm.es\/recursosidi\/wp-json\/wp\/v2\/product\/11330?print=pdf\" class=\"pdfprnt-button pdfprnt-button-pdf\" target=\"_blank\"><span class=\"pdfprnt-button-title pdfprnt-button-pdf-title\">Descargar ficha<\/span><\/a><\/div>","protected":false},"excerpt":{"rendered":"<p>DETIMA is a new device that allows to obtain &#8220;invisible&#8221; activatable and deactivable labels cheaper than the present ones.<\/p>\n","protected":false},"featured_media":11329,"template":"","meta":{"_acf_changed":false},"product_cat":[2386],"product_tag":[8445,8447,6469],"comunidades-upm":[],"quien":[],"mapa":[{"term_id":37,"name":"Digital Technologies, Artificial Intelligence, Cybersecurity, 5G, Robotics","slug":"digital_technologies-ai-cybersecurity-5g-robotics","term_group":0,"term_taxonomy_id":37,"taxonomy":"mapa","description":"","parent":0,"count":83,"filter":"raw","term_order":"24"},{"term_id":75,"name":"Industry, Materials and Circular Economy","slug":"industry-materials-circular_economy","term_group":0,"term_taxonomy_id":75,"taxonomy":"mapa","description":"","parent":0,"count":87,"filter":"raw","term_order":"14"}],"disponibilidad":[{"term_id":205,"name":"Consultar disponibilidad","slug":"consultar","term_group":0,"term_taxonomy_id":205,"taxonomy":"disponibilidad","description":"","parent":0,"count":290,"filter":"raw","term_order":"0"}],"donde":[{"term_id":548,"name":"Grupo de Investigaci\u00f3n en Ingenier\u00eda Mar\u00edtima y Portuaria","slug":"grupo-de-investigacion-en-ingenieria-maritima-y-portuaria","term_group":0,"term_taxonomy_id":548,"taxonomy":"donde","description":"","parent":0,"count":16,"filter":"raw","term_order":"0"},{"term_id":1772,"name":"Maritime and Ports Engineering Research Group","slug":"en_maritime-and-ports-engineering-research-group","term_group":0,"term_taxonomy_id":1772,"taxonomy":"donde","description":"","parent":0,"count":10,"filter":"raw","term_order":"0"}],"infraestructura":[],"ods":[{"term_id":2249,"name":"Industry, Innovation and Infrastructure","slug":"industry-innovation-and-infrastructure","term_group":0,"term_taxonomy_id":2249,"taxonomy":"ods","description":"","parent":0,"count":129,"filter":"raw","term_order":"0"}],"origen":[{"term_id":192,"name":"Soluciones tecnol\u00f3gicas","slug":"soluciones-tecnologicas","term_group":0,"term_taxonomy_id":192,"taxonomy":"origen","description":"","parent":0,"count":278,"filter":"raw","term_order":"0"}],"familia_tax":false,"quien_tax":false,"donde_tax":false,"year":"2020-01-01","contacto":"ETS de Edificaci\u00f3n, Av. Juan de Herrera, 6, 28040, Madrid","telefono":"910675234","pagina_web":"https:\/\/www.edificacion.upm.es\/","email":"carlos.moron@upm.es","id_ficha_portal":"19","video":"","adjuntos":false,"adjuntos_portal":"","inf":false,"departamento":"","acf":[],"lang":"en","translation":{"en":11330,"es":11328},"_links":{"self":[{"href":"https:\/\/www.upm.es\/recursosidi\/wp-json\/wp\/v2\/product\/11330"}],"collection":[{"href":"https:\/\/www.upm.es\/recursosidi\/wp-json\/wp\/v2\/product"}],"about":[{"href":"https:\/\/www.upm.es\/recursosidi\/wp-json\/wp\/v2\/types\/product"}],"wp:featuredmedia":[{"embeddable":true,"href":"https:\/\/www.upm.es\/recursosidi\/wp-json\/wp\/v2\/media\/11329"}],"wp:attachment":[{"href":"https:\/\/www.upm.es\/recursosidi\/wp-json\/wp\/v2\/media?parent=11330"}],"wp:term":[{"taxonomy":"product_cat","embeddable":true,"href":"https:\/\/www.upm.es\/recursosidi\/wp-json\/wp\/v2\/product_cat?post=11330"},{"taxonomy":"product_tag","embeddable":true,"href":"https:\/\/www.upm.es\/recursosidi\/wp-json\/wp\/v2\/product_tag?post=11330"},{"taxonomy":"comunidad_upm","embeddable":true,"href":"https:\/\/www.upm.es\/recursosidi\/wp-json\/wp\/v2\/comunidades-upm?post=11330"},{"taxonomy":"quien","embeddable":true,"href":"https:\/\/www.upm.es\/recursosidi\/wp-json\/wp\/v2\/quien?post=11330"},{"taxonomy":"mapa","embeddable":true,"href":"https:\/\/www.upm.es\/recursosidi\/wp-json\/wp\/v2\/mapa?post=11330"},{"taxonomy":"disponibilidad","embeddable":true,"href":"https:\/\/www.upm.es\/recursosidi\/wp-json\/wp\/v2\/disponibilidad?post=11330"},{"taxonomy":"donde","embeddable":true,"href":"https:\/\/www.upm.es\/recursosidi\/wp-json\/wp\/v2\/donde?post=11330"},{"taxonomy":"infraestructura","embeddable":true,"href":"https:\/\/www.upm.es\/recursosidi\/wp-json\/wp\/v2\/infraestructura?post=11330"},{"taxonomy":"ods","embeddable":true,"href":"https:\/\/www.upm.es\/recursosidi\/wp-json\/wp\/v2\/ods?post=11330"},{"taxonomy":"origen","embeddable":true,"href":"https:\/\/www.upm.es\/recursosidi\/wp-json\/wp\/v2\/origen?post=11330"}],"curies":[{"name":"wp","href":"https:\/\/api.w.org\/{rel}","templated":true}]}}