{"id":11333,"date":"2022-10-27T12:00:05","date_gmt":"2022-10-27T10:00:05","guid":{"rendered":"https:\/\/www.upm.es\/recursosidi\/offers-resources\/sin categor\u00eda\/d-house\/"},"modified":"2022-10-27T12:00:12","modified_gmt":"2022-10-27T10:00:12","slug":"d-house","status":"publish","type":"product","link":"https:\/\/www.upm.es\/recursosidi\/offers-resources\/soluciones-tecnologicas\/d-house\/","title":{"rendered":"D-HOUSE"},"content":{"rendered":"<h4 style=\"text-align: left\"><strong>Descripci&oacute;n breve conjunta de la soluci&oacute;n y valor a&ntilde;adido que aporta <\/strong><\/h4>\n<p class=\"MsoNormal\" style=\"text-align: justify\">El grupo de investigaci&oacute;n Life Supporting Technologies de la Universidad Polit&eacute;cnica de Madrid (UPM) ha desarrollado una soluci&oacute;n innovadora que apoya la gesti&oacute;n integral de la diabetes, en colaboraci&oacute;n con la Universidad Polit&eacute;cnica de Valencia y Medtronic Iberica. La soluci&oacute;n se puso a prueba en un estudio cl&iacute;nico exploratorio, en 4 centros cl&iacute;nicos con 51 pacientes y 24 profesionales de la atenci&oacute;n sanitaria. Su objetivo central es mejorar la gesti&oacute;n de la diabetes, dotando a los pacientes y m&eacute;dicos de una plataforma tecnol&oacute;gica para ayudarles a gestionar y analizar toda la informaci&oacute;n relacionada con el tratamiento de la diabetes, integr&aacute;ndolo con los datos del estilo de vida de los pacientes.&nbsp; La plataforma permite la interoperabilidad y transferencia de datos entre los diferentes dispositivos de control, bas&aacute;ndose en sem&aacute;nticas compartidas. Las aplicaciones pueden ser utilizadas desde un Smartphone, Tablet y Ordenadores y es posible personalizarlas para diferentes perfiles de usuario, soportando funcionalidades de monitorizaci&oacute;n, educaci&oacute;n y comunicaci&oacute;n en el &aacute;mbito de la asistencia sanitaria. El valor agregado y la eficacia de un&nbsp; sistema integrado consiste en ofrecer mejores prestaciones que si se usaran sus componentes por separado, en t&eacute;rminos de diagn&oacute;stico, cuidado y estrategia adoptada<span style=\"font-size: small\">.<\/span><\/p>\n<h4 style=\"text-align: left\"><strong>Descripci&oacute;n de la base tecnol&oacute;gica<\/strong><\/h4>\n<p style=\"text-align: justify\">La soluci&oacute;n proporciona un marco para la gesti&oacute;n de la diabetes implementado en una plataforma tecnol&oacute;gica.&nbsp;La asistencia a los profesionales y pacientes se proporciona mediante aplicaciones que se ejecutan en m&uacute;ltiples plataformas y con m&uacute;ltiples niveles de interacci&oacute;n, en funci&oacute;n de sus perfiles.&nbsp;Se implement&oacute; una clasificaci&oacute;n y estratificaci&oacute;n de los pacientes.<\/p>\n<p style=\"text-align: justify\">Las directrices de la Asociaci&oacute;n Americana de Diabetes&nbsp; han sido modeladas en un Panel de Control Profesional dise&ntilde;ado para la monitorizaci&oacute;n del paciente, su educaci&oacute;n, su prescripci&oacute;n m&eacute;dica y el seguimiento de sus actividades diarias.<\/p>\n<p style=\"text-align: justify\">Los pacientes con diabetes tipo 1 y 2 cuentan con herramientas que le permiten auto-gestionar su enfermedad y concientizarse sobre los h&aacute;bitos de vida saludables.<\/p>\n<p style=\"text-align: justify\">Pocas soluciones son tan globales como D-House y el sector sanitario (el sector privado, principalmente) est&aacute; demandando estas tecnolog&iacute;as.<\/p>\n<p style=\"text-align: center\"><em>&#8220;D-House responde a la necesidad de los profesionales de la salud proporcionando una herramienta m&aacute;s eficaz para la atenci&oacute;n sanitaria, y capacitando a los pacientes para ser protagonistas de su cuidado&#8221;<\/em><\/p>\n<p style=\"text-align: justify\"><span style=\"font-size: small\">&nbsp;<\/span><\/p>\n<h4 style=\"text-align: left\"><strong>Necesidades de negocio \/ aplicaci&oacute;n<\/strong><\/h4>\n<div>\n<ul>\n<li>\n<p style=\"text-align: justify\">La diabetes es una de las enfermedades m&aacute;s importantes. Para el 2030 se estima que 550M de personas sufrir&aacute;n diabetes (OMS).<\/p>\n<\/li>\n<li style=\"text-align: justify\">\n<p>El sector sanitario est&aacute; evolucionando hacia nuevos modelos donde son necesarias las colaboraciones p&uacute;blico-privado, la atenci&oacute;n centrada en el paciente, la prevenci&oacute;n de la aparici&oacute;n de complicaciones y la educaci&oacute;n sanitaria.<\/p>\n<\/li>\n<li style=\"text-align: justify\">\n<p>Las inversiones en tecnolog&iacute;as de la salud y la electr&oacute;nica de consumo, incluidos los servicios orientados a la salud han experimentado un crecimiento exponencial.<\/p>\n<\/li>\n<li style=\"text-align: justify\">\n<p>La monitorizaci&oacute;n de la salud mediante dispositivos m&oacute;viles fue una de las diez aplicaciones principales en el a&ntilde;o 2012 (Gartner).<\/p>\n<\/li>\n<\/ul>\n<p style=\"text-align: center\"><em>&ldquo;La salud es un proceso, no s&oacute;lo un resultado: Los pacientes diab&eacute;ticos deben ser seguidos a lo largo de todo el tratamiento y deben conocer su funci&oacute;n y la del sistema sanitario en cada etapa&rdquo;<\/em><\/p>\n<p style=\"text-align: center\">&nbsp;<\/p>\n<\/div>\n<h4><strong>Ventajas competitivas<\/strong><\/h4>\n<div style=\"text-align: justify\">\n<ul>\n<li>\n<p style=\"text-align: justify\">Sistema integral y al mismo tiempo soluciones con capacidad de adaptaci&oacute;n.<\/p>\n<\/li>\n<li style=\"text-align: justify\">\n<p>Sencillo y a la vez desarrollado con un trasfondo cient&iacute;fico.&nbsp;<\/p>\n<\/li>\n<li style=\"text-align: justify\">\n<p>Independiente de soluciones propietarias en beneficio de un desarrollo interoperable.<\/p>\n<\/li>\n<li style=\"text-align: justify\">\n<p>Aplicaciones software de bajo costo.<\/p>\n<\/li>\n<li style=\"text-align: justify\">\n<p>Validado en un estudio exploratorio con 51 pacientes y 24 profesionales de la salud. La usabilidad, aceptaci&oacute;n y satisfacci&oacute;n del usuario y la viabilidad t&eacute;cnica han sido evaluados obteniendo resultados satisfactorios. Las tendencias de los par&aacute;metros cl&iacute;nicos fueron detectadas en la etapa inicial.<\/p>\n<\/li>\n<li style=\"text-align: justify\">\n<p>Dependiendo del usuario y el estadio de la enfermedad, se ofrecen herramientas y soluciones espec&iacute;ficas, abarcando la educaci&oacute;n, monitorizaci&oacute;n y seguimiento en modalidad &ldquo;ligera&rdquo; y &ldquo;profunda&rdquo;.<\/p>\n<\/li>\n<li>\n<p style=\"text-align: justify\">Se recibieron cr&iacute;ticas positivas cuando fue presentado el concepto y su aplicaci&oacute;n a los potenciales clientes y a los usuarios finales.<\/p>\n<\/li>\n<\/ul>\n<p style=\"text-align: left\"><strong style=\"font-size: 22px\">Referencias&nbsp;<\/strong><\/p>\n<\/div>\n<ul>\n<li>\n<p style=\"text-align: justify\">El proyecto fue evaluado con la nota m&aacute;xima (&#8220;Excelente&#8221;) por el equipo de expertos designado por la Comisi&oacute;n Europea.<\/p>\n<\/li>\n<li>\n<p style=\"text-align: justify\">Colaboraci&oacute;n multidisciplinaria de alto nivel en la asistencia sanitaria y la tecnolog&iacute;a: Medtronic, Centro de Salud ASL Modena, Hospital Universitario de Parma, Hospital Cl&iacute;nico de Madrid y Charles University Hospital&nbsp; de Praga.<\/p>\n<\/li>\n<\/ul>\n<h4 style=\"text-align: left\"><strong>Grado de desarrollo<\/strong><\/h4>\n<ul>\n<li>\n<p><span style=\"font-size: small\">Concepto<\/span><\/p>\n<\/li>\n<li>\n<p><span style=\"font-size: small\">Investigaci&oacute;n<\/span><\/p>\n<\/li>\n<li>\n<p><span style=\"text-decoration: underline\"><strong><span style=\"font-size: small\">Prototipo-Lab<\/span><\/strong><\/span><\/p>\n<\/li>\n<li>\n<p><span style=\"font-size: small\">Prototipo Industrial<\/span><\/p>\n<\/li>\n<li>\n<p><span style=\"font-size: small\">Producci&oacute;n<\/span><\/p>\n<\/li>\n<\/ul>\n<h4><strong>Contacto<\/strong><\/h4>\n<p style=\"text-align: justify\"><strong>Contacto&nbsp; D-House<\/strong><\/p>\n<p style=\"text-align: justify\">Giuseppe Fico, Mar&iacute;a Teresa Arredondo<\/p>\n<p style=\"text-align: justify\">Life Supporting Technologies &#8211; UPM<\/p>\n<p style=\"text-align: justify\">e: <span rel=\"71311b30af312b31a2312b31aa310f30b9313f31c6310e30c6312131c3311430c2311931bc311b30b0312a31\" class=\"cryptex \" style=\"\"><span class=\"CryptexImg ctx0XuHhNLp_CGgn53v8C6ifFy8qNAezJFv_GhaGN8HPB0\"><\/span><\/span><\/p>\n<p style=\"text-align: justify\">e: <span rel=\"71311b30b53139319a310831a7312431c1310630c6312a31c1311730c9312e31ba312930b4312a31\" class=\"cryptex \" style=\"\"><span class=\"CryptexImg ctxQ1bmhMoHnSJZ_QVIxwfaLDrvHH0LhV2YduqdQ-XKWA0\"><\/span><\/span><\/p>\n<p style=\"text-align: justify\"><strong>Contacto UPM<\/strong><\/p>\n<p>Programas de Innovaci&oacute;n y Emprendimiento<\/p>\n<p style=\"text-align: justify\">Centro de Apoyo a la Innovaci&oacute;n Tecnol&oacute;gica&nbsp; &ndash; UPM<\/p>\n<p style=\"text-align: justify\">e: <span rel=\"71311b30b1313331a7313731b1311231b0313531c131323180312f31b9312131bb311831bb312631b23120319d312c318b311f31a0312c3177312331b731\" class=\"cryptex \" style=\"\"><span class=\"CryptexImg ctxR7neImVV1tJoTSyttUGBAuiESKXKLLyzTwJSN1lk9Z0\"><\/span><\/span><\/p>\n<div class=\"pdfprnt-buttons pdfprnt-buttons-product pdfprnt-bottom-left\"><a href=\"https:\/\/www.upm.es\/recursosidi\/wp-json\/wp\/v2\/product\/11333?print=pdf\" class=\"pdfprnt-button pdfprnt-button-pdf\" target=\"_blank\"><span class=\"pdfprnt-button-title pdfprnt-button-pdf-title\">Descargar ficha<\/span><\/a><\/div>","protected":false},"excerpt":{"rendered":"<p>Gesti\u00f3n conjunta de pacientes diab\u00e9ticos.<\/p>\n<p>Las tecnolog\u00edas y el enfoque centrado en los procesos facilitan un mejor diagn\u00f3stico, tratamiento y gesti\u00f3n de pacientes durante todo el per\u00edodo de cuidado y atenci\u00f3n. \u00a0\u00a0<\/p>\n","protected":false},"featured_media":11331,"template":"","meta":{"_acf_changed":false},"product_cat":[2384],"product_tag":[2482,2308],"comunidades-upm":[],"quien":[],"mapa":[{"term_id":122,"name":"Salud y bienestar","slug":"salud-y-bienestar","term_group":0,"term_taxonomy_id":122,"taxonomy":"mapa","description":"","parent":0,"count":105,"filter":"raw","term_order":"17"}],"disponibilidad":[{"term_id":205,"name":"Consultar disponibilidad","slug":"consultar","term_group":0,"term_taxonomy_id":205,"taxonomy":"disponibilidad","description":"","parent":0,"count":290,"filter":"raw","term_order":"0"}],"donde":[{"term_id":1780,"name":"Center for Biomedical Technology","slug":"en_center-for-biomedical-technology","term_group":0,"term_taxonomy_id":1780,"taxonomy":"donde","description":"","parent":0,"count":56,"filter":"raw","term_order":"0"},{"term_id":556,"name":"Centro de Tecnolog\u00eda Biom\u00e9dica (CTB)","slug":"centro-de-tecnologia-biomedica-ctb","term_group":0,"term_taxonomy_id":556,"taxonomy":"donde","description":"","parent":0,"count":84,"filter":"raw","term_order":"0"},{"term_id":1700,"name":"Life Support Technologies","slug":"en_life-support-technologies","term_group":0,"term_taxonomy_id":1700,"taxonomy":"donde","description":"Somos uno de los principales grupos europeos de investigaci\u00f3n e innovaci\u00f3n en el sector de la eSalud y la eInclusion social y mantenemos colaboraciones estables con el sector privado y p\u00fablico en diversas \u00e1reas de I+D+i.\r\nTenemos una larga trayectoria en el dise\u00f1o, desarrollo y evaluaci\u00f3n de servicios y aplicaciones basados en las Tecnolog\u00edas de la Informaci\u00f3n y la Comunicaci\u00f3n para la creaci\u00f3n y promoci\u00f3n de nuevas ideas, m\u00e9todos y soluciones tecnol\u00f3gicas en todos los aspectos de la cadena de valor de las organizaciones.\r\n\r\nNuestros principales ejes de investigaci\u00f3n son:\r\n\r\nTIC en sanidad y servicios sociales (e-salud y e-inclusi\u00f3n)\r\nNeurofot\u00f3nica\r\nRedes y Sensores Fot\u00f3nicos","parent":0,"count":16,"filter":"raw","term_order":"0"},{"term_id":476,"name":"Tecnolog\u00edas de Apoyo a la Vida","slug":"tecnologias-de-apoyo-a-la-vida","term_group":0,"term_taxonomy_id":476,"taxonomy":"donde","description":"Somos uno de los principales grupos europeos de investigaci\u00f3n e innovaci\u00f3n en el sector de la eSalud y la eInclusion social y mantenemos colaboraciones estables con el sector privado y p\u00fablico en diversas \u00e1reas de I+D+i.\r\nTenemos una larga trayectoria en el dise\u00f1o, desarrollo y evaluaci\u00f3n de servicios y aplicaciones basados en las Tecnolog\u00edas de la Informaci\u00f3n y la Comunicaci\u00f3n para la creaci\u00f3n y promoci\u00f3n de nuevas ideas, m\u00e9todos y soluciones tecnol\u00f3gicas en todos los aspectos de la cadena de valor de las organizaciones.\r\n\r\nNuestros principales ejes de investigaci\u00f3n son:\r\n\r\nTIC en sanidad y servicios sociales (e-salud y e-inclusi\u00f3n)\r\nNeurofot\u00f3nica\r\nRedes y Sensores Fot\u00f3nicos","parent":0,"count":23,"filter":"raw","term_order":"0"}],"infraestructura":[],"ods":[{"term_id":2271,"name":"Salud y Bienestar","slug":"salud-y-bienestar","term_group":0,"term_taxonomy_id":2271,"taxonomy":"ods","description":"","parent":0,"count":59,"filter":"raw","term_order":"0"}],"origen":[{"term_id":192,"name":"Soluciones tecnol\u00f3gicas","slug":"soluciones-tecnologicas","term_group":0,"term_taxonomy_id":192,"taxonomy":"origen","description":"","parent":0,"count":278,"filter":"raw","term_order":"0"}],"familia_tax":false,"quien_tax":false,"donde_tax":false,"year":"2020-01-01","contacto":"Avenida Complutense, n\u00ba 30 28040 Madrid","telefono":"910672479","pagina_web":"http:\/\/www.etsit.upm.es\/","email":"mta@lst.tfo.upm.es","id_ficha_portal":"91","video":"","adjuntos":false,"adjuntos_portal":"","inf":false,"departamento":"","acf":[],"lang":"es","translation":{"es":11333,"en":11336},"_links":{"self":[{"href":"https:\/\/www.upm.es\/recursosidi\/wp-json\/wp\/v2\/product\/11333"}],"collection":[{"href":"https:\/\/www.upm.es\/recursosidi\/wp-json\/wp\/v2\/product"}],"about":[{"href":"https:\/\/www.upm.es\/recursosidi\/wp-json\/wp\/v2\/types\/product"}],"wp:featuredmedia":[{"embeddable":true,"href":"https:\/\/www.upm.es\/recursosidi\/wp-json\/wp\/v2\/media\/11331"}],"wp:attachment":[{"href":"https:\/\/www.upm.es\/recursosidi\/wp-json\/wp\/v2\/media?parent=11333"}],"wp:term":[{"taxonomy":"product_cat","embeddable":true,"href":"https:\/\/www.upm.es\/recursosidi\/wp-json\/wp\/v2\/product_cat?post=11333"},{"taxonomy":"product_tag","embeddable":true,"href":"https:\/\/www.upm.es\/recursosidi\/wp-json\/wp\/v2\/product_tag?post=11333"},{"taxonomy":"comunidad_upm","embeddable":true,"href":"https:\/\/www.upm.es\/recursosidi\/wp-json\/wp\/v2\/comunidades-upm?post=11333"},{"taxonomy":"quien","embeddable":true,"href":"https:\/\/www.upm.es\/recursosidi\/wp-json\/wp\/v2\/quien?post=11333"},{"taxonomy":"mapa","embeddable":true,"href":"https:\/\/www.upm.es\/recursosidi\/wp-json\/wp\/v2\/mapa?post=11333"},{"taxonomy":"disponibilidad","embeddable":true,"href":"https:\/\/www.upm.es\/recursosidi\/wp-json\/wp\/v2\/disponibilidad?post=11333"},{"taxonomy":"donde","embeddable":true,"href":"https:\/\/www.upm.es\/recursosidi\/wp-json\/wp\/v2\/donde?post=11333"},{"taxonomy":"infraestructura","embeddable":true,"href":"https:\/\/www.upm.es\/recursosidi\/wp-json\/wp\/v2\/infraestructura?post=11333"},{"taxonomy":"ods","embeddable":true,"href":"https:\/\/www.upm.es\/recursosidi\/wp-json\/wp\/v2\/ods?post=11333"},{"taxonomy":"origen","embeddable":true,"href":"https:\/\/www.upm.es\/recursosidi\/wp-json\/wp\/v2\/origen?post=11333"}],"curies":[{"name":"wp","href":"https:\/\/api.w.org\/{rel}","templated":true}]}}