{"id":11349,"date":"2022-10-27T12:56:54","date_gmt":"2022-10-27T10:56:54","guid":{"rendered":"https:\/\/www.upm.es\/recursosidi\/offers-resources\/sin categor\u00eda\/dosirad\/"},"modified":"2022-10-27T12:57:02","modified_gmt":"2022-10-27T10:57:02","slug":"dosirad","status":"publish","type":"product","link":"https:\/\/www.upm.es\/recursosidi\/offers-resources\/soluciones-tecnologicas\/dosirad\/","title":{"rendered":"DOSIRAD"},"content":{"rendered":"<h4 style=\"text-align: left\"><strong>Descripci&oacute;n breve conjunta de la soluci&oacute;n y valor a&ntilde;adido que aporta <\/strong><\/h4>\n<p style=\"text-align: justify\">El Laboratorio de Bioelectromagnetismo del Centro de Tecnolog&iacute;a Biom&eacute;dica de la UPM (CTB) ha desarrollado un equipo de bolsillo, f&aacute;cilmente transportable, debido a sus reducidas dimensiones, que permite realizar un seguimiento continuado de los niveles de exposici&oacute;n a las radiaciones electromagn&eacute;ticas a las que est&aacute; sometido el sujeto que porta&nbsp; dicho dispositivo.<\/p>\n<h4 style=\"text-align: left\"><strong>Descripci&oacute;n de la base tecnol&oacute;gica<\/strong><\/h4>\n<p style=\"text-align: justify\">La soluci&oacute;n DOSIRED comprende un dispositivo dosim&eacute;trico individual que permite el registro de los niveles de radiaci&oacute;n electromagn&eacute;tica, estando comprendido el rango de frecuencias capaces de ser percibidas desde los 50 MHz hasta los 6 GHz en canales de 10 MHz de ancho de banda, por lo que puede registrar la exposici&oacute;n a los diferentes campos emitidos por las tecnolog&iacute;as que nos rodean en nuestro d&iacute;a a d&iacute;a. Los datos recogidos por DOSIRED pueden ser analizados posteriormente mediante software espec&iacute;fico, permitiendo la creaci&oacute;n de un mapa de la exposici&oacute;n a los campos electromagn&eacute;ticos a los que el individuo se ve expuesto.<\/p>\n<p style=\"text-align: center\"><span style=\"font-size: small\"><em>&ldquo;DOSIRAD registra la exposici&oacute;n a los campos electromagn&eacute;ticos creando un mapa de los diferentes lugares de exposici&oacute;n y la intensidad de la misma&rdquo;<\/em><\/span><em><span style=\"font-size: small\">&nbsp;<\/span><\/em><\/p>\n<p style=\"text-align: center\">&nbsp;<\/p>\n<h4 style=\"text-align: left\"><strong>Necesidades de negocio \/ aplicaci&oacute;n<\/strong><\/h4>\n<ul>\n<li>\n<p style=\"text-align: justify\">Los campos electromagn&eacute;ticos est&aacute;n presentes en la vida natural del planeta, procedentes del Sol, la Luna y otras fuentes del cosmos,. A&uacute;n as&iacute;, en los &uacute;ltimos 20 a&ntilde;os los entornos de los n&uacute;cleos urbanos han cambiado dram&aacute;ticamente, aumentando los niveles de microondas en 6 magnitudes con respecto a los niveles esperados en 1979, principalmente por los desarrollos de las comunicaciones inal&aacute;mbricas, la adopci&oacute;n masiva de los m&oacute;viles GSM-DCS y los repetidores de se&ntilde;ales asociados a los mismos.<\/p>\n<\/li>\n<li style=\"text-align: justify\">\n<p>Seg&uacute;n el Parlamento Europeo (PE n&ordm;. 297,574 de marzo 2001) existen suficientes evidencias de potenciales efectos da&ntilde;inos de los campos electromagn&eacute;ticos sobre la fauna, flora y la salud humana para reaccionar y protegerse contra potenciales riesgos ambientales y sanitarios graves.<\/p>\n<\/li>\n<li style=\"text-align: justify\">\n<p>La mayor&iacute;a de la normativa de regulaci&oacute;n de emisiones EM se basa &uacute;nicamente en los efectos t&eacute;rmicos, no habiendo tenido tan en consideraci&oacute;n los efectos no t&eacute;rmicos evidenciados en casos de hipersensibilidad a los campos electromagn&eacute;ticos.<\/p>\n<\/li>\n<\/ul>\n<h4 style=\"text-align: left\"><strong>Ventajas competitivas<\/strong><\/h4>\n<ul>\n<li>\n<p style=\"text-align: justify\">Los modelos comerciales actuales son mucho m&aacute;s grandes y costosos, DOSIRAD tiene el tama&ntilde;o y forma de una tarjeta de cr&eacute;dito que facilita el poder llevarlo en cualquier momento y lugar.<\/p>\n<\/li>\n<li style=\"text-align: justify\">\n<p>Mientras que los modelos comerciales solamente avisan cuando se llegan a ciertos l&iacute;mites de exposici&oacute;n, DOSIRED permite un amplio y continuo barrido de frecuencias (50 MHz a 6 GHz).<\/p>\n<\/li>\n<li style=\"text-align: justify\">\n<p>Permite diferenciar las fuentes de los campos electromagn&eacute;ticos, realizar mapas de rastreo y almacenamiento continuo del historial de exposici&oacute;n.<\/p>\n<\/li>\n<li>\n<p style=\"text-align: justify\">Se puede llevar un amplio control gracias al portal web donde el individuo puede ver los datos almacenados expuestos en el punto anterior.<\/p>\n<\/li>\n<\/ul>\n<h4 style=\"text-align: left\"><strong>Referencias<\/strong><\/h4>\n<p style=\"text-align: justify\">El Laboratorio de Bioelectromagnetismo del CTB-UPM es una referencia a nivel internacional en el estudio de la patolog&iacute;a y los efectos de la contaminaci&oacute;n electromagn&eacute;tica, con m&aacute;s de 15 a&ntilde;os de estudio en este campo, publicaciones en revistas de impacto y exposiciones en congresos de alto nivel cient&iacute;fico internacional.<\/p>\n<h4 style=\"text-align: left\"><strong>Protecci&oacute;n industrial<\/strong><\/h4>\n<p>Patente concedida en Espa&ntilde;a ES2378796<\/p>\n<h4 style=\"text-align: left\"><strong>Grado de desarrollo<\/strong><\/h4>\n<ul>\n<li>\n<p>Concepto<\/p>\n<\/li>\n<li>\n<p>Investigaci&oacute;n<\/p>\n<\/li>\n<li>\n<p><span style=\"text-decoration: underline\"><strong>Prototipo Lab<\/strong><\/span><\/p>\n<\/li>\n<li>\n<p>Prototipo industrial<\/p>\n<\/li>\n<li>\n<p>Producci&oacute;n<\/p>\n<\/li>\n<\/ul>\n<h4 style=\"text-align: left\"><strong>Contacto<\/strong><\/h4>\n<p style=\"text-align: justify\"><strong>Contacto&nbsp; DOSIRAD<\/strong><\/p>\n<p style=\"text-align: justify\">Dr. Ceferino Maest&uacute;<\/p>\n<p style=\"text-align: justify\">Laboratorio de Bioelectromagnetismo, CTB-UPM<\/p>\n<p style=\"text-align: justify\">e: <span rel=\"71310f3093311831a9310b31a4312331b831203168313c31a7311c31a9311a31a9310630a1312e31ac312a30ae3116319d310630ba311e31\" class=\"cryptex \" style=\"\"><span class=\"CryptexImg ctxgVJqCep5cBH4D1zXaRlvM-f3t4j5sHjkAEoD-JJlD5Q\"><\/span><\/span><\/p>\n<p style=\"text-align: justify\"><strong>Contacto UPM<\/strong><\/p>\n<p style=\"text-align: justify\">Programas de Innovaci&oacute;n y Emprendimiento<\/p>\n<p style=\"text-align: justify\">Centro de Apoyo a la Innovaci&oacute;n Tecnol&oacute;gica &ndash; UPM<\/p>\n<p style=\"text-align: justify\">e: <span rel=\"71310f3099312131b1311531a8311b31ad311a31a9313d3174312b319b310931a2312931aa312931b13111319c31073170314131c531183175311f31a431\" class=\"cryptex \" style=\"\"><span class=\"CryptexImg ctxR7neImVV1tJoTSyttUGBAuiESKXKLLyzTwJSN1lk9Z0\"><\/span><\/span><\/p>\n<div class=\"pdfprnt-buttons pdfprnt-buttons-product pdfprnt-bottom-left\"><a href=\"https:\/\/www.upm.es\/recursosidi\/wp-json\/wp\/v2\/product\/11349?print=pdf\" class=\"pdfprnt-button pdfprnt-button-pdf\" target=\"_blank\"><span class=\"pdfprnt-button-title pdfprnt-button-pdf-title\">Descargar ficha<\/span><\/a><\/div>","protected":false},"excerpt":{"rendered":"<p>Midiendo los niveles de radiaci\u00f3n electromagn\u00e9tica. <\/p>\n<p>Dispositivo dosim\u00e9trico individual de registro de los niveles de radiaci\u00f3n electromagn\u00e9tica.<\/p>\n","protected":false},"featured_media":11347,"template":"","meta":{"_acf_changed":false},"product_cat":[2384],"product_tag":[3479],"comunidades-upm":[],"quien":[],"mapa":[{"term_id":122,"name":"Salud y bienestar","slug":"salud-y-bienestar","term_group":0,"term_taxonomy_id":122,"taxonomy":"mapa","description":"","parent":0,"count":105,"filter":"raw","term_order":"17"}],"disponibilidad":[{"term_id":205,"name":"Consultar disponibilidad","slug":"consultar","term_group":0,"term_taxonomy_id":205,"taxonomy":"disponibilidad","description":"","parent":0,"count":290,"filter":"raw","term_order":"0"}],"donde":[{"term_id":1780,"name":"Center for Biomedical Technology","slug":"en_center-for-biomedical-technology","term_group":0,"term_taxonomy_id":1780,"taxonomy":"donde","description":"","parent":0,"count":56,"filter":"raw","term_order":"0"},{"term_id":556,"name":"Centro de Tecnolog\u00eda Biom\u00e9dica (CTB)","slug":"centro-de-tecnologia-biomedica-ctb","term_group":0,"term_taxonomy_id":556,"taxonomy":"donde","description":"","parent":0,"count":84,"filter":"raw","term_order":"0"},{"term_id":1842,"name":"Health Sciences Technologies","slug":"en_health-sciences-technologies","term_group":0,"term_taxonomy_id":1842,"taxonomy":"donde","description":"","parent":0,"count":7,"filter":"raw","term_order":"0"},{"term_id":620,"name":"Tecnolog\u00edas para Ciencias de la Salud","slug":"tecnologias-para-ciencias-de-la-salud","term_group":0,"term_taxonomy_id":620,"taxonomy":"donde","description":"","parent":0,"count":21,"filter":"raw","term_order":"0"}],"infraestructura":[],"ods":[{"term_id":2271,"name":"Salud y Bienestar","slug":"salud-y-bienestar","term_group":0,"term_taxonomy_id":2271,"taxonomy":"ods","description":"","parent":0,"count":59,"filter":"raw","term_order":"0"}],"origen":[{"term_id":192,"name":"Soluciones tecnol\u00f3gicas","slug":"soluciones-tecnologicas","term_group":0,"term_taxonomy_id":192,"taxonomy":"origen","description":"","parent":0,"count":278,"filter":"raw","term_order":"0"}],"familia_tax":false,"quien_tax":false,"donde_tax":false,"year":"2020-01-01","contacto":"CTB - UPM, Campus de Montegancedo, 28660 Boadilla del Monte (Madrid)","telefono":"913364655","pagina_web":"http:\/\/www.ctb.upm.es\/","email":"ceferino.maestu@ctb.upm.es","id_ficha_portal":"21","video":"","adjuntos":false,"adjuntos_portal":"","inf":false,"departamento":"","acf":[],"lang":"es","translation":{"es":11349,"en":11352},"_links":{"self":[{"href":"https:\/\/www.upm.es\/recursosidi\/wp-json\/wp\/v2\/product\/11349"}],"collection":[{"href":"https:\/\/www.upm.es\/recursosidi\/wp-json\/wp\/v2\/product"}],"about":[{"href":"https:\/\/www.upm.es\/recursosidi\/wp-json\/wp\/v2\/types\/product"}],"wp:featuredmedia":[{"embeddable":true,"href":"https:\/\/www.upm.es\/recursosidi\/wp-json\/wp\/v2\/media\/11347"}],"wp:attachment":[{"href":"https:\/\/www.upm.es\/recursosidi\/wp-json\/wp\/v2\/media?parent=11349"}],"wp:term":[{"taxonomy":"product_cat","embeddable":true,"href":"https:\/\/www.upm.es\/recursosidi\/wp-json\/wp\/v2\/product_cat?post=11349"},{"taxonomy":"product_tag","embeddable":true,"href":"https:\/\/www.upm.es\/recursosidi\/wp-json\/wp\/v2\/product_tag?post=11349"},{"taxonomy":"comunidad_upm","embeddable":true,"href":"https:\/\/www.upm.es\/recursosidi\/wp-json\/wp\/v2\/comunidades-upm?post=11349"},{"taxonomy":"quien","embeddable":true,"href":"https:\/\/www.upm.es\/recursosidi\/wp-json\/wp\/v2\/quien?post=11349"},{"taxonomy":"mapa","embeddable":true,"href":"https:\/\/www.upm.es\/recursosidi\/wp-json\/wp\/v2\/mapa?post=11349"},{"taxonomy":"disponibilidad","embeddable":true,"href":"https:\/\/www.upm.es\/recursosidi\/wp-json\/wp\/v2\/disponibilidad?post=11349"},{"taxonomy":"donde","embeddable":true,"href":"https:\/\/www.upm.es\/recursosidi\/wp-json\/wp\/v2\/donde?post=11349"},{"taxonomy":"infraestructura","embeddable":true,"href":"https:\/\/www.upm.es\/recursosidi\/wp-json\/wp\/v2\/infraestructura?post=11349"},{"taxonomy":"ods","embeddable":true,"href":"https:\/\/www.upm.es\/recursosidi\/wp-json\/wp\/v2\/ods?post=11349"},{"taxonomy":"origen","embeddable":true,"href":"https:\/\/www.upm.es\/recursosidi\/wp-json\/wp\/v2\/origen?post=11349"}],"curies":[{"name":"wp","href":"https:\/\/api.w.org\/{rel}","templated":true}]}}