{"id":11379,"date":"2022-10-28T11:56:41","date_gmt":"2022-10-28T09:56:41","guid":{"rendered":"https:\/\/www.upm.es\/recursosidi\/offers-resources\/sin categor\u00eda\/fabres\/"},"modified":"2022-10-28T11:56:55","modified_gmt":"2022-10-28T09:56:55","slug":"fabres","status":"publish","type":"product","link":"https:\/\/www.upm.es\/recursosidi\/offers-resources\/soluciones-tecnologicas\/fabres\/","title":{"rendered":"FABRES"},"content":{"rendered":"<h4 style=\"text-align: left\"><strong>Descripci&oacute;n breve conjunta de la soluci&oacute;n y valor a&ntilde;adido que aporta <\/strong><\/h4>\n<p style=\"text-align: justify\">Investigadores de la Universidad Polit&eacute;cnica de Madrid (UPM) han desarrollado un dispositivo para mejorar la traba entre f&aacute;bricas compuestas por materiales de diferentes dimensiones o naturaleza. El mismo, resuelve la junta constructiva que se produce en un cerramiento, cuando se utilizan ladrillos de diferentes medidas, como por ejemplo el de cara vista y el tosco. Esta invenci&oacute;n se encuadra en el sector t&eacute;cnico de la instrumentaci&oacute;n aplicada en el &aacute;mbito de la Arquitectura y de la Ingenier&iacute;a Civil. En particular, se refiere a una junta para la uni&oacute;n de dos muros de f&aacute;brica de igual o diferentes alturas, dimensiones y\/o materiales.&nbsp;<\/p>\n<h4 style=\"text-align: left\"><strong>Descripci&oacute;n de la base tecnol&oacute;gica<\/strong><\/h4>\n<p style=\"text-align: justify\"><span style=\"font-size: small\"><img decoding=\"async\" style=\"float: left;margin: 10px\" title=\"FABRES\" src=\"http:\/\/www.upm.es\/observatorio\/vi\/gestor_general\/recuperar_archivo.jsp?id=820\" alt=\"FABRES\" width=\"100\" height=\"202\" \/><\/span>Este dispositivo permite trabar muros de f&aacute;brica de distinta altura y compuestos por materiales de diferentes dimensiones o naturaleza, mediante la introducci&oacute;n de una junta de encuentro, constituida por elementos met&aacute;licos, normalmente fabricados en acero galvanizado.<\/p>\n<p style=\"text-align: justify\">Consta de dos tipos de componentes, uno vertical, situado en la junta entre las diferentes f&aacute;bricas a trabar, y varios horizontales, introducidos en el interior de las hiladas.&nbsp;El componente vertical puede ser continuo o estar formado por elementos discontinuos, alineados a lo largo de la junta.<\/p>\n<p style=\"text-align: justify\">El n&uacute;mero de elementos que deslizan a lo largo del componente vertical estar&aacute; en funci&oacute;n de la rigidez que se quiera dar a la uni&oacute;n y de la normativa t&eacute;cnica aplicable, en funci&oacute;n de los materiales a utilizar.<\/p>\n<p style=\"text-align: center\"><em><span style=\"font-size: small\">&ldquo;Con esta soluci&oacute;n se resuelve un problema constructivo que consiste en la aparici&oacute;n de una fisura marcando la junta vertical existente entre dos paramentos de distinta naturaleza&rdquo;&nbsp;<\/span><\/em><\/p>\n<h4 style=\"text-align: left\">&nbsp;<\/h4>\n<h4 style=\"text-align: left\"><strong>Necesidades de negocio \/ aplicaci&oacute;n<\/strong><\/h4>\n<ul>\n<li>\n<p style=\"text-align: justify\">La normativa de obligado cumplimiento CTE-DB-SE-F (antes NBE-FL-90) contempla la posibilidad de construir muros compuestos por dos hojas de ladrillos diferentes trabadas con barras de acero, pero dando la soluci&oacute;n para el caso gen&eacute;rico y sencillo de resolver (cuando las dos hojas est&aacute;n compuestas de ladrillos exactamente iguales).<\/p>\n<\/li>\n<li style=\"text-align: justify\">\n<p>Dentro de los tipos de muros que se definen aparecen el muro capuchino, compuesto de dos hojas de ladrillos trabadas con alg&uacute;n material, como pueden ser barras de acero corrugado, y el muro doblado, con id&eacute;ntica soluci&oacute;n, pero trabando ambas hojas con el propio ladrillo dispuesto perpendicularmente al plano del muro.<\/p>\n<\/li>\n<li style=\"text-align: justify\">\n<p>En ambos casos la soluci&oacute;n propuesta implica utilizar dos hojas formadas por elementos de las mismas dimensiones, quedando sin resolver el caso de dos hojas compuestas por piezas de diferentes tama&ntilde;os, e incluso de distinta naturaleza.<\/p>\n<\/li>\n<li>\n<p style=\"text-align: justify\">Problema real al proyectarse habitualmente cerramientos de distintas alturas de hilada, que se resuelven en proyecto o en obra proporcionando soluciones no siempre correctas y nunca &oacute;ptimas.<\/p>\n<\/li>\n<\/ul>\n<p style=\"text-align: center\"><em><span style=\"font-size: small\">&ldquo;En numerosas ocasiones, en las fachadas se combinan paramentos de ladrillo cara vista con otros con revestimiento continuo (monocapa). Nuestra aportaci&oacute;n permite resolver los encuentros conflictivos&rdquo;<\/span><\/em><span style=\"font-size: small\">&nbsp;<\/span><\/p>\n<h4>&nbsp;<\/h4>\n<h4 style=\"text-align: left\"><strong>Ventajas competitivas<\/strong><\/h4>\n<ul>\n<li>\n<p style=\"text-align: justify\">Soluci&oacute;n v&aacute;lida tanto para obra nueva como para rehabilitaci&oacute;n.<\/p>\n<\/li>\n<li style=\"text-align: justify\">\n<p>Se puede utilizar para trabar muros con materiales de diversa naturaleza, como cer&aacute;micos, hormig&oacute;n y p&eacute;treos.<\/p>\n<\/li>\n<li style=\"text-align: justify\">\n<p>Soluciona el problema constructivo existente al trabar cerramientos compuestos por diferentes materiales base.<\/p>\n<\/li>\n<li>\n<p style=\"text-align: justify\">Sirve para facilitar o mejorar la traba entre cerramientos perpendiculares, sean &eacute;stos del mismo o diferentes materiales.<\/p>\n<\/li>\n<\/ul>\n<h4 style=\"text-align: left\"><strong>Referencias<\/strong><\/h4>\n<ul>\n<li>\n<p style=\"text-align: justify\">Amplia trayectoria investigadora y de colaboraci&oacute;n con la industria.<\/p>\n<\/li>\n<li>\n<p style=\"text-align: justify\">Grupo investigador orientado a la innovaci&oacute;n tecnol&oacute;gica y realizaci&oacute;n de patentes.<\/p>\n<\/li>\n<\/ul>\n<h4 style=\"text-align: left\"><strong>Protecci&oacute;n industrial<\/strong><\/h4>\n<p>Patente concedida en Espa&ntilde;a ES2523396.<\/p>\n<h4 style=\"text-align: left\"><strong>Grado de desarrollo<\/strong><\/h4>\n<ul>\n<li>\n<p>Concepto<\/p>\n<\/li>\n<li>\n<p>Investigaci&oacute;n<\/p>\n<\/li>\n<li>\n<p>Prototipo Lab<\/p>\n<\/li>\n<li>\n<p><span style=\"text-decoration: underline\"><strong>Prototipo industrial<\/strong><\/span><\/p>\n<\/li>\n<li>\n<p>Producci&oacute;n<\/p>\n<\/li>\n<\/ul>\n<h4 style=\"text-align: left\"><strong>Contacto<\/strong><\/h4>\n<p><strong>Contacto FABRES<\/strong><\/p>\n<p>Tom&aacute;s Gil, Fidel Carrasco, Amparo Verd&uacute;<\/p>\n<p>e:<span rel=\"7a313130bb313031a6311731c1312c30b4312d31b63113317d313c31b4311c3172313331a831\" class=\"cryptex \" style=\"\"><span class=\"CryptexImg ctxV3WP8ZwSog8lVqwlyXlzoSRniMOvTy90c_nODQm1EAg\"><\/span><\/span><\/p>\n<p>e: <span rel=\"7a313130ad312a319d311b31ba312c30b0312531bc3119319e313a31a7311e3184314331a531213162311c31be31\" class=\"cryptex \" style=\"\"><span class=\"CryptexImg ctx5ATz6XjD2eE9EbqwdIM6uKa1c7aKVvOs-v0us_ZeQuU\"><\/span><\/span><\/p>\n<p>e: <span rel=\"7a313130a8312e31a9311731c03115317b313a31af311931a1313c3184312431b4313b3163311931a731\" class=\"cryptex \" style=\"\"><span class=\"CryptexImg ctxlNL_LNRzS5BhEFaC5picBHoaGmwopiwCqtySkgJShL0\"><\/span><\/span><\/p>\n<p><strong>Contacto UPM<\/strong><\/p>\n<p>Prograsmas de Innovaci&oacute;n y Emprendimiento<\/p>\n<p>Centro de Apoyo a la Innovaci&oacute;n Tecnol&oacute;gica &ndash; UPM&nbsp;<\/p>\n<p>e: <span rel=\"7a313130b0312f31a7312531c4310731b0312d31b93115316b313b31a9311231b2313d31a13123319b312031ae31273189312431b1313d3185313231ae31\" class=\"cryptex \" style=\"\"><span class=\"CryptexImg ctxR7neImVV1tJoTSyttUGBAuiESKXKLLyzTwJSN1lk9Z0\"><\/span><\/span><\/p>\n<div class=\"pdfprnt-buttons pdfprnt-buttons-product pdfprnt-bottom-left\"><a href=\"https:\/\/www.upm.es\/recursosidi\/wp-json\/wp\/v2\/product\/11379?print=pdf\" class=\"pdfprnt-button pdfprnt-button-pdf\" target=\"_blank\"><span class=\"pdfprnt-button-title pdfprnt-button-pdf-title\">Descargar ficha<\/span><\/a><\/div>","protected":false},"excerpt":{"rendered":"<p>Evitando la aparici\u00f3n de fisuras en las construcciones.<\/p>\n<p>Junta aplicable en obra nueva y edificaci\u00f3n para evitar fisuras entre f\u00e1bricas de distinta altura de hilada.<\/p>\n","protected":false},"featured_media":11377,"template":"","meta":{"_acf_changed":false},"product_cat":[2384],"product_tag":[2446],"comunidades-upm":[],"quien":[],"mapa":[{"term_id":135,"name":"Industria, materiales y econom\u00eda circular","slug":"industria-materiales-economia_circular","term_group":0,"term_taxonomy_id":135,"taxonomy":"mapa","description":"","parent":0,"count":165,"filter":"raw","term_order":"13"}],"disponibilidad":[{"term_id":205,"name":"Consultar disponibilidad","slug":"consultar","term_group":0,"term_taxonomy_id":205,"taxonomy":"disponibilidad","description":"","parent":0,"count":290,"filter":"raw","term_order":"0"}],"donde":[{"term_id":548,"name":"Grupo de Investigaci\u00f3n en Ingenier\u00eda Mar\u00edtima y Portuaria","slug":"grupo-de-investigacion-en-ingenieria-maritima-y-portuaria","term_group":0,"term_taxonomy_id":548,"taxonomy":"donde","description":"","parent":0,"count":16,"filter":"raw","term_order":"0"},{"term_id":1772,"name":"Maritime and Ports Engineering Research Group","slug":"en_maritime-and-ports-engineering-research-group","term_group":0,"term_taxonomy_id":1772,"taxonomy":"donde","description":"","parent":0,"count":10,"filter":"raw","term_order":"0"}],"infraestructura":[],"ods":[{"term_id":2239,"name":"Ciudades y Comunidades Sostenibles","slug":"ciudades-y-comunidades-sostenibles","term_group":0,"term_taxonomy_id":2239,"taxonomy":"ods","description":"","parent":0,"count":43,"filter":"raw","term_order":"0"},{"term_id":2247,"name":"Industria, Innovaci\u00f3n e Infraestructura","slug":"industria-innovacion-e-infraestructura","term_group":0,"term_taxonomy_id":2247,"taxonomy":"ods","description":"","parent":0,"count":171,"filter":"raw","term_order":"0"}],"origen":[{"term_id":192,"name":"Soluciones tecnol\u00f3gicas","slug":"soluciones-tecnologicas","term_group":0,"term_taxonomy_id":192,"taxonomy":"origen","description":"","parent":0,"count":278,"filter":"raw","term_order":"0"}],"familia_tax":false,"quien_tax":false,"donde_tax":false,"year":"2020-01-01","contacto":"ETS de Edificaci\u00f3n, Av. Juan de Herrera, 6, 28040, Madrid","telefono":"910675234","pagina_web":"https:\/\/www.edificacion.upm.es\/","email":"tomas.gill@upm.es","id_ficha_portal":"30","video":"","adjuntos":false,"adjuntos_portal":"","inf":false,"departamento":"","acf":[],"lang":"es","translation":{"es":11379,"en":11382},"_links":{"self":[{"href":"https:\/\/www.upm.es\/recursosidi\/wp-json\/wp\/v2\/product\/11379"}],"collection":[{"href":"https:\/\/www.upm.es\/recursosidi\/wp-json\/wp\/v2\/product"}],"about":[{"href":"https:\/\/www.upm.es\/recursosidi\/wp-json\/wp\/v2\/types\/product"}],"wp:featuredmedia":[{"embeddable":true,"href":"https:\/\/www.upm.es\/recursosidi\/wp-json\/wp\/v2\/media\/11377"}],"wp:attachment":[{"href":"https:\/\/www.upm.es\/recursosidi\/wp-json\/wp\/v2\/media?parent=11379"}],"wp:term":[{"taxonomy":"product_cat","embeddable":true,"href":"https:\/\/www.upm.es\/recursosidi\/wp-json\/wp\/v2\/product_cat?post=11379"},{"taxonomy":"product_tag","embeddable":true,"href":"https:\/\/www.upm.es\/recursosidi\/wp-json\/wp\/v2\/product_tag?post=11379"},{"taxonomy":"comunidad_upm","embeddable":true,"href":"https:\/\/www.upm.es\/recursosidi\/wp-json\/wp\/v2\/comunidades-upm?post=11379"},{"taxonomy":"quien","embeddable":true,"href":"https:\/\/www.upm.es\/recursosidi\/wp-json\/wp\/v2\/quien?post=11379"},{"taxonomy":"mapa","embeddable":true,"href":"https:\/\/www.upm.es\/recursosidi\/wp-json\/wp\/v2\/mapa?post=11379"},{"taxonomy":"disponibilidad","embeddable":true,"href":"https:\/\/www.upm.es\/recursosidi\/wp-json\/wp\/v2\/disponibilidad?post=11379"},{"taxonomy":"donde","embeddable":true,"href":"https:\/\/www.upm.es\/recursosidi\/wp-json\/wp\/v2\/donde?post=11379"},{"taxonomy":"infraestructura","embeddable":true,"href":"https:\/\/www.upm.es\/recursosidi\/wp-json\/wp\/v2\/infraestructura?post=11379"},{"taxonomy":"ods","embeddable":true,"href":"https:\/\/www.upm.es\/recursosidi\/wp-json\/wp\/v2\/ods?post=11379"},{"taxonomy":"origen","embeddable":true,"href":"https:\/\/www.upm.es\/recursosidi\/wp-json\/wp\/v2\/origen?post=11379"}],"curies":[{"name":"wp","href":"https:\/\/api.w.org\/{rel}","templated":true}]}}