{"id":11382,"date":"2022-10-28T11:56:50","date_gmt":"2022-10-28T09:56:50","guid":{"rendered":"https:\/\/www.upm.es\/recursosidi\/offers-resources\/sin categor\u00eda\/fabres-a-way-to-avoid-cracks-in-buildings\/"},"modified":"2022-10-28T11:56:54","modified_gmt":"2022-10-28T09:56:54","slug":"fabres-a-way-to-avoid-cracks-in-buildings","status":"publish","type":"product","link":"https:\/\/www.upm.es\/recursosidi\/en\/offers-resources\/technological-solutions\/fabres-a-way-to-avoid-cracks-in-buildings\/","title":{"rendered":"FABRES. A way to avoid cracks in buildings"},"content":{"rendered":"<h4><strong>Brief description of the technology solution and the added value it provides <\/strong><\/h4>\n<p class=\"MsoNormal\">Researchers from the Technical University of Madrid (UPM) have developed a device to improve the encounter between masonries composed of materials of different dimensions or nature. It resolves the constructive encounter between masonry elements, when using pieces of different measures. This invention is framed in the technical sector of the instrumentation in the field of Architecture and Civil Engineering.<\/p>\n<h4><strong>Description of the technological base<\/strong><\/h4>\n<p><span style=\"font-size: small\"><img decoding=\"async\" style=\"float: left;margin: 10px\" src=\"http:\/\/www.upm.es\/observatorio\/vi\/gestor_general\/recuperar_archivo.jsp?id=980\" alt=\"\" width=\"100\" height=\"202\" \/><br \/><\/span><\/p>\n<p>This device allows to fix different masonry walls and composed materials of different dimensions or nature, through the introduction of metallic elements, made of galvanized steel. It consists of two types of components, one vertical, located in the joint between the different masonries, and other horizontal, introduced in the interior of the courses.<\/p>\n<p>The vertical component can be continuous or formed by discontinuous elements, aligned along the joint.<\/p>\n<p>The number of elements, along the vertical component, will be in function of the rigidity that you want to give to the union and applicable technical regulations and it &nbsp;depends on the materials used.<\/p>\n<p><span style=\"font-size: small\">&nbsp;<strong><em>&#8220;This solution resolves a constructive problem which consists in the appearance of cracks between two masonry elements&#8221;<\/em><\/strong><\/span><\/p>\n<h4><strong>Market demands<\/strong><\/h4>\n<p><strong>Construction<\/strong><\/p>\n<ul>\n<ul>\n<li>CTE-DB-SE-F (compulsory regulation) contemplates the possibility of building walls composed of two sheets of different bricks fixed with steel bars, but giving the solution for the case of two sheets composed of exactly the same bricks.<\/li>\n<li>Among the types of walls that are defined are the cappuccino wall, composed of two sheets of bricks locked with some material, as they may be corrugated steel, and bent, with identical solution wall bars, but locking both sashes with brick arranged perpendicularly to the plane of the wall.<\/li>\n<li>In both cases the proposed solution involves using two panels formed by elements of the same dimensions, running out to solve the case of two sheets composed of pieces of different sizes, and even of a different kind.<\/li>\n<li>Real problem to the project usually walls of varying heights of course, which are resolved in project or work providing solutions that are not always correct and can never be optimal.<\/li>\n<\/ul>\n<\/ul>\n<h4><strong>Competitive advantages<\/strong><\/h4>\n<ul>\n<li>Valid solution for both new construction and renovation.<\/li>\n<li>Effective for walls and slabs of every kind and nature.<\/li>\n<li>Prefabricared elemente, easy to carry and handle.<\/li>\n<li>It solves the existing constructive problem to lock walls composed of different base materials.<\/li>\n<li>Enable to facilitate or improve the blinding between perpendicular walls, whether of the same or different materials.<\/li>\n<\/ul>\n<p align=\"center\"><span style=\"font-size: small\"><strong><em>&#8220;The facades often combine walls of brick face with other continuous redressed (single-layer). Our contribution allows to solve the conflicting blindings&#8221;<\/em><\/strong><\/span><\/p>\n<h4><strong>Development stage<\/strong><\/h4>\n<ul>\n<li>Concept<\/li>\n<li>Research<\/li>\n<li>Lab prototype<\/li>\n<li><strong><u>Industrial prototype<\/u><\/strong><\/li>\n<li>Production<\/li>\n<\/ul>\n<h4>Contact<\/h4>\n<p><strong>Contacto soluci&oacute;n tecnol&oacute;gica<\/strong><\/p>\n<p>Tom&aacute;s Gil; e:<span rel=\"7d311130c3312631ac311931c6310c30be310f31a7313a3181314531bc31373173311a31cd31\" class=\"cryptex \" style=\"\"><span class=\"CryptexImg ctxV3WP8ZwSog8lVqwlyXlzoSRniMOvTy90c_nODQm1EAg\"><\/span><\/span><\/p>\n<p>Fidel Carrasco; e: <span rel=\"7d311130b5312031a3311d31bf310c30ba310731ad314031a2314331af31393185312a31ca3119316d313031ae31\" class=\"cryptex \" style=\"\"><span class=\"CryptexImg ctx5ATz6XjD2eE9EbqwdIM6uKa1c7aKVvOs-v0us_ZeQuU\"><\/span><\/span><\/p>\n<p>Amparo Verd&uacute;; e: <span rel=\"7d311130b0312431af311931c531353185311c31a0314031a53145318c313f31b531223188311131b231\" class=\"cryptex \" style=\"\"><span class=\"CryptexImg ctxlNL_LNRzS5BhEFaC5picBHoaGmwopiwCqtySkgJShL0\"><\/span><\/span><\/p>\n<p><strong>Contacto UPM<\/strong><\/p>\n<p>&Aacute;rea de Innovaci&oacute;n, Comercializaci&oacute;n y Creaci&oacute;n de Empresas<\/p>\n<p>Centro de Apoyo a la Innovaci&oacute;n Tecnol&oacute;gica &ndash; UPM&nbsp;<\/p>\n<p>e: <span rel=\"7d311130b8312531ad312731c9312731ba310f31aa313c316f314431b1312d31b3312431c6311b31a63134319e312c3193312a31b231263182311531af31\" class=\"cryptex \" style=\"\"><span class=\"CryptexImg ctxR7neImVV1tJoTSyttUGBAuiESKXKLLyzTwJSN1lk9Z0\"><\/span><\/span><\/p>\n<div class=\"pdfprnt-buttons pdfprnt-buttons-product pdfprnt-bottom-left\"><a href=\"https:\/\/www.upm.es\/recursosidi\/wp-json\/wp\/v2\/product\/11382?print=pdf\" class=\"pdfprnt-button pdfprnt-button-pdf\" target=\"_blank\"><span class=\"pdfprnt-button-title pdfprnt-button-pdf-title\">Descargar ficha<\/span><\/a><\/div>","protected":false},"excerpt":{"rendered":"<p>News device to improve the encounter between masonries composed of materials of different dimensions or nature.<\/p>\n","protected":false},"featured_media":11380,"template":"","meta":{"_acf_changed":false},"product_cat":[2386],"product_tag":[8468],"comunidades-upm":[],"quien":[],"mapa":[{"term_id":75,"name":"Industry, Materials and Circular Economy","slug":"industry-materials-circular_economy","term_group":0,"term_taxonomy_id":75,"taxonomy":"mapa","description":"","parent":0,"count":87,"filter":"raw","term_order":"14"}],"disponibilidad":[{"term_id":205,"name":"Consultar disponibilidad","slug":"consultar","term_group":0,"term_taxonomy_id":205,"taxonomy":"disponibilidad","description":"","parent":0,"count":290,"filter":"raw","term_order":"0"}],"donde":[{"term_id":548,"name":"Grupo de Investigaci\u00f3n en Ingenier\u00eda Mar\u00edtima y Portuaria","slug":"grupo-de-investigacion-en-ingenieria-maritima-y-portuaria","term_group":0,"term_taxonomy_id":548,"taxonomy":"donde","description":"","parent":0,"count":16,"filter":"raw","term_order":"0"},{"term_id":1772,"name":"Maritime and Ports Engineering Research Group","slug":"en_maritime-and-ports-engineering-research-group","term_group":0,"term_taxonomy_id":1772,"taxonomy":"donde","description":"","parent":0,"count":10,"filter":"raw","term_order":"0"}],"infraestructura":[],"ods":[{"term_id":2249,"name":"Industry, Innovation and Infrastructure","slug":"industry-innovation-and-infrastructure","term_group":0,"term_taxonomy_id":2249,"taxonomy":"ods","description":"","parent":0,"count":129,"filter":"raw","term_order":"0"},{"term_id":2241,"name":"Sustainable Cities and Communities","slug":"sustainable-cities-and-communities","term_group":0,"term_taxonomy_id":2241,"taxonomy":"ods","description":"","parent":0,"count":38,"filter":"raw","term_order":"0"}],"origen":[{"term_id":192,"name":"Soluciones tecnol\u00f3gicas","slug":"soluciones-tecnologicas","term_group":0,"term_taxonomy_id":192,"taxonomy":"origen","description":"","parent":0,"count":278,"filter":"raw","term_order":"0"}],"familia_tax":false,"quien_tax":false,"donde_tax":false,"year":"2020-01-01","contacto":"ETS de Edificaci\u00f3n, Av. Juan de Herrera, 6, 28040, Madrid","telefono":"910675234","pagina_web":"https:\/\/www.edificacion.upm.es\/","email":"tomas.gill@upm.es","id_ficha_portal":"30","video":"","adjuntos":false,"adjuntos_portal":"","inf":false,"departamento":"","acf":[],"lang":"en","translation":{"en":11382,"es":11379},"_links":{"self":[{"href":"https:\/\/www.upm.es\/recursosidi\/wp-json\/wp\/v2\/product\/11382"}],"collection":[{"href":"https:\/\/www.upm.es\/recursosidi\/wp-json\/wp\/v2\/product"}],"about":[{"href":"https:\/\/www.upm.es\/recursosidi\/wp-json\/wp\/v2\/types\/product"}],"wp:featuredmedia":[{"embeddable":true,"href":"https:\/\/www.upm.es\/recursosidi\/wp-json\/wp\/v2\/media\/11380"}],"wp:attachment":[{"href":"https:\/\/www.upm.es\/recursosidi\/wp-json\/wp\/v2\/media?parent=11382"}],"wp:term":[{"taxonomy":"product_cat","embeddable":true,"href":"https:\/\/www.upm.es\/recursosidi\/wp-json\/wp\/v2\/product_cat?post=11382"},{"taxonomy":"product_tag","embeddable":true,"href":"https:\/\/www.upm.es\/recursosidi\/wp-json\/wp\/v2\/product_tag?post=11382"},{"taxonomy":"comunidad_upm","embeddable":true,"href":"https:\/\/www.upm.es\/recursosidi\/wp-json\/wp\/v2\/comunidades-upm?post=11382"},{"taxonomy":"quien","embeddable":true,"href":"https:\/\/www.upm.es\/recursosidi\/wp-json\/wp\/v2\/quien?post=11382"},{"taxonomy":"mapa","embeddable":true,"href":"https:\/\/www.upm.es\/recursosidi\/wp-json\/wp\/v2\/mapa?post=11382"},{"taxonomy":"disponibilidad","embeddable":true,"href":"https:\/\/www.upm.es\/recursosidi\/wp-json\/wp\/v2\/disponibilidad?post=11382"},{"taxonomy":"donde","embeddable":true,"href":"https:\/\/www.upm.es\/recursosidi\/wp-json\/wp\/v2\/donde?post=11382"},{"taxonomy":"infraestructura","embeddable":true,"href":"https:\/\/www.upm.es\/recursosidi\/wp-json\/wp\/v2\/infraestructura?post=11382"},{"taxonomy":"ods","embeddable":true,"href":"https:\/\/www.upm.es\/recursosidi\/wp-json\/wp\/v2\/ods?post=11382"},{"taxonomy":"origen","embeddable":true,"href":"https:\/\/www.upm.es\/recursosidi\/wp-json\/wp\/v2\/origen?post=11382"}],"curies":[{"name":"wp","href":"https:\/\/api.w.org\/{rel}","templated":true}]}}