{"id":11388,"date":"2022-10-28T12:20:36","date_gmt":"2022-10-28T10:20:36","guid":{"rendered":"https:\/\/www.upm.es\/recursosidi\/offers-resources\/sin categor\u00eda\/forques\/"},"modified":"2022-10-28T12:20:56","modified_gmt":"2022-10-28T10:20:56","slug":"forques","status":"publish","type":"product","link":"https:\/\/www.upm.es\/recursosidi\/offers-resources\/soluciones-tecnologicas\/forques\/","title":{"rendered":"FORQUES"},"content":{"rendered":"<h4 style=\"text-align: left\"><strong>Descripci&oacute;n breve conjunta de la soluci&oacute;n y valor a&ntilde;adido que aporta <\/strong><\/h4>\n<p style=\"text-align: justify\">Investigadores de la Universidad Polit&eacute;cnica de Madrid (UPM) han desarrollado una junta que soluciona el encuentro entre forjados y tabiques, destinada a impedir la transmisi&oacute;n de esfuerzos entre tales componentes, esencialmente debidos a deformaciones de los forjados. Esta soluci&oacute;n, que es v&aacute;lida para tabiques y forjados de cualquier tipo y naturaleza, permitir&aacute; detectar visualmente durante la fase de obra, si la ejecuci&oacute;n de la uni&oacute;n entre el tabique y el forjado superior es correcta. Adem&aacute;s, evita la aparici&oacute;n de fisuras y grietas en tabiques debidas a una flecha excesiva de los forjados.&nbsp;<\/p>\n<h4 style=\"text-align: left\"><strong>Descripci&oacute;n de la base tecnol&oacute;gica<\/strong><\/h4>\n<p style=\"text-align: justify\">La soluci&oacute;n consiste en un dispositivo dise&ntilde;ado para resolver la junta que se produce en el encuentro entre los tabiques y los forjados de los edificios.&nbsp;El sistema propuesto permite que la deformaci&oacute;n del forjado, al&nbsp; entrar en carga, no se transmita a la tabiquer&iacute;a interior. Este elemento se coloca en fase de obra durante la ejecuci&oacute;n del tabique, en su encuentro con el forjado superior.&nbsp;Se trata de un elemento prefabricado, sencillo tanto en su puesta en obra como en su colocaci&oacute;n.<\/p>\n<p style=\"text-align: center\"><em>&ldquo;Nuestra soluci&oacute;n permitir&iacute;a reducir la transmisi&oacute;n de esfuerzos ente los forjados y la tabiquer&iacute;a interior, tanto en obra nueva como en rehabilitaci&oacute;n&rdquo;<\/em><\/p>\n<p style=\"text-align: center\">&nbsp;<\/p>\n<h4 style=\"text-align: left\"><strong>Necesidades de negocio \/ aplicaci&oacute;n<\/strong><\/h4>\n<p style=\"text-align: justify\"><strong>Construcci&oacute;n<\/strong><\/p>\n<ul>\n<li style=\"text-align: justify\">\n<p style=\"text-align: justify\">Preocupaci&oacute;n en el sector de la construcci&oacute;n debido a la deformaci&oacute;n de elementos estructurales, cada vez m&aacute;s flexibles.<\/p>\n<\/li>\n<li style=\"text-align: justify\">\n<p>En los &uacute;ltimos a&ntilde;os m&aacute;s del 30% de los forjados de edificaci&oacute;n han dado lugar a problemas de patolog&iacute;a por su excesiva deformaci&oacute;n [Cercha n&ordm; 73\/2004].<\/p>\n<\/li>\n<li style=\"text-align: justify\">\n<p style=\"text-align: justify\">La reclamaci&oacute;n principal a las compa&ntilde;&iacute;as de seguros de edificaci&oacute;n es la referida a los da&ntilde;os en tabiques interiores [Cercha n&ordm; 73\/2004].<\/p>\n<\/li>\n<\/ul>\n<h4 style=\"text-align: left\"><strong>Ventajas competitivas<\/strong><\/h4>\n<ul>\n<li>\n<p style=\"text-align: justify\">V&aacute;lida tanto para obra nueva como para rehabilitaci&oacute;n.<\/p>\n<\/li>\n<li style=\"text-align: justify\">\n<p>Eficaz para tabiques y forjados de cualquier tipo y naturaleza.<\/p>\n<\/li>\n<li style=\"text-align: justify\">\n<p>Elemento prefabricado, sencillo tanto en su puesta en obra como en su colocaci&oacute;n.<\/p>\n<\/li>\n<li style=\"text-align: justify\">\n<p>Evita la transmisi&oacute;n de cargas verticales desde los forjados hacia los tabiques, para no da&ntilde;ar a &eacute;stos &uacute;ltimos.<\/p>\n<\/li>\n<li style=\"text-align: justify\">\n<p>Posibilita comprobar visualmente en obra la correcta ejecuci&oacute;n de la tabiquer&iacute;a.<\/p>\n<\/li>\n<li style=\"text-align: justify\">\n<p>Permite detectar visualmente durante la fase de obra si la ejecuci&oacute;n de la uni&oacute;n entre el tabique y el forjado superior es correcta. Disminuye as&iacute; el riesgo de aparici&oacute;n de problemas futuros y el coste asociado.<\/p>\n<\/li>\n<li style=\"text-align: justify\">\n<p>Evita la aparici&oacute;n de fisuras y grietas en tabiques debidas a una flecha excesiva de los forjados, con el consiguiente ahorro econ&oacute;mico.<\/p>\n<\/li>\n<li style=\"text-align: justify\">\n<p>Evita la transmisi&oacute;n de esfuerzo a la tabiquer&iacute;a de plantas interiores.<\/p>\n<\/li>\n<li>\n<p style=\"text-align: justify\">Permite crear una junta entre un forjado deformado en obras de rehabilitaci&oacute;n.<\/p>\n<\/li>\n<\/ul>\n<h4 style=\"text-align: left\"><strong>Referencias<\/strong><\/h4>\n<ul>\n<li>\n<p style=\"text-align: justify\">Amplia trayectoria investigadora y de colaboraci&oacute;n con la industria.<\/p>\n<\/li>\n<li>\n<p style=\"text-align: justify\">Grupo investigador orientado hacia la innovaci&oacute;n tecnol&oacute;gica y&nbsp; realizaci&oacute;n de patentes.<\/p>\n<\/li>\n<\/ul>\n<h4><strong>Protecci&oacute;n industrial<\/strong><\/h4>\n<ul>\n<li style=\"text-align: justify\">Patente concedida en Espa&ntilde;a ES2398273.<\/li>\n<\/ul>\n<h4 style=\"text-align: left\"><strong>Grado de desarrollo<\/strong><\/h4>\n<ul>\n<li><span style=\"font-size: small\">Concepto<\/span><\/li>\n<li><span style=\"font-size: small\">Investigaci&oacute;n<\/span><\/li>\n<li><span style=\"font-size: small\">Prototipo-Lab<\/span><\/li>\n<li><span style=\"text-decoration: underline\"><strong><span style=\"font-size: small\">Prototipo Industrial<\/span><\/strong><\/span><\/li>\n<li><span style=\"font-size: small\">Producci&oacute;n<\/span><\/li>\n<\/ul>\n<h4><strong>Contacto<\/strong><\/h4>\n<p style=\"text-align: justify\"><strong>Contacto FORQUES<\/strong><\/p>\n<p style=\"text-align: justify\">Tom&aacute;s Gil, Fidel Carrasco, Amparo Verd&uacute;<\/p>\n<p style=\"text-align: justify\">e:<span rel=\"71311a30a9313a31b6312531c6310b30b2311331c031333175312031ca312c316d311d31a731\" class=\"cryptex \" style=\"\"><span class=\"CryptexImg ctxV3WP8ZwSog8lVqwlyXlzoSRniMOvTy90c_nODQm1EAg\"><\/span><\/span><\/p>\n<p style=\"text-align: justify\">e: <span rel=\"71311a309b313431ad312931bf310b30ae310b31c631393196311e31bd312e317f312d31a43127316c313431b531\" class=\"cryptex \" style=\"\"><span class=\"CryptexImg ctx5ATz6XjD2eE9EbqwdIM6uKa1c7aKVvOs-v0us_ZeQuU\"><\/span><\/span><\/p>\n<p style=\"text-align: justify\">e: <span rel=\"71311a3096313831b9312531c531363179312031b9313931993120319a313431af31253162311f31b131\" class=\"cryptex \" style=\"\"><span class=\"CryptexImg ctxlNL_LNRzS5BhEFaC5picBHoaGmwopiwCqtySkgJShL0\"><\/span><\/span><\/p>\n<p style=\"text-align: justify\"><strong>Contacto UPM<\/strong><\/p>\n<p style=\"text-align: justify\">Programas de Innovaci&oacute;n y Emprendimiento<\/p>\n<p style=\"text-align: justify\">Centro de Apoyo a la Innovaci&oacute;n Tecnol&oacute;gica &ndash; UPM&nbsp;<\/p>\n<p style=\"text-align: justify\">e: <span rel=\"71311a309e313931b7313331c9312831ae311331c331353163311f31bf312231ad312731a0312931a5313831a53123317c313b31ae311c3179312b31bb31\" class=\"cryptex \" style=\"\"><span class=\"CryptexImg ctxR7neImVV1tJoTSyttUGBAuiESKXKLLyzTwJSN1lk9Z0\"><\/span><\/span><\/p>\n<div class=\"pdfprnt-buttons pdfprnt-buttons-product pdfprnt-bottom-left\"><a href=\"https:\/\/www.upm.es\/recursosidi\/wp-json\/wp\/v2\/product\/11388?print=pdf\" class=\"pdfprnt-button pdfprnt-button-pdf\" target=\"_blank\"><span class=\"pdfprnt-button-title pdfprnt-button-pdf-title\">Descargar ficha<\/span><\/a><\/div>","protected":false},"excerpt":{"rendered":"<p>Junta aplicable en obra nueva y rehabilitaci\u00f3n que evita deformaciones en cerramientos interiores.<\/p>\n<p>Nueva junta entre forjados y tabiques, de f\u00e1cil instalaci\u00f3n, que evita la transmisi\u00f3n de esfuerzos entre elementos estructurales y el cerramiento interior.\u00a0\u00a0<\/p>\n","protected":false},"featured_media":11387,"template":"","meta":{"_acf_changed":false},"product_cat":[2384],"product_tag":[3708,3709,2556],"comunidades-upm":[],"quien":[],"mapa":[{"term_id":135,"name":"Industria, materiales y econom\u00eda circular","slug":"industria-materiales-economia_circular","term_group":0,"term_taxonomy_id":135,"taxonomy":"mapa","description":"","parent":0,"count":165,"filter":"raw","term_order":"13"}],"disponibilidad":[{"term_id":205,"name":"Consultar disponibilidad","slug":"consultar","term_group":0,"term_taxonomy_id":205,"taxonomy":"disponibilidad","description":"","parent":0,"count":290,"filter":"raw","term_order":"0"}],"donde":[{"term_id":3425,"name":"Building Monitoring and Technological Innovation (MITE)","slug":"en_building-monitoring-and-technological-innovation-mite","term_group":0,"term_taxonomy_id":3425,"taxonomy":"donde","description":"","parent":0,"count":3,"filter":"raw","term_order":"0"},{"term_id":548,"name":"Grupo de Investigaci\u00f3n en Ingenier\u00eda Mar\u00edtima y Portuaria","slug":"grupo-de-investigacion-en-ingenieria-maritima-y-portuaria","term_group":0,"term_taxonomy_id":548,"taxonomy":"donde","description":"","parent":0,"count":16,"filter":"raw","term_order":"0"},{"term_id":1772,"name":"Maritime and Ports Engineering Research Group","slug":"en_maritime-and-ports-engineering-research-group","term_group":0,"term_taxonomy_id":1772,"taxonomy":"donde","description":"","parent":0,"count":10,"filter":"raw","term_order":"0"},{"term_id":3423,"name":"Monitorizaci\u00f3n e Innovaci\u00f3n Tecnol\u00f3gica en Edificaci\u00f3n (MITE)","slug":"monitorizacion-e-innovacion-tecnologica-en-edificacion-mite","term_group":0,"term_taxonomy_id":3423,"taxonomy":"donde","description":"","parent":0,"count":26,"filter":"raw","term_order":"0"}],"infraestructura":[],"ods":[{"term_id":2231,"name":"Acci\u00f3n por el Clima","slug":"accion-por-el-clima","term_group":0,"term_taxonomy_id":2231,"taxonomy":"ods","description":"","parent":0,"count":67,"filter":"raw","term_order":"0"},{"term_id":2247,"name":"Industria, Innovaci\u00f3n e Infraestructura","slug":"industria-innovacion-e-infraestructura","term_group":0,"term_taxonomy_id":2247,"taxonomy":"ods","description":"","parent":0,"count":171,"filter":"raw","term_order":"0"}],"origen":[{"term_id":192,"name":"Soluciones tecnol\u00f3gicas","slug":"soluciones-tecnologicas","term_group":0,"term_taxonomy_id":192,"taxonomy":"origen","description":"","parent":0,"count":278,"filter":"raw","term_order":"0"}],"familia_tax":false,"quien_tax":false,"donde_tax":false,"year":"2020-01-01","contacto":"ETS de Edificaci\u00f3n, Av. Juan de Herrera, 6, 28040, Madrid","telefono":"910675234","pagina_web":"https:\/\/www.edificacion.upm.es\/","email":"tomas.gill@upm.es","id_ficha_portal":"112","video":"","adjuntos":false,"adjuntos_portal":"","inf":false,"departamento":"","acf":[],"lang":"es","translation":{"es":11388,"en":11390},"_links":{"self":[{"href":"https:\/\/www.upm.es\/recursosidi\/wp-json\/wp\/v2\/product\/11388"}],"collection":[{"href":"https:\/\/www.upm.es\/recursosidi\/wp-json\/wp\/v2\/product"}],"about":[{"href":"https:\/\/www.upm.es\/recursosidi\/wp-json\/wp\/v2\/types\/product"}],"wp:featuredmedia":[{"embeddable":true,"href":"https:\/\/www.upm.es\/recursosidi\/wp-json\/wp\/v2\/media\/11387"}],"wp:attachment":[{"href":"https:\/\/www.upm.es\/recursosidi\/wp-json\/wp\/v2\/media?parent=11388"}],"wp:term":[{"taxonomy":"product_cat","embeddable":true,"href":"https:\/\/www.upm.es\/recursosidi\/wp-json\/wp\/v2\/product_cat?post=11388"},{"taxonomy":"product_tag","embeddable":true,"href":"https:\/\/www.upm.es\/recursosidi\/wp-json\/wp\/v2\/product_tag?post=11388"},{"taxonomy":"comunidad_upm","embeddable":true,"href":"https:\/\/www.upm.es\/recursosidi\/wp-json\/wp\/v2\/comunidades-upm?post=11388"},{"taxonomy":"quien","embeddable":true,"href":"https:\/\/www.upm.es\/recursosidi\/wp-json\/wp\/v2\/quien?post=11388"},{"taxonomy":"mapa","embeddable":true,"href":"https:\/\/www.upm.es\/recursosidi\/wp-json\/wp\/v2\/mapa?post=11388"},{"taxonomy":"disponibilidad","embeddable":true,"href":"https:\/\/www.upm.es\/recursosidi\/wp-json\/wp\/v2\/disponibilidad?post=11388"},{"taxonomy":"donde","embeddable":true,"href":"https:\/\/www.upm.es\/recursosidi\/wp-json\/wp\/v2\/donde?post=11388"},{"taxonomy":"infraestructura","embeddable":true,"href":"https:\/\/www.upm.es\/recursosidi\/wp-json\/wp\/v2\/infraestructura?post=11388"},{"taxonomy":"ods","embeddable":true,"href":"https:\/\/www.upm.es\/recursosidi\/wp-json\/wp\/v2\/ods?post=11388"},{"taxonomy":"origen","embeddable":true,"href":"https:\/\/www.upm.es\/recursosidi\/wp-json\/wp\/v2\/origen?post=11388"}],"curies":[{"name":"wp","href":"https:\/\/api.w.org\/{rel}","templated":true}]}}