{"id":11390,"date":"2022-10-28T12:20:52","date_gmt":"2022-10-28T10:20:52","guid":{"rendered":"https:\/\/www.upm.es\/recursosidi\/offers-resources\/sin categor\u00eda\/forques-joint-applicable-in-new-construction-and-renovation-tha\/"},"modified":"2022-10-28T12:20:55","modified_gmt":"2022-10-28T10:20:55","slug":"forques-joint-applicable-in-new-construction-and-renovation-tha","status":"publish","type":"product","link":"https:\/\/www.upm.es\/recursosidi\/en\/offers-resources\/technological-solutions\/forques-joint-applicable-in-new-construction-and-renovation-tha\/","title":{"rendered":"FORQUES. Joint applicable in new construction and renovation tha"},"content":{"rendered":"<h4><strong>Brief description of the technology solution and the added value it provides <\/strong><\/h4>\n<p class=\"MsoNormal\">Researchers from the Technical University of Madrid (UPM) have developed a board that solves the encounter between slabs and walls, designed to prevent the stress transmission between such components, essentially due to slabs&rsquo; deformations. This solution, valid for walls and floors of every kind and nature, will allow to visually detect the correct positioning of the joint between the wall and the upper slab. In addition, it prevents the appearance of fissures and cracks in walls due to excessive deflection of slabs.<\/p>\n<h4><strong>Description of the technological base<\/strong><\/h4>\n<p>The solution consists of a device designed to solve the joint that occurs in the encounter between the walls and slabs in buildings. The system proposed does not allow transmitting the slab deformation to the interior walls. This joint is placed during the wall construction, in its encounter with the top slab.<\/p>\n<p>It is a prefabricated element easy to carry and handle.&nbsp;<\/p>\n<p style=\"text-align: center\"><em><strong><span style=\"font-size: small\">&ldquo;Our solution will reduce the transmission of forces between the slabs and interior walls, both in new construction and renovation&rdquo;<\/span><\/strong><\/em><\/p>\n<h4><strong>Market demands<\/strong><\/h4>\n<p style=\"text-align: justify\"><strong>Construction<\/strong><\/p>\n<ul>\n<li style=\"text-align: justify\">Concern in the construction sector due to the deformation of increasingly flexible structural elements.<\/li>\n<li style=\"text-align: justify\">In recent years, over 30% of building slabs have led to excessive deformation problems (Cercha n&ordm; 73\/2004)<\/li>\n<li style=\"text-align: justify\">The main claim to building insurance companies &nbsp;refers to interior walls damage (Cercha n&ordm; 73\/2004)<\/li>\n<\/ul>\n<p style=\"text-align: center\"><strong><em><span style=\"font-size: small\">&ldquo;The solution developed avoids the appearance of cracks and fissures in walls due to excessive deflection of slabs&rdquo;<\/span><\/em><\/strong><\/p>\n<h4><strong>Competitive advantages<\/strong><\/h4>\n<ul>\n<li>Valid for both new construction and renovation.<\/li>\n<li>Effective for walls and slabs of every kind and nature.<\/li>\n<li>Prefabricated element, easy to carry and handle.<\/li>\n<li>Avoids transmitting vertical loads from slabs to walls, preventing damage to the latter.<\/li>\n<li>Enables to visually check the correct construction of the wall.<\/li>\n<li>Allows to visually detect, during construction, the correct positioning of the joint between the wall and the upper slab. It decreases the risk of future problems and associated costs.<\/li>\n<li>Avoids the appearance of fissures and cracks in walls due to excessive deflection of slabs, resulting in cost savings.<\/li>\n<li>Avoids force transmission to the partition of indoor plants.<\/li>\n<li><span style=\"text-align: justify\">Allows creating a joint between a deformed slab when renovating.<\/span><\/li>\n<\/ul>\n<h4><strong>Previous references<\/strong><\/h4>\n<ul>\n<li>Extensive research activities and collaboration with industry.<\/li>\n<li>Research group oriented to technological innovation and implementation of patents.<\/li>\n<\/ul>\n<h4><strong>Intellectual property<\/strong><\/h4>\n<ul>\n<li>Patent granted in Spain ES2398273<\/li>\n<\/ul>\n<h4><strong>Development stage<\/strong><\/h4>\n<ul>\n<li><span style=\"font-size: small\">Concept<\/span><\/li>\n<li><span style=\"font-size: small\">R&amp;D<\/span><\/li>\n<li><span style=\"font-size: small\">Lab-Protoype<\/span><\/li>\n<li><span style=\"text-decoration: underline\"><strong><span style=\"font-size: small\">Industrial Prototype<\/span><\/strong><\/span><\/li>\n<li><span style=\"font-size: small\">Production<\/span><\/li>\n<\/ul>\n<h4>Contact<\/h4>\n<p class=\"MsoNormal\"><strong><span style=\"font-size: small\">Contacto&nbsp;soluci&oacute;n tecnol&oacute;gica<\/span><\/strong><\/p>\n<p class=\"MsoNormal\"><span style=\"font-size: small\">Tom&aacute;s Gil; e:<span rel=\"71313930ab3135319f311431a7311230be312d31a43138318a313a31c73120317c312231a831\" class=\"cryptex \" style=\"\"><span class=\"CryptexImg ctxV3WP8ZwSog8lVqwlyXlzoSRniMOvTy90c_nODQm1EAg\"><\/span><\/span><\/span><\/p>\n<p class=\"MsoNormal\"><span style=\"font-size: small\">Fidel Carrasco; e: <span rel=\"713139309d312f3196311831a0311230ba312531aa313e31ab313831ba3122318e313231a5313d3180313531a431\" class=\"cryptex \" style=\"\"><span class=\"CryptexImg ctx5ATz6XjD2eE9EbqwdIM6uKa1c7aKVvOs-v0us_ZeQuU\"><\/span><\/span><\/span><\/p>\n<p class=\"MsoNormal\"><span style=\"font-size: small\">Amparo Verd&uacute;; e: <span rel=\"7131393098313331a2311431a6312f3185313a319d313e31ae313a3197312831be312a3163313531c531\" class=\"cryptex \" style=\"\"><span class=\"CryptexImg ctxlNL_LNRzS5BhEFaC5picBHoaGmwopiwCqtySkgJShL0\"><\/span><\/span><\/span><\/p>\n<p class=\"MsoNormal\"><strong><span style=\"font-size: small\">Contacto UPM<\/span><\/strong><\/p>\n<p class=\"MsoNormal\"><span style=\"font-size: small\">&Aacute;rea de Innovaci&oacute;n, Comercializaci&oacute;n y Creaci&oacute;n de Empresas<\/span><\/p>\n<p class=\"MsoNormal\"><span style=\"font-size: small\">Centro de Apoyo a la Innovaci&oacute;n Tecnol&oacute;gica &ndash; UPM<\/span>&nbsp;<\/p>\n<p class=\"MsoNormal\"><span style=\"font-size: small\">e: <span rel=\"71313930a0313431a0312231aa312131ba312d31a7313a3178313931bc311631bc312c31a1313f31b9313931943113319a312631ab312b315e311331c331\" class=\"cryptex \" style=\"\"><span class=\"CryptexImg ctxR7neImVV1tJoTSyttUGBAuiESKXKLLyzTwJSN1lk9Z0\"><\/span><\/span><\/span><\/p>\n<div class=\"pdfprnt-buttons pdfprnt-buttons-product pdfprnt-bottom-left\"><a href=\"https:\/\/www.upm.es\/recursosidi\/wp-json\/wp\/v2\/product\/11390?print=pdf\" class=\"pdfprnt-button pdfprnt-button-pdf\" target=\"_blank\"><span class=\"pdfprnt-button-title pdfprnt-button-pdf-title\">Descargar ficha<\/span><\/a><\/div>","protected":false},"excerpt":{"rendered":"<p>New joint between slabs and walls, easy to install, which avoids stress transmission between structural elements and interior walls<\/p>\n","protected":false},"featured_media":11389,"template":"","meta":{"_acf_changed":false},"product_cat":[2386],"product_tag":[8472,8474,8476],"comunidades-upm":[],"quien":[],"mapa":[{"term_id":75,"name":"Industry, Materials and Circular Economy","slug":"industry-materials-circular_economy","term_group":0,"term_taxonomy_id":75,"taxonomy":"mapa","description":"","parent":0,"count":87,"filter":"raw","term_order":"14"}],"disponibilidad":[{"term_id":205,"name":"Consultar disponibilidad","slug":"consultar","term_group":0,"term_taxonomy_id":205,"taxonomy":"disponibilidad","description":"","parent":0,"count":290,"filter":"raw","term_order":"0"}],"donde":[{"term_id":3425,"name":"Building Monitoring and Technological Innovation (MITE)","slug":"en_building-monitoring-and-technological-innovation-mite","term_group":0,"term_taxonomy_id":3425,"taxonomy":"donde","description":"","parent":0,"count":3,"filter":"raw","term_order":"0"},{"term_id":548,"name":"Grupo de Investigaci\u00f3n en Ingenier\u00eda Mar\u00edtima y Portuaria","slug":"grupo-de-investigacion-en-ingenieria-maritima-y-portuaria","term_group":0,"term_taxonomy_id":548,"taxonomy":"donde","description":"","parent":0,"count":16,"filter":"raw","term_order":"0"},{"term_id":1772,"name":"Maritime and Ports Engineering Research Group","slug":"en_maritime-and-ports-engineering-research-group","term_group":0,"term_taxonomy_id":1772,"taxonomy":"donde","description":"","parent":0,"count":10,"filter":"raw","term_order":"0"},{"term_id":3423,"name":"Monitorizaci\u00f3n e Innovaci\u00f3n Tecnol\u00f3gica en Edificaci\u00f3n (MITE)","slug":"monitorizacion-e-innovacion-tecnologica-en-edificacion-mite","term_group":0,"term_taxonomy_id":3423,"taxonomy":"donde","description":"","parent":0,"count":26,"filter":"raw","term_order":"0"}],"infraestructura":[],"ods":[{"term_id":2233,"name":"Climate Action","slug":"climate-action","term_group":0,"term_taxonomy_id":2233,"taxonomy":"ods","description":"","parent":0,"count":64,"filter":"raw","term_order":"0"},{"term_id":2249,"name":"Industry, Innovation and Infrastructure","slug":"industry-innovation-and-infrastructure","term_group":0,"term_taxonomy_id":2249,"taxonomy":"ods","description":"","parent":0,"count":129,"filter":"raw","term_order":"0"}],"origen":[{"term_id":192,"name":"Soluciones tecnol\u00f3gicas","slug":"soluciones-tecnologicas","term_group":0,"term_taxonomy_id":192,"taxonomy":"origen","description":"","parent":0,"count":278,"filter":"raw","term_order":"0"}],"familia_tax":false,"quien_tax":false,"donde_tax":false,"year":"2020-01-01","contacto":"ETS de Edificaci\u00f3n, Av. Juan de Herrera, 6, 28040, Madrid","telefono":"910675234","pagina_web":"https:\/\/www.edificacion.upm.es\/","email":"tomas.gill@upm.es","id_ficha_portal":"112","video":"","adjuntos":false,"adjuntos_portal":"","inf":false,"departamento":"","acf":[],"lang":"en","translation":{"en":11390,"es":11388},"_links":{"self":[{"href":"https:\/\/www.upm.es\/recursosidi\/wp-json\/wp\/v2\/product\/11390"}],"collection":[{"href":"https:\/\/www.upm.es\/recursosidi\/wp-json\/wp\/v2\/product"}],"about":[{"href":"https:\/\/www.upm.es\/recursosidi\/wp-json\/wp\/v2\/types\/product"}],"wp:featuredmedia":[{"embeddable":true,"href":"https:\/\/www.upm.es\/recursosidi\/wp-json\/wp\/v2\/media\/11389"}],"wp:attachment":[{"href":"https:\/\/www.upm.es\/recursosidi\/wp-json\/wp\/v2\/media?parent=11390"}],"wp:term":[{"taxonomy":"product_cat","embeddable":true,"href":"https:\/\/www.upm.es\/recursosidi\/wp-json\/wp\/v2\/product_cat?post=11390"},{"taxonomy":"product_tag","embeddable":true,"href":"https:\/\/www.upm.es\/recursosidi\/wp-json\/wp\/v2\/product_tag?post=11390"},{"taxonomy":"comunidad_upm","embeddable":true,"href":"https:\/\/www.upm.es\/recursosidi\/wp-json\/wp\/v2\/comunidades-upm?post=11390"},{"taxonomy":"quien","embeddable":true,"href":"https:\/\/www.upm.es\/recursosidi\/wp-json\/wp\/v2\/quien?post=11390"},{"taxonomy":"mapa","embeddable":true,"href":"https:\/\/www.upm.es\/recursosidi\/wp-json\/wp\/v2\/mapa?post=11390"},{"taxonomy":"disponibilidad","embeddable":true,"href":"https:\/\/www.upm.es\/recursosidi\/wp-json\/wp\/v2\/disponibilidad?post=11390"},{"taxonomy":"donde","embeddable":true,"href":"https:\/\/www.upm.es\/recursosidi\/wp-json\/wp\/v2\/donde?post=11390"},{"taxonomy":"infraestructura","embeddable":true,"href":"https:\/\/www.upm.es\/recursosidi\/wp-json\/wp\/v2\/infraestructura?post=11390"},{"taxonomy":"ods","embeddable":true,"href":"https:\/\/www.upm.es\/recursosidi\/wp-json\/wp\/v2\/ods?post=11390"},{"taxonomy":"origen","embeddable":true,"href":"https:\/\/www.upm.es\/recursosidi\/wp-json\/wp\/v2\/origen?post=11390"}],"curies":[{"name":"wp","href":"https:\/\/api.w.org\/{rel}","templated":true}]}}