{"id":11392,"date":"2022-10-28T12:42:13","date_gmt":"2022-10-28T10:42:13","guid":{"rendered":"https:\/\/www.upm.es\/recursosidi\/offers-resources\/sin categor\u00eda\/gamecare\/"},"modified":"2022-10-28T12:42:25","modified_gmt":"2022-10-28T10:42:25","slug":"gamecare","status":"publish","type":"product","link":"https:\/\/www.upm.es\/recursosidi\/offers-resources\/soluciones-tecnologicas\/gamecare\/","title":{"rendered":"GAMECARE"},"content":{"rendered":"<h4 style=\"text-align: left\"><strong>Descripci&oacute;n breve conjunta de la soluci&oacute;n y valor a&ntilde;adido que aporta <\/strong><\/h4>\n<p style=\"text-align: justify\">El grupo Life Supporting Technologies (LST) de la Universidad Polit&eacute;cnica de Madrid (UPM) junto con profesionales del sector ha desarrollado GameCare, una cl&iacute;nica virtual basada en sistemas inteligentes que monitorizan y controlan los par&aacute;metros biol&oacute;gicos y la alimentaci&oacute;n de los usuarios con el objetivo de tratar la obesidad. Aplicando tecnolog&iacute;as innovadoras se ha conseguido un sistema de bajo coste, que induce a los usuarios a utilizarlo asiduamente ya que controla y supervisa su actividad de manera constante. Los m&oacute;dulos de entrenamiento y guiado por voz han sido validados con m&aacute;s de 30 usuarios en un entorno m&eacute;dico. El mercado global de obesidad en Espa&ntilde;a se sit&uacute;a alrededor del 8% del gasto sanitario p&uacute;blico anual, por lo tanto se estima que en 2013 el potencial mercado de GameCare es de 4.600 M&euro;.<\/p>\n<h4 style=\"text-align: left\"><strong>Descripci&oacute;n de la base tecnol&oacute;gica<\/strong><\/h4>\n<p><!--StartFragment--><\/p>\n<p style=\"text-align: justify\">La soluci&oacute;n desarrollada es una cl&iacute;nica online que mediante visitas virtuales el paciente tiene la oportunidad de seguir el m&eacute;todo adecuado para tratar la obesidad sin necesidad de desplazarse. Dicha cl&iacute;nica est&aacute; basada en sistemas inteligentes que monitorizan y controlan tanto par&aacute;metros biol&oacute;gicos como la alimentaci&oacute;n de los usuarios persiguiendo el objetivo final de perder peso. El uso de diversas tecnolog&iacute;as permite supervisar el estado de salud de los usuarios y provocar en ellos un alto inter&eacute;s y una cohesi&oacute;n con el sistema que fomenta su cuidado a trav&eacute;s de juegos y logros personales, as&iacute; como el uso de redes sociales entre m&eacute;dicos y pacientes. Durante la pr&aacute;ctica de ejercicio, el m&eacute;dico no s&oacute;lo puede examinar al paciente sino que adem&aacute;s tiene la posibilidad de enviarle mensajes de apoyo y motivaci&oacute;n.&nbsp;&nbsp;<\/p>\n<p style=\"text-align: center\"><span style=\"font-size: small\"><em>&#8220;Una nueva soluci&oacute;n para perder peso jugando, con una supervisi&oacute;n continua del&nbsp;<\/em><\/span><em>individuo por parte de los profesionales y todo ello sumergido en redes sociales con expertos&#8221;<\/em><\/p>\n<p style=\"text-align: center\"><strong style=\"font-size: small\"><em>&nbsp;<\/em><\/strong><\/p>\n<p><!--EndFragment--><\/p>\n<h4 style=\"text-align: left\"><strong>Necesidades de negocio \/ aplicaci&oacute;n<\/strong><\/h4>\n<div>\n<ul>\n<li>\n<p style=\"text-align: justify\">Se considera que la obesidad es responsable de 3 millones de muertes anuales en el mundo, siendo el exceso de peso un importante factor de riesgo para el desarrollo de enfermedades cr&oacute;nicas como por ejemplo la diabetes, enfermedades cardiovasculares y algunos tipos de c&aacute;ncer. En total, 502 millones de ciudadanos en el planeta son obesos y en los &uacute;ltimos 30 a&ntilde;os la prevalencia de la obesidad se ha duplicado en el mundo; en la actualidad, m&aacute;s del 10% de las personas la padece. La Organizaci&oacute;n Mundial de la Salud (OMS) califica la obesidad como la pandemia del siglo XXI.<\/p>\n<\/li>\n<li>\n<p style=\"text-align: justify\">Esta cifra de 3 millones de fallecimientos relacionados con la obesidad en un a&ntilde;o es 3 veces superior a las personas que murieron por desnutrici&oacute;n, cambiando la tendencia hasta entonces inversa seg&uacute;n los datos de los &uacute;ltimos 20 a&ntilde;os recogidos en el informe &ldquo;La carga global de las enfermedades&rdquo; de la prestigiosa revista The Lancet.<\/p>\n<\/li>\n<\/ul>\n<\/div>\n<h4 style=\"text-align: left\"><strong>Ventajas competitivas<\/strong><\/h4>\n<div>\n<ul>\n<li>\n<p style=\"text-align: justify\">Uso de sensores textiles no invasivos, est&aacute;ndares e interoperables basados en la tecnolog&iacute;a emergente de bajo consumo Bluetooth 4.0: ahorro en costes de dispositivos (50 euros fruente a 200).<\/p>\n<\/li>\n<li style=\"text-align: justify\">\n<p>Validaci&oacute;n del sistema de entrenamiento y de guiado por voz con m&aacute;s de 30 usuarios con un grado de aceptaci&oacute;n mayor del 95% .<\/p>\n<\/li>\n<li style=\"text-align: justify\">\n<p>Uso de videoconsolas, ejercicios guiados por voz personalizados y gamification de las sesiones de entrenamiento para fomentar el cuidado de la salud: engagement de los usuarios.<\/p>\n<\/li>\n<li style=\"text-align: justify\">\n<p>Monitorizaci&oacute;n&nbsp; en tiempo real, sistema para gesti&oacute;n de los pacientes, creaci&oacute;n de reglas personalizadas (avisos, alarmas, notificaciones&hellip;), feedback entre profesionales y pacientes: control y supervisi&oacute;n constante.<\/p>\n<\/li>\n<li>\n<p style=\"text-align: justify\">Componente social entre pacientes y personal m&eacute;dico.&nbsp;<\/p>\n<\/li>\n<\/ul>\n<\/div>\n<div>\n<h4 style=\"text-align: left\"><strong>Referencias<\/strong><\/h4>\n<ul>\n<li>\n<p style=\"text-align: justify\">El grupo Life Supporting Technologiesl lleva m&aacute;s de 15 a&ntilde;os trabajando en soluciones para la salud y el bienestar.<\/p>\n<\/li>\n<li>\n<p style=\"text-align: justify\">Partner en proyectos europeos sobre nutrici&oacute;n y bienestar como WeightInfo, PIPS, HeartCycle.<\/p>\n<\/li>\n<\/ul>\n<h4 style=\"text-align: left\"><strong>Grado de desarrollo<\/strong><\/h4>\n<ul>\n<li>\n<p>Concepto<\/p>\n<\/li>\n<li>\n<p>Investigaci&oacute;n<\/p>\n<\/li>\n<li>\n<p><span style=\"text-decoration: underline\"><strong>Prototipo-Lab<\/strong><\/span><\/p>\n<\/li>\n<li>\n<p>Prototipo Industrial<\/p>\n<\/li>\n<li>\n<p>Producci&oacute;n<\/p>\n<\/li>\n<\/ul>\n<\/div>\n<h4 style=\"text-align: left\"><strong>Contacto<\/strong><\/h4>\n<p><strong>Contacto&nbsp; GameCare<\/strong><\/p>\n<p>Eugenio Gaeta, Gloria Cea, M&ordf; Teresa Arredondo<\/p>\n<p>Life Supporting Technologies (LST) &#8211; UPM<\/p>\n<p>e: <span rel=\"83313130a4312a3196310831bb313a31a5310330c5311531c6311f30b4313e31a5310230be313c31\" class=\"cryptex \" style=\"\"><span class=\"CryptexImg ctxQ1bmhMoHnSJZ_QVIxwfaLDrvHH0LhV2YduqdQ-XKWA0\"><\/span><\/span>; e: <span rel=\"833131309c312b319c312d31bd313031a0310330b8311031bc312731a0310e31a4314331cd310930aa312f31ad311630b7312e31c5311a30b5313731\" class=\"cryptex \" style=\"\"><span class=\"CryptexImg ctxEk7r70DCZHRHNFL7NOKTCEANgsphcmm46eON2YzXgwM\"><\/span><\/span>; e: <span rel=\"833131309e3119319a3129318f313331a43143317f312331bd3122316d314331a8313d3187312e31a931\" class=\"cryptex \" style=\"\"><span class=\"CryptexImg ctxn0x7KPHVbjwph3yNTghLu7ZV-99Tou0b-6fgFw8uW70\"><\/span><\/span><\/p>\n<p><strong>Contacto UPM<\/strong><\/p>\n<p>Programas de Innovaci&oacute;n y Emprendimiento<\/p>\n<p>Centro de Apoyo a la Innovaci&oacute;n Tecnol&oacute;gica &ndash; UPM<\/p>\n<p>e: <span rel=\"83313130a0312431a3313731c531283194313831c0311d3185312731a4313131a6313f31c53138319d313231a1311d3182313331c83125317e312931b131\" class=\"cryptex \" style=\"\"><span class=\"CryptexImg ctxR7neImVV1tJoTSyttUGBAuiESKXKLLyzTwJSN1lk9Z0\"><\/span><\/span><\/p>\n<div class=\"pdfprnt-buttons pdfprnt-buttons-product pdfprnt-bottom-left\"><a href=\"https:\/\/www.upm.es\/recursosidi\/wp-json\/wp\/v2\/product\/11392?print=pdf\" class=\"pdfprnt-button pdfprnt-button-pdf\" target=\"_blank\"><span class=\"pdfprnt-button-title pdfprnt-button-pdf-title\">Descargar ficha<\/span><\/a><\/div>","protected":false},"excerpt":{"rendered":"<p>Pierde peso jugando.<\/p>\n<p>Soluci\u00f3n personalizada para tratar la obesidad de forma saludable a trav\u00e9s de las TIC de una manera tan simple que parecer\u00e1 un juego.<\/p>\n","protected":false},"featured_media":11391,"template":"","meta":{"_acf_changed":false},"product_cat":[2384],"product_tag":[2485],"comunidades-upm":[],"quien":[],"mapa":[{"term_id":122,"name":"Salud y bienestar","slug":"salud-y-bienestar","term_group":0,"term_taxonomy_id":122,"taxonomy":"mapa","description":"","parent":0,"count":105,"filter":"raw","term_order":"17"},{"term_id":126,"name":"Tecnolog\u00edas digitales, Inteligencia Artificial, ciberseguridad, 5G, rob\u00f3tica","slug":"tecnologias_digitales-ai-ciberseguridad-5g-robotica","term_group":0,"term_taxonomy_id":126,"taxonomy":"mapa","description":"","parent":0,"count":194,"filter":"raw","term_order":"23"}],"disponibilidad":[{"term_id":205,"name":"Consultar disponibilidad","slug":"consultar","term_group":0,"term_taxonomy_id":205,"taxonomy":"disponibilidad","description":"","parent":0,"count":290,"filter":"raw","term_order":"0"}],"donde":[{"term_id":1700,"name":"Life Support Technologies","slug":"en_life-support-technologies","term_group":0,"term_taxonomy_id":1700,"taxonomy":"donde","description":"Somos uno de los principales grupos europeos de investigaci\u00f3n e innovaci\u00f3n en el sector de la eSalud y la eInclusion social y mantenemos colaboraciones estables con el sector privado y p\u00fablico en diversas \u00e1reas de I+D+i.\r\nTenemos una larga trayectoria en el dise\u00f1o, desarrollo y evaluaci\u00f3n de servicios y aplicaciones basados en las Tecnolog\u00edas de la Informaci\u00f3n y la Comunicaci\u00f3n para la creaci\u00f3n y promoci\u00f3n de nuevas ideas, m\u00e9todos y soluciones tecnol\u00f3gicas en todos los aspectos de la cadena de valor de las organizaciones.\r\n\r\nNuestros principales ejes de investigaci\u00f3n son:\r\n\r\nTIC en sanidad y servicios sociales (e-salud y e-inclusi\u00f3n)\r\nNeurofot\u00f3nica\r\nRedes y Sensores Fot\u00f3nicos","parent":0,"count":16,"filter":"raw","term_order":"0"},{"term_id":476,"name":"Tecnolog\u00edas de Apoyo a la Vida","slug":"tecnologias-de-apoyo-a-la-vida","term_group":0,"term_taxonomy_id":476,"taxonomy":"donde","description":"Somos uno de los principales grupos europeos de investigaci\u00f3n e innovaci\u00f3n en el sector de la eSalud y la eInclusion social y mantenemos colaboraciones estables con el sector privado y p\u00fablico en diversas \u00e1reas de I+D+i.\r\nTenemos una larga trayectoria en el dise\u00f1o, desarrollo y evaluaci\u00f3n de servicios y aplicaciones basados en las Tecnolog\u00edas de la Informaci\u00f3n y la Comunicaci\u00f3n para la creaci\u00f3n y promoci\u00f3n de nuevas ideas, m\u00e9todos y soluciones tecnol\u00f3gicas en todos los aspectos de la cadena de valor de las organizaciones.\r\n\r\nNuestros principales ejes de investigaci\u00f3n son:\r\n\r\nTIC en sanidad y servicios sociales (e-salud y e-inclusi\u00f3n)\r\nNeurofot\u00f3nica\r\nRedes y Sensores Fot\u00f3nicos","parent":0,"count":23,"filter":"raw","term_order":"0"}],"infraestructura":[],"ods":[{"term_id":2271,"name":"Salud y Bienestar","slug":"salud-y-bienestar","term_group":0,"term_taxonomy_id":2271,"taxonomy":"ods","description":"","parent":0,"count":59,"filter":"raw","term_order":"0"}],"origen":[{"term_id":192,"name":"Soluciones tecnol\u00f3gicas","slug":"soluciones-tecnologicas","term_group":0,"term_taxonomy_id":192,"taxonomy":"origen","description":"","parent":0,"count":278,"filter":"raw","term_order":"0"}],"familia_tax":false,"quien_tax":false,"donde_tax":false,"year":"2020-01-01","contacto":"ETSI de Telecomunicaci\u00f3n - UPM, Avenida  Complutense, 30, Ciudad Universitaria, 28040, Madrid","telefono":"910671900","pagina_web":"https:\/\/www.etsit.upm.es\/","email":"eugenio.gaeta@lst.tfo.upm.es","id_ficha_portal":"64","video":"","adjuntos":false,"adjuntos_portal":"","inf":false,"departamento":"","acf":[],"lang":"es","translation":{"es":11392,"en":11394},"_links":{"self":[{"href":"https:\/\/www.upm.es\/recursosidi\/wp-json\/wp\/v2\/product\/11392"}],"collection":[{"href":"https:\/\/www.upm.es\/recursosidi\/wp-json\/wp\/v2\/product"}],"about":[{"href":"https:\/\/www.upm.es\/recursosidi\/wp-json\/wp\/v2\/types\/product"}],"wp:featuredmedia":[{"embeddable":true,"href":"https:\/\/www.upm.es\/recursosidi\/wp-json\/wp\/v2\/media\/11391"}],"wp:attachment":[{"href":"https:\/\/www.upm.es\/recursosidi\/wp-json\/wp\/v2\/media?parent=11392"}],"wp:term":[{"taxonomy":"product_cat","embeddable":true,"href":"https:\/\/www.upm.es\/recursosidi\/wp-json\/wp\/v2\/product_cat?post=11392"},{"taxonomy":"product_tag","embeddable":true,"href":"https:\/\/www.upm.es\/recursosidi\/wp-json\/wp\/v2\/product_tag?post=11392"},{"taxonomy":"comunidad_upm","embeddable":true,"href":"https:\/\/www.upm.es\/recursosidi\/wp-json\/wp\/v2\/comunidades-upm?post=11392"},{"taxonomy":"quien","embeddable":true,"href":"https:\/\/www.upm.es\/recursosidi\/wp-json\/wp\/v2\/quien?post=11392"},{"taxonomy":"mapa","embeddable":true,"href":"https:\/\/www.upm.es\/recursosidi\/wp-json\/wp\/v2\/mapa?post=11392"},{"taxonomy":"disponibilidad","embeddable":true,"href":"https:\/\/www.upm.es\/recursosidi\/wp-json\/wp\/v2\/disponibilidad?post=11392"},{"taxonomy":"donde","embeddable":true,"href":"https:\/\/www.upm.es\/recursosidi\/wp-json\/wp\/v2\/donde?post=11392"},{"taxonomy":"infraestructura","embeddable":true,"href":"https:\/\/www.upm.es\/recursosidi\/wp-json\/wp\/v2\/infraestructura?post=11392"},{"taxonomy":"ods","embeddable":true,"href":"https:\/\/www.upm.es\/recursosidi\/wp-json\/wp\/v2\/ods?post=11392"},{"taxonomy":"origen","embeddable":true,"href":"https:\/\/www.upm.es\/recursosidi\/wp-json\/wp\/v2\/origen?post=11392"}],"curies":[{"name":"wp","href":"https:\/\/api.w.org\/{rel}","templated":true}]}}