{"id":11412,"date":"2022-10-28T13:50:55","date_gmt":"2022-10-28T11:50:55","guid":{"rendered":"https:\/\/www.upm.es\/recursosidi\/offers-resources\/sin categor\u00eda\/greencpd\/"},"modified":"2022-10-28T13:51:06","modified_gmt":"2022-10-28T11:51:06","slug":"greencpd","status":"publish","type":"product","link":"https:\/\/www.upm.es\/recursosidi\/offers-resources\/soluciones-tecnologicas\/greencpd\/","title":{"rendered":"GREENCPD"},"content":{"rendered":"<h4 style=\"text-align: left\"><strong>Descripci&oacute;n breve conjunta de la soluci&oacute;n y valor a&ntilde;adido que aporta <\/strong><\/h4>\n<p style=\"text-align: justify\">GreenCPD provee m&eacute;todos y herramientas para reducir el consumo total de energ&iacute;a muy por encima de las tecnolog&iacute;as actuales. A diferencia de las aproximaciones previas, se han usado recursos de refrigeraci&oacute;n y computaci&oacute;n, as&iacute; como las aplicaciones y los hist&oacute;ricos previos de ejecuci&oacute;n para proveer una estrategia proactiva no intrusiva para minimizar los requerimientos de energ&iacute;a, y al mismo tiempo, incrementar la fiabilidad de los recursos a trav&eacute;s de evitar puntos de acceso y estr&eacute;s t&eacute;rmico.&nbsp;<\/p>\n<p class=\"MsoNormal\" style=\"text-align: justify\">El mercado verde de los centros de datos est&aacute; creciendo r&aacute;pidamente. En 2010 los centros de datos consum&iacute;an alrededor del 1,3% de la energ&iacute;a el&eacute;ctrica producida a nivel mundial y produc&iacute;a el 2% de las emisiones totales de CO2.&nbsp; La densidad de energ&iacute;a&nbsp; excede frecuentemente los 60 kW\/m2, y muchos centros de datos ya est&aacute;n teniendo faltas de energ&iacute;a y de capacidad de enfriamiento para conseguir alcanzar&nbsp; las necesidades de un&nbsp; equipamiento de tan alta densidad. La flexibilidad de arquitectura de GreenCPD asegurar&aacute; continuas adaptaciones a los requerimientos presentes y futuros, coordinando acciones a diferentes niveles abstractos y m&uacute;ltiples perspectivas para disminuir el consumo total de energ&iacute;a por encima de las tecnolog&iacute;as existentes en la actualidad.<\/p>\n<h4 style=\"text-align: left\"><strong>Descripci&oacute;n de la base tecnol&oacute;gica<\/strong><\/h4>\n<p style=\"text-align: justify\">Estrategia global y herramientas para usar fuentes de informaci&oacute;n m&uacute;ltiple y coordinar decisiones a niveles diferentes en los centros de datos con el prop&oacute;sito de un objetivo com&uacute;n: reducir el consumo total de energ&iacute;a. Los componentes innovadores de GreenCPD incluyen:<\/p>\n<ul>\n<li style=\"text-align: justify\">\n<p style=\"text-align: justify\">Caracterizaci&oacute;n energ&eacute;tica autom&aacute;tica y clasificaci&oacute;n de las cargas de trabajo.<\/p>\n<\/li>\n<li style=\"text-align: justify\">\n<p>Selecci&oacute;n &oacute;ptima de recursos tomando en cuenta recursos refrigerados, computacionales y las aplicaciones.<\/p>\n<\/li>\n<li style=\"text-align: justify\">\n<p>Hacer uso de la heterogeneidad del centro de datos para reducir el consumo de energ&iacute;a.<\/p>\n<\/li>\n<li style=\"text-align: justify\">\n<p>Gesti&oacute;n autom&aacute;tica de la aplicaci&oacute;n de los recursos, modos de baja energ&iacute;a, compilaci&oacute;n just-in-time, etc<\/p>\n<\/li>\n<li style=\"text-align: justify\">\n<p style=\"text-align: justify\">Mejoramiento de la fiabilidad a trav&eacute;s de evitar fallos debidas a altas temperaturas o estr&eacute;s t&eacute;rmico.<\/p>\n<\/li>\n<\/ul>\n<p style=\"text-align: center\"><em>&ldquo;Tomando ventaja de la heterogeneidad de los recursos de un centro de datos, el consumo de energ&iacute;a del mismo puede ser reducido hasta un 30%&rdquo;&nbsp;<\/em><\/p>\n<p style=\"text-align: center\">&nbsp;<\/p>\n<h4 style=\"text-align: left\"><strong>Necesidades de negocio \/ aplicaci&oacute;n<\/strong><\/h4>\n<ul>\n<li style=\"text-align: justify\">\n<p style=\"text-align: justify\">En el a&ntilde;o 2000 los centros de datos usaban el 0,53%&nbsp; del consumo total de electricidad a nivel mundial, mientras que para el a&ntilde;o 2010 consum&iacute;an aproximadamente 235,35 BkWh, que representa el 1,3% del consumo mundial de electricidad.<\/p>\n<\/li>\n<li style=\"text-align: justify\">\n<p>Debido al r&aacute;pido crecimiento de la capacidad de los centros de datos, la densidad energ&eacute;tica manejada por sus infraestructuras y su consumo energ&eacute;tico ha crecido dram&aacute;ticamente. El coste de la factura el&eacute;ctrica, incluyendo los costes de computaci&oacute;n y refrigeraci&oacute;n, est&aacute; alrededor de 7 billones de d&oacute;lares solo en los EEUU y la densidad energ&eacute;tica excede los 60 kW\/m2.<\/p>\n<\/li>\n<li style=\"text-align: justify\">\n<p>Seg&uacute;n Gartner, el 50% de los centros de datos existentes ya tienen carencias de capacidades de energ&iacute;a y enfriamiento para alcanzar las necesidades de los equipamientos de alta densidad.<\/p>\n<\/li>\n<li style=\"text-align: justify\">\n<p>Los centros de datos actuales necesitan:<\/p>\n<ul>\n<li style=\"text-align: justify\">\n<p style=\"text-align: justify\">Tener en cuenta muchos aspectos diferentes al mismo tiempo en orden de minimizar la energ&iacute;a total consumida,.<\/p>\n<\/li>\n<li style=\"text-align: justify\">\n<p>Disminuir significativamente su consumo y picos energ&eacute;ticos para reducir cortes, especialmente en centros de datos urbanos durante el verano.<\/p>\n<\/li>\n<li style=\"text-align: justify\">\n<p style=\"text-align: justify\">Aplicar t&eacute;cnicas reactivas y proactivas para adaptar el consumo de energ&iacute;a a los cambios de requerimientos externos e internos.<\/p>\n<\/li>\n<\/ul>\n<\/li>\n<\/ul>\n<h4 style=\"text-align: left\"><strong>Ventajas competitivas<\/strong><\/h4>\n<ul>\n<li style=\"text-align: justify\">\n<p style=\"text-align: justify\">Aproximaci&oacute;n integral.&nbsp;Se optimiza el consumo energ&eacute;tico tomando en cuenta el estado termal del centro de datos, los requerimientos energ&eacute;ticos de las cargas de trabajo, las caracter&iacute;sticas t&eacute;rmicas y energ&eacute;ticas de los recursos de enfriamiento y computacionales y el hist&oacute;rico reciente de ejecuci&oacute;n.<\/p>\n<\/li>\n<li style=\"text-align: justify\">\n<p>Estrategias proactivas adem&aacute;s de las reactivas.&nbsp;Utilizamos el conocimiento sobre las cargas de trabajo y los recursos para anticipar los requerimientos energ&eacute;ticos y planificarlos con antelaci&oacute;n.<\/p>\n<\/li>\n<li style=\"text-align: justify\">\n<p>Aplicaci&oacute;n.&nbsp;Hemos probado que, tomando ventaja de la heterogeneidad en los recursos de las TI, algoritmos de distribuci&oacute;n de recursos pueden ser mejorados para disminuir el consumo total de energ&iacute;a en las TI hasta en un 30%.<\/p>\n<\/li>\n<li style=\"text-align: justify\">\n<p style=\"text-align: justify\">No intrusivo y adaptable.&nbsp;No requiere de cambios radicales en la infraestructura o la gesti&oacute;n del software, adem&aacute;s de adaptarse a las necesidades del cliente.<span style=\"font-size: small\"> &nbsp; &nbsp; &nbsp;<\/span><\/p>\n<\/li>\n<\/ul>\n<h4 style=\"text-align: left\"><strong>Referencias&nbsp;<\/strong><\/h4>\n<ul>\n<li style=\"text-align: justify\">\n<p style=\"text-align: justify\">Centro de supercomputaci&oacute;n CeSViMa-UPM. En junio de 2011 alcanz&oacute;&nbsp; en el TOP500 la posici&oacute;n 1&ordf; en el ranking de Espa&ntilde;a, el 44&ordf; de Europa y el 136&ordf; del mundo. Tambi&eacute;n alcanz&oacute; la posici&oacute;n 18&ordf; en Green500 (junio de 2011). Se instal&oacute; un prototipo.<\/p>\n<\/li>\n<\/ul>\n<h4><strong>Grado de desarrollo<\/strong><\/h4>\n<ul>\n<li><span style=\"font-size: small\">Concepto<\/span><\/li>\n<li><span style=\"font-size: small\">Investigaci&oacute;n<\/span><\/li>\n<li><strong><span style=\"text-decoration: underline\"><span style=\"font-size: small\">Prototipo-Lab<\/span><\/span><\/strong><\/li>\n<li><span style=\"font-size: small\">Prototipo Industrial<\/span><\/li>\n<li><span style=\"font-size: small\">Producci&oacute;n<\/span><\/li>\n<\/ul>\n<h4 style=\"background-attachment: scroll;background-color: transparent;background-image: none;background-size: auto;color: #626262;font-family: Helvetica,Arial,sans-serif;font-size: 22px;font-style: normal;font-variant: normal;font-weight: 400;letter-spacing: normal;line-height: 30.8px;text-align: left;text-decoration: none;text-indent: 0px;text-transform: none;padding: 0px;margin: 25px 0px 15px 0px;border: 0px none #626262\"><strong style=\"background-attachment: scroll;background-color: transparent;background-image: none;background-size: auto;color: #626262;font-weight: bold;padding: 0px;margin: 0px;border: 0px none #626262\">Contacto<\/strong><\/h4>\n<p style=\"text-align: justify\"><strong>Contacto&nbsp; GreenCPD<\/strong><\/p>\n<p style=\"text-align: justify\">Jos&eacute; Manuel Moya<\/p>\n<p style=\"text-align: justify\">Laboratorio de Sistemas Integrados<\/p>\n<p style=\"text-align: justify\">ETSI Telecomunicaci&oacute;n &#8211; UPM<\/p>\n<p style=\"text-align: justify\">e: <span rel=\"88311430b531353172312031ba312031af310331b83121319e311430b4313231\" class=\"cryptex \" style=\"\"><span class=\"CryptexImg ctxkgs1vtgmzY-kkdy10eEwdDROH2Ic4xcgdotXPFNNYPE\"><\/span><\/span><\/p>\n<p style=\"text-align: justify\"><strong>Contacto UPM<\/strong><\/p>\n<p style=\"text-align: justify\"><span style=\"float: none;background-color: transparent;color: #626262;cursor: text;font-family: Helvetica,Arial,sans-serif;font-size: 14px;font-style: normal;font-variant: normal;font-weight: 400;letter-spacing: normal;text-align: left;text-decoration: none;text-indent: 0px;text-transform: none\">Programas de Innovaci&oacute;n y Emprendimiento<\/span><\/p>\n<p style=\"text-align: justify\">Centro de Apoyo a la Innovaci&oacute;n Tecnol&oacute;gica &ndash; UPM<\/p>\n<p style=\"text-align: justify\">e: <span rel=\"88311430b4313631b2312231c1310831b1312c31b2311f315f313231b4312231ac312b31a2312a31b5312631bc310d3170313231c031383166312a31bb31\" class=\"cryptex \" style=\"\"><span class=\"CryptexImg ctxR7neImVV1tJoTSyttUGBAuiESKXKLLyzTwJSN1lk9Z0\"><\/span><\/span><\/p>\n<div class=\"pdfprnt-buttons pdfprnt-buttons-product pdfprnt-bottom-left\"><a href=\"https:\/\/www.upm.es\/recursosidi\/wp-json\/wp\/v2\/product\/11412?print=pdf\" class=\"pdfprnt-button pdfprnt-button-pdf\" target=\"_blank\"><span class=\"pdfprnt-button-title pdfprnt-button-pdf-title\">Descargar ficha<\/span><\/a><\/div>","protected":false},"excerpt":{"rendered":"<p>Ahorrando energ\u00eda por encima de los l\u00edmites.<\/p>\n<p>M\u00e9todo integral y herramientas de aplicaci\u00f3n y  recursos conscientes para disminuir el consumo de energ\u00eda en centros de datos m\u00e1s all\u00e1 del estado del arte.<\/p>\n","protected":false},"featured_media":11411,"template":"","meta":{"_acf_changed":false},"product_cat":[2384],"product_tag":[2516,2447],"comunidades-upm":[],"quien":[],"mapa":[{"term_id":133,"name":"Clima, Energ\u00eda y Movilidad","slug":"clima-energia-movilidad","term_group":0,"term_taxonomy_id":133,"taxonomy":"mapa","description":"","parent":0,"count":129,"filter":"raw","term_order":"9"},{"term_id":126,"name":"Tecnolog\u00edas digitales, Inteligencia Artificial, ciberseguridad, 5G, rob\u00f3tica","slug":"tecnologias_digitales-ai-ciberseguridad-5g-robotica","term_group":0,"term_taxonomy_id":126,"taxonomy":"mapa","description":"","parent":0,"count":194,"filter":"raw","term_order":"23"}],"disponibilidad":[{"term_id":205,"name":"Consultar disponibilidad","slug":"consultar","term_group":0,"term_taxonomy_id":205,"taxonomy":"disponibilidad","description":"","parent":0,"count":290,"filter":"raw","term_order":"0"}],"donde":[{"term_id":618,"name":"Centro de Investigaci\u00f3n en Simulaci\u00f3n Computacional (CCS)","slug":"centro-de-investigacion-en-simulacion-computacional-ccs","term_group":0,"term_taxonomy_id":618,"taxonomy":"donde","description":"","parent":0,"count":27,"filter":"raw","term_order":"0"},{"term_id":1840,"name":"Computer Simulation Research Centre","slug":"en_computer-simulation-research-centre","term_group":0,"term_taxonomy_id":1840,"taxonomy":"donde","description":"","parent":0,"count":17,"filter":"raw","term_order":"0"},{"term_id":1664,"name":"Integrated Systems Laboratory (ISL)","slug":"en_integrated-systems-laboratory-isl","term_group":0,"term_taxonomy_id":1664,"taxonomy":"donde","description":"La actividad del grupo cubre las diversas etapas que van desde la I+D hasta la innovaci&oacute;n, en un amplio espectro tem&aacute;tico, a fin de proporcionar soluciones tecnol&oacute;gicas en el &aacute;rea de los sistemas integrados. As&iacute;, las principales l&iacute;neas de investigaci&oacute;n son:\n&nbsp;\n\n<strong>Microelectr&oacute;nica<\/strong>: Dise&ntilde;o de circuitos tolerantes a variaciones (proceso, temperatura, tensi&oacute;n, envejecimiento, radiaci&oacute;n) y VLSI.\n<strong>Arquitecturas digitales<\/strong> espec&iacute;ficas de altas prestaciones y sobre plataformas reconfigurables (FPGAs). Aceleraci&oacute;n Hardware.\n<strong>Herramientas EDA<\/strong> para el dise&ntilde;o de sistemas electr&oacute;nicos.\nDise&ntilde;o de <strong>sistemas embebidos, redes de sensores inal&aacute;mbricos, radio cognitiva<\/strong> y aplicaciones con estas tecnolog&iacute;as, incluyendo optimizaci&oacute;n de prestaciones, seguridad y consumo energ&eacute;tico.\n<strong>Optimizaci&oacute;n energ&eacute;tica<\/strong> de centros de datos.\n","parent":0,"count":6,"filter":"raw","term_order":"0"},{"term_id":440,"name":"Laboratorio de Sistemas Integrados (LSI)","slug":"laboratorio-de-sistemas-integrados-lsi","term_group":0,"term_taxonomy_id":440,"taxonomy":"donde","description":"La actividad del grupo cubre las diversas etapas que van desde la I+D hasta la innovaci&oacute;n, en un amplio espectro tem&aacute;tico, a fin de proporcionar soluciones tecnol&oacute;gicas en el &aacute;rea de los sistemas integrados. As&iacute;, las principales l&iacute;neas de investigaci&oacute;n son:\n&nbsp;\n\n<strong>Microelectr&oacute;nica<\/strong>: Dise&ntilde;o de circuitos tolerantes a variaciones (proceso, temperatura, tensi&oacute;n, envejecimiento, radiaci&oacute;n) y VLSI.\n<strong>Arquitecturas digitales<\/strong> espec&iacute;ficas de altas prestaciones y sobre plataformas reconfigurables (FPGAs). Aceleraci&oacute;n Hardware.\n<strong>Herramientas EDA<\/strong> para el dise&ntilde;o de sistemas electr&oacute;nicos.\nDise&ntilde;o de <strong>sistemas embebidos, redes de sensores inal&aacute;mbricos, radio cognitiva<\/strong> y aplicaciones con estas tecnolog&iacute;as, incluyendo optimizaci&oacute;n de prestaciones, seguridad y consumo energ&eacute;tico.\n<strong>Optimizaci&oacute;n energ&eacute;tica<\/strong> de centros de datos.\n","parent":0,"count":13,"filter":"raw","term_order":"0"}],"infraestructura":[],"ods":[{"term_id":2231,"name":"Acci\u00f3n por el Clima","slug":"accion-por-el-clima","term_group":0,"term_taxonomy_id":2231,"taxonomy":"ods","description":"","parent":0,"count":67,"filter":"raw","term_order":"0"},{"term_id":2247,"name":"Industria, Innovaci\u00f3n e Infraestructura","slug":"industria-innovacion-e-infraestructura","term_group":0,"term_taxonomy_id":2247,"taxonomy":"ods","description":"","parent":0,"count":171,"filter":"raw","term_order":"0"}],"origen":[{"term_id":192,"name":"Soluciones tecnol\u00f3gicas","slug":"soluciones-tecnologicas","term_group":0,"term_taxonomy_id":192,"taxonomy":"origen","description":"","parent":0,"count":278,"filter":"raw","term_order":"0"}],"familia_tax":false,"quien_tax":false,"donde_tax":false,"year":"2020-01-01","contacto":"ETSI de Telecomunicaci\u00f3n - UPM, Avenida  Complutense, 30, Ciudad Universitaria, 28040, Madrid","telefono":"910671900","pagina_web":"http:\/\/www.etsit.upm.es\/","email":"jm.moya@upm.es","id_ficha_portal":"84","video":"","adjuntos":false,"adjuntos_portal":"","inf":false,"departamento":"","acf":[],"lang":"es","translation":{"es":11412,"en":11414},"_links":{"self":[{"href":"https:\/\/www.upm.es\/recursosidi\/wp-json\/wp\/v2\/product\/11412"}],"collection":[{"href":"https:\/\/www.upm.es\/recursosidi\/wp-json\/wp\/v2\/product"}],"about":[{"href":"https:\/\/www.upm.es\/recursosidi\/wp-json\/wp\/v2\/types\/product"}],"wp:featuredmedia":[{"embeddable":true,"href":"https:\/\/www.upm.es\/recursosidi\/wp-json\/wp\/v2\/media\/11411"}],"wp:attachment":[{"href":"https:\/\/www.upm.es\/recursosidi\/wp-json\/wp\/v2\/media?parent=11412"}],"wp:term":[{"taxonomy":"product_cat","embeddable":true,"href":"https:\/\/www.upm.es\/recursosidi\/wp-json\/wp\/v2\/product_cat?post=11412"},{"taxonomy":"product_tag","embeddable":true,"href":"https:\/\/www.upm.es\/recursosidi\/wp-json\/wp\/v2\/product_tag?post=11412"},{"taxonomy":"comunidad_upm","embeddable":true,"href":"https:\/\/www.upm.es\/recursosidi\/wp-json\/wp\/v2\/comunidades-upm?post=11412"},{"taxonomy":"quien","embeddable":true,"href":"https:\/\/www.upm.es\/recursosidi\/wp-json\/wp\/v2\/quien?post=11412"},{"taxonomy":"mapa","embeddable":true,"href":"https:\/\/www.upm.es\/recursosidi\/wp-json\/wp\/v2\/mapa?post=11412"},{"taxonomy":"disponibilidad","embeddable":true,"href":"https:\/\/www.upm.es\/recursosidi\/wp-json\/wp\/v2\/disponibilidad?post=11412"},{"taxonomy":"donde","embeddable":true,"href":"https:\/\/www.upm.es\/recursosidi\/wp-json\/wp\/v2\/donde?post=11412"},{"taxonomy":"infraestructura","embeddable":true,"href":"https:\/\/www.upm.es\/recursosidi\/wp-json\/wp\/v2\/infraestructura?post=11412"},{"taxonomy":"ods","embeddable":true,"href":"https:\/\/www.upm.es\/recursosidi\/wp-json\/wp\/v2\/ods?post=11412"},{"taxonomy":"origen","embeddable":true,"href":"https:\/\/www.upm.es\/recursosidi\/wp-json\/wp\/v2\/origen?post=11412"}],"curies":[{"name":"wp","href":"https:\/\/api.w.org\/{rel}","templated":true}]}}