{"id":11420,"date":"2022-10-31T09:19:51","date_gmt":"2022-10-31T08:19:51","guid":{"rendered":"https:\/\/www.upm.es\/recursosidi\/offers-resources\/sin categor\u00eda\/growmore\/"},"modified":"2022-10-31T09:19:57","modified_gmt":"2022-10-31T08:19:57","slug":"growmore","status":"publish","type":"product","link":"https:\/\/www.upm.es\/recursosidi\/offers-resources\/soluciones-tecnologicas\/growmore\/","title":{"rendered":"GROWMORE"},"content":{"rendered":"<h4 style=\"text-align: left\"><strong>Descripci&oacute;n breve conjunta de la soluci&oacute;n y valor a&ntilde;adido que aporta <\/strong><\/h4>\n<p style=\"text-align: justify\">Un grupo de investigaci&oacute;n del Centro de Biotecnolog&iacute;a y Gen&oacute;mica de Plantas (CBGP) de la UPM ha identificado varios genes que incrementan la germinaci&oacute;n de las semillas tanto en condiciones de crecimiento est&aacute;ndar como en condiciones de estr&eacute;s cuando son modificados. Las plantas producidas por estas semillas son indistinguibles de sus l&iacute;neas parentales excepto por su mayor crecimiento en condiciones espec&iacute;ficas de estr&eacute;s.<\/p>\n<p style=\"text-align: justify\">Estos estudios se han realizado en Arabidopsis thaliana (oleaginosa). Existe una clara necesidad de aumentar el rendimiento de las plantas (alimento) y su biomasa (energ&iacute;a) durante las pr&oacute;ximas d&eacute;cadas para responder al incremento en la poblaci&oacute;n mundial. Tambi&eacute;n se prev&eacute; una disminuci&oacute;n en la superficie de tierra cultivable debido al aumento de las zonas &aacute;ridas y\/o la salinizaci&oacute;n (cambio clim&aacute;tico), contaminaci&oacute;n y asentamientos urbanos. Para satisfacer a esta demanda es necesario desarrollar nuevas variedades de plantas m&aacute;s productivas en condiciones de estr&eacute;s.<\/p>\n<h4 style=\"text-align: left\"><strong>Descripci&oacute;n de la base tecnol&oacute;gica<\/strong><\/h4>\n<p style=\"text-align: justify\">Las condiciones adversas reducen el porcentaje de germinaci&oacute;n de las semillas y el crecimiento de las plantas. Aunque esta estrategia permite mejorar la supervivencia de las plantas, repercute muy negativamente en su productividad.&nbsp;<\/p>\n<p style=\"text-align: justify\">Mediante la modificaci&oacute;n espec&iacute;fica de determinados genes se han obtenido semillas con mayores porcentajes de germinaci&oacute;n (15- &nbsp;35 %) en condiciones de estr&eacute;s sin afectar negativamente a la supervivencia de las plantas. Adem&aacute;s, algunas de estas plantas presentan mayor crecimiento en determinadas condiciones en comparaci&oacute;n con sus l&iacute;neas parentales sin modificar.&nbsp;<\/p>\n<p style=\"text-align: center\"><em>&#8220;Aplicaci&oacute;n biotecnol&oacute;gica para mejorar la germinaci&oacute;n de semillas y el crecimiento de plantas en condiciones de estr&eacute;s&#8221;<\/em><\/p>\n<h4>&nbsp;<\/h4>\n<h4 style=\"text-align: left\"><strong>Necesidades de negocio \/ aplicaci&oacute;n<\/strong><\/h4>\n<p><strong>Agroalimentario&nbsp;<\/strong><\/p>\n<ul>\n<li>\n<p style=\"text-align: justify\">Se estima que la poblaci&oacute;n mundial habr&aacute; aumentado un 30 % en 2050 y el consumo diario en calor&iacute;as lo har&aacute; en un 10 %. Necesario un aumento del 40% en la producci&oacute;n de cereales.<\/p>\n<\/li>\n<li style=\"text-align: justify\">\n<p>Para alcanzar dichos niveles, los pa&iacute;ses tendr&aacute;n que aumentar su productividad, aumentar sus importaciones o adoptar ambas estrategias.<\/p>\n<\/li>\n<li>\n<p style=\"text-align: justify\">El cambio clim&aacute;tico afectar&aacute; negativamente a la seguridad alimentaria y provocara que los precios de los alimentos aumenten.<\/p>\n<\/li>\n<\/ul>\n<p><strong>Energ&iacute;a<\/strong><\/p>\n<ul>\n<li>\n<p style=\"text-align: justify\">El incremento en el uso de biocombustibles podr&aacute; tambi&eacute;n afectar a la seguridad alimentaria en funci&oacute;n de los precios de la energ&iacute;a y las pol&iacute;ticas de los gobiernos.<\/p>\n<\/li>\n<li>\n<p style=\"text-align: justify\">Un aumento en la productividad de las cosechas podr&iacute;a paliar de forma significativa el efecto de la producci&oacute;n de biocombustibles sobre la disponibilidad de alimentos.<\/p>\n<\/li>\n<\/ul>\n<p style=\"text-align: center\"><em>&#8220;El mercado demanda protecci&oacute;n de la semilla durante el per&iacute;odo de germinaci&oacute;n para obtener un buen desarrollo inicial de la planta y una mayor resistencia a estr&eacute;s&#8221;<\/em><\/p>\n<h4>&nbsp;<\/h4>\n<h4 style=\"text-align: left\"><strong>Ventajas competitivas<\/strong><\/h4>\n<div>\n<ul>\n<li>\n<p style=\"text-align: justify\">Las semillas que producen plantas m&aacute;s resistentes al estr&eacute;s suelen presentar bajas eficiencias de germinaci&oacute;n, mientras que las semillas que germinan mejor en condiciones de estr&eacute;s producen plantas menos tolerantes al mismo. Nuestra soluci&oacute;n proporciona ambas caracter&iacute;sticas deseables combinadas en un solo genotipo (planta).<\/p>\n<\/li>\n<li style=\"text-align: justify\">\n<p>Porcentajes de germinaci&oacute;n incrementados entre un 15-35% en condiciones de estr&eacute;s.<\/p>\n<\/li>\n<li style=\"text-align: justify\">\n<p>Algunos de estos genotipos (plantas) producen mayor biomasa en comparaci&oacute;n con plantas control.<\/p>\n<\/li>\n<li style=\"text-align: justify\">\n<p>Aplicable a la recuperaci&oacute;n de tierras no cultivables.<\/p>\n<\/li>\n<li style=\"text-align: justify\">\n<p>Potencialmente aplicable a otras especies de plantas, especialmente oleaginosas (colza, girasol, etc.).<\/p>\n<\/li>\n<li>\n<p style=\"text-align: justify\">Aplicaci&oacute;n alternativa utilizando &aacute;rboles para producci&oacute;n de biomasa y fitorremediaci&oacute;n (eliminaci&oacute;n de contaminantes).<\/p>\n<\/li>\n<\/ul>\n<\/div>\n<h4 style=\"text-align: left\"><strong>Referencias<\/strong><\/h4>\n<p style=\"text-align: justify\">Grupo de investigaci&oacute;n implicado en el estudio de mecanismos moleculares que controlan la germinaci&oacute;n de las semillas y respuestas a estr&eacute;s de las plantas.<\/p>\n<h4 style=\"text-align: left\"><strong>Grado de desarrollo<\/strong><\/h4>\n<ul>\n<li>\n<p style=\"text-align: justify\">Concepto<\/p>\n<\/li>\n<li style=\"text-align: justify\">\n<p><span style=\"text-decoration: underline\"><strong>Investigaci&oacute;n<\/strong><\/span><\/p>\n<\/li>\n<li style=\"text-align: justify\">\n<p>Prototipo Lab<\/p>\n<\/li>\n<li style=\"text-align: justify\">\n<p>Prototipo industrial<\/p>\n<\/li>\n<li>\n<p style=\"text-align: justify\">Producci&oacute;n<\/p>\n<\/li>\n<\/ul>\n<h4 style=\"text-align: left\"><strong>Contacto<\/strong><\/h4>\n<p><strong>Contacto GROWMORE<\/strong><\/p>\n<p>Luis O&ntilde;ate S&aacute;nchez<\/p>\n<p>Centro de Biotecnolog&iacute;a y Gen&oacute;mica de Plantas &#8211; CBGP (UPM_INIA)<\/p>\n<p>e: <span rel=\"84311330c53142319f312c317a312a31b6311c31a831123184312031b4311e316a310b31c631\" class=\"cryptex \" style=\"\"><span class=\"CryptexImg ctx87b-bPqFfJoMe2O0Id6evlwL7-conDSn4tc8PPLmvcs\"><\/span><\/span><\/p>\n<p>w: <a href=\"http:\/\/www.cbgp.upm.es\/en\/seed-regulation.php\">http:\/\/www.cbgp.upm.es\/en\/seed-regulation.php<\/a><\/p>\n<p><strong>Contacto UPM<\/strong><\/p>\n<p>Programas de Innovaci&oacute;n y Emprendimiento<\/p>\n<p>Centro de Apoyo a la Innovaci&oacute;n Tecnol&oacute;gica&nbsp; &ndash; UPM<\/p>\n<p>e: <span rel=\"84311330c2313b31a4312831c2311c31ab312431a3311b3172311f31a9311431aa311531bf313531bc312831bc31253186312b31be31193182311431a431\" class=\"cryptex \" style=\"\"><span class=\"CryptexImg ctxR7neImVV1tJoTSyttUGBAuiESKXKLLyzTwJSN1lk9Z0\"><\/span><\/span>&nbsp;<\/p>\n<div class=\"pdfprnt-buttons pdfprnt-buttons-product pdfprnt-bottom-left\"><a href=\"https:\/\/www.upm.es\/recursosidi\/wp-json\/wp\/v2\/product\/11420?print=pdf\" class=\"pdfprnt-button pdfprnt-button-pdf\" target=\"_blank\"><span class=\"pdfprnt-button-title pdfprnt-button-pdf-title\">Descargar ficha<\/span><\/a><\/div>","protected":false},"excerpt":{"rendered":"<p>Plantas con crecimiento m\u00e1s resistente a estr\u00e9s.<\/p>\n<p>Soluci\u00f3n biotecnol\u00f3gica para mejorar la germinaci\u00f3n de semillas y el crecimiento de plantas en condiciones de estr\u00e9s.<\/p>\n","protected":false},"featured_media":11419,"template":"","meta":{"_acf_changed":false},"product_cat":[2384],"product_tag":[2449,2475],"comunidades-upm":[],"quien":[],"mapa":[{"term_id":137,"name":"Bioeconom\u00eda, Biotecnolog\u00eda y Sistemas Alimentarios","slug":"bioeconomia-biotecnologia-sistemas_alimentarios","term_group":0,"term_taxonomy_id":137,"taxonomy":"mapa","description":"","parent":0,"count":45,"filter":"raw","term_order":"6"}],"disponibilidad":[{"term_id":205,"name":"Consultar disponibilidad","slug":"consultar","term_group":0,"term_taxonomy_id":205,"taxonomy":"disponibilidad","description":"","parent":0,"count":290,"filter":"raw","term_order":"0"}],"donde":[{"term_id":1476,"name":"Centre for Biotechnology and Plant Genomics, CBPG","slug":"en_centre-for-biotechnology-and-plant-genomics-cbpg","term_group":0,"term_taxonomy_id":1476,"taxonomy":"donde","description":"","parent":0,"count":12,"filter":"raw","term_order":"0"},{"term_id":252,"name":"Centro de Biotecnolog\u00eda y Gen\u00f3mica de Plantas (CBGP)","slug":"centro-de-biotecnologia-y-genomica-de-plantas-cbgp","term_group":0,"term_taxonomy_id":252,"taxonomy":"donde","description":"","parent":0,"count":19,"filter":"raw","term_order":"0"}],"infraestructura":[],"ods":[{"term_id":2275,"name":"Hambre Cero","slug":"hambre-cero","term_group":0,"term_taxonomy_id":2275,"taxonomy":"ods","description":"","parent":0,"count":4,"filter":"raw","term_order":"0"},{"term_id":2235,"name":"Producci\u00f3n y Consumo Responsables","slug":"produccion-y-consumo-responsables","term_group":0,"term_taxonomy_id":2235,"taxonomy":"ods","description":"","parent":0,"count":18,"filter":"raw","term_order":"0"}],"origen":[{"term_id":192,"name":"Soluciones tecnol\u00f3gicas","slug":"soluciones-tecnologicas","term_group":0,"term_taxonomy_id":192,"taxonomy":"origen","description":"","parent":0,"count":278,"filter":"raw","term_order":"0"}],"familia_tax":false,"quien_tax":false,"donde_tax":false,"year":"2020-01-01","contacto":"CBGP - UPM-INIA, Campus de Montegancedo, 28660 Boadilla del Monte (Madrid)","telefono":"910679100","pagina_web":"http:\/\/www.cbgp.upm.es\/","email":"luis.onate@upm.es","id_ficha_portal":"56","video":"","adjuntos":false,"adjuntos_portal":"","inf":false,"departamento":"","acf":[],"lang":"es","translation":{"es":11420,"en":11422},"_links":{"self":[{"href":"https:\/\/www.upm.es\/recursosidi\/wp-json\/wp\/v2\/product\/11420"}],"collection":[{"href":"https:\/\/www.upm.es\/recursosidi\/wp-json\/wp\/v2\/product"}],"about":[{"href":"https:\/\/www.upm.es\/recursosidi\/wp-json\/wp\/v2\/types\/product"}],"wp:featuredmedia":[{"embeddable":true,"href":"https:\/\/www.upm.es\/recursosidi\/wp-json\/wp\/v2\/media\/11419"}],"wp:attachment":[{"href":"https:\/\/www.upm.es\/recursosidi\/wp-json\/wp\/v2\/media?parent=11420"}],"wp:term":[{"taxonomy":"product_cat","embeddable":true,"href":"https:\/\/www.upm.es\/recursosidi\/wp-json\/wp\/v2\/product_cat?post=11420"},{"taxonomy":"product_tag","embeddable":true,"href":"https:\/\/www.upm.es\/recursosidi\/wp-json\/wp\/v2\/product_tag?post=11420"},{"taxonomy":"comunidad_upm","embeddable":true,"href":"https:\/\/www.upm.es\/recursosidi\/wp-json\/wp\/v2\/comunidades-upm?post=11420"},{"taxonomy":"quien","embeddable":true,"href":"https:\/\/www.upm.es\/recursosidi\/wp-json\/wp\/v2\/quien?post=11420"},{"taxonomy":"mapa","embeddable":true,"href":"https:\/\/www.upm.es\/recursosidi\/wp-json\/wp\/v2\/mapa?post=11420"},{"taxonomy":"disponibilidad","embeddable":true,"href":"https:\/\/www.upm.es\/recursosidi\/wp-json\/wp\/v2\/disponibilidad?post=11420"},{"taxonomy":"donde","embeddable":true,"href":"https:\/\/www.upm.es\/recursosidi\/wp-json\/wp\/v2\/donde?post=11420"},{"taxonomy":"infraestructura","embeddable":true,"href":"https:\/\/www.upm.es\/recursosidi\/wp-json\/wp\/v2\/infraestructura?post=11420"},{"taxonomy":"ods","embeddable":true,"href":"https:\/\/www.upm.es\/recursosidi\/wp-json\/wp\/v2\/ods?post=11420"},{"taxonomy":"origen","embeddable":true,"href":"https:\/\/www.upm.es\/recursosidi\/wp-json\/wp\/v2\/origen?post=11420"}],"curies":[{"name":"wp","href":"https:\/\/api.w.org\/{rel}","templated":true}]}}