{"id":11425,"date":"2022-10-31T09:40:54","date_gmt":"2022-10-31T08:40:54","guid":{"rendered":"https:\/\/www.upm.es\/recursosidi\/offers-resources\/sin categor\u00eda\/hand-geometry\/"},"modified":"2022-10-31T09:41:03","modified_gmt":"2022-10-31T08:41:03","slug":"hand-geometry","status":"publish","type":"product","link":"https:\/\/www.upm.es\/recursosidi\/offers-resources\/soluciones-tecnologicas\/hand-geometry\/","title":{"rendered":"HAND GEOMETRY"},"content":{"rendered":"<h4 style=\"text-align: left\"><strong>Descripci&oacute;n breve conjunta de la soluci&oacute;n y valor a&ntilde;adido que aporta <\/strong><\/h4>\n<p style=\"text-align: justify\">El <a href=\"http:\/\/www.gb2s.es\/\" target=\"_blank\" rel=\"noopener\">grupo de Biometr&iacute;a, Biose&ntilde;ales y Seguridad<\/a> (GB2S) ubicado dentro del <a href=\"http:\/\/www.cedint.upm.es\/\" target=\"_blank\" rel=\"noopener\">Centro de Dom&oacute;tica Integral<\/a> (CeDInt) de la <a href=\"\/\" target=\"_blank\" rel=\"noopener\">Universidad Polit&eacute;cnica de Madrid<\/a> (UPM) desarrolla un sistema de verificaci&oacute;n biom&eacute;trica para entornos m&oacute;viles con rapidez y alta precisi&oacute;n. El sistema es capaz de verificar la identidad de un individuo mediante una fotograf&iacute;a de la mano de una persona realizada con el dispositivo m&oacute;vil. Las principales ventajas residen en no requerir ninguna superficie de contacto, pocas limitaciones a la hora de realizar la fotograf&iacute;a de la mano y una gran fortaleza contra posibles ataques de suplantaci&oacute;n de identidad. El sistema propuesto es capaz de realizar una verificaci&oacute;n en menos de 2 segundos, en un dispositivo m&oacute;vil est&aacute;ndar (smartphone) con una precisi&oacute;n cercana al 98% de acierto, siendo capaz de alcanzar tasas de falsa aceptaci&oacute;n cercanas al 0%, lo que se traduce en un sistema altamente aceptado por el usuario final.&nbsp;<\/p>\n<h4 style=\"text-align: left\"><strong>Descripci&oacute;n de la base tecnol&oacute;gica<\/strong><\/h4>\n<p style=\"text-align: justify\">La soluci&oacute;n presenta un software para la verificaci&oacute;n de un individuo en base a la geometr&iacute;a de su mano, sin necesidad de requerir una excesiva colaboraci&oacute;n por parte del usuario. El sistema es capaz de verificar la identidad de una persona permitiendo diferentes grados de rotaci&oacute;n de la mano y distancia a la c&aacute;mara, siempre y cuando la mano est&eacute; contenida en un plano paralelo a la c&aacute;mara. El m&eacute;todo propuesto proporciona un patr&oacute;n para cada individuo, con el cual realiza posteriormente una comparaci&oacute;n que involucra un muy bajo coste computacional.<\/p>\n<p style=\"text-align: justify\">Adem&aacute;s, la implementaci&oacute;n del sistema en Android permite su inclusi&oacute;n en cualquier dispositivo m&oacute;vil que est&eacute; basado en esta tecnolog&iacute;a.<\/p>\n<p style=\"text-align: center\"><span style=\"font-size: small\">&nbsp;<\/span><em><span style=\"font-size: small\">&#8220;El sistema biom&eacute;trico propuesto es capaz de verificar la identidad de un individuo con tasas de falsa aceptaci&oacute;n cercanas al 0% en un dispositivo m&oacute;vil en menos de 2 segundos&#8221;<\/span><\/em><\/p>\n<p>Las &aacute;reas de aplicaci&oacute;n comercial incluir&iacute;an aspectos como:<\/p>\n<ul>\n<li>\n<p style=\"text-align: justify\">Seguridad: por ejemplo, como&nbsp;sistema adecuado para la realizaci&oacute;n de pagos por m&oacute;vil y protecci&oacute;n de acceso al dispositivo m&oacute;vil.<\/p>\n<\/li>\n<li>\n<p style=\"text-align: justify\">Transporte: por ejemplo, mediante la&nbsp;creaci&oacute;n de un billete electr&oacute;nico asociado al dispositivo m&oacute;vil mediante micropagos.<\/p>\n<\/li>\n<\/ul>\n<h4 style=\"text-align: left\"><strong>Necesidades de negocio \/ aplicaci&oacute;n<\/strong><\/h4>\n<p><strong>Seguridad<\/strong><\/p>\n<ul>\n<li>\n<p style=\"text-align: justify\">Sistemas seguros de autenticaci&oacute;n (verificaci&oacute;n) en dispositivos m&oacute;viles para evitar suplantaci&oacute;n de identidad.<\/p>\n<\/li>\n<li style=\"text-align: justify\">\n<p>El fraude en pagos por m&oacute;viles suponen unas p&eacute;rdidas cercanas al 1,13% por cada transacci&oacute;n.<\/p>\n<\/li>\n<li>\n<p style=\"text-align: justify\">La seguridad en el pago por m&oacute;vil se encuentra poco desarrollada y es un tema que debe ser resuelto para garantizar la aceptabilidad del usuario final.<\/p>\n<\/li>\n<\/ul>\n<p><strong>Transporte<\/strong><\/p>\n<ul>\n<li>\n<p style=\"text-align: justify\">Necesidad de agilizar la adquisici&oacute;n de billetes en diferentes plataformas: metro, tren, bus, avi&oacute;n. Ahorro de papel e infraestructuras dedicadas.<\/p>\n<\/li>\n<\/ul>\n<p><strong>Confirmaci&oacute;n de identidad en aplicaciones m&oacute;viles<\/strong><\/p>\n<ul>\n<li>\n<p style=\"text-align: justify\">Bloqueo del m&oacute;vil.<\/p>\n<\/li>\n<li style=\"text-align: justify\">\n<p>Acceso a ciertas aplicaciones del m&oacute;vil (correo electr&oacute;nico, doble agenda, etc.)<\/p>\n<\/li>\n<li style=\"text-align: justify\">\n<p>Empresas de trabajo temporal para &ldquo;fichar&rdquo; por el m&oacute;vil.<\/p>\n<\/li>\n<li style=\"text-align: justify\">\n<p>Seguridad, gesti&oacute;n de alertas desde el propio dispositivo m&oacute;vil.<\/p>\n<\/li>\n<li style=\"text-align: justify\">\n<p>Ligado a un comprobante de compra (acceder a un evento al que se ha comprado la entrada, etc.)<\/p>\n<\/li>\n<li>\n<p style=\"text-align: justify\">Confirmaci&oacute;n de la edad apropiada para la visualizaci&oacute;n o utilizaci&oacute;n de servicios m&oacute;viles.<\/p>\n<\/li>\n<\/ul>\n<p style=\"text-align: center\"><span style=\"font-size: small\"><em>&#8220;El empleo de biometr&iacute;a en dispositivos m&oacute;viles est&aacute; en disposici&oacute;n de aumentar la confianza en el pago por m&oacute;vil, haciendo as&iacute; que la biometr&iacute;a est&eacute; presente en cada transacci&oacute;n realizada desde estos dispositivos&#8221;<\/em><\/span><\/p>\n<h4>&nbsp;<\/h4>\n<h4 style=\"text-align: left\"><strong>Ventajas competitivas<\/strong><\/h4>\n<ul>\n<li>\n<p style=\"text-align: justify\">No requiere hardware adicional salvo la c&aacute;mara integrada que ya poseen los dispositivos m&oacute;viles.<\/p>\n<\/li>\n<li style=\"text-align: justify\">\n<p>No requiere de una plataforma donde ubicar la mano para realizar la adquisici&oacute;n.<\/p>\n<\/li>\n<li style=\"text-align: justify\">\n<p>Bajo coste computacional, llev&aacute;ndose a cabo todo el proceso de verificaci&oacute;n dentro del dispositivo m&oacute;vil.<\/p>\n<\/li>\n<li style=\"text-align: justify\">\n<p>Desarrollo avanzado de prototipos. Integrado en la plataforma Android.<\/p>\n<\/li>\n<li style=\"text-align: justify\">\n<p>Ampliable a otros dispositivos con c&aacute;maras (interoperabilidad) y posibilidad de ser implementado en otros lenguajes de programaci&oacute;n (iOS, Symbian).<\/p>\n<\/li>\n<li>\n<p style=\"text-align: justify\">T&eacute;cnica poco invasiva y con alta aceptabilidad.<\/p>\n<\/li>\n<\/ul>\n<table border=\"0\" align=\"center\">\n<tbody>\n<tr>\n<td><img decoding=\"async\" title=\"Hand biometrics\" src=\"http:\/\/www.upm.es\/observatorio\/vi\/gestor_general\/recuperar_archivo.jsp?id=158\" alt=\"Hand biometrics\" width=\"150\" height=\"200\" \/><\/td>\n<td><img decoding=\"async\" title=\"Hand biometrics\" src=\"http:\/\/www.upm.es\/observatorio\/vi\/gestor_general\/recuperar_archivo.jsp?id=159\" alt=\"Hand biometrics\" width=\"161\" height=\"200\" \/><\/td>\n<td><img decoding=\"async\" title=\"Hand biometrics\" src=\"http:\/\/www.upm.es\/observatorio\/vi\/gestor_general\/recuperar_archivo.jsp?id=160\" alt=\"Hand biometrics\" width=\"150\" height=\"200\" \/><\/td>\n<\/tr>\n<\/tbody>\n<\/table>\n<h4 style=\"text-align: left\"><strong>Referencias<\/strong><\/h4>\n<ul>\n<li>\n<p style=\"text-align: justify\">Amplia trayectoria investigadora y de colaboraci&oacute;n con empresas.<\/p>\n<\/li>\n<li style=\"text-align: justify\">\n<p>Alto inter&eacute;s investigador por esta soluci&oacute;n tecnol&oacute;gica a nivel nacional e internacional.<\/p>\n<\/li>\n<li>\n<p style=\"text-align: justify\">Clara orientaci&oacute;n hacia la innovaci&oacute;n del grupo y a la comercializaci&oacute;n de la investigaci&oacute;n realizada.<\/p>\n<\/li>\n<\/ul>\n<h4 style=\"text-align: left\"><strong>Protecci&oacute;n industrial<\/strong><\/h4>\n<p>Software registrado M-1274-2013.<\/p>\n<h4 style=\"text-align: left\"><strong>Grado de desarrollo<\/strong><\/h4>\n<ul>\n<li>\n<p>Concepto<\/p>\n<\/li>\n<li>\n<p>Investigaci&oacute;n<\/p>\n<\/li>\n<li>\n<p><span style=\"text-decoration: underline\"><strong>Prototipo Lab<\/strong><\/span><\/p>\n<\/li>\n<li>\n<p>Prototipo industrial<\/p>\n<\/li>\n<li>\n<p>Producci&oacute;n<\/p>\n<\/li>\n<\/ul>\n<h4 style=\"text-align: left\"><strong>Contacto<\/strong><\/h4>\n<p style=\"text-align: justify\"><strong>Contacto Hand Geometry<\/strong><\/p>\n<p style=\"text-align: justify\">Carmen S&aacute;nchez &Aacute;vila<\/p>\n<p style=\"text-align: justify\">CeDInt &ndash; UPM<\/p>\n<p style=\"text-align: justify\">e: <span rel=\"8a312630ad313131a6310831b5311b31b1312531ae3129316e313531c931133177312531c231\" class=\"cryptex \" style=\"\"><span class=\"CryptexImg ctxvImTpOyz1O-KDJ21I6BGU7WNHAOjn3o-R9fdw88wJrc\"><\/span><\/span><\/p>\n<p style=\"text-align: justify\">w: <a href=\"http:\/\/www.gb2s.es\" target=\"_blank\" rel=\"noopener\">http:\/\/www.gb2s.es<\/a><\/p>\n<p style=\"text-align: justify\"><strong>Contacto UPM<\/strong><\/p>\n<p style=\"text-align: justify\">Programas de Innovaci&oacute;n y Emprendimiento<\/p>\n<p style=\"text-align: justify\">Centro de Apoyo a la Innovaci&oacute;n Tecnol&oacute;gica&nbsp; &ndash; UPM<\/p>\n<p style=\"text-align: justify\">e: <span rel=\"8a312630b3312c31b3313731c8311731b0312531af3123316e313431be310931b7312f31bb311931a03135319931163188311d31bc3137317f310e31cb31\" class=\"cryptex \" style=\"\"><span class=\"CryptexImg ctxR7neImVV1tJoTSyttUGBAuiESKXKLLyzTwJSN1lk9Z0\"><\/span><\/span>&nbsp;<\/p>\n<div class=\"pdfprnt-buttons pdfprnt-buttons-product pdfprnt-bottom-left\"><a href=\"https:\/\/www.upm.es\/recursosidi\/wp-json\/wp\/v2\/product\/11425?print=pdf\" class=\"pdfprnt-button pdfprnt-button-pdf\" target=\"_blank\"><span class=\"pdfprnt-button-title pdfprnt-button-pdf-title\">Descargar ficha<\/span><\/a><\/div>","protected":false},"excerpt":{"rendered":"<p>Biometr\u00eda de mano para dispositivos m\u00f3viles.<\/p>\n<p>Sistema biom\u00e9trico de verificaci\u00f3n basado en geometr\u00eda de mano para dispositivos m\u00f3viles.<\/p>\n","protected":false},"featured_media":11423,"template":"","meta":{"_acf_changed":false},"product_cat":[2384],"product_tag":[2476,2480,2286],"comunidades-upm":[],"quien":[],"mapa":[{"term_id":130,"name":"Seguridad, defensa y resiliencia","slug":"seguridad-defensa-resiliencia","term_group":0,"term_taxonomy_id":130,"taxonomy":"mapa","description":"","parent":0,"count":26,"filter":"raw","term_order":"20"},{"term_id":126,"name":"Tecnolog\u00edas digitales, Inteligencia Artificial, ciberseguridad, 5G, rob\u00f3tica","slug":"tecnologias_digitales-ai-ciberseguridad-5g-robotica","term_group":0,"term_taxonomy_id":126,"taxonomy":"mapa","description":"","parent":0,"count":194,"filter":"raw","term_order":"23"}],"disponibilidad":[{"term_id":205,"name":"Consultar disponibilidad","slug":"consultar","term_group":0,"term_taxonomy_id":205,"taxonomy":"disponibilidad","description":"","parent":0,"count":290,"filter":"raw","term_order":"0"}],"donde":[{"term_id":1878,"name":"Biometry, Biosignals, Safety and Smart Mobility Group","slug":"en_biometry-biosignals-safety-and-smart-mobility-group","term_group":0,"term_taxonomy_id":1878,"taxonomy":"donde","description":"","parent":0,"count":12,"filter":"raw","term_order":"0"},{"term_id":250,"name":"Centro de Digitalizaci\u00f3n Intermodular (CeDInt)","slug":"centro-de-digitalizacion-intermodular-cedint","term_group":0,"term_taxonomy_id":250,"taxonomy":"donde","description":"","parent":0,"count":21,"filter":"raw","term_order":"0"},{"term_id":658,"name":"Grupo de Biometr\u00eda, Biose\u00f1ales, Seguridad y Smart Mobility","slug":"grupo-de-biometria-biosenales-seguridad-y-smart-mobility","term_group":0,"term_taxonomy_id":658,"taxonomy":"donde","description":"","parent":0,"count":17,"filter":"raw","term_order":"0"},{"term_id":1474,"name":"Home Automation Centre, CEDINT","slug":"en_home-automation-centre-cedint","term_group":0,"term_taxonomy_id":1474,"taxonomy":"donde","description":"","parent":0,"count":14,"filter":"raw","term_order":"0"}],"infraestructura":[],"ods":[{"term_id":2247,"name":"Industria, Innovaci\u00f3n e Infraestructura","slug":"industria-innovacion-e-infraestructura","term_group":0,"term_taxonomy_id":2247,"taxonomy":"ods","description":"","parent":0,"count":171,"filter":"raw","term_order":"0"}],"origen":[{"term_id":192,"name":"Soluciones tecnol\u00f3gicas","slug":"soluciones-tecnologicas","term_group":0,"term_taxonomy_id":192,"taxonomy":"origen","description":"","parent":0,"count":278,"filter":"raw","term_order":"0"}],"familia_tax":false,"quien_tax":false,"donde_tax":false,"year":"2020-01-01","contacto":"\"CeDInt-UPM, Campus de Montegancedo, 28223 Pozuelo de Alarc\u00f3n (Madrid) \"","telefono":"910679600","pagina_web":"https:\/\/www.cedint.upm.es\/","email":"csa@cedint.upm.es","id_ficha_portal":"61","video":"","adjuntos":false,"adjuntos_portal":"","inf":false,"departamento":"","acf":[],"lang":"es","translation":{"es":11425,"en":11428},"_links":{"self":[{"href":"https:\/\/www.upm.es\/recursosidi\/wp-json\/wp\/v2\/product\/11425"}],"collection":[{"href":"https:\/\/www.upm.es\/recursosidi\/wp-json\/wp\/v2\/product"}],"about":[{"href":"https:\/\/www.upm.es\/recursosidi\/wp-json\/wp\/v2\/types\/product"}],"wp:featuredmedia":[{"embeddable":true,"href":"https:\/\/www.upm.es\/recursosidi\/wp-json\/wp\/v2\/media\/11423"}],"wp:attachment":[{"href":"https:\/\/www.upm.es\/recursosidi\/wp-json\/wp\/v2\/media?parent=11425"}],"wp:term":[{"taxonomy":"product_cat","embeddable":true,"href":"https:\/\/www.upm.es\/recursosidi\/wp-json\/wp\/v2\/product_cat?post=11425"},{"taxonomy":"product_tag","embeddable":true,"href":"https:\/\/www.upm.es\/recursosidi\/wp-json\/wp\/v2\/product_tag?post=11425"},{"taxonomy":"comunidad_upm","embeddable":true,"href":"https:\/\/www.upm.es\/recursosidi\/wp-json\/wp\/v2\/comunidades-upm?post=11425"},{"taxonomy":"quien","embeddable":true,"href":"https:\/\/www.upm.es\/recursosidi\/wp-json\/wp\/v2\/quien?post=11425"},{"taxonomy":"mapa","embeddable":true,"href":"https:\/\/www.upm.es\/recursosidi\/wp-json\/wp\/v2\/mapa?post=11425"},{"taxonomy":"disponibilidad","embeddable":true,"href":"https:\/\/www.upm.es\/recursosidi\/wp-json\/wp\/v2\/disponibilidad?post=11425"},{"taxonomy":"donde","embeddable":true,"href":"https:\/\/www.upm.es\/recursosidi\/wp-json\/wp\/v2\/donde?post=11425"},{"taxonomy":"infraestructura","embeddable":true,"href":"https:\/\/www.upm.es\/recursosidi\/wp-json\/wp\/v2\/infraestructura?post=11425"},{"taxonomy":"ods","embeddable":true,"href":"https:\/\/www.upm.es\/recursosidi\/wp-json\/wp\/v2\/ods?post=11425"},{"taxonomy":"origen","embeddable":true,"href":"https:\/\/www.upm.es\/recursosidi\/wp-json\/wp\/v2\/origen?post=11425"}],"curies":[{"name":"wp","href":"https:\/\/api.w.org\/{rel}","templated":true}]}}