{"id":11457,"date":"2022-10-31T11:58:26","date_gmt":"2022-10-31T10:58:26","guid":{"rendered":"https:\/\/www.upm.es\/recursosidi\/offers-resources\/sin categor\u00eda\/in-air-signature\/"},"modified":"2022-10-31T11:58:42","modified_gmt":"2022-10-31T10:58:42","slug":"in-air-signature","status":"publish","type":"product","link":"https:\/\/www.upm.es\/recursosidi\/offers-resources\/soluciones-tecnologicas\/in-air-signature\/","title":{"rendered":"IN-AIR SIGNATURE"},"content":{"rendered":"<h4 style=\"text-align: left\"><strong>Descripci&oacute;n breve conjunta de la soluci&oacute;n y valor a&ntilde;adido que aporta <\/strong><\/h4>\n<p style=\"text-align: justify\">El grupo de Biometr&iacute;a, Biose&ntilde;ales y Seguridad (<a title=\"GB2S\" href=\"http:\/\/www.gb2s.es\/\" target=\"_blank\" rel=\"noopener\">GB2S<\/a>) ubicado dentro del Centro de Dom&oacute;tica Integral (<a title=\"CeDInt\" href=\"http:\/\/www.cedint.upm.es\/\" target=\"_blank\" rel=\"noopener\">CeDInt<\/a>) de la Universidad Polit&eacute;cnica de Madrid (<a title=\"UPM\" href=\"\/institucional\" target=\"_blank\" rel=\"noopener\">UPM<\/a>) ha desarrollado un sistema de verificaci&oacute;n biom&eacute;trica de individuos a trav&eacute;s de su tel&eacute;fono m&oacute;vil. Para su verificaci&oacute;n, los individuos han de realizar un gesto en el aire mientras sujetan el tel&eacute;fono m&oacute;vil en la mano. Este gesto identificativo puede ser inventado por el individuo o puede seleccionar su firma manuscrita realizada en tres dimensiones. Los resultados obtenidos mediante este m&eacute;todo alcanzan las tasas de acierto cercanas al 98% contra falsificaciones donde se ha grabado y estudiado a una persona realizando su firma en el aire. Este resultado mejora en gran medida los sistemas de verificaci&oacute;n actual de los tel&eacute;fonos m&oacute;viles, donde, si se llegara a realizar una grabaci&oacute;n de la persona escribiendo su PIN el, sistema de verificaci&oacute;n se romper&iacute;a.<\/p>\n<h4 style=\"text-align: left\"><strong>Descripci&oacute;n de la base tecnol&oacute;gica<\/strong><\/h4>\n<p style=\"text-align: justify\">La soluci&oacute;n presenta un software para la verificaci&oacute;n de personas con un tel&eacute;fono m&oacute;vil, siendo el &uacute;nico requisito que el terminal incluya un aceler&oacute;metro, para capturar los movimientos de las repeticiones de firmas en el aire.<\/p>\n<p style=\"text-align: justify\">Se consiguen altos niveles de seguridad y dif&iacute;cil imitaci&oacute;n debido a las caracter&iacute;sticas de la soluci&oacute;n, presentando un bajo coste computacional y una arquitectura donde todo el procesado se hace en el dispositivo m&oacute;vil, produci&eacute;ndose la verificaci&oacute;n en tiempo real.<\/p>\n<p style=\"text-align: justify\">Esta tecnolog&iacute;a presenta una amplia versatilidad de aplicaci&oacute;n a diferentes sectores y combinaci&oacute;n con otras tecnolog&iacute;as, con costes de implantaci&oacute;n reducidos.<\/p>\n<p style=\"text-align: center\"><em>&#8220;La soluci&oacute;n tecnol&oacute;gica propuesta supone una gran mejora de seguridad en sistemas de verificaci&oacute;n en tel&eacute;fonos m&oacute;viles.&#8221;<\/em><\/p>\n<p style=\"text-align: center\">&nbsp;<\/p>\n<h4 style=\"text-align: left\"><strong>Necesidades de negocio \/ aplicaci&oacute;n<\/strong><\/h4>\n<p style=\"text-align: justify\"><strong>Seguridad<\/strong><\/p>\n<ul>\n<li style=\"text-align: justify\">\n<p style=\"text-align: justify\">Los sistemas de captura y verificaci&oacute;n biom&eacute;trica actuales son de alto coste y aplicados, principalmente, a seguridad en sectores militares y gubernamentales.<\/p>\n<\/li>\n<li style=\"text-align: justify\">\n<p style=\"text-align: justify\">Ha sido ampliamente demostrada la vulnerabilidad de las soluciones actuales basadas en autenticaci&oacute;n de doble factor (t&iacute;picamente el tel&eacute;fono m&oacute;vil, &ldquo;lo que se tiene&rdquo;, junto con el n&uacute;mero PIN, &ldquo;lo que se sabe&rdquo;).<\/p>\n<\/li>\n<\/ul>\n<p style=\"text-align: justify\"><strong>TIC aplicados a servicios e infraestructuras de red<\/strong><\/p>\n<ul>\n<li style=\"text-align: justify\">\n<p style=\"text-align: justify\">El desarrollo de protocolos para el pago con el m&oacute;vil, como la tecnolog&iacute;a NFC, y la fuerte implicaci&oacute;n de grandes multinacionales hace pensar que el pago con el m&oacute;vil es una realidad cercana.<\/p>\n<\/li>\n<li style=\"text-align: justify\">\n<p style=\"text-align: justify\">El mercado de pagos por el m&oacute;vil est&aacute; extremadamente fragmentado y hay mucha competencia, existiendo una amplia variedad de empresas, consorcios e iniciativas, donde la seguridad biom&eacute;trica se presenta como un plus aplicable a todas ellas como una a&ntilde;adido de valor a sus productos.<\/p>\n<\/li>\n<\/ul>\n<p style=\"text-align: justify\"><strong>TIC aplicadas a contenidos digitales<\/strong><\/p>\n<ul>\n<li style=\"text-align: justify\">\n<p style=\"text-align: justify\">Alta penetraci&oacute;n de los smartphones, elegidos por muchos usuarios como su dispositivo electr&oacute;nico personal<\/p>\n<\/li>\n<li style=\"text-align: justify\">\n<p style=\"text-align: justify\">La tecnolog&iacute;a para la protecci&oacute;n de los smartphones, as&iacute; como la autentificaci&oacute;n e identificaci&oacute;n del usuario para el uso de aplicaciones y servicios en red est&aacute; poco avanzado.<\/p>\n<\/li>\n<\/ul>\n<h4 style=\"text-align: left\"><strong>Ventajas competitivas<\/strong><\/h4>\n<ul>\n<li>\n<p style=\"text-align: justify\">La realizaci&oacute;n de la firma es propia de cada individuo. La imitaci&oacute;n de las firmas con material grabado es muy dif&iacute;cil (en torno al 2% de acierto), similar al de las firmas manuscritas. La falsificaci&oacute;n de un c&oacute;digo PIN habi&eacute;ndolo visto tiene un 100% de acierto, adem&aacute;s, se puede decir, adivinar, copiar, etc.<\/p>\n<\/li>\n<li style=\"text-align: justify\">\n<p>No requiere hardware adicional excepto un aceler&oacute;metro, que suele venir incluido en los tel&eacute;fonos m&oacute;viles actuales.<\/p>\n<\/li>\n<li style=\"text-align: justify\">\n<p>Soluci&oacute;n de menor coste a la existentes en el mercado con similar&nbsp; nivel de seguridad biom&eacute;trica,&nbsp; facilidad de integraci&oacute;n con los sitemas de la organizaci&oacute;n, alta interacci&oacute;n con aplicaciones m&oacute;viles y amplia versatilidad de aplicaci&oacute;n a diferentes necesidades (juegos en el m&oacute;vil, pagos con el m&oacute;vil, etc.).<\/p>\n<\/li>\n<li style=\"text-align: justify\">\n<p>Ampliable a otros dispositivos con aceler&oacute;metros (mandos de televisi&oacute;n, punteros, etc.)<\/p>\n<\/li>\n<li style=\"text-align: justify\">\n<p>Usuarios acostumbrados a hacer su firma manuscrita, por lo que no se requiere que se inventen un nuevo patr&oacute;n. T&eacute;cnica poco invasiva.<\/p>\n<\/li>\n<\/ul>\n<p style=\"text-align: center\"><em>&ldquo;En un mercado de alto crecimiento, tanto en el pago por el m&oacute;vil como en las aplicaciones y adopci&oacute;n de smartphones, se presenta esta soluci&oacute;n de bajo coste, f&aacute;cil integraci&oacute;n con otras aplicaciones y alta seguridad&rdquo;<\/em><\/p>\n<p style=\"text-align: center\"><em><span style=\"font-size: small\">&nbsp;<\/span><\/em><\/p>\n<h4 style=\"text-align: left\"><strong>Referencias&nbsp;<\/strong><\/h4>\n<ul>\n<li>\n<p style=\"text-align: justify\">Amplia trayectoria investigadora y de colaboraci&oacute;n con empresas. Inter&eacute;s comercial por esta soluci&oacute;n tecnol&oacute;gica a nivel nacional e internacional.<\/p>\n<\/li>\n<li>\n<p style=\"text-align: justify\">Accesit de la IX edici&oacute;n de los premios Act&uacute;aupm&nbsp; para las mejores ideas de negocio de la Competici&oacute;n de Creaci&oacute;n de Empresas de la UPM.&nbsp;<\/p>\n<\/li>\n<\/ul>\n<h4 style=\"text-align: left\"><strong>Protecci&oacute;n<\/strong><\/h4>\n<p>Software registrado M-005532\/2013.<\/p>\n<h4 style=\"text-align: left\"><strong>Grado de desarrollo<\/strong><\/h4>\n<ul>\n<li>\n<p>Concepto<\/p>\n<\/li>\n<li>\n<p>Investigaci&oacute;n<\/p>\n<\/li>\n<li>\n<p>Prototipo-Lab<\/p>\n<\/li>\n<li>\n<p><span style=\"text-decoration: underline\"><strong>Prototipo Industrial<\/strong><\/span><\/p>\n<\/li>\n<li>\n<p>Producci&oacute;n<\/p>\n<\/li>\n<\/ul>\n<h4 style=\"text-align: left\"><strong>Contacto<\/strong><\/h4>\n<p style=\"text-align: justify\"><strong>Contacto IN-AIR SIGNATURE<\/strong><\/p>\n<p style=\"text-align: justify\">C&aacute;rmen S&aacute;nchez &Aacute;vila.<\/p>\n<p style=\"text-align: justify\">CeDInt &#8211; UPM<\/p>\n<p style=\"text-align: justify\">e: <span rel=\"70311230a8313231ac310731a5312631ba311331bd31273165313831ca312a3182312031ac31\" class=\"cryptex \" style=\"\"><span class=\"CryptexImg ctxvImTpOyz1O-KDJ21I6BGU7WNHAOjn3o-R9fdw88wJrc\"><\/span><\/span><\/p>\n<p style=\"text-align: justify\"><strong><span lang=\"EN-US\">Contacto UPM<\/span><\/strong><\/p>\n<p style=\"text-align: justify\">Programas de Innovaci&oacute;n y Emprendimiento<\/p>\n<p style=\"text-align: justify\">Centro de Apoyo a la Innovaci&oacute;n Tecnol&oacute;gica&ndash; UPM<\/p>\n<p style=\"text-align: justify\">e: <span rel=\"70311230ae312d31b9313631b8312231b9311331be31213165313731bf312031c2312a31a5311831b9312231a1311c319a313331b031143177312031c431\" class=\"cryptex \" style=\"\"><span class=\"CryptexImg ctxR7neImVV1tJoTSyttUGBAuiESKXKLLyzTwJSN1lk9Z0\"><\/span><\/span><\/p>\n<div class=\"pdfprnt-buttons pdfprnt-buttons-product pdfprnt-bottom-left\"><a href=\"https:\/\/www.upm.es\/recursosidi\/wp-json\/wp\/v2\/product\/11457?print=pdf\" class=\"pdfprnt-button pdfprnt-button-pdf\" target=\"_blank\"><span class=\"pdfprnt-button-title pdfprnt-button-pdf-title\">Descargar ficha<\/span><\/a><\/div>","protected":false},"excerpt":{"rendered":"<p>La seguridad de la verificaci\u00f3n en los tel\u00e9fonos m\u00f3viles.<\/p>\n<p>Software para verificaci\u00f3n de personas basado en la realizaci\u00f3n de un gesto identificativo con la mano sujetando un tel\u00e9fono m\u00f3vil.\u00a0<\/p>\n","protected":false},"featured_media":11455,"template":"","meta":{"_acf_changed":false},"product_cat":[2384],"product_tag":[2476,2518,2286,2517],"comunidades-upm":[],"quien":[],"mapa":[{"term_id":130,"name":"Seguridad, defensa y resiliencia","slug":"seguridad-defensa-resiliencia","term_group":0,"term_taxonomy_id":130,"taxonomy":"mapa","description":"","parent":0,"count":26,"filter":"raw","term_order":"20"},{"term_id":126,"name":"Tecnolog\u00edas digitales, Inteligencia Artificial, ciberseguridad, 5G, rob\u00f3tica","slug":"tecnologias_digitales-ai-ciberseguridad-5g-robotica","term_group":0,"term_taxonomy_id":126,"taxonomy":"mapa","description":"","parent":0,"count":194,"filter":"raw","term_order":"23"}],"disponibilidad":[{"term_id":205,"name":"Consultar disponibilidad","slug":"consultar","term_group":0,"term_taxonomy_id":205,"taxonomy":"disponibilidad","description":"","parent":0,"count":290,"filter":"raw","term_order":"0"}],"donde":[{"term_id":1878,"name":"Biometry, Biosignals, Safety and Smart Mobility Group","slug":"en_biometry-biosignals-safety-and-smart-mobility-group","term_group":0,"term_taxonomy_id":1878,"taxonomy":"donde","description":"","parent":0,"count":12,"filter":"raw","term_order":"0"},{"term_id":250,"name":"Centro de Digitalizaci\u00f3n Intermodular (CeDInt)","slug":"centro-de-digitalizacion-intermodular-cedint","term_group":0,"term_taxonomy_id":250,"taxonomy":"donde","description":"","parent":0,"count":21,"filter":"raw","term_order":"0"},{"term_id":658,"name":"Grupo de Biometr\u00eda, Biose\u00f1ales, Seguridad y Smart Mobility","slug":"grupo-de-biometria-biosenales-seguridad-y-smart-mobility","term_group":0,"term_taxonomy_id":658,"taxonomy":"donde","description":"","parent":0,"count":17,"filter":"raw","term_order":"0"},{"term_id":1474,"name":"Home Automation Centre, CEDINT","slug":"en_home-automation-centre-cedint","term_group":0,"term_taxonomy_id":1474,"taxonomy":"donde","description":"","parent":0,"count":14,"filter":"raw","term_order":"0"}],"infraestructura":[],"ods":[{"term_id":2247,"name":"Industria, Innovaci\u00f3n e Infraestructura","slug":"industria-innovacion-e-infraestructura","term_group":0,"term_taxonomy_id":2247,"taxonomy":"ods","description":"","parent":0,"count":171,"filter":"raw","term_order":"0"}],"origen":[{"term_id":192,"name":"Soluciones tecnol\u00f3gicas","slug":"soluciones-tecnologicas","term_group":0,"term_taxonomy_id":192,"taxonomy":"origen","description":"","parent":0,"count":278,"filter":"raw","term_order":"0"}],"familia_tax":false,"quien_tax":false,"donde_tax":false,"year":"2020-01-01","contacto":"\"CeDInt-UPM, Campus de Montegancedo, 28223 Pozuelo de Alarc\u00f3n (Madrid) \"","telefono":"910679600","pagina_web":"https:\/\/www.cedint.upm.es\/","email":"csa@cedint.upm.es","id_ficha_portal":"89","video":"","adjuntos":false,"adjuntos_portal":"","inf":false,"departamento":"","acf":[],"lang":"es","translation":{"es":11457,"en":11460},"_links":{"self":[{"href":"https:\/\/www.upm.es\/recursosidi\/wp-json\/wp\/v2\/product\/11457"}],"collection":[{"href":"https:\/\/www.upm.es\/recursosidi\/wp-json\/wp\/v2\/product"}],"about":[{"href":"https:\/\/www.upm.es\/recursosidi\/wp-json\/wp\/v2\/types\/product"}],"wp:featuredmedia":[{"embeddable":true,"href":"https:\/\/www.upm.es\/recursosidi\/wp-json\/wp\/v2\/media\/11455"}],"wp:attachment":[{"href":"https:\/\/www.upm.es\/recursosidi\/wp-json\/wp\/v2\/media?parent=11457"}],"wp:term":[{"taxonomy":"product_cat","embeddable":true,"href":"https:\/\/www.upm.es\/recursosidi\/wp-json\/wp\/v2\/product_cat?post=11457"},{"taxonomy":"product_tag","embeddable":true,"href":"https:\/\/www.upm.es\/recursosidi\/wp-json\/wp\/v2\/product_tag?post=11457"},{"taxonomy":"comunidad_upm","embeddable":true,"href":"https:\/\/www.upm.es\/recursosidi\/wp-json\/wp\/v2\/comunidades-upm?post=11457"},{"taxonomy":"quien","embeddable":true,"href":"https:\/\/www.upm.es\/recursosidi\/wp-json\/wp\/v2\/quien?post=11457"},{"taxonomy":"mapa","embeddable":true,"href":"https:\/\/www.upm.es\/recursosidi\/wp-json\/wp\/v2\/mapa?post=11457"},{"taxonomy":"disponibilidad","embeddable":true,"href":"https:\/\/www.upm.es\/recursosidi\/wp-json\/wp\/v2\/disponibilidad?post=11457"},{"taxonomy":"donde","embeddable":true,"href":"https:\/\/www.upm.es\/recursosidi\/wp-json\/wp\/v2\/donde?post=11457"},{"taxonomy":"infraestructura","embeddable":true,"href":"https:\/\/www.upm.es\/recursosidi\/wp-json\/wp\/v2\/infraestructura?post=11457"},{"taxonomy":"ods","embeddable":true,"href":"https:\/\/www.upm.es\/recursosidi\/wp-json\/wp\/v2\/ods?post=11457"},{"taxonomy":"origen","embeddable":true,"href":"https:\/\/www.upm.es\/recursosidi\/wp-json\/wp\/v2\/origen?post=11457"}],"curies":[{"name":"wp","href":"https:\/\/api.w.org\/{rel}","templated":true}]}}