{"id":11463,"date":"2022-10-31T12:05:35","date_gmt":"2022-10-31T11:05:35","guid":{"rendered":"https:\/\/www.upm.es\/recursosidi\/offers-resources\/sin categor\u00eda\/inteliglass\/"},"modified":"2022-10-31T12:05:44","modified_gmt":"2022-10-31T11:05:44","slug":"inteliglass","status":"publish","type":"product","link":"https:\/\/www.upm.es\/recursosidi\/offers-resources\/soluciones-tecnologicas\/inteliglass\/","title":{"rendered":"INTELIGLASS"},"content":{"rendered":"<h4 style=\"text-align: left\"><strong>Descripci&oacute;n breve conjunta de la soluci&oacute;n y valor a&ntilde;adido que aporta <\/strong><\/h4>\n<p style=\"text-align: justify\">Los acristalamientos IntelliGlass son productos que se pueden usar en la construcci&oacute;n de edificios acristalados para reducir la demanda energ&eacute;tica de los edificios y mejorar el confort. La tecnolog&iacute;a IntelliGlass es el resultado de 10 a&ntilde;os de investigaci&oacute;n de un equipo de la Escuela T&eacute;cnica Superior de Ingenier&iacute;a Aerona&uacute;tica y del Espacio de la Universidad Polit&eacute;cnica de Madrid (UPM). Se desarroll&oacute; como prueba un muro cortina de 150 m2 con orientaci&oacute;n oeste en la Universidad de Castilla La Mancha en donde la ventaja con respecto a un acristalamiento convencional reside en la captaci&oacute;n de energ&iacute;a t&eacute;rmica para el sistema de climatizaci&oacute;n del edificio. Estos acristalamientos tambi&eacute;n pueden ser usados como particiones interiores actuando como superficies radiantes fr&iacute;as o calientes. Este es el caso de un Edificio Dotacional Polivalente en Madarcos, Madrid.<\/p>\n<h4 style=\"text-align: left\"><strong>Descripci&oacute;n de la base tecnol&oacute;gica<\/strong><\/h4>\n<p style=\"text-align: justify\">IntelliGlass es una tecnolog&iacute;a que dota a los acristalamientos convencionales de la posibilidad de captar energ&iacute;a t&eacute;rmica y energ&iacute;a el&eacute;ctrica mediante una c&aacute;mara de agua y una l&aacute;mina fotovoltaica.&nbsp; La funci&oacute;n de la c&aacute;mara de agua es doble: (i) por una parte, impide que el edificio acristalado se sobrecaliente con la energ&iacute;a infrarroja que proviene del sol, y por otra parte (ii) esa energ&iacute;a se transporta mediante un sistema cerrado de circulaci&oacute;n de agua a dep&oacute;sitos de inercia para la climatizaci&oacute;n integral del edificio.&nbsp; La funci&oacute;n de la l&aacute;mina fotovoltaica transparente es producir energ&iacute;a el&eacute;ctrica para el autoconsumo del edificio o inyecci&oacute;n a la red el&eacute;ctrica. As&iacute;, con una piel resolvemos tres necesidades: la constructiva, la energ&eacute;tica asociada a la climatizaci&oacute;n y la el&eacute;ctrica asociada a iluminaci&oacute;n nocturna y\/o m&aacute;quinas.<\/p>\n<p style=\"text-align: center\"><span style=\"font-size: small\"><em>&ldquo;Los acristalamientos IntelliGlass transforman los edificios consumidores de energ&iacute;a en edificios captadores de energ&iacute;a solar manteniendo la est&eacute;tica del vidrio&rdquo;<\/em><\/span><\/p>\n<h4>&nbsp;<\/h4>\n<h4 style=\"text-align: left\"><strong>Necesidades de negocio \/ aplicaci&oacute;n<\/strong><\/h4>\n<p><strong>Energ&iacute;a<\/strong><\/p>\n<ul>\n<li>\n<p style=\"text-align: justify\">Edificios p&uacute;blicos y de oficinas. Existe la necesidad de implantar sistemas de climatizaci&oacute;n que reduzcan el consumo energ&eacute;tico y que aumenten el nivel de confort en el interior de los edificios.<\/p>\n<\/li>\n<li>\n<p style=\"text-align: justify\">Edificios residenciales. Seg&uacute;n Eurostat, el precio de la energ&iacute;a el&eacute;ctrica en Espa&ntilde;a se ha incrementado en un 60%&nbsp; en los &uacute;ltimos 10 a&ntilde;os, por lo que existe una clara necesidad de reducir el consumo de energ&iacute;a de los edificios manteniendo la est&eacute;tica de las tendencias actuales.<\/p>\n<\/li>\n<\/ul>\n<p><strong>Medio ambiente<\/strong><\/p>\n<ul>\n<li>\n<p style=\"text-align: justify\">La Certificaci&oacute;n energ&eacute;tica del edificio es en la actualidad una necesidad. La certificaci&oacute;n LEED (Leadership in Energy &amp; Environmental Design) es un sello que nace en EEUU que mide la eficiencia energ&eacute;tica y la sostenibilidad. En este sello, tanto los sistemas de climatizaci&oacute;n del edificio como los aislamientos de la envolvente del edificio, est&aacute;n orientados&nbsp; a la reducci&oacute;n del consumo energ&eacute;tico.&nbsp; La producci&oacute;n de energ&iacute;a por el propio edificio constituye uno de los criterios mas valorados.<\/p>\n<\/li>\n<li>\n<p style=\"text-align: justify\">El Horizonte 2020 de la Comisi&oacute;n Europea se marca como hitos: (i) reducci&oacute;n del 20% del consumo de energ&iacute;a, (ii) producci&oacute;n del 20% de la energ&iacute;a de un pa&iacute;s mediante por Fuentes de Energ&iacute;a Renovables y (iii) reducci&oacute;n del 20% de emisiones de gases de efecto invernadero.<\/p>\n<\/li>\n<\/ul>\n<h4 style=\"text-align: left\"><strong>Ventajas competitivas<\/strong><\/h4>\n<ul>\n<li>\n<p style=\"text-align: justify\">Captaci&oacute;n de energ&iacute;a t&eacute;rmica y producci&oacute;n de energ&iacute;a el&eacute;ctrica en la envolvente del edificio.<\/p>\n<\/li>\n<li style=\"text-align: justify\">\n<p>Producci&oacute;n de agua caliente para uso tanto en las fachadas fr&iacute;as del edificio como los sistemas de climatizaci&oacute;n.<\/p>\n<\/li>\n<li style=\"text-align: justify\">\n<p>Aumento del confort t&eacute;rmico en el interior del edifico asociado a la eliminaci&oacute;n de la radiaci&oacute;n infrarroja absorbida en la c&aacute;mara de agua.<\/p>\n<\/li>\n<li style=\"text-align: justify\">\n<p>Aumento del aislamiento ac&uacute;stico de la envolvente asociado a la masa de la c&aacute;mara de agua.<\/p>\n<\/li>\n<li>\n<p style=\"text-align: justify\">Iluminaci&oacute;n natural asociado a la transparencia del vidrio IntelliGlass.<\/p>\n<\/li>\n<\/ul>\n<p style=\"text-align: center\"><em><span style=\"font-size: small\">&ldquo;La necesidad del ahorro energ&eacute;tico en los edificios acristalalados se hace imprescindible&nbsp; por la escasez de los recursos energ&eacute;ticos y por el precio creciente de la energ&iacute;a. Los edificios regenerativos son una demanda actualmente &rdquo;<\/span><\/em><\/p>\n<p style=\"text-align: left\">&nbsp;<\/p>\n<h4 style=\"text-align: left\"><strong>Referencias<\/strong><\/h4>\n<p style=\"text-align: justify\">La soluci&oacute;n tecnol&oacute;gica basada en particiones interiores IntelliGlass est&aacute; instalada en el Edificio Dotacional Polivalente de Madarcos (Madrid). Durante un a&ntilde;o de uso el ayuntamiento ha mostrado una gran satisfacci&oacute;n con el confort del espacio climatizado con IntelliGlass y con el ahorro energ&eacute;tico alcanzado.<\/p>\n<h4 style=\"text-align: left\"><strong>Protecci&oacute;n industrial<\/strong><\/h4>\n<p style=\"text-align: justify\">Patente concedida en Espa&ntilde;a ES2304871.<\/p>\n<h4 style=\"text-align: left\"><strong>Grado de desarrollo<\/strong><\/h4>\n<ul>\n<li>\n<p>Concepto<\/p>\n<\/li>\n<li>\n<p>Investigaci&oacute;n<\/p>\n<\/li>\n<li>\n<p>Prototipo Lab<\/p>\n<\/li>\n<li>\n<p>Prototipo industrial<\/p>\n<\/li>\n<li>\n<p><span style=\"text-decoration: underline\"><strong>Producci&oacute;n<\/strong><\/span><\/p>\n<\/li>\n<\/ul>\n<h4 style=\"text-align: left\"><strong>Contacto<\/strong><\/h4>\n<p><strong>Contacto IntelliGlass<\/strong><\/p>\n<p>Juan A. Hern&aacute;ndez, Fernando del Ama, Miguel Hermanns, C&eacute;sar Hern&aacute;ndez<\/p>\n<p>e: <span rel=\"64312030bd3137319831153194313d31c5312931a5313331c1312630a1311e31bb31383193312731af313231b4310b30be313231b7311e30b1312431\" class=\"cryptex \" style=\"\"><span class=\"CryptexImg ctx1dk0i6zplKSQecpqRmhq2Y0pDyK2cNdTO-oRH4fkJlg\"><\/span><\/span><\/p>\n<p><strong>Contacto UPM&nbsp;<\/strong><\/p>\n<p>&Aacute;rea de Innovaci&oacute;n, Comercializaci&oacute;n y Creaci&oacute;n de Empresas<\/p>\n<p>Centro de Apoyo a la Innovaci&oacute;n Tecnol&oacute;gica &ndash; UPM<\/p>\n<p>e: <span rel=\"64312030bc313031a5311631a9313031b4312331a6313831803120319e311c31b73139319e312831b23136319d31163189313731ba3121317a311631bb31\" class=\"cryptex \" style=\"\"><span class=\"CryptexImg ctxR7neImVV1tJoTSyttUGBAuiESKXKLLyzTwJSN1lk9Z0\"><\/span><\/span><\/p>\n<div class=\"pdfprnt-buttons pdfprnt-buttons-product pdfprnt-bottom-left\"><a href=\"https:\/\/www.upm.es\/recursosidi\/wp-json\/wp\/v2\/product\/11463?print=pdf\" class=\"pdfprnt-button pdfprnt-button-pdf\" target=\"_blank\"><span class=\"pdfprnt-button-title pdfprnt-button-pdf-title\">Descargar ficha<\/span><\/a><\/div>","protected":false},"excerpt":{"rendered":"<p>El edificio produce energ\u00eda para ti.<\/p>\n<p>Acristalamientos activos transparentes integrables en fachadas para la captaci\u00f3n de energ\u00eda t\u00e9rmica y energ\u00eda el\u00e9ctrica mediante una c\u00e1mara de agua.<\/p>\n","protected":false},"featured_media":11461,"template":"","meta":{"_acf_changed":false},"product_cat":[2384],"product_tag":[2447],"comunidades-upm":[],"quien":[],"mapa":[{"term_id":133,"name":"Clima, Energ\u00eda y Movilidad","slug":"clima-energia-movilidad","term_group":0,"term_taxonomy_id":133,"taxonomy":"mapa","description":"","parent":0,"count":129,"filter":"raw","term_order":"9"},{"term_id":135,"name":"Industria, materiales y econom\u00eda circular","slug":"industria-materiales-economia_circular","term_group":0,"term_taxonomy_id":135,"taxonomy":"mapa","description":"","parent":0,"count":165,"filter":"raw","term_order":"13"}],"disponibilidad":[{"term_id":205,"name":"Consultar disponibilidad","slug":"consultar","term_group":0,"term_taxonomy_id":205,"taxonomy":"disponibilidad","description":"","parent":0,"count":290,"filter":"raw","term_order":"0"}],"donde":[{"term_id":288,"name":"An\u00e1lisis y experimentaci\u00f3n en mec\u00e1nica de fluidos y combusti\u00f3n","slug":"analisis-y-experimentacion-en-mecanica-de-fluidos-y-combustion","term_group":0,"term_taxonomy_id":288,"taxonomy":"donde","description":"","parent":0,"count":5,"filter":"raw","term_order":"0"},{"term_id":1512,"name":"Analysis and experimentation in fluid mechanics and combustion","slug":"en_analysis-and-experimentation-in-fluid-mechanics-and-combustion","term_group":0,"term_taxonomy_id":1512,"taxonomy":"donde","description":"","parent":0,"count":2,"filter":"raw","term_order":"0"}],"infraestructura":[],"ods":[{"term_id":2231,"name":"Acci\u00f3n por el Clima","slug":"accion-por-el-clima","term_group":0,"term_taxonomy_id":2231,"taxonomy":"ods","description":"","parent":0,"count":67,"filter":"raw","term_order":"0"},{"term_id":2239,"name":"Ciudades y Comunidades Sostenibles","slug":"ciudades-y-comunidades-sostenibles","term_group":0,"term_taxonomy_id":2239,"taxonomy":"ods","description":"","parent":0,"count":43,"filter":"raw","term_order":"0"},{"term_id":2247,"name":"Industria, Innovaci\u00f3n e Infraestructura","slug":"industria-innovacion-e-infraestructura","term_group":0,"term_taxonomy_id":2247,"taxonomy":"ods","description":"","parent":0,"count":171,"filter":"raw","term_order":"0"}],"origen":[{"term_id":192,"name":"Soluciones tecnol\u00f3gicas","slug":"soluciones-tecnologicas","term_group":0,"term_taxonomy_id":192,"taxonomy":"origen","description":"","parent":0,"count":278,"filter":"raw","term_order":"0"}],"familia_tax":false,"quien_tax":false,"donde_tax":false,"year":"2020-01-01","contacto":"ETSI Aeron\u00e1utica y del Espacio - UPM, Plaza Cardenal Cisneros, 3, 28040, Madrid","telefono":"910675534","pagina_web":"https:\/\/www.etsiae.upm.es\/","email":"juanantonio.hernandez@upm.es","id_ficha_portal":"80","video":"","adjuntos":false,"adjuntos_portal":"","inf":false,"departamento":"","acf":[],"lang":"es","translation":{"es":11463,"en":11466},"_links":{"self":[{"href":"https:\/\/www.upm.es\/recursosidi\/wp-json\/wp\/v2\/product\/11463"}],"collection":[{"href":"https:\/\/www.upm.es\/recursosidi\/wp-json\/wp\/v2\/product"}],"about":[{"href":"https:\/\/www.upm.es\/recursosidi\/wp-json\/wp\/v2\/types\/product"}],"wp:featuredmedia":[{"embeddable":true,"href":"https:\/\/www.upm.es\/recursosidi\/wp-json\/wp\/v2\/media\/11461"}],"wp:attachment":[{"href":"https:\/\/www.upm.es\/recursosidi\/wp-json\/wp\/v2\/media?parent=11463"}],"wp:term":[{"taxonomy":"product_cat","embeddable":true,"href":"https:\/\/www.upm.es\/recursosidi\/wp-json\/wp\/v2\/product_cat?post=11463"},{"taxonomy":"product_tag","embeddable":true,"href":"https:\/\/www.upm.es\/recursosidi\/wp-json\/wp\/v2\/product_tag?post=11463"},{"taxonomy":"comunidad_upm","embeddable":true,"href":"https:\/\/www.upm.es\/recursosidi\/wp-json\/wp\/v2\/comunidades-upm?post=11463"},{"taxonomy":"quien","embeddable":true,"href":"https:\/\/www.upm.es\/recursosidi\/wp-json\/wp\/v2\/quien?post=11463"},{"taxonomy":"mapa","embeddable":true,"href":"https:\/\/www.upm.es\/recursosidi\/wp-json\/wp\/v2\/mapa?post=11463"},{"taxonomy":"disponibilidad","embeddable":true,"href":"https:\/\/www.upm.es\/recursosidi\/wp-json\/wp\/v2\/disponibilidad?post=11463"},{"taxonomy":"donde","embeddable":true,"href":"https:\/\/www.upm.es\/recursosidi\/wp-json\/wp\/v2\/donde?post=11463"},{"taxonomy":"infraestructura","embeddable":true,"href":"https:\/\/www.upm.es\/recursosidi\/wp-json\/wp\/v2\/infraestructura?post=11463"},{"taxonomy":"ods","embeddable":true,"href":"https:\/\/www.upm.es\/recursosidi\/wp-json\/wp\/v2\/ods?post=11463"},{"taxonomy":"origen","embeddable":true,"href":"https:\/\/www.upm.es\/recursosidi\/wp-json\/wp\/v2\/origen?post=11463"}],"curies":[{"name":"wp","href":"https:\/\/api.w.org\/{rel}","templated":true}]}}