{"id":11466,"date":"2022-10-31T12:05:40","date_gmt":"2022-10-31T11:05:40","guid":{"rendered":"https:\/\/www.upm.es\/recursosidi\/offers-resources\/sin categor\u00eda\/intelliglass-the-building-as-your-energy-source\/"},"modified":"2022-10-31T12:05:43","modified_gmt":"2022-10-31T11:05:43","slug":"intelliglass-the-building-as-your-energy-source","status":"publish","type":"product","link":"https:\/\/www.upm.es\/recursosidi\/en\/offers-resources\/technological-solutions\/intelliglass-the-building-as-your-energy-source\/","title":{"rendered":"INTELLIGLASS. The building as your energy source"},"content":{"rendered":"<h4><strong>Brief description of the technology solution and the added value it provides <\/strong><\/h4>\n<p>IntelliGlass glazings are products that can be used in the construction of glass buildings to reduce building energy demand and improve comfort. IntelliGlass technology is the result of 10 years of research by a team from the School of Aeronautical Engineering, Polytechnic University of Madrid (UPM). Currently, there is a 150 m2 curtain wall facing west at the University of Castilla La Mancha (Cuenca) where the advantage over conventional glazing lies in capturing thermal energy for the building&#8217;s HVAC system. These glazing can also be used as interior partitions acting as cold or hot radiating surfaces. This is the case of a Multipurpose Building in Madarcos Endowment, Madrid.<\/p>\n<h4><strong>Description of the technological base<\/strong><\/h4>\n<p><span style=\"font-size: small\"><img decoding=\"async\" style=\"float: left\" title=\"Intelliglass\" src=\"http:\/\/www.upm.es\/observatorio\/vi\/gestor_general\/recuperar_archivo.jsp?id=441\" alt=\"Building, energy efficiency, materials, glazing\" width=\"171\" height=\"200\" \/>IntelliGlass is a technology that gives conventional glazing the ability to capture heat and electricity through a water chamber and a photovoltaic layer. The function of the water chamber is twofold: (i) on one hand, it prevents overheating glass building from infrared energy coming &nbsp;from the sun, and (ii) on the other hand, the energy is transported through a closed system of circulation water and a storage tank for comprehensive HVAC building. The role of the transparent photovoltaic film is to produce electricity for the consumption of the building or grid injection. So, this envelope solves three needs: the constructive one, the thermal energy associated to climatization &nbsp;and &nbsp;electricity associated to nocturnal lighting &nbsp;and\/or electrical machines.<br \/><\/span><\/p>\n<p style=\"text-align: center\"><span style=\"font-size: small\"><em><strong>&nbsp;<\/strong><\/em><\/span><\/p>\n<p style=\"text-align: center\"><span style=\"font-size: small\"><em><strong>&ldquo;The&nbsp; IntelliGlass glazing system transforms energy consumer buildings&nbsp; in producer buildings maintaining the aesthetics of&nbsp; glass&rdquo;<\/strong><\/em><\/span><\/p>\n<h4><strong>Market demands<\/strong><\/h4>\n<p><strong>Energy<\/strong><\/p>\n<ul>\n<li>Public buildings and offices. There is a need to implement HVAC systems that reduce energy consumption and increase the comfort level inside buildings.<\/li>\n<li>Residential buildings. According to Eurostat, the price of electrical energy in Spain has increased by 60% in the last 10 years, so there is a clear need to reduce energy consumption in buildings maintaining the &nbsp;current trends in aesthetics.<\/li>\n<\/ul>\n<p><strong>Environment<\/strong><\/p>\n<ul>\n<li>Need to reduce emissions of greenhouse gases.<\/li>\n<li>The building energy certification is now a necessity. To obtain certified LEED (Leadership in Energy &amp; Environmental Design) seal is necessary for both the building&#8217;s HVAC systems and the &nbsp;isolation of the building envelope.<\/li>\n<li>Horizon 2020. The European Commission has marked as milestones: (i) 20% reduction in energy consumption, (ii) production of 20% of the energy of a country through for Renewable Energy Sources and (iii) reduction of 20 % of emissions of greenhouse gases.<\/li>\n<\/ul>\n<h4><strong>Competitive advantages<\/strong><\/h4>\n<ul>\n<li>Thermal energy harvesting and production of electricity in the building envelope.<\/li>\n<li>Hot water for use both in cold facades of the building and HVAC systems.<\/li>\n<li>Increased thermal comfort inside the building associated to the removal of infrared radiation absorbed in the water chamber.<\/li>\n<li>Increased insulation of the envelope associated to the mass of the water chamber.<\/li>\n<li>Natural lighting associated to the transparency of the &nbsp;IntelliGlass &nbsp;glazing system.<\/li>\n<\/ul>\n<p><em style=\"text-align: center\"><strong><span style=\"font-size: small\"><img decoding=\"async\" style=\"float: left;margin-left: 5px;margin-right: 5px\" title=\"Intelliglass\" src=\"http:\/\/www.upm.es\/observatorio\/vi\/gestor_general\/recuperar_archivo.jsp?id=440\" alt=\"Building, energy efficiency, materials, glazing\" width=\"200\" height=\"150\" \/><\/span><\/strong><\/em><\/p>\n<p style=\"text-align: center\"><em><strong><span style=\"font-size: small\">&nbsp;<\/span><\/strong><\/em><\/p>\n<p style=\"text-align: center\"><em><strong><span style=\"font-size: small\">&nbsp;<\/span><\/strong><\/em><\/p>\n<p style=\"text-align: center\"><em><strong><span style=\"font-size: small\">&ldquo;The need to save energy in glazing buildings is essential with the shortage of energy resources and the rising cost of energy. The regenerative buildings are currently on demand&rdquo;<\/span><\/strong><\/em><em><strong><span style=\"font-size: small\">&nbsp;<\/span><\/strong><\/em><\/p>\n<p style=\"text-align: center\"><em><strong><span style=\"font-size: small\">&nbsp;<\/span><\/strong><\/em><\/p>\n<h4><strong>Development stage<\/strong><\/h4>\n<ul>\n<li>Concept<\/li>\n<li>Research<\/li>\n<li>Lab prototype<\/li>\n<li>Industrial prototype<\/li>\n<li><strong><u>Production<\/u><\/strong><\/li>\n<\/ul>\n<p style=\"text-align: center\"><em><strong><span style=\"font-size: small\">&nbsp;<\/span><\/strong><\/em><\/p>\n<h4>Contact<\/h4>\n<p class=\"MsoNormal\"><strong><span style=\"font-size: small\">Contacto&nbsp; IntelliGlass<\/span><\/strong><\/p>\n<p class=\"MsoNormal\"><span style=\"font-size: small\">Juan A. Hern&aacute;ndez, Fernando del Ama,<\/span><\/p>\n<p class=\"MsoNormal\"><span style=\"font-size: small\">Miguel Hermanns, C&eacute;sar Hern&aacute;ndez<\/span><\/p>\n<p class=\"MsoNormal\"><span style=\"font-size: small\">e: <span rel=\"69313230a8312731b83132318b312031c0312e31b3311431b0312231a5313731b9313d31bf31243098313231\" class=\"cryptex \" style=\"\"><span class=\"CryptexImg ctxBEBbBcAz6wYBr8Nc4FwK_tz1XMj7qIb-2Y0j7AAfwq8\"><\/span><\/span><\/span><\/p>\n<p class=\"MsoNormal\"><span style=\"font-size: small\">www.intelliglass.com<\/span><\/p>\n<p class=\"MsoNormal\"><strong><span style=\"font-size: small\">Contacto UPM<\/span><\/strong>&nbsp;<\/p>\n<p class=\"MsoNormal\"><span style=\"font-size: small\">&Aacute;rea de Innovaci&oacute;n, Comercializaci&oacute;n y Creaci&oacute;n de Empresas<\/span><\/p>\n<p class=\"MsoNormal\"><span style=\"font-size: small\">Centro de Apoyo a la Innovaci&oacute;n Tecnol&oacute;gica &ndash; UPM <\/span><\/p>\n<p><span style=\"font-size: small\">e: <span rel=\"69313230a8312731c0313231c1311831b5312331bd31163172312d31a3312e31c6313931b8311d319a312831bd31193192312931bd3120315f310b31bc31\" class=\"cryptex \" style=\"\"><span class=\"CryptexImg ctxR7neImVV1tJoTSyttUGBAuiESKXKLLyzTwJSN1lk9Z0\"><\/span><\/span><\/span><\/p>\n<div class=\"pdfprnt-buttons pdfprnt-buttons-product pdfprnt-bottom-left\"><a href=\"https:\/\/www.upm.es\/recursosidi\/wp-json\/wp\/v2\/product\/11466?print=pdf\" class=\"pdfprnt-button pdfprnt-button-pdf\" target=\"_blank\"><span class=\"pdfprnt-button-title pdfprnt-button-pdf-title\">Descargar ficha<\/span><\/a><\/div>","protected":false},"excerpt":{"rendered":"<p>Integrable transparent glazing facades to capture thermal energy and electricity through a water chamber and a photovoltaic layer<\/p>\n","protected":false},"featured_media":11464,"template":"","meta":{"_acf_changed":false},"product_cat":[2386],"product_tag":[6404],"comunidades-upm":[],"quien":[],"mapa":[{"term_id":41,"name":"Climate, Energy and Mobility","slug":"climate-energy-mobility","term_group":0,"term_taxonomy_id":41,"taxonomy":"mapa","description":"","parent":0,"count":60,"filter":"raw","term_order":"10"},{"term_id":75,"name":"Industry, Materials and Circular Economy","slug":"industry-materials-circular_economy","term_group":0,"term_taxonomy_id":75,"taxonomy":"mapa","description":"","parent":0,"count":87,"filter":"raw","term_order":"14"}],"disponibilidad":[{"term_id":205,"name":"Consultar disponibilidad","slug":"consultar","term_group":0,"term_taxonomy_id":205,"taxonomy":"disponibilidad","description":"","parent":0,"count":290,"filter":"raw","term_order":"0"}],"donde":[{"term_id":288,"name":"An\u00e1lisis y experimentaci\u00f3n en mec\u00e1nica de fluidos y combusti\u00f3n","slug":"analisis-y-experimentacion-en-mecanica-de-fluidos-y-combustion","term_group":0,"term_taxonomy_id":288,"taxonomy":"donde","description":"","parent":0,"count":5,"filter":"raw","term_order":"0"},{"term_id":1512,"name":"Analysis and experimentation in fluid mechanics and combustion","slug":"en_analysis-and-experimentation-in-fluid-mechanics-and-combustion","term_group":0,"term_taxonomy_id":1512,"taxonomy":"donde","description":"","parent":0,"count":2,"filter":"raw","term_order":"0"}],"infraestructura":[],"ods":[{"term_id":2233,"name":"Climate Action","slug":"climate-action","term_group":0,"term_taxonomy_id":2233,"taxonomy":"ods","description":"","parent":0,"count":64,"filter":"raw","term_order":"0"},{"term_id":2249,"name":"Industry, Innovation and Infrastructure","slug":"industry-innovation-and-infrastructure","term_group":0,"term_taxonomy_id":2249,"taxonomy":"ods","description":"","parent":0,"count":129,"filter":"raw","term_order":"0"},{"term_id":2241,"name":"Sustainable Cities and Communities","slug":"sustainable-cities-and-communities","term_group":0,"term_taxonomy_id":2241,"taxonomy":"ods","description":"","parent":0,"count":38,"filter":"raw","term_order":"0"}],"origen":[{"term_id":192,"name":"Soluciones tecnol\u00f3gicas","slug":"soluciones-tecnologicas","term_group":0,"term_taxonomy_id":192,"taxonomy":"origen","description":"","parent":0,"count":278,"filter":"raw","term_order":"0"}],"familia_tax":false,"quien_tax":false,"donde_tax":false,"year":"2020-01-01","contacto":"ETSI Aeron\u00e1utica y del Espacio - UPM, Plaza Cardenal Cisneros, 3, 28040, Madrid","telefono":"910675534","pagina_web":"https:\/\/www.etsiae.upm.es\/","email":"juanantonio.hernandez@upm.es","id_ficha_portal":"80","video":"","adjuntos":false,"adjuntos_portal":"","inf":false,"departamento":"","acf":[],"lang":"en","translation":{"en":11466,"es":11463},"_links":{"self":[{"href":"https:\/\/www.upm.es\/recursosidi\/wp-json\/wp\/v2\/product\/11466"}],"collection":[{"href":"https:\/\/www.upm.es\/recursosidi\/wp-json\/wp\/v2\/product"}],"about":[{"href":"https:\/\/www.upm.es\/recursosidi\/wp-json\/wp\/v2\/types\/product"}],"wp:featuredmedia":[{"embeddable":true,"href":"https:\/\/www.upm.es\/recursosidi\/wp-json\/wp\/v2\/media\/11464"}],"wp:attachment":[{"href":"https:\/\/www.upm.es\/recursosidi\/wp-json\/wp\/v2\/media?parent=11466"}],"wp:term":[{"taxonomy":"product_cat","embeddable":true,"href":"https:\/\/www.upm.es\/recursosidi\/wp-json\/wp\/v2\/product_cat?post=11466"},{"taxonomy":"product_tag","embeddable":true,"href":"https:\/\/www.upm.es\/recursosidi\/wp-json\/wp\/v2\/product_tag?post=11466"},{"taxonomy":"comunidad_upm","embeddable":true,"href":"https:\/\/www.upm.es\/recursosidi\/wp-json\/wp\/v2\/comunidades-upm?post=11466"},{"taxonomy":"quien","embeddable":true,"href":"https:\/\/www.upm.es\/recursosidi\/wp-json\/wp\/v2\/quien?post=11466"},{"taxonomy":"mapa","embeddable":true,"href":"https:\/\/www.upm.es\/recursosidi\/wp-json\/wp\/v2\/mapa?post=11466"},{"taxonomy":"disponibilidad","embeddable":true,"href":"https:\/\/www.upm.es\/recursosidi\/wp-json\/wp\/v2\/disponibilidad?post=11466"},{"taxonomy":"donde","embeddable":true,"href":"https:\/\/www.upm.es\/recursosidi\/wp-json\/wp\/v2\/donde?post=11466"},{"taxonomy":"infraestructura","embeddable":true,"href":"https:\/\/www.upm.es\/recursosidi\/wp-json\/wp\/v2\/infraestructura?post=11466"},{"taxonomy":"ods","embeddable":true,"href":"https:\/\/www.upm.es\/recursosidi\/wp-json\/wp\/v2\/ods?post=11466"},{"taxonomy":"origen","embeddable":true,"href":"https:\/\/www.upm.es\/recursosidi\/wp-json\/wp\/v2\/origen?post=11466"}],"curies":[{"name":"wp","href":"https:\/\/api.w.org\/{rel}","templated":true}]}}