{"id":11468,"date":"2022-10-31T12:15:03","date_gmt":"2022-10-31T11:15:03","guid":{"rendered":"https:\/\/www.upm.es\/recursosidi\/offers-resources\/sin categor\u00eda\/irio-instrumentacion\/"},"modified":"2022-10-31T12:15:24","modified_gmt":"2022-10-31T11:15:24","slug":"irio-instrumentacion","status":"publish","type":"product","link":"https:\/\/www.upm.es\/recursosidi\/offers-resources\/soluciones-tecnologicas\/irio-instrumentacion\/","title":{"rendered":"IRIO (instrumentaci\u00f3n)"},"content":{"rendered":"<h4 style=\"text-align: left\"><strong>Descripci&oacute;n breve conjunta de la soluci&oacute;n y valor a&ntilde;adido que aporta <\/strong><\/h4>\n<p style=\"text-align: justify\">Las instalaciones de Big Science usan sistemas de control complejos como EPICS para controlar sus sistemas de plantas. La integraci&oacute;n de hardware reconfigurable (FPGA) es particularmente complicada. Para ayudar en esta integraci&oacute;n, IRIO crea una soluci&oacute;n que detecta hardware de forma inteligente y reduce sustancialmente el tiempo de integraci&oacute;n en los sistemas de control. IRIO puede ayudar en las diversas etapas que se requieren para el desarrollo de estos sistemas, reduciendo el expertise inicial en los sistemas de control en m&aacute;s de 160 horas de trabajo y reduciendo el tiempo de implementaci&oacute;n en un 70%. IRIO es actualmente parte de la instrumentaci&oacute;n y control de ITER. Para evaluar los sistemas de control ITER, KSTAR tokamak (una instalaci&oacute;n similar al ITER) utiliza IRIO en sistemas ya en funcionamiento.<\/p>\n<h4 style=\"text-align: left\"><strong>Descripci&oacute;n de la base tecnol&oacute;gica<\/strong><\/h4>\n<p style=\"text-align: justify\">Los proyectos de experimentaci&oacute;n en el &aacute;mbito de Big Science usan mecanismos de control complejos para controlar sus sistemas de planta de una manera distribuida y robusta. Una gran parte del sector usa una colecci&oacute;n de software, EPICS, para hacerlo. La integraci&oacute;n de los diferentes instrumentos es una tarea muy lenta. En particular, los sistemas basados en FPGA, que son sistemas multifuncionales reconfigurables, requieren un esfuerzo adicional de desarrollo en la integraci&oacute;n. La caracter&iacute;stica interesante de los sistemas FPGA, su capacidad de reconfiguraci&oacute;n, tiene por contra su impedimiento, ya que EPICS no puede detectar los cambios de recursos hardware por s&iacute; mismo.<\/p>\n<p style=\"text-align: justify\">IRIO automatiza la integraci&oacute;n de estos sistemas de adquisici&oacute;n de datos mediante la detecci&oacute;n inteligente de los recursos utilizados en el hardware, reduciendo el tiempo de implementaci&oacute;n y el coste de mantenimiento.&nbsp;<\/p>\n<p style=\"text-align: center\"><span style=\"font-size: small\"><em>&ldquo;IRIO simplifica la integraci&oacute;n del dise&ntilde;o de hardware en los sistemas de planta, reduciendo el tiempo de desarrollo y facilitando las pruebas en el proceso&rdquo;<\/em><\/span><\/p>\n<h4>&nbsp;<\/h4>\n<h4 style=\"text-align: left\"><strong>Necesidades de negocio \/ aplicaci&oacute;n<\/strong><\/h4>\n<ul>\n<li>\n<p style=\"text-align: justify\">Los proyectos de grandes experimentos cient&iacute;ficos se implementan con lentitud y requieren de muchos recursos. Por esta raz&oacute;n, las instalaciones de Big Science usan soluciones basadas en software abierto y hardware basado en FPGA. Buscan colaboraciones largas con las empresas en las que conf&iacute;an para integrar los sistemas y no quieren verse limitadas por soluciones cerradas.<\/p>\n<\/li>\n<li style=\"text-align: justify\">\n<p>Un ejemplo de estos esfuerzos se refleja en los intereses recientes de grandes compa&ntilde;&iacute;as como Altera y Xilinx, que lideran el mercado en ventas de FPGA y producci&oacute;n de patentes, para impulsar tambi&eacute;n la iniciativa de software abierto denominada OpenCL para desarrollar con FPGA. Estas empresas est&aacute;n explorando mecanismos que ayudan a la integraci&oacute;n de diversos sistemas de control y procesamiento. El potencial de OpenCL tambi&eacute;n atrajo a compa&ntilde;&iacute;as como Apple, IBM, Texas Instruments, NVIDIA, Intel&hellip;<\/p>\n<\/li>\n<li style=\"text-align: justify\">\n<p>Otras &aacute;reas de aplicaci&oacute;n que requieren la integraci&oacute;n de diversos dispositivos electr&oacute;nicos de alto rendimiento son: sector automoci&oacute;n, con Tesla liderando la innovaci&oacute;n para la conducci&oacute;n aut&oacute;noma; procesos industriales que valoran mucho el tiempo y el costo de mantenimiento reducidos; o las aplicaciones m&eacute;dicas que usan aceleradores para terapia de protones, como principales mercados.<\/p>\n<\/li>\n<li>\n<p style=\"text-align: justify\">Para mejorar el desempe&ntilde;o de los sistemas integradores, algunas empresas est&aacute;n ofreciendo soluciones (por ejemplo, compa&ntilde;&iacute;as enfocadas en el mercado de Big Science, como Observatory Sciences o Cosylab). Con todo, estas empresas a&uacute;n se basan en soluciones customizadas convencionales.<\/p>\n<\/li>\n<\/ul>\n<h4 style=\"text-align: left\"><strong>Ventajas competitivas<\/strong><\/h4>\n<ul>\n<li>\n<p style=\"text-align: justify\">Menos horas de implementaci&oacute;n: trabajar con IRIO es m&aacute;s f&aacute;cil que la implementaci&oacute;n directa con EPICS. Al trabajar con nuestras herramientas, el tiempo de desarrollo se reduce en un 70%.<\/p>\n<\/li>\n<li style=\"text-align: justify\">\n<p>Mayor adaptabilidad de dise&ntilde;o: los cambios de hardware no requieren un cambio de software, &ldquo;desbloqueando&rdquo; as&iacute; el potencial de FPGA.<\/p>\n<\/li>\n<li style=\"text-align: justify\">\n<p>Menor expertise inicial: las necesidades de conocimiento de EPICS son reducidas. Aprender los principios b&aacute;sicos de EPICS para un ingeniero puede requerir 160 horas; el dominio requiere a&ntilde;os.<\/p>\n<\/li>\n<li>\n<p style=\"text-align: justify\">Menores costes de puesta en servicio y mantenimiento: cambios menores no requieren trabajo adicional con IRIO; los mayores se benefician tanto como las implementaciones normales.<\/p>\n<\/li>\n<\/ul>\n<p style=\"text-align: center\"><span style=\"font-size: small\"><em>&#8220;Simplifique la integraci&oacute;n de su sistema de instrumentaci&oacute;n inteligente en EPICS con IRIO, reduciendo el coste y el tiempo de desarrollo al m&iacute;nimo&#8221;<\/em><\/span><\/p>\n<h4>&nbsp;<\/h4>\n<h4 style=\"text-align: left\"><strong>Referencias<\/strong><\/h4>\n<ul>\n<li>\n<p style=\"text-align: justify\">IRIO es parte del sistema de control ITER, el esfuerzo de investigaci&oacute;n m&aacute;s ambicioso del mundo para generar energ&iacute;a limpia y sostenible a partir de la fusi&oacute;n. ITER prev&eacute; un presupuesto de 16B&euro;.<\/p>\n<\/li>\n<li style=\"text-align: justify\">\n<p>IRIO tambi&eacute;n se utiliza en los sistemas de control KSTAR (Corea) como parte de la evaluaci&oacute;n del sistema de control ITER.<\/p>\n<\/li>\n<li>\n<p style=\"text-align: justify\">IRIO tambi&eacute;n se contrat&oacute; para ayudar en la integraci&oacute;n de sistemas I&amp;C en IFMIF. Esta instalaci&oacute;n probar&aacute; nuevos materiales para reactores de fusi&oacute;n nuclear (como ITER) o la pr&oacute;xima generaci&oacute;n de reactores de fisi&oacute;n nuclear.<\/p>\n<\/li>\n<\/ul>\n<h4 style=\"text-align: left\"><strong>Protecci&oacute;n industrial<\/strong><\/h4>\n<p>Software registrado M-4824\/2016.<\/p>\n<h4 style=\"text-align: left\"><strong>Grado de desarrollo<\/strong><\/h4>\n<ul>\n<li>\n<p>Concepto<\/p>\n<\/li>\n<li>\n<p>Investigaci&oacute;n<\/p>\n<\/li>\n<li>\n<p>Prototipo-Lab<\/p>\n<\/li>\n<li>\n<p><span style=\"text-decoration: underline\"><strong>Prototipo Industrial<\/strong><\/span><\/p>\n<\/li>\n<li>\n<p>Producci&oacute;n<\/p>\n<\/li>\n<\/ul>\n<h4 style=\"text-align: left\"><strong>Contacto<\/strong><\/h4>\n<p><strong>Contacto IRIO<\/strong><\/p>\n<p>Mariano Ruiz, Miguel Astrain<\/p>\n<p>e: <span rel=\"74311830b2311331b1312431b0311a31b3311f30b03138319f3132317d313d31a2312a3175312d31ca31\" class=\"cryptex \" style=\"\"><span class=\"CryptexImg ctxBzQmyFbo-vcuvA9pwFDi7Qzlcy0g7sEkpPArjt6MNAw\"><\/span><\/span><\/p>\n<p>e: <span rel=\"74311830b2311b31a6313031b431183172311431b1313731a8311931a6313631723126317931293189311430b6312231bb310330b2311e31\" class=\"cryptex \" style=\"\"><span class=\"CryptexImg ctxprZmMm9wqwleFTrwc5rCYg4r9SDU3r1oK0H6C-TA5T4\"><\/span><\/span><\/p>\n<p>w: http:\/\/www.i2a2.upm.es\/idi\/instrumentacion-aplicada\/sistemas-de-adquisicion-de-datos-avanzados-2\/<\/p>\n<p><strong>Contacto UPM<\/strong><\/p>\n<p>Programas de Innovaci&oacute;n y Emprendimiento<\/p>\n<p>Centro de Apoyo a la Innovaci&oacute;n Tecnol&oacute;gica &ndash; UPM<\/p>\n<p>e: <span rel=\"74311830ae312031ad312a31c5310d31a7311c31ad31313164312c31a2312b31a0312c31b3313731be312731a43113318e314431bd31183187312d31a531\" class=\"cryptex \" style=\"\"><span class=\"CryptexImg ctxR7neImVV1tJoTSyttUGBAuiESKXKLLyzTwJSN1lk9Z0\"><\/span><\/span><\/p>\n<div class=\"pdfprnt-buttons pdfprnt-buttons-product pdfprnt-bottom-left\"><a href=\"https:\/\/www.upm.es\/recursosidi\/wp-json\/wp\/v2\/product\/11468?print=pdf\" class=\"pdfprnt-button pdfprnt-button-pdf\" target=\"_blank\"><span class=\"pdfprnt-button-title pdfprnt-button-pdf-title\">Descargar ficha<\/span><\/a><\/div>","protected":false},"excerpt":{"rendered":"<p>Instrumentaci\u00f3n inteligente para una integraci\u00f3n adaptativa.<\/p>\n<p>IRIO consiste en una metodolog\u00eda y un conjunto de herramientas software que simplifican dr\u00e1sticamente el ciclo optimizado de desarrollo de sistemas de adquisici\u00f3n de datos. Con IRIO, las implementaciones FPGA se integran autom\u00e1ticamente en EPICS.<\/p>\n","protected":false},"featured_media":11467,"template":"","meta":{"_acf_changed":false},"product_cat":[2384],"product_tag":[2487,2489,2488],"comunidades-upm":[],"quien":[],"mapa":[{"term_id":141,"name":"Innovaci\u00f3n Social, Ciencia Abierta, Gobernanza, y Ciencias de la Educaci\u00f3n","slug":"innovacion_social-ciencia_abierta-gobernanza-ciencia-educacion","term_group":0,"term_taxonomy_id":141,"taxonomy":"mapa","description":"","parent":0,"count":14,"filter":"raw","term_order":"15"},{"term_id":126,"name":"Tecnolog\u00edas digitales, Inteligencia Artificial, ciberseguridad, 5G, rob\u00f3tica","slug":"tecnologias_digitales-ai-ciberseguridad-5g-robotica","term_group":0,"term_taxonomy_id":126,"taxonomy":"mapa","description":"","parent":0,"count":194,"filter":"raw","term_order":"23"}],"disponibilidad":[{"term_id":205,"name":"Consultar disponibilidad","slug":"consultar","term_group":0,"term_taxonomy_id":205,"taxonomy":"disponibilidad","description":"","parent":0,"count":290,"filter":"raw","term_order":"0"}],"donde":[{"term_id":380,"name":"Investigaci\u00f3n en Instrumentaci\u00f3n y Ac\u00fastica Aplicada (I2A2)","slug":"investigacion-en-instrumentacion-y-acustica-aplicada-i2a2","term_group":0,"term_taxonomy_id":380,"taxonomy":"donde","description":"Desarrollamos nuestra actividad en <strong>diversos &aacute;mbitos de la Ac&uacute;stica y las TIC<\/strong>, en los que buscamos aportar nuestra experiencia en para contribuir a resolver algunos de los retos que afronta nuestra sociedad. Esta visi&oacute;n nos lleva trabajar <strong>en contacto permanente con empresas y administraciones<\/strong> buscando continuamente la transferencia de los resultados de nuestros trabajos, bien a trav&eacute;s de la transferencia de tecnolog&iacute;a o de conocimiento, u ofreciendo directamente servicios de valor a&ntilde;adido a la industria.&nbsp;&nbsp;\n&nbsp;\nNuestras <strong>l&iacute;neas de investigaci&oacute;n<\/strong> se pueden resumir en:\n\nRuido ambiental.\nAc&uacute;stica en la edificaci&oacute;n.\nControl de ruido y Vibraciones.\nRuido en el puesto del trabajo.\nTerapias Ac&uacute;sticas.\nSistemas de Adquisici&oacute;n de Datos Avanzados.\nEquipos Electr&oacute;nicos y sistemas Embebidos.\nMonitorizaci&oacute;n de Salud Estructural.\n","parent":0,"count":16,"filter":"raw","term_order":"0"},{"term_id":1604,"name":"Research into Instrumentation and Applied Acoustics (I2A2)","slug":"en_research-into-instrumentation-and-applied-acoustics-i2a2","term_group":0,"term_taxonomy_id":1604,"taxonomy":"donde","description":"Desarrollamos nuestra actividad en <strong>diversos &aacute;mbitos de la Ac&uacute;stica y las TIC<\/strong>, en los que buscamos aportar nuestra experiencia en para contribuir a resolver algunos de los retos que afronta nuestra sociedad. Esta visi&oacute;n nos lleva trabajar <strong>en contacto permanente con empresas y administraciones<\/strong> buscando continuamente la transferencia de los resultados de nuestros trabajos, bien a trav&eacute;s de la transferencia de tecnolog&iacute;a o de conocimiento, u ofreciendo directamente servicios de valor a&ntilde;adido a la industria.&nbsp;&nbsp;\n&nbsp;\nNuestras <strong>l&iacute;neas de investigaci&oacute;n<\/strong> se pueden resumir en:\n\nRuido ambiental.\nAc&uacute;stica en la edificaci&oacute;n.\nControl de ruido y Vibraciones.\nRuido en el puesto del trabajo.\nTerapias Ac&uacute;sticas.\nSistemas de Adquisici&oacute;n de Datos Avanzados.\nEquipos Electr&oacute;nicos y sistemas Embebidos.\nMonitorizaci&oacute;n de Salud Estructural.\n","parent":0,"count":11,"filter":"raw","term_order":"0"}],"infraestructura":[],"ods":[{"term_id":2247,"name":"Industria, Innovaci\u00f3n e Infraestructura","slug":"industria-innovacion-e-infraestructura","term_group":0,"term_taxonomy_id":2247,"taxonomy":"ods","description":"","parent":0,"count":171,"filter":"raw","term_order":"0"}],"origen":[{"term_id":192,"name":"Soluciones tecnol\u00f3gicas","slug":"soluciones-tecnologicas","term_group":0,"term_taxonomy_id":192,"taxonomy":"origen","description":"","parent":0,"count":278,"filter":"raw","term_order":"0"}],"familia_tax":false,"quien_tax":false,"donde_tax":false,"year":"2020-01-01","contacto":"ETSIS de Telecomunicaci\u00f3n - UPM, Campus Sur, c\/Nikola Tesla, s\/n, 28031, Madrid","telefono":"910673200","pagina_web":"https:\/\/www.etsist.upm.es\/","email":"mariano.ruiz@upm.es","id_ficha_portal":"66","video":"","adjuntos":false,"adjuntos_portal":"","inf":false,"departamento":"","acf":[],"lang":"es","translation":{"es":11468,"en":11470},"_links":{"self":[{"href":"https:\/\/www.upm.es\/recursosidi\/wp-json\/wp\/v2\/product\/11468"}],"collection":[{"href":"https:\/\/www.upm.es\/recursosidi\/wp-json\/wp\/v2\/product"}],"about":[{"href":"https:\/\/www.upm.es\/recursosidi\/wp-json\/wp\/v2\/types\/product"}],"wp:featuredmedia":[{"embeddable":true,"href":"https:\/\/www.upm.es\/recursosidi\/wp-json\/wp\/v2\/media\/11467"}],"wp:attachment":[{"href":"https:\/\/www.upm.es\/recursosidi\/wp-json\/wp\/v2\/media?parent=11468"}],"wp:term":[{"taxonomy":"product_cat","embeddable":true,"href":"https:\/\/www.upm.es\/recursosidi\/wp-json\/wp\/v2\/product_cat?post=11468"},{"taxonomy":"product_tag","embeddable":true,"href":"https:\/\/www.upm.es\/recursosidi\/wp-json\/wp\/v2\/product_tag?post=11468"},{"taxonomy":"comunidad_upm","embeddable":true,"href":"https:\/\/www.upm.es\/recursosidi\/wp-json\/wp\/v2\/comunidades-upm?post=11468"},{"taxonomy":"quien","embeddable":true,"href":"https:\/\/www.upm.es\/recursosidi\/wp-json\/wp\/v2\/quien?post=11468"},{"taxonomy":"mapa","embeddable":true,"href":"https:\/\/www.upm.es\/recursosidi\/wp-json\/wp\/v2\/mapa?post=11468"},{"taxonomy":"disponibilidad","embeddable":true,"href":"https:\/\/www.upm.es\/recursosidi\/wp-json\/wp\/v2\/disponibilidad?post=11468"},{"taxonomy":"donde","embeddable":true,"href":"https:\/\/www.upm.es\/recursosidi\/wp-json\/wp\/v2\/donde?post=11468"},{"taxonomy":"infraestructura","embeddable":true,"href":"https:\/\/www.upm.es\/recursosidi\/wp-json\/wp\/v2\/infraestructura?post=11468"},{"taxonomy":"ods","embeddable":true,"href":"https:\/\/www.upm.es\/recursosidi\/wp-json\/wp\/v2\/ods?post=11468"},{"taxonomy":"origen","embeddable":true,"href":"https:\/\/www.upm.es\/recursosidi\/wp-json\/wp\/v2\/origen?post=11468"}],"curies":[{"name":"wp","href":"https:\/\/api.w.org\/{rel}","templated":true}]}}