{"id":11470,"date":"2022-10-31T12:15:19","date_gmt":"2022-10-31T11:15:19","guid":{"rendered":"https:\/\/www.upm.es\/recursosidi\/offers-resources\/sin categor\u00eda\/irio-intelligent-instrumentation-for-adaptative-integration\/"},"modified":"2022-10-31T12:15:22","modified_gmt":"2022-10-31T11:15:22","slug":"irio-intelligent-instrumentation-for-adaptative-integration","status":"publish","type":"product","link":"https:\/\/www.upm.es\/recursosidi\/en\/offers-resources\/technological-solutions\/irio-intelligent-instrumentation-for-adaptative-integration\/","title":{"rendered":"IRIO. Intelligent instrumentation for adaptative integration"},"content":{"rendered":"<h4><strong>Brief description of the technology solution and the added value it provides <\/strong><\/h4>\n<p>Big Science facilities use complex control systems like EPICS to control their plant systems. The integration of reconfigurable hardware (FPGA) is particularly complicated. To aid on this integration IRIO creates a solution that intelligently detects hardware and substantially reduces integration time on the control systems.<\/p>\n<p>IRIO can help on the several stages that are required for the development of these systems, reducing initial expertise on the control systems by more than 160 hours of work and reducing implementation time by 70%. It is also a convenient tool that eases maintenance work.<\/p>\n<p>IRIO is currently part of ITER instrumentation and control. To evaluate ITER control systems. KSTAR tokamak (an ITER-like facility) uses IRIO on already working systems.<\/p>\n<h4><strong>Description of the technological base<\/strong><\/h4>\n<p>Los proyectos de experimentaci&oacute;n en el &aacute;mbito de Big Science usan mecanismos de control complejos para controlar sus sistemas de planta de una manera distribuida y robusta. Una gran parte del sector usa una colecci&oacute;n de software, EPICS, para hacerlo. La integraci&oacute;n de los diferentes instrumentos es una tarea muy lenta. En particular, los sistemas basados en FPGA, que son sistemas multifuncionales reconfigurables, requieren un esfuerzo adicional de desarrollo en la integraci&oacute;n. La caracter&iacute;stica interesante de los sistemas FPGA, su capacidad de reconfiguraci&oacute;n, tiene por contra su impedimiento, ya que EPICS no puede detectar los cambios de recursos hardware por s&iacute; mismo.<\/p>\n<p>IRIO automatiza la integraci&oacute;n de estos sistemas de adquisici&oacute;n de datos mediante la detecci&oacute;n inteligente de los recursos utilizados en el hardware, reduciendo el tiempo de implementaci&oacute;n y el coste de mantenimiento.<\/p>\n<table border=\"0\">\n<tbody>\n<tr>\n<td>\n<p style=\"text-align: center\"><span style=\"font-size: small\"><em><strong>&ldquo;IRIO simplifica la integraci&oacute;n del dise&ntilde;o de hardware en los sistemas de planta, reduciendo el tiempo de desarrollo y facilitando las pruebas en el proceso&rdquo;<\/strong><\/em><\/span><\/p>\n<\/td>\n<td><img fetchpriority=\"high\" decoding=\"async\" src=\"http:\/\/www.upm.es\/observatorio\/vi\/gestor_general\/recuperar_archivo.jsp?id=1461\" alt=\"\" width=\"250\" height=\"274\" \/><\/td>\n<\/tr>\n<\/tbody>\n<\/table>\n<p style=\"text-align: justify\"><span style=\"font-size: small\">&nbsp;<\/span><\/p>\n<h4><strong>Market demands<\/strong><\/h4>\n<ul>\n<li style=\"text-align: justify\">Big science experiments move slow and require of lots of resources. For this reason, Big science facilities use open-software based solutions and FPGA-based hardware. They look for long collaborations with the businesses they trust to integrate the systems and do not want to be constrained by closed solutions.<\/li>\n<li style=\"text-align: justify\">An example of such efforts is reflected in recent interests of big companies like Altera and Xilinx which lead the market on FPGA sales and patent production, to also &nbsp;push on the open-software initiative named OpenCL for developing with FPGAs. These companies are exploring mechanisms that aid on integration of diverse control and processing systems.<\/li>\n<li style=\"text-align: justify\">The potential of OpenCL also attracted companies like: Apple, IBM, Texas Instruments, NVIDIA, Intel and many more.<br \/>Oher areas of application requiring the integration of diverse electronic devices with high performance are the automotive sector, with Tesla leading on innovation for autonomous driving; Industrial processes that highly value reduced maintenance time and cost; Medical applications using accelerators for proton therapy are the primary markets.<\/li>\n<li style=\"text-align: justify\">To relieve the pain of integrating systems, some companies are offering solutions, for instance, the companies focused in the Big Science market, such as Observatory Sciences or Cosylab. Although, these companies still relay on conventional custom solutions.<\/li>\n<\/ul>\n<h4><strong>Competitive advantages<\/strong><\/h4>\n<ul>\n<li style=\"text-align: justify\">Less implementation hours: working with IRIO is easier than straight implementation with EPICS. When working with our tools, development time is reduced around 70%.<\/li>\n<li style=\"text-align: justify\">More design adaptability: hardware changes don&rsquo;t require a software change. Unlocking FPGA potential.<\/li>\n<li style=\"text-align: justify\">Lower initial expertise: reduced EPICS knowledge needs. Learning EPICS-basics for a senior engineer may take 160 hours, mastering will take years.<\/li>\n<li style=\"text-align: justify\">Lower commissioning &amp; maintenance costs: simple changes require no additional work with IRIO. Major changes benefit as much as normal implementations.<\/li>\n<\/ul>\n<p style=\"text-align: center\"><span style=\"font-size: small\"><em><strong>&nbsp;<\/strong><\/em><\/span><\/p>\n<p style=\"text-align: center\"><span style=\"font-size: small\"><em><strong>&ldquo;Simplify the Integration of your intelligent Instrumentation system in EPICS with IRIO reducing the cost and development time to the minimun&rdquo;<\/strong><\/em><\/span><\/p>\n<h4><strong>Development stage<\/strong><\/h4>\n<ul>\n<li>Concept<\/li>\n<li>Research<\/li>\n<li>Lab prototype<\/li>\n<li><strong><u>Industrial prototype<\/u><\/strong><\/li>\n<li>Production<\/li>\n<\/ul>\n<h4>Contact<\/h4>\n<p class=\"MsoNormal\"><strong><span style=\"font-size: small\">Contacto&nbsp; IRIO<\/span><\/strong><\/p>\n<p class=\"MsoNormal\"><span style=\"font-size: small\">Mariano Ruiz, Miguel Astrain<\/span><\/p>\n<p class=\"MsoNormal\"><span style=\"font-size: small\">e: <span rel=\"66312930b1312c31a6312d31b3313631a0311f30b1313531c031383171312d31b931333188312631c731\" class=\"cryptex \" style=\"\"><span class=\"CryptexImg ctxBzQmyFbo-vcuvA9pwFDi7Qzlcy0g7sEkpPArjt6MNAw\"><\/span><\/span><\/span><\/p>\n<p class=\"MsoNormal\"><span style=\"font-size: small\">e: <span rel=\"66312930b13134319b313931b73134315f311431b2313431c9311f319a31263189312f318c31223186310630b4312231b931233098312031\" class=\"cryptex \" style=\"\"><span class=\"CryptexImg ctxprZmMm9wqwleFTrwc5rCYg4r9SDU3r1oK0H6C-TA5T4\"><\/span><\/span><\/span><\/p>\n<p class=\"MsoNormal\"><span style=\"font-size: small\">w:http:\/\/www.i2a2.upm.es\/idi\/instrumentacion-aplicada\/sistemas-de-adquisicion-de-datos-avanzados-2\/<\/span><\/p>\n<p class=\"MsoNormal\"><strong><span style=\"font-size: small\">Contacto UPM<\/span><\/strong><\/p>\n<p class=\"MsoNormal\"><span style=\"font-size: small\">&Aacute;rea de Innovaci&oacute;n, Comercializaci&oacute;n y Creaci&oacute;n de Empresas<\/span><\/p>\n<p class=\"MsoNormal\"><span style=\"font-size: small\">Centro de Apoyo a la Innovaci&oacute;n Tecnol&oacute;gica &ndash; UPM<\/span><\/p>\n<p class=\"MsoNormal\"><span style=\"font-size: small\">e: <span rel=\"66312930ad313931a2313331c831293194311c31ae312e318531323196311b31b7313531c6313031bb313531a23113318c312431a3311a317b311e31b831\" class=\"cryptex \" style=\"\"><span class=\"CryptexImg ctxR7neImVV1tJoTSyttUGBAuiESKXKLLyzTwJSN1lk9Z0\"><\/span><\/span><\/span><\/p>\n<p class=\"MsoNormal\">&nbsp;<\/p>\n<div class=\"pdfprnt-buttons pdfprnt-buttons-product pdfprnt-bottom-left\"><a href=\"https:\/\/www.upm.es\/recursosidi\/wp-json\/wp\/v2\/product\/11470?print=pdf\" class=\"pdfprnt-button pdfprnt-button-pdf\" target=\"_blank\"><span class=\"pdfprnt-button-title pdfprnt-button-pdf-title\">Descargar ficha<\/span><\/a><\/div>","protected":false},"excerpt":{"rendered":"<p>IRIO consists on a methodology and a set of software tools that drastically simplify your intelligent data-acquisition system development cycle. With IRIO, FPGA implementations are automatically integrated into EPICS.<\/p>\n","protected":false},"featured_media":11469,"template":"","meta":{"_acf_changed":false},"product_cat":[2386],"product_tag":[2487,2489,2488],"comunidades-upm":[],"quien":[],"mapa":[{"term_id":37,"name":"Digital Technologies, Artificial Intelligence, Cybersecurity, 5G, Robotics","slug":"digital_technologies-ai-cybersecurity-5g-robotics","term_group":0,"term_taxonomy_id":37,"taxonomy":"mapa","description":"","parent":0,"count":83,"filter":"raw","term_order":"24"},{"term_id":78,"name":"Social Innovation, Open Science, Governance, and Education Science","slug":"social_innovation-open_science-governance-education_science","term_group":0,"term_taxonomy_id":78,"taxonomy":"mapa","description":"","parent":0,"count":9,"filter":"raw","term_order":"16"}],"disponibilidad":[{"term_id":205,"name":"Consultar disponibilidad","slug":"consultar","term_group":0,"term_taxonomy_id":205,"taxonomy":"disponibilidad","description":"","parent":0,"count":290,"filter":"raw","term_order":"0"}],"donde":[{"term_id":380,"name":"Investigaci\u00f3n en Instrumentaci\u00f3n y Ac\u00fastica Aplicada (I2A2)","slug":"investigacion-en-instrumentacion-y-acustica-aplicada-i2a2","term_group":0,"term_taxonomy_id":380,"taxonomy":"donde","description":"Desarrollamos nuestra actividad en <strong>diversos &aacute;mbitos de la Ac&uacute;stica y las TIC<\/strong>, en los que buscamos aportar nuestra experiencia en para contribuir a resolver algunos de los retos que afronta nuestra sociedad. Esta visi&oacute;n nos lleva trabajar <strong>en contacto permanente con empresas y administraciones<\/strong> buscando continuamente la transferencia de los resultados de nuestros trabajos, bien a trav&eacute;s de la transferencia de tecnolog&iacute;a o de conocimiento, u ofreciendo directamente servicios de valor a&ntilde;adido a la industria.&nbsp;&nbsp;\n&nbsp;\nNuestras <strong>l&iacute;neas de investigaci&oacute;n<\/strong> se pueden resumir en:\n\nRuido ambiental.\nAc&uacute;stica en la edificaci&oacute;n.\nControl de ruido y Vibraciones.\nRuido en el puesto del trabajo.\nTerapias Ac&uacute;sticas.\nSistemas de Adquisici&oacute;n de Datos Avanzados.\nEquipos Electr&oacute;nicos y sistemas Embebidos.\nMonitorizaci&oacute;n de Salud Estructural.\n","parent":0,"count":16,"filter":"raw","term_order":"0"},{"term_id":1604,"name":"Research into Instrumentation and Applied Acoustics (I2A2)","slug":"en_research-into-instrumentation-and-applied-acoustics-i2a2","term_group":0,"term_taxonomy_id":1604,"taxonomy":"donde","description":"Desarrollamos nuestra actividad en <strong>diversos &aacute;mbitos de la Ac&uacute;stica y las TIC<\/strong>, en los que buscamos aportar nuestra experiencia en para contribuir a resolver algunos de los retos que afronta nuestra sociedad. Esta visi&oacute;n nos lleva trabajar <strong>en contacto permanente con empresas y administraciones<\/strong> buscando continuamente la transferencia de los resultados de nuestros trabajos, bien a trav&eacute;s de la transferencia de tecnolog&iacute;a o de conocimiento, u ofreciendo directamente servicios de valor a&ntilde;adido a la industria.&nbsp;&nbsp;\n&nbsp;\nNuestras <strong>l&iacute;neas de investigaci&oacute;n<\/strong> se pueden resumir en:\n\nRuido ambiental.\nAc&uacute;stica en la edificaci&oacute;n.\nControl de ruido y Vibraciones.\nRuido en el puesto del trabajo.\nTerapias Ac&uacute;sticas.\nSistemas de Adquisici&oacute;n de Datos Avanzados.\nEquipos Electr&oacute;nicos y sistemas Embebidos.\nMonitorizaci&oacute;n de Salud Estructural.\n","parent":0,"count":11,"filter":"raw","term_order":"0"}],"infraestructura":[],"ods":[{"term_id":2249,"name":"Industry, Innovation and Infrastructure","slug":"industry-innovation-and-infrastructure","term_group":0,"term_taxonomy_id":2249,"taxonomy":"ods","description":"","parent":0,"count":129,"filter":"raw","term_order":"0"}],"origen":[{"term_id":192,"name":"Soluciones tecnol\u00f3gicas","slug":"soluciones-tecnologicas","term_group":0,"term_taxonomy_id":192,"taxonomy":"origen","description":"","parent":0,"count":278,"filter":"raw","term_order":"0"}],"familia_tax":false,"quien_tax":false,"donde_tax":false,"year":"2020-01-01","contacto":"ETSIS de Telecomunicaci\u00f3n - UPM, Campus Sur, c\/Nikola Tesla, s\/n, 28031, Madrid","telefono":"910673200","pagina_web":"https:\/\/www.etsist.upm.es\/","email":"mariano.ruiz@upm.es","id_ficha_portal":"66","video":"","adjuntos":false,"adjuntos_portal":"","inf":false,"departamento":"","acf":[],"lang":"en","translation":{"en":11470,"es":11468},"_links":{"self":[{"href":"https:\/\/www.upm.es\/recursosidi\/wp-json\/wp\/v2\/product\/11470"}],"collection":[{"href":"https:\/\/www.upm.es\/recursosidi\/wp-json\/wp\/v2\/product"}],"about":[{"href":"https:\/\/www.upm.es\/recursosidi\/wp-json\/wp\/v2\/types\/product"}],"wp:featuredmedia":[{"embeddable":true,"href":"https:\/\/www.upm.es\/recursosidi\/wp-json\/wp\/v2\/media\/11469"}],"wp:attachment":[{"href":"https:\/\/www.upm.es\/recursosidi\/wp-json\/wp\/v2\/media?parent=11470"}],"wp:term":[{"taxonomy":"product_cat","embeddable":true,"href":"https:\/\/www.upm.es\/recursosidi\/wp-json\/wp\/v2\/product_cat?post=11470"},{"taxonomy":"product_tag","embeddable":true,"href":"https:\/\/www.upm.es\/recursosidi\/wp-json\/wp\/v2\/product_tag?post=11470"},{"taxonomy":"comunidad_upm","embeddable":true,"href":"https:\/\/www.upm.es\/recursosidi\/wp-json\/wp\/v2\/comunidades-upm?post=11470"},{"taxonomy":"quien","embeddable":true,"href":"https:\/\/www.upm.es\/recursosidi\/wp-json\/wp\/v2\/quien?post=11470"},{"taxonomy":"mapa","embeddable":true,"href":"https:\/\/www.upm.es\/recursosidi\/wp-json\/wp\/v2\/mapa?post=11470"},{"taxonomy":"disponibilidad","embeddable":true,"href":"https:\/\/www.upm.es\/recursosidi\/wp-json\/wp\/v2\/disponibilidad?post=11470"},{"taxonomy":"donde","embeddable":true,"href":"https:\/\/www.upm.es\/recursosidi\/wp-json\/wp\/v2\/donde?post=11470"},{"taxonomy":"infraestructura","embeddable":true,"href":"https:\/\/www.upm.es\/recursosidi\/wp-json\/wp\/v2\/infraestructura?post=11470"},{"taxonomy":"ods","embeddable":true,"href":"https:\/\/www.upm.es\/recursosidi\/wp-json\/wp\/v2\/ods?post=11470"},{"taxonomy":"origen","embeddable":true,"href":"https:\/\/www.upm.es\/recursosidi\/wp-json\/wp\/v2\/origen?post=11470"}],"curies":[{"name":"wp","href":"https:\/\/api.w.org\/{rel}","templated":true}]}}