{"id":11486,"date":"2022-10-31T13:23:12","date_gmt":"2022-10-31T12:23:12","guid":{"rendered":"https:\/\/www.upm.es\/recursosidi\/offers-resources\/sin categor\u00eda\/lida\/"},"modified":"2022-10-31T13:23:21","modified_gmt":"2022-10-31T12:23:21","slug":"lida","status":"publish","type":"product","link":"https:\/\/www.upm.es\/recursosidi\/offers-resources\/soluciones-tecnologicas\/lida\/","title":{"rendered":"LIDA"},"content":{"rendered":"<h4 style=\"text-align: left\"><strong>Descripci&oacute;n breve conjunta de la soluci&oacute;n y valor a&ntilde;adido que aporta <\/strong><\/h4>\n<p style=\"text-align: justify\">LIDA es un sistema robusto de generaci&oacute;n de informaci&oacute;n relevante sobre el tr&aacute;fico, desplegado en Madrid en condiciones reales de operaci&oacute;n y sin fallos desde mayo de 2014. LIDA da una soluci&oacute;n tecnol&oacute;gica al problema de la movilidad en carretera, que genera p&eacute;rdidas anuales de 88.000 millones de euros en EEUU u 839 millones de euros en la ciudad de Madrid. LIDA se encuadra en el mercado de la informaci&oacute;n de tr&aacute;fico y los sensores de infraestructuras viales, que se estima alcanzar&aacute;n una cifra de negocio de 1.700 millones de euros en 2016.&nbsp;<\/p>\n<h4 style=\"text-align: left\"><strong>Descripci&oacute;n de la base tecnol&oacute;gica<\/strong><\/h4>\n<p style=\"text-align: justify\">LIDA proporciona una soluci&oacute;n tecnol&oacute;gica para la generaci&oacute;n de informaci&oacute;n sobre el tr&aacute;fico en ciudades y carreteras, mediante la detecci&oacute;n del dispositivo Bluetooth embarcado en los veh&iacute;culos.<\/p>\n<p style=\"text-align: justify\">LIDA es capaz de ofrecer un sistema capaz de proveer informaci&oacute;n detallada sobre tiempos de recorrido, que los sistemas tradicionales basados en espiras magn&eacute;ticas no son capaces de generar. Asimismo, la fiabilidad de la informaci&oacute;n provista por LIDA cumple los requisitos de ayuntamientos y concesionarias de autopistas, cota no alcanzada por otras soluciones basadas en redes sociales.&nbsp; Adem&aacute;s, LIDA mejora los sistemas de reconocimiento de matr&iacute;culas tanto, en costes, como en disponibilidad, ya que funcionan bajo condiciones meteorol&oacute;gicas adversas. Por otra parte, respecto a sus competidores basados en&nbsp; tecnolog&iacute;a Bluetooth, LIDA permite la diferenciaci&oacute;n exacta de veh&iacute;culos lo que revierte en una soluci&oacute;n m&aacute;s precisa y econ&oacute;mica.<\/p>\n<p style=\"text-align: center\"><em><span style=\"font-size: small\">&ldquo;LIDA provee informaci&oacute;n precisa sobre tiempos de recorrido en carretera para gestoras de tr&aacute;fico, ayuntamientos y concesionarias de autopistas&ldquo;<\/span><\/em><\/p>\n<h4>&nbsp;<\/h4>\n<h4 style=\"text-align: left\"><strong>Necesidades de negocio \/ aplicaci&oacute;n<\/strong><\/h4>\n<p><strong>TIC aplicada a Movilidad y Sistemas Inteligentes de Transporte<\/strong><\/p>\n<ul>\n<li>\n<p style=\"text-align: justify\">En t&eacute;rminos generarles, la principal necesidad del mercado de la informaci&oacute;n de tr&aacute;fico y los sensores de carretera es la de proveer conocimiento sobre el flujo de veh&iacute;culos, que permita implementar una gesti&oacute;n del tr&aacute;fico que evite la creaci&oacute;n de congestiones.<\/p>\n<\/li>\n<li>\n<p style=\"text-align: justify\">El problema de la congesti&oacute;n hace que cada conductor malgaste m&aacute;s de 30 horas anuales en media, en todo el mundo. Este tiempo se traduce en p&eacute;rdidas de 88.000 millones de euros anuales en EE. UU. y 839 millones de euros tan s&oacute;lo en la ciudad de Madrid.&nbsp;<\/p>\n<\/li>\n<\/ul>\n<p style=\"text-align: center\"><em><span style=\"font-size: small\">&ldquo;LIDA da respuesta a la necesidad de generar informaci&oacute;n sobre el tiempo de recorrido en ciudades y carreteras, basada en la identificaci&oacute;n de veh&iacute;culos precisa, escalable y de bajo coste&ldquo;<\/span><\/em><\/p>\n<p style=\"text-align: center\"><em><strong><span style=\"font-size: small\">&nbsp;<\/span><\/strong><\/em><\/p>\n<h4 style=\"text-align: left\"><strong>Ventajas competitivas<\/strong><\/h4>\n<ul>\n<li>\n<p style=\"text-align: justify\">Creado en colaboraci&oacute;n con gestoras de tr&aacute;fico y Ayuntamientos. LIDA ha sido desarrollado con la estrecha cooperaci&oacute;n entre UPM y SICE (empresa l&iacute;der internacional en Sistemas Inteligentes de Transporte) contando adem&aacute;s con la realimentaci&oacute;n directa del Ayuntamiento de Madrid, como cliente final.<\/p>\n<\/li>\n<li style=\"text-align: justify\">\n<p>Precio reducido. LIDA da respuesta a una necesidad b&aacute;sica de la soluci&oacute;n: su escalabilidad. LIDA ha sido concebido desde un punto de vista de optimizaci&oacute;n de costes de venta y operaci&oacute;n.<\/p>\n<\/li>\n<li style=\"text-align: justify\">\n<p>Robustez: LIDA ha sido probado en operaci&oacute;n real donde no se han registrado fallos desde su implantaci&oacute;n.<\/p>\n<\/li>\n<li style=\"text-align: justify\">\n<p>LIDA presenta como ventajas: identificaci&oacute;n &oacute;ptima del veh&iacute;culo; c&aacute;lculo del tiempo de viaje; econ&oacute;mico; escalable.<\/p>\n<\/li>\n<\/ul>\n<h4 style=\"text-align: left\"><strong>Referencias<\/strong><\/h4>\n<ul>\n<li style=\"text-align: justify\">\n<p style=\"text-align: justify\">Despliegue de red de 4 sistemas LIDAs en Madrid<\/p>\n<\/li>\n<li style=\"text-align: justify\">\n<p style=\"text-align: justify\">Despliegue de red de 20 LIDAs en malla en la ciudad de Madrid. Sistema desplegado en condiciones reales de operaci&oacute;n y sin fallos.<\/p>\n<\/li>\n<\/ul>\n<h4 style=\"text-align: left\"><strong>Protecci&oacute;n industrial<\/strong><\/h4>\n<p>Software registrado M-2722\/2015.<\/p>\n<h4 style=\"text-align: left\"><strong>Grado de desarrollo<\/strong><\/h4>\n<ul>\n<li>\n<p>Concepto<\/p>\n<\/li>\n<li>\n<p>Investigaci&oacute;n<\/p>\n<\/li>\n<li>\n<p>Prototipo-Lab<\/p>\n<\/li>\n<li>\n<p><span style=\"text-decoration: underline\"><strong>Prototipo Industrial<\/strong><\/span><\/p>\n<\/li>\n<li>\n<p>Producci&oacute;n<\/p>\n<\/li>\n<\/ul>\n<h4 style=\"text-align: left\"><strong>Contacto<\/strong><\/h4>\n<p><strong>Contacto LIDA<\/strong><\/p>\n<p>Ana Bel&eacute;n Rodr&iacute;guez Gonz&aacute;lez, Juan Jos&eacute; Vinagre D&iacute;az, <span lang=\"EN-GB\">Mark Wilby<\/span><\/p>\n<p>e: <span rel=\"723127309f311031c3312831b5313d319d312b31b5311131c13119309c312831b7312c31a6312630cf313f31be310730ba312131\" class=\"cryptex \" style=\"\"><span class=\"CryptexImg ctxWSDMYd_kBBbcUjwRdTVkccM3DVt12h38JCg998zS-ng\"><\/span><\/span>; e: <a href=\"mailto:<span rel=\"72312730a8311831c7311d31ba312c31ae310431a5312031ba311031ab311e30b93133319f312630bf314231\" class=\"cryptex \" style=\"\"><span class=\"CryptexImg ctx45IsRHqwid4HNJ71uoMsHhT9iMZAIqpaTv9H646mHBM\"><\/span><\/span>;\"><span rel=\"72312730a8311831c7311d31ba312c31ae310431a5312031ba311031ab311e30b93133319f312630bf314231\" class=\"cryptex \" style=\"\"><span class=\"CryptexImg ctx45IsRHqwid4HNJ71uoMsHhT9iMZAIqpaTv9H646mHBM\"><\/span><\/span>;<\/a> <span lang=\"EN-GB\">e: <span rel=\"72312730ab312031c8312231bd312d31ad310431a5312031ba311031ab311e30b93133319f312630bf314231\" class=\"cryptex \" style=\"\"><span class=\"CryptexImg ctxdIH7vAISHllOo3LSkwgBK7A7aNaBuQbCvn3UQsi-xy0\"><\/span><\/span><\/span><\/p>\n<p><strong>Contacto UPM<\/strong><\/p>\n<p>Programas de Innovaci&oacute;n y Emprendimiento<\/p>\n<p>Centro de Apoyo a la Innovaci&oacute;n Tecnol&oacute;gica &ndash; UPM&nbsp;<\/p>\n<p>e: <span rel=\"72312730a7311c31bf312831c7312c3197312d31af311a3175311b319c311731b23132319e311b31c1313831b4312c3195312331af31143188312731ac31\" class=\"cryptex \" style=\"\"><span class=\"CryptexImg ctxR7neImVV1tJoTSyttUGBAuiESKXKLLyzTwJSN1lk9Z0\"><\/span><\/span><\/p>\n<div class=\"pdfprnt-buttons pdfprnt-buttons-product pdfprnt-bottom-left\"><a href=\"https:\/\/www.upm.es\/recursosidi\/wp-json\/wp\/v2\/product\/11486?print=pdf\" class=\"pdfprnt-button pdfprnt-button-pdf\" target=\"_blank\"><span class=\"pdfprnt-button-title pdfprnt-button-pdf-title\">Descargar ficha<\/span><\/a><\/div>","protected":false},"excerpt":{"rendered":"<p>Monitorizaci\u00f3n del tr\u00e1fico para generar conocimiento.<\/p>\n<p>LIDA genera informaci\u00f3n de tr\u00e1fico para gestoras de movilidad, ayuntamientos y concesionarias de autov\u00edas detectando el dispositivo Bluetooth del veh\u00edculo.<\/p>\n","protected":false},"featured_media":11485,"template":"","meta":{"_acf_changed":false},"product_cat":[2384],"product_tag":[2490,2444],"comunidades-upm":[],"quien":[],"mapa":[{"term_id":133,"name":"Clima, Energ\u00eda y Movilidad","slug":"clima-energia-movilidad","term_group":0,"term_taxonomy_id":133,"taxonomy":"mapa","description":"","parent":0,"count":129,"filter":"raw","term_order":"9"},{"term_id":126,"name":"Tecnolog\u00edas digitales, Inteligencia Artificial, ciberseguridad, 5G, rob\u00f3tica","slug":"tecnologias_digitales-ai-ciberseguridad-5g-robotica","term_group":0,"term_taxonomy_id":126,"taxonomy":"mapa","description":"","parent":0,"count":194,"filter":"raw","term_order":"23"}],"disponibilidad":[{"term_id":205,"name":"Consultar disponibilidad","slug":"consultar","term_group":0,"term_taxonomy_id":205,"taxonomy":"disponibilidad","description":"","parent":0,"count":290,"filter":"raw","term_order":"0"}],"donde":[{"term_id":1878,"name":"Biometry, Biosignals, Safety and Smart Mobility Group","slug":"en_biometry-biosignals-safety-and-smart-mobility-group","term_group":0,"term_taxonomy_id":1878,"taxonomy":"donde","description":"","parent":0,"count":12,"filter":"raw","term_order":"0"},{"term_id":250,"name":"Centro de Digitalizaci\u00f3n Intermodular (CeDInt)","slug":"centro-de-digitalizacion-intermodular-cedint","term_group":0,"term_taxonomy_id":250,"taxonomy":"donde","description":"","parent":0,"count":21,"filter":"raw","term_order":"0"},{"term_id":658,"name":"Grupo de Biometr\u00eda, Biose\u00f1ales, Seguridad y Smart Mobility","slug":"grupo-de-biometria-biosenales-seguridad-y-smart-mobility","term_group":0,"term_taxonomy_id":658,"taxonomy":"donde","description":"","parent":0,"count":17,"filter":"raw","term_order":"0"},{"term_id":1474,"name":"Home Automation Centre, CEDINT","slug":"en_home-automation-centre-cedint","term_group":0,"term_taxonomy_id":1474,"taxonomy":"donde","description":"","parent":0,"count":14,"filter":"raw","term_order":"0"}],"infraestructura":[],"ods":[{"term_id":2239,"name":"Ciudades y Comunidades Sostenibles","slug":"ciudades-y-comunidades-sostenibles","term_group":0,"term_taxonomy_id":2239,"taxonomy":"ods","description":"","parent":0,"count":43,"filter":"raw","term_order":"0"},{"term_id":2247,"name":"Industria, Innovaci\u00f3n e Infraestructura","slug":"industria-innovacion-e-infraestructura","term_group":0,"term_taxonomy_id":2247,"taxonomy":"ods","description":"","parent":0,"count":171,"filter":"raw","term_order":"0"}],"origen":[{"term_id":192,"name":"Soluciones tecnol\u00f3gicas","slug":"soluciones-tecnologicas","term_group":0,"term_taxonomy_id":192,"taxonomy":"origen","description":"","parent":0,"count":278,"filter":"raw","term_order":"0"}],"familia_tax":false,"quien_tax":false,"donde_tax":false,"year":"2020-01-01","contacto":"\"CeDInt-UPM, Campus de Montegancedo, 28223 Pozuelo de Alarc\u00f3n (Madrid) \"","telefono":"910679600","pagina_web":"https:\/\/www.cedint.upm.es\/","email":"abrodriguez@etsit.upm.es","id_ficha_portal":"67","video":"","adjuntos":false,"adjuntos_portal":"","inf":false,"departamento":"","acf":[],"lang":"es","translation":{"es":11486,"en":11488},"_links":{"self":[{"href":"https:\/\/www.upm.es\/recursosidi\/wp-json\/wp\/v2\/product\/11486"}],"collection":[{"href":"https:\/\/www.upm.es\/recursosidi\/wp-json\/wp\/v2\/product"}],"about":[{"href":"https:\/\/www.upm.es\/recursosidi\/wp-json\/wp\/v2\/types\/product"}],"wp:featuredmedia":[{"embeddable":true,"href":"https:\/\/www.upm.es\/recursosidi\/wp-json\/wp\/v2\/media\/11485"}],"wp:attachment":[{"href":"https:\/\/www.upm.es\/recursosidi\/wp-json\/wp\/v2\/media?parent=11486"}],"wp:term":[{"taxonomy":"product_cat","embeddable":true,"href":"https:\/\/www.upm.es\/recursosidi\/wp-json\/wp\/v2\/product_cat?post=11486"},{"taxonomy":"product_tag","embeddable":true,"href":"https:\/\/www.upm.es\/recursosidi\/wp-json\/wp\/v2\/product_tag?post=11486"},{"taxonomy":"comunidad_upm","embeddable":true,"href":"https:\/\/www.upm.es\/recursosidi\/wp-json\/wp\/v2\/comunidades-upm?post=11486"},{"taxonomy":"quien","embeddable":true,"href":"https:\/\/www.upm.es\/recursosidi\/wp-json\/wp\/v2\/quien?post=11486"},{"taxonomy":"mapa","embeddable":true,"href":"https:\/\/www.upm.es\/recursosidi\/wp-json\/wp\/v2\/mapa?post=11486"},{"taxonomy":"disponibilidad","embeddable":true,"href":"https:\/\/www.upm.es\/recursosidi\/wp-json\/wp\/v2\/disponibilidad?post=11486"},{"taxonomy":"donde","embeddable":true,"href":"https:\/\/www.upm.es\/recursosidi\/wp-json\/wp\/v2\/donde?post=11486"},{"taxonomy":"infraestructura","embeddable":true,"href":"https:\/\/www.upm.es\/recursosidi\/wp-json\/wp\/v2\/infraestructura?post=11486"},{"taxonomy":"ods","embeddable":true,"href":"https:\/\/www.upm.es\/recursosidi\/wp-json\/wp\/v2\/ods?post=11486"},{"taxonomy":"origen","embeddable":true,"href":"https:\/\/www.upm.es\/recursosidi\/wp-json\/wp\/v2\/origen?post=11486"}],"curies":[{"name":"wp","href":"https:\/\/api.w.org\/{rel}","templated":true}]}}