{"id":11491,"date":"2022-10-31T13:28:07","date_gmt":"2022-10-31T12:28:07","guid":{"rendered":"https:\/\/www.upm.es\/recursosidi\/offers-resources\/sin categor\u00eda\/lightstick\/"},"modified":"2022-10-31T13:28:16","modified_gmt":"2022-10-31T12:28:16","slug":"lightstick","status":"publish","type":"product","link":"https:\/\/www.upm.es\/recursosidi\/offers-resources\/soluciones-tecnologicas\/lightstick\/","title":{"rendered":"LIGHTSTICK"},"content":{"rendered":"<h4 style=\"text-align: left\"><strong>Descripci&oacute;n breve conjunta de la soluci&oacute;n y valor a&ntilde;adido que aporta <\/strong><\/h4>\n<p style=\"text-align: justify\">LightStick son gu&iacute;as &oacute;pticas adhesivas, flexibles y de bajo coste para realizar interconexiones de corta distancia de forma r&aacute;pida y manual, sin necesidad de usar complejos instrumentos opto-mec&aacute;nicos de alineamiento y ensamblado. Las conexiones &oacute;pticas propuestas se pueden presentar en forma de tiras o pegatinas de distintas longitudes y con elementos de acoplo difractivos de distintas caracter&iacute;sticas, de modo que el usuario pueda seleccionar, o incluso crear a medida, la que m&aacute;s se ajuste a sus necesidades.&nbsp;<\/p>\n<p style=\"text-align: justify\">Las aplicaciones comerciales abarcan todas aquellas propias de las fibras &oacute;pticas pl&aacute;sticas (POFs), tales como: sensores qu&iacute;micos y f&iacute;sicos e interconexiones de corta distancia y baja velocidad en aparatos electr&oacute;nicos y electromec&aacute;nicos. LightStick podr&iacute;a emplearse para el control de calidad de alimentos l&iacute;quidos&nbsp;y la monitorizaci&oacute;n medioambiental.<\/p>\n<h4 style=\"text-align: left\"><strong>Descripci&oacute;n de la base tecnol&oacute;gica<\/strong><\/h4>\n<p style=\"text-align: justify\">LightStick es un nuevo tipo de conexi&oacute;n &oacute;ptica basada en una cinta adhesiva pl&aacute;stica (celo) que contiene elementos difractivos flexibles para acoplar y desacoplar luz a la misma.<\/p>\n<p style=\"text-align: justify\">Las caracter&iacute;sticas distintivas de LightStick son: 1) el uso de celo convencional como gu&iacute;a flexible y adhesiva de luz, y 2) la integraci&oacute;n en la gu&iacute;a-celo de elementos flexibles de acoplo\/desacoplo de luz. Esto &uacute;ltimo supone un avance con respecto al m&eacute;todo habitual de inyecci&oacute;n de luz en fibras &oacute;pticas pl&aacute;sticas (POFs) &#8211; basado en acoplamiento directo (butt coupling)- ya que los elementos difractivos de LightStick permiten el acoplo\/desacoplo perpendicular con una alta tolerancia al alineamiento con el dispositivo emisor (diodo l&aacute;ser, LED). As&iacute; se evita tener que cortar y pulir la gu&iacute;a para inyectar luz y facilita el ensamblado gu&iacute;a-emisor.<\/p>\n<p style=\"text-align: center\"><span style=\"font-size: small\">&nbsp;<\/span><span style=\"font-size: small\">&nbsp;<\/span><em style=\"font-size: 10px\"><span style=\"font-size: small\">&#8220;LightStick permite un f&aacute;cil acoplo entre la gu&iacute;a pl&aacute;stica flexible y un dispositivo emisor de luz, sin necesidad de herramientas sofisticadas ni conocimientos especializados&rdquo;<\/span><\/em><\/p>\n<h4 style=\"text-align: left\">&nbsp;<\/h4>\n<h4 style=\"text-align: left\"><strong>Necesidades de negocio \/ aplicaci&oacute;n<\/strong><\/h4>\n<ul>\n<li>\n<p style=\"text-align: justify\">En aplicaciones que hacen uso de fibras &oacute;pticas pl&aacute;sticas (POFs), la inyecci&oacute;n de luz a la fibra se realiza mediante la t&eacute;cnica de butt-coupling, la cual requiere cortar y pulir la fibra con herramientas especializadas y alinear adecuadamente el dispositivo emisor de luz con el extremo de la fibra, tambi&eacute;n con instrumentaci&oacute;n espec&iacute;fica. Esto puede ser un inconveniente cuando se desea realizar un montaje o una reparaci&oacute;n en poco tiempo y\/o por personal no entrenado.<\/p>\n<\/li>\n<li style=\"text-align: justify\">\n<p>Las POFs comerciales presentan una geometr&iacute;a cil&iacute;ndrica, lo cual dificulta el acoplo por contacto directo de sus extremos, tanto a dispositivos emisores\/detectores planares, tales como LEDs y diodos l&aacute;ser, como a otras fibras.<\/p>\n<\/li>\n<li>\n<p style=\"text-align: justify\">La geometr&iacute;a y dimensiones de las POFs comerciales son par&aacute;metros predeterminados, por tanto al usuario le resulta dif&iacute;cil modificarlas o crear gu&iacute;as con dimensiones adecuadas a su aplicaci&oacute;n.<\/p>\n<\/li>\n<\/ul>\n<h4 style=\"text-align: left\"><strong>Ventajas competitivas<\/strong><\/h4>\n<ul>\n<li>\n<p style=\"text-align: justify\">F&aacute;cil acoplo entre la gu&iacute;a pl&aacute;stica flexible y el dispositivo emisor, sin necesidad de cortar ni pulir la gu&iacute;a, ni utilizar complejos instrumentos de alineamiento &oacute;ptico.<\/p>\n<\/li>\n<li style=\"text-align: justify\">\n<p>Su geometr&iacute;a plana facilita su adhesi&oacute;n a las superficies planas de numerosos dispositivos optoelectr&oacute;nicos emisores y detectores de luz, tales como LEDs y fotodiodos.<\/p>\n<\/li>\n<li style=\"text-align: justify\">\n<p>El usuario puede determinar la anchura de la gu&iacute;a y su espesor es peque&ntilde;o (0.1 mm): ideal para sensores qu&iacute;micos.<\/p>\n<\/li>\n<li style=\"text-align: justify\">\n<p>El propio usuario puede dise&ntilde;ar y crear su propia gu&iacute;a f&aacute;cilmente utilizando herramientas corrientes (tijeras, escalpelo), adapt&aacute;ndola as&iacute; a sus necesidades.<\/p>\n<\/li>\n<li style=\"text-align: justify\">\n<p>Filtrado espectral. LightStick puede separar la luz en colores ( no es posible con otros sistemas de acoplo &oacute;ptico).<\/p>\n<\/li>\n<li>\n<p style=\"text-align: justify\">Ejemplos de aplicaciones demostradas hasta la fecha: determinaci&oacute;n del &iacute;ndice de refracci&oacute;n de l&iacute;quidos, detecci&oacute;n de nivel de l&iacute;quidos&nbsp;<\/p>\n<\/li>\n<\/ul>\n<p style=\"text-align: center\"><span style=\"font-size: small\"><em>&ldquo;Actualmente se est&aacute; investigado la posibilidad de usar LightStick como sensor qu&iacute;mico para detectar biomol&eacute;culas. Esta posibilidad abrir&iacute;a nuevas l&iacute;neas de negocio en sectores tales como m&eacute;dico (detecci&oacute;n de ant&iacute;genos, anticuerpos), medioambiental (detecci&oacute;n de antib&iacute;&oacute;ticos, toxinas en aguas), agroalimentario (detecci&oacute;n de macronutrientes y bacterias)&rdquo;<\/em><\/span><\/p>\n<h4 style=\"text-align: left\">&nbsp;<\/h4>\n<h4 style=\"text-align: left\"><strong>Referencias<\/strong><\/h4>\n<ul>\n<li>\n<p style=\"text-align: justify\">LightStick ha sido desarrollado en el Instituto de Sistemas Optoelectr&oacute;nicos y Microtecnolog&iacute;a (ISOM-UPM).<\/p>\n<\/li>\n<li>\n<p style=\"text-align: justify\">Proyecto beneficiario en la Convocatoria 2015 de Ayudas Fundaci&oacute;n BBVA a Investigadores y Creadores Culturales.<\/p>\n<\/li>\n<\/ul>\n<h4 style=\"text-align: left\"><strong>Grado de desarrollo<\/strong><\/h4>\n<ul>\n<li>\n<p>Concepto<\/p>\n<\/li>\n<li>\n<p>Investigaci&oacute;n<\/p>\n<\/li>\n<li>\n<p><span style=\"text-decoration: underline\"><strong>Prototipo Lab<\/strong><\/span><\/p>\n<\/li>\n<li>\n<p>Prototipo industrial<\/p>\n<\/li>\n<li>\n<p>Producci&oacute;n<\/p>\n<\/li>\n<\/ul>\n<h4 style=\"text-align: left\"><strong>Contacto<\/strong><\/h4>\n<p><strong>Contacto LightStick<\/strong><\/p>\n<p>Carlos Angulo Barrios<\/p>\n<p>e: <span rel=\"8a312830b6313131c3312f319f312c3172310a31b9313431b2313331c3311f309f311e31aa311831ad312e31b8310931b4311731c03117309c311d31\" class=\"cryptex \" style=\"\"><span class=\"CryptexImg ctxM_uxWoaL9fBwwzf_W5GWNf_QsZo4prOGHCiVaw9sB1c\"><\/span><\/span><\/p>\n<p><strong>Contacto UPM<\/strong><\/p>\n<p>Programas de Innovaci&oacute;n y Emprendimiento<\/p>\n<p>Centro de Apoyo a la Innovaci&oacute;n Tecnol&oacute;gica &ndash; UPM&nbsp;<\/p>\n<p>e: <span rel=\"8a312830bc313e31bf313231a6311a31a7311231ba313b316b313b31b9311631ab312c31a4311531ab312831a8312a317f311c31c331283165310f31b931\" class=\"cryptex \" style=\"\"><span class=\"CryptexImg ctxR7neImVV1tJoTSyttUGBAuiESKXKLLyzTwJSN1lk9Z0\"><\/span><\/span><\/p>\n<div class=\"pdfprnt-buttons pdfprnt-buttons-product pdfprnt-bottom-left\"><a href=\"https:\/\/www.upm.es\/recursosidi\/wp-json\/wp\/v2\/product\/11491?print=pdf\" class=\"pdfprnt-button pdfprnt-button-pdf\" target=\"_blank\"><span class=\"pdfprnt-button-title pdfprnt-button-pdf-title\">Descargar ficha<\/span><\/a><\/div>","protected":false},"excerpt":{"rendered":"<p>Conexiones \u00f3pticas adhesivas y flexibles.<\/p>\n<p>Nuevo tipo de conexi\u00f3n \u00f3ptica flexible, de f\u00e1cil y r\u00e1pido acoplo a dispositivos emisores de luz.<\/p>\n","protected":false},"featured_media":11489,"template":"","meta":{"_acf_changed":false},"product_cat":[2384],"product_tag":[2428,2429],"comunidades-upm":[],"quien":[],"mapa":[{"term_id":135,"name":"Industria, materiales y econom\u00eda circular","slug":"industria-materiales-economia_circular","term_group":0,"term_taxonomy_id":135,"taxonomy":"mapa","description":"","parent":0,"count":165,"filter":"raw","term_order":"13"},{"term_id":126,"name":"Tecnolog\u00edas digitales, Inteligencia Artificial, ciberseguridad, 5G, rob\u00f3tica","slug":"tecnologias_digitales-ai-ciberseguridad-5g-robotica","term_group":0,"term_taxonomy_id":126,"taxonomy":"mapa","description":"","parent":0,"count":194,"filter":"raw","term_order":"23"}],"disponibilidad":[{"term_id":204,"name":"Disponible","slug":"disponible","term_group":0,"term_taxonomy_id":204,"taxonomy":"disponibilidad","description":"","parent":0,"count":110,"filter":"raw","term_order":"0"}],"donde":[{"term_id":442,"name":"Grupo de Dispositivos Semiconductores del ISOM","slug":"grupo-de-dispositivos-semiconductores-del-isom","term_group":0,"term_taxonomy_id":442,"taxonomy":"donde","description":"L&iacute;neas de investigaci&oacute;n e innovaci&oacute;n:  \n\n<strong>OPTOELECTR&Oacute;NICA: <\/strong>L&aacute;seres. Matrices de nanoLEDs. Micro y nanocavidades. C&eacute;lulas solares. MOEMS.\n\n\n<strong>SISTEMAS CON SENSORES &Oacute;PTICOS: <\/strong>Fotodetecci&oacute;n de UV y VIS. Fotodetecci&oacute;n multiespectral en el IR. Sensores basados en heterouniones. Nanofot&oacute;nica integrada.\n\n\n<strong>MICROSISTEMAS Y NANOTECNOLOG&Iacute;A: <\/strong>Transistores HEMT. NanoFETs. Dispositivos de ondas ac&uacute;sticas. Micro\/nanosistemas electr&oacute;mec&aacute;nicos (MEMS y NEMS). Efectos plasm&oacute;nicos. Dispositivos &nbsp;de grafeno.\n\n\n<strong>SIMULACI&Oacute;N DE MATERIALES NO MET&Aacute;LICOS: <\/strong>Simulaci&oacute;n de materiales. Monte Carlo. Materiales nanoestructurados\n\n&nbsp;","parent":0,"count":28,"filter":"raw","term_order":"0"},{"term_id":244,"name":"Instituto Universitario de Sistemas Optoelectr\u00f3nicos y Microtecnolog\u00eda (ISOM)","slug":"instituto-universitario-de-sistemas-optoelectronicos-y-microtecnologia-isom","term_group":0,"term_taxonomy_id":244,"taxonomy":"donde","description":"","parent":0,"count":33,"filter":"raw","term_order":"0"},{"term_id":1666,"name":"ISOM Semiconductor Devices Group","slug":"en_isom-semiconductor-devices-group","term_group":0,"term_taxonomy_id":1666,"taxonomy":"donde","description":"L&iacute;neas de investigaci&oacute;n e innovaci&oacute;n:  \n\n<strong>OPTOELECTR&Oacute;NICA: <\/strong>L&aacute;seres. Matrices de nanoLEDs. Micro y nanocavidades. C&eacute;lulas solares. MOEMS.\n\n\n<strong>SISTEMAS CON SENSORES &Oacute;PTICOS: <\/strong>Fotodetecci&oacute;n de UV y VIS. Fotodetecci&oacute;n multiespectral en el IR. Sensores basados en heterouniones. Nanofot&oacute;nica integrada.\n\n\n<strong>MICROSISTEMAS Y NANOTECNOLOG&Iacute;A: <\/strong>Transistores HEMT. NanoFETs. Dispositivos de ondas ac&uacute;sticas. Micro\/nanosistemas electr&oacute;mec&aacute;nicos (MEMS y NEMS). Efectos plasm&oacute;nicos. Dispositivos &nbsp;de grafeno.\n\n\n<strong>SIMULACI&Oacute;N DE MATERIALES NO MET&Aacute;LICOS: <\/strong>Simulaci&oacute;n de materiales. Monte Carlo. Materiales nanoestructurados\n\n&nbsp;","parent":0,"count":28,"filter":"raw","term_order":"0"},{"term_id":1468,"name":"University Optoelectronics and Microtechnology Systems Institute","slug":"en_university-optoelectronics-and-microtechnology-systems-institute","term_group":0,"term_taxonomy_id":1468,"taxonomy":"donde","description":"","parent":0,"count":29,"filter":"raw","term_order":"0"}],"infraestructura":[],"ods":[{"term_id":2247,"name":"Industria, Innovaci\u00f3n e Infraestructura","slug":"industria-innovacion-e-infraestructura","term_group":0,"term_taxonomy_id":2247,"taxonomy":"ods","description":"","parent":0,"count":171,"filter":"raw","term_order":"0"}],"origen":[{"term_id":192,"name":"Soluciones tecnol\u00f3gicas","slug":"soluciones-tecnologicas","term_group":0,"term_taxonomy_id":192,"taxonomy":"origen","description":"","parent":0,"count":278,"filter":"raw","term_order":"0"}],"familia_tax":false,"quien_tax":false,"donde_tax":false,"year":"2020-01-01","contacto":"ISOM, ETSI de Telecomunicac\u00f3n - UPM, Avenida  Complutense, 30, Ciudad Universitaria, 28040, Madrid","telefono":"910672573","pagina_web":"http:\/\/www.isom.upm.es\/","email":"carlos.angulo.barrios@upm.es","id_ficha_portal":"18","video":"https:\/\/youtu.be\/yUVl81MySvk","adjuntos":false,"adjuntos_portal":"","inf":false,"departamento":"","acf":[],"lang":"es","translation":{"es":11491,"en":11494},"_links":{"self":[{"href":"https:\/\/www.upm.es\/recursosidi\/wp-json\/wp\/v2\/product\/11491"}],"collection":[{"href":"https:\/\/www.upm.es\/recursosidi\/wp-json\/wp\/v2\/product"}],"about":[{"href":"https:\/\/www.upm.es\/recursosidi\/wp-json\/wp\/v2\/types\/product"}],"wp:featuredmedia":[{"embeddable":true,"href":"https:\/\/www.upm.es\/recursosidi\/wp-json\/wp\/v2\/media\/11489"}],"wp:attachment":[{"href":"https:\/\/www.upm.es\/recursosidi\/wp-json\/wp\/v2\/media?parent=11491"}],"wp:term":[{"taxonomy":"product_cat","embeddable":true,"href":"https:\/\/www.upm.es\/recursosidi\/wp-json\/wp\/v2\/product_cat?post=11491"},{"taxonomy":"product_tag","embeddable":true,"href":"https:\/\/www.upm.es\/recursosidi\/wp-json\/wp\/v2\/product_tag?post=11491"},{"taxonomy":"comunidad_upm","embeddable":true,"href":"https:\/\/www.upm.es\/recursosidi\/wp-json\/wp\/v2\/comunidades-upm?post=11491"},{"taxonomy":"quien","embeddable":true,"href":"https:\/\/www.upm.es\/recursosidi\/wp-json\/wp\/v2\/quien?post=11491"},{"taxonomy":"mapa","embeddable":true,"href":"https:\/\/www.upm.es\/recursosidi\/wp-json\/wp\/v2\/mapa?post=11491"},{"taxonomy":"disponibilidad","embeddable":true,"href":"https:\/\/www.upm.es\/recursosidi\/wp-json\/wp\/v2\/disponibilidad?post=11491"},{"taxonomy":"donde","embeddable":true,"href":"https:\/\/www.upm.es\/recursosidi\/wp-json\/wp\/v2\/donde?post=11491"},{"taxonomy":"infraestructura","embeddable":true,"href":"https:\/\/www.upm.es\/recursosidi\/wp-json\/wp\/v2\/infraestructura?post=11491"},{"taxonomy":"ods","embeddable":true,"href":"https:\/\/www.upm.es\/recursosidi\/wp-json\/wp\/v2\/ods?post=11491"},{"taxonomy":"origen","embeddable":true,"href":"https:\/\/www.upm.es\/recursosidi\/wp-json\/wp\/v2\/origen?post=11491"}],"curies":[{"name":"wp","href":"https:\/\/api.w.org\/{rel}","templated":true}]}}