{"id":11502,"date":"2022-10-31T13:46:06","date_gmt":"2022-10-31T12:46:06","guid":{"rendered":"https:\/\/www.upm.es\/recursosidi\/offers-resources\/sin categor\u00eda\/lst-box\/"},"modified":"2022-10-31T13:46:18","modified_gmt":"2022-10-31T12:46:18","slug":"lst-box","status":"publish","type":"product","link":"https:\/\/www.upm.es\/recursosidi\/offers-resources\/soluciones-tecnologicas\/lst-box\/","title":{"rendered":"LST-BOX"},"content":{"rendered":"<h4 style=\"text-align: left\"><strong>Descripci&oacute;n breve conjunta de la soluci&oacute;n y valor a&ntilde;adido que aporta <\/strong><\/h4>\n<p style=\"text-align: justify\">Facilitar el d&iacute;a a d&iacute;a de las personas mayores a trav&eacute;s del auto cuidado de la salud y la dieta, el control de los dispositivos&nbsp; del hogar y la comunicaci&oacute;n frecuente con familiares, cuidadores&nbsp; y amigos por medio de las redes sociales son las principales funciones del LST Box. Esta &ldquo;caja de servicios&rdquo;, desarrollada por el grupo Life Supporting Technologies, es una herramienta TIC que interconecta diversos sensores y actuadores para ofrecer sus funcionalidades, y puede accederse a ella a trav&eacute;s de la televisi&oacute;n, el tel&eacute;fono m&oacute;vil o el ordenador tanto desde dentro como fuera del hogar. Todo ello de forma personalizada para el usuario seg&uacute;n sus necesidades y preferencias.<\/p>\n<h4 style=\"text-align: left\"><strong>Descripci&oacute;n de la base tecnol&oacute;gica<\/strong><\/h4>\n<p style=\"text-align: justify\"><span style=\"font-size: small\">La soluci&oacute;n LST-Box ofrece un sistema compuesto por un soporte hardware con conexi&oacute;n a Internet y <\/span>Bluetooth en el que se integran 3 servicios especialmente dise&ntilde;ados para facilitar el d&iacute;a a d&iacute;a de las personas mayores: control dom&oacute;tico KNX (incluye alertas de seguridad), gesti&oacute;n de redes sociales (Facebook y Twitter) y auto cuidado de la salud, para llevar un control diario de la tensi&oacute;n, el peso, la medicaci&oacute;n y la dieta mediante la conexi&oacute;n Bluetooth a un manguito de presi&oacute;n arterial y una b&aacute;scula. Estos datos se pueden compartir con el m&eacute;dico de atenci&oacute;n primaria v&iacute;a mail. Podemos tener acceso a LST Box a trav&eacute;s de la televisi&oacute;n, el ordenador o el m&oacute;vil tanto dentro como fuera del hogar. Los servicios se ofrecen de forma personalizada, adapt&aacute;ndose a las necesidades y preferencias del usuario, en cuanto a su presentaci&oacute;n y la forma en que se interact&uacute;a con ellos.&nbsp;<\/p>\n<h4 style=\"text-align: left\"><strong>Necesidades de negocio \/ aplicaci&oacute;n<\/strong><\/h4>\n<div>\n<ul>\n<li>\n<p style=\"text-align: justify\">Necesidad de mejorar la aproximaci&oacute;n de la tecnolog&iacute;a a personas mayores [Seniorwatch, 2008]. Las soluciones TIC pueden prolongar la vida independiente de las personas mayores y extender el tiempo que permanecen activas y seguras en su entorno cotidiano.<\/p>\n<\/li>\n<li style=\"text-align: justify\">\n<p>El proceso de envejecimiento de la poblaci&oacute;n est&aacute; dando lugar a un n&uacute;mero creciente de personas de edad avanzada (de 65 a&ntilde;os o m&aacute;s) con diversos problemas de salud como hipertensi&oacute;n, obesidad, demencia, etc. Es necesario que los sistemas de salud y bienestar se adapten para ser m&aacute;s amigables para los mayores, a trav&eacute;s de la promoci&oacute;n activa de la salud y del auto cuidado.<\/p>\n<\/li>\n<li style=\"text-align: justify\">\n<p>Los temores principales a hacerse mayor son: vivir con limitaciones f&iacute;sicas (a escala mundial, m&aacute;s del 46% de las personas mayores de 60 a&ntilde;os presentan alguna discapacidad), depender de otras personas (la dependencia aumenta con la edad) y sentirse en soledad [INE].<\/p>\n<\/li>\n<li style=\"text-align: justify\">\n<p>La soledad es un problema com&uacute;n entre las personas mayores, y el hecho de vivir solo no es siempre es un indicador del sentimiento de soledad. Para los mayores, el apoyo social es muy importante, sobre todo cuando algo malo ocurre.&nbsp;<\/p>\n<\/li>\n<\/ul>\n<p style=\"text-align: center\"><em>&ldquo;Los principales temores a hacerse mayor son: vivir con limitaciones f&iacute;sicas, depender de otras personas y sentirse en soledad&rdquo;<\/em><\/p>\n<p style=\"text-align: center\">&nbsp;<\/p>\n<\/div>\n<h4 style=\"text-align: left\"><strong>Ventajas competitivas<\/strong><\/h4>\n<div>\n<ul>\n<li>\n<p style=\"text-align: justify\">Multiplataforma: acceso a servicios a trav&eacute;s de diferentes dispositivos (TV, m&oacute;vil, Tablet), frente a dispositivos dedicados.<\/p>\n<\/li>\n<li style=\"text-align: justify\">\n<p>Modularidad: posibilidad de a&ntilde;adir m&aacute;s servicios y sensores frente a sistemas cerrados no modulares.<\/p>\n<\/li>\n<li style=\"text-align: justify\">\n<p>Soluci&oacute;n configurable y personalizable a las caracter&iacute;sticas y preferencias del usuario, dando lugar a una alta usabilidad. Especialmente enfocado a personas mayores (contenidos, interfaz de usuario).<\/p>\n<\/li>\n<li style=\"text-align: justify\">\n<p>Reducci&oacute;n de gastos en servicios socio-sanitarios generados por las personas mayores al facilitar el auto-cuidado y la auto-gesti&oacute;n de la salud (mejora de la accesibilidad al hogar y retraso en la necesidad de acudir a una residencia supra-asistida): el 80% de los recursos sanitarios p&uacute;blicos se destinan a las enfermedades cr&oacute;nicas y se establece un ahorro del 15%-30% en la gesti&oacute;n de estas enfermedades, a trav&eacute;s de soluciones TIC [CENTAC].<\/p>\n<\/li>\n<li>\n<p style=\"text-align: justify\">Utilizaci&oacute;n de la soluci&oacute;n en fase piloto por 7.000 usuarios en diferentes localidades europeas.<\/p>\n<\/li>\n<\/ul>\n<\/div>\n<h4 style=\"text-align: left\"><strong>Referencias&nbsp;<\/strong><\/h4>\n<ul>\n<li>\n<p style=\"text-align: justify\">Equipo investigador multidisciplinar (Life Supporting Technologies), con m&aacute;s de 10 a&ntilde;os de experiencia en soluciones para la salud y el bienestar y partner en proyectos europeos punteros en el &aacute;rea.<\/p>\n<\/li>\n<li>\n<p style=\"text-align: justify\">Integrado en las infraestructuras del Smart House Living Lab, miembro de la red europea de Living Labs ENoLL.<\/p>\n<\/li>\n<\/ul>\n<h4 style=\"text-align: left\"><strong>Grado de desarrollo<\/strong><\/h4>\n<ul>\n<li>\n<p>Concepto<\/p>\n<\/li>\n<li>\n<p>Investigaci&oacute;n<\/p>\n<\/li>\n<li>\n<p><span style=\"text-decoration: underline\"><strong>Prototipo-Lab<\/strong><\/span><\/p>\n<\/li>\n<li>\n<p>Prototipo industrial<\/p>\n<\/li>\n<li>\n<p>Producci&oacute;n<\/p>\n<\/li>\n<\/ul>\n<h4><strong>Contacto<\/strong><\/h4>\n<p style=\"text-align: justify\"><strong>Contacto LST-Box<\/strong><\/p>\n<p style=\"text-align: justify\">Juan Bta. Montalv&aacute;, Viveca Jim&eacute;nez, Mar&iacute;a Teresa Arredondo, Mar&iacute;a Fernanda Cabrera&nbsp;<\/p>\n<p style=\"text-align: justify\">Life Supporting Technologies &#8211; UPM &nbsp; &nbsp; &nbsp; &nbsp; &nbsp;&nbsp;<\/p>\n<p style=\"text-align: justify\">e: {jmontalva, vjimenez, mta, chiqui}@lst.tfo.upm.es<\/p>\n<p style=\"text-align: justify\"><strong>Contacto UPM<\/strong><\/p>\n<p style=\"text-align: justify\">Programas de Innovaci&oacute;n y Emprendimiento<\/p>\n<p style=\"text-align: justify\">Centro de Apoyo a la Innovaci&oacute;n Tecnol&oacute;gica &ndash; UPM<\/p>\n<p style=\"text-align: justify\">e: <span rel=\"79313530b1312e31bc312431ba311731ae313331ab312b3170313731a7312c31ae313631a1313731b23119319d310d317c312631ad313b3170311831bf31\" class=\"cryptex \" style=\"\"><span class=\"CryptexImg ctxR7neImVV1tJoTSyttUGBAuiESKXKLLyzTwJSN1lk9Z0\"><\/span><\/span><\/p>\n<div class=\"pdfprnt-buttons pdfprnt-buttons-product pdfprnt-bottom-left\"><a href=\"https:\/\/www.upm.es\/recursosidi\/wp-json\/wp\/v2\/product\/11502?print=pdf\" class=\"pdfprnt-button pdfprnt-button-pdf\" target=\"_blank\"><span class=\"pdfprnt-button-title pdfprnt-button-pdf-title\">Descargar ficha<\/span><\/a><\/div>","protected":false},"excerpt":{"rendered":"<p>Una caja llena de servicios para vivir mejor.<\/p>\n<p>LST-Box ayuda a las personas mayores a controlar su hogar dom\u00f3tico,\u00a0 controlar su salud\u00a0 y mantenerse en contacto con familiares, cuidadores y amigos, a trav\u00e9s de las redes sociales, de un modo personalizado e intuitivo.<\/p>\n","protected":false},"featured_media":11501,"template":"","meta":{"_acf_changed":false},"product_cat":[2384],"product_tag":[2536],"comunidades-upm":[],"quien":[],"mapa":[{"term_id":122,"name":"Salud y bienestar","slug":"salud-y-bienestar","term_group":0,"term_taxonomy_id":122,"taxonomy":"mapa","description":"","parent":0,"count":105,"filter":"raw","term_order":"17"}],"disponibilidad":[{"term_id":205,"name":"Consultar disponibilidad","slug":"consultar","term_group":0,"term_taxonomy_id":205,"taxonomy":"disponibilidad","description":"","parent":0,"count":290,"filter":"raw","term_order":"0"}],"donde":[{"term_id":1780,"name":"Center for Biomedical Technology","slug":"en_center-for-biomedical-technology","term_group":0,"term_taxonomy_id":1780,"taxonomy":"donde","description":"","parent":0,"count":56,"filter":"raw","term_order":"0"},{"term_id":556,"name":"Centro de Tecnolog\u00eda Biom\u00e9dica (CTB)","slug":"centro-de-tecnologia-biomedica-ctb","term_group":0,"term_taxonomy_id":556,"taxonomy":"donde","description":"","parent":0,"count":84,"filter":"raw","term_order":"0"},{"term_id":1700,"name":"Life Support Technologies","slug":"en_life-support-technologies","term_group":0,"term_taxonomy_id":1700,"taxonomy":"donde","description":"Somos uno de los principales grupos europeos de investigaci\u00f3n e innovaci\u00f3n en el sector de la eSalud y la eInclusion social y mantenemos colaboraciones estables con el sector privado y p\u00fablico en diversas \u00e1reas de I+D+i.\r\nTenemos una larga trayectoria en el dise\u00f1o, desarrollo y evaluaci\u00f3n de servicios y aplicaciones basados en las Tecnolog\u00edas de la Informaci\u00f3n y la Comunicaci\u00f3n para la creaci\u00f3n y promoci\u00f3n de nuevas ideas, m\u00e9todos y soluciones tecnol\u00f3gicas en todos los aspectos de la cadena de valor de las organizaciones.\r\n\r\nNuestros principales ejes de investigaci\u00f3n son:\r\n\r\nTIC en sanidad y servicios sociales (e-salud y e-inclusi\u00f3n)\r\nNeurofot\u00f3nica\r\nRedes y Sensores Fot\u00f3nicos","parent":0,"count":16,"filter":"raw","term_order":"0"},{"term_id":476,"name":"Tecnolog\u00edas de Apoyo a la Vida","slug":"tecnologias-de-apoyo-a-la-vida","term_group":0,"term_taxonomy_id":476,"taxonomy":"donde","description":"Somos uno de los principales grupos europeos de investigaci\u00f3n e innovaci\u00f3n en el sector de la eSalud y la eInclusion social y mantenemos colaboraciones estables con el sector privado y p\u00fablico en diversas \u00e1reas de I+D+i.\r\nTenemos una larga trayectoria en el dise\u00f1o, desarrollo y evaluaci\u00f3n de servicios y aplicaciones basados en las Tecnolog\u00edas de la Informaci\u00f3n y la Comunicaci\u00f3n para la creaci\u00f3n y promoci\u00f3n de nuevas ideas, m\u00e9todos y soluciones tecnol\u00f3gicas en todos los aspectos de la cadena de valor de las organizaciones.\r\n\r\nNuestros principales ejes de investigaci\u00f3n son:\r\n\r\nTIC en sanidad y servicios sociales (e-salud y e-inclusi\u00f3n)\r\nNeurofot\u00f3nica\r\nRedes y Sensores Fot\u00f3nicos","parent":0,"count":23,"filter":"raw","term_order":"0"}],"infraestructura":[],"ods":[{"term_id":2243,"name":"Reducci\u00f3n de las Desigualdades","slug":"reduccion-de-las-desigualdades","term_group":0,"term_taxonomy_id":2243,"taxonomy":"ods","description":"","parent":0,"count":17,"filter":"raw","term_order":"0"},{"term_id":2271,"name":"Salud y Bienestar","slug":"salud-y-bienestar","term_group":0,"term_taxonomy_id":2271,"taxonomy":"ods","description":"","parent":0,"count":59,"filter":"raw","term_order":"0"}],"origen":[{"term_id":192,"name":"Soluciones tecnol\u00f3gicas","slug":"soluciones-tecnologicas","term_group":0,"term_taxonomy_id":192,"taxonomy":"origen","description":"","parent":0,"count":278,"filter":"raw","term_order":"0"}],"familia_tax":false,"quien_tax":false,"donde_tax":false,"year":"2020-01-01","contacto":"ETSI de Telecomunicaci\u00f3n - UPM, Avenida  Complutense, 30, Ciudad Universitaria, 28040, Madrid","telefono":"910671900","pagina_web":"http:\/\/www.etsit.upm.es\/","email":"jmontalva@lst.tfo.upm.es","id_ficha_portal":"90","video":"","adjuntos":false,"adjuntos_portal":"","inf":false,"departamento":"","acf":[],"lang":"es","translation":{"es":11502,"en":11504},"_links":{"self":[{"href":"https:\/\/www.upm.es\/recursosidi\/wp-json\/wp\/v2\/product\/11502"}],"collection":[{"href":"https:\/\/www.upm.es\/recursosidi\/wp-json\/wp\/v2\/product"}],"about":[{"href":"https:\/\/www.upm.es\/recursosidi\/wp-json\/wp\/v2\/types\/product"}],"wp:featuredmedia":[{"embeddable":true,"href":"https:\/\/www.upm.es\/recursosidi\/wp-json\/wp\/v2\/media\/11501"}],"wp:attachment":[{"href":"https:\/\/www.upm.es\/recursosidi\/wp-json\/wp\/v2\/media?parent=11502"}],"wp:term":[{"taxonomy":"product_cat","embeddable":true,"href":"https:\/\/www.upm.es\/recursosidi\/wp-json\/wp\/v2\/product_cat?post=11502"},{"taxonomy":"product_tag","embeddable":true,"href":"https:\/\/www.upm.es\/recursosidi\/wp-json\/wp\/v2\/product_tag?post=11502"},{"taxonomy":"comunidad_upm","embeddable":true,"href":"https:\/\/www.upm.es\/recursosidi\/wp-json\/wp\/v2\/comunidades-upm?post=11502"},{"taxonomy":"quien","embeddable":true,"href":"https:\/\/www.upm.es\/recursosidi\/wp-json\/wp\/v2\/quien?post=11502"},{"taxonomy":"mapa","embeddable":true,"href":"https:\/\/www.upm.es\/recursosidi\/wp-json\/wp\/v2\/mapa?post=11502"},{"taxonomy":"disponibilidad","embeddable":true,"href":"https:\/\/www.upm.es\/recursosidi\/wp-json\/wp\/v2\/disponibilidad?post=11502"},{"taxonomy":"donde","embeddable":true,"href":"https:\/\/www.upm.es\/recursosidi\/wp-json\/wp\/v2\/donde?post=11502"},{"taxonomy":"infraestructura","embeddable":true,"href":"https:\/\/www.upm.es\/recursosidi\/wp-json\/wp\/v2\/infraestructura?post=11502"},{"taxonomy":"ods","embeddable":true,"href":"https:\/\/www.upm.es\/recursosidi\/wp-json\/wp\/v2\/ods?post=11502"},{"taxonomy":"origen","embeddable":true,"href":"https:\/\/www.upm.es\/recursosidi\/wp-json\/wp\/v2\/origen?post=11502"}],"curies":[{"name":"wp","href":"https:\/\/api.w.org\/{rel}","templated":true}]}}