{"id":11515,"date":"2022-10-31T14:09:49","date_gmt":"2022-10-31T13:09:49","guid":{"rendered":"https:\/\/www.upm.es\/recursosidi\/offers-resources\/sin categor\u00eda\/mindzilla\/"},"modified":"2022-10-31T14:10:05","modified_gmt":"2022-10-31T13:10:05","slug":"mindzilla","status":"publish","type":"product","link":"https:\/\/www.upm.es\/recursosidi\/offers-resources\/soluciones-tecnologicas\/mindzilla\/","title":{"rendered":"MINDZILLA"},"content":{"rendered":"<h4 style=\"text-align: left\"><strong>Descripci&oacute;n breve conjunta de la soluci&oacute;n y valor a&ntilde;adido que aporta <\/strong><\/h4>\n<p style=\"text-align: justify\">Seg&uacute;n la OMS el estr&eacute;s ser&aacute; la epidemia mundial del s. XXI, una patolog&iacute;a que va en aumento debido a nuestro estilo de vida 24\/7 siempre disponibles y a un mundo laboral cada vez m&aacute;s exigente que condiciona nuestra salud y calidad de vida. En Europa hay 40 millones de personas afectadas por el estr&eacute;s, lo que se traduce en un coste de 20.000 millones de &euro; anuales. Por ejemplo, el estr&eacute;s laboral afecta en Espa&ntilde;a a m&aacute;s del 40% de los trabajadores asalariados y una de cada cuatro bajas laborales est&aacute; relacionada con el estr&eacute;s. Mindzilla es un dispositivo de calidad m&eacute;dica que permite controlar estos niveles de estr&eacute;s de una manera sencilla y con objetividad cl&iacute;nica. Adem&aacute;s, hemos ideado nuestro singular dispositivo de electroencefalograf&iacute;a (EEG) inal&aacute;mbrico acompa&ntilde;ado de un Software que aprovecha todo su potencial tecnol&oacute;gico. As&iacute; ofrecemos un sistema completo basado en Neurofeedback &ndash;que condiciona en tiempo real la actividad neurol&oacute;gica seg&uacute;n se captura- que funciona a la vez como diagn&oacute;stico y como tratamiento, sin los problemas asociados a las soluciones convencionales, el cual permite a las empresas aumentar su productividad, reduciendo el estr&eacute;s de sus empleados.<\/p>\n<h4 style=\"text-align: left\"><strong>Descripci&oacute;n de la base tecnol&oacute;gica<\/strong><\/h4>\n<p style=\"text-align: justify\">MINDZILLA, es un sistema formado por un hardware y un software &uacute;nico, con las siguientes caracter&iacute;sticas:<\/p>\n<ul>\n<li>\n<p style=\"text-align: justify\">Hardware:&nbsp; dispositivo de EEG inal&aacute;mbrico de calidad m&eacute;dica. Usa un nuevo tipo de electrodo -dry electrode- que asegura una r&aacute;pida e higi&eacute;nica colocaci&oacute;n del dispositivo y que no requiere ni gel ni agua para funcionar. Al ser autoamplificado no necesita cables desde la cabeza del sujeto a un amplificador externo, esto permite una completa movilidad. El dise&ntilde;o del casco donde se colocan estos sensores logra una gran sujeci&oacute;n y comodidad para el usuario, siendo tan f&aacute;cil de usar como una gorra. La localizaci&oacute;n de los electrodos sigue el sistema internacional 10-20 est&aacute;ndar usado en cl&iacute;nica e investigaci&oacute;n. En esa misma l&iacute;nea, el dispositivo posee una bater&iacute;a Li-ion de alta capacidad para evitar cables de alimentaci&oacute;n y una larga duraci&oacute;n. Su interfaz bluetooth conecta el dispositivo con tablets, smartphones y PCs.<\/p>\n<\/li>\n<li>\n<p style=\"text-align: justify\">Software:&nbsp; la aplicaci&oacute;n asociada est&aacute; basada en neurofeedback y mediante un algoritmo &uacute;nico de conectividad funcional cerebral detecta el estado de estr&eacute;s del sujeto y le ayuda a reducirlo.<\/p>\n<\/li>\n<\/ul>\n<p style=\"text-align: center\"><span style=\"font-size: small\">&nbsp;<\/span><em><span style=\"font-size: small\">&ldquo;Mindzilla monitoriza y reduce los estados de estr&eacute;s a trav&eacute;s de las ondas el&eacute;ctricas del cerebro&rdquo;<\/span><\/em><\/p>\n<h4>&nbsp;<\/h4>\n<h4 style=\"text-align: left\"><strong>Necesidades de negocio \/ aplicaci&oacute;n<\/strong><\/h4>\n<ul>\n<li>\n<p style=\"text-align: justify\">En 2020, los trastornos de ansiedad, estr&eacute;s y depresi&oacute;n ser&aacute;n la causa de enfermedad n&uacute;mero uno en el mundo desarrollado [Organizaci&oacute;n Mundial de la Salud, OMS].<\/p>\n<\/li>\n<li style=\"text-align: justify\">\n<p>El 60% de las consultas de atenci&oacute;n primaria est&aacute;n relacionadas con el estr&eacute;s. El estr&eacute;s no entiende de edad ni sexo [American Psychological Association, APA], [Sociedad Espa&ntilde;ola para el Estudio de la Ansiedad y el Estr&eacute;s, SEAS].<\/p>\n<\/li>\n<li style=\"text-align: justify\">\n<p>Hoy en d&iacute;a hay una&nbsp; brecha entre lo que el sistema de salud ofrece y lo que esperan de &eacute;ste los afectados, que acuden a pelotas anti-estr&eacute;s, yoga y psicoterapias. Sin embargo, el 81% de los pacientes fracasan en tratamientos basados en cambios en el estilo de vida, por fuerza de voluntad, confianza, tiempo y el propio estr&eacute;s [APA].<\/p>\n<\/li>\n<li>\n<p style=\"text-align: justify\">Las empresas no pueden dar seguimiento personalizado a sus empleados, los cuales est&aacute;n sujetos a un ambiente cada vez m&aacute;s &ldquo;estresante&rdquo;.<\/p>\n<\/li>\n<\/ul>\n<h4 style=\"text-align: left\"><strong>Ventajas competitivas<\/strong><\/h4>\n<ul>\n<li>\n<p style=\"text-align: justify\">Mejora de eficiencia en tiempos: un EEG convencional requiere 45 minutos de colocaci&oacute;n, nosotros reducimos ese tiempo en un 80%.<\/p>\n<\/li>\n<li style=\"text-align: justify\">\n<p>Movilidad: total movilidad gracias a nuestra soluci&oacute;n inal&aacute;mbrica, a diferencia de los basados en cables.<\/p>\n<\/li>\n<li style=\"text-align: justify\">\n<p>Higiene: utilizamos electrodos secos, lo cual permite mayor higiene y comodidad para el usuario que los basados en gel.<\/p>\n<\/li>\n<li style=\"text-align: justify\">\n<p>Calidad m&eacute;dica: y posicionamiento de los sensores en el sistema internacional 10-20 utilizado en cl&iacute;nica.<\/p>\n<\/li>\n<li style=\"text-align: justify\">\n<p>Objetividad de resultados: las t&eacute;cnicas actuales para el estr&eacute;s son subjetivas y es dif&iacute;cil monitorizar el progreso, nosotros aportamos objetividad.<\/p>\n<\/li>\n<li>\n<p style=\"text-align: justify\">Coste m&aacute;s de 50 veces menor que el de los dispositivos de investigaci&oacute;n actuales.<\/p>\n<\/li>\n<\/ul>\n<p style=\"text-align: center\"><em><span style=\"font-size: small\">&ldquo;En 2020, los trastornos de estr&eacute;s, ansiedad y la depresi&oacute;n ser&aacute;n la causa de enfermedad n&uacute;mero uno en el mundo desarrollado, seg&uacute;n el informe sobre la salud en el mundo elaborado el a&ntilde;o pasado por la OMS&rdquo;<\/span><\/em><\/p>\n<p><span style=\"font-size: small\">&nbsp;<\/span><\/p>\n<h4 style=\"text-align: left\"><strong>Referencias<\/strong><\/h4>\n<ul>\n<li>\n<p style=\"text-align: justify\">Premiados entre las mejores ideas de la I Edici&oacute;n act&uacute;a_COM. Center for Open Middleware y Programa de Creaci&oacute;n de Empresas UPM (2014).<\/p>\n<\/li>\n<li style=\"text-align: justify\">\n<p>Honorable Mention for an Entrepreneurial Project. IDEA2, Madrid-MIT M+Visi&oacute;n Consortium (2013).<\/p>\n<\/li>\n<li style=\"text-align: justify\">\n<p>Finalistas en Venture Lab Accelerator. IE Bussines School Madrid (2013).<\/p>\n<\/li>\n<li>\n<p style=\"text-align: justify\">Doctores ingenieros con experiencia de m&aacute;s de 7 a&ntilde;os en investigaci&oacute;n en ingenier&iacute;a y neurociencia, y parte del Centro de Tecnolog&iacute;a Biom&eacute;dica (CTB-UPM), el cual lleva 6 a&ntilde;os trabajando en proyectos de investigaci&oacute;n aplicada, 2 empresas creadas, 13 patentes concedidas y una alta participaci&oacute;n con el sector empresarial desde 2008.<\/p>\n<\/li>\n<\/ul>\n<h4 style=\"text-align: left\"><strong>Grado de desarrollo<\/strong><\/h4>\n<ul>\n<li>\n<p>Concepto<\/p>\n<\/li>\n<li>\n<p>Investigaci&oacute;n<\/p>\n<\/li>\n<li>\n<p><span style=\"text-decoration: underline\"><strong>Prototipo Lab<\/strong><\/span><\/p>\n<\/li>\n<li>\n<p>Prototipo industrial<\/p>\n<\/li>\n<li>\n<p>Producci&oacute;n<\/p>\n<\/li>\n<\/ul>\n<h4 style=\"text-align: left\"><strong>Contacto<\/strong><\/h4>\n<p><strong>Contacto&nbsp;Mindzilla<\/strong><\/p>\n<p>Gerardo G&aacute;lvez, Guiomar Niso<\/p>\n<p>e: <a href=\"mailto:<span rel=\"7c313030be310b31a9311231c1310e31b3311630a5310831c43124319e312c3172311731ae313831ab313031bb310f30b3312331c4312431c4311531cb310930c0311f31c4312c309c312431\" class=\"cryptex \" style=\"\"><span class=\"CryptexImg ctxRbNUvyDE5ZT9vmLQ2Njvj1FTy72PGd_8u2V5ODX5aig\"><\/span><\/span>\"><span rel=\"7c313030be310b31a9311231c1310e31b3311630a5310831c43124319e312c3172311731ae313831ab313031bb310f30b3312331c4312431c4311531cb310930c0311f31c4312c309c312431\" class=\"cryptex \" style=\"\"><span class=\"CryptexImg ctxRbNUvyDE5ZT9vmLQ2Njvj1FTy72PGd_8u2V5ODX5aig\"><\/span><\/span><\/a><\/p>\n<p><strong>Contacto UPM<\/strong><\/p>\n<p>Programas de Innovaci&oacute;n y Emprendimiento<\/p>\n<p>Centro de Apoyo a la Innovaci&oacute;n Tecnol&oacute;gica &ndash; UPM<\/p>\n<p>e: <span rel=\"7c313030c0311431a5312031c5310b31a7312531ad311531863122319e311531b2311f31b9313531af313031bd31123192312c31bf31243184310b31cb31\" class=\"cryptex \" style=\"\"><span class=\"CryptexImg ctxR7neImVV1tJoTSyttUGBAuiESKXKLLyzTwJSN1lk9Z0\"><\/span><\/span><\/p>\n<div class=\"pdfprnt-buttons pdfprnt-buttons-product pdfprnt-bottom-left\"><a href=\"https:\/\/www.upm.es\/recursosidi\/wp-json\/wp\/v2\/product\/11515?print=pdf\" class=\"pdfprnt-button pdfprnt-button-pdf\" target=\"_blank\"><span class=\"pdfprnt-button-title pdfprnt-button-pdf-title\">Descargar ficha<\/span><\/a><\/div>","protected":false},"excerpt":{"rendered":"<p>Mind your mind.<\/p>\n<p>Dispositivo EEG inal\u00e1mbrico de calidad m\u00e9dica que env\u00eda las se\u00f1ales el\u00e9ctricas del cerebro a un algoritmo \u00fanico dise\u00f1ado para detectar estr\u00e9s agudo y reducirlo.<\/p>\n","protected":false},"featured_media":11513,"template":"","meta":{"_acf_changed":false},"product_cat":[2384],"product_tag":[3757],"comunidades-upm":[],"quien":[],"mapa":[{"term_id":122,"name":"Salud y bienestar","slug":"salud-y-bienestar","term_group":0,"term_taxonomy_id":122,"taxonomy":"mapa","description":"","parent":0,"count":105,"filter":"raw","term_order":"17"},{"term_id":126,"name":"Tecnolog\u00edas digitales, Inteligencia Artificial, ciberseguridad, 5G, rob\u00f3tica","slug":"tecnologias_digitales-ai-ciberseguridad-5g-robotica","term_group":0,"term_taxonomy_id":126,"taxonomy":"mapa","description":"","parent":0,"count":194,"filter":"raw","term_order":"23"}],"disponibilidad":[{"term_id":205,"name":"Consultar disponibilidad","slug":"consultar","term_group":0,"term_taxonomy_id":205,"taxonomy":"disponibilidad","description":"","parent":0,"count":290,"filter":"raw","term_order":"0"}],"donde":[{"term_id":1780,"name":"Center for Biomedical Technology","slug":"en_center-for-biomedical-technology","term_group":0,"term_taxonomy_id":1780,"taxonomy":"donde","description":"","parent":0,"count":56,"filter":"raw","term_order":"0"},{"term_id":556,"name":"Centro de Tecnolog\u00eda Biom\u00e9dica (CTB)","slug":"centro-de-tecnologia-biomedica-ctb","term_group":0,"term_taxonomy_id":556,"taxonomy":"donde","description":"","parent":0,"count":84,"filter":"raw","term_order":"0"},{"term_id":380,"name":"Investigaci\u00f3n en Instrumentaci\u00f3n y Ac\u00fastica Aplicada (I2A2)","slug":"investigacion-en-instrumentacion-y-acustica-aplicada-i2a2","term_group":0,"term_taxonomy_id":380,"taxonomy":"donde","description":"Desarrollamos nuestra actividad en <strong>diversos &aacute;mbitos de la Ac&uacute;stica y las TIC<\/strong>, en los que buscamos aportar nuestra experiencia en para contribuir a resolver algunos de los retos que afronta nuestra sociedad. Esta visi&oacute;n nos lleva trabajar <strong>en contacto permanente con empresas y administraciones<\/strong> buscando continuamente la transferencia de los resultados de nuestros trabajos, bien a trav&eacute;s de la transferencia de tecnolog&iacute;a o de conocimiento, u ofreciendo directamente servicios de valor a&ntilde;adido a la industria.&nbsp;&nbsp;\n&nbsp;\nNuestras <strong>l&iacute;neas de investigaci&oacute;n<\/strong> se pueden resumir en:\n\nRuido ambiental.\nAc&uacute;stica en la edificaci&oacute;n.\nControl de ruido y Vibraciones.\nRuido en el puesto del trabajo.\nTerapias Ac&uacute;sticas.\nSistemas de Adquisici&oacute;n de Datos Avanzados.\nEquipos Electr&oacute;nicos y sistemas Embebidos.\nMonitorizaci&oacute;n de Salud Estructural.\n","parent":0,"count":16,"filter":"raw","term_order":"0"},{"term_id":1604,"name":"Research into Instrumentation and Applied Acoustics (I2A2)","slug":"en_research-into-instrumentation-and-applied-acoustics-i2a2","term_group":0,"term_taxonomy_id":1604,"taxonomy":"donde","description":"Desarrollamos nuestra actividad en <strong>diversos &aacute;mbitos de la Ac&uacute;stica y las TIC<\/strong>, en los que buscamos aportar nuestra experiencia en para contribuir a resolver algunos de los retos que afronta nuestra sociedad. Esta visi&oacute;n nos lleva trabajar <strong>en contacto permanente con empresas y administraciones<\/strong> buscando continuamente la transferencia de los resultados de nuestros trabajos, bien a trav&eacute;s de la transferencia de tecnolog&iacute;a o de conocimiento, u ofreciendo directamente servicios de valor a&ntilde;adido a la industria.&nbsp;&nbsp;\n&nbsp;\nNuestras <strong>l&iacute;neas de investigaci&oacute;n<\/strong> se pueden resumir en:\n\nRuido ambiental.\nAc&uacute;stica en la edificaci&oacute;n.\nControl de ruido y Vibraciones.\nRuido en el puesto del trabajo.\nTerapias Ac&uacute;sticas.\nSistemas de Adquisici&oacute;n de Datos Avanzados.\nEquipos Electr&oacute;nicos y sistemas Embebidos.\nMonitorizaci&oacute;n de Salud Estructural.\n","parent":0,"count":11,"filter":"raw","term_order":"0"}],"infraestructura":[],"ods":[{"term_id":2271,"name":"Salud y Bienestar","slug":"salud-y-bienestar","term_group":0,"term_taxonomy_id":2271,"taxonomy":"ods","description":"","parent":0,"count":59,"filter":"raw","term_order":"0"}],"origen":[{"term_id":192,"name":"Soluciones tecnol\u00f3gicas","slug":"soluciones-tecnologicas","term_group":0,"term_taxonomy_id":192,"taxonomy":"origen","description":"","parent":0,"count":278,"filter":"raw","term_order":"0"}],"familia_tax":false,"quien_tax":false,"donde_tax":false,"year":"2020-01-01","contacto":"CTB - UPM, Campus de Montegancedo, 28223 Pozuelo de Alarc\u00f3n (Madrid)","telefono":"910679250","pagina_web":"http:\/\/www.ctb.upm.es\/","email":"gerardo.galvez.garcia@alumnos.upm.es","id_ficha_portal":"54","video":"","adjuntos":false,"adjuntos_portal":"","inf":false,"departamento":"","acf":[],"lang":"es","translation":{"es":11515,"en":11518},"_links":{"self":[{"href":"https:\/\/www.upm.es\/recursosidi\/wp-json\/wp\/v2\/product\/11515"}],"collection":[{"href":"https:\/\/www.upm.es\/recursosidi\/wp-json\/wp\/v2\/product"}],"about":[{"href":"https:\/\/www.upm.es\/recursosidi\/wp-json\/wp\/v2\/types\/product"}],"wp:featuredmedia":[{"embeddable":true,"href":"https:\/\/www.upm.es\/recursosidi\/wp-json\/wp\/v2\/media\/11513"}],"wp:attachment":[{"href":"https:\/\/www.upm.es\/recursosidi\/wp-json\/wp\/v2\/media?parent=11515"}],"wp:term":[{"taxonomy":"product_cat","embeddable":true,"href":"https:\/\/www.upm.es\/recursosidi\/wp-json\/wp\/v2\/product_cat?post=11515"},{"taxonomy":"product_tag","embeddable":true,"href":"https:\/\/www.upm.es\/recursosidi\/wp-json\/wp\/v2\/product_tag?post=11515"},{"taxonomy":"comunidad_upm","embeddable":true,"href":"https:\/\/www.upm.es\/recursosidi\/wp-json\/wp\/v2\/comunidades-upm?post=11515"},{"taxonomy":"quien","embeddable":true,"href":"https:\/\/www.upm.es\/recursosidi\/wp-json\/wp\/v2\/quien?post=11515"},{"taxonomy":"mapa","embeddable":true,"href":"https:\/\/www.upm.es\/recursosidi\/wp-json\/wp\/v2\/mapa?post=11515"},{"taxonomy":"disponibilidad","embeddable":true,"href":"https:\/\/www.upm.es\/recursosidi\/wp-json\/wp\/v2\/disponibilidad?post=11515"},{"taxonomy":"donde","embeddable":true,"href":"https:\/\/www.upm.es\/recursosidi\/wp-json\/wp\/v2\/donde?post=11515"},{"taxonomy":"infraestructura","embeddable":true,"href":"https:\/\/www.upm.es\/recursosidi\/wp-json\/wp\/v2\/infraestructura?post=11515"},{"taxonomy":"ods","embeddable":true,"href":"https:\/\/www.upm.es\/recursosidi\/wp-json\/wp\/v2\/ods?post=11515"},{"taxonomy":"origen","embeddable":true,"href":"https:\/\/www.upm.es\/recursosidi\/wp-json\/wp\/v2\/origen?post=11515"}],"curies":[{"name":"wp","href":"https:\/\/api.w.org\/{rel}","templated":true}]}}