{"id":11526,"date":"2022-11-02T13:29:17","date_gmt":"2022-11-02T12:29:17","guid":{"rendered":"https:\/\/www.upm.es\/recursosidi\/offers-resources\/sin categor\u00eda\/mood-monitor\/"},"modified":"2022-11-02T13:29:34","modified_gmt":"2022-11-02T12:29:34","slug":"mood-monitor","status":"publish","type":"product","link":"https:\/\/www.upm.es\/recursosidi\/offers-resources\/soluciones-tecnologicas\/mood-monitor\/","title":{"rendered":"MOOD MONITOR"},"content":{"rendered":"<h4 style=\"text-align: left\"><strong>Descripci&oacute;n breve conjunta de la soluci&oacute;n y valor a&ntilde;adido que aporta <\/strong><\/h4>\n<p style=\"text-align: justify\">Life Supporting Technologies ha dise&ntilde;ado y desarrollado una soluci&oacute;n para la evaluaci&oacute;n y predicci&oacute;n de los estados de &aacute;nimo de una persona con des&oacute;rdenes unipolares y bipolares. El sistema recoge datos subjetivos y objetivos para evaluar la evoluci&oacute;n de los estados de &aacute;nimo, apoyando al paciente con un conjunto de herramientas que mejoran la alianza y seguimiento del terapeuta.<\/p>\n<h4 style=\"text-align: left\"><strong>Descripci&oacute;n de la base tecnol&oacute;gica<\/strong><\/h4>\n<p style=\"text-align: justify\">La soluci&oacute;n facilita herramientas para mejorar la terapia y seguimiento de pacientes con des&oacute;rdenes unipolares y bipolares. El paciente utiliza una aplicaci&oacute;n para el Smartphone (basada en Android) que graba y procesa informaci&oacute;n procedente de la voz (velocidad y armon&iacute;a en el habla), recoge evaluaciones del estado de &aacute;nimo (cuestionarios, escalas de estado de &aacute;nimo), la medicaci&oacute;n tomada y los h&aacute;bitos diarios. El m&oacute;vil est&aacute; conectado con un sensor vestible que durante el d&iacute;a hace un seguimiento del nivel de energ&iacute;a y durante la noche de la calidad del sue&ntilde;o. La tecnolog&iacute;a provee de una herramienta de apoyo al paciente con &uacute;tiles herramientas para comunicarse con el terapeuta, llevar un control de la medicaci&oacute;n, gr&aacute;ficos del estado de &aacute;nimo y recordatorios, adem&aacute;s de mensajes psicoeducativos de apoyo, como mensajes personalizados, contenido educativo y apoyo en el establecimiento de metas. Con un servicio web en la nube permite al terapeuta tener acceso remoto a la informaci&oacute;n del paciente y controlar reca&iacute;das o cambios de humor, con una potente herramienta visual, herramientas de predicci&oacute;n y sistemas de alerta que enriquecen la experiencia del usuario y las cuales son completamente flexibles y customizables para diferentes tipos de des&oacute;rdenes.<\/p>\n<p style=\"text-align: center\"><span style=\"font-size: small\"><em>&rdquo;Soluci&oacute;n a la vanguardia tecnol&oacute;gica a bajo coste que mejora la relaci&oacute;n del terapeuta, la gesti&oacute;n de la enfermedad y el apoyo al paciente&rdquo;<\/em><\/span><\/p>\n<h4>&nbsp;<\/h4>\n<h4 style=\"text-align: left\"><strong>Necesidades de negocio \/ aplicaci&oacute;n<\/strong><\/h4>\n<ul>\n<li>\n<p style=\"text-align: justify\">Gran parte de la carga econ&oacute;mica de la enfermedad mental no es el coste de la atenci&oacute;n, sino la p&eacute;rdida de ingresos debido al desempleo y una serie de costes indirectos debido a una discapacidad cr&oacute;nica que comienza en etapas tempranas de la vida de las personas.<\/p>\n<\/li>\n<li style=\"text-align: justify\">\n<p>Aproximadamente 20,9 millones de adultos estadounidenses tienen un trastorno del estado de &aacute;nimo, o alrededor de 9,5 por ciento de la poblaci&oacute;n de los EE.UU. a partir de los 18 a&ntilde;os la padece en un momento determinado [Archives of General Psychiatry, 2005].<\/p>\n<\/li>\n<li>\n<p style=\"text-align: justify\">El tratamiento de los trastornos de salud mental a trav&eacute;s de t&eacute;cnicas tradicionales, tales como la terapia de comportamiento cognitivo se han demostrado eficaces en un entorno en l&iacute;nea para condiciones de alta prevalencia.<\/p>\n<\/li>\n<\/ul>\n<h4 style=\"text-align: left\"><strong>Ventajas competitivas<\/strong><\/h4>\n<ul>\n<li>\n<p style=\"text-align: justify\">El sistema ha sido dise&ntilde;ado y probado con la participaci&oacute;n de usuarios reales.<\/p>\n<\/li>\n<li style=\"text-align: justify\">\n<p>Peque&ntilde;o ensayo cl&iacute;nico (n = 30) para medir los beneficios de televigilancia y la evaluaci&oacute;n de los estados de &aacute;nimo a distancia.<\/p>\n<\/li>\n<li style=\"text-align: justify\">\n<p>Aprobado por el Comit&eacute; &Eacute;tico de italiano, suizo y franc&eacute;s.<\/p>\n<\/li>\n<li style=\"text-align: justify\">\n<p>Alto nivel de personalizaci&oacute;n en la rutina de telemonitorizaci&oacute;n.<\/p>\n<\/li>\n<li style=\"text-align: justify\">\n<p>Personlaizaci&oacute;n de las notificaciones\/alarmas para los pacientes.<\/p>\n<\/li>\n<li>\n<p style=\"text-align: justify\">Visualizaci&oacute;n completa de los datos en ambos lados, tanto por la parte del paciente como por la del terapeuta.<\/p>\n<\/li>\n<\/ul>\n<p style=\"text-align: center\"><span style=\"font-size: small\"><img decoding=\"async\" src=\"http:\/\/www.upm.es\/observatorio\/vi\/gestor_general\/recuperar_archivo.jsp?id=351\" alt=\"evaluaci&oacute;n estados del humor, depresi&oacute;n, bipolar, unipolar\" width=\"110\" height=\"200\" \/><img fetchpriority=\"high\" decoding=\"async\" title=\"MoodMonitor\" src=\"http:\/\/www.upm.es\/observatorio\/vi\/gestor_general\/recuperar_archivo.jsp?id=349\" alt=\"evaluaci&oacute;n estados del humor, depresi&oacute;n, bipolar, unipolar\" width=\"302\" height=\"200\" \/><img decoding=\"async\" title=\"MoodMonitor\" src=\"http:\/\/www.upm.es\/observatorio\/vi\/gestor_general\/recuperar_archivo.jsp?id=352\" alt=\"evaluaci&oacute;n estados del humor, depresi&oacute;n, bipolar, unipolar\" width=\"133\" height=\"200\" \/><\/span><\/p>\n<h4>&nbsp;<\/h4>\n<h4 style=\"text-align: left\"><strong>Referencias<\/strong><\/h4>\n<ul>\n<li>\n<p style=\"text-align: justify\">M&aacute;s de 10 a&ntilde;os de experiencia en el dise&ntilde;o, desarrollo y validaci&oacute;n de sistemas de telemonitorizaci&oacute;n.<\/p>\n<\/li>\n<li>\n<p style=\"text-align: justify\">Esta investigaci&oacute;n fue parcialmente financiacida por los fondos europeos del proyecto PSYCHE (IST 247777).<\/p>\n<\/li>\n<\/ul>\n<h4 style=\"text-align: left\"><strong>Grado de desarrollo<\/strong><\/h4>\n<ul>\n<li>\n<p>Concepto<\/p>\n<\/li>\n<li>\n<p>Investigaci&oacute;n<\/p>\n<\/li>\n<li>\n<p><span style=\"text-decoration: underline\"><strong>Prototipo Lab<\/strong><\/span><\/p>\n<\/li>\n<li>\n<p>Prototipo industrial<\/p>\n<\/li>\n<li>\n<p>Producci&oacute;n<\/p>\n<\/li>\n<\/ul>\n<h4 style=\"text-align: left\"><strong>Contacto<\/strong><\/h4>\n<p style=\"text-align: justify\"><strong>Contacto Mood Monitor <\/strong><\/p>\n<p style=\"text-align: justify\">Manuel Ottaviano, Mar&iacute;a Teresa Arredondo<\/p>\n<p style=\"text-align: justify\"><span lang=\"EN-US\">Life Supporting Technologies, ETSI Telecomunicaci&oacute;n &#8211; UPM<\/span><\/p>\n<p style=\"text-align: justify\">e: <span rel=\"63312430b3311831b4312d31aa312031b9310731b7311d3175311a31c531403161313931bf313f3179314031c4311c3184312331b331\" class=\"cryptex \" style=\"\"><span class=\"CryptexImg ctxmvDziKOW0VYQNBM9lM3FMiSF1j_yXz6-xUwCIy-DzI8\"><\/span><\/span>; e: <span rel=\"63312430b3311d31a1310730b5311d31c4312c30bd311431a4312430c7313c31a0310d30be314331\" class=\"cryptex \" style=\"\"><span class=\"CryptexImg ctxQ1bmhMoHnSJZ_QVIxwfaLDrvHH0LhV2YduqdQ-XKWA0\"><\/span><\/span><\/p>\n<p style=\"text-align: justify\"><span lang=\"EN-US\">w: www.lst.tfo.upm.es<\/span><\/p>\n<p style=\"text-align: justify\"><strong>Contacto UPM <\/strong><\/p>\n<p style=\"text-align: justify\">Programas de Innovaci&oacute;n y Emprendimiento<\/p>\n<p style=\"text-align: justify\">Centro de Apoyo a la Innovaci&oacute;n Tecnol&oacute;gica &ndash; UPM<\/p>\n<p style=\"text-align: justify\">e: <span rel=\"63312430af311731ae312831bf310b31b3310f31b8311c3163312231b7312f31a1313431c5313f31b2313431b731103196313331b03129316f312d31ac31\" class=\"cryptex \" style=\"\"><span class=\"CryptexImg ctxR7neImVV1tJoTSyttUGBAuiESKXKLLyzTwJSN1lk9Z0\"><\/span><\/span><\/p>\n<div class=\"pdfprnt-buttons pdfprnt-buttons-product pdfprnt-bottom-left\"><a href=\"https:\/\/www.upm.es\/recursosidi\/wp-json\/wp\/v2\/product\/11526?print=pdf\" class=\"pdfprnt-button pdfprnt-button-pdf\" target=\"_blank\"><span class=\"pdfprnt-button-title pdfprnt-button-pdf-title\">Descargar ficha<\/span><\/a><\/div>","protected":false},"excerpt":{"rendered":"<p>Plataforma de telemonitorizaci\u00f3n para evaluar los trastornos en el estado de \u00e1nimo.<\/p>\n<p>Aplicaci\u00f3n m\u00f3vil y sensor vestible para evaluar remotamente y fortalecer a los pacientes con trastornos del estado de \u00e1nimo.<\/p>\n","protected":false},"featured_media":11525,"template":"","meta":{"_acf_changed":false},"product_cat":[2384],"product_tag":[2478],"comunidades-upm":[],"quien":[],"mapa":[{"term_id":122,"name":"Salud y bienestar","slug":"salud-y-bienestar","term_group":0,"term_taxonomy_id":122,"taxonomy":"mapa","description":"","parent":0,"count":105,"filter":"raw","term_order":"17"},{"term_id":126,"name":"Tecnolog\u00edas digitales, Inteligencia Artificial, ciberseguridad, 5G, rob\u00f3tica","slug":"tecnologias_digitales-ai-ciberseguridad-5g-robotica","term_group":0,"term_taxonomy_id":126,"taxonomy":"mapa","description":"","parent":0,"count":194,"filter":"raw","term_order":"23"}],"disponibilidad":[{"term_id":205,"name":"Consultar disponibilidad","slug":"consultar","term_group":0,"term_taxonomy_id":205,"taxonomy":"disponibilidad","description":"","parent":0,"count":290,"filter":"raw","term_order":"0"}],"donde":[{"term_id":1780,"name":"Center for Biomedical Technology","slug":"en_center-for-biomedical-technology","term_group":0,"term_taxonomy_id":1780,"taxonomy":"donde","description":"","parent":0,"count":56,"filter":"raw","term_order":"0"},{"term_id":556,"name":"Centro de Tecnolog\u00eda Biom\u00e9dica (CTB)","slug":"centro-de-tecnologia-biomedica-ctb","term_group":0,"term_taxonomy_id":556,"taxonomy":"donde","description":"","parent":0,"count":84,"filter":"raw","term_order":"0"},{"term_id":1700,"name":"Life Support Technologies","slug":"en_life-support-technologies","term_group":0,"term_taxonomy_id":1700,"taxonomy":"donde","description":"Somos uno de los principales grupos europeos de investigaci\u00f3n e innovaci\u00f3n en el sector de la eSalud y la eInclusion social y mantenemos colaboraciones estables con el sector privado y p\u00fablico en diversas \u00e1reas de I+D+i.\r\nTenemos una larga trayectoria en el dise\u00f1o, desarrollo y evaluaci\u00f3n de servicios y aplicaciones basados en las Tecnolog\u00edas de la Informaci\u00f3n y la Comunicaci\u00f3n para la creaci\u00f3n y promoci\u00f3n de nuevas ideas, m\u00e9todos y soluciones tecnol\u00f3gicas en todos los aspectos de la cadena de valor de las organizaciones.\r\n\r\nNuestros principales ejes de investigaci\u00f3n son:\r\n\r\nTIC en sanidad y servicios sociales (e-salud y e-inclusi\u00f3n)\r\nNeurofot\u00f3nica\r\nRedes y Sensores Fot\u00f3nicos","parent":0,"count":16,"filter":"raw","term_order":"0"},{"term_id":476,"name":"Tecnolog\u00edas de Apoyo a la Vida","slug":"tecnologias-de-apoyo-a-la-vida","term_group":0,"term_taxonomy_id":476,"taxonomy":"donde","description":"Somos uno de los principales grupos europeos de investigaci\u00f3n e innovaci\u00f3n en el sector de la eSalud y la eInclusion social y mantenemos colaboraciones estables con el sector privado y p\u00fablico en diversas \u00e1reas de I+D+i.\r\nTenemos una larga trayectoria en el dise\u00f1o, desarrollo y evaluaci\u00f3n de servicios y aplicaciones basados en las Tecnolog\u00edas de la Informaci\u00f3n y la Comunicaci\u00f3n para la creaci\u00f3n y promoci\u00f3n de nuevas ideas, m\u00e9todos y soluciones tecnol\u00f3gicas en todos los aspectos de la cadena de valor de las organizaciones.\r\n\r\nNuestros principales ejes de investigaci\u00f3n son:\r\n\r\nTIC en sanidad y servicios sociales (e-salud y e-inclusi\u00f3n)\r\nNeurofot\u00f3nica\r\nRedes y Sensores Fot\u00f3nicos","parent":0,"count":23,"filter":"raw","term_order":"0"}],"infraestructura":[],"ods":[{"term_id":2243,"name":"Reducci\u00f3n de las Desigualdades","slug":"reduccion-de-las-desigualdades","term_group":0,"term_taxonomy_id":2243,"taxonomy":"ods","description":"","parent":0,"count":17,"filter":"raw","term_order":"0"},{"term_id":2271,"name":"Salud y Bienestar","slug":"salud-y-bienestar","term_group":0,"term_taxonomy_id":2271,"taxonomy":"ods","description":"","parent":0,"count":59,"filter":"raw","term_order":"0"}],"origen":[{"term_id":192,"name":"Soluciones tecnol\u00f3gicas","slug":"soluciones-tecnologicas","term_group":0,"term_taxonomy_id":192,"taxonomy":"origen","description":"","parent":0,"count":278,"filter":"raw","term_order":"0"}],"familia_tax":false,"quien_tax":false,"donde_tax":false,"year":"2020-01-01","contacto":"ETSI de Telecomunicaci\u00f3n - UPM, Avenida  Complutense, 30, Ciudad Universitaria, 28040, Madrid","telefono":"910671900","pagina_web":"https:\/\/www.etsit.upm.es\/","email":"mottaviano@lst.tfo.upm.es","id_ficha_portal":"59","video":"","adjuntos":false,"adjuntos_portal":"","inf":false,"departamento":"","acf":[],"lang":"es","translation":{"es":11526,"en":11528},"_links":{"self":[{"href":"https:\/\/www.upm.es\/recursosidi\/wp-json\/wp\/v2\/product\/11526"}],"collection":[{"href":"https:\/\/www.upm.es\/recursosidi\/wp-json\/wp\/v2\/product"}],"about":[{"href":"https:\/\/www.upm.es\/recursosidi\/wp-json\/wp\/v2\/types\/product"}],"wp:featuredmedia":[{"embeddable":true,"href":"https:\/\/www.upm.es\/recursosidi\/wp-json\/wp\/v2\/media\/11525"}],"wp:attachment":[{"href":"https:\/\/www.upm.es\/recursosidi\/wp-json\/wp\/v2\/media?parent=11526"}],"wp:term":[{"taxonomy":"product_cat","embeddable":true,"href":"https:\/\/www.upm.es\/recursosidi\/wp-json\/wp\/v2\/product_cat?post=11526"},{"taxonomy":"product_tag","embeddable":true,"href":"https:\/\/www.upm.es\/recursosidi\/wp-json\/wp\/v2\/product_tag?post=11526"},{"taxonomy":"comunidad_upm","embeddable":true,"href":"https:\/\/www.upm.es\/recursosidi\/wp-json\/wp\/v2\/comunidades-upm?post=11526"},{"taxonomy":"quien","embeddable":true,"href":"https:\/\/www.upm.es\/recursosidi\/wp-json\/wp\/v2\/quien?post=11526"},{"taxonomy":"mapa","embeddable":true,"href":"https:\/\/www.upm.es\/recursosidi\/wp-json\/wp\/v2\/mapa?post=11526"},{"taxonomy":"disponibilidad","embeddable":true,"href":"https:\/\/www.upm.es\/recursosidi\/wp-json\/wp\/v2\/disponibilidad?post=11526"},{"taxonomy":"donde","embeddable":true,"href":"https:\/\/www.upm.es\/recursosidi\/wp-json\/wp\/v2\/donde?post=11526"},{"taxonomy":"infraestructura","embeddable":true,"href":"https:\/\/www.upm.es\/recursosidi\/wp-json\/wp\/v2\/infraestructura?post=11526"},{"taxonomy":"ods","embeddable":true,"href":"https:\/\/www.upm.es\/recursosidi\/wp-json\/wp\/v2\/ods?post=11526"},{"taxonomy":"origen","embeddable":true,"href":"https:\/\/www.upm.es\/recursosidi\/wp-json\/wp\/v2\/origen?post=11526"}],"curies":[{"name":"wp","href":"https:\/\/api.w.org\/{rel}","templated":true}]}}