{"id":11528,"date":"2022-11-02T13:29:29","date_gmt":"2022-11-02T12:29:29","guid":{"rendered":"https:\/\/www.upm.es\/recursosidi\/offers-resources\/sin categor\u00eda\/mood-monitor-telemonitoring-platform-to-assess-mood-disorders\/"},"modified":"2022-11-02T13:29:33","modified_gmt":"2022-11-02T12:29:33","slug":"mood-monitor-telemonitoring-platform-to-assess-mood-disorders","status":"publish","type":"product","link":"https:\/\/www.upm.es\/recursosidi\/en\/offers-resources\/technological-solutions\/mood-monitor-telemonitoring-platform-to-assess-mood-disorders\/","title":{"rendered":"MOOD MONITOR. Telemonitoring platform to assess mood disorders"},"content":{"rendered":"<h4><strong>Brief description of the technology solution and the added value it provides <\/strong><\/h4>\n<p class=\"MsoNormal\"><span style=\"font-size: small\">Life Supporting Technologies designed and developed a solution for the assessment and prediction of the mood status of persons with unipolar (e.g. major depression) and bipolar disorder. The system gathers subjective and objective data to estimate the evolution of the mood status; the patient is empowered by a set of tools that improve the therapeutic alliance with the health professional.<\/span>&nbsp;<\/p>\n<h4><strong>Description of the technological base<\/strong><\/h4>\n<p><span style=\"font-size: small\"><img decoding=\"async\" style=\"float: left\" title=\"moodmonitor\" src=\"http:\/\/www.upm.es\/observatorio\/vi\/gestor_general\/recuperar_archivo.jsp?id=343\" alt=\"mood status, mood disorder,wearable sensor\" width=\"148\" height=\"200\" \/>The solution provides a tools to improve the therapy and the follow up of patients with unipolar and bipolar disorder. The end users use a Smartphone application (Android based)&nbsp; to record voice information (speech ratio, harmonies of the voice), report the mood status (questionnaires, mood scales), the medication intake and the daily habits (diary). The phone is connected with a wearable sensor that during the day monitors the level of energy and during the nigh the sleep quality. The concept provides support to the patient by providing a set of useful tools to communicate with the therapists, check the medication, mood charts and reminders. The Smartphone app also provides psycho education support (via personalized messages, educational content and goal settings support). A Web cloud service provides the access to this information to the health professionals and they&nbsp; remotely assess the mood status and prevent relapses or mood swings. The powerful visualization tools,&nbsp; the prediction tools and the alert systems enrich the user experience of the professionals to have a more clear understanding of patient situations. The solution is fully flexible and adaptable for several typologies of subjects: every module (e.g. medication tools, sleep monitoring, questionnaire) could be customized according to patient&rsquo;s condition.<\/span><\/p>\n<p style=\"text-align: center\"><strong><em><span style=\"font-size: small\">&rdquo;State of the art solution to assess mood disorder; a cost benefit solution to improve the&nbsp; therapy alliance, the disease management and the patient empowerment&rdquo;<\/span><\/em><\/strong><\/p>\n<h4><strong>Market demands<\/strong><\/h4>\n<ul>\n<li>The major mood disorders, unipolar (UP) depression and the bipolar (BP) disorders (both BP I and II expressions) have high lifetime prevalences and impact on individuals&rsquo; ability to function. In 2012, the World Health Organization (WHO) ranked depression as the leading cause of mental health disability world-wide, affecting some 121 million people.<\/li>\n<li>Much of the economic burden of mental illness is not the cost of care, but the loss of income due to unemployment, expenses for social supports, and a range of indirect costs due to a chronic disability that begins early in life.<\/li>\n<li>Approximately 20.9 million American adults, or about 9.5 percent of the U.S. population age 18 and older in a given year, have a mood disorder [Archives of General Psychiatry, 2005].<\/li>\n<li>E-health services provide treatment and support to people with mental health disorders through telephone, mobile phone, computer and online applications, and can range from the provision of information, peer support services, virtual applications and games, through to real time interaction with trained clinicians. The treatment of mental health disorders through traditional techniques such as cognitive behavioral therapy has been shown to be effective in an online environment for high prevalence conditions.<\/li>\n<\/ul>\n<h4><strong>Competitive advantages<\/strong><\/h4>\n<ul>\n<li>The system has been designed and tested involving &nbsp;real users.<\/li>\n<li>Small clinical trial (n=30) to measure the benefits of tele monitoring and remote mood assessment.<\/li>\n<li>Approval of ethical comit&eacute; of Italy, Swiss and France<\/li>\n<li>High level of personalization of the telemonitoring routine.<\/li>\n<li>Personalization of the notifications \/ alarms for patient.<\/li>\n<li>Full data visualization on both side (patients and professionals).<\/li>\n<li>The only solution on the market that offers a a technology which enrich the patient&rsquo;s information by using a wearable sensor.<\/li>\n<\/ul>\n<p style=\"text-align: center\"><span style=\"font-size: small\"><img decoding=\"async\" title=\"moodmonitor\" src=\"http:\/\/www.upm.es\/observatorio\/vi\/gestor_general\/recuperar_archivo.jsp?id=348\" alt=\"mood status, mood disorder,wearable sensor\" width=\"110\" height=\"200\" \/><img fetchpriority=\"high\" decoding=\"async\" title=\"moodmonitor\" src=\"http:\/\/www.upm.es\/observatorio\/vi\/gestor_general\/recuperar_archivo.jsp?id=344\" alt=\"mood status, mood disorder,wearable sensor\" width=\"340\" height=\"225\" \/><img loading=\"lazy\" decoding=\"async\" title=\"moodmonitor\" src=\"http:\/\/www.upm.es\/observatorio\/vi\/gestor_general\/recuperar_archivo.jsp?id=346\" alt=\"mood status, mood disorder,wearable sensor\" width=\"133\" height=\"200\" \/><\/span><\/p>\n<h4><strong>Development stage<\/strong><\/h4>\n<ul>\n<li>Concept<\/li>\n<li>Research<\/li>\n<li><strong><u>Lab prototype<\/u><\/strong><\/li>\n<li>Industrial prototype<\/li>\n<li>Production<\/li>\n<\/ul>\n<h4>Contact<\/h4>\n<p class=\"MsoNormal\"><strong><span style=\"font-size: small\">Contacto Mood Monitor <\/span><\/strong><\/p>\n<p class=\"MsoNormal\"><span style=\"font-size: small\">Manuel Ottaviano<\/span><\/p>\n<p class=\"MsoNormal\"><span style=\"font-size: small\">e: <span rel=\"8a311730b7313331aa313531a2311e31b3312d31bf31323185312c31ac31213178314431bc31233183312431c53132317d312131b631\" class=\"cryptex \" style=\"\"><span class=\"CryptexImg ctxmvDziKOW0VYQNBM9lM3FMiSF1j_yXz6-xUwCIy-DzI8\"><\/span><\/span><\/span><\/p>\n<p class=\"MsoNormal\"><span style=\"font-size: small\">Mar&iacute;a Teresa Arredondo<\/span><\/p>\n<p class=\"MsoNormal\"><span style=\"font-size: small\">e: <span rel=\"8a311730b731383197310131ad311b31be310630c5312931b4311230ae311d31b7310230bb312731\" class=\"cryptex \" style=\"\"><span class=\"CryptexImg ctxQ1bmhMoHnSJZ_QVIxwfaLDrvHH0LhV2YduqdQ-XKWA0\"><\/span><\/span><\/span><\/p>\n<p class=\"MsoNormal\"><span lang=\"EN-US\" style=\"font-size: small\">Life Supporting Technologies (UPM)<\/span><\/p>\n<p class=\"MsoNormal\"><span lang=\"EN-US\" style=\"font-size: small\">w: www.lst.tfo.upm.es<\/span><\/p>\n<p class=\"MsoNormal\"><strong><span style=\"font-size: small\">Contacto UPM <\/span><\/strong><\/p>\n<p class=\"MsoNormal\"><span style=\"font-size: small\">&Aacute;rea de Innovaci&oacute;n, Comercializaci&oacute;n y Creaci&oacute;n de Empresas<\/span><\/p>\n<p class=\"MsoNormal\"><span style=\"font-size: small\">Centro de Apoyo a la Innovaci&oacute;n Tecnol&oacute;gica &ndash; UPM <\/span><\/p>\n<p><span style=\"font-size: small\">e: <span rel=\"8a311730b3313231a4313031b7310931ad313531c0313131733134319e311031b8313f31c2312331bc311831b83126318f313131b331353169311831c531\" class=\"cryptex \" style=\"\"><span class=\"CryptexImg ctxR7neImVV1tJoTSyttUGBAuiESKXKLLyzTwJSN1lk9Z0\"><\/span><\/span><\/span><\/p>\n<div class=\"pdfprnt-buttons pdfprnt-buttons-product pdfprnt-bottom-left\"><a href=\"https:\/\/www.upm.es\/recursosidi\/wp-json\/wp\/v2\/product\/11528?print=pdf\" class=\"pdfprnt-button pdfprnt-button-pdf\" target=\"_blank\"><span class=\"pdfprnt-button-title pdfprnt-button-pdf-title\">Descargar ficha<\/span><\/a><\/div>","protected":false},"excerpt":{"rendered":"<p>Mobile app and wearable sensor to remotely assess mood status and empower patients with mood disorders<\/p>\n","protected":false},"featured_media":11527,"template":"","meta":{"_acf_changed":false},"product_cat":[2386],"product_tag":[2478],"comunidades-upm":[],"quien":[],"mapa":[{"term_id":37,"name":"Digital Technologies, Artificial Intelligence, Cybersecurity, 5G, Robotics","slug":"digital_technologies-ai-cybersecurity-5g-robotics","term_group":0,"term_taxonomy_id":37,"taxonomy":"mapa","description":"","parent":0,"count":83,"filter":"raw","term_order":"24"},{"term_id":38,"name":"Health and Wellbeing","slug":"health-and-wellbeing","term_group":0,"term_taxonomy_id":38,"taxonomy":"mapa","description":"","parent":0,"count":51,"filter":"raw","term_order":"18"}],"disponibilidad":[{"term_id":205,"name":"Consultar disponibilidad","slug":"consultar","term_group":0,"term_taxonomy_id":205,"taxonomy":"disponibilidad","description":"","parent":0,"count":290,"filter":"raw","term_order":"0"}],"donde":[{"term_id":1780,"name":"Center for Biomedical Technology","slug":"en_center-for-biomedical-technology","term_group":0,"term_taxonomy_id":1780,"taxonomy":"donde","description":"","parent":0,"count":56,"filter":"raw","term_order":"0"},{"term_id":556,"name":"Centro de Tecnolog\u00eda Biom\u00e9dica (CTB)","slug":"centro-de-tecnologia-biomedica-ctb","term_group":0,"term_taxonomy_id":556,"taxonomy":"donde","description":"","parent":0,"count":84,"filter":"raw","term_order":"0"},{"term_id":1700,"name":"Life Support Technologies","slug":"en_life-support-technologies","term_group":0,"term_taxonomy_id":1700,"taxonomy":"donde","description":"Somos uno de los principales grupos europeos de investigaci\u00f3n e innovaci\u00f3n en el sector de la eSalud y la eInclusion social y mantenemos colaboraciones estables con el sector privado y p\u00fablico en diversas \u00e1reas de I+D+i.\r\nTenemos una larga trayectoria en el dise\u00f1o, desarrollo y evaluaci\u00f3n de servicios y aplicaciones basados en las Tecnolog\u00edas de la Informaci\u00f3n y la Comunicaci\u00f3n para la creaci\u00f3n y promoci\u00f3n de nuevas ideas, m\u00e9todos y soluciones tecnol\u00f3gicas en todos los aspectos de la cadena de valor de las organizaciones.\r\n\r\nNuestros principales ejes de investigaci\u00f3n son:\r\n\r\nTIC en sanidad y servicios sociales (e-salud y e-inclusi\u00f3n)\r\nNeurofot\u00f3nica\r\nRedes y Sensores Fot\u00f3nicos","parent":0,"count":16,"filter":"raw","term_order":"0"},{"term_id":476,"name":"Tecnolog\u00edas de Apoyo a la Vida","slug":"tecnologias-de-apoyo-a-la-vida","term_group":0,"term_taxonomy_id":476,"taxonomy":"donde","description":"Somos uno de los principales grupos europeos de investigaci\u00f3n e innovaci\u00f3n en el sector de la eSalud y la eInclusion social y mantenemos colaboraciones estables con el sector privado y p\u00fablico en diversas \u00e1reas de I+D+i.\r\nTenemos una larga trayectoria en el dise\u00f1o, desarrollo y evaluaci\u00f3n de servicios y aplicaciones basados en las Tecnolog\u00edas de la Informaci\u00f3n y la Comunicaci\u00f3n para la creaci\u00f3n y promoci\u00f3n de nuevas ideas, m\u00e9todos y soluciones tecnol\u00f3gicas en todos los aspectos de la cadena de valor de las organizaciones.\r\n\r\nNuestros principales ejes de investigaci\u00f3n son:\r\n\r\nTIC en sanidad y servicios sociales (e-salud y e-inclusi\u00f3n)\r\nNeurofot\u00f3nica\r\nRedes y Sensores Fot\u00f3nicos","parent":0,"count":23,"filter":"raw","term_order":"0"}],"infraestructura":[],"ods":[{"term_id":2273,"name":"Good Health and Well-Being","slug":"good-health-and-well-being","term_group":0,"term_taxonomy_id":2273,"taxonomy":"ods","description":"","parent":0,"count":54,"filter":"raw","term_order":"0"},{"term_id":2245,"name":"Reduced Inequalities","slug":"reduced-inequalities","term_group":0,"term_taxonomy_id":2245,"taxonomy":"ods","description":"","parent":0,"count":17,"filter":"raw","term_order":"0"}],"origen":[{"term_id":192,"name":"Soluciones tecnol\u00f3gicas","slug":"soluciones-tecnologicas","term_group":0,"term_taxonomy_id":192,"taxonomy":"origen","description":"","parent":0,"count":278,"filter":"raw","term_order":"0"}],"familia_tax":false,"quien_tax":false,"donde_tax":false,"year":"2020-01-01","contacto":"ETSI de Telecomunicaci\u00f3n - UPM, Avenida  Complutense, 30, Ciudad Universitaria, 28040, Madrid","telefono":"910671900","pagina_web":"https:\/\/www.etsit.upm.es\/","email":"mottaviano@lst.tfo.upm.es","id_ficha_portal":"59","video":"","adjuntos":false,"adjuntos_portal":"","inf":false,"departamento":"","acf":[],"lang":"en","translation":{"en":11528,"es":11526},"_links":{"self":[{"href":"https:\/\/www.upm.es\/recursosidi\/wp-json\/wp\/v2\/product\/11528"}],"collection":[{"href":"https:\/\/www.upm.es\/recursosidi\/wp-json\/wp\/v2\/product"}],"about":[{"href":"https:\/\/www.upm.es\/recursosidi\/wp-json\/wp\/v2\/types\/product"}],"wp:featuredmedia":[{"embeddable":true,"href":"https:\/\/www.upm.es\/recursosidi\/wp-json\/wp\/v2\/media\/11527"}],"wp:attachment":[{"href":"https:\/\/www.upm.es\/recursosidi\/wp-json\/wp\/v2\/media?parent=11528"}],"wp:term":[{"taxonomy":"product_cat","embeddable":true,"href":"https:\/\/www.upm.es\/recursosidi\/wp-json\/wp\/v2\/product_cat?post=11528"},{"taxonomy":"product_tag","embeddable":true,"href":"https:\/\/www.upm.es\/recursosidi\/wp-json\/wp\/v2\/product_tag?post=11528"},{"taxonomy":"comunidad_upm","embeddable":true,"href":"https:\/\/www.upm.es\/recursosidi\/wp-json\/wp\/v2\/comunidades-upm?post=11528"},{"taxonomy":"quien","embeddable":true,"href":"https:\/\/www.upm.es\/recursosidi\/wp-json\/wp\/v2\/quien?post=11528"},{"taxonomy":"mapa","embeddable":true,"href":"https:\/\/www.upm.es\/recursosidi\/wp-json\/wp\/v2\/mapa?post=11528"},{"taxonomy":"disponibilidad","embeddable":true,"href":"https:\/\/www.upm.es\/recursosidi\/wp-json\/wp\/v2\/disponibilidad?post=11528"},{"taxonomy":"donde","embeddable":true,"href":"https:\/\/www.upm.es\/recursosidi\/wp-json\/wp\/v2\/donde?post=11528"},{"taxonomy":"infraestructura","embeddable":true,"href":"https:\/\/www.upm.es\/recursosidi\/wp-json\/wp\/v2\/infraestructura?post=11528"},{"taxonomy":"ods","embeddable":true,"href":"https:\/\/www.upm.es\/recursosidi\/wp-json\/wp\/v2\/ods?post=11528"},{"taxonomy":"origen","embeddable":true,"href":"https:\/\/www.upm.es\/recursosidi\/wp-json\/wp\/v2\/origen?post=11528"}],"curies":[{"name":"wp","href":"https:\/\/api.w.org\/{rel}","templated":true}]}}